{"id":11703,"date":"2021-11-26T09:00:08","date_gmt":"2021-11-26T09:00:08","guid":{"rendered":"https:\/\/tajkertesz.com\/?post_type=product&#038;p=11703"},"modified":"2025-06-10T08:08:10","modified_gmt":"2025-06-10T08:08:10","slug":"floramite-240-sc-5-ml","status":"publish","type":"product","link":"https:\/\/tajkertesz.com\/en_US\/product\/floramite-240-sc-5-ml\/","title":{"rendered":"Floramite 240 SC 5 ml"},"content":{"rendered":"<h1 class=\"product-detail-name\">Floramite 240 SC 5 ml<\/h1>\n<p class=\"product-detail-name\">Floramite 240 SC 5 ml, H\u00e1zikerti felhaszn\u00e1l\u00e1s: 5 ml\/10 l v\u00edz. A hasznos rovarokat k\u00edm\u00e9l\u0151, atk\u00e1k elleni integr\u00e1lt v\u00e9dekez\u00e9sben alkalmazhat\u00f3 atka\u00f6l\u0151 szere Hat\u00f3anyaga: 240,0 g\/l bifenaz\u00e1t A Floramite\u00ae 240 SC kontakt hat\u00e1sm\u00f3dja egyed\u00fcl\u00e1ll\u00f3 az atka\u00f6l\u0151szerek k\u00f6z\u00f6tt.<\/p>\n<p>Az atk\u00e1k szervezet\u00e9ben az inger\u00fclet \u00e1tvitel\u00e9re hat az idegek \u00e9s az izmok k\u00f6z\u00f6tt, ami idegrendszeri hiperaktivit\u00e1shoz vezet. A kezel\u00e9s ut\u00e1n kb. 3 \u00f3ra eltelt\u00e9vel az atk\u00e1k hiperakt\u00edvv\u00e1 v\u00e1lnak \u00e9s t\u00f6bb\u00e9 nem t\u00e1pl\u00e1lkoznak. Ez\u00e9rt a mozg\u00e1suk fokozatosan lelassul \u00e9s legk\u00e9s\u0151bb 3 &#8211; 4 nap m\u00falva elpusztulnak. A k\u00f6z\u00f6ns\u00e9ges tak\u00e1csatka (Tetranychus urticae) eset\u00e9n a Floramite valamennyi fejl\u0151d\u00e9si \u00e1llapot \u2013 pete, l\u00e1rva, nimfa \u00e9s im\u00e1g\u00f3 \u2013 ellen hat\u00e1sos.<\/p>\n<p>A Floramite a napjainkban biol\u00f3giai v\u00e9dekez\u00e9sre haszn\u00e1lt, valamennyi kipr\u00f3b\u00e1lt term\u00e9szetes ellens\u00e9gre n\u00e9zve biztons\u00e1gos.<\/p>\n<p>A Floramite a haszonn\u00f6v\u00e9nyre teljesen biztons\u00e1gos. A permetl\u00e9 megsz\u00e1rad\u00e1sa ut\u00e1n a szer semmif\u00e9le l\u00e1that\u00f3 marad\u00e9kot nem hagy maga ut\u00e1n a n\u00f6v\u00e9nyen.<\/p>\n<p>Mint minden m\u00e1s rovar\u00f6l\u0151szer eset\u00e9n, a Floramite-tal szemben is a szer helytelen alkalmaz\u00e1sa eset\u00e9n kialakulhat rezisztencia. Ennek elker\u00fcl\u00e9se \u00e9rdek\u00e9ben az al\u00e1bbi rezisztenciakezel\u00e9si m\u00f3dszert aj\u00e1nljuk:<\/p>\n<p>A kijuttat\u00e1sok sz\u00e1ma \u00e9vente ne haladja meg egyszeri alkalmaz\u00e1s eset\u00e9n az egyet, illetve 7 napon bel\u00fcl k\u00e9tszeri kezel\u00e9s eset\u00e9n a kett\u0151t.<br \/>\nRendszeres megfigyel\u00e9st kell v\u00e9gezni \u00e9s az atkafert\u0151z\u00e9s jelentkez\u00e9sekor azonnal alkalmazni kell a Floramite-ot. Nem szabad megv\u00e1rni, hogy nagy popul\u00e1ci\u00f3k alakulhassanak ki.<br \/>\nA Floramite-ot kiz\u00e1r\u00f3lag az aj\u00e1nlott adagban \u00e9s a c\u00edmk\u00e9n olvashat\u00f3 aj\u00e1nl\u00e1soknak megfelel\u0151en szabad kijuttatni.<br \/>\nA vegyszeres kezel\u00e9sek sz\u00e1m\u00e1nak cs\u00f6kkent\u00e9se \u00e9rdek\u00e9ben a Floramite-ot c\u00e9lszer\u0171 ragadoz\u00f3 rovarokkal \u00e9s parazit\u00e1kkal egy\u00fctt alkalmazni.<\/p>\n<p>Felhaszn\u00e1lhat\u00f3:<\/p>\n<p>Hajtatott z\u00f6lds\u00e9g \u00e9s hajtatott d\u00edszn\u00f6v\u00e9ny kult\u00far\u00e1kban a kijuttat\u00e1st az atk\u00e1k t\u00f6meges felszaporod\u00e1s el\u0151tti id\u0151szakban, a l\u00e1rv\u00e1k ellen kell id\u0151z\u00edteni. A k\u00e1rt\u00e9teli k\u00fcsz\u00f6b\u00e9rt\u00e9k (5 mozg\u00f3 egyed\/lev\u00e9l) el\u00e9r\u00e9sekor indokolt a permetez\u00e9s v\u00e9grehajt\u00e1sa. Abban az esetben, ha a permetez\u00e9st\u0151l sz\u00e1m\u00edtott 5. napon a kezel\u00e9s biol\u00f3gia hat\u00e9konys\u00e1g nem \u00e9rte el a 95,0 %-ot, a 7. napon a permetez\u00e9st meg kell ism\u00e9telni.<\/p>\n<p>Munkaeg\u00e9szs\u00e9g\u00fcgyi v\u00e1rakoz\u00e1si id\u0151: 0 nap.<\/p>\n<p>\u00c9lelmez\u00e9s-eg\u00e9szs\u00e9g\u00fcgyi v\u00e1rakoz\u00e1si id\u0151:<\/p>\n<p>hajtatott paprik\u00e1ban, paradicsomban \u00e9s ubork\u00e1ban 1 nap<br \/>\nhajtatott d\u00edszn\u00f6v\u00e9nyekben nem sz\u00fcks\u00e9ges.<\/p>\n<p>Forgalmaz\u00e1si kateg\u00f3ria: III.<\/p>\n<p>Eltarthat\u00f3s\u00e1g: 2 \u00e9v<\/p>\n<div class=\"product-short-description\"><\/div>\n<div>\n<p>&nbsp;<\/p>\n<\/div>\n<p>&nbsp;<\/p>\n<h4 align=\"justify\"><a href=\"https:\/\/www.facebook.com\/tajkertesz\">https:\/\/www.facebook.com\/tajkertesz<\/a><\/h4>\n<p align=\"justify\"><a href=\"http:\/\/www.tajkertesz.hu\">http:\/\/www.tajkertesz.hu<\/a><\/p>\n<p align=\"justify\"><a href=\"https:\/\/tajkertesz.com\/wp-content\/uploads\/2021\/11\/Floramite240SC.pdf\">Floramite240SC<\/a><\/p>\n<h3 align=\"justify\">Kiz\u00e1r\u00f3lag szem\u00e9lyes \u00e1tv\u00e9tellel lehets\u00e9ges a term\u00e9k megv\u00e1s\u00e1rl\u00e1sa!<\/h3>\n<p align=\"justify\"><span style=\"color: #ffffff;\">A k\u00e9sz\u00edtm\u00e9nyt a gyep ny\u00edr\u00e1s\u00e1t k\u00f6vet\u0151en, a k\u00e9tszik\u0171 gyomn\u00f6v\u00e9nyek n\u00f6veked\u00e9s\u00e9nek \u00fajb\u00f3li megindul\u00e1sa ut\u00e1n kell kijuttatni 10 l\/ha (100 ml \/ 100 m2) d\u00f3zisban. A kijuttat\u00e1shoz sz\u00fcks\u00e9ges v\u00edzmennyis\u00e9g 10 l \/ 100 m2. A kezel\u00e9sn\u00e9l \u00fcgyelni kell arra, hogy a permetl\u00e9 kult\u00farn\u00f6v\u00e9nyekre ne ker\u00fclj\u00f6n, mert azokat maradand\u00f3an k\u00e1ros\u00edtja.<\/span><\/p>\n<p align=\"justify\"><span style=\"color: #ffffff;\">A k\u00e9sz\u00edtm\u00e9ny alkalmazhat\u00f3 foltkezel\u00e9s \u00e9s teljes fel\u00fcletkezel\u00e9s form\u00e1j\u00e1ban. Egy veget\u00e1ci\u00f3s szakaszban maximum k\u00e9t kezel\u00e9s v\u00e9gezhet\u0151.<\/span><\/p>\n<div align=\"justify\"><\/div>","protected":false},"excerpt":{"rendered":"<p class=\"product-detail-name\" style=\"text-align: center;\">Floramite 240 SC 5 ml<\/p>\n<div class=\"product-short-description\"><\/div>","protected":false},"featured_media":11704,"template":"","meta":{"_et_pb_use_builder":"","_et_pb_old_content":"","_et_gb_content_width":""},"product_brand":[],"product_cat":[3423],"product_tag":[3409],"class_list":{"0":"post-11703","1":"product","2":"type-product","3":"status-publish","4":"has-post-thumbnail","6":"product_cat-rovarolo-szer","7":"product_tag-floramite-240-sc-5-ml","9":"first","10":"outofstock","11":"shipping-taxable","12":"product-type-simple"},"yoast_head":"<!-- This site is optimized with the Yoast SEO plugin v27.5 - https:\/\/yoast.com\/product\/yoast-seo-wordpress\/ -->\n<title>Floramite 240 SC 5 ml - T\u00e1jkert\u00e9sz<\/title>\n<meta name=\"description\" content=\"Floramite 240 SC 5 ml\" \/>\n<meta name=\"robots\" content=\"index, follow, max-snippet:-1, max-image-preview:large, max-video-preview:-1\" \/>\n<link rel=\"canonical\" href=\"https:\/\/tajkertesz.com\/en_US\/product\/floramite-240-sc-5-ml\/\" \/>\n<meta property=\"og:locale\" content=\"en_US\" \/>\n<meta property=\"og:type\" content=\"article\" \/>\n<meta property=\"og:title\" content=\"Floramite 240 SC 5 ml - T\u00e1jkert\u00e9sz\" \/>\n<meta property=\"og:description\" content=\"Floramite 240 SC 5 ml\" \/>\n<meta property=\"og:url\" content=\"https:\/\/tajkertesz.com\/en_US\/product\/floramite-240-sc-5-ml\/\" \/>\n<meta property=\"og:site_name\" content=\"T\u00e1jkert\u00e9sz\" \/>\n<meta property=\"article:publisher\" content=\"https:\/\/www.facebook.com\/Tajkertesz\/\" \/>\n<meta property=\"article:modified_time\" content=\"2025-06-10T08:08:10+00:00\" \/>\n<meta property=\"og:image\" content=\"https:\/\/tajkertesz.com\/wp-content\/uploads\/2021\/11\/Floramiteamp.jpg\" \/>\n\t<meta property=\"og:image:width\" content=\"1476\" \/>\n\t<meta property=\"og:image:height\" content=\"1920\" \/>\n\t<meta property=\"og:image:type\" content=\"image\/jpeg\" \/>\n<meta name=\"twitter:card\" content=\"summary_large_image\" \/>\n<meta name=\"twitter:label1\" content=\"Est. reading time\" \/>\n\t<meta name=\"twitter:data1\" content=\"3 minutes\" \/>\n<script type=\"application\/ld+json\" class=\"yoast-schema-graph\">{\"@context\":\"https:\\\/\\\/schema.org\",\"@graph\":[{\"@type\":\"WebPage\",\"@id\":\"https:\\\/\\\/tajkertesz.com\\\/termek\\\/floramite-240-sc-5-ml\\\/\",\"url\":\"https:\\\/\\\/tajkertesz.com\\\/termek\\\/floramite-240-sc-5-ml\\\/\",\"name\":\"Floramite 240 SC 5 ml - T\u00e1jkert\u00e9sz\",\"isPartOf\":{\"@id\":\"https:\\\/\\\/tajkertesz.com\\\/#website\"},\"primaryImageOfPage\":{\"@id\":\"https:\\\/\\\/tajkertesz.com\\\/termek\\\/floramite-240-sc-5-ml\\\/#primaryimage\"},\"image\":{\"@id\":\"https:\\\/\\\/tajkertesz.com\\\/termek\\\/floramite-240-sc-5-ml\\\/#primaryimage\"},\"thumbnailUrl\":\"https:\\\/\\\/tajkertesz.com\\\/wp-content\\\/uploads\\\/2021\\\/11\\\/Floramiteamp.jpg\",\"datePublished\":\"2021-11-26T09:00:08+00:00\",\"dateModified\":\"2025-06-10T08:08:10+00:00\",\"description\":\"Floramite 240 SC 5 ml\",\"breadcrumb\":{\"@id\":\"https:\\\/\\\/tajkertesz.com\\\/termek\\\/floramite-240-sc-5-ml\\\/#breadcrumb\"},\"inLanguage\":\"en-US\",\"potentialAction\":[{\"@type\":\"ReadAction\",\"target\":[\"https:\\\/\\\/tajkertesz.com\\\/termek\\\/floramite-240-sc-5-ml\\\/\"]}]},{\"@type\":\"ImageObject\",\"inLanguage\":\"en-US\",\"@id\":\"https:\\\/\\\/tajkertesz.com\\\/termek\\\/floramite-240-sc-5-ml\\\/#primaryimage\",\"url\":\"https:\\\/\\\/tajkertesz.com\\\/wp-content\\\/uploads\\\/2021\\\/11\\\/Floramiteamp.jpg\",\"contentUrl\":\"https:\\\/\\\/tajkertesz.com\\\/wp-content\\\/uploads\\\/2021\\\/11\\\/Floramiteamp.jpg\",\"width\":1476,\"height\":1920},{\"@type\":\"BreadcrumbList\",\"@id\":\"https:\\\/\\\/tajkertesz.com\\\/termek\\\/floramite-240-sc-5-ml\\\/#breadcrumb\",\"itemListElement\":[{\"@type\":\"ListItem\",\"position\":1,\"name\":\"Home\",\"item\":\"https:\\\/\\\/tajkertesz.com\\\/\"},{\"@type\":\"ListItem\",\"position\":2,\"name\":\"Kezd\u0151lap\",\"item\":\"https:\\\/\\\/tajkertesz.com\\\/\"},{\"@type\":\"ListItem\",\"position\":3,\"name\":\"Floramite 240 SC 5 ml\"}]},{\"@type\":\"WebSite\",\"@id\":\"https:\\\/\\\/tajkertesz.com\\\/#website\",\"url\":\"https:\\\/\\\/tajkertesz.com\\\/\",\"name\":\"T\u00e1j-Kert\u00e9sz 84 Kft.\",\"description\":\"Kert\u00e9szeti kis- \u00e9s nagykeresked\u00e9s, D\u00edszn\u00f6v\u00e9ny web\u00e1ruh\u00e1z orsz\u00e1gos h\u00e1zhozsz\u00e1ll\u00edt\u00e1ssal!\",\"publisher\":{\"@id\":\"https:\\\/\\\/tajkertesz.com\\\/#organization\"},\"potentialAction\":[{\"@type\":\"SearchAction\",\"target\":{\"@type\":\"EntryPoint\",\"urlTemplate\":\"https:\\\/\\\/tajkertesz.com\\\/?s={search_term_string}\"},\"query-input\":{\"@type\":\"PropertyValueSpecification\",\"valueRequired\":true,\"valueName\":\"search_term_string\"}}],\"inLanguage\":\"en-US\"},{\"@type\":\"Organization\",\"@id\":\"https:\\\/\\\/tajkertesz.com\\\/#organization\",\"name\":\"T\u00e1j-Kert\u00e9sz 84 Kft.\",\"url\":\"https:\\\/\\\/tajkertesz.com\\\/\",\"logo\":{\"@type\":\"ImageObject\",\"inLanguage\":\"en-US\",\"@id\":\"https:\\\/\\\/tajkertesz.com\\\/#\\\/schema\\\/logo\\\/image\\\/\",\"url\":\"https:\\\/\\\/tajkertesz.com\\\/wp-content\\\/uploads\\\/2018\\\/02\\\/logo-2-e1518678052539.png\",\"contentUrl\":\"https:\\\/\\\/tajkertesz.com\\\/wp-content\\\/uploads\\\/2018\\\/02\\\/logo-2-e1518678052539.png\",\"width\":81,\"height\":140,\"caption\":\"T\u00e1j-Kert\u00e9sz 84 Kft.\"},\"image\":{\"@id\":\"https:\\\/\\\/tajkertesz.com\\\/#\\\/schema\\\/logo\\\/image\\\/\"},\"sameAs\":[\"https:\\\/\\\/www.facebook.com\\\/Tajkertesz\\\/\"]}]}<\/script>\n<!-- \/ Yoast SEO plugin. -->","yoast_head_json":{"title":"Floramite 240 SC 5 ml - T\u00e1jkert\u00e9sz","description":"Floramite 240 SC 5 ml","robots":{"index":"index","follow":"follow","max-snippet":"max-snippet:-1","max-image-preview":"max-image-preview:large","max-video-preview":"max-video-preview:-1"},"canonical":"https:\/\/tajkertesz.com\/en_US\/product\/floramite-240-sc-5-ml\/","og_locale":"en_US","og_type":"article","og_title":"Floramite 240 SC 5 ml - T\u00e1jkert\u00e9sz","og_description":"Floramite 240 SC 5 ml","og_url":"https:\/\/tajkertesz.com\/en_US\/product\/floramite-240-sc-5-ml\/","og_site_name":"T\u00e1jkert\u00e9sz","article_publisher":"https:\/\/www.facebook.com\/Tajkertesz\/","article_modified_time":"2025-06-10T08:08:10+00:00","og_image":[{"width":1476,"height":1920,"url":"https:\/\/tajkertesz.com\/wp-content\/uploads\/2021\/11\/Floramiteamp.jpg","type":"image\/jpeg"}],"twitter_card":"summary_large_image","twitter_misc":{"Est. reading time":"3 minutes"},"schema":{"@context":"https:\/\/schema.org","@graph":[{"@type":"WebPage","@id":"https:\/\/tajkertesz.com\/termek\/floramite-240-sc-5-ml\/","url":"https:\/\/tajkertesz.com\/termek\/floramite-240-sc-5-ml\/","name":"Floramite 240 SC 5 ml - T\u00e1jkert\u00e9sz","isPartOf":{"@id":"https:\/\/tajkertesz.com\/#website"},"primaryImageOfPage":{"@id":"https:\/\/tajkertesz.com\/termek\/floramite-240-sc-5-ml\/#primaryimage"},"image":{"@id":"https:\/\/tajkertesz.com\/termek\/floramite-240-sc-5-ml\/#primaryimage"},"thumbnailUrl":"https:\/\/tajkertesz.com\/wp-content\/uploads\/2021\/11\/Floramiteamp.jpg","datePublished":"2021-11-26T09:00:08+00:00","dateModified":"2025-06-10T08:08:10+00:00","description":"Floramite 240 SC 5 ml","breadcrumb":{"@id":"https:\/\/tajkertesz.com\/termek\/floramite-240-sc-5-ml\/#breadcrumb"},"inLanguage":"en-US","potentialAction":[{"@type":"ReadAction","target":["https:\/\/tajkertesz.com\/termek\/floramite-240-sc-5-ml\/"]}]},{"@type":"ImageObject","inLanguage":"en-US","@id":"https:\/\/tajkertesz.com\/termek\/floramite-240-sc-5-ml\/#primaryimage","url":"https:\/\/tajkertesz.com\/wp-content\/uploads\/2021\/11\/Floramiteamp.jpg","contentUrl":"https:\/\/tajkertesz.com\/wp-content\/uploads\/2021\/11\/Floramiteamp.jpg","width":1476,"height":1920},{"@type":"BreadcrumbList","@id":"https:\/\/tajkertesz.com\/termek\/floramite-240-sc-5-ml\/#breadcrumb","itemListElement":[{"@type":"ListItem","position":1,"name":"Home","item":"https:\/\/tajkertesz.com\/"},{"@type":"ListItem","position":2,"name":"Kezd\u0151lap","item":"https:\/\/tajkertesz.com\/"},{"@type":"ListItem","position":3,"name":"Floramite 240 SC 5 ml"}]},{"@type":"WebSite","@id":"https:\/\/tajkertesz.com\/#website","url":"https:\/\/tajkertesz.com\/","name":"T\u00e1j-Kert\u00e9sz 84 Kft.","description":"Kert\u00e9szeti kis- \u00e9s nagykeresked\u00e9s, D\u00edszn\u00f6v\u00e9ny web\u00e1ruh\u00e1z orsz\u00e1gos h\u00e1zhozsz\u00e1ll\u00edt\u00e1ssal!","publisher":{"@id":"https:\/\/tajkertesz.com\/#organization"},"potentialAction":[{"@type":"SearchAction","target":{"@type":"EntryPoint","urlTemplate":"https:\/\/tajkertesz.com\/?s={search_term_string}"},"query-input":{"@type":"PropertyValueSpecification","valueRequired":true,"valueName":"search_term_string"}}],"inLanguage":"en-US"},{"@type":"Organization","@id":"https:\/\/tajkertesz.com\/#organization","name":"T\u00e1j-Kert\u00e9sz 84 Kft.","url":"https:\/\/tajkertesz.com\/","logo":{"@type":"ImageObject","inLanguage":"en-US","@id":"https:\/\/tajkertesz.com\/#\/schema\/logo\/image\/","url":"https:\/\/tajkertesz.com\/wp-content\/uploads\/2018\/02\/logo-2-e1518678052539.png","contentUrl":"https:\/\/tajkertesz.com\/wp-content\/uploads\/2018\/02\/logo-2-e1518678052539.png","width":81,"height":140,"caption":"T\u00e1j-Kert\u00e9sz 84 Kft."},"image":{"@id":"https:\/\/tajkertesz.com\/#\/schema\/logo\/image\/"},"sameAs":["https:\/\/www.facebook.com\/Tajkertesz\/"]}]}},"_links":{"self":[{"href":"https:\/\/tajkertesz.com\/en_US\/wp-json\/wp\/v2\/product\/11703","targetHints":{"allow":["GET"]}}],"collection":[{"href":"https:\/\/tajkertesz.com\/en_US\/wp-json\/wp\/v2\/product"}],"about":[{"href":"https:\/\/tajkertesz.com\/en_US\/wp-json\/wp\/v2\/types\/product"}],"wp:featuredmedia":[{"embeddable":true,"href":"https:\/\/tajkertesz.com\/en_US\/wp-json\/wp\/v2\/media\/11704"}],"wp:attachment":[{"href":"https:\/\/tajkertesz.com\/en_US\/wp-json\/wp\/v2\/media?parent=11703"}],"wp:term":[{"taxonomy":"product_brand","embeddable":true,"href":"https:\/\/tajkertesz.com\/en_US\/wp-json\/wp\/v2\/product_brand?post=11703"},{"taxonomy":"product_cat","embeddable":true,"href":"https:\/\/tajkertesz.com\/en_US\/wp-json\/wp\/v2\/product_cat?post=11703"},{"taxonomy":"product_tag","embeddable":true,"href":"https:\/\/tajkertesz.com\/en_US\/wp-json\/wp\/v2\/product_tag?post=11703"}],"curies":[{"name":"wp","href":"https:\/\/api.w.org\/{rel}","templated":true}]}}