{"id":11715,"date":"2021-11-26T09:17:12","date_gmt":"2021-11-26T09:17:12","guid":{"rendered":"https:\/\/tajkertesz.com\/?post_type=product&#038;p=11715"},"modified":"2026-02-18T15:38:14","modified_gmt":"2026-02-18T15:38:14","slug":"lamdex-extra-5g-kontakt-hatasu-rovarolo-szer","status":"publish","type":"product","link":"https:\/\/tajkertesz.com\/en_US\/product\/lamdex-extra-5g-kontakt-hatasu-rovarolo-szer\/","title":{"rendered":"Lamdex Extra 5g Kontakt Hat\u00e1s\u00fa Rovar\u00f6l\u0151 Szer"},"content":{"rendered":"<h1 class=\"product-detail-name\">Lamdex Extra 5g Kontakt Hat\u00e1s\u00fa Rovar\u00f6l\u0151 Szer<\/h1>\n<p class=\"product-detail-name\">Lamdex Extra 5g Kontakt Hat\u00e1s\u00fa Rovar\u00f6l\u0151 Szer,<\/p>\n<p><u><strong>Rova\u00f6l\u0151 szer.<\/strong><\/u>\u00a0\u00a0V\u00edzben oldhat\u00f3 granul\u00e1tum\u00a0(WG) Azonos a kor\u00e1bbi Karate 2,5 WG-vel<\/p>\n<p><u><strong>Hat\u00f3anyaga:<\/strong><\/u>\u00a0lambda-cihalotrin 25g\/kg 2,5% (m\/m)<\/p>\n<p><span style=\"text-decoration: underline;\"><strong>Adagol\u00e1s h\u00e1zikertekbe:<\/strong><\/span><\/p>\n<p>5g szer (1 tasak) \u00a010l permetl\u00e9hez.<br \/>\nK\u00e1posztaf\u00e9l\u00e9khez tapad\u00e1sokoz\u00f3 szer (Nonit, Kerat\u00edv) hozz\u00e1ad\u00e1s\u00e1t javasoljuk a hat\u00e1s fokoz\u00e1sa \u00e9rdek\u00e9ben.<\/p>\n<p><u><strong>Felhaszn\u00e1l\u00e1sa:\u00a0<\/strong><\/u><br \/>\n<strong>almaterm\u00e9s\u0171ek (alma, k\u00f6rte, birs, naspolya):<\/strong>\u00a0almamoly, lev\u00e9ltetvek, sodr\u00f3molyok, akn\u00e1z\u00f3molyok<br \/>\n<strong>csonth\u00e9jasok (\u0151szibarack, kajszi, szilva, csersznye, meeggy):<\/strong>\u00a0cseresznyel\u00e9gy, gy\u00fcm\u00f6lcsmolyok, lev\u00e9ltetvek<br \/>\n<strong>sz\u0151l\u0151:<\/strong>\u00a0sz\u0151l\u0151molyok<br \/>\n<strong>fekete bodza:<\/strong>\u00a0lev\u00e9ltetvek, amerikai feh\u00e9r sz\u00f6v\u0151lepke<br \/>\n<strong>burgonya:<\/strong>\u00a0lev\u00e9ltetvek<br \/>\n<strong>paradicsom, paprika:<\/strong>\u00a0lev\u00e9ltetvek, bagolylepk\u00e9k herny\u00f3i<br \/>\n<strong>uborka:<\/strong>\u00a0lev\u00e9ltetvek, bagolylepk\u00e9k herny\u00f3i<br \/>\n<strong>k\u00e1posztaf\u00e9l\u00e9k\u00a0<\/strong>(fejes k\u00e1poszta, karfiol, bimb\u00f3s kel, kelk\u00e1poszta):\u00a0ev\u00e9ltetvek, bagolylepk\u00e9k herny\u00f3i,\u00a0k\u00e1posztapoloska<br \/>\n<strong>cukorr\u00e9pa<\/strong>:\u00a0lev\u00e9ltetvek, bagolylepk\u00e9k herny\u00f3i, r\u00e9pabolha, lisztes r\u00e9pabark\u00f3<br \/>\n<strong>lucerna:\u00a0<\/strong>lomb- \u00e9s magk\u00e1rtev\u0151k<br \/>\n<strong>k\u00e1posztarepce, feh\u00e9r must\u00e1r:<\/strong>\u00a0repceb\u0151-orm\u00e1nyos, repcef\u00e9nybog\u00e1r, lev\u00e9ltetvek, repcesz\u00e1r-orm\u00e1nyos, repcebolha, repcedar\u00e1zs<br \/>\n<strong>kal\u00e1szosok:<\/strong>\u00a0lev\u00e9ltetvek, vet\u00e9sfeh\u00e9r\u00edt\u0151 bogarak, gabonapoloska<br \/>\n<strong>kukorica:<\/strong>\u00a0kukoricamoly, kukoricabog\u00e1r, bagolyepk\u00e9k herny\u00f3i<br \/>\n<strong>napraforg\u00f3:<\/strong>\u00a0lev\u00e9ltetvek, polosk\u00e1k,bagolylepk\u00e9k l\u00e1rv\u00e1i<\/p>\n<p><u><strong>Munkaeg\u00e9szs\u00e9g\u00fcgyi v\u00e1rakoz\u00e1si id\u0151:<\/strong><\/u>\u00a00 nap<\/p>\n<p><u><strong>\u00c9lelmez\u00e9seg\u00e9szs\u00e9g\u00fcgyi v\u00e1rakoz\u00e1si id\u0151:<\/strong><\/u><br \/>\nalmaterm\u00e9s\u0171ek:, csonth\u00e9jasok, sz\u0151l\u0151, paradicsom, uborka, k\u00e1posztaf\u00e9l\u00e9k, csemegekukorica: 3nap<br \/>\npaprika: 5nap,<br \/>\nburgonya, feketebodza, takarm\u00e1nykukorica, cukorr\u00e9pa: 14nap<br \/>\nrepce, must\u00e1r, kal\u00e1szosok, napraforg\u00f3, lucerna: 28nap.<\/p>\n<p><u><strong>Forgalmi kateg\u00f3ria:<\/strong><\/u>\u00a0III. (szabadforgalm\u00fa)<\/p>\n<p><strong>M\u00e9hekre<\/strong>\u00a0<strong>m\u00e9rs\u00e9kelten vesz\u00e9lyes<\/strong>, ez\u00e9rt vir\u00e1gz\u00f3 kult\u00far\u00e1kban, m\u00e9hek, m\u00e9zharmat,vagy vir\u00e1gz\u00f3 gyomn\u00f6v\u00e9nyek k\u00f6zel\u00e9bena szert m\u00e9hk\u00ed\u00e9l\u0151 technol\u00f3gi\u00e1val juttassa ki!<br \/>\n<u>Mi a m\u00e9hk\u00edm\u00e9l\u0151 technol\u00f3gia?\u00a0<\/u>\u00a0A m\u00e9hk\u00edm\u00e9l\u0151 technol\u00f3gia azt jelenti, hogy a kezel\u00e9st a m\u00e9hek pihen\u0151idej\u00e9ben v\u00e9gezz\u00fck. Vagyis naplemente el\u0151tt egy \u00f3r\u00e1t\u00f3l \u00e9jjel 23 \u00f3r\u00e1ig. Vagyis a\u00a0kezel\u00e9st legkor\u00e1bban neplemente el\u0151tt egy \u00f3r\u00e1val lehet megezdeni, \u00e9s este 23 \u00f3r\u00e1ig mindenk\u00e9ppen be kell fejezni!<\/p>\n<p><strong>V\u00edzi szervezetekre kimondottan vesz\u00e9lyes!\u00a0<\/strong><\/p>\n<p>&nbsp;<\/p>\n<div align=\"justify\">\n<p>&nbsp;<\/p>\n<\/div>\n<p align=\"justify\"><a href=\"https:\/\/www.facebook.com\/tajkertesz\">https:\/\/www.facebook.com\/tajkertesz<\/a><\/p>\n<p align=\"justify\"><a href=\"http:\/\/www.tajkertesz.hu\">http:\/\/www.tajkertesz.hu<\/a><\/p>\n<p align=\"justify\"><a href=\"https:\/\/tajkertesz.com\/wp-content\/uploads\/2021\/11\/LAMDEX-EXTRA.pdf\">LAMDEX EXTRA<\/a><\/p>\n<h3 align=\"justify\">Kiz\u00e1r\u00f3lag szem\u00e9lyes \u00e1tv\u00e9tellel lehets\u00e9ges a term\u00e9k megv\u00e1s\u00e1rl\u00e1sa!<\/h3>\n<p align=\"justify\"><span style=\"color: #ffffff;\">A k\u00e9sz\u00edtm\u00e9nyt a gyep ny\u00edr\u00e1s\u00e1t k\u00f6vet\u0151en, a k\u00e9tszik\u0171 gyomn\u00f6v\u00e9nyek n\u00f6veked\u00e9s\u00e9nek \u00fajb\u00f3li megindul\u00e1sa ut\u00e1n kell kijuttatni 10 l\/ha (100 ml \/ 100 m2) d\u00f3zisban. A kijuttat\u00e1shoz sz\u00fcks\u00e9ges v\u00edzmennyis\u00e9g 10 l \/ 100 m2. A kezel\u00e9sn\u00e9l \u00fcgyelni kell arra, hogy a permetl\u00e9 kult\u00farn\u00f6v\u00e9nyekre ne ker\u00fclj\u00f6n, mert azokat maradand\u00f3an k\u00e1ros\u00edtja.<\/span><\/p>\n<p align=\"justify\"><span style=\"color: #ffffff;\">A k\u00e9sz\u00edtm\u00e9ny alkalmazhat\u00f3 foltkezel\u00e9s \u00e9s teljes fel\u00fcletkezel\u00e9s form\u00e1j\u00e1ban. Egy veget\u00e1ci\u00f3s szakaszban maximum k\u00e9t kezel\u00e9s v\u00e9gezhet\u0151.<\/span><\/p>\n<div align=\"justify\"><\/div>","protected":false},"excerpt":{"rendered":"<p class=\"product-detail-name\" style=\"text-align: center;\">Lamdex Extra 5g Kontakt Hat\u00e1s\u00fa Rovar\u00f6l\u0151 Szer<\/p>","protected":false},"featured_media":11716,"template":"","meta":{"_et_pb_use_builder":"","_et_pb_old_content":"","_et_gb_content_width":""},"product_brand":[],"product_cat":[3423],"product_tag":[3413],"class_list":{"0":"post-11715","1":"product","2":"type-product","3":"status-publish","4":"has-post-thumbnail","6":"product_cat-rovarolo-szer","7":"product_tag-lamdex-extra-5g-kontakt-hatasu-rovarolo-szer","9":"first","10":"instock","11":"shipping-taxable","12":"purchasable","13":"product-type-simple"},"yoast_head":"<!-- This site is optimized with the Yoast SEO plugin v27.4 - https:\/\/yoast.com\/product\/yoast-seo-wordpress\/ -->\n<title>Lamdex Extra 5g Kontakt Hat\u00e1s\u00fa Rovar\u00f6l\u0151 Szer - T\u00e1jkert\u00e9sz<\/title>\n<meta name=\"description\" content=\"Lamdex Extra 5g Kontakt Hat\u00e1s\u00fa Rovar\u00f6l\u0151 Szer\" \/>\n<meta name=\"robots\" content=\"index, follow, max-snippet:-1, max-image-preview:large, max-video-preview:-1\" \/>\n<link rel=\"canonical\" href=\"https:\/\/tajkertesz.com\/en_US\/product\/lamdex-extra-5g-kontakt-hatasu-rovarolo-szer\/\" \/>\n<meta property=\"og:locale\" content=\"en_US\" \/>\n<meta property=\"og:type\" content=\"article\" \/>\n<meta property=\"og:title\" content=\"Lamdex Extra 5g Kontakt Hat\u00e1s\u00fa Rovar\u00f6l\u0151 Szer - T\u00e1jkert\u00e9sz\" \/>\n<meta property=\"og:description\" content=\"Lamdex Extra 5g Kontakt Hat\u00e1s\u00fa Rovar\u00f6l\u0151 Szer\" \/>\n<meta property=\"og:url\" content=\"https:\/\/tajkertesz.com\/en_US\/product\/lamdex-extra-5g-kontakt-hatasu-rovarolo-szer\/\" \/>\n<meta property=\"og:site_name\" content=\"T\u00e1jkert\u00e9sz\" \/>\n<meta property=\"article:publisher\" content=\"https:\/\/www.facebook.com\/Tajkertesz\/\" \/>\n<meta property=\"article:modified_time\" content=\"2026-02-18T15:38:14+00:00\" \/>\n<meta property=\"og:image\" content=\"https:\/\/tajkertesz.com\/wp-content\/uploads\/2021\/11\/Lamdex-Extra.png\" \/>\n\t<meta property=\"og:image:width\" content=\"900\" \/>\n\t<meta property=\"og:image:height\" content=\"500\" \/>\n\t<meta property=\"og:image:type\" content=\"image\/png\" \/>\n<meta name=\"twitter:card\" content=\"summary_large_image\" \/>\n<meta name=\"twitter:label1\" content=\"Est. reading time\" \/>\n\t<meta name=\"twitter:data1\" content=\"2 minutes\" \/>\n<script type=\"application\/ld+json\" class=\"yoast-schema-graph\">{\"@context\":\"https:\\\/\\\/schema.org\",\"@graph\":[{\"@type\":\"WebPage\",\"@id\":\"https:\\\/\\\/tajkertesz.com\\\/termek\\\/lamdex-extra-5g-kontakt-hatasu-rovarolo-szer\\\/\",\"url\":\"https:\\\/\\\/tajkertesz.com\\\/termek\\\/lamdex-extra-5g-kontakt-hatasu-rovarolo-szer\\\/\",\"name\":\"Lamdex Extra 5g Kontakt Hat\u00e1s\u00fa Rovar\u00f6l\u0151 Szer - T\u00e1jkert\u00e9sz\",\"isPartOf\":{\"@id\":\"https:\\\/\\\/tajkertesz.com\\\/#website\"},\"primaryImageOfPage\":{\"@id\":\"https:\\\/\\\/tajkertesz.com\\\/termek\\\/lamdex-extra-5g-kontakt-hatasu-rovarolo-szer\\\/#primaryimage\"},\"image\":{\"@id\":\"https:\\\/\\\/tajkertesz.com\\\/termek\\\/lamdex-extra-5g-kontakt-hatasu-rovarolo-szer\\\/#primaryimage\"},\"thumbnailUrl\":\"https:\\\/\\\/tajkertesz.com\\\/wp-content\\\/uploads\\\/2021\\\/11\\\/Lamdex-Extra.png\",\"datePublished\":\"2021-11-26T09:17:12+00:00\",\"dateModified\":\"2026-02-18T15:38:14+00:00\",\"description\":\"Lamdex Extra 5g Kontakt Hat\u00e1s\u00fa Rovar\u00f6l\u0151 Szer\",\"breadcrumb\":{\"@id\":\"https:\\\/\\\/tajkertesz.com\\\/termek\\\/lamdex-extra-5g-kontakt-hatasu-rovarolo-szer\\\/#breadcrumb\"},\"inLanguage\":\"en-US\",\"potentialAction\":[{\"@type\":\"ReadAction\",\"target\":[\"https:\\\/\\\/tajkertesz.com\\\/termek\\\/lamdex-extra-5g-kontakt-hatasu-rovarolo-szer\\\/\"]}]},{\"@type\":\"ImageObject\",\"inLanguage\":\"en-US\",\"@id\":\"https:\\\/\\\/tajkertesz.com\\\/termek\\\/lamdex-extra-5g-kontakt-hatasu-rovarolo-szer\\\/#primaryimage\",\"url\":\"https:\\\/\\\/tajkertesz.com\\\/wp-content\\\/uploads\\\/2021\\\/11\\\/Lamdex-Extra.png\",\"contentUrl\":\"https:\\\/\\\/tajkertesz.com\\\/wp-content\\\/uploads\\\/2021\\\/11\\\/Lamdex-Extra.png\",\"width\":900,\"height\":500},{\"@type\":\"BreadcrumbList\",\"@id\":\"https:\\\/\\\/tajkertesz.com\\\/termek\\\/lamdex-extra-5g-kontakt-hatasu-rovarolo-szer\\\/#breadcrumb\",\"itemListElement\":[{\"@type\":\"ListItem\",\"position\":1,\"name\":\"Home\",\"item\":\"https:\\\/\\\/tajkertesz.com\\\/\"},{\"@type\":\"ListItem\",\"position\":2,\"name\":\"Kezd\u0151lap\",\"item\":\"https:\\\/\\\/tajkertesz.com\\\/\"},{\"@type\":\"ListItem\",\"position\":3,\"name\":\"Lamdex Extra 5g Kontakt Hat\u00e1s\u00fa Rovar\u00f6l\u0151 Szer\"}]},{\"@type\":\"WebSite\",\"@id\":\"https:\\\/\\\/tajkertesz.com\\\/#website\",\"url\":\"https:\\\/\\\/tajkertesz.com\\\/\",\"name\":\"T\u00e1j-Kert\u00e9sz 84 Kft.\",\"description\":\"Kert\u00e9szeti kis- \u00e9s nagykeresked\u00e9s, D\u00edszn\u00f6v\u00e9ny web\u00e1ruh\u00e1z orsz\u00e1gos h\u00e1zhozsz\u00e1ll\u00edt\u00e1ssal!\",\"publisher\":{\"@id\":\"https:\\\/\\\/tajkertesz.com\\\/#organization\"},\"potentialAction\":[{\"@type\":\"SearchAction\",\"target\":{\"@type\":\"EntryPoint\",\"urlTemplate\":\"https:\\\/\\\/tajkertesz.com\\\/?s={search_term_string}\"},\"query-input\":{\"@type\":\"PropertyValueSpecification\",\"valueRequired\":true,\"valueName\":\"search_term_string\"}}],\"inLanguage\":\"en-US\"},{\"@type\":\"Organization\",\"@id\":\"https:\\\/\\\/tajkertesz.com\\\/#organization\",\"name\":\"T\u00e1j-Kert\u00e9sz 84 Kft.\",\"url\":\"https:\\\/\\\/tajkertesz.com\\\/\",\"logo\":{\"@type\":\"ImageObject\",\"inLanguage\":\"en-US\",\"@id\":\"https:\\\/\\\/tajkertesz.com\\\/#\\\/schema\\\/logo\\\/image\\\/\",\"url\":\"https:\\\/\\\/tajkertesz.com\\\/wp-content\\\/uploads\\\/2018\\\/02\\\/logo-2-e1518678052539.png\",\"contentUrl\":\"https:\\\/\\\/tajkertesz.com\\\/wp-content\\\/uploads\\\/2018\\\/02\\\/logo-2-e1518678052539.png\",\"width\":81,\"height\":140,\"caption\":\"T\u00e1j-Kert\u00e9sz 84 Kft.\"},\"image\":{\"@id\":\"https:\\\/\\\/tajkertesz.com\\\/#\\\/schema\\\/logo\\\/image\\\/\"},\"sameAs\":[\"https:\\\/\\\/www.facebook.com\\\/Tajkertesz\\\/\"]}]}<\/script>\n<!-- \/ Yoast SEO plugin. -->","yoast_head_json":{"title":"Lamdex Extra 5g Kontakt Hat\u00e1s\u00fa Rovar\u00f6l\u0151 Szer - T\u00e1jkert\u00e9sz","description":"Lamdex Extra 5g Kontakt Hat\u00e1s\u00fa Rovar\u00f6l\u0151 Szer","robots":{"index":"index","follow":"follow","max-snippet":"max-snippet:-1","max-image-preview":"max-image-preview:large","max-video-preview":"max-video-preview:-1"},"canonical":"https:\/\/tajkertesz.com\/en_US\/product\/lamdex-extra-5g-kontakt-hatasu-rovarolo-szer\/","og_locale":"en_US","og_type":"article","og_title":"Lamdex Extra 5g Kontakt Hat\u00e1s\u00fa Rovar\u00f6l\u0151 Szer - T\u00e1jkert\u00e9sz","og_description":"Lamdex Extra 5g Kontakt Hat\u00e1s\u00fa Rovar\u00f6l\u0151 Szer","og_url":"https:\/\/tajkertesz.com\/en_US\/product\/lamdex-extra-5g-kontakt-hatasu-rovarolo-szer\/","og_site_name":"T\u00e1jkert\u00e9sz","article_publisher":"https:\/\/www.facebook.com\/Tajkertesz\/","article_modified_time":"2026-02-18T15:38:14+00:00","og_image":[{"width":900,"height":500,"url":"https:\/\/tajkertesz.com\/wp-content\/uploads\/2021\/11\/Lamdex-Extra.png","type":"image\/png"}],"twitter_card":"summary_large_image","twitter_misc":{"Est. reading time":"2 minutes"},"schema":{"@context":"https:\/\/schema.org","@graph":[{"@type":"WebPage","@id":"https:\/\/tajkertesz.com\/termek\/lamdex-extra-5g-kontakt-hatasu-rovarolo-szer\/","url":"https:\/\/tajkertesz.com\/termek\/lamdex-extra-5g-kontakt-hatasu-rovarolo-szer\/","name":"Lamdex Extra 5g Kontakt Hat\u00e1s\u00fa Rovar\u00f6l\u0151 Szer - T\u00e1jkert\u00e9sz","isPartOf":{"@id":"https:\/\/tajkertesz.com\/#website"},"primaryImageOfPage":{"@id":"https:\/\/tajkertesz.com\/termek\/lamdex-extra-5g-kontakt-hatasu-rovarolo-szer\/#primaryimage"},"image":{"@id":"https:\/\/tajkertesz.com\/termek\/lamdex-extra-5g-kontakt-hatasu-rovarolo-szer\/#primaryimage"},"thumbnailUrl":"https:\/\/tajkertesz.com\/wp-content\/uploads\/2021\/11\/Lamdex-Extra.png","datePublished":"2021-11-26T09:17:12+00:00","dateModified":"2026-02-18T15:38:14+00:00","description":"Lamdex Extra 5g Kontakt Hat\u00e1s\u00fa Rovar\u00f6l\u0151 Szer","breadcrumb":{"@id":"https:\/\/tajkertesz.com\/termek\/lamdex-extra-5g-kontakt-hatasu-rovarolo-szer\/#breadcrumb"},"inLanguage":"en-US","potentialAction":[{"@type":"ReadAction","target":["https:\/\/tajkertesz.com\/termek\/lamdex-extra-5g-kontakt-hatasu-rovarolo-szer\/"]}]},{"@type":"ImageObject","inLanguage":"en-US","@id":"https:\/\/tajkertesz.com\/termek\/lamdex-extra-5g-kontakt-hatasu-rovarolo-szer\/#primaryimage","url":"https:\/\/tajkertesz.com\/wp-content\/uploads\/2021\/11\/Lamdex-Extra.png","contentUrl":"https:\/\/tajkertesz.com\/wp-content\/uploads\/2021\/11\/Lamdex-Extra.png","width":900,"height":500},{"@type":"BreadcrumbList","@id":"https:\/\/tajkertesz.com\/termek\/lamdex-extra-5g-kontakt-hatasu-rovarolo-szer\/#breadcrumb","itemListElement":[{"@type":"ListItem","position":1,"name":"Home","item":"https:\/\/tajkertesz.com\/"},{"@type":"ListItem","position":2,"name":"Kezd\u0151lap","item":"https:\/\/tajkertesz.com\/"},{"@type":"ListItem","position":3,"name":"Lamdex Extra 5g Kontakt Hat\u00e1s\u00fa Rovar\u00f6l\u0151 Szer"}]},{"@type":"WebSite","@id":"https:\/\/tajkertesz.com\/#website","url":"https:\/\/tajkertesz.com\/","name":"T\u00e1j-Kert\u00e9sz 84 Kft.","description":"Kert\u00e9szeti kis- \u00e9s nagykeresked\u00e9s, D\u00edszn\u00f6v\u00e9ny web\u00e1ruh\u00e1z orsz\u00e1gos h\u00e1zhozsz\u00e1ll\u00edt\u00e1ssal!","publisher":{"@id":"https:\/\/tajkertesz.com\/#organization"},"potentialAction":[{"@type":"SearchAction","target":{"@type":"EntryPoint","urlTemplate":"https:\/\/tajkertesz.com\/?s={search_term_string}"},"query-input":{"@type":"PropertyValueSpecification","valueRequired":true,"valueName":"search_term_string"}}],"inLanguage":"en-US"},{"@type":"Organization","@id":"https:\/\/tajkertesz.com\/#organization","name":"T\u00e1j-Kert\u00e9sz 84 Kft.","url":"https:\/\/tajkertesz.com\/","logo":{"@type":"ImageObject","inLanguage":"en-US","@id":"https:\/\/tajkertesz.com\/#\/schema\/logo\/image\/","url":"https:\/\/tajkertesz.com\/wp-content\/uploads\/2018\/02\/logo-2-e1518678052539.png","contentUrl":"https:\/\/tajkertesz.com\/wp-content\/uploads\/2018\/02\/logo-2-e1518678052539.png","width":81,"height":140,"caption":"T\u00e1j-Kert\u00e9sz 84 Kft."},"image":{"@id":"https:\/\/tajkertesz.com\/#\/schema\/logo\/image\/"},"sameAs":["https:\/\/www.facebook.com\/Tajkertesz\/"]}]}},"_links":{"self":[{"href":"https:\/\/tajkertesz.com\/en_US\/wp-json\/wp\/v2\/product\/11715","targetHints":{"allow":["GET"]}}],"collection":[{"href":"https:\/\/tajkertesz.com\/en_US\/wp-json\/wp\/v2\/product"}],"about":[{"href":"https:\/\/tajkertesz.com\/en_US\/wp-json\/wp\/v2\/types\/product"}],"wp:featuredmedia":[{"embeddable":true,"href":"https:\/\/tajkertesz.com\/en_US\/wp-json\/wp\/v2\/media\/11716"}],"wp:attachment":[{"href":"https:\/\/tajkertesz.com\/en_US\/wp-json\/wp\/v2\/media?parent=11715"}],"wp:term":[{"taxonomy":"product_brand","embeddable":true,"href":"https:\/\/tajkertesz.com\/en_US\/wp-json\/wp\/v2\/product_brand?post=11715"},{"taxonomy":"product_cat","embeddable":true,"href":"https:\/\/tajkertesz.com\/en_US\/wp-json\/wp\/v2\/product_cat?post=11715"},{"taxonomy":"product_tag","embeddable":true,"href":"https:\/\/tajkertesz.com\/en_US\/wp-json\/wp\/v2\/product_tag?post=11715"}],"curies":[{"name":"wp","href":"https:\/\/api.w.org\/{rel}","templated":true}]}}