{"id":11718,"date":"2021-11-26T09:19:52","date_gmt":"2021-11-26T09:19:52","guid":{"rendered":"https:\/\/tajkertesz.com\/?post_type=product&#038;p=11718"},"modified":"2026-02-18T15:38:07","modified_gmt":"2026-02-18T15:38:07","slug":"mospilan-20-sg-4-g","status":"publish","type":"product","link":"https:\/\/tajkertesz.com\/en_US\/product\/mospilan-20-sg-4-g\/","title":{"rendered":"Mospilan 20 SG 4 g"},"content":{"rendered":"<h1 class=\"product-detail-name\">Mospilan 20 SG 4 g<\/h1>\n<p class=\"product-detail-name\">Mospilan 20 SG 4 g<\/p>\n<h5>Rendk\u00edv\u00fcl sz\u00e9les hat\u00e1spektrum\u00fa, sz\u00e1mos kult\u00far\u00e1ban enged\u00e9lyezett felsz\u00edv\u00f3d\u00f3 rovar\u00f6l\u0151 permetez\u0151 szer.<\/h5>\n<p>H\u00e1zikerti felhaszn\u00e1l\u00e1s: 4 g\/10 l v\u00edz.<\/p>\n<h2>PARAM\u00c9TEREI<\/h2>\n<p style=\"font-weight: 400;\"><b><em>Formul\u00e1ci\u00f3<\/em><\/b>: V\u00edzoldhat\u00f3 granul\u00e1tum (SG)<\/p>\n<p style=\"font-weight: 400;\"><b><em>Hat\u00f3anyag<\/em><\/b>: 200 g\/kg acatemiprid<\/p>\n<p style=\"font-weight: 400;\"><b><em>Kiszerel\u00e9s<\/em><\/b>: 4g.<\/p>\n<p style=\"font-weight: 400;\"><b><em>Eltarthat\u00f3s\u00e1g<\/em><\/b>: 3 \u00e9v<\/p>\n<p style=\"font-weight: 400;\"><b><em>Forgalmaz\u00e1si kateg\u00f3ria<\/em><\/b>: III<\/p>\n<h2><i>R\u00d6VID ISMERTET\u00c9SE<\/i><\/h2>\n<p style=\"font-weight: 400;\">Gyors hat\u00e1skifejt\u00e9s, egyed\u00fcl\u00e1ll\u00f3an hossz\u00fa hat\u00e1startam (14 nap) jellemzi. A n\u00f6v\u00e9nyek a hat\u00f3anyagot a lev\u00e9len \u00e9s a gy\u00f6k\u00e9ren kereszt\u00fcl veszik fel, amely \u00edgy a nedvkering\u00e9ssel a nem kezelt levelekbe is eljut. A Mospilan kontakt \u00e9s felsz\u00edv\u00f3d\u00f3 hat\u00e1ssal is rendelkezik, \u00edgy a k\u00e1rtev\u0151kkel \u00e9rintkezve gyorsan elpuszt\u00edtja azokat, tov\u00e1bb\u00e1 a n\u00f6v\u00e9nybe felsz\u00edv\u00f3dva legal\u00e1bb 10-14 napig v\u00e9d\u0151 hat\u00e1st biztos\u00edt. Az ism\u00e9telt permetez\u00e9s kb. k\u00e9t h\u00e9t m\u00falva esed\u00e9kes. Vir\u00e1gz\u00f3 kult\u00far\u00e1kban m\u00e9hekre nem vesz\u00e9lyes, ez\u00e9rt nappal is kijuttathat\u00f3.<\/p>\n<h2><\/h2>\n<p>A kiv\u00e1l\u00f3 hat\u00e9konys\u00e1g\u00fa MOSPILAN rovar\u00f6l\u0151szer fejlettebb SG granul\u00e1tum formul\u00e1ci\u00f3ban.<\/p>\n<h2>Mi ellen alkalmazhat\u00f3?<\/h2>\n<p>Felsz\u00edv\u00f3d\u00f3 (szisztemikus) rovar\u00f6l\u0151szer rendk\u00edv\u00fcl hossz\u00fa hat\u00e1startammal (2 h\u00e9t).<br \/>\nKiv\u00e1l\u00f3 rezisztencia t\u00f6r\u0151 m\u00e1s tipus\u00fa rovar\u00f6l\u0151szerekkel v\u00e1ltogatva, vagy tankkombin\u00e1ci\u00f3ban.<br \/>\nEls\u0151sorban kukoricabog\u00e1r, lev\u00e9ltet\u0171, molyk\u00e1rtev\u0151k, bogarak, tripsz, \u00fcvegh\u00e1zi molytet\u0171, pajzstetvek, k\u00f6rte lev\u00e9lbolha, szilvadar\u00e1zs ellen.<\/p>\n<p>A nyugati di\u00f3burokf\u00far\u00f3 l\u00e9gy elleni v\u00e9dekz\u00e9skor a Compi Protect hat\u00e1sfokoz\u00f3 szer mell\u00e9 a Mospilan-t kell haszn\u00e1lni!<\/p>\n<p style=\"font-weight: 400;\">Term\u00e9kcsoport: Rovar\u00f6l\u0151<\/p>\n<h2>EGY\u00c9B<\/h2>\n<p style=\"font-weight: 400;\">Alma, k\u00f6rte, cseresznye, meggy, szilva, \u0151szibarack, kajszibarack, nektarin, di\u00f3, kukorica, \u0151szi k\u00e1posztarepce, must\u00e1r, olajretek, napraforg\u00f3, doh\u00e1ny, paprika (hajtatott), paradicsom (hajtatott), toj\u00e1sgy\u00fcm\u00f6lcs (hajtatott), uborka (hajtatott), cukkini (hajtatott), sal\u00e1ta (szabadf\u00f6ldi \u00e9s hajtatott), bimb\u00f3s kel, f\u0171szern\u00f6v\u00e9nyek, d\u00edszn\u00f6v\u00e9nyek, erd\u00e9szeti kult\u00far\u00e1k v\u00e9delm\u00e9re.<\/p>\n<p style=\"font-weight: 400;\">A k\u00e9sz\u00edtm\u00e9ny felhaszn\u00e1l\u00e1sa burgony\u00e1ban a 2019.02.22-\u00e9n kelt 6300\/568-1\/2019 sz\u00e1m\u00fa forgalomba hozatali \u00e9s felhaszn\u00e1l\u00e1si enged\u00e9ly m\u00f3dos\u00edt\u00e1sa hat\u00e1rozatban a hat\u00f3anyaggal szemben kialakult rezisztencia miatt visszavon\u00e1sra ker\u00fclt.<\/p>\n<h3><strong>Erd\u00e9szeti kult\u00far\u00e1kban:<\/strong><\/h3>\n<p>sz\u00edv\u00f3- \u00e9s r\u00e1g\u00f3 k\u00e1rtev\u0151k elleni v\u00e9dekez\u00e9st az els\u0151 im\u00e1g\u00f3k vagy az els\u0151 lev\u00e9ltet\u0171 telepek megjelen\u00e9se ut\u00e1n c\u00e9lszer\u0171 id\u0151z\u00edteni.\u00a0<strong>Erd\u00e9szetben a k\u00e9sz\u00edtm\u00e9ny l\u00e9gi \u00faton is kijuttathat\u00f3<\/strong><em>.<\/em><\/p>\n<h2><strong><em>L\u00e9gi kijuttat\u00e1s:\u00a0<\/em><\/strong><\/h2>\n<p>kukorica, \u0151szi k\u00e1posztarepce, must\u00e1r, olajretek, lucerna \u00e9s erd\u00e9szeti kult\u00far\u00e1kban enged\u00e9lyezett<\/p>\n<h2><strong>Gy\u00e1rt\u00f3i aj\u00e1nl\u00e1s:<\/strong><\/h2>\n<p>Hat\u00e1sfokoz\u00f3 adal\u00e9kanyag SPUR hozz\u00e1ad\u00e1sa c\u00e9lszer\u0171 k\u00fcl\u00f6n\u00f6sen viaszos, sz\u0151r\u00f6s lev\u00e9lzet, sz\u00e1raz id\u0151j\u00e1r\u00e1s stb. eset\u00e9n.<\/p>\n<p>El\u00e9rhet\u0151 t\u00f6bbf\u00e9le m\u00e9retben \u00e9s \u00e1rban.<\/p>\n<p><strong>K\u00e9szlet\u00fcnk napi szinten v\u00e1ltozik, ez\u00e9rt k\u00e9rj\u00fck, \u00e9rdekl\u0151dj\u00f6n szem\u00e9lyesen, telefonon vagy email-en.<br \/>\nA v\u00e1ltoztat\u00e1s jog\u00e1t fenntartjuk!\u00a0<\/strong><\/p>\n<p><a href=\"https:\/\/tajkertesz.com\/\">https:\/\/tajkertesz.com\/<\/a><\/p>\n<p><a href=\"https:\/\/www.facebook.com\/tajkertesz\/\">https:\/\/www.facebook.com\/tajkertesz\/<\/a><\/p>\n<p>Kisz\u00e1ll\u00edt\u00e1s: 200cm-ig \u00a0\u00e9s 40 kg-ig a sz\u00e1ll\u00edt\u00e1s fut\u00e1rszolg\u00e1lattal \u00a0t\u00f6rt\u00e9nik.<\/p>\n<p>Szem\u00e9lyes \u00e1tv\u00e9tel nyitvatart\u00e1si id\u0151ben a 17. ker\u00fclet Bakancsos utca 7. sz\u00e1m alatti Kert\u00e9szeti \u00e1rud\u00e1ban.<\/p>\n<div align=\"justify\"><\/div>","protected":false},"excerpt":{"rendered":"<p class=\"product-detail-name\" style=\"text-align: left;\"><strong>Mospilan 20 SG 4 g<\/strong><\/p>\n<h2>Rendk\u00edv\u00fcl sz\u00e9les hat\u00e1spektrum\u00fa, sz\u00e1mos kult\u00far\u00e1ban enged\u00e9lyezett felsz\u00edv\u00f3d\u00f3 rovar\u00f6l\u0151 permetez\u0151 szer.<\/h2>\n<p>Kateg\u00f3ria: III.<\/p>\n<h3 align=\"justify\"><span style=\"color: #ff0000;\">A Magyarorsz\u00e1gon hat\u00e1lyban l\u00e9v\u0151 jogszab\u00e1ly szerint kiz\u00e1r\u00f3lag szem\u00e9lyes \u00e1tv\u00e9tellel lehets\u00e9ges a term\u00e9k megv\u00e1s\u00e1rl\u00e1sa!<\/span><\/h3>","protected":false},"featured_media":11719,"template":"","meta":{"_et_pb_use_builder":"","_et_pb_old_content":"","_et_gb_content_width":""},"product_brand":[],"product_cat":[3423],"product_tag":[4756,3414,4752,4135,4754],"class_list":{"0":"post-11718","1":"product","2":"type-product","3":"status-publish","4":"has-post-thumbnail","6":"product_cat-rovarolo-szer","7":"product_tag-felszivodo","8":"product_tag-mospilan-20-sg-4-g","9":"product_tag-permetezoszer","10":"product_tag-rovarolo","11":"product_tag-spilan","13":"first","14":"instock","15":"shipping-taxable","16":"purchasable","17":"product-type-simple"},"yoast_head":"<!-- This site is optimized with the Yoast SEO plugin v27.3 - https:\/\/yoast.com\/product\/yoast-seo-wordpress\/ -->\n<title>Mospilan 20 SG 4 g - T\u00e1jkert\u00e9sz<\/title>\n<meta name=\"description\" content=\"Mospilan 20 SG 4 g felsz\u00edv\u00f3d\u00f3 rovar\u00f6l\u0151 permetszer. Gyors hat\u00e1skifejt\u00e9s, egyed\u00fcl\u00e1ll\u00f3an hossz\u00fa hat\u00e1startam (14 nap) jellemzi.\" \/>\n<meta name=\"robots\" content=\"index, follow, max-snippet:-1, max-image-preview:large, max-video-preview:-1\" \/>\n<link rel=\"canonical\" href=\"https:\/\/tajkertesz.com\/en_US\/product\/mospilan-20-sg-4-g\/\" \/>\n<meta property=\"og:locale\" content=\"en_US\" \/>\n<meta property=\"og:type\" content=\"article\" \/>\n<meta property=\"og:title\" content=\"Mospilan 20 SG 4 g - T\u00e1jkert\u00e9sz\" \/>\n<meta property=\"og:description\" content=\"Mospilan 20 SG 4 g felsz\u00edv\u00f3d\u00f3 rovar\u00f6l\u0151 permetszer. Gyors hat\u00e1skifejt\u00e9s, egyed\u00fcl\u00e1ll\u00f3an hossz\u00fa hat\u00e1startam (14 nap) jellemzi.\" \/>\n<meta property=\"og:url\" content=\"https:\/\/tajkertesz.com\/en_US\/product\/mospilan-20-sg-4-g\/\" \/>\n<meta property=\"og:site_name\" content=\"T\u00e1jkert\u00e9sz\" \/>\n<meta property=\"article:publisher\" content=\"https:\/\/www.facebook.com\/Tajkertesz\/\" \/>\n<meta property=\"article:modified_time\" content=\"2026-02-18T15:38:07+00:00\" \/>\n<meta property=\"og:image\" content=\"https:\/\/tajkertesz.com\/wp-content\/uploads\/2021\/11\/mospilan.jpg\" \/>\n\t<meta property=\"og:image:width\" content=\"900\" \/>\n\t<meta property=\"og:image:height\" content=\"1044\" \/>\n\t<meta property=\"og:image:type\" content=\"image\/jpeg\" \/>\n<meta name=\"twitter:card\" content=\"summary_large_image\" \/>\n<meta name=\"twitter:label1\" content=\"Est. reading time\" \/>\n\t<meta name=\"twitter:data1\" content=\"3 minutes\" \/>\n<script type=\"application\/ld+json\" class=\"yoast-schema-graph\">{\"@context\":\"https:\\\/\\\/schema.org\",\"@graph\":[{\"@type\":\"WebPage\",\"@id\":\"https:\\\/\\\/tajkertesz.com\\\/termek\\\/mospilan-20-sg-4-g\\\/\",\"url\":\"https:\\\/\\\/tajkertesz.com\\\/termek\\\/mospilan-20-sg-4-g\\\/\",\"name\":\"Mospilan 20 SG 4 g - T\u00e1jkert\u00e9sz\",\"isPartOf\":{\"@id\":\"https:\\\/\\\/tajkertesz.com\\\/#website\"},\"primaryImageOfPage\":{\"@id\":\"https:\\\/\\\/tajkertesz.com\\\/termek\\\/mospilan-20-sg-4-g\\\/#primaryimage\"},\"image\":{\"@id\":\"https:\\\/\\\/tajkertesz.com\\\/termek\\\/mospilan-20-sg-4-g\\\/#primaryimage\"},\"thumbnailUrl\":\"https:\\\/\\\/tajkertesz.com\\\/wp-content\\\/uploads\\\/2021\\\/11\\\/mospilan.jpg\",\"datePublished\":\"2021-11-26T09:19:52+00:00\",\"dateModified\":\"2026-02-18T15:38:07+00:00\",\"description\":\"Mospilan 20 SG 4 g felsz\u00edv\u00f3d\u00f3 rovar\u00f6l\u0151 permetszer. Gyors hat\u00e1skifejt\u00e9s, egyed\u00fcl\u00e1ll\u00f3an hossz\u00fa hat\u00e1startam (14 nap) jellemzi.\",\"breadcrumb\":{\"@id\":\"https:\\\/\\\/tajkertesz.com\\\/termek\\\/mospilan-20-sg-4-g\\\/#breadcrumb\"},\"inLanguage\":\"en-US\",\"potentialAction\":[{\"@type\":\"ReadAction\",\"target\":[\"https:\\\/\\\/tajkertesz.com\\\/termek\\\/mospilan-20-sg-4-g\\\/\"]}]},{\"@type\":\"ImageObject\",\"inLanguage\":\"en-US\",\"@id\":\"https:\\\/\\\/tajkertesz.com\\\/termek\\\/mospilan-20-sg-4-g\\\/#primaryimage\",\"url\":\"https:\\\/\\\/tajkertesz.com\\\/wp-content\\\/uploads\\\/2021\\\/11\\\/mospilan.jpg\",\"contentUrl\":\"https:\\\/\\\/tajkertesz.com\\\/wp-content\\\/uploads\\\/2021\\\/11\\\/mospilan.jpg\",\"width\":900,\"height\":1044,\"caption\":\"Mospilan 20 SG 4 g\"},{\"@type\":\"BreadcrumbList\",\"@id\":\"https:\\\/\\\/tajkertesz.com\\\/termek\\\/mospilan-20-sg-4-g\\\/#breadcrumb\",\"itemListElement\":[{\"@type\":\"ListItem\",\"position\":1,\"name\":\"Home\",\"item\":\"https:\\\/\\\/tajkertesz.com\\\/\"},{\"@type\":\"ListItem\",\"position\":2,\"name\":\"Kezd\u0151lap\",\"item\":\"https:\\\/\\\/tajkertesz.com\\\/\"},{\"@type\":\"ListItem\",\"position\":3,\"name\":\"Mospilan 20 SG 4 g\"}]},{\"@type\":\"WebSite\",\"@id\":\"https:\\\/\\\/tajkertesz.com\\\/#website\",\"url\":\"https:\\\/\\\/tajkertesz.com\\\/\",\"name\":\"T\u00e1j-Kert\u00e9sz 84 Kft.\",\"description\":\"Kert\u00e9szeti kis- \u00e9s nagykeresked\u00e9s, D\u00edszn\u00f6v\u00e9ny web\u00e1ruh\u00e1z orsz\u00e1gos h\u00e1zhozsz\u00e1ll\u00edt\u00e1ssal!\",\"publisher\":{\"@id\":\"https:\\\/\\\/tajkertesz.com\\\/#organization\"},\"potentialAction\":[{\"@type\":\"SearchAction\",\"target\":{\"@type\":\"EntryPoint\",\"urlTemplate\":\"https:\\\/\\\/tajkertesz.com\\\/?s={search_term_string}\"},\"query-input\":{\"@type\":\"PropertyValueSpecification\",\"valueRequired\":true,\"valueName\":\"search_term_string\"}}],\"inLanguage\":\"en-US\"},{\"@type\":\"Organization\",\"@id\":\"https:\\\/\\\/tajkertesz.com\\\/#organization\",\"name\":\"T\u00e1j-Kert\u00e9sz 84 Kft.\",\"url\":\"https:\\\/\\\/tajkertesz.com\\\/\",\"logo\":{\"@type\":\"ImageObject\",\"inLanguage\":\"en-US\",\"@id\":\"https:\\\/\\\/tajkertesz.com\\\/#\\\/schema\\\/logo\\\/image\\\/\",\"url\":\"https:\\\/\\\/tajkertesz.com\\\/wp-content\\\/uploads\\\/2018\\\/02\\\/logo-2-e1518678052539.png\",\"contentUrl\":\"https:\\\/\\\/tajkertesz.com\\\/wp-content\\\/uploads\\\/2018\\\/02\\\/logo-2-e1518678052539.png\",\"width\":81,\"height\":140,\"caption\":\"T\u00e1j-Kert\u00e9sz 84 Kft.\"},\"image\":{\"@id\":\"https:\\\/\\\/tajkertesz.com\\\/#\\\/schema\\\/logo\\\/image\\\/\"},\"sameAs\":[\"https:\\\/\\\/www.facebook.com\\\/Tajkertesz\\\/\"]}]}<\/script>\n<!-- \/ Yoast SEO plugin. -->","yoast_head_json":{"title":"Mospilan 20 SG 4 g - T\u00e1jkert\u00e9sz","description":"Mospilan 20 SG 4 g felsz\u00edv\u00f3d\u00f3 rovar\u00f6l\u0151 permetszer. Gyors hat\u00e1skifejt\u00e9s, egyed\u00fcl\u00e1ll\u00f3an hossz\u00fa hat\u00e1startam (14 nap) jellemzi.","robots":{"index":"index","follow":"follow","max-snippet":"max-snippet:-1","max-image-preview":"max-image-preview:large","max-video-preview":"max-video-preview:-1"},"canonical":"https:\/\/tajkertesz.com\/en_US\/product\/mospilan-20-sg-4-g\/","og_locale":"en_US","og_type":"article","og_title":"Mospilan 20 SG 4 g - T\u00e1jkert\u00e9sz","og_description":"Mospilan 20 SG 4 g felsz\u00edv\u00f3d\u00f3 rovar\u00f6l\u0151 permetszer. Gyors hat\u00e1skifejt\u00e9s, egyed\u00fcl\u00e1ll\u00f3an hossz\u00fa hat\u00e1startam (14 nap) jellemzi.","og_url":"https:\/\/tajkertesz.com\/en_US\/product\/mospilan-20-sg-4-g\/","og_site_name":"T\u00e1jkert\u00e9sz","article_publisher":"https:\/\/www.facebook.com\/Tajkertesz\/","article_modified_time":"2026-02-18T15:38:07+00:00","og_image":[{"width":900,"height":1044,"url":"https:\/\/tajkertesz.com\/wp-content\/uploads\/2021\/11\/mospilan.jpg","type":"image\/jpeg"}],"twitter_card":"summary_large_image","twitter_misc":{"Est. reading time":"3 minutes"},"schema":{"@context":"https:\/\/schema.org","@graph":[{"@type":"WebPage","@id":"https:\/\/tajkertesz.com\/termek\/mospilan-20-sg-4-g\/","url":"https:\/\/tajkertesz.com\/termek\/mospilan-20-sg-4-g\/","name":"Mospilan 20 SG 4 g - T\u00e1jkert\u00e9sz","isPartOf":{"@id":"https:\/\/tajkertesz.com\/#website"},"primaryImageOfPage":{"@id":"https:\/\/tajkertesz.com\/termek\/mospilan-20-sg-4-g\/#primaryimage"},"image":{"@id":"https:\/\/tajkertesz.com\/termek\/mospilan-20-sg-4-g\/#primaryimage"},"thumbnailUrl":"https:\/\/tajkertesz.com\/wp-content\/uploads\/2021\/11\/mospilan.jpg","datePublished":"2021-11-26T09:19:52+00:00","dateModified":"2026-02-18T15:38:07+00:00","description":"Mospilan 20 SG 4 g felsz\u00edv\u00f3d\u00f3 rovar\u00f6l\u0151 permetszer. Gyors hat\u00e1skifejt\u00e9s, egyed\u00fcl\u00e1ll\u00f3an hossz\u00fa hat\u00e1startam (14 nap) jellemzi.","breadcrumb":{"@id":"https:\/\/tajkertesz.com\/termek\/mospilan-20-sg-4-g\/#breadcrumb"},"inLanguage":"en-US","potentialAction":[{"@type":"ReadAction","target":["https:\/\/tajkertesz.com\/termek\/mospilan-20-sg-4-g\/"]}]},{"@type":"ImageObject","inLanguage":"en-US","@id":"https:\/\/tajkertesz.com\/termek\/mospilan-20-sg-4-g\/#primaryimage","url":"https:\/\/tajkertesz.com\/wp-content\/uploads\/2021\/11\/mospilan.jpg","contentUrl":"https:\/\/tajkertesz.com\/wp-content\/uploads\/2021\/11\/mospilan.jpg","width":900,"height":1044,"caption":"Mospilan 20 SG 4 g"},{"@type":"BreadcrumbList","@id":"https:\/\/tajkertesz.com\/termek\/mospilan-20-sg-4-g\/#breadcrumb","itemListElement":[{"@type":"ListItem","position":1,"name":"Home","item":"https:\/\/tajkertesz.com\/"},{"@type":"ListItem","position":2,"name":"Kezd\u0151lap","item":"https:\/\/tajkertesz.com\/"},{"@type":"ListItem","position":3,"name":"Mospilan 20 SG 4 g"}]},{"@type":"WebSite","@id":"https:\/\/tajkertesz.com\/#website","url":"https:\/\/tajkertesz.com\/","name":"T\u00e1j-Kert\u00e9sz 84 Kft.","description":"Kert\u00e9szeti kis- \u00e9s nagykeresked\u00e9s, D\u00edszn\u00f6v\u00e9ny web\u00e1ruh\u00e1z orsz\u00e1gos h\u00e1zhozsz\u00e1ll\u00edt\u00e1ssal!","publisher":{"@id":"https:\/\/tajkertesz.com\/#organization"},"potentialAction":[{"@type":"SearchAction","target":{"@type":"EntryPoint","urlTemplate":"https:\/\/tajkertesz.com\/?s={search_term_string}"},"query-input":{"@type":"PropertyValueSpecification","valueRequired":true,"valueName":"search_term_string"}}],"inLanguage":"en-US"},{"@type":"Organization","@id":"https:\/\/tajkertesz.com\/#organization","name":"T\u00e1j-Kert\u00e9sz 84 Kft.","url":"https:\/\/tajkertesz.com\/","logo":{"@type":"ImageObject","inLanguage":"en-US","@id":"https:\/\/tajkertesz.com\/#\/schema\/logo\/image\/","url":"https:\/\/tajkertesz.com\/wp-content\/uploads\/2018\/02\/logo-2-e1518678052539.png","contentUrl":"https:\/\/tajkertesz.com\/wp-content\/uploads\/2018\/02\/logo-2-e1518678052539.png","width":81,"height":140,"caption":"T\u00e1j-Kert\u00e9sz 84 Kft."},"image":{"@id":"https:\/\/tajkertesz.com\/#\/schema\/logo\/image\/"},"sameAs":["https:\/\/www.facebook.com\/Tajkertesz\/"]}]}},"_links":{"self":[{"href":"https:\/\/tajkertesz.com\/en_US\/wp-json\/wp\/v2\/product\/11718","targetHints":{"allow":["GET"]}}],"collection":[{"href":"https:\/\/tajkertesz.com\/en_US\/wp-json\/wp\/v2\/product"}],"about":[{"href":"https:\/\/tajkertesz.com\/en_US\/wp-json\/wp\/v2\/types\/product"}],"wp:featuredmedia":[{"embeddable":true,"href":"https:\/\/tajkertesz.com\/en_US\/wp-json\/wp\/v2\/media\/11719"}],"wp:attachment":[{"href":"https:\/\/tajkertesz.com\/en_US\/wp-json\/wp\/v2\/media?parent=11718"}],"wp:term":[{"taxonomy":"product_brand","embeddable":true,"href":"https:\/\/tajkertesz.com\/en_US\/wp-json\/wp\/v2\/product_brand?post=11718"},{"taxonomy":"product_cat","embeddable":true,"href":"https:\/\/tajkertesz.com\/en_US\/wp-json\/wp\/v2\/product_cat?post=11718"},{"taxonomy":"product_tag","embeddable":true,"href":"https:\/\/tajkertesz.com\/en_US\/wp-json\/wp\/v2\/product_tag?post=11718"}],"curies":[{"name":"wp","href":"https:\/\/api.w.org\/{rel}","templated":true}]}}