{"id":11721,"date":"2021-11-26T09:23:51","date_gmt":"2021-11-26T09:23:51","guid":{"rendered":"https:\/\/tajkertesz.com\/?post_type=product&#038;p=11721"},"modified":"2026-02-18T15:38:00","modified_gmt":"2026-02-18T15:38:00","slug":"quadris-ampullas-10-ml","status":"publish","type":"product","link":"https:\/\/tajkertesz.com\/en_US\/product\/quadris-ampullas-10-ml\/","title":{"rendered":"Quadris ampull\u00e1s 10 ml"},"content":{"rendered":"<h1 class=\"product-detail-name\">Quadris ampull\u00e1s 10 ml<\/h1>\n<p class=\"product-detail-name\">Quadris ampull\u00e1s 10 ml, GOMBA\u00d6L\u0150 SZER<\/p>\n<p>H\u00e1zikerti felhaszn\u00e1l\u00e1s: 10 ml\/10l v\u00edz<\/p>\n<p>Munkaeg\u00e9szs\u00e9g\u00fcgyi v\u00e1rakoz\u00e1si id\u0151: 0 nap<\/p>\n<p>Hat\u00f3anyagtartalom: 250 g\/lazoxistrobin<br \/>\nHat\u00f3anyag csal\u00e1d:<br \/>\nstrubilurinok<br \/>\nFormul\u00e1ci\u00f3: SC (szuszpenzi\u00f3 koncentr\u00e1tum)<br \/>\nK\u00f6rnyezeti besorol\u00e1s: V\u00edzi szervezetekre kifejezetten vesz\u00e9lyes. M\u00e9hvesz\u00e9lyess\u00e9g: nem jel\u00f6l\u00e9sk\u00f6teles.<br \/>\nForgalmi kateg\u00f3ria: III.<\/p>\n<p>A sz\u0151l\u0151 \u00e9s a bogy\u00f3s gy\u00fcm\u00f6lcs\u00f6k szisztemikus szere, amely valamennyi gombabetegs\u00e9g ellen hat\u00e9kony.<\/p>\n<p>HAT\u00c1SSPEKTRUM \u00c9S D\u00d3ZIS<br \/>\nKult\u00fara K\u00f3rokoz\u00f3 D\u00f3zis, kijuttat\u00e1si id\u0151pont \u00c9.V.I.<\/p>\n<p>sz\u0151l\u0151 peronoszp\u00f3ra, lisztharmat, sz\u00fcrkepen\u00e9sz 0,75\u20131,0 l\/ha 7 nap<br \/>\nAz els\u0151 kezel\u00e9sekre a fert\u0151z\u00e9st\u0151l f\u00fcgg\u0151en kontakt (Bravo + Thiovit Jet) vagy szisztemikus szereket (Ridomil Gold MZ + Topas) aj\u00e1nlunk. Vir\u00e1gz\u00e1skor kezdj\u00fck el a Quadris-os kezel\u00e9st. Ezt k\u00f6vet\u0151en \u00fajra a Quadris-szal v\u00e9gezz\u00fck a permetez\u00e9st.<br \/>\n\u00d6sszesen 2\u20133 Quadris-os kezel\u00e9st v\u00e9gezz\u00fcnk. A m\u00e1sodik Quadris permetez\u00e9s ut\u00e1n kontakt szereket aj\u00e1nlunk ism\u00e9t: f\u00fcrtz\u00e1r\u00f3d\u00e1skor Chorus-t, \u00e9r\u00e9s kezdet\u00e9n pedig r\u00e9z + Thiovit Jet.<\/p>\n<p>k\u00f6szm\u00e9te amerikai lisztharmat, rozsda 0,5\u20130,75 l\/ha 35 nap<br \/>\nribizli amerikai lisztharmat, rozsda 0,5\u20130,75 l\/ha 35 nap<br \/>\nm\u00e1lna m\u00e1lna vessz\u0151betegs\u00e9gek, sz\u00fcrkepen\u00e9sz,<br \/>\nlev\u00e9lbetegs\u00e9gek 0,75\u20131,0 l\/ha 7 nap<br \/>\nszam\u00f3ca sz\u00fcrkepen\u00e9sz, lev\u00e9lfoltoss\u00e1g 0,75\u20131,0 l\/ha 3 nap<\/p>\n<p>&nbsp;<\/p>\n<p align=\"justify\"><a href=\"https:\/\/www.facebook.com\/tajkertesz\">https:\/\/www.facebook.com\/tajkertesz<\/a><\/p>\n<p align=\"justify\"><a href=\"http:\/\/www.tajkertesz.hu\">http:\/\/www.tajkertesz.hu<\/a><\/p>\n<p align=\"justify\"><a href=\"https:\/\/tajkertesz.com\/wp-content\/uploads\/2021\/11\/Quadris.pdf\">Quadris<\/a><\/p>\n<h3 align=\"justify\">Kiz\u00e1r\u00f3lag szem\u00e9lyes \u00e1tv\u00e9tellel lehets\u00e9ges a term\u00e9k megv\u00e1s\u00e1rl\u00e1sa!<\/h3>\n<p align=\"justify\"><span style=\"color: #ffffff;\">A k\u00e9sz\u00edtm\u00e9nyt a gyep ny\u00edr\u00e1s\u00e1t k\u00f6vet\u0151en, a k\u00e9tszik\u0171 gyomn\u00f6v\u00e9nyek n\u00f6veked\u00e9s\u00e9nek \u00fajb\u00f3li megindul\u00e1sa ut\u00e1n kell kijuttatni 10 l\/ha (100 ml \/ 100 m2) d\u00f3zisban. A kijuttat\u00e1shoz sz\u00fcks\u00e9ges v\u00edzmennyis\u00e9g 10 l \/ 100 m2. A kezel\u00e9sn\u00e9l \u00fcgyelni kell arra, hogy a permetl\u00e9 kult\u00farn\u00f6v\u00e9nyekre ne ker\u00fclj\u00f6n, mert azokat maradand\u00f3an k\u00e1ros\u00edtja.<\/span><\/p>\n<p align=\"justify\"><span style=\"color: #ffffff;\">A k\u00e9sz\u00edtm\u00e9ny alkalmazhat\u00f3 foltkezel\u00e9s \u00e9s teljes fel\u00fcletkezel\u00e9s form\u00e1j\u00e1ban. Egy veget\u00e1ci\u00f3s szakaszban maximum k\u00e9t kezel\u00e9s v\u00e9gezhet\u0151.<\/span><\/p>\n<div align=\"justify\"><\/div>","protected":false},"excerpt":{"rendered":"<p class=\"product-detail-name\" style=\"text-align: center;\">Quadris ampull\u00e1s 10 ml<\/p>","protected":false},"featured_media":11722,"template":"","meta":{"_et_pb_use_builder":"","_et_pb_old_content":"","_et_gb_content_width":""},"product_brand":[],"product_cat":[3421],"product_tag":[3415],"class_list":{"0":"post-11721","1":"product","2":"type-product","3":"status-publish","4":"has-post-thumbnail","6":"product_cat-gombaolo-szer","7":"product_tag-quadris-ampullas-10-ml","9":"first","10":"instock","11":"shipping-taxable","12":"purchasable","13":"product-type-simple"},"yoast_head":"<!-- This site is optimized with the Yoast SEO plugin v27.3 - https:\/\/yoast.com\/product\/yoast-seo-wordpress\/ -->\n<title>Quadris ampull\u00e1s 10 ml - T\u00e1jkert\u00e9sz<\/title>\n<meta name=\"description\" content=\"Quadris ampull\u00e1s 10 ml\" \/>\n<meta name=\"robots\" content=\"index, follow, max-snippet:-1, max-image-preview:large, max-video-preview:-1\" \/>\n<link rel=\"canonical\" href=\"https:\/\/tajkertesz.com\/en_US\/product\/quadris-ampullas-10-ml\/\" \/>\n<meta property=\"og:locale\" content=\"en_US\" \/>\n<meta property=\"og:type\" content=\"article\" \/>\n<meta property=\"og:title\" content=\"Quadris ampull\u00e1s 10 ml - T\u00e1jkert\u00e9sz\" \/>\n<meta property=\"og:description\" content=\"Quadris ampull\u00e1s 10 ml\" \/>\n<meta property=\"og:url\" content=\"https:\/\/tajkertesz.com\/en_US\/product\/quadris-ampullas-10-ml\/\" \/>\n<meta property=\"og:site_name\" content=\"T\u00e1jkert\u00e9sz\" \/>\n<meta property=\"article:publisher\" content=\"https:\/\/www.facebook.com\/Tajkertesz\/\" \/>\n<meta property=\"article:modified_time\" content=\"2026-02-18T15:38:00+00:00\" \/>\n<meta property=\"og:image\" content=\"https:\/\/tajkertesz.com\/wp-content\/uploads\/2021\/11\/Quadrisamp.jpg\" \/>\n\t<meta property=\"og:image:width\" content=\"1446\" \/>\n\t<meta property=\"og:image:height\" content=\"1920\" \/>\n\t<meta property=\"og:image:type\" content=\"image\/jpeg\" \/>\n<meta name=\"twitter:card\" content=\"summary_large_image\" \/>\n<meta name=\"twitter:label1\" content=\"Est. reading time\" \/>\n\t<meta name=\"twitter:data1\" content=\"2 minutes\" \/>\n<script type=\"application\/ld+json\" class=\"yoast-schema-graph\">{\"@context\":\"https:\\\/\\\/schema.org\",\"@graph\":[{\"@type\":\"WebPage\",\"@id\":\"https:\\\/\\\/tajkertesz.com\\\/termek\\\/quadris-ampullas-10-ml\\\/\",\"url\":\"https:\\\/\\\/tajkertesz.com\\\/termek\\\/quadris-ampullas-10-ml\\\/\",\"name\":\"Quadris ampull\u00e1s 10 ml - T\u00e1jkert\u00e9sz\",\"isPartOf\":{\"@id\":\"https:\\\/\\\/tajkertesz.com\\\/#website\"},\"primaryImageOfPage\":{\"@id\":\"https:\\\/\\\/tajkertesz.com\\\/termek\\\/quadris-ampullas-10-ml\\\/#primaryimage\"},\"image\":{\"@id\":\"https:\\\/\\\/tajkertesz.com\\\/termek\\\/quadris-ampullas-10-ml\\\/#primaryimage\"},\"thumbnailUrl\":\"https:\\\/\\\/tajkertesz.com\\\/wp-content\\\/uploads\\\/2021\\\/11\\\/Quadrisamp.jpg\",\"datePublished\":\"2021-11-26T09:23:51+00:00\",\"dateModified\":\"2026-02-18T15:38:00+00:00\",\"description\":\"Quadris ampull\u00e1s 10 ml\",\"breadcrumb\":{\"@id\":\"https:\\\/\\\/tajkertesz.com\\\/termek\\\/quadris-ampullas-10-ml\\\/#breadcrumb\"},\"inLanguage\":\"en-US\",\"potentialAction\":[{\"@type\":\"ReadAction\",\"target\":[\"https:\\\/\\\/tajkertesz.com\\\/termek\\\/quadris-ampullas-10-ml\\\/\"]}]},{\"@type\":\"ImageObject\",\"inLanguage\":\"en-US\",\"@id\":\"https:\\\/\\\/tajkertesz.com\\\/termek\\\/quadris-ampullas-10-ml\\\/#primaryimage\",\"url\":\"https:\\\/\\\/tajkertesz.com\\\/wp-content\\\/uploads\\\/2021\\\/11\\\/Quadrisamp.jpg\",\"contentUrl\":\"https:\\\/\\\/tajkertesz.com\\\/wp-content\\\/uploads\\\/2021\\\/11\\\/Quadrisamp.jpg\",\"width\":1446,\"height\":1920},{\"@type\":\"BreadcrumbList\",\"@id\":\"https:\\\/\\\/tajkertesz.com\\\/termek\\\/quadris-ampullas-10-ml\\\/#breadcrumb\",\"itemListElement\":[{\"@type\":\"ListItem\",\"position\":1,\"name\":\"Home\",\"item\":\"https:\\\/\\\/tajkertesz.com\\\/\"},{\"@type\":\"ListItem\",\"position\":2,\"name\":\"Kezd\u0151lap\",\"item\":\"https:\\\/\\\/tajkertesz.com\\\/\"},{\"@type\":\"ListItem\",\"position\":3,\"name\":\"Quadris ampull\u00e1s 10 ml\"}]},{\"@type\":\"WebSite\",\"@id\":\"https:\\\/\\\/tajkertesz.com\\\/#website\",\"url\":\"https:\\\/\\\/tajkertesz.com\\\/\",\"name\":\"T\u00e1j-Kert\u00e9sz 84 Kft.\",\"description\":\"Kert\u00e9szeti kis- \u00e9s nagykeresked\u00e9s, D\u00edszn\u00f6v\u00e9ny web\u00e1ruh\u00e1z orsz\u00e1gos h\u00e1zhozsz\u00e1ll\u00edt\u00e1ssal!\",\"publisher\":{\"@id\":\"https:\\\/\\\/tajkertesz.com\\\/#organization\"},\"potentialAction\":[{\"@type\":\"SearchAction\",\"target\":{\"@type\":\"EntryPoint\",\"urlTemplate\":\"https:\\\/\\\/tajkertesz.com\\\/?s={search_term_string}\"},\"query-input\":{\"@type\":\"PropertyValueSpecification\",\"valueRequired\":true,\"valueName\":\"search_term_string\"}}],\"inLanguage\":\"en-US\"},{\"@type\":\"Organization\",\"@id\":\"https:\\\/\\\/tajkertesz.com\\\/#organization\",\"name\":\"T\u00e1j-Kert\u00e9sz 84 Kft.\",\"url\":\"https:\\\/\\\/tajkertesz.com\\\/\",\"logo\":{\"@type\":\"ImageObject\",\"inLanguage\":\"en-US\",\"@id\":\"https:\\\/\\\/tajkertesz.com\\\/#\\\/schema\\\/logo\\\/image\\\/\",\"url\":\"https:\\\/\\\/tajkertesz.com\\\/wp-content\\\/uploads\\\/2018\\\/02\\\/logo-2-e1518678052539.png\",\"contentUrl\":\"https:\\\/\\\/tajkertesz.com\\\/wp-content\\\/uploads\\\/2018\\\/02\\\/logo-2-e1518678052539.png\",\"width\":81,\"height\":140,\"caption\":\"T\u00e1j-Kert\u00e9sz 84 Kft.\"},\"image\":{\"@id\":\"https:\\\/\\\/tajkertesz.com\\\/#\\\/schema\\\/logo\\\/image\\\/\"},\"sameAs\":[\"https:\\\/\\\/www.facebook.com\\\/Tajkertesz\\\/\"]}]}<\/script>\n<!-- \/ Yoast SEO plugin. -->","yoast_head_json":{"title":"Quadris ampull\u00e1s 10 ml - T\u00e1jkert\u00e9sz","description":"Quadris ampull\u00e1s 10 ml","robots":{"index":"index","follow":"follow","max-snippet":"max-snippet:-1","max-image-preview":"max-image-preview:large","max-video-preview":"max-video-preview:-1"},"canonical":"https:\/\/tajkertesz.com\/en_US\/product\/quadris-ampullas-10-ml\/","og_locale":"en_US","og_type":"article","og_title":"Quadris ampull\u00e1s 10 ml - T\u00e1jkert\u00e9sz","og_description":"Quadris ampull\u00e1s 10 ml","og_url":"https:\/\/tajkertesz.com\/en_US\/product\/quadris-ampullas-10-ml\/","og_site_name":"T\u00e1jkert\u00e9sz","article_publisher":"https:\/\/www.facebook.com\/Tajkertesz\/","article_modified_time":"2026-02-18T15:38:00+00:00","og_image":[{"width":1446,"height":1920,"url":"https:\/\/tajkertesz.com\/wp-content\/uploads\/2021\/11\/Quadrisamp.jpg","type":"image\/jpeg"}],"twitter_card":"summary_large_image","twitter_misc":{"Est. reading time":"2 minutes"},"schema":{"@context":"https:\/\/schema.org","@graph":[{"@type":"WebPage","@id":"https:\/\/tajkertesz.com\/termek\/quadris-ampullas-10-ml\/","url":"https:\/\/tajkertesz.com\/termek\/quadris-ampullas-10-ml\/","name":"Quadris ampull\u00e1s 10 ml - T\u00e1jkert\u00e9sz","isPartOf":{"@id":"https:\/\/tajkertesz.com\/#website"},"primaryImageOfPage":{"@id":"https:\/\/tajkertesz.com\/termek\/quadris-ampullas-10-ml\/#primaryimage"},"image":{"@id":"https:\/\/tajkertesz.com\/termek\/quadris-ampullas-10-ml\/#primaryimage"},"thumbnailUrl":"https:\/\/tajkertesz.com\/wp-content\/uploads\/2021\/11\/Quadrisamp.jpg","datePublished":"2021-11-26T09:23:51+00:00","dateModified":"2026-02-18T15:38:00+00:00","description":"Quadris ampull\u00e1s 10 ml","breadcrumb":{"@id":"https:\/\/tajkertesz.com\/termek\/quadris-ampullas-10-ml\/#breadcrumb"},"inLanguage":"en-US","potentialAction":[{"@type":"ReadAction","target":["https:\/\/tajkertesz.com\/termek\/quadris-ampullas-10-ml\/"]}]},{"@type":"ImageObject","inLanguage":"en-US","@id":"https:\/\/tajkertesz.com\/termek\/quadris-ampullas-10-ml\/#primaryimage","url":"https:\/\/tajkertesz.com\/wp-content\/uploads\/2021\/11\/Quadrisamp.jpg","contentUrl":"https:\/\/tajkertesz.com\/wp-content\/uploads\/2021\/11\/Quadrisamp.jpg","width":1446,"height":1920},{"@type":"BreadcrumbList","@id":"https:\/\/tajkertesz.com\/termek\/quadris-ampullas-10-ml\/#breadcrumb","itemListElement":[{"@type":"ListItem","position":1,"name":"Home","item":"https:\/\/tajkertesz.com\/"},{"@type":"ListItem","position":2,"name":"Kezd\u0151lap","item":"https:\/\/tajkertesz.com\/"},{"@type":"ListItem","position":3,"name":"Quadris ampull\u00e1s 10 ml"}]},{"@type":"WebSite","@id":"https:\/\/tajkertesz.com\/#website","url":"https:\/\/tajkertesz.com\/","name":"T\u00e1j-Kert\u00e9sz 84 Kft.","description":"Kert\u00e9szeti kis- \u00e9s nagykeresked\u00e9s, D\u00edszn\u00f6v\u00e9ny web\u00e1ruh\u00e1z orsz\u00e1gos h\u00e1zhozsz\u00e1ll\u00edt\u00e1ssal!","publisher":{"@id":"https:\/\/tajkertesz.com\/#organization"},"potentialAction":[{"@type":"SearchAction","target":{"@type":"EntryPoint","urlTemplate":"https:\/\/tajkertesz.com\/?s={search_term_string}"},"query-input":{"@type":"PropertyValueSpecification","valueRequired":true,"valueName":"search_term_string"}}],"inLanguage":"en-US"},{"@type":"Organization","@id":"https:\/\/tajkertesz.com\/#organization","name":"T\u00e1j-Kert\u00e9sz 84 Kft.","url":"https:\/\/tajkertesz.com\/","logo":{"@type":"ImageObject","inLanguage":"en-US","@id":"https:\/\/tajkertesz.com\/#\/schema\/logo\/image\/","url":"https:\/\/tajkertesz.com\/wp-content\/uploads\/2018\/02\/logo-2-e1518678052539.png","contentUrl":"https:\/\/tajkertesz.com\/wp-content\/uploads\/2018\/02\/logo-2-e1518678052539.png","width":81,"height":140,"caption":"T\u00e1j-Kert\u00e9sz 84 Kft."},"image":{"@id":"https:\/\/tajkertesz.com\/#\/schema\/logo\/image\/"},"sameAs":["https:\/\/www.facebook.com\/Tajkertesz\/"]}]}},"_links":{"self":[{"href":"https:\/\/tajkertesz.com\/en_US\/wp-json\/wp\/v2\/product\/11721","targetHints":{"allow":["GET"]}}],"collection":[{"href":"https:\/\/tajkertesz.com\/en_US\/wp-json\/wp\/v2\/product"}],"about":[{"href":"https:\/\/tajkertesz.com\/en_US\/wp-json\/wp\/v2\/types\/product"}],"wp:featuredmedia":[{"embeddable":true,"href":"https:\/\/tajkertesz.com\/en_US\/wp-json\/wp\/v2\/media\/11722"}],"wp:attachment":[{"href":"https:\/\/tajkertesz.com\/en_US\/wp-json\/wp\/v2\/media?parent=11721"}],"wp:term":[{"taxonomy":"product_brand","embeddable":true,"href":"https:\/\/tajkertesz.com\/en_US\/wp-json\/wp\/v2\/product_brand?post=11721"},{"taxonomy":"product_cat","embeddable":true,"href":"https:\/\/tajkertesz.com\/en_US\/wp-json\/wp\/v2\/product_cat?post=11721"},{"taxonomy":"product_tag","embeddable":true,"href":"https:\/\/tajkertesz.com\/en_US\/wp-json\/wp\/v2\/product_tag?post=11721"}],"curies":[{"name":"wp","href":"https:\/\/api.w.org\/{rel}","templated":true}]}}