{"id":11736,"date":"2021-11-26T09:40:30","date_gmt":"2021-11-26T09:40:30","guid":{"rendered":"https:\/\/tajkertesz.com\/?post_type=product&#038;p=11736"},"modified":"2026-02-18T15:37:46","modified_gmt":"2026-02-18T15:37:46","slug":"nissorun-10-wp-20-g","status":"publish","type":"product","link":"https:\/\/tajkertesz.com\/en_US\/product\/nissorun-10-wp-20-g\/","title":{"rendered":"Nissorun 10 WP 20 g"},"content":{"rendered":"<h1 class=\"product-detail-name\">Nissorun 10 WP 20 g<\/h1>\n<div class=\"product-detail-title-after\">\n<div class=\"product-detail-manufacturer-wrap\">\n<p class=\"product-detail-name\">Nissorun 10 WP 20 g, H\u00e1zikerti felhaszn\u00e1l\u00e1s: 10 g\/10 l v\u00edz.<\/p>\n<\/div>\n<\/div>\n<p class=\"product-detail-name\">Atka\u00f6l\u0151szer kiv\u00e1l\u00f3 toj\u00e1s, l\u00e1rva \u00e9s nympha\u00f6l\u0151 hat\u00e1ssal. Tak\u00e1csatka fajok ellen hat\u00e1sos. Hat\u00e1startama 60-70 nap. A ragadoz\u00f3 atk\u00e1kat, rovarokat, m\u00e9heket k\u00edm\u00e9li.<br \/>\nEl\u0151\u00edrt n\u00f6v\u00e9nyv\u00e9delmi technol\u00f3gia:<\/p>\n<p>Almaterm\u00e9s\u0171 (alma, k\u00f6rte, birs, naspolya) kult\u00far\u00e1kban valamint bor- \u00e9s csemegesz\u0151l\u0151ben a v\u00e9dekez\u00e9seket az el\u0151rejelz\u00e9sre alapozva, t\u00e9li toj\u00e1ssz\u00e1ml\u00e1l\u00e1s alapj\u00e1n, els\u0151sorban a tak\u00e1csatk\u00e1k \u00e1ttelel\u0151 toj\u00e1sai ellen kell elv\u00e9gezni, a toj\u00e1skel\u00e9shez min\u00e9l k\u00f6zelebbi id\u0151pontban. A veget\u00e1ci\u00f3ban v\u00e9gzett permetez\u00e9skor c\u00e9lszer\u0171 a mozg\u00f3 alakokat \u00f6l\u0151 kombin\u00e1ci\u00f3s partnerrel egy\u00fctt kijuttatni a k\u00e9sz\u00edtm\u00e9nyt. A felhaszn\u00e1lt permetl\u00e9 mennyis\u00e9g\u00e9t az \u00fcltetv\u00e9ny m\u0171vel\u00e9sm\u00f3dj\u00e1t\u00f3l, a lombkorona s\u0171r\u0171s\u00e9g\u00e9t\u0151l \u00e9s az alkalmazott g\u00e9pt\u00edpust\u00f3l f\u00fcgg\u0151en kell megv\u00e1lasztani (500-1700 l\/ha). Kezel\u00e9s ideje almaterm\u00e9s\u0171ekben (fenol\u00f3giai \u00e1llapot szerint) vir\u00e1gr\u00fcgy-duzzad\u00e1s \u2013 \u00e9r\u00e9s kezdete (BBCH 51- BBCH 81). Kezel\u00e9s ideje bor- \u00e9s csemegesz\u0151l\u0151ben (fenol\u00f3giai \u00e1llapot szerint): \u00f6tleveles \u00e1llapot \u2013 bors\u00f3 nagys\u00e1g\u00fa bogy\u00f3k (BBCH 15 \u2013 BBCH 75)<\/p>\n<p>Szabadf\u00f6ldi apr\u00f3ubork\u00e1ban a v\u00e9dekez\u00e9st a tak\u00e1csatk\u00e1k t\u00f6meges toj\u00e1srak\u00e1sakor kell elv\u00e9gezni. \u00c9vente maxim\u00e1lisan k\u00e9tszeri kezel\u00e9s aj\u00e1nlott. A m\u00e1sodik kezel\u00e9skor elegend\u0151 lehet csak az \u00faj fejl\u0151d\u00e9s\u0171 n\u00f6v\u00e9nyi r\u00e9szek permetez\u00e9se, amit el\u0151zetes atkavizsg\u00e1lattal kell meg\u00e1llap\u00edtani. Kezel\u00e9s ideje (fenol\u00f3giai \u00e1llapot szerint): n\u00e9gyleveles \u00e1llapot \u2013 teljes \u00e9r\u00e9s (BBCH 14 \u2013 BBCH 89).<\/p>\n<p>Hajtatott k\u00edgy\u00f3ubork\u00e1ban, t\u00f6kben, s\u00fct\u0151t\u00f6kben, g\u00f6r\u00f6g- \u00e9s s\u00e1rgadinny\u00e9ben egy termeszt\u00e9si ciklus sor\u00e1n egy alkalommal a tak\u00e1csatk\u00e1k t\u00f6meges toj\u00e1srak\u00e1sa id\u0151szak\u00e1ban c\u00e9lszer\u0171 a v\u00e9dekez\u00e9st elv\u00e9gezni. Kezel\u00e9s ideje (fenol\u00f3giai \u00e1llapot szerint): n\u00e9gyleveles \u00e1llapot \u2013 teljes \u00e9r\u00e9s (BBCH 14 \u2013 BBCH 89).<\/p>\n<p>Hajtatott paprik\u00e1ban, paradicsomban \u00e9s toj\u00e1sgy\u00fcm\u00f6lcsben egy termeszt\u00e9si ciklus sor\u00e1n egy alkalommal a tak\u00e1csatk\u00e1k t\u00f6meges toj\u00e1srak\u00e1sa id\u0151szak\u00e1ban javasolt a v\u00e9dekez\u00e9st elv\u00e9gezni. Kezel\u00e9s ideje (fenol\u00f3giai \u00e1llapot szerint): n\u00e9gyleveles \u00e1llapot \u2013 teljes \u00e9r\u00e9s (BBCH 14 \u2013 BBCH 89).<\/p>\n<p>Bogy\u00f3s gy\u00fcm\u00f6lcs\u0171 kult\u00far\u00e1kban (m\u00e1lna, szeder, k\u00f6szm\u00e9te, ribiszke, josta, fekete bodza, gyep\u0171r\u00f3zsa) a permetez\u00e9st a betakar\u00edt\u00e1s ut\u00e1n kell elv\u00e9gezni. Kezel\u00e9s ideje (fenol\u00f3giai \u00e1llapot szerint): betakar\u00edt\u00e1s ut\u00e1n (BBCH 90).<\/p>\n<p>Szam\u00f3c\u00e1ban a szer egy veget\u00e1ci\u00f3s id\u0151szak alatt egyszer juttathat\u00f3 ki. A v\u00e9dekez\u00e9st a tak\u00e1csatk\u00e1k t\u00f6meges toj\u00e1srak\u00e1sakor c\u00e9lszer\u0171 elv\u00e9gezni, amit el\u0151zetes n\u00f6v\u00e9nyvizsg\u00e1lattal kell meg\u00e1llap\u00edtani. Er\u0151s fert\u0151z\u00e9s eset\u00e9n a legnagyobb d\u00f3zissal c\u00e9lszer\u0171 a v\u00e9dekez\u00e9st v\u00e9grehajtani. Kezel\u00e9s ideje (fenol\u00f3giai \u00e1llapot szerint): n\u00e9gyleveles (BBCH 14), illetve betakar\u00edt\u00e1s ut\u00e1n (BBCH 90).<\/p>\n<p>Koml\u00f3ban a v\u00e9dekez\u00e9st a tak\u00e1csatk\u00e1k t\u00f6meges toj\u00e1srak\u00e1sakor kell elv\u00e9gezni. Kezel\u00e9s ideje (fenol\u00f3giai \u00e1llapot szerint): lev\u00e9lr\u00fcgy-duzzad\u00e1s \u2013 vir\u00e1gzat kifejl\u0151d\u00f6tt (BBCH 01 \u2013 BBCH 59).<\/p>\n<p>D\u00edszn\u00f6v\u00e9nyekben a v\u00e9dekez\u00e9st a tak\u00e1csatk\u00e1k felszaporod\u00e1s\u00e1nak kezdet\u00e9n sz\u00fcks\u00e9ges elv\u00e9gezni. Kezel\u00e9s ideje (fenol\u00f3giai \u00e1llapot szerint): nincs korl\u00e1toz\u00e1s.<\/p>\n<p>D\u00edszf\u00e1kon \u00e9s d\u00edszcserj\u00e9ken, valamint k\u00f6zter\u00fcleti d\u00edszf\u00e1kon \u00e9s d\u00edszcserj\u00e9ken piros gy\u00fcm\u00f6lcsfa-tak\u00e1csatka ellen a l\u00e1rvakel\u00e9st megel\u0151z\u0151en kell v\u00e9dekezni, ha a t\u00e9li toj\u00e1sok mortalit\u00e1sa alacsony \u00e9s a vessz\u0151k, gallyak 30 %-a \u00e9letk\u00e9pes toj\u00e1ssal fert\u0151z\u00f6tt. Er\u0151sebb tavaszi k\u00e1rt\u00e9tel eset\u00e9n c\u00e9lszer\u0171 a mozg\u00f3 alakok ellen enged\u00e9lyezett atka\u00f6l\u0151 szerrel kombin\u00e1ci\u00f3ban kijuttatni. K\u00f6z\u00f6ns\u00e9ges tak\u00e1csatka \u00e9s m\u00e1s tak\u00e1csatka-fajok ellen a kezel\u00e9st a t\u00f6meges toj\u00e1srak\u00e1s id\u0151szak\u00e1ban c\u00e9lszer\u0171 elv\u00e9gezni, amit el\u0151zetes n\u00f6v\u00e9nyvizsg\u00e1lattal kell meg\u00e1llap\u00edtani.<\/p>\n<p>A k\u00e9sz\u00edtm\u00e9ny felhaszn\u00e1l\u00e1sa szerrot\u00e1ci\u00f3ban javasolt a rezisztencia kialakul\u00e1s\u00e1nak elker\u00fcl\u00e9se \u00e9rdek\u00e9ben.<\/p>\n<p>A k\u00e9sz\u00edtm\u00e9nyt k\u00f6zter\u00fcleten csak fels\u0151fok\u00fa n\u00f6v\u00e9nyv\u00e9delmi k\u00e9pes\u00edt\u00e9ssel \u00e9s hat\u00e1lyos enged\u00e9llyel rendelkez\u0151 szem\u00e9ly ir\u00e1ny\u00edt\u00e1sa mellett lehet kijuttatni.<\/p>\n<p>A k\u00f6zter\u00fcleteken t\u00f6rt\u00e9n\u0151 felhaszn\u00e1l\u00e1skor a kezel\u00e9sr\u0151l az \u00e9rintett lakoss\u00e1got a helyben szok\u00e1sos m\u00f3don t\u00e1j\u00e9koztatni kell, \u00e9s fel kell h\u00edvni a figyelmet a kezel\u00e9ssel j\u00e1r\u00f3 k\u00f6zeg\u00e9szs\u00e9g\u00fcgyi el\u0151\u00edr\u00e1sok betart\u00e1s\u00e1ra.<\/p>\n<p>Frissen kezelt, permetezett ter\u00fcleten tart\u00f3zkodni tilos!<\/p>\n<p>A kijuttat\u00e1s sor\u00e1n a permetl\u00e9 mennyis\u00e9g\u00e9t a kezelend\u0151 n\u00f6v\u00e9ny\u00e1llom\u00e1ny fejletts\u00e9g\u00e9t\u0151l, lombfel\u00fclet\u00e9t\u0151l \u00e9s m\u0171vel\u00e9sm\u00f3dj\u00e1t\u00f3l, valamint az alkalmazott g\u00e9pt\u00edpust\u00f3l f\u00fcgg\u0151en kell megv\u00e1lasztani.<\/p>\n<p>A hexitiazox hat\u00f3anyag az IRAC 10A atkan\u00f6veked\u00e9st (fejl\u0151d\u00e9st) g\u00e1tl\u00f3k csoportj\u00e1ba tartozik. Kontakt hat\u00e1ssal rendelkez\u0151 (nem felsz\u00edv\u00f3d\u00f3) gyomor m\u00e9reg, melynek az atk\u00e1k toj\u00e1saira, l\u00e1rv\u00e1ira \u00e9s nimf\u00e1ira van \u00f6l\u0151 hat\u00e1sa, viszont a kifejlett, ivar\u00e9rett egyedekre nem hat.<\/p>\n<p>kult\u00fara k\u00e1ros\u00edt\u00f3 d\u00f3zis (kg\/ha) v\u00edz (l\/ha) Kezel\u00e9sek max. sz\u00e1ma K\u00e9t kezel\u00e9s k\u00f6z\u00f6tt eltelt min. id\u0151 (nap)<br \/>\nalmaterm\u00e9s\u0171ek (alma, k\u00f6rte, birs, naspolya) k\u00f6z\u00f6ns\u00e9ges tak\u00e1csatka, piros gy\u00fcm\u00f6lcsfa-tak\u00e1csatka 0,3-0,5 500-1700 1 &#8211;<br \/>\nsz\u0151l\u0151 (bor \u00e9s csemege) k\u00f6z\u00f6ns\u00e9ges tak\u00e1csatka, piros gy\u00fcm\u00f6lcsfa-tak\u00e1csatka 0,4-0,5 400-1000 2 30<br \/>\napr\u00f3uborka (szabdf\u00f6ldi) k\u00f6z\u00f6ns\u00e9ges tak\u00e1csatka 0,3 300-1000 2 7<br \/>\nk\u00edgy\u00f3uborka, t\u00f6k, s\u00fct\u0151t\u00f6k, g\u00f6r\u00f6gdinnye, s\u00e1rgadinnye (n\u00f6v\u00e9nyh\u00e1zi, hajtatott) k\u00f6z\u00f6ns\u00e9ges tak\u00e1csatka 0,8 600-1600 1 0<br \/>\npaprika (n\u00f6v\u00e9nyh\u00e1zi, hajtatott) k\u00f6z\u00f6ns\u00e9ges tak\u00e1csatka 0,8 600-2500 1 0<br \/>\nparadicsom, toj\u00e1sgy\u00fcm\u00f6lcs (n\u00f6v\u00e9nyh\u00e1zi, hajtatott) k\u00f6z\u00f6ns\u00e9ges tak\u00e1csatka 1 600-2500 1 0<br \/>\nbogy\u00f3s gy\u00fcm\u00f6lcs\u0171ek (m\u00e1lna, szeder, k\u00f6szm\u00e9te, ribiszke, josta, fekete bodza, gyep\u0171r\u00f3zsa) tak\u00e1csatka fajok 1 500-1000 1 0<br \/>\nszam\u00f3ca (n\u00f6v\u00e9nyh\u00e1zi, szabadf\u00f6ldi) tak\u00e1csatka fajok 0,3-0,8 300-2000 1 0<br \/>\nkoml\u00f3 tak\u00e1csatka fajok 1,5 700-3300 1 &#8211;<br \/>\nd\u00edszf\u00e1k, d\u00edszcserj\u00e9k, k\u00f6zter\u00fcleti d\u00edszf\u00e1k, d\u00edszcserj\u00e9k tak\u00e1csatka fajok 0,5 800-1000 1 &#8211;<br \/>\nd\u00edszn\u00f6v\u00e9nyek (n\u00f6v\u00e9nyh\u00e1zi, szabadf\u00f6ldi) tak\u00e1csatka fajok 0,5 300-1600 1 &#8211;<br \/>\nH\u00e1zi-kerti felhaszn\u00e1l\u00e1s d\u00f3zisa: 4-8 g k\u00e9sz\u00edtm\u00e9ny\/10 l v\u00edz<\/p>\n<p align=\"justify\"><a href=\"https:\/\/www.facebook.com\/tajkertesz\">https:\/\/www.facebook.com\/tajkertesz<\/a><\/p>\n<p align=\"justify\"><a href=\"http:\/\/www.tajkertesz.hu\">http:\/\/www.tajkertesz.hu<\/a><\/p>\n<p align=\"justify\"><a href=\"https:\/\/tajkertesz.com\/wp-content\/uploads\/2021\/11\/Nissorun10WP.doc\">-Nissorun10WP<\/a><\/p>\n<h3 align=\"justify\">Kiz\u00e1r\u00f3lag szem\u00e9lyes \u00e1tv\u00e9tellel lehets\u00e9ges a term\u00e9k megv\u00e1s\u00e1rl\u00e1sa!<\/h3>\n<p align=\"justify\"><span style=\"color: #ffffff;\">A k\u00e9sz\u00edtm\u00e9nyt a gyep ny\u00edr\u00e1s\u00e1t k\u00f6vet\u0151en, a k\u00e9tszik\u0171 gyomn\u00f6v\u00e9nyek n\u00f6veked\u00e9s\u00e9nek \u00fajb\u00f3li megindul\u00e1sa ut\u00e1n kell kijuttatni 10 l\/ha (100 ml \/ 100 m2) d\u00f3zisban. A kijuttat\u00e1shoz sz\u00fcks\u00e9ges v\u00edzmennyis\u00e9g 10 l \/ 100 m2. A kezel\u00e9sn\u00e9l \u00fcgyelni kell arra, hogy a permetl\u00e9 kult\u00farn\u00f6v\u00e9nyekre ne ker\u00fclj\u00f6n, mert azokat maradand\u00f3an k\u00e1ros\u00edtja.<\/span><\/p>\n<p align=\"justify\"><span style=\"color: #ffffff;\">A k\u00e9sz\u00edtm\u00e9ny alkalmazhat\u00f3 foltkezel\u00e9s \u00e9s teljes fel\u00fcletkezel\u00e9s form\u00e1j\u00e1ban. Egy veget\u00e1ci\u00f3s szakaszban maximum k\u00e9t kezel\u00e9s v\u00e9gezhet\u0151.<\/span><\/p>\n<div align=\"justify\"><\/div>","protected":false},"excerpt":{"rendered":"<p class=\"product-detail-name\" style=\"text-align: center;\">Nissorun 10 WP 20 g<\/p>\n<div class=\"product-detail-title-after\">\n<div class=\"product-detail-manufacturer-wrap\" style=\"padding-left: 40px;\"><\/div>\n<\/div>","protected":false},"featured_media":11737,"template":"","meta":{"_et_pb_use_builder":"","_et_pb_old_content":"","_et_gb_content_width":""},"product_brand":[],"product_cat":[3423],"product_tag":[3419],"class_list":{"0":"post-11736","1":"product","2":"type-product","3":"status-publish","4":"has-post-thumbnail","6":"product_cat-rovarolo-szer","7":"product_tag-nissorun-10-wp-20-g","9":"first","10":"instock","11":"shipping-taxable","12":"purchasable","13":"product-type-simple"},"yoast_head":"<!-- This site is optimized with the Yoast SEO plugin v27.3 - https:\/\/yoast.com\/product\/yoast-seo-wordpress\/ -->\n<title>Nissorun 10 WP 20 g - T\u00e1jkert\u00e9sz<\/title>\n<meta name=\"description\" content=\"Nissorun 10 WP 20 g\" \/>\n<meta name=\"robots\" content=\"index, follow, max-snippet:-1, max-image-preview:large, max-video-preview:-1\" \/>\n<link rel=\"canonical\" href=\"https:\/\/tajkertesz.com\/en_US\/product\/nissorun-10-wp-20-g\/\" \/>\n<meta property=\"og:locale\" content=\"en_US\" \/>\n<meta property=\"og:type\" content=\"article\" \/>\n<meta property=\"og:title\" content=\"Nissorun 10 WP 20 g - T\u00e1jkert\u00e9sz\" \/>\n<meta property=\"og:description\" content=\"Nissorun 10 WP 20 g\" \/>\n<meta property=\"og:url\" content=\"https:\/\/tajkertesz.com\/en_US\/product\/nissorun-10-wp-20-g\/\" \/>\n<meta property=\"og:site_name\" content=\"T\u00e1jkert\u00e9sz\" \/>\n<meta property=\"article:publisher\" content=\"https:\/\/www.facebook.com\/Tajkertesz\/\" \/>\n<meta property=\"article:modified_time\" content=\"2026-02-18T15:37:46+00:00\" \/>\n<meta property=\"og:image\" content=\"https:\/\/tajkertesz.com\/wp-content\/uploads\/2021\/11\/Nissorunzacsi_1920x1920.jpg\" \/>\n\t<meta property=\"og:image:width\" content=\"1417\" \/>\n\t<meta property=\"og:image:height\" content=\"1860\" \/>\n\t<meta property=\"og:image:type\" content=\"image\/jpeg\" \/>\n<meta name=\"twitter:card\" content=\"summary_large_image\" \/>\n<meta name=\"twitter:label1\" content=\"Est. reading time\" \/>\n\t<meta name=\"twitter:data1\" content=\"5 minutes\" \/>\n<script type=\"application\/ld+json\" class=\"yoast-schema-graph\">{\"@context\":\"https:\\\/\\\/schema.org\",\"@graph\":[{\"@type\":\"WebPage\",\"@id\":\"https:\\\/\\\/tajkertesz.com\\\/termek\\\/nissorun-10-wp-20-g\\\/\",\"url\":\"https:\\\/\\\/tajkertesz.com\\\/termek\\\/nissorun-10-wp-20-g\\\/\",\"name\":\"Nissorun 10 WP 20 g - T\u00e1jkert\u00e9sz\",\"isPartOf\":{\"@id\":\"https:\\\/\\\/tajkertesz.com\\\/#website\"},\"primaryImageOfPage\":{\"@id\":\"https:\\\/\\\/tajkertesz.com\\\/termek\\\/nissorun-10-wp-20-g\\\/#primaryimage\"},\"image\":{\"@id\":\"https:\\\/\\\/tajkertesz.com\\\/termek\\\/nissorun-10-wp-20-g\\\/#primaryimage\"},\"thumbnailUrl\":\"https:\\\/\\\/tajkertesz.com\\\/wp-content\\\/uploads\\\/2021\\\/11\\\/Nissorunzacsi_1920x1920.jpg\",\"datePublished\":\"2021-11-26T09:40:30+00:00\",\"dateModified\":\"2026-02-18T15:37:46+00:00\",\"description\":\"Nissorun 10 WP 20 g\",\"breadcrumb\":{\"@id\":\"https:\\\/\\\/tajkertesz.com\\\/termek\\\/nissorun-10-wp-20-g\\\/#breadcrumb\"},\"inLanguage\":\"en-US\",\"potentialAction\":[{\"@type\":\"ReadAction\",\"target\":[\"https:\\\/\\\/tajkertesz.com\\\/termek\\\/nissorun-10-wp-20-g\\\/\"]}]},{\"@type\":\"ImageObject\",\"inLanguage\":\"en-US\",\"@id\":\"https:\\\/\\\/tajkertesz.com\\\/termek\\\/nissorun-10-wp-20-g\\\/#primaryimage\",\"url\":\"https:\\\/\\\/tajkertesz.com\\\/wp-content\\\/uploads\\\/2021\\\/11\\\/Nissorunzacsi_1920x1920.jpg\",\"contentUrl\":\"https:\\\/\\\/tajkertesz.com\\\/wp-content\\\/uploads\\\/2021\\\/11\\\/Nissorunzacsi_1920x1920.jpg\",\"width\":1417,\"height\":1860},{\"@type\":\"BreadcrumbList\",\"@id\":\"https:\\\/\\\/tajkertesz.com\\\/termek\\\/nissorun-10-wp-20-g\\\/#breadcrumb\",\"itemListElement\":[{\"@type\":\"ListItem\",\"position\":1,\"name\":\"Home\",\"item\":\"https:\\\/\\\/tajkertesz.com\\\/\"},{\"@type\":\"ListItem\",\"position\":2,\"name\":\"Kezd\u0151lap\",\"item\":\"https:\\\/\\\/tajkertesz.com\\\/\"},{\"@type\":\"ListItem\",\"position\":3,\"name\":\"Nissorun 10 WP 20 g\"}]},{\"@type\":\"WebSite\",\"@id\":\"https:\\\/\\\/tajkertesz.com\\\/#website\",\"url\":\"https:\\\/\\\/tajkertesz.com\\\/\",\"name\":\"T\u00e1j-Kert\u00e9sz 84 Kft.\",\"description\":\"Kert\u00e9szeti kis- \u00e9s nagykeresked\u00e9s, D\u00edszn\u00f6v\u00e9ny web\u00e1ruh\u00e1z orsz\u00e1gos h\u00e1zhozsz\u00e1ll\u00edt\u00e1ssal!\",\"publisher\":{\"@id\":\"https:\\\/\\\/tajkertesz.com\\\/#organization\"},\"potentialAction\":[{\"@type\":\"SearchAction\",\"target\":{\"@type\":\"EntryPoint\",\"urlTemplate\":\"https:\\\/\\\/tajkertesz.com\\\/?s={search_term_string}\"},\"query-input\":{\"@type\":\"PropertyValueSpecification\",\"valueRequired\":true,\"valueName\":\"search_term_string\"}}],\"inLanguage\":\"en-US\"},{\"@type\":\"Organization\",\"@id\":\"https:\\\/\\\/tajkertesz.com\\\/#organization\",\"name\":\"T\u00e1j-Kert\u00e9sz 84 Kft.\",\"url\":\"https:\\\/\\\/tajkertesz.com\\\/\",\"logo\":{\"@type\":\"ImageObject\",\"inLanguage\":\"en-US\",\"@id\":\"https:\\\/\\\/tajkertesz.com\\\/#\\\/schema\\\/logo\\\/image\\\/\",\"url\":\"https:\\\/\\\/tajkertesz.com\\\/wp-content\\\/uploads\\\/2018\\\/02\\\/logo-2-e1518678052539.png\",\"contentUrl\":\"https:\\\/\\\/tajkertesz.com\\\/wp-content\\\/uploads\\\/2018\\\/02\\\/logo-2-e1518678052539.png\",\"width\":81,\"height\":140,\"caption\":\"T\u00e1j-Kert\u00e9sz 84 Kft.\"},\"image\":{\"@id\":\"https:\\\/\\\/tajkertesz.com\\\/#\\\/schema\\\/logo\\\/image\\\/\"},\"sameAs\":[\"https:\\\/\\\/www.facebook.com\\\/Tajkertesz\\\/\"]}]}<\/script>\n<!-- \/ Yoast SEO plugin. -->","yoast_head_json":{"title":"Nissorun 10 WP 20 g - T\u00e1jkert\u00e9sz","description":"Nissorun 10 WP 20 g","robots":{"index":"index","follow":"follow","max-snippet":"max-snippet:-1","max-image-preview":"max-image-preview:large","max-video-preview":"max-video-preview:-1"},"canonical":"https:\/\/tajkertesz.com\/en_US\/product\/nissorun-10-wp-20-g\/","og_locale":"en_US","og_type":"article","og_title":"Nissorun 10 WP 20 g - T\u00e1jkert\u00e9sz","og_description":"Nissorun 10 WP 20 g","og_url":"https:\/\/tajkertesz.com\/en_US\/product\/nissorun-10-wp-20-g\/","og_site_name":"T\u00e1jkert\u00e9sz","article_publisher":"https:\/\/www.facebook.com\/Tajkertesz\/","article_modified_time":"2026-02-18T15:37:46+00:00","og_image":[{"width":1417,"height":1860,"url":"https:\/\/tajkertesz.com\/wp-content\/uploads\/2021\/11\/Nissorunzacsi_1920x1920.jpg","type":"image\/jpeg"}],"twitter_card":"summary_large_image","twitter_misc":{"Est. reading time":"5 minutes"},"schema":{"@context":"https:\/\/schema.org","@graph":[{"@type":"WebPage","@id":"https:\/\/tajkertesz.com\/termek\/nissorun-10-wp-20-g\/","url":"https:\/\/tajkertesz.com\/termek\/nissorun-10-wp-20-g\/","name":"Nissorun 10 WP 20 g - T\u00e1jkert\u00e9sz","isPartOf":{"@id":"https:\/\/tajkertesz.com\/#website"},"primaryImageOfPage":{"@id":"https:\/\/tajkertesz.com\/termek\/nissorun-10-wp-20-g\/#primaryimage"},"image":{"@id":"https:\/\/tajkertesz.com\/termek\/nissorun-10-wp-20-g\/#primaryimage"},"thumbnailUrl":"https:\/\/tajkertesz.com\/wp-content\/uploads\/2021\/11\/Nissorunzacsi_1920x1920.jpg","datePublished":"2021-11-26T09:40:30+00:00","dateModified":"2026-02-18T15:37:46+00:00","description":"Nissorun 10 WP 20 g","breadcrumb":{"@id":"https:\/\/tajkertesz.com\/termek\/nissorun-10-wp-20-g\/#breadcrumb"},"inLanguage":"en-US","potentialAction":[{"@type":"ReadAction","target":["https:\/\/tajkertesz.com\/termek\/nissorun-10-wp-20-g\/"]}]},{"@type":"ImageObject","inLanguage":"en-US","@id":"https:\/\/tajkertesz.com\/termek\/nissorun-10-wp-20-g\/#primaryimage","url":"https:\/\/tajkertesz.com\/wp-content\/uploads\/2021\/11\/Nissorunzacsi_1920x1920.jpg","contentUrl":"https:\/\/tajkertesz.com\/wp-content\/uploads\/2021\/11\/Nissorunzacsi_1920x1920.jpg","width":1417,"height":1860},{"@type":"BreadcrumbList","@id":"https:\/\/tajkertesz.com\/termek\/nissorun-10-wp-20-g\/#breadcrumb","itemListElement":[{"@type":"ListItem","position":1,"name":"Home","item":"https:\/\/tajkertesz.com\/"},{"@type":"ListItem","position":2,"name":"Kezd\u0151lap","item":"https:\/\/tajkertesz.com\/"},{"@type":"ListItem","position":3,"name":"Nissorun 10 WP 20 g"}]},{"@type":"WebSite","@id":"https:\/\/tajkertesz.com\/#website","url":"https:\/\/tajkertesz.com\/","name":"T\u00e1j-Kert\u00e9sz 84 Kft.","description":"Kert\u00e9szeti kis- \u00e9s nagykeresked\u00e9s, D\u00edszn\u00f6v\u00e9ny web\u00e1ruh\u00e1z orsz\u00e1gos h\u00e1zhozsz\u00e1ll\u00edt\u00e1ssal!","publisher":{"@id":"https:\/\/tajkertesz.com\/#organization"},"potentialAction":[{"@type":"SearchAction","target":{"@type":"EntryPoint","urlTemplate":"https:\/\/tajkertesz.com\/?s={search_term_string}"},"query-input":{"@type":"PropertyValueSpecification","valueRequired":true,"valueName":"search_term_string"}}],"inLanguage":"en-US"},{"@type":"Organization","@id":"https:\/\/tajkertesz.com\/#organization","name":"T\u00e1j-Kert\u00e9sz 84 Kft.","url":"https:\/\/tajkertesz.com\/","logo":{"@type":"ImageObject","inLanguage":"en-US","@id":"https:\/\/tajkertesz.com\/#\/schema\/logo\/image\/","url":"https:\/\/tajkertesz.com\/wp-content\/uploads\/2018\/02\/logo-2-e1518678052539.png","contentUrl":"https:\/\/tajkertesz.com\/wp-content\/uploads\/2018\/02\/logo-2-e1518678052539.png","width":81,"height":140,"caption":"T\u00e1j-Kert\u00e9sz 84 Kft."},"image":{"@id":"https:\/\/tajkertesz.com\/#\/schema\/logo\/image\/"},"sameAs":["https:\/\/www.facebook.com\/Tajkertesz\/"]}]}},"_links":{"self":[{"href":"https:\/\/tajkertesz.com\/en_US\/wp-json\/wp\/v2\/product\/11736","targetHints":{"allow":["GET"]}}],"collection":[{"href":"https:\/\/tajkertesz.com\/en_US\/wp-json\/wp\/v2\/product"}],"about":[{"href":"https:\/\/tajkertesz.com\/en_US\/wp-json\/wp\/v2\/types\/product"}],"wp:featuredmedia":[{"embeddable":true,"href":"https:\/\/tajkertesz.com\/en_US\/wp-json\/wp\/v2\/media\/11737"}],"wp:attachment":[{"href":"https:\/\/tajkertesz.com\/en_US\/wp-json\/wp\/v2\/media?parent=11736"}],"wp:term":[{"taxonomy":"product_brand","embeddable":true,"href":"https:\/\/tajkertesz.com\/en_US\/wp-json\/wp\/v2\/product_brand?post=11736"},{"taxonomy":"product_cat","embeddable":true,"href":"https:\/\/tajkertesz.com\/en_US\/wp-json\/wp\/v2\/product_cat?post=11736"},{"taxonomy":"product_tag","embeddable":true,"href":"https:\/\/tajkertesz.com\/en_US\/wp-json\/wp\/v2\/product_tag?post=11736"}],"curies":[{"name":"wp","href":"https:\/\/api.w.org\/{rel}","templated":true}]}}