{"id":11743,"date":"2021-11-26T10:13:54","date_gmt":"2021-11-26T10:13:54","guid":{"rendered":"https:\/\/tajkertesz.com\/?post_type=product&#038;p=11743"},"modified":"2024-11-28T09:46:27","modified_gmt":"2024-11-28T09:46:27","slug":"glialka-star-5-l","status":"publish","type":"product","link":"https:\/\/tajkertesz.com\/en_US\/product\/glialka-star-5-l\/","title":{"rendered":"Glialka Star 5 l"},"content":{"rendered":"<h1 class=\"product-detail-name\">Glialka Star 5 l<\/h1>\n<p class=\"product-detail-name\">Glialka Star 5 l<\/p>\n<p class=\"product-detail-name\">H\u00e1zikerti felhaszn\u00e1l\u00e1s: 200-250 ml\/10 l v\u00edz.<\/p>\n<p class=\"product-detail-name\">Mez\u0151gazdas\u00e1gilag nem m\u0171velt ter\u00fcletek, lakott ter\u00fcletek, kiskertek, sz\u0151l\u0151, gy\u00fcm\u00f6lcs\u00f6s, gyep fel\u00faj\u00edt\u00e1s, erd\u00e9szet, fakitermel\u00e9s tot\u00e1lis gyomirt\u00e1s\u00e1ra.<br \/>\nHat\u00f3anyag tartalom<br \/>\n360 g\/l glifoz\u00e1t (441 g\/l glifoz\u00e1t k\u00e1lium s\u00f3 form\u00e1j\u00e1ban)<br \/>\nFormul\u00e1ci\u00f3: SL Foly\u00e9kony, v\u00edzoldhat\u00f3 koncentr\u00e1tum<br \/>\nForgalmaz\u00e1si kateg\u00f3ria: III. (szabadforgalm\u00fa)<br \/>\nVesz\u00e9lyess\u00e9gi besorol\u00e1s<br \/>\nM\u00e9hvesz\u00e9lyess\u00e9g: Nem jel\u00f6l\u00e9sk\u00f6teles<br \/>\nK\u00f6rnyezeti vesz\u00e9lyess\u00e9g<br \/>\nV\u00edzi szervezetekre m\u00e9rs\u00e9kelten vesz\u00e9lyes<br \/>\nT\u0171zvesz\u00e9lyess\u00e9g:nem jel\u00f6l\u00e9sk\u00f6teles<br \/>\nMunkaeg\u00e9szs\u00e9g\u00fcgy V\u00e1rakoz\u00e1si Id\u0151: 0 nap<br \/>\nT\u00e1rolhat\u00f3s\u00e1g<br \/>\n3 \u00e9v eredeti z\u00e1rt csomagol\u00e1sban, sz\u00e1raz, h\u0171v\u00f6s helyen, szab\u00e1lyos n\u00f6v\u00e9nyv\u00e9d\u0151 szer rakt\u00e1rban.<br \/>\nKiszerel\u00e9s<br \/>\n1 literes flakon, 0,2 literes flakon, 5 l-es m\u0171anyag flakon<br \/>\nGy\u00e1rt\u00f3<br \/>\nMonsanto Europe, Belgium<\/p>\n<p>Javasolt technol\u00f3gia<\/p>\n<p>Magr\u00f3l kel\u0151 gyomn\u00f6v\u00e9nyek eset\u00e9ben az enged\u00e9lyokiratban meghat\u00e1rozott alacsonyabb d\u00f3zisban kell alkalmazni. Magr\u00f3l kel\u0151 k\u00e9tszik\u0171ek eset\u00e9ben azok 4-8 val\u00f3di leveles fenol\u00f3gi\u00e1j\u00e1ban, magr\u00f3l kel\u0151 egyszik\u0171 gyomn\u00f6v\u00e9nyekn\u00e9l 3-5 leveles \u00e1llapotban kell a kezel\u00e9st elv\u00e9gezni.<br \/>\n\u00c9vel\u0151 k\u00e9tszik\u0171, valamint \u00e9vel\u0151 egyszik\u0171 gyomn\u00f6v\u00e9nyek eset\u00e9ben azok intenz\u00edv n\u00f6veked\u00e9si szakasz\u00e1ban kell a k\u00e9sz\u00edtm\u00e9nyt kijuttatni, hogy a hat\u00f3anyag a gyomn\u00f6v\u00e9ny f\u00f6ld alatti szapor\u00edt\u00f3 k\u00e9pleteibe is lejusson.<br \/>\nTarackb\u00faza, feny\u00e9rcirok, n\u00e1d ellen kedvez\u0151bb hat\u00e1s \u00e9rhet\u0151 el \u0151sszel, amikor a t\u00e1panyag \u00e1raml\u00e1sa a riz\u00f3m\u00e1k fel\u00e9 a legintenz\u00edvebb. Szul\u00e1k-f\u00e9l\u00e9k ellen a vir\u00e1gz\u00e1s idej\u00e9n, mezei acat ellen annak t\u0151lev\u00e9lr\u00f3zs\u00e1s \u00e1llapot\u00e1ban van a kezel\u00e9s optim\u00e1lis id\u0151pontja.<br \/>\nA meteorol\u00f3giai k\u00f6r\u00fclm\u00e9nyeket figyelembe v\u00e9ve a glifoz\u00e1t hat\u00f3anyag 15-25 C k\u00f6z\u00f6tt \u00e9s magas p\u00e1ratartalom mellett a leghat\u00e9konyabb. A hat\u00e1s kifejt\u00e9s\u00e9hez fontos, hogy a kezel\u00e9st k\u00f6vet\u0151en 6 \u00f3r\u00e1n bel\u00fcl ne hulljon csapad\u00e9k, \u00e9s a hat\u00f3anyag marad\u00e9ktalanul felsz\u00edv\u00f3dhasson a gyomn\u00f6v\u00e9nyben<br \/>\nA k\u00e9sz\u00edtm\u00e9ny nem szelekt\u00edv, a gyomn\u00f6v\u00e9nyekt\u0151l megv\u00e9dend\u0151 kult\u00farn\u00f6v\u00e9nyre nem ker\u00fclhet a hat\u00f3anyag, mert azt k\u00e1ros\u00edthatja.<\/p>\n<h3 align=\"justify\">Kiz\u00e1r\u00f3lag szem\u00e9lyes \u00e1tv\u00e9tellel lehets\u00e9ges a term\u00e9k megv\u00e1s\u00e1rl\u00e1sa!<\/h3>\n<p style=\"line-height: 18.0pt; background: white; margin: 0cm 0cm 15.0pt 0cm;\"><b><span style=\"font-family: 'Ubuntu',sans-serif; color: black;\">K\u00e9szlet\u00fcnk napi szinten v\u00e1ltozik, ez\u00e9rt k\u00e9rj\u00fck, \u00e9rdekl\u0151dj\u00f6n szem\u00e9lyesen, telefonon vagy email-en.<br \/>\nA v\u00e1ltoztat\u00e1s jog\u00e1t fenntartjuk!\u00a0<\/span><\/b><\/p>\n<p><a href=\"https:\/\/tajkertesz.com\/\">https:\/\/tajkertesz.com\/<\/a><\/p>\n<p><a href=\"https:\/\/www.facebook.com\/tajkertesz\/\">https:\/\/www.facebook.com\/tajkertesz\/<\/a><\/p>\n<p>Kisz\u00e1ll\u00edt\u00e1s: 200cm-ig \u00e9s 40 kg-ig a sz\u00e1ll\u00edt\u00e1s fut\u00e1rszolg\u00e1lattal t\u00f6rt\u00e9nik.<\/p>\n<p>Szem\u00e9lyes \u00e1tv\u00e9tel nyitvatart\u00e1si id\u0151ben a 17. ker\u00fclet Bakancsos utca 7. sz\u00e1m alatti Kert\u00e9szeti \u00e1rud\u00e1nkban.<\/p>\n<p>Kert\u00e9p\u00edt\u0151k \u00e9s viszontelad\u00f3k regisztr\u00e1l\u00e1s ut\u00e1n egyedi kedvezm\u00e9nnyel v\u00e1s\u00e1rolhatnak kert\u00e9szeti kis-\u00e9s nagykeresked\u00e9s\u00fcnkben.<\/p>\n<div align=\"justify\"><\/div>","protected":false},"excerpt":{"rendered":"<h3 align=\"justify\">Kateg\u00f3ria: II.<\/h3>\n<h3 style=\"text-align: left;\" align=\"justify\"><span style=\"color: #ff0000;\">A Magyarorsz\u00e1gon hat\u00e1lyban l\u00e9v\u0151 jogszab\u00e1ly szerint kiz\u00e1r\u00f3lag szem\u00e9lyes \u00e1tv\u00e9tellel lehets\u00e9ges a term\u00e9k megv\u00e1s\u00e1rl\u00e1sa!<\/span><\/h3>\n<div class=\"product-detail-title-after\">\n<div class=\"product-detail-manufacturer-wrap\"><\/div>\n<\/div>","protected":false},"featured_media":11744,"template":"","meta":{"_et_pb_use_builder":"","_et_pb_old_content":"","_et_gb_content_width":""},"product_brand":[],"product_cat":[3422],"product_tag":[4679,5095,3426,5126,4735],"class_list":{"0":"post-11743","1":"product","2":"type-product","3":"status-publish","4":"has-post-thumbnail","6":"product_cat-gyomirto-szer","7":"product_tag-gaz","8":"product_tag-glialka","9":"product_tag-glialka-star-5-l","10":"product_tag-gyom","11":"product_tag-gyomirto","13":"first","14":"outofstock","15":"shipping-taxable","16":"product-type-simple"},"yoast_head":"<!-- This site is optimized with the Yoast SEO plugin v27.3 - https:\/\/yoast.com\/product\/yoast-seo-wordpress\/ -->\n<title>Glialka Star 5 l - T\u00e1jkert\u00e9sz<\/title>\n<meta name=\"description\" content=\"Glialka Star 5l. Mez\u0151gazdas\u00e1gilag nem m\u0171velt ter\u00fcletek, lakott ter\u00fcletek, kiskertek, sz\u0151l\u0151, gy\u00fcm\u00f6lcs\u00f6s, gyep fel\u00faj\u00edt\u00e1s, erd\u00e9szet, fakitermel\u00e9s tot\u00e1lis gyom.\" \/>\n<meta name=\"robots\" content=\"index, follow, max-snippet:-1, max-image-preview:large, max-video-preview:-1\" \/>\n<link rel=\"canonical\" href=\"https:\/\/tajkertesz.com\/en_US\/product\/glialka-star-5-l\/\" \/>\n<meta property=\"og:locale\" content=\"en_US\" \/>\n<meta property=\"og:type\" content=\"article\" \/>\n<meta property=\"og:title\" content=\"Glialka Star 5 l - T\u00e1jkert\u00e9sz\" \/>\n<meta property=\"og:description\" content=\"Glialka Star 5l. Mez\u0151gazdas\u00e1gilag nem m\u0171velt ter\u00fcletek, lakott ter\u00fcletek, kiskertek, sz\u0151l\u0151, gy\u00fcm\u00f6lcs\u00f6s, gyep fel\u00faj\u00edt\u00e1s, erd\u00e9szet, fakitermel\u00e9s tot\u00e1lis gyom.\" \/>\n<meta property=\"og:url\" content=\"https:\/\/tajkertesz.com\/en_US\/product\/glialka-star-5-l\/\" \/>\n<meta property=\"og:site_name\" content=\"T\u00e1jkert\u00e9sz\" \/>\n<meta property=\"article:publisher\" content=\"https:\/\/www.facebook.com\/Tajkertesz\/\" \/>\n<meta property=\"article:modified_time\" content=\"2024-11-28T09:46:27+00:00\" \/>\n<meta property=\"og:image\" content=\"https:\/\/tajkertesz.com\/wp-content\/uploads\/2021\/11\/glialka_star_5l.jpg\" \/>\n\t<meta property=\"og:image:width\" content=\"768\" \/>\n\t<meta property=\"og:image:height\" content=\"1021\" \/>\n\t<meta property=\"og:image:type\" content=\"image\/jpeg\" \/>\n<meta name=\"twitter:card\" content=\"summary_large_image\" \/>\n<meta name=\"twitter:label1\" content=\"Est. reading time\" \/>\n\t<meta name=\"twitter:data1\" content=\"2 minutes\" \/>\n<script type=\"application\/ld+json\" class=\"yoast-schema-graph\">{\"@context\":\"https:\\\/\\\/schema.org\",\"@graph\":[{\"@type\":\"WebPage\",\"@id\":\"https:\\\/\\\/tajkertesz.com\\\/termek\\\/glialka-star-5-l\\\/\",\"url\":\"https:\\\/\\\/tajkertesz.com\\\/termek\\\/glialka-star-5-l\\\/\",\"name\":\"Glialka Star 5 l - T\u00e1jkert\u00e9sz\",\"isPartOf\":{\"@id\":\"https:\\\/\\\/tajkertesz.com\\\/#website\"},\"primaryImageOfPage\":{\"@id\":\"https:\\\/\\\/tajkertesz.com\\\/termek\\\/glialka-star-5-l\\\/#primaryimage\"},\"image\":{\"@id\":\"https:\\\/\\\/tajkertesz.com\\\/termek\\\/glialka-star-5-l\\\/#primaryimage\"},\"thumbnailUrl\":\"https:\\\/\\\/tajkertesz.com\\\/wp-content\\\/uploads\\\/2021\\\/11\\\/glialka_star_5l.jpg\",\"datePublished\":\"2021-11-26T10:13:54+00:00\",\"dateModified\":\"2024-11-28T09:46:27+00:00\",\"description\":\"Glialka Star 5l. Mez\u0151gazdas\u00e1gilag nem m\u0171velt ter\u00fcletek, lakott ter\u00fcletek, kiskertek, sz\u0151l\u0151, gy\u00fcm\u00f6lcs\u00f6s, gyep fel\u00faj\u00edt\u00e1s, erd\u00e9szet, fakitermel\u00e9s tot\u00e1lis gyom.\",\"breadcrumb\":{\"@id\":\"https:\\\/\\\/tajkertesz.com\\\/termek\\\/glialka-star-5-l\\\/#breadcrumb\"},\"inLanguage\":\"en-US\",\"potentialAction\":[{\"@type\":\"ReadAction\",\"target\":[\"https:\\\/\\\/tajkertesz.com\\\/termek\\\/glialka-star-5-l\\\/\"]}]},{\"@type\":\"ImageObject\",\"inLanguage\":\"en-US\",\"@id\":\"https:\\\/\\\/tajkertesz.com\\\/termek\\\/glialka-star-5-l\\\/#primaryimage\",\"url\":\"https:\\\/\\\/tajkertesz.com\\\/wp-content\\\/uploads\\\/2021\\\/11\\\/glialka_star_5l.jpg\",\"contentUrl\":\"https:\\\/\\\/tajkertesz.com\\\/wp-content\\\/uploads\\\/2021\\\/11\\\/glialka_star_5l.jpg\",\"width\":768,\"height\":1021,\"caption\":\"Glialka Star 5 l\"},{\"@type\":\"BreadcrumbList\",\"@id\":\"https:\\\/\\\/tajkertesz.com\\\/termek\\\/glialka-star-5-l\\\/#breadcrumb\",\"itemListElement\":[{\"@type\":\"ListItem\",\"position\":1,\"name\":\"Home\",\"item\":\"https:\\\/\\\/tajkertesz.com\\\/\"},{\"@type\":\"ListItem\",\"position\":2,\"name\":\"Kezd\u0151lap\",\"item\":\"https:\\\/\\\/tajkertesz.com\\\/\"},{\"@type\":\"ListItem\",\"position\":3,\"name\":\"Glialka Star 5 l\"}]},{\"@type\":\"WebSite\",\"@id\":\"https:\\\/\\\/tajkertesz.com\\\/#website\",\"url\":\"https:\\\/\\\/tajkertesz.com\\\/\",\"name\":\"T\u00e1j-Kert\u00e9sz 84 Kft.\",\"description\":\"Kert\u00e9szeti kis- \u00e9s nagykeresked\u00e9s, D\u00edszn\u00f6v\u00e9ny web\u00e1ruh\u00e1z orsz\u00e1gos h\u00e1zhozsz\u00e1ll\u00edt\u00e1ssal!\",\"publisher\":{\"@id\":\"https:\\\/\\\/tajkertesz.com\\\/#organization\"},\"potentialAction\":[{\"@type\":\"SearchAction\",\"target\":{\"@type\":\"EntryPoint\",\"urlTemplate\":\"https:\\\/\\\/tajkertesz.com\\\/?s={search_term_string}\"},\"query-input\":{\"@type\":\"PropertyValueSpecification\",\"valueRequired\":true,\"valueName\":\"search_term_string\"}}],\"inLanguage\":\"en-US\"},{\"@type\":\"Organization\",\"@id\":\"https:\\\/\\\/tajkertesz.com\\\/#organization\",\"name\":\"T\u00e1j-Kert\u00e9sz 84 Kft.\",\"url\":\"https:\\\/\\\/tajkertesz.com\\\/\",\"logo\":{\"@type\":\"ImageObject\",\"inLanguage\":\"en-US\",\"@id\":\"https:\\\/\\\/tajkertesz.com\\\/#\\\/schema\\\/logo\\\/image\\\/\",\"url\":\"https:\\\/\\\/tajkertesz.com\\\/wp-content\\\/uploads\\\/2018\\\/02\\\/logo-2-e1518678052539.png\",\"contentUrl\":\"https:\\\/\\\/tajkertesz.com\\\/wp-content\\\/uploads\\\/2018\\\/02\\\/logo-2-e1518678052539.png\",\"width\":81,\"height\":140,\"caption\":\"T\u00e1j-Kert\u00e9sz 84 Kft.\"},\"image\":{\"@id\":\"https:\\\/\\\/tajkertesz.com\\\/#\\\/schema\\\/logo\\\/image\\\/\"},\"sameAs\":[\"https:\\\/\\\/www.facebook.com\\\/Tajkertesz\\\/\"]}]}<\/script>\n<!-- \/ Yoast SEO plugin. -->","yoast_head_json":{"title":"Glialka Star 5 l - T\u00e1jkert\u00e9sz","description":"Glialka Star 5l. Mez\u0151gazdas\u00e1gilag nem m\u0171velt ter\u00fcletek, lakott ter\u00fcletek, kiskertek, sz\u0151l\u0151, gy\u00fcm\u00f6lcs\u00f6s, gyep fel\u00faj\u00edt\u00e1s, erd\u00e9szet, fakitermel\u00e9s tot\u00e1lis gyom.","robots":{"index":"index","follow":"follow","max-snippet":"max-snippet:-1","max-image-preview":"max-image-preview:large","max-video-preview":"max-video-preview:-1"},"canonical":"https:\/\/tajkertesz.com\/en_US\/product\/glialka-star-5-l\/","og_locale":"en_US","og_type":"article","og_title":"Glialka Star 5 l - T\u00e1jkert\u00e9sz","og_description":"Glialka Star 5l. Mez\u0151gazdas\u00e1gilag nem m\u0171velt ter\u00fcletek, lakott ter\u00fcletek, kiskertek, sz\u0151l\u0151, gy\u00fcm\u00f6lcs\u00f6s, gyep fel\u00faj\u00edt\u00e1s, erd\u00e9szet, fakitermel\u00e9s tot\u00e1lis gyom.","og_url":"https:\/\/tajkertesz.com\/en_US\/product\/glialka-star-5-l\/","og_site_name":"T\u00e1jkert\u00e9sz","article_publisher":"https:\/\/www.facebook.com\/Tajkertesz\/","article_modified_time":"2024-11-28T09:46:27+00:00","og_image":[{"width":768,"height":1021,"url":"https:\/\/tajkertesz.com\/wp-content\/uploads\/2021\/11\/glialka_star_5l.jpg","type":"image\/jpeg"}],"twitter_card":"summary_large_image","twitter_misc":{"Est. reading time":"2 minutes"},"schema":{"@context":"https:\/\/schema.org","@graph":[{"@type":"WebPage","@id":"https:\/\/tajkertesz.com\/termek\/glialka-star-5-l\/","url":"https:\/\/tajkertesz.com\/termek\/glialka-star-5-l\/","name":"Glialka Star 5 l - T\u00e1jkert\u00e9sz","isPartOf":{"@id":"https:\/\/tajkertesz.com\/#website"},"primaryImageOfPage":{"@id":"https:\/\/tajkertesz.com\/termek\/glialka-star-5-l\/#primaryimage"},"image":{"@id":"https:\/\/tajkertesz.com\/termek\/glialka-star-5-l\/#primaryimage"},"thumbnailUrl":"https:\/\/tajkertesz.com\/wp-content\/uploads\/2021\/11\/glialka_star_5l.jpg","datePublished":"2021-11-26T10:13:54+00:00","dateModified":"2024-11-28T09:46:27+00:00","description":"Glialka Star 5l. Mez\u0151gazdas\u00e1gilag nem m\u0171velt ter\u00fcletek, lakott ter\u00fcletek, kiskertek, sz\u0151l\u0151, gy\u00fcm\u00f6lcs\u00f6s, gyep fel\u00faj\u00edt\u00e1s, erd\u00e9szet, fakitermel\u00e9s tot\u00e1lis gyom.","breadcrumb":{"@id":"https:\/\/tajkertesz.com\/termek\/glialka-star-5-l\/#breadcrumb"},"inLanguage":"en-US","potentialAction":[{"@type":"ReadAction","target":["https:\/\/tajkertesz.com\/termek\/glialka-star-5-l\/"]}]},{"@type":"ImageObject","inLanguage":"en-US","@id":"https:\/\/tajkertesz.com\/termek\/glialka-star-5-l\/#primaryimage","url":"https:\/\/tajkertesz.com\/wp-content\/uploads\/2021\/11\/glialka_star_5l.jpg","contentUrl":"https:\/\/tajkertesz.com\/wp-content\/uploads\/2021\/11\/glialka_star_5l.jpg","width":768,"height":1021,"caption":"Glialka Star 5 l"},{"@type":"BreadcrumbList","@id":"https:\/\/tajkertesz.com\/termek\/glialka-star-5-l\/#breadcrumb","itemListElement":[{"@type":"ListItem","position":1,"name":"Home","item":"https:\/\/tajkertesz.com\/"},{"@type":"ListItem","position":2,"name":"Kezd\u0151lap","item":"https:\/\/tajkertesz.com\/"},{"@type":"ListItem","position":3,"name":"Glialka Star 5 l"}]},{"@type":"WebSite","@id":"https:\/\/tajkertesz.com\/#website","url":"https:\/\/tajkertesz.com\/","name":"T\u00e1j-Kert\u00e9sz 84 Kft.","description":"Kert\u00e9szeti kis- \u00e9s nagykeresked\u00e9s, D\u00edszn\u00f6v\u00e9ny web\u00e1ruh\u00e1z orsz\u00e1gos h\u00e1zhozsz\u00e1ll\u00edt\u00e1ssal!","publisher":{"@id":"https:\/\/tajkertesz.com\/#organization"},"potentialAction":[{"@type":"SearchAction","target":{"@type":"EntryPoint","urlTemplate":"https:\/\/tajkertesz.com\/?s={search_term_string}"},"query-input":{"@type":"PropertyValueSpecification","valueRequired":true,"valueName":"search_term_string"}}],"inLanguage":"en-US"},{"@type":"Organization","@id":"https:\/\/tajkertesz.com\/#organization","name":"T\u00e1j-Kert\u00e9sz 84 Kft.","url":"https:\/\/tajkertesz.com\/","logo":{"@type":"ImageObject","inLanguage":"en-US","@id":"https:\/\/tajkertesz.com\/#\/schema\/logo\/image\/","url":"https:\/\/tajkertesz.com\/wp-content\/uploads\/2018\/02\/logo-2-e1518678052539.png","contentUrl":"https:\/\/tajkertesz.com\/wp-content\/uploads\/2018\/02\/logo-2-e1518678052539.png","width":81,"height":140,"caption":"T\u00e1j-Kert\u00e9sz 84 Kft."},"image":{"@id":"https:\/\/tajkertesz.com\/#\/schema\/logo\/image\/"},"sameAs":["https:\/\/www.facebook.com\/Tajkertesz\/"]}]}},"_links":{"self":[{"href":"https:\/\/tajkertesz.com\/en_US\/wp-json\/wp\/v2\/product\/11743","targetHints":{"allow":["GET"]}}],"collection":[{"href":"https:\/\/tajkertesz.com\/en_US\/wp-json\/wp\/v2\/product"}],"about":[{"href":"https:\/\/tajkertesz.com\/en_US\/wp-json\/wp\/v2\/types\/product"}],"wp:featuredmedia":[{"embeddable":true,"href":"https:\/\/tajkertesz.com\/en_US\/wp-json\/wp\/v2\/media\/11744"}],"wp:attachment":[{"href":"https:\/\/tajkertesz.com\/en_US\/wp-json\/wp\/v2\/media?parent=11743"}],"wp:term":[{"taxonomy":"product_brand","embeddable":true,"href":"https:\/\/tajkertesz.com\/en_US\/wp-json\/wp\/v2\/product_brand?post=11743"},{"taxonomy":"product_cat","embeddable":true,"href":"https:\/\/tajkertesz.com\/en_US\/wp-json\/wp\/v2\/product_cat?post=11743"},{"taxonomy":"product_tag","embeddable":true,"href":"https:\/\/tajkertesz.com\/en_US\/wp-json\/wp\/v2\/product_tag?post=11743"}],"curies":[{"name":"wp","href":"https:\/\/api.w.org\/{rel}","templated":true}]}}