{"id":11745,"date":"2021-11-26T10:17:57","date_gmt":"2021-11-26T10:17:57","guid":{"rendered":"https:\/\/tajkertesz.com\/?post_type=product&#038;p=11745"},"modified":"2025-03-05T08:30:05","modified_gmt":"2025-03-05T08:30:05","slug":"cabrio-top-20-g","status":"publish","type":"product","link":"https:\/\/tajkertesz.com\/en_US\/product\/cabrio-top-20-g\/","title":{"rendered":"Cabrio Top 20 g"},"content":{"rendered":"<h1 class=\"product-detail-name\">Cabrio Top 20 g<\/h1>\n<div class=\"product-detail-title-after\">\n<div class=\"product-detail-manufacturer-wrap\">Cabrio Top 20 g, Formul\u00e1ci\u00f3: V\u00edzben oldhat\u00f3 granul\u00e1tum<\/div>\n<\/div>\n<p class=\"product-detail-name\">Hat\u00f3anyag: 55.0 % metiram+5.0 % piraklostrobin<\/p>\n<p>H\u00e1zikerti felhaszn\u00e1l\u00e1s: 20-40 g\/10 l v\u00edz.<\/p>\n<p>A Cabrio Top kv\u00e1zi-szisztemikus + kontakt hat\u00e1s\u00fa. K\u00fcls\u0151 \u00e9s bels\u0151 \u00e9l\u0151sk\u00f6d\u0151 gomb\u00e1k ellen hat\u00e9kony (sz\u0151l\u0151peronoszp\u00f3ra, -lisztharmat \u00e9s sz\u00fcrkepen\u00e9sz stb). A gomb\u00e1k g\u00e1zcser\u00e9j\u00e9t g\u00e1tolja.<\/p>\n<p>Kijuttat\u00e1sa prevent\u00edven az el\u0151rejelz\u00e9s \u00e9s a kult\u00fara fenol\u00f3gi\u00e1ja alapj\u00e1n. Permetl\u00e9 v\u00edzmennyis\u00e9ge 600\u20131000 l\/ha.<br \/>\nMegjegyz\u00e9s:G\u00e1tolja az \u00f6reged\u00e9si folyamatokat, \u00e9l\u00e9nk z\u00f6ld sz\u00ednt eredm\u00e9nyez. Cs\u00f6kkenti a sz\u0151l\u0151lisztharmat term\u0151testeinek sz\u00e1m\u00e1t, ez\u00e1ltal a k\u00f6vetkez\u0151 \u00e9vi fert\u0151z\u00e9svesz\u00e9lyt.<\/p>\n<p>Felhaszn\u00e1lhat\u00f3 sz\u0151l\u0151 kult\u00far\u00e1ban lisztharmat, peronoszp\u00f3ra, sz\u00fcrkepen\u00e9sz ellen 2 kg\/ha \u00c9.V.I: 35 nap<\/p>\n<p>K\u00e1ros\u00edt\u00f3-Javasolt d\u00f3zis-Enged\u00e9lyezett kezel\u00e9si id\u0151-Kezel\u00e9sek \u00e9venk\u00e9nti maxim\u00e1lis sz\u00e1ma<\/p>\n<p>Lisztharmat &#8211; 2,0 kg\/ha F\u00fcrtmegny\u00fal\u00e1s \u00e9s f\u00fcrtz\u00e1r\u00f3d\u00e1s k\u00f6z\u00f6tt, korai fert\u0151z\u00e9s eset\u00e9n vir\u00e1gz\u00e1s el\u0151tt &#8211; 10-12 naponk\u00e9nt, egy veget\u00e1ci\u00f3s id\u0151szakban, legfeljebb h\u00e1rom alkalommal, m\u00e1s hat\u00e1smechanizmus\u00fa szerekkel szigor\u00faan v\u00e1ltakozva haszn\u00e1lhat\u00f3.<br \/>\nPeronoszp\u00f3ra &#8211; 2,0 kg\/ha F\u00fcrtmegny\u00fal\u00e1s \u00e9s f\u00fcrtz\u00e1r\u00f3d\u00e1s k\u00f6z\u00f6tt, korai fert\u0151z\u00e9s eset\u00e9n vir\u00e1gz\u00e1s el\u0151tt &#8211; 10-12 naponk\u00e9nt, egy veget\u00e1ci\u00f3s id\u0151szakban, legfeljebb h\u00e1rom alkalommal, m\u00e1s hat\u00e1smechanizmus\u00fa szerekkel szigor\u00faan v\u00e1ltakozva haszn\u00e1lhat\u00f3.<br \/>\nSz\u00fcrkepen\u00e9sz &#8211; 2,0 kg\/ha F\u00fcrtmegny\u00fal\u00e1s \u00e9s f\u00fcrtz\u00e1r\u00f3d\u00e1s k\u00f6z\u00f6tt, korai fert\u0151z\u00e9s eset\u00e9n vir\u00e1gz\u00e1s el\u0151tt &#8211; 10-12 naponk\u00e9nt, egy veget\u00e1ci\u00f3s id\u0151szakban, legfeljebb h\u00e1rom alkalommal, m\u00e1s hat\u00e1smechanizmus\u00fa szerekkel szigor\u00faan v\u00e1ltakozva haszn\u00e1lhat\u00f3.<\/p>\n<p align=\"justify\"><a href=\"https:\/\/www.facebook.com\/tajkertesz\">https:\/\/www.facebook.com\/tajkertesz<\/a><\/p>\n<p align=\"justify\"><a href=\"http:\/\/www.tajkertesz.hu\">http:\/\/www.tajkertesz.hu<\/a><\/p>\n<p align=\"justify\"><a href=\"https:\/\/tajkertesz.com\/wp-content\/uploads\/2021\/11\/cabriotopbizt.pdf\">cabriotopbizt<\/a><\/p>\n<h3 align=\"justify\">Kiz\u00e1r\u00f3lag szem\u00e9lyes \u00e1tv\u00e9tellel lehets\u00e9ges a term\u00e9k megv\u00e1s\u00e1rl\u00e1sa!<\/h3>\n<p align=\"justify\"><span style=\"color: #ffffff;\">A k\u00e9sz\u00edtm\u00e9nyt a gyep ny\u00edr\u00e1s\u00e1t k\u00f6vet\u0151en, a k\u00e9tszik\u0171 gyomn\u00f6v\u00e9nyek n\u00f6veked\u00e9s\u00e9nek \u00fajb\u00f3li megindul\u00e1sa ut\u00e1n kell kijuttatni 10 l\/ha (100 ml \/ 100 m2) d\u00f3zisban. A kijuttat\u00e1shoz sz\u00fcks\u00e9ges v\u00edzmennyis\u00e9g 10 l \/ 100 m2. A kezel\u00e9sn\u00e9l \u00fcgyelni kell arra, hogy a permetl\u00e9 kult\u00farn\u00f6v\u00e9nyekre ne ker\u00fclj\u00f6n, mert azokat maradand\u00f3an k\u00e1ros\u00edtja.<\/span><\/p>\n<p align=\"justify\"><span style=\"color: #ffffff;\">A k\u00e9sz\u00edtm\u00e9ny alkalmazhat\u00f3 foltkezel\u00e9s \u00e9s teljes fel\u00fcletkezel\u00e9s form\u00e1j\u00e1ban. Egy veget\u00e1ci\u00f3s szakaszban maximum k\u00e9t kezel\u00e9s v\u00e9gezhet\u0151.<\/span><\/p>\n<div align=\"justify\"><\/div>","protected":false},"excerpt":{"rendered":"<h2 class=\"product-detail-name\" style=\"text-align: left;\">Cabrio Top 20 g<\/h2>\n<p>A Cabrio Top kv\u00e1zi-szisztemikus + kontakt hat\u00e1s\u00fa. K\u00fcls\u0151 \u00e9s bels\u0151 \u00e9l\u0151sk\u00f6d\u0151 gomb\u00e1k ellen hat\u00e9kony (sz\u0151l\u0151peronoszp\u00f3ra, -lisztharmat \u00e9s sz\u00fcrkepen\u00e9sz stb). A gomb\u00e1k g\u00e1zcser\u00e9j\u00e9t g\u00e1tolja&#8230;<\/p>\n<h3 align=\"justify\">Kiz\u00e1r\u00f3lag szem\u00e9lyes \u00e1tv\u00e9tellel lehets\u00e9ges a term\u00e9k megv\u00e1s\u00e1rl\u00e1sa!<\/h3>\n<div class=\"product-detail-title-after\">\n<div class=\"product-detail-manufacturer-wrap\"><\/div>\n<\/div>\n<div class=\"product-detail-title-after\">\n<div class=\"product-detail-manufacturer-wrap\"><\/div>\n<\/div>","protected":false},"featured_media":11746,"template":"","meta":{"_et_pb_use_builder":"","_et_pb_old_content":"","_et_gb_content_width":""},"product_brand":[],"product_cat":[3421],"product_tag":[3427,4740,4752],"class_list":{"0":"post-11745","1":"product","2":"type-product","3":"status-publish","4":"has-post-thumbnail","6":"product_cat-gombaolo-szer","7":"product_tag-cabrio-top-20-g","8":"product_tag-gombaolo","9":"product_tag-permetezoszer","11":"first","12":"outofstock","13":"shipping-taxable","14":"product-type-simple"},"yoast_head":"<!-- This site is optimized with the Yoast SEO plugin v27.4 - https:\/\/yoast.com\/product\/yoast-seo-wordpress\/ -->\n<title>Cabrio Top 20 g - T\u00e1jkert\u00e9sz<\/title>\n<meta name=\"description\" content=\"Cabrio Top 20 g. K\u00fcls\u0151 \u00e9s bels\u0151 \u00e9l\u0151sk\u00f6d\u0151 gomb\u00e1k ellen hat\u00e9kony (sz\u0151l\u0151peronoszp\u00f3ra, -lisztharmat \u00e9s sz\u00fcrkepen\u00e9sz stb). A gomb\u00e1k g\u00e1zcser\u00e9j\u00e9t g\u00e1tolja.\" \/>\n<meta name=\"robots\" content=\"index, follow, max-snippet:-1, max-image-preview:large, max-video-preview:-1\" \/>\n<link rel=\"canonical\" href=\"https:\/\/tajkertesz.com\/en_US\/product\/cabrio-top-20-g\/\" \/>\n<meta property=\"og:locale\" content=\"en_US\" \/>\n<meta property=\"og:type\" content=\"article\" \/>\n<meta property=\"og:title\" content=\"Cabrio Top 20 g - T\u00e1jkert\u00e9sz\" \/>\n<meta property=\"og:description\" content=\"Cabrio Top 20 g. K\u00fcls\u0151 \u00e9s bels\u0151 \u00e9l\u0151sk\u00f6d\u0151 gomb\u00e1k ellen hat\u00e9kony (sz\u0151l\u0151peronoszp\u00f3ra, -lisztharmat \u00e9s sz\u00fcrkepen\u00e9sz stb). A gomb\u00e1k g\u00e1zcser\u00e9j\u00e9t g\u00e1tolja.\" \/>\n<meta property=\"og:url\" content=\"https:\/\/tajkertesz.com\/en_US\/product\/cabrio-top-20-g\/\" \/>\n<meta property=\"og:site_name\" content=\"T\u00e1jkert\u00e9sz\" \/>\n<meta property=\"article:publisher\" content=\"https:\/\/www.facebook.com\/Tajkertesz\/\" \/>\n<meta property=\"article:modified_time\" content=\"2025-03-05T08:30:05+00:00\" \/>\n<meta property=\"og:image\" content=\"https:\/\/tajkertesz.com\/wp-content\/uploads\/2021\/11\/CabrioTop.jpg\" \/>\n\t<meta property=\"og:image:width\" content=\"756\" \/>\n\t<meta property=\"og:image:height\" content=\"1000\" \/>\n\t<meta property=\"og:image:type\" content=\"image\/jpeg\" \/>\n<meta name=\"twitter:card\" content=\"summary_large_image\" \/>\n<meta name=\"twitter:label1\" content=\"Est. reading time\" \/>\n\t<meta name=\"twitter:data1\" content=\"2 minutes\" \/>\n<script type=\"application\/ld+json\" class=\"yoast-schema-graph\">{\"@context\":\"https:\\\/\\\/schema.org\",\"@graph\":[{\"@type\":\"WebPage\",\"@id\":\"https:\\\/\\\/tajkertesz.com\\\/termek\\\/cabrio-top-20-g\\\/\",\"url\":\"https:\\\/\\\/tajkertesz.com\\\/termek\\\/cabrio-top-20-g\\\/\",\"name\":\"Cabrio Top 20 g - T\u00e1jkert\u00e9sz\",\"isPartOf\":{\"@id\":\"https:\\\/\\\/tajkertesz.com\\\/#website\"},\"primaryImageOfPage\":{\"@id\":\"https:\\\/\\\/tajkertesz.com\\\/termek\\\/cabrio-top-20-g\\\/#primaryimage\"},\"image\":{\"@id\":\"https:\\\/\\\/tajkertesz.com\\\/termek\\\/cabrio-top-20-g\\\/#primaryimage\"},\"thumbnailUrl\":\"https:\\\/\\\/tajkertesz.com\\\/wp-content\\\/uploads\\\/2021\\\/11\\\/CabrioTop.jpg\",\"datePublished\":\"2021-11-26T10:17:57+00:00\",\"dateModified\":\"2025-03-05T08:30:05+00:00\",\"description\":\"Cabrio Top 20 g. K\u00fcls\u0151 \u00e9s bels\u0151 \u00e9l\u0151sk\u00f6d\u0151 gomb\u00e1k ellen hat\u00e9kony (sz\u0151l\u0151peronoszp\u00f3ra, -lisztharmat \u00e9s sz\u00fcrkepen\u00e9sz stb). A gomb\u00e1k g\u00e1zcser\u00e9j\u00e9t g\u00e1tolja.\",\"breadcrumb\":{\"@id\":\"https:\\\/\\\/tajkertesz.com\\\/termek\\\/cabrio-top-20-g\\\/#breadcrumb\"},\"inLanguage\":\"en-US\",\"potentialAction\":[{\"@type\":\"ReadAction\",\"target\":[\"https:\\\/\\\/tajkertesz.com\\\/termek\\\/cabrio-top-20-g\\\/\"]}]},{\"@type\":\"ImageObject\",\"inLanguage\":\"en-US\",\"@id\":\"https:\\\/\\\/tajkertesz.com\\\/termek\\\/cabrio-top-20-g\\\/#primaryimage\",\"url\":\"https:\\\/\\\/tajkertesz.com\\\/wp-content\\\/uploads\\\/2021\\\/11\\\/CabrioTop.jpg\",\"contentUrl\":\"https:\\\/\\\/tajkertesz.com\\\/wp-content\\\/uploads\\\/2021\\\/11\\\/CabrioTop.jpg\",\"width\":756,\"height\":1000},{\"@type\":\"BreadcrumbList\",\"@id\":\"https:\\\/\\\/tajkertesz.com\\\/termek\\\/cabrio-top-20-g\\\/#breadcrumb\",\"itemListElement\":[{\"@type\":\"ListItem\",\"position\":1,\"name\":\"Home\",\"item\":\"https:\\\/\\\/tajkertesz.com\\\/\"},{\"@type\":\"ListItem\",\"position\":2,\"name\":\"Kezd\u0151lap\",\"item\":\"https:\\\/\\\/tajkertesz.com\\\/\"},{\"@type\":\"ListItem\",\"position\":3,\"name\":\"Cabrio Top 20 g\"}]},{\"@type\":\"WebSite\",\"@id\":\"https:\\\/\\\/tajkertesz.com\\\/#website\",\"url\":\"https:\\\/\\\/tajkertesz.com\\\/\",\"name\":\"T\u00e1j-Kert\u00e9sz 84 Kft.\",\"description\":\"Kert\u00e9szeti kis- \u00e9s nagykeresked\u00e9s, D\u00edszn\u00f6v\u00e9ny web\u00e1ruh\u00e1z orsz\u00e1gos h\u00e1zhozsz\u00e1ll\u00edt\u00e1ssal!\",\"publisher\":{\"@id\":\"https:\\\/\\\/tajkertesz.com\\\/#organization\"},\"potentialAction\":[{\"@type\":\"SearchAction\",\"target\":{\"@type\":\"EntryPoint\",\"urlTemplate\":\"https:\\\/\\\/tajkertesz.com\\\/?s={search_term_string}\"},\"query-input\":{\"@type\":\"PropertyValueSpecification\",\"valueRequired\":true,\"valueName\":\"search_term_string\"}}],\"inLanguage\":\"en-US\"},{\"@type\":\"Organization\",\"@id\":\"https:\\\/\\\/tajkertesz.com\\\/#organization\",\"name\":\"T\u00e1j-Kert\u00e9sz 84 Kft.\",\"url\":\"https:\\\/\\\/tajkertesz.com\\\/\",\"logo\":{\"@type\":\"ImageObject\",\"inLanguage\":\"en-US\",\"@id\":\"https:\\\/\\\/tajkertesz.com\\\/#\\\/schema\\\/logo\\\/image\\\/\",\"url\":\"https:\\\/\\\/tajkertesz.com\\\/wp-content\\\/uploads\\\/2018\\\/02\\\/logo-2-e1518678052539.png\",\"contentUrl\":\"https:\\\/\\\/tajkertesz.com\\\/wp-content\\\/uploads\\\/2018\\\/02\\\/logo-2-e1518678052539.png\",\"width\":81,\"height\":140,\"caption\":\"T\u00e1j-Kert\u00e9sz 84 Kft.\"},\"image\":{\"@id\":\"https:\\\/\\\/tajkertesz.com\\\/#\\\/schema\\\/logo\\\/image\\\/\"},\"sameAs\":[\"https:\\\/\\\/www.facebook.com\\\/Tajkertesz\\\/\"]}]}<\/script>\n<!-- \/ Yoast SEO plugin. -->","yoast_head_json":{"title":"Cabrio Top 20 g - T\u00e1jkert\u00e9sz","description":"Cabrio Top 20 g. K\u00fcls\u0151 \u00e9s bels\u0151 \u00e9l\u0151sk\u00f6d\u0151 gomb\u00e1k ellen hat\u00e9kony (sz\u0151l\u0151peronoszp\u00f3ra, -lisztharmat \u00e9s sz\u00fcrkepen\u00e9sz stb). A gomb\u00e1k g\u00e1zcser\u00e9j\u00e9t g\u00e1tolja.","robots":{"index":"index","follow":"follow","max-snippet":"max-snippet:-1","max-image-preview":"max-image-preview:large","max-video-preview":"max-video-preview:-1"},"canonical":"https:\/\/tajkertesz.com\/en_US\/product\/cabrio-top-20-g\/","og_locale":"en_US","og_type":"article","og_title":"Cabrio Top 20 g - T\u00e1jkert\u00e9sz","og_description":"Cabrio Top 20 g. K\u00fcls\u0151 \u00e9s bels\u0151 \u00e9l\u0151sk\u00f6d\u0151 gomb\u00e1k ellen hat\u00e9kony (sz\u0151l\u0151peronoszp\u00f3ra, -lisztharmat \u00e9s sz\u00fcrkepen\u00e9sz stb). A gomb\u00e1k g\u00e1zcser\u00e9j\u00e9t g\u00e1tolja.","og_url":"https:\/\/tajkertesz.com\/en_US\/product\/cabrio-top-20-g\/","og_site_name":"T\u00e1jkert\u00e9sz","article_publisher":"https:\/\/www.facebook.com\/Tajkertesz\/","article_modified_time":"2025-03-05T08:30:05+00:00","og_image":[{"width":756,"height":1000,"url":"https:\/\/tajkertesz.com\/wp-content\/uploads\/2021\/11\/CabrioTop.jpg","type":"image\/jpeg"}],"twitter_card":"summary_large_image","twitter_misc":{"Est. reading time":"2 minutes"},"schema":{"@context":"https:\/\/schema.org","@graph":[{"@type":"WebPage","@id":"https:\/\/tajkertesz.com\/termek\/cabrio-top-20-g\/","url":"https:\/\/tajkertesz.com\/termek\/cabrio-top-20-g\/","name":"Cabrio Top 20 g - T\u00e1jkert\u00e9sz","isPartOf":{"@id":"https:\/\/tajkertesz.com\/#website"},"primaryImageOfPage":{"@id":"https:\/\/tajkertesz.com\/termek\/cabrio-top-20-g\/#primaryimage"},"image":{"@id":"https:\/\/tajkertesz.com\/termek\/cabrio-top-20-g\/#primaryimage"},"thumbnailUrl":"https:\/\/tajkertesz.com\/wp-content\/uploads\/2021\/11\/CabrioTop.jpg","datePublished":"2021-11-26T10:17:57+00:00","dateModified":"2025-03-05T08:30:05+00:00","description":"Cabrio Top 20 g. K\u00fcls\u0151 \u00e9s bels\u0151 \u00e9l\u0151sk\u00f6d\u0151 gomb\u00e1k ellen hat\u00e9kony (sz\u0151l\u0151peronoszp\u00f3ra, -lisztharmat \u00e9s sz\u00fcrkepen\u00e9sz stb). A gomb\u00e1k g\u00e1zcser\u00e9j\u00e9t g\u00e1tolja.","breadcrumb":{"@id":"https:\/\/tajkertesz.com\/termek\/cabrio-top-20-g\/#breadcrumb"},"inLanguage":"en-US","potentialAction":[{"@type":"ReadAction","target":["https:\/\/tajkertesz.com\/termek\/cabrio-top-20-g\/"]}]},{"@type":"ImageObject","inLanguage":"en-US","@id":"https:\/\/tajkertesz.com\/termek\/cabrio-top-20-g\/#primaryimage","url":"https:\/\/tajkertesz.com\/wp-content\/uploads\/2021\/11\/CabrioTop.jpg","contentUrl":"https:\/\/tajkertesz.com\/wp-content\/uploads\/2021\/11\/CabrioTop.jpg","width":756,"height":1000},{"@type":"BreadcrumbList","@id":"https:\/\/tajkertesz.com\/termek\/cabrio-top-20-g\/#breadcrumb","itemListElement":[{"@type":"ListItem","position":1,"name":"Home","item":"https:\/\/tajkertesz.com\/"},{"@type":"ListItem","position":2,"name":"Kezd\u0151lap","item":"https:\/\/tajkertesz.com\/"},{"@type":"ListItem","position":3,"name":"Cabrio Top 20 g"}]},{"@type":"WebSite","@id":"https:\/\/tajkertesz.com\/#website","url":"https:\/\/tajkertesz.com\/","name":"T\u00e1j-Kert\u00e9sz 84 Kft.","description":"Kert\u00e9szeti kis- \u00e9s nagykeresked\u00e9s, D\u00edszn\u00f6v\u00e9ny web\u00e1ruh\u00e1z orsz\u00e1gos h\u00e1zhozsz\u00e1ll\u00edt\u00e1ssal!","publisher":{"@id":"https:\/\/tajkertesz.com\/#organization"},"potentialAction":[{"@type":"SearchAction","target":{"@type":"EntryPoint","urlTemplate":"https:\/\/tajkertesz.com\/?s={search_term_string}"},"query-input":{"@type":"PropertyValueSpecification","valueRequired":true,"valueName":"search_term_string"}}],"inLanguage":"en-US"},{"@type":"Organization","@id":"https:\/\/tajkertesz.com\/#organization","name":"T\u00e1j-Kert\u00e9sz 84 Kft.","url":"https:\/\/tajkertesz.com\/","logo":{"@type":"ImageObject","inLanguage":"en-US","@id":"https:\/\/tajkertesz.com\/#\/schema\/logo\/image\/","url":"https:\/\/tajkertesz.com\/wp-content\/uploads\/2018\/02\/logo-2-e1518678052539.png","contentUrl":"https:\/\/tajkertesz.com\/wp-content\/uploads\/2018\/02\/logo-2-e1518678052539.png","width":81,"height":140,"caption":"T\u00e1j-Kert\u00e9sz 84 Kft."},"image":{"@id":"https:\/\/tajkertesz.com\/#\/schema\/logo\/image\/"},"sameAs":["https:\/\/www.facebook.com\/Tajkertesz\/"]}]}},"_links":{"self":[{"href":"https:\/\/tajkertesz.com\/en_US\/wp-json\/wp\/v2\/product\/11745","targetHints":{"allow":["GET"]}}],"collection":[{"href":"https:\/\/tajkertesz.com\/en_US\/wp-json\/wp\/v2\/product"}],"about":[{"href":"https:\/\/tajkertesz.com\/en_US\/wp-json\/wp\/v2\/types\/product"}],"wp:featuredmedia":[{"embeddable":true,"href":"https:\/\/tajkertesz.com\/en_US\/wp-json\/wp\/v2\/media\/11746"}],"wp:attachment":[{"href":"https:\/\/tajkertesz.com\/en_US\/wp-json\/wp\/v2\/media?parent=11745"}],"wp:term":[{"taxonomy":"product_brand","embeddable":true,"href":"https:\/\/tajkertesz.com\/en_US\/wp-json\/wp\/v2\/product_brand?post=11745"},{"taxonomy":"product_cat","embeddable":true,"href":"https:\/\/tajkertesz.com\/en_US\/wp-json\/wp\/v2\/product_cat?post=11745"},{"taxonomy":"product_tag","embeddable":true,"href":"https:\/\/tajkertesz.com\/en_US\/wp-json\/wp\/v2\/product_tag?post=11745"}],"curies":[{"name":"wp","href":"https:\/\/api.w.org\/{rel}","templated":true}]}}