{"id":11748,"date":"2021-11-26T10:20:37","date_gmt":"2021-11-26T10:20:37","guid":{"rendered":"https:\/\/tajkertesz.com\/?post_type=product&#038;p=11748"},"modified":"2026-02-18T15:36:13","modified_gmt":"2026-02-18T15:36:13","slug":"laser-duplo-2-ml","status":"publish","type":"product","link":"https:\/\/tajkertesz.com\/en_US\/product\/laser-duplo-2-ml\/","title":{"rendered":"Laser Duplo 2 ml"},"content":{"rendered":"<h1 class=\"product-detail-name\">Laser Duplo 2 ml<\/h1>\n<div class=\"product-detail-title-after\">\n<div class=\"product-detail-manufacturer-wrap\">\n<p class=\"product-detail-name\">Laser Duplo 2 ml<\/p>\n<p>Kareg\u00f3ria: III.<\/p>\n<p class=\"product-detail-name\">H\u00e1zikerti felhaszn\u00e1l\u00e1s: 2 ml\/10 l v\u00edz<\/p>\n<\/div>\n<\/div>\n<p class=\"product-detail-name\">Hat\u00f3anyag:<br \/>\n480 g\/l spinozad<\/p>\n<p>A term\u00e9k hat\u00e9kony a k\u00f6vetkez\u0151 k\u00e1rtev\u0151k ellen<\/p>\n<p>Almamoly (Cydia pomonella) Burgonyabog\u00e1r (Leptinotarsa decemlineata) Doh\u00e1nytripsz (Thrips tabaci) Feh\u00e9rlepk\u00e9k Foltossz\u00e1rny\u00fa muslica (Drosophila suzukii) Gyapottok bagolylepke (Helicoverpa spp.) K\u00f6rtelev\u00e9lbolha (Cacopsylla pyricola) Lev\u00e9lakn\u00e1z\u00f3 molyok<br \/>\nNyugati vir\u00e1gtripsz (Frankliniella occidentalis) Sz\u0151l\u0151moly (Lobesia botrana)<\/p>\n<h4>Javasolt n\u00f6v\u00e9nyv\u00e9delmi technol\u00f3gia:<\/h4>\n<p>K\u00e1posztaf\u00e9l\u00e9kben a feh\u00e9r lepk\u00e9k (k\u00e1posztalepke, r\u00e9palepke) \u00e9s a bagolylepk\u00e9k l\u00e1rv\u00e1i ellen a v\u00e9dekez\u00e9s id\u0151z\u00edt\u00e9se meghat\u00e1roz\u00f3 jelent\u0151s\u00e9g\u0171. A permetez\u00e9st a rajz\u00e1s megfigyel\u00e9st k\u00f6vet\u0151en, a fiatal (L1-L2-es) fejl\u0151d\u00e9si st\u00e1dium\u00fa herny\u00f3k ellen kell elv\u00e9gezni. A kezel\u00e9st 7-14 naponta 1-2-szer aj\u00e1nlott megism\u00e9telni. A Spintornak \u00e9rintkeznie kell a herny\u00f3kkal, a k\u00e1posztafejbe m\u00e1r ber\u00e1gott l\u00e1rv\u00e1k ellen nem haszn\u00e1lhat\u00f3.<\/p>\n<p>Burgony\u00e1ban a permetez\u00e9st az L1-2 fokozat\u00fa l\u00e1rv\u00e1k t\u00f6meges megjelen\u00e9s\u00e9hez c\u00e9lszer\u0171 id\u0151z\u00edteni. A k\u00e9sz\u00edtm\u00e9ny a l\u00e1rv\u00e1k ellen hat\u00e1sos. A kezel\u00e9st a kel\u00e9s intenz\u00edt\u00e1s\u00e1t\u00f3l f\u00fcgg\u0151en 7-14 naponta 1-2-szer aj\u00e1nlott megism\u00e9telni.<\/p>\n<p>Hajtatott paprik\u00e1ban \u00e9s d\u00edszn\u00f6v\u00e9nyekben a nyugati vir\u00e1gtripsz ellen, k\u00e9k vagy s\u00e1rga ragacslapos rajz\u00e1sfigyel\u00e9s alapj\u00e1n a v\u00e9dekez\u00e9st a beteleped\u00e9s, illetve a felszaporod\u00e1s kezdet\u00e9t\u0151l 2+1 vagy 1+2 alkalommal, 5-7 napos id\u0151k\u00f6z\u00f6kkel, m\u00e1s k\u00e9sz\u00edtm\u00e9nyek k\u00f6zbeiktat\u00e1s\u00e1val javasolt elv\u00e9gezni.<\/p>\n<p>Hajtatott paprik\u00e1ban gyapottok-bagolylepke ellen az els\u0151 permetez\u00e9st a fiatal (L1-L2) herny\u00f3k ellen kell id\u0151z\u00edteni. A keze l\u00e9sek gyakoris\u00e1g\u00e1t a termeszt\u0151berendez\u00e9s napi \u00e1tlagh\u0151m\u00e9rs\u00e9klet\u00e9t\u0151l f\u00fcgg\u0151en kell megv\u00e1lasztani. 25\u00b0C fok alatt 7 naponta, 25\u00b0C fok felett 5 naponta javasolt v\u00e9dekezni.<\/p>\n<p>Sz\u0151l\u0151ben sz\u0151l\u0151molyok ellen a v\u00e9dekez\u00e9st a l\u00e1rvakel\u00e9s kezdet\u00e9n kell elv\u00e9gezni, \u00e9s a rajz\u00e1s intenzit\u00e1s\u00e1t\u00f3l f\u00fcgg\u0151en blokkszer\u0171en 7-14 naponk\u00e9nt c\u00e9lszer\u0171 1, maximum 2 alkalommal megism\u00e9telni.<\/p>\n<p>Hajtatott kult\u00far\u00e1kban, a rezisztencia kialakul\u00e1s\u00e1nak elker\u00fcl\u00e9se \u00e9rdek\u00e9ben a k\u00e9sz\u00edtm\u00e9ny egy termeszt\u00e9si ciklusban legfeljebb 3 alkalommal haszn\u00e1lhat\u00f3.<\/p>\n<p>Bogy\u00f3sokban (\u00e1fonya, ribiszke, k\u00f6szm\u00e9te, szam\u00f3ca, m\u00e1lna, szeder) foltossz\u00e1rny\u00fa muslica ellen a gy\u00fcm\u00f6lcs\u00e9r\u00e9s kezdeti id\u0151szak\u00e1ban, s\u00e1rga ragacsos lallap t\u00f6rt\u00e9n\u0151 el\u0151rejelz\u00e9s alapj\u00e1n aj\u00e1nlott v\u00e9dekezni. nyugati vir\u00e1gtripsz ellen k\u00e9k fog\u00f3lapos rajz\u00e1smegfigyel\u00e9s \u00e9s vir\u00e1gvizsg\u00e1lat alapj\u00e1n, az im\u00e1g\u00f3k betelep\u00fcl\u00e9s\u00e9t\u0151l (\u00e9szlel\u00e9s\u00e9t\u0151l) kezd\u0151d\u0151en kell v\u00e9dekezni. A kezel\u00e9s a beteleped\u00e9s \u00fctem\u00e9nek megfelel\u0151en \u00e1fonya, ribiszke, k\u00f6szm\u00e9te eset\u00e9ben 7 nap m\u00falva, szam\u00f3ca, m\u00e1lna szeder eset\u00e9ben 10 nap m\u00falva c\u00e9lszer\u0171 megism\u00e9telni. \u00dcvegsz\u00e1rny\u00fa ribiszkelepke herny\u00f3i ellen a permetez\u00e9st a fiatal (L1-2 fejl\u0151d\u00e9si \u00e1llapot\u00fa) l\u00e1rv\u00e1k ellen kell id\u0151z\u00edteni. Hosszabb idej\u0171 rajz\u00e1s eset\u00e9n a kezel\u00e9s ism\u00e9tl\u00e9se indokolt.<\/p>\n<p>Keverhet\u0151s\u00e9gi el\u0151\u00edr\u00e1sok<br \/>\nLev\u00e9ltr\u00e1gy\u00e1kkal t\u00f6rt\u00e9n\u0151 kever\u00e9s eshet\u0151s\u00e9g\u00e9r\u0151l \u00e9rdekl\u0151dj\u00f6n a lev\u00e9ltr\u00e1gy\u00e1t gy\u00e1rt\u00f3 c\u00e9gn\u00e9l. A keverhet\u0151s\u00e9gr\u0151l a kezel\u00e9s el\u0151tt k\u00e9rje ki a szaktan\u00e1csad\u00f3 koll\u00e9g\u00e1ink v\u00e9lem\u00e9ny\u00e9t! Minden esetben kever\u00e9si pr\u00f3ba elv\u00e9gz\u00e9se javasolt!<\/p>\n<p>Egy teny\u00e9szid\u0151szakban 3 alkalommal lehet felhaszn\u00e1lni, kiv\u00e9tel bogy\u00f3sgy\u00fcm\u00f6lcs\u0171ek (m\u00e1lna, szeder, \u00e1fonya, ribiszke, k\u00f6szm\u00e9te), ahol 2 alkalommal lehet haszn\u00e1lni<\/p>\n<p>Hat\u00e1smechanizmus<br \/>\nA ke\u0301szi\u0301tme\u0301ny hato\u0301anyaga, a spinosad a talajban megtala\u0301lhato\u0301 Saccharopolyspora spinosa bakte\u0301rium fermenta\u0301cio\u0301s teve\u0301kenyse\u0301ge\u0301bo\u030bl nyert terme\u0301szetes terme\u0301k. Emberre e\u0301s melegve\u0301ru\u030b e\u0301lo\u030ble\u0301nyekre rendki\u0301vu\u0308l alacsony toxicita\u0301ssal rendelkezik. A ka\u0301rtevo\u030bk a hato\u0301anyagot ta\u0301pla\u0301lkoza\u0301ssal e\u0301s e\u0301ri\u0301ntkeze\u0301ssel veszik fel, miko\u0308zben a gyomorme\u0301reg hata\u0301sa 5-10x ero\u030bsebb, mint a kontakt hata\u0301s. Az elso\u030b hata\u0301s ma\u0301r ne\u0301ha\u0301ny perccel a hato\u0301anyag felve\u0301tele uta\u0301n jelentkezik, amikor irreverzibilis be\u0301nula\u0301s, majd ne\u0301ha\u0301ny o\u0301ra\u0301n belu\u0308l a ka\u0301rtevo\u030b pusztula\u0301sa ko\u0308vetkezik be. A spinosad hate\u0301kony a lepke\u0301kre (Lepidoptera), bogarakra (Coleoptera), ke\u0301tsza\u0301rnyu\u0301akra (Diptera) e\u0301s a tripszekre (Thysanoptera) is. Ezek mellett hate\u0301kony me\u0301g a leve\u0301lbolha\u0301kra \u00e9\u0301s a fu\u0308lbema\u0301szo\u0301kra is. A spinosad ku\u0308lo\u0308n hato\u0301anyag csoportot alkot, amely nem mutat keresztrezisztencia\u0301t ma\u0301s rovaro\u0308lo\u030bkkel, i\u0301gy rezisztens fajok (almamoly, ilonca, fehe\u0301rmoly, nyugati vira\u0301gtripsz) ellen is hate\u0301kony.<\/p>\n<p>Formul\u00e1ci\u00f3k<br \/>\nfoly\u00e9kony szuszpenzi\u00f3 koncentr\u00e1tum (SC)<\/p>\n<p>M.V.I.: 0 nap \u00c9.V.I.: szam\u00f3ca 1 nap, k\u00e1posztaf\u00e9l\u00e9k, bogy\u00f3s gy\u00fcm\u00f6lcs\u0171ek (m\u00e1lna, szeder, \u00e1fonya, ribiszke, k\u00f6szm\u00e9te), hajtatott paprika 3 nap, burgonya 14 nap, sz\u0151l\u0151 15 nap Figyelem! A k\u00e9sz\u00edtm\u00e9ny m\u00e9rs\u00e9kelten toxikus a f\u00fcrk\u00e9szdarazsakra, g\u00e1tolja l\u00e1rvakel\u00e9s\u00fcket. Az \u00fcvegh\u00e1zi molytet\u0171 elleni biol\u00f3giai v\u00e9dekez\u00e9s eset\u00e9n az Encarsia formosa parazitoid minimum 1 h\u00e9ttel a kezel\u00e9s ut\u00e1n telep\u00edthet\u0151. A poszm\u00e9hek kapt\u00e1rait a v\u00e9dekez\u00e9s el\u0151tt 1,5-2 \u00f3r\u00e1val le kell z\u00e1rni, \u00e9s a permetl\u00e9cseppek felsz\u00e1rad\u00e1s\u00e1ig z\u00e1rva kell tartani. AKG programokban felhaszn\u00e1lhat\u00f3<\/p>\n<p>El\u00e9rhet\u0151 t\u00f6bbf\u00e9le m\u00e9retben \u00e9s \u00e1rban.<\/p>\n<p><strong>K\u00e9szlet\u00fcnk napi szinten v\u00e1ltozik, ez\u00e9rt k\u00e9rj\u00fck, \u00e9rdekl\u0151dj\u00f6n szem\u00e9lyesen, telefonon vagy email-en.<br \/>\nA v\u00e1ltoztat\u00e1s jog\u00e1t fenntartjuk!\u00a0<\/strong><\/p>\n<p><a href=\"https:\/\/tajkertesz.com\/\">https:\/\/tajkertesz.com\/<\/a><\/p>\n<p><a href=\"https:\/\/www.facebook.com\/tajkertesz\/\">https:\/\/www.facebook.com\/tajkertesz\/<\/a><\/p>\n<p>Kisz\u00e1ll\u00edt\u00e1s: 200cm-ig \u00a0\u00e9s 40 kg-ig a sz\u00e1ll\u00edt\u00e1s fut\u00e1rszolg\u00e1lattal \u00a0t\u00f6rt\u00e9nik.<\/p>\n<p>Szem\u00e9lyes \u00e1tv\u00e9tel nyitvatart\u00e1si id\u0151ben a 17. ker\u00fclet Bakancsos utca 7. sz\u00e1m alatti Kert\u00e9szeti \u00e1rud\u00e1ban.<\/p>\n<p align=\"justify\"><span style=\"color: #ffffff;\">A \u00e9<\/span><\/p>","protected":false},"excerpt":{"rendered":"<h2 class=\"product-detail-name\" style=\"text-align: left;\">Laser Duplo 2 ml<\/h2>\n<div class=\"product-detail-title-after\">\n<div class=\"product-detail-manufacturer-wrap\">\n<p class=\"product-detail-name\">Laser Duplo 2 ml, H\u00e1zikerti felhaszn\u00e1l\u00e1s: 2 ml\/10 l v\u00edz<\/p>\n<\/div>\n<\/div>\n<p class=\"product-detail-name\">Hat\u00f3anyag:<br \/>\n480 g\/l spinozad<\/p>\n<h3 align=\"justify\">Kiz\u00e1r\u00f3lag szem\u00e9lyes \u00e1tv\u00e9tellel lehets\u00e9ges a term\u00e9k megv\u00e1s\u00e1rl\u00e1sa!<\/h3>\n<div class=\"product-detail-title-after\">\n<div class=\"product-detail-manufacturer-wrap\"><\/div>\n<\/div>\n<div class=\"product-detail-title-after\">\n<div class=\"product-detail-manufacturer-wrap\"><\/div>\n<\/div>","protected":false},"featured_media":11749,"template":"","meta":{"_et_pb_use_builder":"","_et_pb_old_content":"","_et_gb_content_width":""},"product_brand":[],"product_cat":[3423],"product_tag":[3428],"class_list":{"0":"post-11748","1":"product","2":"type-product","3":"status-publish","4":"has-post-thumbnail","6":"product_cat-rovarolo-szer","7":"product_tag-laser-duplo-2-ml","9":"first","10":"instock","11":"shipping-taxable","12":"purchasable","13":"product-type-simple"},"yoast_head":"<!-- This site is optimized with the Yoast SEO plugin v27.3 - https:\/\/yoast.com\/product\/yoast-seo-wordpress\/ -->\n<title>Laser Duplo 2 ml - T\u00e1jkert\u00e9sz<\/title>\n<meta name=\"description\" content=\"Laser Duplo Almamoly (Cydia pomonella) Burgonyabog\u00e1r (Leptinotarsa decemlineata) Doh\u00e1nytripsz (Thrips tabaci) Feh\u00e9rlepk\u00e9k Foltoss\" \/>\n<meta name=\"robots\" content=\"index, follow, max-snippet:-1, max-image-preview:large, max-video-preview:-1\" \/>\n<link rel=\"canonical\" href=\"https:\/\/tajkertesz.com\/en_US\/product\/laser-duplo-2-ml\/\" \/>\n<meta property=\"og:locale\" content=\"en_US\" \/>\n<meta property=\"og:type\" content=\"article\" \/>\n<meta property=\"og:title\" content=\"Laser Duplo 2 ml - T\u00e1jkert\u00e9sz\" \/>\n<meta property=\"og:description\" content=\"Laser Duplo Almamoly (Cydia pomonella) Burgonyabog\u00e1r (Leptinotarsa decemlineata) Doh\u00e1nytripsz (Thrips tabaci) Feh\u00e9rlepk\u00e9k Foltoss\" \/>\n<meta property=\"og:url\" content=\"https:\/\/tajkertesz.com\/en_US\/product\/laser-duplo-2-ml\/\" \/>\n<meta property=\"og:site_name\" content=\"T\u00e1jkert\u00e9sz\" \/>\n<meta property=\"article:publisher\" content=\"https:\/\/www.facebook.com\/Tajkertesz\/\" \/>\n<meta property=\"article:modified_time\" content=\"2026-02-18T15:36:13+00:00\" \/>\n<meta property=\"og:image\" content=\"https:\/\/tajkertesz.com\/wp-content\/uploads\/2021\/11\/Laserduplo.jpg\" \/>\n\t<meta property=\"og:image:width\" content=\"754\" \/>\n\t<meta property=\"og:image:height\" content=\"750\" \/>\n\t<meta property=\"og:image:type\" content=\"image\/jpeg\" \/>\n<meta name=\"twitter:card\" content=\"summary_large_image\" \/>\n<meta name=\"twitter:label1\" content=\"Est. reading time\" \/>\n\t<meta name=\"twitter:data1\" content=\"4 minutes\" \/>\n<script type=\"application\/ld+json\" class=\"yoast-schema-graph\">{\"@context\":\"https:\\\/\\\/schema.org\",\"@graph\":[{\"@type\":\"WebPage\",\"@id\":\"https:\\\/\\\/tajkertesz.com\\\/termek\\\/laser-duplo-2-ml\\\/\",\"url\":\"https:\\\/\\\/tajkertesz.com\\\/termek\\\/laser-duplo-2-ml\\\/\",\"name\":\"Laser Duplo 2 ml - T\u00e1jkert\u00e9sz\",\"isPartOf\":{\"@id\":\"https:\\\/\\\/tajkertesz.com\\\/#website\"},\"primaryImageOfPage\":{\"@id\":\"https:\\\/\\\/tajkertesz.com\\\/termek\\\/laser-duplo-2-ml\\\/#primaryimage\"},\"image\":{\"@id\":\"https:\\\/\\\/tajkertesz.com\\\/termek\\\/laser-duplo-2-ml\\\/#primaryimage\"},\"thumbnailUrl\":\"https:\\\/\\\/tajkertesz.com\\\/wp-content\\\/uploads\\\/2021\\\/11\\\/Laserduplo.jpg\",\"datePublished\":\"2021-11-26T10:20:37+00:00\",\"dateModified\":\"2026-02-18T15:36:13+00:00\",\"description\":\"Laser Duplo Almamoly (Cydia pomonella) Burgonyabog\u00e1r (Leptinotarsa decemlineata) Doh\u00e1nytripsz (Thrips tabaci) Feh\u00e9rlepk\u00e9k Foltoss\",\"breadcrumb\":{\"@id\":\"https:\\\/\\\/tajkertesz.com\\\/termek\\\/laser-duplo-2-ml\\\/#breadcrumb\"},\"inLanguage\":\"en-US\",\"potentialAction\":[{\"@type\":\"ReadAction\",\"target\":[\"https:\\\/\\\/tajkertesz.com\\\/termek\\\/laser-duplo-2-ml\\\/\"]}]},{\"@type\":\"ImageObject\",\"inLanguage\":\"en-US\",\"@id\":\"https:\\\/\\\/tajkertesz.com\\\/termek\\\/laser-duplo-2-ml\\\/#primaryimage\",\"url\":\"https:\\\/\\\/tajkertesz.com\\\/wp-content\\\/uploads\\\/2021\\\/11\\\/Laserduplo.jpg\",\"contentUrl\":\"https:\\\/\\\/tajkertesz.com\\\/wp-content\\\/uploads\\\/2021\\\/11\\\/Laserduplo.jpg\",\"width\":754,\"height\":750},{\"@type\":\"BreadcrumbList\",\"@id\":\"https:\\\/\\\/tajkertesz.com\\\/termek\\\/laser-duplo-2-ml\\\/#breadcrumb\",\"itemListElement\":[{\"@type\":\"ListItem\",\"position\":1,\"name\":\"Home\",\"item\":\"https:\\\/\\\/tajkertesz.com\\\/\"},{\"@type\":\"ListItem\",\"position\":2,\"name\":\"Kezd\u0151lap\",\"item\":\"https:\\\/\\\/tajkertesz.com\\\/\"},{\"@type\":\"ListItem\",\"position\":3,\"name\":\"Laser Duplo 2 ml\"}]},{\"@type\":\"WebSite\",\"@id\":\"https:\\\/\\\/tajkertesz.com\\\/#website\",\"url\":\"https:\\\/\\\/tajkertesz.com\\\/\",\"name\":\"T\u00e1j-Kert\u00e9sz 84 Kft.\",\"description\":\"Kert\u00e9szeti kis- \u00e9s nagykeresked\u00e9s, D\u00edszn\u00f6v\u00e9ny web\u00e1ruh\u00e1z orsz\u00e1gos h\u00e1zhozsz\u00e1ll\u00edt\u00e1ssal!\",\"publisher\":{\"@id\":\"https:\\\/\\\/tajkertesz.com\\\/#organization\"},\"potentialAction\":[{\"@type\":\"SearchAction\",\"target\":{\"@type\":\"EntryPoint\",\"urlTemplate\":\"https:\\\/\\\/tajkertesz.com\\\/?s={search_term_string}\"},\"query-input\":{\"@type\":\"PropertyValueSpecification\",\"valueRequired\":true,\"valueName\":\"search_term_string\"}}],\"inLanguage\":\"en-US\"},{\"@type\":\"Organization\",\"@id\":\"https:\\\/\\\/tajkertesz.com\\\/#organization\",\"name\":\"T\u00e1j-Kert\u00e9sz 84 Kft.\",\"url\":\"https:\\\/\\\/tajkertesz.com\\\/\",\"logo\":{\"@type\":\"ImageObject\",\"inLanguage\":\"en-US\",\"@id\":\"https:\\\/\\\/tajkertesz.com\\\/#\\\/schema\\\/logo\\\/image\\\/\",\"url\":\"https:\\\/\\\/tajkertesz.com\\\/wp-content\\\/uploads\\\/2018\\\/02\\\/logo-2-e1518678052539.png\",\"contentUrl\":\"https:\\\/\\\/tajkertesz.com\\\/wp-content\\\/uploads\\\/2018\\\/02\\\/logo-2-e1518678052539.png\",\"width\":81,\"height\":140,\"caption\":\"T\u00e1j-Kert\u00e9sz 84 Kft.\"},\"image\":{\"@id\":\"https:\\\/\\\/tajkertesz.com\\\/#\\\/schema\\\/logo\\\/image\\\/\"},\"sameAs\":[\"https:\\\/\\\/www.facebook.com\\\/Tajkertesz\\\/\"]}]}<\/script>\n<!-- \/ Yoast SEO plugin. -->","yoast_head_json":{"title":"Laser Duplo 2 ml - T\u00e1jkert\u00e9sz","description":"Laser Duplo Almamoly (Cydia pomonella) Burgonyabog\u00e1r (Leptinotarsa decemlineata) Doh\u00e1nytripsz (Thrips tabaci) Feh\u00e9rlepk\u00e9k Foltoss","robots":{"index":"index","follow":"follow","max-snippet":"max-snippet:-1","max-image-preview":"max-image-preview:large","max-video-preview":"max-video-preview:-1"},"canonical":"https:\/\/tajkertesz.com\/en_US\/product\/laser-duplo-2-ml\/","og_locale":"en_US","og_type":"article","og_title":"Laser Duplo 2 ml - T\u00e1jkert\u00e9sz","og_description":"Laser Duplo Almamoly (Cydia pomonella) Burgonyabog\u00e1r (Leptinotarsa decemlineata) Doh\u00e1nytripsz (Thrips tabaci) Feh\u00e9rlepk\u00e9k Foltoss","og_url":"https:\/\/tajkertesz.com\/en_US\/product\/laser-duplo-2-ml\/","og_site_name":"T\u00e1jkert\u00e9sz","article_publisher":"https:\/\/www.facebook.com\/Tajkertesz\/","article_modified_time":"2026-02-18T15:36:13+00:00","og_image":[{"width":754,"height":750,"url":"https:\/\/tajkertesz.com\/wp-content\/uploads\/2021\/11\/Laserduplo.jpg","type":"image\/jpeg"}],"twitter_card":"summary_large_image","twitter_misc":{"Est. reading time":"4 minutes"},"schema":{"@context":"https:\/\/schema.org","@graph":[{"@type":"WebPage","@id":"https:\/\/tajkertesz.com\/termek\/laser-duplo-2-ml\/","url":"https:\/\/tajkertesz.com\/termek\/laser-duplo-2-ml\/","name":"Laser Duplo 2 ml - T\u00e1jkert\u00e9sz","isPartOf":{"@id":"https:\/\/tajkertesz.com\/#website"},"primaryImageOfPage":{"@id":"https:\/\/tajkertesz.com\/termek\/laser-duplo-2-ml\/#primaryimage"},"image":{"@id":"https:\/\/tajkertesz.com\/termek\/laser-duplo-2-ml\/#primaryimage"},"thumbnailUrl":"https:\/\/tajkertesz.com\/wp-content\/uploads\/2021\/11\/Laserduplo.jpg","datePublished":"2021-11-26T10:20:37+00:00","dateModified":"2026-02-18T15:36:13+00:00","description":"Laser Duplo Almamoly (Cydia pomonella) Burgonyabog\u00e1r (Leptinotarsa decemlineata) Doh\u00e1nytripsz (Thrips tabaci) Feh\u00e9rlepk\u00e9k Foltoss","breadcrumb":{"@id":"https:\/\/tajkertesz.com\/termek\/laser-duplo-2-ml\/#breadcrumb"},"inLanguage":"en-US","potentialAction":[{"@type":"ReadAction","target":["https:\/\/tajkertesz.com\/termek\/laser-duplo-2-ml\/"]}]},{"@type":"ImageObject","inLanguage":"en-US","@id":"https:\/\/tajkertesz.com\/termek\/laser-duplo-2-ml\/#primaryimage","url":"https:\/\/tajkertesz.com\/wp-content\/uploads\/2021\/11\/Laserduplo.jpg","contentUrl":"https:\/\/tajkertesz.com\/wp-content\/uploads\/2021\/11\/Laserduplo.jpg","width":754,"height":750},{"@type":"BreadcrumbList","@id":"https:\/\/tajkertesz.com\/termek\/laser-duplo-2-ml\/#breadcrumb","itemListElement":[{"@type":"ListItem","position":1,"name":"Home","item":"https:\/\/tajkertesz.com\/"},{"@type":"ListItem","position":2,"name":"Kezd\u0151lap","item":"https:\/\/tajkertesz.com\/"},{"@type":"ListItem","position":3,"name":"Laser Duplo 2 ml"}]},{"@type":"WebSite","@id":"https:\/\/tajkertesz.com\/#website","url":"https:\/\/tajkertesz.com\/","name":"T\u00e1j-Kert\u00e9sz 84 Kft.","description":"Kert\u00e9szeti kis- \u00e9s nagykeresked\u00e9s, D\u00edszn\u00f6v\u00e9ny web\u00e1ruh\u00e1z orsz\u00e1gos h\u00e1zhozsz\u00e1ll\u00edt\u00e1ssal!","publisher":{"@id":"https:\/\/tajkertesz.com\/#organization"},"potentialAction":[{"@type":"SearchAction","target":{"@type":"EntryPoint","urlTemplate":"https:\/\/tajkertesz.com\/?s={search_term_string}"},"query-input":{"@type":"PropertyValueSpecification","valueRequired":true,"valueName":"search_term_string"}}],"inLanguage":"en-US"},{"@type":"Organization","@id":"https:\/\/tajkertesz.com\/#organization","name":"T\u00e1j-Kert\u00e9sz 84 Kft.","url":"https:\/\/tajkertesz.com\/","logo":{"@type":"ImageObject","inLanguage":"en-US","@id":"https:\/\/tajkertesz.com\/#\/schema\/logo\/image\/","url":"https:\/\/tajkertesz.com\/wp-content\/uploads\/2018\/02\/logo-2-e1518678052539.png","contentUrl":"https:\/\/tajkertesz.com\/wp-content\/uploads\/2018\/02\/logo-2-e1518678052539.png","width":81,"height":140,"caption":"T\u00e1j-Kert\u00e9sz 84 Kft."},"image":{"@id":"https:\/\/tajkertesz.com\/#\/schema\/logo\/image\/"},"sameAs":["https:\/\/www.facebook.com\/Tajkertesz\/"]}]}},"_links":{"self":[{"href":"https:\/\/tajkertesz.com\/en_US\/wp-json\/wp\/v2\/product\/11748","targetHints":{"allow":["GET"]}}],"collection":[{"href":"https:\/\/tajkertesz.com\/en_US\/wp-json\/wp\/v2\/product"}],"about":[{"href":"https:\/\/tajkertesz.com\/en_US\/wp-json\/wp\/v2\/types\/product"}],"wp:featuredmedia":[{"embeddable":true,"href":"https:\/\/tajkertesz.com\/en_US\/wp-json\/wp\/v2\/media\/11749"}],"wp:attachment":[{"href":"https:\/\/tajkertesz.com\/en_US\/wp-json\/wp\/v2\/media?parent=11748"}],"wp:term":[{"taxonomy":"product_brand","embeddable":true,"href":"https:\/\/tajkertesz.com\/en_US\/wp-json\/wp\/v2\/product_brand?post=11748"},{"taxonomy":"product_cat","embeddable":true,"href":"https:\/\/tajkertesz.com\/en_US\/wp-json\/wp\/v2\/product_cat?post=11748"},{"taxonomy":"product_tag","embeddable":true,"href":"https:\/\/tajkertesz.com\/en_US\/wp-json\/wp\/v2\/product_tag?post=11748"}],"curies":[{"name":"wp","href":"https:\/\/api.w.org\/{rel}","templated":true}]}}