{"id":11751,"date":"2021-11-26T10:25:09","date_gmt":"2021-11-26T10:25:09","guid":{"rendered":"https:\/\/tajkertesz.com\/?post_type=product&#038;p=11751"},"modified":"2026-02-18T15:36:22","modified_gmt":"2026-02-18T15:36:22","slug":"pirimor-50-wg-10g","status":"publish","type":"product","link":"https:\/\/tajkertesz.com\/en_US\/product\/pirimor-50-wg-10g\/","title":{"rendered":"Pirimor 50 WG 10g"},"content":{"rendered":"<h1 class=\"product-detail-name\">Pirimor 50 WG 10g<\/h1>\n<div class=\"product-detail-title-after\">\n<div class=\"product-detail-manufacturer-wrap\"><\/div>\n<\/div>\n<div class=\"product-detail-title-after\">\n<div class=\"product-detail-manufacturer-wrap\">\n<p class=\"product-detail-name\">Pirimor 50 WG 10g<\/p>\n<\/div>\n<\/div>\n<p class=\"product-detail-name\">H\u00e1zikerti felhaszn\u00e1l\u00e1s: 10 g\/10 l v\u00edz.<\/p>\n<p>Term\u00e9k inform\u00e1ci\u00f3k<br \/>\nJAVASOLT N\u00d6V\u00c9NYV\u00c9DELMI TECHNOL\u00d3GIA:<\/p>\n<p>A v\u00e9dekez\u00e9st el\u0151rejelz\u00e9sre kell alapozni \u00e9s a kezel\u00e9seket a k\u00e1rtev\u0151k megjelen\u00e9sekor kell megkezdeni. Elh\u00faz\u00f3d\u00f3 beteleped\u00e9s, illetve felszaporod\u00e1s eset\u00e9n sz\u00fcks\u00e9ges a kezel\u00e9s megism\u00e9tl\u00e9se.<\/p>\n<p>Almaterm\u00e9s\u0171ekben \u00e9s \u0151szibarackban a lev\u00e9ltet\u0171 \u0151sany\u00e1k \u00e9s ut\u00f3dnemzed\u00e9kei ellen a kol\u00f3ni\u00e1k kialakul\u00e1sa el\u0151tt kell v\u00e9dekezni, a gazdacser\u00e9s lev\u00e9ltet\u0171 fajok eset\u00e9ben a ny\u00e1ri sz\u0171znemz\u00e9ssel szaporod\u00f3 nemzed\u00e9kek ellen is v\u00e9dekezni kell.<\/p>\n<p>Sz\u00e1nt\u00f3f\u00f6ldi kult\u00far\u00e1kban az \u00e1llom\u00e1nykezel\u00e9st n\u00f6v\u00e9nyvizsg\u00e1latra alapozott vagy s\u00e1rgat\u00e1las megfigyel\u00e9s alapj\u00e1n, az els\u0151 egyedek betelep\u00fcl\u00e9s\u00e9t k\u00f6vet\u0151en aj\u00e1nlott elkezdeni.<\/p>\n<p>Z\u00f6lds\u00e9gf\u00e9l\u00e9kben is s\u00e1rgat\u00e1las el\u0151rejelz\u00e9s alapj\u00e1n a k\u00e1rtev\u0151k megjelen\u00e9sekor kell megkezdeni a kezel\u00e9seket, az ut\u00f3dnemzed\u00e9kek ellen pedig sz\u00fcks\u00e9g eset\u00e9n meg is kell ism\u00e9telni azt.<\/p>\n<p>K\u00e1posztaf\u00e9l\u00e9kben \u00e9s m\u00e1kban a permetl\u00e9hez nedves\u00edt\u0151szer hozz\u00e1ad\u00e1sa javasolt. M\u00e1kban er\u0151s lev\u00e9ltet\u0171 fert\u0151z\u00e9s c\u00e9lszer\u0171 egy m\u00e1sik enged\u00e9lyezett rovar\u00f6l\u0151 szerrel kombin\u00e1ci\u00f3ban kijuttatni.<\/p>\n<p>HAT\u00c1S FELT\u00c9TELE, HAT\u00c1SSPEKTRUM:<\/p>\n<p>A Pirimor er\u0151s tagl\u00f3z\u00f3 hat\u00e1s\u00fa rovar\u00f6l\u0151 szer. A gyors felsz\u00edv\u00f3d\u00e1snak k\u00f6sz\u00f6nhet\u0151en a v\u00edrusvektor rovarok t\u00e1pl\u00e1lkoz\u00e1s\u00e1t azonnal g\u00e1tolja, ez\u00e1ltal a n\u00f6v\u00e9nypatog\u00e9n v\u00edrusok tov\u00e1bb\u00edt\u00e1s\u00e1t, n\u00f6v\u00e9nybe jut\u00e1s\u00e1t is megakad\u00e1lyozza.<\/p>\n<p>K\u00dcL\u00d6NLEGES EL\u0150NYEI:<\/p>\n<p>speci\u00e1lisan lev\u00e9ltet\u0171 ellen alkalmazhat\u00f3 k\u00e9sz\u00edtm\u00e9ny<br \/>\naz egyetlen karbam\u00e1t t\u00edpus\u00fa hat\u00f3anyag a piacon<br \/>\ngyors felsz\u00edv\u00f3d\u00e1s<br \/>\ner\u0151s tagl\u00f3z\u00f3 hat\u00e1s<br \/>\nazonnali t\u00e1pl\u00e1lkoz\u00e1s \u00e9s v\u00edrusterjeszt\u00e9s g\u00e1tl\u00e1s<br \/>\nm\u00e9hekre nem jel\u00f6l\u00e9sk\u00f6teles<\/p>\n<p>KIEG\u00c9SZ\u00cdT\u0150 TECHNIKAI ADATOK:<\/p>\n<p>Munkaeg\u00e9szs\u00e9g\u00fcgyi v\u00e1rakoz\u00e1si id\u0151: 0 nap<br \/>\n\u00c9lelmez\u00e9s-eg\u00e9szs\u00e9g\u00fcgyi v\u00e1rakoz\u00e1si id\u0151: kal\u00e1szosok \u2013 35 nap; napraforg\u00f3 \u2013 28 nap; doh\u00e1ny, m\u00e1k \u2013 21 nap; sal\u00e1ta \u2013 14 nap; almaterm\u00e9s\u0171ek \u2013 10 nap; cukorr\u00e9pa, k\u00e1posztaf\u00e9l\u00e9k, \u0151szibarack \u2013 7 nap; paprika, paradicsom, uborka \u2013 3 nap<br \/>\nEnged\u00e9lysz\u00e1m: 35756\/2001. FVM, 04.2\/877-2\/2016. N\u00c9BIH<br \/>\nKiszerel\u00e9s: 10 g-os csomag<br \/>\nForgalmi kateg\u00f3ria: III.<br \/>\nEltarthat\u00f3s\u00e1g: eredeti z\u00e1rt csomagol\u00e1sban, sz\u00e1raz, h\u0171v\u00f6s helyen, szab\u00e1lyos n\u00f6v\u00e9nyv\u00e9d\u0151 szer rakt\u00e1rban 3 \u00e9v.<\/p>\n<p align=\"justify\"><a href=\"https:\/\/www.facebook.com\/tajkertesz\">https:\/\/www.facebook.com\/tajkertesz<\/a><\/p>\n<p align=\"justify\"><a href=\"http:\/\/www.tajkertesz.hu\">http:\/\/www.tajkertesz.hu<\/a><\/p>\n<p align=\"justify\"><a href=\"https:\/\/tajkertesz.com\/wp-content\/uploads\/2021\/11\/Pirimor50WG.doc\">Pirimor50WG<\/a><\/p>\n<h3 align=\"justify\">Kiz\u00e1r\u00f3lag szem\u00e9lyes \u00e1tv\u00e9tellel lehets\u00e9ges a term\u00e9k megv\u00e1s\u00e1rl\u00e1sa!<\/h3>\n<p align=\"justify\"><span style=\"color: #ffffff;\">A k\u00e9sz\u00edtm\u00e9nyt a gyep ny\u00edr\u00e1s\u00e1t k\u00f6vet\u0151en, a k\u00e9tszik\u0171 gyomn\u00f6v\u00e9nyek n\u00f6veked\u00e9s\u00e9nek \u00fajb\u00f3li megindul\u00e1sa ut\u00e1n kell kijuttatni 10 l\/ha (100 ml \/ 100 m2) d\u00f3zisban. A kijuttat\u00e1shoz sz\u00fcks\u00e9ges v\u00edzmennyis\u00e9g 10 l \/ 100 m2. A kezel\u00e9sn\u00e9l \u00fcgyelni kell arra, hogy a permetl\u00e9 kult\u00farn\u00f6v\u00e9nyekre ne ker\u00fclj\u00f6n, mert azokat maradand\u00f3an k\u00e1ros\u00edtja.<\/span><\/p>\n<p align=\"justify\"><span style=\"color: #ffffff;\">A k\u00e9sz\u00edtm\u00e9ny alkalmazhat\u00f3 foltkezel\u00e9s \u00e9s teljes fel\u00fcletkezel\u00e9s form\u00e1j\u00e1ban. Egy veget\u00e1ci\u00f3s szakaszban maximum k\u00e9t kezel\u00e9s v\u00e9gezhet\u0151.<\/span><\/p>\n<div align=\"justify\"><\/div>","protected":false},"excerpt":{"rendered":"<p class=\"product-detail-name\" style=\"text-align: center;\">Pirimor 50 WG 10g<\/p>\n<div class=\"product-detail-title-after\">\n<div class=\"product-detail-manufacturer-wrap\"><\/div>\n<\/div>\n<div class=\"product-detail-title-after\">\n<div class=\"product-detail-manufacturer-wrap\"><\/div>\n<\/div>\n<div class=\"product-detail-title-after\">\n<div class=\"product-detail-manufacturer-wrap\"><\/div>\n<\/div>","protected":false},"featured_media":11752,"template":"","meta":{"_et_pb_use_builder":"","_et_pb_old_content":"","_et_gb_content_width":""},"product_brand":[],"product_cat":[3423],"product_tag":[3429],"class_list":{"0":"post-11751","1":"product","2":"type-product","3":"status-publish","4":"has-post-thumbnail","6":"product_cat-rovarolo-szer","7":"product_tag-pirimor-50-wg-10g","9":"first","10":"instock","11":"shipping-taxable","12":"purchasable","13":"product-type-simple"},"yoast_head":"<!-- This site is optimized with the Yoast SEO plugin v27.5 - https:\/\/yoast.com\/product\/yoast-seo-wordpress\/ -->\n<title>Pirimor 50 WG 10g - T\u00e1jkert\u00e9sz<\/title>\n<meta name=\"description\" content=\"Pirimor 50 WG 10g\" \/>\n<meta name=\"robots\" content=\"index, follow, max-snippet:-1, max-image-preview:large, max-video-preview:-1\" \/>\n<link rel=\"canonical\" href=\"https:\/\/tajkertesz.com\/en_US\/product\/pirimor-50-wg-10g\/\" \/>\n<meta property=\"og:locale\" content=\"en_US\" \/>\n<meta property=\"og:type\" content=\"article\" \/>\n<meta property=\"og:title\" content=\"Pirimor 50 WG 10g - T\u00e1jkert\u00e9sz\" \/>\n<meta property=\"og:description\" content=\"Pirimor 50 WG 10g\" \/>\n<meta property=\"og:url\" content=\"https:\/\/tajkertesz.com\/en_US\/product\/pirimor-50-wg-10g\/\" \/>\n<meta property=\"og:site_name\" content=\"T\u00e1jkert\u00e9sz\" \/>\n<meta property=\"article:publisher\" content=\"https:\/\/www.facebook.com\/Tajkertesz\/\" \/>\n<meta property=\"article:modified_time\" content=\"2026-02-18T15:36:22+00:00\" \/>\n<meta property=\"og:image\" content=\"https:\/\/tajkertesz.com\/wp-content\/uploads\/2021\/11\/Pirimor10g_1920x1920.jpg\" \/>\n\t<meta property=\"og:image:width\" content=\"450\" \/>\n\t<meta property=\"og:image:height\" content=\"450\" \/>\n\t<meta property=\"og:image:type\" content=\"image\/jpeg\" \/>\n<meta name=\"twitter:card\" content=\"summary_large_image\" \/>\n<meta name=\"twitter:label1\" content=\"Est. reading time\" \/>\n\t<meta name=\"twitter:data1\" content=\"2 minutes\" \/>\n<script type=\"application\/ld+json\" class=\"yoast-schema-graph\">{\"@context\":\"https:\\\/\\\/schema.org\",\"@graph\":[{\"@type\":\"WebPage\",\"@id\":\"https:\\\/\\\/tajkertesz.com\\\/termek\\\/pirimor-50-wg-10g\\\/\",\"url\":\"https:\\\/\\\/tajkertesz.com\\\/termek\\\/pirimor-50-wg-10g\\\/\",\"name\":\"Pirimor 50 WG 10g - T\u00e1jkert\u00e9sz\",\"isPartOf\":{\"@id\":\"https:\\\/\\\/tajkertesz.com\\\/#website\"},\"primaryImageOfPage\":{\"@id\":\"https:\\\/\\\/tajkertesz.com\\\/termek\\\/pirimor-50-wg-10g\\\/#primaryimage\"},\"image\":{\"@id\":\"https:\\\/\\\/tajkertesz.com\\\/termek\\\/pirimor-50-wg-10g\\\/#primaryimage\"},\"thumbnailUrl\":\"https:\\\/\\\/tajkertesz.com\\\/wp-content\\\/uploads\\\/2021\\\/11\\\/Pirimor10g_1920x1920.jpg\",\"datePublished\":\"2021-11-26T10:25:09+00:00\",\"dateModified\":\"2026-02-18T15:36:22+00:00\",\"description\":\"Pirimor 50 WG 10g\",\"breadcrumb\":{\"@id\":\"https:\\\/\\\/tajkertesz.com\\\/termek\\\/pirimor-50-wg-10g\\\/#breadcrumb\"},\"inLanguage\":\"en-US\",\"potentialAction\":[{\"@type\":\"ReadAction\",\"target\":[\"https:\\\/\\\/tajkertesz.com\\\/termek\\\/pirimor-50-wg-10g\\\/\"]}]},{\"@type\":\"ImageObject\",\"inLanguage\":\"en-US\",\"@id\":\"https:\\\/\\\/tajkertesz.com\\\/termek\\\/pirimor-50-wg-10g\\\/#primaryimage\",\"url\":\"https:\\\/\\\/tajkertesz.com\\\/wp-content\\\/uploads\\\/2021\\\/11\\\/Pirimor10g_1920x1920.jpg\",\"contentUrl\":\"https:\\\/\\\/tajkertesz.com\\\/wp-content\\\/uploads\\\/2021\\\/11\\\/Pirimor10g_1920x1920.jpg\",\"width\":450,\"height\":450},{\"@type\":\"BreadcrumbList\",\"@id\":\"https:\\\/\\\/tajkertesz.com\\\/termek\\\/pirimor-50-wg-10g\\\/#breadcrumb\",\"itemListElement\":[{\"@type\":\"ListItem\",\"position\":1,\"name\":\"Home\",\"item\":\"https:\\\/\\\/tajkertesz.com\\\/\"},{\"@type\":\"ListItem\",\"position\":2,\"name\":\"Kezd\u0151lap\",\"item\":\"https:\\\/\\\/tajkertesz.com\\\/\"},{\"@type\":\"ListItem\",\"position\":3,\"name\":\"Pirimor 50 WG 10g\"}]},{\"@type\":\"WebSite\",\"@id\":\"https:\\\/\\\/tajkertesz.com\\\/#website\",\"url\":\"https:\\\/\\\/tajkertesz.com\\\/\",\"name\":\"T\u00e1j-Kert\u00e9sz 84 Kft.\",\"description\":\"Kert\u00e9szeti kis- \u00e9s nagykeresked\u00e9s, D\u00edszn\u00f6v\u00e9ny web\u00e1ruh\u00e1z orsz\u00e1gos h\u00e1zhozsz\u00e1ll\u00edt\u00e1ssal!\",\"publisher\":{\"@id\":\"https:\\\/\\\/tajkertesz.com\\\/#organization\"},\"potentialAction\":[{\"@type\":\"SearchAction\",\"target\":{\"@type\":\"EntryPoint\",\"urlTemplate\":\"https:\\\/\\\/tajkertesz.com\\\/?s={search_term_string}\"},\"query-input\":{\"@type\":\"PropertyValueSpecification\",\"valueRequired\":true,\"valueName\":\"search_term_string\"}}],\"inLanguage\":\"en-US\"},{\"@type\":\"Organization\",\"@id\":\"https:\\\/\\\/tajkertesz.com\\\/#organization\",\"name\":\"T\u00e1j-Kert\u00e9sz 84 Kft.\",\"url\":\"https:\\\/\\\/tajkertesz.com\\\/\",\"logo\":{\"@type\":\"ImageObject\",\"inLanguage\":\"en-US\",\"@id\":\"https:\\\/\\\/tajkertesz.com\\\/#\\\/schema\\\/logo\\\/image\\\/\",\"url\":\"https:\\\/\\\/tajkertesz.com\\\/wp-content\\\/uploads\\\/2018\\\/02\\\/logo-2-e1518678052539.png\",\"contentUrl\":\"https:\\\/\\\/tajkertesz.com\\\/wp-content\\\/uploads\\\/2018\\\/02\\\/logo-2-e1518678052539.png\",\"width\":81,\"height\":140,\"caption\":\"T\u00e1j-Kert\u00e9sz 84 Kft.\"},\"image\":{\"@id\":\"https:\\\/\\\/tajkertesz.com\\\/#\\\/schema\\\/logo\\\/image\\\/\"},\"sameAs\":[\"https:\\\/\\\/www.facebook.com\\\/Tajkertesz\\\/\"]}]}<\/script>\n<!-- \/ Yoast SEO plugin. -->","yoast_head_json":{"title":"Pirimor 50 WG 10g - T\u00e1jkert\u00e9sz","description":"Pirimor 50 WG 10g","robots":{"index":"index","follow":"follow","max-snippet":"max-snippet:-1","max-image-preview":"max-image-preview:large","max-video-preview":"max-video-preview:-1"},"canonical":"https:\/\/tajkertesz.com\/en_US\/product\/pirimor-50-wg-10g\/","og_locale":"en_US","og_type":"article","og_title":"Pirimor 50 WG 10g - T\u00e1jkert\u00e9sz","og_description":"Pirimor 50 WG 10g","og_url":"https:\/\/tajkertesz.com\/en_US\/product\/pirimor-50-wg-10g\/","og_site_name":"T\u00e1jkert\u00e9sz","article_publisher":"https:\/\/www.facebook.com\/Tajkertesz\/","article_modified_time":"2026-02-18T15:36:22+00:00","og_image":[{"width":450,"height":450,"url":"https:\/\/tajkertesz.com\/wp-content\/uploads\/2021\/11\/Pirimor10g_1920x1920.jpg","type":"image\/jpeg"}],"twitter_card":"summary_large_image","twitter_misc":{"Est. reading time":"2 minutes"},"schema":{"@context":"https:\/\/schema.org","@graph":[{"@type":"WebPage","@id":"https:\/\/tajkertesz.com\/termek\/pirimor-50-wg-10g\/","url":"https:\/\/tajkertesz.com\/termek\/pirimor-50-wg-10g\/","name":"Pirimor 50 WG 10g - T\u00e1jkert\u00e9sz","isPartOf":{"@id":"https:\/\/tajkertesz.com\/#website"},"primaryImageOfPage":{"@id":"https:\/\/tajkertesz.com\/termek\/pirimor-50-wg-10g\/#primaryimage"},"image":{"@id":"https:\/\/tajkertesz.com\/termek\/pirimor-50-wg-10g\/#primaryimage"},"thumbnailUrl":"https:\/\/tajkertesz.com\/wp-content\/uploads\/2021\/11\/Pirimor10g_1920x1920.jpg","datePublished":"2021-11-26T10:25:09+00:00","dateModified":"2026-02-18T15:36:22+00:00","description":"Pirimor 50 WG 10g","breadcrumb":{"@id":"https:\/\/tajkertesz.com\/termek\/pirimor-50-wg-10g\/#breadcrumb"},"inLanguage":"en-US","potentialAction":[{"@type":"ReadAction","target":["https:\/\/tajkertesz.com\/termek\/pirimor-50-wg-10g\/"]}]},{"@type":"ImageObject","inLanguage":"en-US","@id":"https:\/\/tajkertesz.com\/termek\/pirimor-50-wg-10g\/#primaryimage","url":"https:\/\/tajkertesz.com\/wp-content\/uploads\/2021\/11\/Pirimor10g_1920x1920.jpg","contentUrl":"https:\/\/tajkertesz.com\/wp-content\/uploads\/2021\/11\/Pirimor10g_1920x1920.jpg","width":450,"height":450},{"@type":"BreadcrumbList","@id":"https:\/\/tajkertesz.com\/termek\/pirimor-50-wg-10g\/#breadcrumb","itemListElement":[{"@type":"ListItem","position":1,"name":"Home","item":"https:\/\/tajkertesz.com\/"},{"@type":"ListItem","position":2,"name":"Kezd\u0151lap","item":"https:\/\/tajkertesz.com\/"},{"@type":"ListItem","position":3,"name":"Pirimor 50 WG 10g"}]},{"@type":"WebSite","@id":"https:\/\/tajkertesz.com\/#website","url":"https:\/\/tajkertesz.com\/","name":"T\u00e1j-Kert\u00e9sz 84 Kft.","description":"Kert\u00e9szeti kis- \u00e9s nagykeresked\u00e9s, D\u00edszn\u00f6v\u00e9ny web\u00e1ruh\u00e1z orsz\u00e1gos h\u00e1zhozsz\u00e1ll\u00edt\u00e1ssal!","publisher":{"@id":"https:\/\/tajkertesz.com\/#organization"},"potentialAction":[{"@type":"SearchAction","target":{"@type":"EntryPoint","urlTemplate":"https:\/\/tajkertesz.com\/?s={search_term_string}"},"query-input":{"@type":"PropertyValueSpecification","valueRequired":true,"valueName":"search_term_string"}}],"inLanguage":"en-US"},{"@type":"Organization","@id":"https:\/\/tajkertesz.com\/#organization","name":"T\u00e1j-Kert\u00e9sz 84 Kft.","url":"https:\/\/tajkertesz.com\/","logo":{"@type":"ImageObject","inLanguage":"en-US","@id":"https:\/\/tajkertesz.com\/#\/schema\/logo\/image\/","url":"https:\/\/tajkertesz.com\/wp-content\/uploads\/2018\/02\/logo-2-e1518678052539.png","contentUrl":"https:\/\/tajkertesz.com\/wp-content\/uploads\/2018\/02\/logo-2-e1518678052539.png","width":81,"height":140,"caption":"T\u00e1j-Kert\u00e9sz 84 Kft."},"image":{"@id":"https:\/\/tajkertesz.com\/#\/schema\/logo\/image\/"},"sameAs":["https:\/\/www.facebook.com\/Tajkertesz\/"]}]}},"_links":{"self":[{"href":"https:\/\/tajkertesz.com\/en_US\/wp-json\/wp\/v2\/product\/11751","targetHints":{"allow":["GET"]}}],"collection":[{"href":"https:\/\/tajkertesz.com\/en_US\/wp-json\/wp\/v2\/product"}],"about":[{"href":"https:\/\/tajkertesz.com\/en_US\/wp-json\/wp\/v2\/types\/product"}],"wp:featuredmedia":[{"embeddable":true,"href":"https:\/\/tajkertesz.com\/en_US\/wp-json\/wp\/v2\/media\/11752"}],"wp:attachment":[{"href":"https:\/\/tajkertesz.com\/en_US\/wp-json\/wp\/v2\/media?parent=11751"}],"wp:term":[{"taxonomy":"product_brand","embeddable":true,"href":"https:\/\/tajkertesz.com\/en_US\/wp-json\/wp\/v2\/product_brand?post=11751"},{"taxonomy":"product_cat","embeddable":true,"href":"https:\/\/tajkertesz.com\/en_US\/wp-json\/wp\/v2\/product_cat?post=11751"},{"taxonomy":"product_tag","embeddable":true,"href":"https:\/\/tajkertesz.com\/en_US\/wp-json\/wp\/v2\/product_tag?post=11751"}],"curies":[{"name":"wp","href":"https:\/\/api.w.org\/{rel}","templated":true}]}}