{"id":11754,"date":"2021-11-26T10:29:28","date_gmt":"2021-11-26T10:29:28","guid":{"rendered":"https:\/\/tajkertesz.com\/?post_type=product&#038;p=11754"},"modified":"2026-02-18T15:36:36","modified_gmt":"2026-02-18T15:36:36","slug":"score-250-ec-25-ml-amp","status":"publish","type":"product","link":"https:\/\/tajkertesz.com\/en_US\/product\/score-250-ec-25-ml-amp\/","title":{"rendered":"Score 250 EC 2,5 ml amp."},"content":{"rendered":"<h1 class=\"product-detail-name\">Score 250 EC 2,5 ml amp.<\/h1>\n<div class=\"product-detail-title-after\">\n<div class=\"product-detail-manufacturer-wrap\"><\/div>\n<\/div>\n<div class=\"product-detail-title-after\">\n<div class=\"product-detail-manufacturer-wrap\">\n<p class=\"product-detail-name\">Score 250 EC 2,5 ml amp.<\/p>\n<\/div>\n<\/div>\n<p class=\"product-detail-name\">GOMBA\u00d6L\u0150 SZER<\/p>\n<p>H\u00e1zikerti felhaszn\u00e1l\u00e1s: 5 ml\/10 l v\u00edz<\/p>\n<p>Munkaeg\u00e9szs\u00e9g\u00fcgyi v\u00e1rakoz\u00e1si id\u0151: 0 nap<br \/>\nHat\u00f3anyagtartalom: 250 g\/ldifenokonazol<br \/>\nHat\u00f3anyag csal\u00e1d:<br \/>\ntriazolok<br \/>\nFormul\u00e1ci\u00f3: EC (emulzi\u00f3k\u00e9pz\u0151 koncentr\u00e1tum)<br \/>\nK\u00f6rnyezeti besorol\u00e1s: V\u00edzi szervezetekre kifejezetten vesz\u00e9lyes. M\u00e9hvesz\u00e9lyess\u00e9g: nem jel\u00f6l\u00e9sk\u00f6teles.<br \/>\nForgalmi kateg\u00f3ria: III.<\/p>\n<p>Kiemelked\u0151 hat\u00e9konys\u00e1g az almavarasod\u00e1s ellen.<\/p>\n<p>HAT\u00c1SSPEKTRUM \u00c9S D\u00d3ZIS<\/p>\n<p>Alma: varasod\u00e1s,lisztharmat<br \/>\nVarasod\u00e1s, lisztharmat ellen 0,2\u20130,25 l\/ha d\u00f3zisban. A Score-t az alma leg\u00e9rz\u00e9kenyebb n\u00f6veked\u00e9si szakasz\u00e1ban javasoljuk a varasod\u00e1s (fuzikl\u00e1dium) elleni v\u00e9dekez\u00e9sre. A Score egyed\u00fcl\u00e1ll\u00f3 tulajdons\u00e1ga, hogy a csapad\u00e9khull\u00e1s kezdet\u00e9t\u0151l sz\u00e1m\u00edtott 96 \u00f3r\u00e1n (4 napon) bel\u00fcl kijuttatva is k\u00e9pes a varasod\u00e1s fert\u0151z\u00e9st le\u00e1ll\u00edtani \u00e9s a t\u00fcnetek megjelen\u00e9s\u00e9t megakad\u00e1lyozni. A Score-t sziromhull\u00e1st\u00f3l aj\u00e1nljuk az alma v\u00e9delm\u00e9re blokkszer\u0171en, 8\u201310 naponk\u00e9nt kijuttatva. A Score a permetez\u00e9st k\u00f6vet\u0151en gyorsan felsz\u00edv\u00f3dik \u00e9s v\u00e9delmet ny\u00fajt az intenz\u00edv n\u00f6veked\u00e9si id\u0151szakban is. A Score-os kezel\u00e9sek el\u0151tt eg\u00e9rf\u00fcles \u00e1llapott\u00f3l a Chorus-t c\u00e9lszer\u0171 alkalmazni.<br \/>\n\u00c9VI:14 nap<\/p>\n<p>k\u00f6rte:varasod\u00e1s, rozsda<br \/>\nVarasod\u00e1s, k\u00f6rterozsda ellen 0,2\u20130,25 l\/ha d\u00f3zisban. A Score-t a k\u00f6rte leg\u00e9rz\u00e9kenyebb n\u00f6veked\u00e9si szakasz\u00e1ban javasoljuk a varasod\u00e1s (fuzikl\u00e1dium) elleni v\u00e9dekez\u00e9sre. A Score egyed\u00fcl\u00e1ll\u00f3 tulajdons\u00e1ga, hogy a csapad\u00e9khull\u00e1s kezdet\u00e9t\u0151l sz\u00e1m\u00edtott 96 \u00f3r\u00e1n (4 napon) bel\u00fcl kijuttatva is k\u00e9pes a varasod\u00e1s fert\u0151z\u00e9st le\u00e1ll\u00edtani \u00e9s a t\u00fcnetek megjelen\u00e9s\u00e9t megakad\u00e1lyozni. A Score-t sziromhull\u00e1st\u00f3l aj\u00e1nljuk a k\u00f6rte v\u00e9delm\u00e9re blokkszer\u0171en, 8\u201310 naponk\u00e9nt kijuttatva. A Score a permetez\u00e9st k\u00f6vet\u0151en gyorsan felsz\u00edv\u00f3dik \u00e9s v\u00e9delmet ny\u00fajt az intenz\u00edv n\u00f6veked\u00e9si id\u0151szakban is. A Score-os kezel\u00e9sek el\u0151tt eg\u00e9rf\u00fcles \u00e1llapott\u00f3l a Chorus-t c\u00e9lszer\u0171 alkalmazni.<br \/>\n\u00c9VI:14 nap<\/p>\n<p>\u0151szibarack tafrin\u00e1slev\u00e9lfodrosod\u00e1s, lisztharmat,lev\u00e9llikaszt\u00f3betegs\u00e9g<br \/>\nTafrin\u00e1s lev\u00e9lfodrosod\u00e1s, lisztharmat, lev\u00e9llikaszt\u00f3 betegs\u00e9g ellen 0,2 l\/ha d\u00f3zisban 3 alkalommal 1\u20132 rezes lemos\u00f3 permetez\u00e9s ut\u00e1n.<br \/>\n\u00c9VI:14 nap<\/p>\n<p align=\"justify\"><a href=\"https:\/\/www.facebook.com\/tajkertesz\">https:\/\/www.facebook.com\/tajkertesz<\/a><\/p>\n<p align=\"justify\"><a href=\"http:\/\/www.tajkertesz.hu\">http:\/\/www.tajkertesz.hu<\/a><\/p>\n<p align=\"justify\"><a href=\"https:\/\/tajkertesz.com\/wp-content\/uploads\/2021\/11\/Score_250_EC-.pdf\">Score_250_EC-<\/a><\/p>\n<h3 align=\"justify\">Kiz\u00e1r\u00f3lag szem\u00e9lyes \u00e1tv\u00e9tellel lehets\u00e9ges a term\u00e9k megv\u00e1s\u00e1rl\u00e1sa!<\/h3>\n<p align=\"justify\"><span style=\"color: #ffffff;\">A k\u00e9sz\u00edtm\u00e9nyt a gyep ny\u00edr\u00e1s\u00e1t k\u00f6vet\u0151en, a k\u00e9tszik\u0171 gyomn\u00f6v\u00e9nyek n\u00f6veked\u00e9s\u00e9nek \u00fajb\u00f3li megindul\u00e1sa ut\u00e1n kell kijuttatni 10 l\/ha (100 ml \/ 100 m2) d\u00f3zisban. A kijuttat\u00e1shoz sz\u00fcks\u00e9ges v\u00edzmennyis\u00e9g 10 l \/ 100 m2. A kezel\u00e9sn\u00e9l \u00fcgyelni kell arra, hogy a permetl\u00e9 kult\u00farn\u00f6v\u00e9nyekre ne ker\u00fclj\u00f6n, mert azokat maradand\u00f3an k\u00e1ros\u00edtja.<\/span><\/p>\n<p align=\"justify\"><span style=\"color: #ffffff;\">A k\u00e9sz\u00edtm\u00e9ny alkalmazhat\u00f3 foltkezel\u00e9s \u00e9s teljes fel\u00fcletkezel\u00e9s form\u00e1j\u00e1ban. Egy veget\u00e1ci\u00f3s szakaszban maximum k\u00e9t kezel\u00e9s v\u00e9gezhet\u0151.<\/span><\/p>\n<div align=\"justify\"><\/div>","protected":false},"excerpt":{"rendered":"<p class=\"product-detail-name\" style=\"text-align: center;\">Score 250 EC 2,5 ml amp.<\/p>\n<div class=\"product-detail-title-after\">\n<div class=\"product-detail-manufacturer-wrap\"><\/div>\n<\/div>\n<div class=\"product-detail-title-after\">\n<div class=\"product-detail-manufacturer-wrap\"><\/div>\n<\/div>\n<div class=\"product-detail-title-after\">\n<div class=\"product-detail-manufacturer-wrap\"><\/div>\n<\/div>","protected":false},"featured_media":11755,"template":"","meta":{"_et_pb_use_builder":"","_et_pb_old_content":"","_et_gb_content_width":""},"product_brand":[],"product_cat":[3421],"product_tag":[3430],"class_list":{"0":"post-11754","1":"product","2":"type-product","3":"status-publish","4":"has-post-thumbnail","6":"product_cat-gombaolo-szer","7":"product_tag-score-250-ec","9":"first","10":"instock","11":"shipping-taxable","12":"purchasable","13":"product-type-simple"},"yoast_head":"<!-- This site is optimized with the Yoast SEO plugin v27.4 - https:\/\/yoast.com\/product\/yoast-seo-wordpress\/ -->\n<title>Score 250 EC 2,5 ml amp. - T\u00e1jkert\u00e9sz<\/title>\n<meta name=\"description\" content=\"Score 250 EC 2,5 ml amp.\" \/>\n<meta name=\"robots\" content=\"index, follow, max-snippet:-1, max-image-preview:large, max-video-preview:-1\" \/>\n<link rel=\"canonical\" href=\"https:\/\/tajkertesz.com\/en_US\/product\/score-250-ec-25-ml-amp\/\" \/>\n<meta property=\"og:locale\" content=\"en_US\" \/>\n<meta property=\"og:type\" content=\"article\" \/>\n<meta property=\"og:title\" content=\"Score 250 EC 2,5 ml amp. - T\u00e1jkert\u00e9sz\" \/>\n<meta property=\"og:description\" content=\"Score 250 EC 2,5 ml amp.\" \/>\n<meta property=\"og:url\" content=\"https:\/\/tajkertesz.com\/en_US\/product\/score-250-ec-25-ml-amp\/\" \/>\n<meta property=\"og:site_name\" content=\"T\u00e1jkert\u00e9sz\" \/>\n<meta property=\"article:publisher\" content=\"https:\/\/www.facebook.com\/Tajkertesz\/\" \/>\n<meta property=\"article:modified_time\" content=\"2026-02-18T15:36:36+00:00\" \/>\n<meta property=\"og:image\" content=\"https:\/\/tajkertesz.com\/wp-content\/uploads\/2021\/11\/Scoreamp.jpg\" \/>\n\t<meta property=\"og:image:width\" content=\"1443\" \/>\n\t<meta property=\"og:image:height\" content=\"1920\" \/>\n\t<meta property=\"og:image:type\" content=\"image\/jpeg\" \/>\n<meta name=\"twitter:card\" content=\"summary_large_image\" \/>\n<meta name=\"twitter:label1\" content=\"Est. reading time\" \/>\n\t<meta name=\"twitter:data1\" content=\"2 minutes\" \/>\n<script type=\"application\/ld+json\" class=\"yoast-schema-graph\">{\"@context\":\"https:\\\/\\\/schema.org\",\"@graph\":[{\"@type\":\"WebPage\",\"@id\":\"https:\\\/\\\/tajkertesz.com\\\/termek\\\/score-250-ec-25-ml-amp\\\/\",\"url\":\"https:\\\/\\\/tajkertesz.com\\\/termek\\\/score-250-ec-25-ml-amp\\\/\",\"name\":\"Score 250 EC 2,5 ml amp. - T\u00e1jkert\u00e9sz\",\"isPartOf\":{\"@id\":\"https:\\\/\\\/tajkertesz.com\\\/#website\"},\"primaryImageOfPage\":{\"@id\":\"https:\\\/\\\/tajkertesz.com\\\/termek\\\/score-250-ec-25-ml-amp\\\/#primaryimage\"},\"image\":{\"@id\":\"https:\\\/\\\/tajkertesz.com\\\/termek\\\/score-250-ec-25-ml-amp\\\/#primaryimage\"},\"thumbnailUrl\":\"https:\\\/\\\/tajkertesz.com\\\/wp-content\\\/uploads\\\/2021\\\/11\\\/Scoreamp.jpg\",\"datePublished\":\"2021-11-26T10:29:28+00:00\",\"dateModified\":\"2026-02-18T15:36:36+00:00\",\"description\":\"Score 250 EC 2,5 ml amp.\",\"breadcrumb\":{\"@id\":\"https:\\\/\\\/tajkertesz.com\\\/termek\\\/score-250-ec-25-ml-amp\\\/#breadcrumb\"},\"inLanguage\":\"en-US\",\"potentialAction\":[{\"@type\":\"ReadAction\",\"target\":[\"https:\\\/\\\/tajkertesz.com\\\/termek\\\/score-250-ec-25-ml-amp\\\/\"]}]},{\"@type\":\"ImageObject\",\"inLanguage\":\"en-US\",\"@id\":\"https:\\\/\\\/tajkertesz.com\\\/termek\\\/score-250-ec-25-ml-amp\\\/#primaryimage\",\"url\":\"https:\\\/\\\/tajkertesz.com\\\/wp-content\\\/uploads\\\/2021\\\/11\\\/Scoreamp.jpg\",\"contentUrl\":\"https:\\\/\\\/tajkertesz.com\\\/wp-content\\\/uploads\\\/2021\\\/11\\\/Scoreamp.jpg\",\"width\":1443,\"height\":1920},{\"@type\":\"BreadcrumbList\",\"@id\":\"https:\\\/\\\/tajkertesz.com\\\/termek\\\/score-250-ec-25-ml-amp\\\/#breadcrumb\",\"itemListElement\":[{\"@type\":\"ListItem\",\"position\":1,\"name\":\"Home\",\"item\":\"https:\\\/\\\/tajkertesz.com\\\/\"},{\"@type\":\"ListItem\",\"position\":2,\"name\":\"Kezd\u0151lap\",\"item\":\"https:\\\/\\\/tajkertesz.com\\\/\"},{\"@type\":\"ListItem\",\"position\":3,\"name\":\"Score 250 EC 2,5 ml amp.\"}]},{\"@type\":\"WebSite\",\"@id\":\"https:\\\/\\\/tajkertesz.com\\\/#website\",\"url\":\"https:\\\/\\\/tajkertesz.com\\\/\",\"name\":\"T\u00e1j-Kert\u00e9sz 84 Kft.\",\"description\":\"Kert\u00e9szeti kis- \u00e9s nagykeresked\u00e9s, D\u00edszn\u00f6v\u00e9ny web\u00e1ruh\u00e1z orsz\u00e1gos h\u00e1zhozsz\u00e1ll\u00edt\u00e1ssal!\",\"publisher\":{\"@id\":\"https:\\\/\\\/tajkertesz.com\\\/#organization\"},\"potentialAction\":[{\"@type\":\"SearchAction\",\"target\":{\"@type\":\"EntryPoint\",\"urlTemplate\":\"https:\\\/\\\/tajkertesz.com\\\/?s={search_term_string}\"},\"query-input\":{\"@type\":\"PropertyValueSpecification\",\"valueRequired\":true,\"valueName\":\"search_term_string\"}}],\"inLanguage\":\"en-US\"},{\"@type\":\"Organization\",\"@id\":\"https:\\\/\\\/tajkertesz.com\\\/#organization\",\"name\":\"T\u00e1j-Kert\u00e9sz 84 Kft.\",\"url\":\"https:\\\/\\\/tajkertesz.com\\\/\",\"logo\":{\"@type\":\"ImageObject\",\"inLanguage\":\"en-US\",\"@id\":\"https:\\\/\\\/tajkertesz.com\\\/#\\\/schema\\\/logo\\\/image\\\/\",\"url\":\"https:\\\/\\\/tajkertesz.com\\\/wp-content\\\/uploads\\\/2018\\\/02\\\/logo-2-e1518678052539.png\",\"contentUrl\":\"https:\\\/\\\/tajkertesz.com\\\/wp-content\\\/uploads\\\/2018\\\/02\\\/logo-2-e1518678052539.png\",\"width\":81,\"height\":140,\"caption\":\"T\u00e1j-Kert\u00e9sz 84 Kft.\"},\"image\":{\"@id\":\"https:\\\/\\\/tajkertesz.com\\\/#\\\/schema\\\/logo\\\/image\\\/\"},\"sameAs\":[\"https:\\\/\\\/www.facebook.com\\\/Tajkertesz\\\/\"]}]}<\/script>\n<!-- \/ Yoast SEO plugin. -->","yoast_head_json":{"title":"Score 250 EC 2,5 ml amp. - T\u00e1jkert\u00e9sz","description":"Score 250 EC 2,5 ml amp.","robots":{"index":"index","follow":"follow","max-snippet":"max-snippet:-1","max-image-preview":"max-image-preview:large","max-video-preview":"max-video-preview:-1"},"canonical":"https:\/\/tajkertesz.com\/en_US\/product\/score-250-ec-25-ml-amp\/","og_locale":"en_US","og_type":"article","og_title":"Score 250 EC 2,5 ml amp. - T\u00e1jkert\u00e9sz","og_description":"Score 250 EC 2,5 ml amp.","og_url":"https:\/\/tajkertesz.com\/en_US\/product\/score-250-ec-25-ml-amp\/","og_site_name":"T\u00e1jkert\u00e9sz","article_publisher":"https:\/\/www.facebook.com\/Tajkertesz\/","article_modified_time":"2026-02-18T15:36:36+00:00","og_image":[{"width":1443,"height":1920,"url":"https:\/\/tajkertesz.com\/wp-content\/uploads\/2021\/11\/Scoreamp.jpg","type":"image\/jpeg"}],"twitter_card":"summary_large_image","twitter_misc":{"Est. reading time":"2 minutes"},"schema":{"@context":"https:\/\/schema.org","@graph":[{"@type":"WebPage","@id":"https:\/\/tajkertesz.com\/termek\/score-250-ec-25-ml-amp\/","url":"https:\/\/tajkertesz.com\/termek\/score-250-ec-25-ml-amp\/","name":"Score 250 EC 2,5 ml amp. - T\u00e1jkert\u00e9sz","isPartOf":{"@id":"https:\/\/tajkertesz.com\/#website"},"primaryImageOfPage":{"@id":"https:\/\/tajkertesz.com\/termek\/score-250-ec-25-ml-amp\/#primaryimage"},"image":{"@id":"https:\/\/tajkertesz.com\/termek\/score-250-ec-25-ml-amp\/#primaryimage"},"thumbnailUrl":"https:\/\/tajkertesz.com\/wp-content\/uploads\/2021\/11\/Scoreamp.jpg","datePublished":"2021-11-26T10:29:28+00:00","dateModified":"2026-02-18T15:36:36+00:00","description":"Score 250 EC 2,5 ml amp.","breadcrumb":{"@id":"https:\/\/tajkertesz.com\/termek\/score-250-ec-25-ml-amp\/#breadcrumb"},"inLanguage":"en-US","potentialAction":[{"@type":"ReadAction","target":["https:\/\/tajkertesz.com\/termek\/score-250-ec-25-ml-amp\/"]}]},{"@type":"ImageObject","inLanguage":"en-US","@id":"https:\/\/tajkertesz.com\/termek\/score-250-ec-25-ml-amp\/#primaryimage","url":"https:\/\/tajkertesz.com\/wp-content\/uploads\/2021\/11\/Scoreamp.jpg","contentUrl":"https:\/\/tajkertesz.com\/wp-content\/uploads\/2021\/11\/Scoreamp.jpg","width":1443,"height":1920},{"@type":"BreadcrumbList","@id":"https:\/\/tajkertesz.com\/termek\/score-250-ec-25-ml-amp\/#breadcrumb","itemListElement":[{"@type":"ListItem","position":1,"name":"Home","item":"https:\/\/tajkertesz.com\/"},{"@type":"ListItem","position":2,"name":"Kezd\u0151lap","item":"https:\/\/tajkertesz.com\/"},{"@type":"ListItem","position":3,"name":"Score 250 EC 2,5 ml amp."}]},{"@type":"WebSite","@id":"https:\/\/tajkertesz.com\/#website","url":"https:\/\/tajkertesz.com\/","name":"T\u00e1j-Kert\u00e9sz 84 Kft.","description":"Kert\u00e9szeti kis- \u00e9s nagykeresked\u00e9s, D\u00edszn\u00f6v\u00e9ny web\u00e1ruh\u00e1z orsz\u00e1gos h\u00e1zhozsz\u00e1ll\u00edt\u00e1ssal!","publisher":{"@id":"https:\/\/tajkertesz.com\/#organization"},"potentialAction":[{"@type":"SearchAction","target":{"@type":"EntryPoint","urlTemplate":"https:\/\/tajkertesz.com\/?s={search_term_string}"},"query-input":{"@type":"PropertyValueSpecification","valueRequired":true,"valueName":"search_term_string"}}],"inLanguage":"en-US"},{"@type":"Organization","@id":"https:\/\/tajkertesz.com\/#organization","name":"T\u00e1j-Kert\u00e9sz 84 Kft.","url":"https:\/\/tajkertesz.com\/","logo":{"@type":"ImageObject","inLanguage":"en-US","@id":"https:\/\/tajkertesz.com\/#\/schema\/logo\/image\/","url":"https:\/\/tajkertesz.com\/wp-content\/uploads\/2018\/02\/logo-2-e1518678052539.png","contentUrl":"https:\/\/tajkertesz.com\/wp-content\/uploads\/2018\/02\/logo-2-e1518678052539.png","width":81,"height":140,"caption":"T\u00e1j-Kert\u00e9sz 84 Kft."},"image":{"@id":"https:\/\/tajkertesz.com\/#\/schema\/logo\/image\/"},"sameAs":["https:\/\/www.facebook.com\/Tajkertesz\/"]}]}},"_links":{"self":[{"href":"https:\/\/tajkertesz.com\/en_US\/wp-json\/wp\/v2\/product\/11754","targetHints":{"allow":["GET"]}}],"collection":[{"href":"https:\/\/tajkertesz.com\/en_US\/wp-json\/wp\/v2\/product"}],"about":[{"href":"https:\/\/tajkertesz.com\/en_US\/wp-json\/wp\/v2\/types\/product"}],"wp:featuredmedia":[{"embeddable":true,"href":"https:\/\/tajkertesz.com\/en_US\/wp-json\/wp\/v2\/media\/11755"}],"wp:attachment":[{"href":"https:\/\/tajkertesz.com\/en_US\/wp-json\/wp\/v2\/media?parent=11754"}],"wp:term":[{"taxonomy":"product_brand","embeddable":true,"href":"https:\/\/tajkertesz.com\/en_US\/wp-json\/wp\/v2\/product_brand?post=11754"},{"taxonomy":"product_cat","embeddable":true,"href":"https:\/\/tajkertesz.com\/en_US\/wp-json\/wp\/v2\/product_cat?post=11754"},{"taxonomy":"product_tag","embeddable":true,"href":"https:\/\/tajkertesz.com\/en_US\/wp-json\/wp\/v2\/product_tag?post=11754"}],"curies":[{"name":"wp","href":"https:\/\/api.w.org\/{rel}","templated":true}]}}