{"id":11757,"date":"2021-11-26T10:33:14","date_gmt":"2021-11-26T10:33:14","guid":{"rendered":"https:\/\/tajkertesz.com\/?post_type=product&#038;p=11757"},"modified":"2026-02-18T15:36:45","modified_gmt":"2026-02-18T15:36:45","slug":"teppeki-50-wg-15-g","status":"publish","type":"product","link":"https:\/\/tajkertesz.com\/en_US\/product\/teppeki-50-wg-15-g\/","title":{"rendered":"Teppeki 50 WG 1,5 g"},"content":{"rendered":"<h1 class=\"product-detail-name\">Teppeki 50 WG 1,5 g<\/h1>\n<div class=\"product-detail-title-after\">\n<div class=\"product-detail-manufacturer-wrap\"><\/div>\n<\/div>\n<div class=\"product-detail-title-after\">\n<div class=\"product-detail-manufacturer-wrap\"><\/div>\n<\/div>\n<div class=\"product-detail-title-after\">\n<div class=\"product-detail-manufacturer-wrap\">\n<p class=\"product-detail-name\">Teppeki 50 WG 1,5 g<\/p>\n<div class=\"product-detail-title-after\">\n<div class=\"product-detail-manufacturer-wrap\"><\/div>\n<\/div>\n<\/div>\n<\/div>\n<p class=\"product-detail-name\">H\u00e1zikerti felhaszn\u00e1l\u00e1s: 1,5 g\/10l v\u00edz.<\/p>\n<p>Rovar\u00f6l\u0151 permetez\u0151szer.<br \/>\nHat\u00f3anyag: 50% flonikamid<br \/>\nForgalmaz\u00e1si kateg\u00f3ria: III. szabadforgalm\u00fa<br \/>\nFelhaszn\u00e1lhat\u00f3: Burgony\u00e1ban lev\u00e9ltetvek ellen 3 zacsk\u00f3 sz\u00fcks\u00e9ges 100 l v\u00edzhez.<br \/>\n\u0150szi- \u00e9s kajszibarackban, almaterm\u00e9s\u0171ekben (alma, k\u00f6rte, birs, naspolya) 1 zacsk\u00f3 100 l v\u00edzhez.<br \/>\nPaprik\u00e1ban (szabadf\u00f6ldi \u00e9s hajtatott) lev\u00e9ltetvek ellen 100 l v\u00edzhez 2 zacsk\u00f3 sz\u00fcks\u00e9ges.<br \/>\nSzabadf\u00f6ldi \u00e9s hajtatott d\u00edszn\u00f6v\u00e9nyekben lev\u00e9ltetvek ellen 1 zacsk\u00f3 100 l v\u00edzhez.<\/p>\n<p>Javasolt n\u00f6v\u00e9nyv\u00e9delmi technol\u00f3gia: a v\u00e9dekez\u00e9seket almaterm\u00e9s\u0171ekben, \u0151szi- \u00e9s kajszibarackban lev\u00e9ltetvek ellen s\u00e1rgat\u00e1las megfigyel\u00e9s alapj\u00e1n, az els\u0151 egyedek betelep\u00fcl\u00e9sekor, a t\u00f6meges felszaporod\u00e1s el\u0151tt kell elv\u00e9gezni. A k\u00e9sz\u00edtm\u00e9ny hossz\u00fa hat\u00e1startalommal rendelkezik, ez\u00e9rt a permetez\u00e9st az esetleges \u00fajabb beteleped\u00e9skor c\u00e9lszer\u0171 megism\u00e9telni. Er\u0151teljes viaszos bevonattal rendelkez\u0151 lev\u00e9ltetvek (pl: hamvas \u0151szibarack lev\u00e9ltet\u0171) eset\u00e9ben a hat\u00e1s fokoz\u00e1sa c\u00e9lj\u00e1b\u00f3l javasolt k\u00f6nny\u0171 ny\u00e1ri olajk\u00e9sz\u00edtm\u00e9nnyel kombin\u00e1ci\u00f3ban kijuttatni a k\u00e9sz\u00edtm\u00e9nyt.<br \/>\nSzabadf\u00f6ldi \u00e9s hajtatott paprik\u00e1ban, valamint d\u00edszn\u00f6v\u00e9ny kult\u00far\u00e1kban a v\u00e9dekez\u00e9seket az els\u0151 kol\u00f3ni\u00e1k megjelen\u00e9sekor kell elv\u00e9gezni, \u00e9s sz\u00fcks\u00e9g eset\u00e9n 1-2 alkalommal megism\u00e9telni. D\u00edszn\u00f6v\u00e9nyfajokon el\u0151zetes fitotoxicit\u00e1si vizsg\u00e1lat elv\u00e9gz\u00e9se c\u00e9lszer\u0171. Kal\u00e1szosokban, burgony\u00e1ban valamint doh\u00e1nyban a v\u00e9dekez\u00e9st az els\u0151 lev\u00e9ltet\u0171 telepek (kol\u00f3ni\u00e1k) megjelen\u00e9sekor javasolt a v\u00e9dekez\u00e9seket megkezdeni. A burgony\u00e1ban \u00e9s a doh\u00e1nyban legfeljebb 2 alkalommal, 14 napos permetez\u00e9si fordul\u00f3val lehet egy teny\u00e9szid\u0151szakon bel\u00fcl kijuttatni a k\u00e9sz\u00edtm\u00e9nyt.<br \/>\nMunkaeg\u00e9szs\u00e9g\u00fcgyi v\u00e1rakoz\u00e1si id\u0151: 0 nap<br \/>\n\u00c9lelmez\u00e9s-eg\u00e9szs\u00e9g\u00fcgyi v\u00e1rakoz\u00e1si id\u0151:<br \/>\nAlmaterm\u00e9s\u0171ek 21 nap \u0150szi- \u00e9s kajszibarack, burgonya: 14 nap Paprika: 5<\/p>\n<p align=\"justify\"><a href=\"https:\/\/www.facebook.com\/tajkertesz\">https:\/\/www.facebook.com\/tajkertesz<\/a><\/p>\n<p align=\"justify\"><a href=\"http:\/\/www.tajkertesz.hu\">http:\/\/www.tajkertesz.hu<\/a><\/p>\n<p align=\"justify\"><a href=\"https:\/\/tajkertesz.com\/wp-content\/uploads\/2021\/11\/Teppeki_MSDS.pdf\">Teppeki_MSDS<\/a><\/p>\n<h3 align=\"justify\">Kiz\u00e1r\u00f3lag szem\u00e9lyes \u00e1tv\u00e9tellel lehets\u00e9ges a term\u00e9k megv\u00e1s\u00e1rl\u00e1sa!<\/h3>\n<p align=\"justify\"><span style=\"color: #ffffff;\">A k\u00e9sz\u00edtm\u00e9nyt a gyep ny\u00edr\u00e1s\u00e1t k\u00f6vet\u0151en, a k\u00e9tszik\u0171 gyomn\u00f6v\u00e9nyek n\u00f6veked\u00e9s\u00e9nek \u00fajb\u00f3li megindul\u00e1sa ut\u00e1n kell kijuttatni 10 l\/ha (100 ml \/ 100 m2) d\u00f3zisban. A kijuttat\u00e1shoz sz\u00fcks\u00e9ges v\u00edzmennyis\u00e9g 10 l \/ 100 m2. A kezel\u00e9sn\u00e9l \u00fcgyelni kell arra, hogy a permetl\u00e9 kult\u00farn\u00f6v\u00e9nyekre ne ker\u00fclj\u00f6n, mert azokat maradand\u00f3an k\u00e1ros\u00edtja.<\/span><\/p>\n<p align=\"justify\"><span style=\"color: #ffffff;\">A k\u00e9sz\u00edtm\u00e9ny alkalmazhat\u00f3 foltkezel\u00e9s \u00e9s teljes fel\u00fcletkezel\u00e9s form\u00e1j\u00e1ban. Egy veget\u00e1ci\u00f3s szakaszban maximum k\u00e9t kezel\u00e9s v\u00e9gezhet\u0151.<\/span><\/p>\n<div align=\"justify\"><\/div>","protected":false},"excerpt":{"rendered":"<p class=\"product-detail-name\" style=\"text-align: center;\">Teppeki 50 WG 1,5 g<\/p>\n<div class=\"product-detail-title-after\">\n<div class=\"product-detail-manufacturer-wrap\"><\/div>\n<\/div>\n<div class=\"product-detail-title-after\">\n<div class=\"product-detail-manufacturer-wrap\"><\/div>\n<\/div>\n<div class=\"product-detail-title-after\">\n<div class=\"product-detail-manufacturer-wrap\"><\/div>\n<\/div>\n<div class=\"product-detail-title-after\">\n<div class=\"product-detail-manufacturer-wrap\"><\/div>\n<\/div>","protected":false},"featured_media":11758,"template":"","meta":{"_et_pb_use_builder":"","_et_pb_old_content":"","_et_gb_content_width":""},"product_brand":[],"product_cat":[3423],"product_tag":[3432,3431],"class_list":{"0":"post-11757","1":"product","2":"type-product","3":"status-publish","4":"has-post-thumbnail","6":"product_cat-rovarolo-szer","7":"product_tag-5-g","8":"product_tag-teppeki-50-wg-1","10":"first","11":"instock","12":"shipping-taxable","13":"purchasable","14":"product-type-simple"},"yoast_head":"<!-- This site is optimized with the Yoast SEO plugin v27.4 - https:\/\/yoast.com\/product\/yoast-seo-wordpress\/ -->\n<title>Teppeki 50 WG 1,5 g - T\u00e1jkert\u00e9sz<\/title>\n<meta name=\"description\" content=\"Teppeki 50 WG 1,5 g\" \/>\n<meta name=\"robots\" content=\"index, follow, max-snippet:-1, max-image-preview:large, max-video-preview:-1\" \/>\n<link rel=\"canonical\" href=\"https:\/\/tajkertesz.com\/en_US\/product\/teppeki-50-wg-15-g\/\" \/>\n<meta property=\"og:locale\" content=\"en_US\" \/>\n<meta property=\"og:type\" content=\"article\" \/>\n<meta property=\"og:title\" content=\"Teppeki 50 WG 1,5 g - T\u00e1jkert\u00e9sz\" \/>\n<meta property=\"og:description\" content=\"Teppeki 50 WG 1,5 g\" \/>\n<meta property=\"og:url\" content=\"https:\/\/tajkertesz.com\/en_US\/product\/teppeki-50-wg-15-g\/\" \/>\n<meta property=\"og:site_name\" content=\"T\u00e1jkert\u00e9sz\" \/>\n<meta property=\"article:publisher\" content=\"https:\/\/www.facebook.com\/Tajkertesz\/\" \/>\n<meta property=\"article:modified_time\" content=\"2026-02-18T15:36:45+00:00\" \/>\n<meta property=\"og:image\" content=\"https:\/\/tajkertesz.com\/wp-content\/uploads\/2021\/11\/teppeki1_5g_.jpg\" \/>\n\t<meta property=\"og:image:width\" content=\"640\" \/>\n\t<meta property=\"og:image:height\" content=\"480\" \/>\n\t<meta property=\"og:image:type\" content=\"image\/jpeg\" \/>\n<meta name=\"twitter:card\" content=\"summary_large_image\" \/>\n<meta name=\"twitter:label1\" content=\"Est. reading time\" \/>\n\t<meta name=\"twitter:data1\" content=\"2 minutes\" \/>\n<script type=\"application\/ld+json\" class=\"yoast-schema-graph\">{\"@context\":\"https:\\\/\\\/schema.org\",\"@graph\":[{\"@type\":\"WebPage\",\"@id\":\"https:\\\/\\\/tajkertesz.com\\\/termek\\\/teppeki-50-wg-15-g\\\/\",\"url\":\"https:\\\/\\\/tajkertesz.com\\\/termek\\\/teppeki-50-wg-15-g\\\/\",\"name\":\"Teppeki 50 WG 1,5 g - T\u00e1jkert\u00e9sz\",\"isPartOf\":{\"@id\":\"https:\\\/\\\/tajkertesz.com\\\/#website\"},\"primaryImageOfPage\":{\"@id\":\"https:\\\/\\\/tajkertesz.com\\\/termek\\\/teppeki-50-wg-15-g\\\/#primaryimage\"},\"image\":{\"@id\":\"https:\\\/\\\/tajkertesz.com\\\/termek\\\/teppeki-50-wg-15-g\\\/#primaryimage\"},\"thumbnailUrl\":\"https:\\\/\\\/tajkertesz.com\\\/wp-content\\\/uploads\\\/2021\\\/11\\\/teppeki1_5g_.jpg\",\"datePublished\":\"2021-11-26T10:33:14+00:00\",\"dateModified\":\"2026-02-18T15:36:45+00:00\",\"description\":\"Teppeki 50 WG 1,5 g\",\"breadcrumb\":{\"@id\":\"https:\\\/\\\/tajkertesz.com\\\/termek\\\/teppeki-50-wg-15-g\\\/#breadcrumb\"},\"inLanguage\":\"en-US\",\"potentialAction\":[{\"@type\":\"ReadAction\",\"target\":[\"https:\\\/\\\/tajkertesz.com\\\/termek\\\/teppeki-50-wg-15-g\\\/\"]}]},{\"@type\":\"ImageObject\",\"inLanguage\":\"en-US\",\"@id\":\"https:\\\/\\\/tajkertesz.com\\\/termek\\\/teppeki-50-wg-15-g\\\/#primaryimage\",\"url\":\"https:\\\/\\\/tajkertesz.com\\\/wp-content\\\/uploads\\\/2021\\\/11\\\/teppeki1_5g_.jpg\",\"contentUrl\":\"https:\\\/\\\/tajkertesz.com\\\/wp-content\\\/uploads\\\/2021\\\/11\\\/teppeki1_5g_.jpg\",\"width\":640,\"height\":480},{\"@type\":\"BreadcrumbList\",\"@id\":\"https:\\\/\\\/tajkertesz.com\\\/termek\\\/teppeki-50-wg-15-g\\\/#breadcrumb\",\"itemListElement\":[{\"@type\":\"ListItem\",\"position\":1,\"name\":\"Home\",\"item\":\"https:\\\/\\\/tajkertesz.com\\\/\"},{\"@type\":\"ListItem\",\"position\":2,\"name\":\"Kezd\u0151lap\",\"item\":\"https:\\\/\\\/tajkertesz.com\\\/\"},{\"@type\":\"ListItem\",\"position\":3,\"name\":\"Teppeki 50 WG 1,5 g\"}]},{\"@type\":\"WebSite\",\"@id\":\"https:\\\/\\\/tajkertesz.com\\\/#website\",\"url\":\"https:\\\/\\\/tajkertesz.com\\\/\",\"name\":\"T\u00e1j-Kert\u00e9sz 84 Kft.\",\"description\":\"Kert\u00e9szeti kis- \u00e9s nagykeresked\u00e9s, D\u00edszn\u00f6v\u00e9ny web\u00e1ruh\u00e1z orsz\u00e1gos h\u00e1zhozsz\u00e1ll\u00edt\u00e1ssal!\",\"publisher\":{\"@id\":\"https:\\\/\\\/tajkertesz.com\\\/#organization\"},\"potentialAction\":[{\"@type\":\"SearchAction\",\"target\":{\"@type\":\"EntryPoint\",\"urlTemplate\":\"https:\\\/\\\/tajkertesz.com\\\/?s={search_term_string}\"},\"query-input\":{\"@type\":\"PropertyValueSpecification\",\"valueRequired\":true,\"valueName\":\"search_term_string\"}}],\"inLanguage\":\"en-US\"},{\"@type\":\"Organization\",\"@id\":\"https:\\\/\\\/tajkertesz.com\\\/#organization\",\"name\":\"T\u00e1j-Kert\u00e9sz 84 Kft.\",\"url\":\"https:\\\/\\\/tajkertesz.com\\\/\",\"logo\":{\"@type\":\"ImageObject\",\"inLanguage\":\"en-US\",\"@id\":\"https:\\\/\\\/tajkertesz.com\\\/#\\\/schema\\\/logo\\\/image\\\/\",\"url\":\"https:\\\/\\\/tajkertesz.com\\\/wp-content\\\/uploads\\\/2018\\\/02\\\/logo-2-e1518678052539.png\",\"contentUrl\":\"https:\\\/\\\/tajkertesz.com\\\/wp-content\\\/uploads\\\/2018\\\/02\\\/logo-2-e1518678052539.png\",\"width\":81,\"height\":140,\"caption\":\"T\u00e1j-Kert\u00e9sz 84 Kft.\"},\"image\":{\"@id\":\"https:\\\/\\\/tajkertesz.com\\\/#\\\/schema\\\/logo\\\/image\\\/\"},\"sameAs\":[\"https:\\\/\\\/www.facebook.com\\\/Tajkertesz\\\/\"]}]}<\/script>\n<!-- \/ Yoast SEO plugin. -->","yoast_head_json":{"title":"Teppeki 50 WG 1,5 g - T\u00e1jkert\u00e9sz","description":"Teppeki 50 WG 1,5 g","robots":{"index":"index","follow":"follow","max-snippet":"max-snippet:-1","max-image-preview":"max-image-preview:large","max-video-preview":"max-video-preview:-1"},"canonical":"https:\/\/tajkertesz.com\/en_US\/product\/teppeki-50-wg-15-g\/","og_locale":"en_US","og_type":"article","og_title":"Teppeki 50 WG 1,5 g - T\u00e1jkert\u00e9sz","og_description":"Teppeki 50 WG 1,5 g","og_url":"https:\/\/tajkertesz.com\/en_US\/product\/teppeki-50-wg-15-g\/","og_site_name":"T\u00e1jkert\u00e9sz","article_publisher":"https:\/\/www.facebook.com\/Tajkertesz\/","article_modified_time":"2026-02-18T15:36:45+00:00","og_image":[{"width":640,"height":480,"url":"https:\/\/tajkertesz.com\/wp-content\/uploads\/2021\/11\/teppeki1_5g_.jpg","type":"image\/jpeg"}],"twitter_card":"summary_large_image","twitter_misc":{"Est. reading time":"2 minutes"},"schema":{"@context":"https:\/\/schema.org","@graph":[{"@type":"WebPage","@id":"https:\/\/tajkertesz.com\/termek\/teppeki-50-wg-15-g\/","url":"https:\/\/tajkertesz.com\/termek\/teppeki-50-wg-15-g\/","name":"Teppeki 50 WG 1,5 g - T\u00e1jkert\u00e9sz","isPartOf":{"@id":"https:\/\/tajkertesz.com\/#website"},"primaryImageOfPage":{"@id":"https:\/\/tajkertesz.com\/termek\/teppeki-50-wg-15-g\/#primaryimage"},"image":{"@id":"https:\/\/tajkertesz.com\/termek\/teppeki-50-wg-15-g\/#primaryimage"},"thumbnailUrl":"https:\/\/tajkertesz.com\/wp-content\/uploads\/2021\/11\/teppeki1_5g_.jpg","datePublished":"2021-11-26T10:33:14+00:00","dateModified":"2026-02-18T15:36:45+00:00","description":"Teppeki 50 WG 1,5 g","breadcrumb":{"@id":"https:\/\/tajkertesz.com\/termek\/teppeki-50-wg-15-g\/#breadcrumb"},"inLanguage":"en-US","potentialAction":[{"@type":"ReadAction","target":["https:\/\/tajkertesz.com\/termek\/teppeki-50-wg-15-g\/"]}]},{"@type":"ImageObject","inLanguage":"en-US","@id":"https:\/\/tajkertesz.com\/termek\/teppeki-50-wg-15-g\/#primaryimage","url":"https:\/\/tajkertesz.com\/wp-content\/uploads\/2021\/11\/teppeki1_5g_.jpg","contentUrl":"https:\/\/tajkertesz.com\/wp-content\/uploads\/2021\/11\/teppeki1_5g_.jpg","width":640,"height":480},{"@type":"BreadcrumbList","@id":"https:\/\/tajkertesz.com\/termek\/teppeki-50-wg-15-g\/#breadcrumb","itemListElement":[{"@type":"ListItem","position":1,"name":"Home","item":"https:\/\/tajkertesz.com\/"},{"@type":"ListItem","position":2,"name":"Kezd\u0151lap","item":"https:\/\/tajkertesz.com\/"},{"@type":"ListItem","position":3,"name":"Teppeki 50 WG 1,5 g"}]},{"@type":"WebSite","@id":"https:\/\/tajkertesz.com\/#website","url":"https:\/\/tajkertesz.com\/","name":"T\u00e1j-Kert\u00e9sz 84 Kft.","description":"Kert\u00e9szeti kis- \u00e9s nagykeresked\u00e9s, D\u00edszn\u00f6v\u00e9ny web\u00e1ruh\u00e1z orsz\u00e1gos h\u00e1zhozsz\u00e1ll\u00edt\u00e1ssal!","publisher":{"@id":"https:\/\/tajkertesz.com\/#organization"},"potentialAction":[{"@type":"SearchAction","target":{"@type":"EntryPoint","urlTemplate":"https:\/\/tajkertesz.com\/?s={search_term_string}"},"query-input":{"@type":"PropertyValueSpecification","valueRequired":true,"valueName":"search_term_string"}}],"inLanguage":"en-US"},{"@type":"Organization","@id":"https:\/\/tajkertesz.com\/#organization","name":"T\u00e1j-Kert\u00e9sz 84 Kft.","url":"https:\/\/tajkertesz.com\/","logo":{"@type":"ImageObject","inLanguage":"en-US","@id":"https:\/\/tajkertesz.com\/#\/schema\/logo\/image\/","url":"https:\/\/tajkertesz.com\/wp-content\/uploads\/2018\/02\/logo-2-e1518678052539.png","contentUrl":"https:\/\/tajkertesz.com\/wp-content\/uploads\/2018\/02\/logo-2-e1518678052539.png","width":81,"height":140,"caption":"T\u00e1j-Kert\u00e9sz 84 Kft."},"image":{"@id":"https:\/\/tajkertesz.com\/#\/schema\/logo\/image\/"},"sameAs":["https:\/\/www.facebook.com\/Tajkertesz\/"]}]}},"_links":{"self":[{"href":"https:\/\/tajkertesz.com\/en_US\/wp-json\/wp\/v2\/product\/11757","targetHints":{"allow":["GET"]}}],"collection":[{"href":"https:\/\/tajkertesz.com\/en_US\/wp-json\/wp\/v2\/product"}],"about":[{"href":"https:\/\/tajkertesz.com\/en_US\/wp-json\/wp\/v2\/types\/product"}],"wp:featuredmedia":[{"embeddable":true,"href":"https:\/\/tajkertesz.com\/en_US\/wp-json\/wp\/v2\/media\/11758"}],"wp:attachment":[{"href":"https:\/\/tajkertesz.com\/en_US\/wp-json\/wp\/v2\/media?parent=11757"}],"wp:term":[{"taxonomy":"product_brand","embeddable":true,"href":"https:\/\/tajkertesz.com\/en_US\/wp-json\/wp\/v2\/product_brand?post=11757"},{"taxonomy":"product_cat","embeddable":true,"href":"https:\/\/tajkertesz.com\/en_US\/wp-json\/wp\/v2\/product_cat?post=11757"},{"taxonomy":"product_tag","embeddable":true,"href":"https:\/\/tajkertesz.com\/en_US\/wp-json\/wp\/v2\/product_tag?post=11757"}],"curies":[{"name":"wp","href":"https:\/\/api.w.org\/{rel}","templated":true}]}}