{"id":11766,"date":"2021-11-26T10:41:29","date_gmt":"2021-11-26T10:41:29","guid":{"rendered":"https:\/\/tajkertesz.com\/?post_type=product&#038;p=11766"},"modified":"2026-02-18T15:36:29","modified_gmt":"2026-02-18T15:36:29","slug":"champion-wg-20g-gombaolo-permetezoszer","status":"publish","type":"product","link":"https:\/\/tajkertesz.com\/en_US\/product\/champion-wg-20g-gombaolo-permetezoszer\/","title":{"rendered":"Champion WG 20g gomba\u00f6l\u0151 permetez\u0151szer"},"content":{"rendered":"<h1 class=\"product-detail-name\">Champion WG 20g. gomba\u00f6l\u0151 permetez\u0151szer<\/h1>\n<div class=\"product-detail-title-after\">\n<div class=\"product-detail-manufacturer-wrap\">\n<p class=\"product-detail-name\">Champion WG 20g. gomba\u00f6l\u0151 permetez\u0151szer<\/p>\n<\/div>\n<\/div>\n<h5><strong>R\u00e9ztartalm\u00fa gomba\u00f6l\u0151 szer.<\/strong><\/h5>\n<h5><strong>H\u00e1zikerti adagol\u00e1sa: 20-30 g\u00a0\/ 10 liter permetl\u00e9<\/strong><\/h5>\n<p><strong>Hat\u00f3anyag: 768 g\/kg r\u00e9zhidroxid (500 g\/kg f\u00e9mr\u00e9z)(76,8m\/m%)<\/strong><\/p>\n<p>Mikrogranul\u00e1lt r\u00e9ztartalm\u00fa gomba\u00f6l\u0151 szer. Magyarorsz\u00e1gon els\u0151k\u00e9nt megjelent r\u00e9zhidroxid hat\u00f3anyag\u00fa term\u00e9k.<span class=\"ms-rteCustom-BodyText\">\u00a0<strong>Biotermeszt\u00e9sben is enged\u00e9lyezett<\/strong>\u00a0k\u00e9sz\u00edtm\u00e9ny.<\/span><\/p>\n<p>\u201e\u00d6kol\u00f3giai termeszt\u00e9sben enged\u00e9lyezett. A Champion\u00ae 50 WP-t minden esetben a megel\u0151z\u0151 jelleggel legk\u00e9s\u0151bb az els\u0151 t\u00fcnetek megjelen\u00e9sekor ki kell permetezni, \u00e9s az id\u0151j\u00e1r\u00e1st\u00f3l, fenol\u00f3giai f\u00e1zist\u00f3l f\u00fcgg\u0151en 7-14 naponk\u00e9nt megism\u00e9telni.<\/p>\n<p>A r\u00e9z II-iont a cs\u00edr\u00e1z\u00f3 sp\u00f3ra veszi fel, majd a toxikus szintig halmoz\u00f3dva puszt\u00edtja el azt. E folyamat a sp\u00f3racs\u00edr\u00e1z\u00e1s megel\u0151z\u00e9s\u00e9re korl\u00e1toz\u00f3dik, teh\u00e1t a n\u00f6v\u00e9ny fel\u00fclet\u00e9n jelen kell lennie, miel\u0151tt a sp\u00f3r\u00e1k cs\u00edr\u00e1zni kezdenek.<\/p>\n<p>Minden esetben megel\u0151z\u0151 jelleggel az el\u0151rejelz\u00e9sre alapozva kell kipermetezni, \u00e9s az id\u0151j\u00e1r\u00e1st\u00f3l, fenol\u00f3giai f\u00e1zist\u00f3l f\u00fcgg\u0151en 7\u201314 naponk\u00e9nt.<\/p>\n<p><strong>Almaterm\u00e9s\u0171ekben<\/strong>\u00a0t\u0171zelhal\u00e1s ellen 3 kg\/ha adagban lemos\u00f3 permetez\u00e9ssel. Egy\u00e9b betegs\u00e9gek ellen a r\u00e9z\u00e9rz\u00e9kenys\u00e9g figyelembe v\u00e9tel\u00e9vel 2\u20133 kg\/ha. Nem r\u00e9z\u00e9rz\u00e9keny f\u00e1zis: a lemos\u00f3 permetez\u00e9sek ideje \u00e9s a vir\u00e1gz\u00e1st megel\u0151z\u0151 szakasz.<br \/>\n<strong>Z\u00f6lds\u00e9gf\u00e9l\u00e9kben, h\u00fcvelyesekben<\/strong>\u00a0a kezel\u00e9seket a betegs\u00e9gek megjelen\u00e9se el\u0151tt kell elkezdeni, \u00e9s 5\u201310 naponk\u00e9nt a fert\u0151z\u00e9s er\u0151ss\u00e9g\u00e9t\u0151l \u00e9s az id\u0151j\u00e1r\u00e1st\u00f3l f\u00fcgg\u0151en ism\u00e9telni.<br \/>\n<strong>Burgony\u00e1ban \u00e9s cukorr\u00e9p\u00e1ban<\/strong>\u00a0a sorz\u00e1r\u00f3d\u00e1st\u00f3l kezdve c\u00e9lszer\u0171 megkezdeni a v\u00e9dekez\u00e9st.<br \/>\n<strong>Sz\u0151l\u0151ben<\/strong>\u00a0peronoszp\u00f3ra ellen vir\u00e1gz\u00e1s el\u0151tt a 20\u201325 cm-es hajt\u00e1s\u00e1llapotn\u00e1l kell elkezdeni a kezel\u00e9seket \u00e9s a fert\u0151z\u00e9s er\u0151ss\u00e9g\u00e9t\u0151l f\u00fcgg\u0151en 7\u201310 naponk\u00e9nt ism\u00e9telni.<br \/>\n<strong>Csonth\u00e9jasokban:<\/strong>\u00a0\u0151szibarackban tafrin\u00e1s betegs\u00e9g ellen lemos\u00f3 jelleggel permetezz\u00fcnk, legk\u00e9s\u0151bb r\u00fcgyfakad\u00e1skor fejezz\u00fck be. A rezes kezel\u00e9seket bakt\u00e9riumos \u00e1gelhal\u00e1s ellen lombhull\u00e1skor javasolt elv\u00e9gezni. Szilv\u00e1ban, meggyben, csereszny\u00e9ben lev\u00e9llyukacsosod\u00e1s, mon\u00edli\u00e1s betegs\u00e9g \u00e9s bakt\u00e9riumos \u00e1gelhal\u00e1sok ellen a kezel\u00e9seket folyamatosan, a fert\u0151z\u00e9s alakul\u00e1sa szerint lehet v\u00e9gezni. Kajsziban a rezes permetez\u00e9seket pirosbimb\u00f3s \u00e1llapot ut\u00e1n m\u00e1r nem javasolt folytatni.<\/p>\n<h4><strong>A nem eml\u00edtett kult\u00far\u00e1k<\/strong><\/h4>\n<p>(h\u00e9jas gy\u00fcm\u00f6lcs\u0171ek, paprika, paradicsom, uborka) eset\u00e9ben is megel\u0151z\u0151 jelleggel v\u00e9dekezz\u00fcnk. H\u00e1zi felhaszn\u00e1l\u00e1s eset\u00e9n 0,2\u20130,3 %-os t\u00f6m\u00e9nys\u00e9g\u0171 permetl\u00e9vel (10 l v\u00edzhez 20\u201330 g Champion\u00ae WG) dolgozzunk.<\/p>\n<p>Gy\u00e1rt\u00f3:\u00a0\u00a0 \u00a0Kwizda<br \/>\nKateg\u00f3ria:\u00a0\u00a0 \u00a0Gomba\u00f6l\u0151 szer<br \/>\nT\u00f6meg:\u00a0 \u00a020g.<br \/>\nForgalmaz\u00e1si kateg\u00f3ria\u00a0\u00a0 \u00a0III<br \/>\nA term\u00e9kle\u00edr\u00e1s t\u00e1j\u00e9koztat\u00f3 jelleg\u0171, a k\u00e9sz\u00edtm\u00e9ny felhaszn\u00e1l\u00e1sa el\u0151tt k\u00e9rj\u00fck olvassa el a term\u00e9k haszn\u00e1lati utas\u00edt\u00e1st!<\/p>\n<h3 align=\"justify\">Kiz\u00e1r\u00f3lag szem\u00e9lyes \u00e1tv\u00e9tellel lehets\u00e9ges a term\u00e9k megv\u00e1s\u00e1rl\u00e1sa!<\/h3>\n<p><b>K\u00e9szlet\u00fcnk napi szinten v\u00e1ltozik, ez\u00e9rt k\u00e9rj\u00fck, \u00e9rdekl\u0151dj\u00f6n szem\u00e9lyesen, telefonon vagy email-en.<br \/>\nA v\u00e1ltoztat\u00e1s jog\u00e1t fenntartjuk!\u00a0<\/b><\/p>\n<p><a href=\"https:\/\/tajkertesz.com\/\">https:\/\/tajkertesz.com\/<\/a><\/p>\n<p><a href=\"https:\/\/www.facebook.com\/tajkertesz\/\">https:\/\/www.facebook.com\/tajkertesz\/<\/a><\/p>\n<p>Kisz\u00e1ll\u00edt\u00e1s: 200cm-ig \u00e9s 40 kg-ig a sz\u00e1ll\u00edt\u00e1s fut\u00e1rszolg\u00e1lattal t\u00f6rt\u00e9nik.<\/p>\n<p>Szem\u00e9lyes \u00e1tv\u00e9tel nyitvatart\u00e1si id\u0151ben a 17. ker\u00fclet Bakancsos utca 7. sz\u00e1m alatti Kert\u00e9szeti \u00e1rud\u00e1nkban.<\/p>\n<p><b><u>Kert\u00e9p\u00edt\u0151k \u00e9s viszontelad\u00f3k regisztr\u00e1l\u00e1s ut\u00e1n egyedi kedvezm\u00e9nnyel v\u00e1s\u00e1rolhatnak kert\u00e9szeti kis-\u00e9s nagykeresked\u00e9s\u00fcnkben.<\/u><\/b><\/p>\n<p>&nbsp;<\/p>\n<p align=\"justify\"><span style=\"color: #ffffff;\">A k\u00e9sz\u00edtm\u00e9nyt a gyep ny\u00edr\u00e1s\u00e1t k\u00f6vet\u0151en, a k\u00e9tszik\u0171 gyomn\u00f6v\u00e9nyek n\u00f6veked\u00e9s\u00e9nek \u00fajb\u00f3li megindul\u00e1sa ut\u00e1n kell kijuttatni 10 l\/ha (100 ml \/ 100 m2) d\u00f3zisban. A kijuttat\u00e1shoz sz\u00fcks\u00e9ges v\u00edzmennyis\u00e9g 10 l \/ 100 m2. A kezel\u00e9sn\u00e9l \u00fcgyelni kell arra, hogy a permetl\u00e9 kult\u00farn\u00f6v\u00e9nyekre ne ker\u00fclj\u00f6n, mert azokat maradand\u00f3an k\u00e1ros\u00edtja.<\/span><\/p>\n<p align=\"justify\"><span style=\"color: #ffffff;\">A k\u00e9sz\u00edtm\u00e9ny alkalmazhat\u00f3 foltkezel\u00e9s \u00e9s teljes fel\u00fcletkezel\u00e9s form\u00e1j\u00e1ban. Egy veget\u00e1ci\u00f3s szakaszban maximum k\u00e9t kezel\u00e9s v\u00e9gezhet\u0151.<\/span><\/p>\n<div align=\"justify\"><\/div>","protected":false},"excerpt":{"rendered":"<h2 class=\"product-detail-name\" style=\"text-align: left;\">Champion WG 20g<\/h2>\n<p>Mikrogranul\u00e1lt r\u00e9ztartalm\u00fa gomba\u00f6l\u0151 szer. Gy\u00fcm\u00f6lcs- \u00e9s z\u00f6lds\u00e9gkult\u00far\u00e1kban bakt\u00e9riumos \u00e9s gombabetegs\u00e9gek ellen kiv\u00e1l\u00f3an&#8230;<\/p>\n<p><strong>H\u00e1zikerti adagol\u00e1sa: 20-30 g\u00a0\/ 10 liter permetl\u00e9<\/strong><\/p>\n<h3 align=\"justify\">Kiz\u00e1r\u00f3lag szem\u00e9lyes \u00e1tv\u00e9tellel lehets\u00e9ges a term\u00e9k megv\u00e1s\u00e1rl\u00e1sa!<\/h3>\n<p>&nbsp;<\/p>\n<div class=\"product-detail-title-after\">\n<div class=\"product-detail-manufacturer-wrap\"><\/div>\n<\/div>\n<div class=\"product-detail-title-after\">\n<div class=\"product-detail-manufacturer-wrap\"><\/div>\n<\/div>\n<div class=\"product-detail-title-after\">\n<div class=\"product-detail-manufacturer-wrap\"><\/div>\n<\/div>\n<div class=\"product-detail-title-after\">\n<div class=\"product-detail-manufacturer-wrap\"><\/div>\n<\/div>\n<div class=\"product-detail-title-after\">\n<div class=\"product-detail-manufacturer-wrap\"><\/div>\n<\/div>\n<div class=\"product-detail-title-after\">\n<div class=\"product-detail-manufacturer-wrap\"><\/div>\n<\/div>","protected":false},"featured_media":22310,"template":"","meta":{"_et_pb_use_builder":"","_et_pb_old_content":"","_et_gb_content_width":""},"product_brand":[],"product_cat":[3421],"product_tag":[3435,4740,4752,4771],"class_list":{"0":"post-11766","1":"product","2":"type-product","3":"status-publish","4":"has-post-thumbnail","6":"product_cat-gombaolo-szer","7":"product_tag-champion-gold-20g","8":"product_tag-gombaolo","9":"product_tag-permetezoszer","10":"product_tag-rez","12":"first","13":"instock","14":"shipping-taxable","15":"purchasable","16":"product-type-simple"},"yoast_head":"<!-- This site is optimized with the Yoast SEO plugin v27.3 - https:\/\/yoast.com\/product\/yoast-seo-wordpress\/ -->\n<title>Champion WG 20g gomba\u00f6l\u0151 permetez\u0151szer - T\u00e1jkert\u00e9sz<\/title>\n<meta name=\"description\" content=\"Champion WG 20g. gomba\u00f6l\u0151 permetez\u0151szerMikrogranul\u00e1lt r\u00e9ztartalm\u00fa gomba\u00f6l\u0151 szer. Magyarorsz\u00e1gon els\u0151k\u00e9nt megjelent r\u00e9zhidroxid hat\u00f3anyag\u00fa term\u00e9k.\" \/>\n<meta name=\"robots\" content=\"index, follow, max-snippet:-1, max-image-preview:large, max-video-preview:-1\" \/>\n<link rel=\"canonical\" href=\"https:\/\/tajkertesz.com\/en_US\/product\/champion-wg-20g-gombaolo-permetezoszer\/\" \/>\n<meta property=\"og:locale\" content=\"en_US\" \/>\n<meta property=\"og:type\" content=\"article\" \/>\n<meta property=\"og:title\" content=\"Champion WG 20g gomba\u00f6l\u0151 permetez\u0151szer - T\u00e1jkert\u00e9sz\" \/>\n<meta property=\"og:description\" content=\"Champion WG 20g. gomba\u00f6l\u0151 permetez\u0151szerMikrogranul\u00e1lt r\u00e9ztartalm\u00fa gomba\u00f6l\u0151 szer. Magyarorsz\u00e1gon els\u0151k\u00e9nt megjelent r\u00e9zhidroxid hat\u00f3anyag\u00fa term\u00e9k.\" \/>\n<meta property=\"og:url\" content=\"https:\/\/tajkertesz.com\/en_US\/product\/champion-wg-20g-gombaolo-permetezoszer\/\" \/>\n<meta property=\"og:site_name\" content=\"T\u00e1jkert\u00e9sz\" \/>\n<meta property=\"article:publisher\" content=\"https:\/\/www.facebook.com\/Tajkertesz\/\" \/>\n<meta property=\"article:modified_time\" content=\"2026-02-18T15:36:29+00:00\" \/>\n<meta property=\"og:image\" content=\"https:\/\/tajkertesz.com\/wp-content\/uploads\/2021\/11\/championwg-20g.jpg\" \/>\n\t<meta property=\"og:image:width\" content=\"1200\" \/>\n\t<meta property=\"og:image:height\" content=\"1200\" \/>\n\t<meta property=\"og:image:type\" content=\"image\/jpeg\" \/>\n<meta name=\"twitter:card\" content=\"summary_large_image\" \/>\n<meta name=\"twitter:label1\" content=\"Est. reading time\" \/>\n\t<meta name=\"twitter:data1\" content=\"3 minutes\" \/>\n<script type=\"application\/ld+json\" class=\"yoast-schema-graph\">{\"@context\":\"https:\\\/\\\/schema.org\",\"@graph\":[{\"@type\":\"WebPage\",\"@id\":\"https:\\\/\\\/tajkertesz.com\\\/termek\\\/champion-wg-20g-gombaolo-permetezoszer\\\/\",\"url\":\"https:\\\/\\\/tajkertesz.com\\\/termek\\\/champion-wg-20g-gombaolo-permetezoszer\\\/\",\"name\":\"Champion WG 20g gomba\u00f6l\u0151 permetez\u0151szer - T\u00e1jkert\u00e9sz\",\"isPartOf\":{\"@id\":\"https:\\\/\\\/tajkertesz.com\\\/#website\"},\"primaryImageOfPage\":{\"@id\":\"https:\\\/\\\/tajkertesz.com\\\/termek\\\/champion-wg-20g-gombaolo-permetezoszer\\\/#primaryimage\"},\"image\":{\"@id\":\"https:\\\/\\\/tajkertesz.com\\\/termek\\\/champion-wg-20g-gombaolo-permetezoszer\\\/#primaryimage\"},\"thumbnailUrl\":\"https:\\\/\\\/tajkertesz.com\\\/wp-content\\\/uploads\\\/2021\\\/11\\\/championwg-20g.jpg\",\"datePublished\":\"2021-11-26T10:41:29+00:00\",\"dateModified\":\"2026-02-18T15:36:29+00:00\",\"description\":\"Champion WG 20g. gomba\u00f6l\u0151 permetez\u0151szerMikrogranul\u00e1lt r\u00e9ztartalm\u00fa gomba\u00f6l\u0151 szer. Magyarorsz\u00e1gon els\u0151k\u00e9nt megjelent r\u00e9zhidroxid hat\u00f3anyag\u00fa term\u00e9k.\",\"breadcrumb\":{\"@id\":\"https:\\\/\\\/tajkertesz.com\\\/termek\\\/champion-wg-20g-gombaolo-permetezoszer\\\/#breadcrumb\"},\"inLanguage\":\"en-US\",\"potentialAction\":[{\"@type\":\"ReadAction\",\"target\":[\"https:\\\/\\\/tajkertesz.com\\\/termek\\\/champion-wg-20g-gombaolo-permetezoszer\\\/\"]}]},{\"@type\":\"ImageObject\",\"inLanguage\":\"en-US\",\"@id\":\"https:\\\/\\\/tajkertesz.com\\\/termek\\\/champion-wg-20g-gombaolo-permetezoszer\\\/#primaryimage\",\"url\":\"https:\\\/\\\/tajkertesz.com\\\/wp-content\\\/uploads\\\/2021\\\/11\\\/championwg-20g.jpg\",\"contentUrl\":\"https:\\\/\\\/tajkertesz.com\\\/wp-content\\\/uploads\\\/2021\\\/11\\\/championwg-20g.jpg\",\"width\":1200,\"height\":1200,\"caption\":\"Champion WG 20g. gomba\u00f6l\u0151 permetez\u0151szer\"},{\"@type\":\"BreadcrumbList\",\"@id\":\"https:\\\/\\\/tajkertesz.com\\\/termek\\\/champion-wg-20g-gombaolo-permetezoszer\\\/#breadcrumb\",\"itemListElement\":[{\"@type\":\"ListItem\",\"position\":1,\"name\":\"Home\",\"item\":\"https:\\\/\\\/tajkertesz.com\\\/\"},{\"@type\":\"ListItem\",\"position\":2,\"name\":\"Kezd\u0151lap\",\"item\":\"https:\\\/\\\/tajkertesz.com\\\/\"},{\"@type\":\"ListItem\",\"position\":3,\"name\":\"Champion WG 20g gomba\u00f6l\u0151 permetez\u0151szer\"}]},{\"@type\":\"WebSite\",\"@id\":\"https:\\\/\\\/tajkertesz.com\\\/#website\",\"url\":\"https:\\\/\\\/tajkertesz.com\\\/\",\"name\":\"T\u00e1j-Kert\u00e9sz 84 Kft.\",\"description\":\"Kert\u00e9szeti kis- \u00e9s nagykeresked\u00e9s, D\u00edszn\u00f6v\u00e9ny web\u00e1ruh\u00e1z orsz\u00e1gos h\u00e1zhozsz\u00e1ll\u00edt\u00e1ssal!\",\"publisher\":{\"@id\":\"https:\\\/\\\/tajkertesz.com\\\/#organization\"},\"potentialAction\":[{\"@type\":\"SearchAction\",\"target\":{\"@type\":\"EntryPoint\",\"urlTemplate\":\"https:\\\/\\\/tajkertesz.com\\\/?s={search_term_string}\"},\"query-input\":{\"@type\":\"PropertyValueSpecification\",\"valueRequired\":true,\"valueName\":\"search_term_string\"}}],\"inLanguage\":\"en-US\"},{\"@type\":\"Organization\",\"@id\":\"https:\\\/\\\/tajkertesz.com\\\/#organization\",\"name\":\"T\u00e1j-Kert\u00e9sz 84 Kft.\",\"url\":\"https:\\\/\\\/tajkertesz.com\\\/\",\"logo\":{\"@type\":\"ImageObject\",\"inLanguage\":\"en-US\",\"@id\":\"https:\\\/\\\/tajkertesz.com\\\/#\\\/schema\\\/logo\\\/image\\\/\",\"url\":\"https:\\\/\\\/tajkertesz.com\\\/wp-content\\\/uploads\\\/2018\\\/02\\\/logo-2-e1518678052539.png\",\"contentUrl\":\"https:\\\/\\\/tajkertesz.com\\\/wp-content\\\/uploads\\\/2018\\\/02\\\/logo-2-e1518678052539.png\",\"width\":81,\"height\":140,\"caption\":\"T\u00e1j-Kert\u00e9sz 84 Kft.\"},\"image\":{\"@id\":\"https:\\\/\\\/tajkertesz.com\\\/#\\\/schema\\\/logo\\\/image\\\/\"},\"sameAs\":[\"https:\\\/\\\/www.facebook.com\\\/Tajkertesz\\\/\"]}]}<\/script>\n<!-- \/ Yoast SEO plugin. -->","yoast_head_json":{"title":"Champion WG 20g gomba\u00f6l\u0151 permetez\u0151szer - T\u00e1jkert\u00e9sz","description":"Champion WG 20g. gomba\u00f6l\u0151 permetez\u0151szerMikrogranul\u00e1lt r\u00e9ztartalm\u00fa gomba\u00f6l\u0151 szer. Magyarorsz\u00e1gon els\u0151k\u00e9nt megjelent r\u00e9zhidroxid hat\u00f3anyag\u00fa term\u00e9k.","robots":{"index":"index","follow":"follow","max-snippet":"max-snippet:-1","max-image-preview":"max-image-preview:large","max-video-preview":"max-video-preview:-1"},"canonical":"https:\/\/tajkertesz.com\/en_US\/product\/champion-wg-20g-gombaolo-permetezoszer\/","og_locale":"en_US","og_type":"article","og_title":"Champion WG 20g gomba\u00f6l\u0151 permetez\u0151szer - T\u00e1jkert\u00e9sz","og_description":"Champion WG 20g. gomba\u00f6l\u0151 permetez\u0151szerMikrogranul\u00e1lt r\u00e9ztartalm\u00fa gomba\u00f6l\u0151 szer. Magyarorsz\u00e1gon els\u0151k\u00e9nt megjelent r\u00e9zhidroxid hat\u00f3anyag\u00fa term\u00e9k.","og_url":"https:\/\/tajkertesz.com\/en_US\/product\/champion-wg-20g-gombaolo-permetezoszer\/","og_site_name":"T\u00e1jkert\u00e9sz","article_publisher":"https:\/\/www.facebook.com\/Tajkertesz\/","article_modified_time":"2026-02-18T15:36:29+00:00","og_image":[{"width":1200,"height":1200,"url":"https:\/\/tajkertesz.com\/wp-content\/uploads\/2021\/11\/championwg-20g.jpg","type":"image\/jpeg"}],"twitter_card":"summary_large_image","twitter_misc":{"Est. reading time":"3 minutes"},"schema":{"@context":"https:\/\/schema.org","@graph":[{"@type":"WebPage","@id":"https:\/\/tajkertesz.com\/termek\/champion-wg-20g-gombaolo-permetezoszer\/","url":"https:\/\/tajkertesz.com\/termek\/champion-wg-20g-gombaolo-permetezoszer\/","name":"Champion WG 20g gomba\u00f6l\u0151 permetez\u0151szer - T\u00e1jkert\u00e9sz","isPartOf":{"@id":"https:\/\/tajkertesz.com\/#website"},"primaryImageOfPage":{"@id":"https:\/\/tajkertesz.com\/termek\/champion-wg-20g-gombaolo-permetezoszer\/#primaryimage"},"image":{"@id":"https:\/\/tajkertesz.com\/termek\/champion-wg-20g-gombaolo-permetezoszer\/#primaryimage"},"thumbnailUrl":"https:\/\/tajkertesz.com\/wp-content\/uploads\/2021\/11\/championwg-20g.jpg","datePublished":"2021-11-26T10:41:29+00:00","dateModified":"2026-02-18T15:36:29+00:00","description":"Champion WG 20g. gomba\u00f6l\u0151 permetez\u0151szerMikrogranul\u00e1lt r\u00e9ztartalm\u00fa gomba\u00f6l\u0151 szer. Magyarorsz\u00e1gon els\u0151k\u00e9nt megjelent r\u00e9zhidroxid hat\u00f3anyag\u00fa term\u00e9k.","breadcrumb":{"@id":"https:\/\/tajkertesz.com\/termek\/champion-wg-20g-gombaolo-permetezoszer\/#breadcrumb"},"inLanguage":"en-US","potentialAction":[{"@type":"ReadAction","target":["https:\/\/tajkertesz.com\/termek\/champion-wg-20g-gombaolo-permetezoszer\/"]}]},{"@type":"ImageObject","inLanguage":"en-US","@id":"https:\/\/tajkertesz.com\/termek\/champion-wg-20g-gombaolo-permetezoszer\/#primaryimage","url":"https:\/\/tajkertesz.com\/wp-content\/uploads\/2021\/11\/championwg-20g.jpg","contentUrl":"https:\/\/tajkertesz.com\/wp-content\/uploads\/2021\/11\/championwg-20g.jpg","width":1200,"height":1200,"caption":"Champion WG 20g. gomba\u00f6l\u0151 permetez\u0151szer"},{"@type":"BreadcrumbList","@id":"https:\/\/tajkertesz.com\/termek\/champion-wg-20g-gombaolo-permetezoszer\/#breadcrumb","itemListElement":[{"@type":"ListItem","position":1,"name":"Home","item":"https:\/\/tajkertesz.com\/"},{"@type":"ListItem","position":2,"name":"Kezd\u0151lap","item":"https:\/\/tajkertesz.com\/"},{"@type":"ListItem","position":3,"name":"Champion WG 20g gomba\u00f6l\u0151 permetez\u0151szer"}]},{"@type":"WebSite","@id":"https:\/\/tajkertesz.com\/#website","url":"https:\/\/tajkertesz.com\/","name":"T\u00e1j-Kert\u00e9sz 84 Kft.","description":"Kert\u00e9szeti kis- \u00e9s nagykeresked\u00e9s, D\u00edszn\u00f6v\u00e9ny web\u00e1ruh\u00e1z orsz\u00e1gos h\u00e1zhozsz\u00e1ll\u00edt\u00e1ssal!","publisher":{"@id":"https:\/\/tajkertesz.com\/#organization"},"potentialAction":[{"@type":"SearchAction","target":{"@type":"EntryPoint","urlTemplate":"https:\/\/tajkertesz.com\/?s={search_term_string}"},"query-input":{"@type":"PropertyValueSpecification","valueRequired":true,"valueName":"search_term_string"}}],"inLanguage":"en-US"},{"@type":"Organization","@id":"https:\/\/tajkertesz.com\/#organization","name":"T\u00e1j-Kert\u00e9sz 84 Kft.","url":"https:\/\/tajkertesz.com\/","logo":{"@type":"ImageObject","inLanguage":"en-US","@id":"https:\/\/tajkertesz.com\/#\/schema\/logo\/image\/","url":"https:\/\/tajkertesz.com\/wp-content\/uploads\/2018\/02\/logo-2-e1518678052539.png","contentUrl":"https:\/\/tajkertesz.com\/wp-content\/uploads\/2018\/02\/logo-2-e1518678052539.png","width":81,"height":140,"caption":"T\u00e1j-Kert\u00e9sz 84 Kft."},"image":{"@id":"https:\/\/tajkertesz.com\/#\/schema\/logo\/image\/"},"sameAs":["https:\/\/www.facebook.com\/Tajkertesz\/"]}]}},"_links":{"self":[{"href":"https:\/\/tajkertesz.com\/en_US\/wp-json\/wp\/v2\/product\/11766","targetHints":{"allow":["GET"]}}],"collection":[{"href":"https:\/\/tajkertesz.com\/en_US\/wp-json\/wp\/v2\/product"}],"about":[{"href":"https:\/\/tajkertesz.com\/en_US\/wp-json\/wp\/v2\/types\/product"}],"wp:featuredmedia":[{"embeddable":true,"href":"https:\/\/tajkertesz.com\/en_US\/wp-json\/wp\/v2\/media\/22310"}],"wp:attachment":[{"href":"https:\/\/tajkertesz.com\/en_US\/wp-json\/wp\/v2\/media?parent=11766"}],"wp:term":[{"taxonomy":"product_brand","embeddable":true,"href":"https:\/\/tajkertesz.com\/en_US\/wp-json\/wp\/v2\/product_brand?post=11766"},{"taxonomy":"product_cat","embeddable":true,"href":"https:\/\/tajkertesz.com\/en_US\/wp-json\/wp\/v2\/product_cat?post=11766"},{"taxonomy":"product_tag","embeddable":true,"href":"https:\/\/tajkertesz.com\/en_US\/wp-json\/wp\/v2\/product_tag?post=11766"}],"curies":[{"name":"wp","href":"https:\/\/api.w.org\/{rel}","templated":true}]}}