{"id":11769,"date":"2021-11-26T10:44:17","date_gmt":"2021-11-26T10:44:17","guid":{"rendered":"https:\/\/tajkertesz.com\/?post_type=product&#038;p=11769"},"modified":"2025-05-27T15:23:00","modified_gmt":"2025-05-27T15:23:00","slug":"total-5l","status":"publish","type":"product","link":"https:\/\/tajkertesz.com\/en_US\/product\/total-5l\/","title":{"rendered":"Total 5l"},"content":{"rendered":"<h1 class=\"product-detail-name\">Total 5l<\/h1>\n<p class=\"product-detail-name\">Total 5l, H\u00e1zikerti felhaszn\u00e1l\u00e1s: 200-250 ml\/10 l v\u00edz.<\/p>\n<p>Magr\u00f3l kel\u0151 gyomn\u00f6v\u00e9nyek eset\u00e9ben az enged\u00e9lyokiratban meghat\u00e1rozott alacsonyabb d\u00f3zisban kell alkalmazni. Magr\u00f3l kel\u0151 k\u00e9tszik\u0171ek eset\u00e9ben azok 4-8 val\u00f3di leveles fenol\u00f3gi\u00e1j\u00e1ban, magr\u00f3l kel\u0151 egyszik\u0171 gyomn\u00f6v\u00e9nyekn\u00e9l 3-5 leveles \u00e1llapotban kell a kezel\u00e9st elv\u00e9gezni.<br \/>\n\u00c9vel\u0151 k\u00e9tszik\u0171, valamint \u00e9vel\u0151 egyszik\u0171 gyomn\u00f6v\u00e9nyek eset\u00e9ben azok intenz\u00edv n\u00f6veked\u00e9si szakasz\u00e1ban kell a k\u00e9sz\u00edtm\u00e9nyt kij uttatni , hogy a hat\u00f3anyag a gyomn\u00f6v\u00e9ny f\u00f6ld alatti szapor\u00edt\u00f3 k\u00e9pleteibe is lejusson.<br \/>\nTarackb\u00faza, feny\u00e9rcirok, n\u00e1d ellen kedvez\u0151bb hat\u00e1s \u00e9rhet\u0151 el \u0151sszel, amikor a t\u00e1panyag \u00e1raml\u00e1sa a riz\u00f3m\u00e1k fel\u00e9 a legintenz\u00edvebb. Szul\u00e1k-f\u00e9l\u00e9k ellen a vir\u00e1gz\u00e1s idej\u00e9n, mezei acat ellen annak t\u0151lev\u00e9lr\u00f3zs\u00e1s \u00e1llapot\u00e1ban van a kezel\u00e9s optim\u00e1lis id\u0151pont ja.<br \/>\nA meteorol\u00f3giai k\u00f6r\u00fclm\u00e9nyeket figyelembe v\u00e9ve a glifoz\u00e1t hat\u00f3anyag 15-25 &#8222;C k\u00f6z\u00f6tt \u00e9s magas p\u00e1ratartalom mellett a leghat\u00e9konyabb. A hat\u00e1s kifejt\u00e9s\u00e9hez fontos, hogy a kezel\u00e9st k\u00f6vet\u0151en 6 \u00f3r\u00e1n bel\u00fcl ne hulljon csapad\u00e9k, \u00e9s a hat\u00f3anyag marad\u00e9ktalanul felsz\u00edv\u00f3dhasson a gyomn\u00f6v\u00e9nyben<br \/>\nA k\u00e9sz\u00edtm\u00e9ny nem szelekt\u00edv, a gyomn\u00f6v\u00e9nyekt\u0151l megv\u00e9dend\u0151 kult\u00farn\u00f6v\u00e9nyre nem ker\u00fclhet a hat\u00f3anyag, mert azt k\u00e1ros\u00edthatja.<br \/>\nFelhaszn\u00e1lhat\u00f3:<br \/>\nSz\u00e1nt\u00f3f\u00f6ldi kult\u00far\u00e1kban, azok vet\u00e9se el\u0151tt, illetve ut\u00e1n a cs\u00edr\u00e1z\u00e1s megindul\u00e1s\u00e1ig, akkor, ha az elvetett magvakat legal\u00e1bb 3 cm vastag apr\u00f3morzs\u00e1s talajr\u00e9teg takarja. 3 %-n\u00e1l kevesebb szervesanyagtartalm\u00fa talajokon ez a technol\u00f3gia nem alkalmazhat\u00f3.<br \/>\nTarl\u00f3kezel\u00e9sre \u00e9vel\u0151 gyomn\u00f6v\u00e9nyek ellen tarl\u00f3h\u00e1nt\u00e1s ut\u00e1n azok 15-30 cm-es nagys\u00e1gakor. A tarl\u00f3m\u0171vel\u00e9st sek\u00e9lyen kell v\u00e9gezni, oly m\u00f3don, hogya tarackok feldarabol\u00f3djanak, \u00e9s ez\u00e1ltal az alv\u00f3 r\u00fcgyek is kihaj ts anak.<br \/>\nMez\u0151gazdas\u00e1gilag nem m\u0171velt ter\u00fcletek: utak, \u00fatpadk\u00e1k, v\u00edzmentes \u00e1llapot\u00fa v\u00edzelvezet\u0151 \u00e1rkok, ipari l\u00e9tes\u00edtm\u00e9nyek, \u00fczemanyagt\u00f6lt\u0151 \u00e1llom\u00e1sok, rep\u00fcl\u0151terek, vas\u00fati p\u00e1lyatestek, tot\u00e1lis gyomirt\u00e1s\u00e1ra, ahol azt helyi rendelet nem tiltja.<\/p>\n<p>Lakott ter\u00fcletek, kiskertek, temet\u0151k tot\u00e1lis gyomirt\u00e1s\u00e1ra, ahol azt helyi rendelet nem tiltja<\/p>\n<p class=\"product-detail-name\">V\u00edzzel nem bor\u00edtott csatorn\u00e1k, \u00e1rokpartok gyomirt\u00e1s\u00e1ra n\u00e1d, gy\u00e9k\u00e9ny \u00e9s egy\u00e9b nehezen irthat\u00f3 \u00e9vel\u0151 gyomfajok ellen.<br \/>\nLegel\u0151 \u00e9s gyepter\u00fcletek gyommentes\u00edt\u00e9s\u00e9re azok fel\u00faj\u00edt\u00e1sakor a felt\u00f6r\u00e9st, vagy az \u00fajravet\u00e9st megel\u0151z\u0151en.<br \/>\nLucern\u00e1ban arank\u00e1val er\u0151sen fert\u0151z\u00f6tt ter\u00fcleteken foltkezel\u00e9s, vagy teljes fel\u00fcletkezel\u00e9s form\u00e1j\u00e1ban. Foltkezel\u00e9s eset\u00e9n 0,2-0,3 % -os koncentr\u00e1ci\u00f3ban kell felhaszn\u00e1lni. Teljes fel\u00fcletkezel\u00e9s eset\u00e9n 0,5 -0,7 l\/ha a k\u00e9sz\u00edtm\u00e9ny d\u00f3zisa. A kezel\u00e9s kis m\u00e9rt\u00e9kben visszavetheti a lucerna fej l\u0151d\u00e9s\u00e9t a k\u00f6vetkez\u0151 kasz\u00e1l\u00e1sig, ez\u00e9rt teljes fel\u00fcletkezel\u00e9s csak er\u0151sen fert\u0151z\u00f6tt ter\u00fcleteken javasolhat\u00f3. A kezel\u00e9st a lucerna kasz\u00e1l\u00e1s \u00e1t k\u00f6vet\u0151 5-7 nap m\u00falva kell elv\u00e9gezni. Magterm\u0151 lucern\u00e1ban. vagy a magfog\u00e1s szakasz\u00e1ban alkalmaz\u00e1sa nem javasolt.<br \/>\nErd\u00e9szeti kult\u00far\u00e1kban erd\u0151telep\u00edt\u00e9s el\u0151tt b\u00e1rmely fafaj eset\u00e9n haszn\u00e1lhat\u00f3 gyom-\u00e9s cserjeirt\u00e1sra. Fakitermel\u00e9s ut\u00e1n a tusk\u00f3k sarjhajt\u00e1sai ellen 3,5 % koncentr\u00e1ci\u00f3ban alkalmazhat\u00f3.<br \/>\nErd\u00e9szeti gyomirt\u00e1sra csak k\u00e9t \u00e9vesn\u00e9l id\u0151sebb luc-, erdei-\u00e9s dugl\u00e1szfeny\u0151 telep\u00edt\u00e9sekben haszn\u00e1lhat\u00f3. A feny\u0151telep\u00edt\u00e9sek v\u00e9delme \u00e9rdek\u00e9ben a k\u00e9sz\u00edtm\u00e9nyt akkor lehet kijuttatni, amikor a t\u0171leveleken kialakult a v\u00e9detts\u00e9get biztos\u00edt\u00f3 viaszr\u00e9teg.<br \/>\nSz\u0151l\u0151-\u00e9s gy\u00fcm\u00f6lcs\u00fcltetv\u00e9nyekben: csemegesz\u0151l\u0151, borsz\u0151l\u0151, almaterm\u00e9s\u0171 (alma, k\u00f6rte, birs, naspolya), csonth\u00e9jas (cseresznye, meggy, \u0151szibarack, nektarin, kajszibarack, ringl\u00f3, szilva) \u00e9s h\u00e9jas gy\u00fcm\u00f6lcs\u0171 (di\u00f3, mandula, mogyor\u00e1, gesztenye) kult\u00far\u00e1kban.<br \/>\nCsak 3 \u00e9vesn\u00e9l id\u0151sebb telep\u00edt\u00e9sekben, v\u00e9d\u0151lemezzel felszerelt sz\u00f3r\u00f3fej ekkel, vagy egy\u00e9b speci\u00e1lis permetez\u00e9s-technik\u00e1val juttathat\u00f3 ki. A kezel\u00e9st c\u00e9lszer\u0171 a hajt\u00e1sn\u00f6veked\u00e9s kezdet\u00e9ig tavasszal, illetve a gy\u00fcm\u00f6lcssz\u00fcret ut\u00e1n \u0151sszel elv\u00e9gezni. Amennyiben a gyombor\u00edtotts\u00e1g indokolja, a k\u00e9t id\u0151pont k\u00f6z\u00f6tt is lehet kezelni, fokozott el\u0151vigy\u00e1zatoss\u00e1ggal. Az alkalmaz\u00e1s sor\u00e1n \u00fcgyelni kell arra, hogy a permetl\u00e9 a kult\u00farn\u00f6v\u00e9ny z\u00f6ld n\u00f6v\u00e9nyi r\u00e9szeire (hajt\u00e1sok, levelek) ne ker\u00fclj\u00f6n, mert azokat maradand\u00f3an k\u00e1ros\u00edtja. A 3 \u00e9vesn\u00e9l fiatalabb, m\u00e9g nem elf\u00e1sodott t\u00f6rzs\u0171 csemet\u00e9ket szint\u00e9n k\u00e1ros\u00edtja a hat\u00f3anyag.<br \/>\n\u00c1llom\u00e1nysz\u00e1r\u00edt\u00e1s napraforg\u00f3, repce, kukorica, sz\u00f3ja kult\u00far\u00e1kban:<br \/>\nGyommentes \u00e1llom\u00e1nyban a kult\u00far\u00e1ra megadott alacsonyabb d\u00f3zisban, elgyomosodott ter\u00fcleten a magasabb d\u00f3zisban kell alkalmazni<br \/>\nA kezel\u00e9st napraforg\u00f3ban akaszatok 20-30 %-os, kukoric\u00e1ban a szemek 30-40 %-os nedvess\u00e9gtartalm\u00e1n\u00e1l kell elv\u00e9gezni.<br \/>\nRepe\u00e9ben a kezel\u00e9st akkor kell elv\u00e9gezni, amikor a bec\u0151 szint k\u00f6z\u00e9ps\u0151 harmad\u00e1ban a magvak legal\u00e1bb 60 %-a barna sz\u00edn\u0171, a bec\u0151k ekkor m\u00e9g z\u00f6ldek.<br \/>\nSz\u00f3j\u00e1ban a h\u00fcvely s\u00e1rga-s\u00e1rg\u00e1sbarna elsz\u00ednez\u0151d\u00e9s \u00e9t k\u00f6vet\u0151en alkalmazhat\u00f3, amikor a sz\u00f3ja babszemek nedvess\u00e9gtartalma 30 % k\u00f6r\u00fcl van.<br \/>\nRepc\u00e9ben, sz\u00f3j\u00e1ban a kijuttat\u00e1s kiz\u00e1r\u00f3lagf\u00f6ldi g\u00e9ppel (hidas traktorral) t\u00f6rt\u00e9nhet. Alkalmaz\u00e1sa vet\u0151magtermeszt\u00e9sben nem javasolt.<br \/>\n\u0150szi b\u00faz\u00e1ban \u00e9s \u0151szi, valamint tavaszi \u00e1rp\u00e1ban arat\u00e1s el\u0151tti gyomirt\u00e1sra, a betakar\u00edt\u00e1s megk\u00f6nny\u00edt\u00e9s\u00e9re, kiz\u00e1r\u00f3lag sz\u00e1nt\u00f3f\u00f6ldi g\u00e9ppel, els\u0151sorban \u00e9vel\u0151 gyomokkal (tarackb\u00faza, n\u00e1d, folyond\u00e1r szul\u00e1k, stb.) er\u0151sen fert\u0151z\u00f6tt ter\u00fcleten, a tervezett betakar\u00edt\u00e1s el\u0151tt legal\u00e1bb 14 nappal kell kijuttatni a k\u00e9sz\u00edtm\u00e9nyt.<\/p>\n<p>L\u00e9gi kijuttat\u00e1s: kiz\u00e1r\u00f3lag napraforg\u00f3ban \u00e9s kukoric\u00e1ban, legal\u00e1bb 10 ha \u00f6sszef\u00fcgg\u0151 t\u00e1blam\u00e9ret eset\u00e9n, a permetl\u00e9 elsodr\u00f3d\u00e1s\u00e1t g\u00e1tl\u00f3 cseppnehez\u00edt\u0151 adal\u00e9kanyag k\u00f6telez\u0151 hozz\u00e1ad\u00e1s\u00e1val \u00e9s elsodr\u00f3d\u00e1sg\u00e1tl\u00f3 sz\u00f3r\u00f3fej alkalmaz\u00e1s\u00e1val. L\u00e9gi kijuttat\u00e1sn\u00e1l a 44\/2005.(V.6.) FVM-GKM-KvVM egy\u00fcttes rendeletben meghat\u00e1rozott el\u0151\u00edr\u00e1sokat marad\u00e9ktalanul be kell tartani.<\/p>\n<p>L\u00e9mennyis\u00e9g: 50-60 l\/ha<br \/>\nHidastraktorral v\u00e9gzett kijuttat\u00e1s: nagy hasmagass\u00e1g\u00fa (&gt; 150 cm) f\u00f6ldi g\u00e9ppel csak a permetl\u00e9 elsodr\u00f3d\u00e1s\u00e1t g\u00e1tl\u00f3 cseppnehez\u00edt\u0151 adal\u00e9kanyag hozz\u00e1ad\u00e1s\u00e1val juttathat\u00f3 ki a k\u00e9sz\u00edtm\u00e9ny.<\/p>\n<p>&nbsp;<\/p>\n<p align=\"justify\"><a href=\"https:\/\/www.facebook.com\/tajkertesz\">https:\/\/www.facebook.com\/tajkertesz<\/a><\/p>\n<p align=\"justify\"><a href=\"http:\/\/www.tajkertesz.hu\">http:\/\/www.tajkertesz.hu<\/a><\/p>\n<p align=\"justify\"><a href=\"https:\/\/tajkertesz.com\/wp-content\/uploads\/2021\/11\/Total.pdf\">Total<\/a><\/p>\n<h3 align=\"justify\">Kiz\u00e1r\u00f3lag szem\u00e9lyes \u00e1tv\u00e9tellel lehets\u00e9ges a term\u00e9k megv\u00e1s\u00e1rl\u00e1sa!<\/h3>\n<p align=\"justify\"><span style=\"color: #ffffff;\">A k\u00e9sz\u00edtm\u00e9nyt a gyep ny\u00edr\u00e1s\u00e1t k\u00f6vet\u0151en, a k\u00e9tszik\u0171 gyomn\u00f6v\u00e9nyek n\u00f6veked\u00e9s\u00e9nek \u00fajb\u00f3li megindul\u00e1sa ut\u00e1n kell kijuttatni 10 l\/ha (100 ml \/ 100 m2) d\u00f3zisban. A kijuttat\u00e1shoz sz\u00fcks\u00e9ges v\u00edzmennyis\u00e9g 10 l \/ 100 m2. A kezel\u00e9sn\u00e9l \u00fcgyelni kell arra, hogy a permetl\u00e9 kult\u00farn\u00f6v\u00e9nyekre ne ker\u00fclj\u00f6n, mert azokat maradand\u00f3an k\u00e1ros\u00edtja.<\/span><\/p>\n<p align=\"justify\"><span style=\"color: #ffffff;\">A k\u00e9sz\u00edtm\u00e9ny alkalmazhat\u00f3 foltkezel\u00e9s \u00e9s teljes fel\u00fcletkezel\u00e9s form\u00e1j\u00e1ban. Egy veget\u00e1ci\u00f3s szakaszban maximum k\u00e9t kezel\u00e9s v\u00e9gezhet\u0151.<\/span><\/p>\n<div align=\"justify\"><\/div>","protected":false},"excerpt":{"rendered":"<p class=\"product-detail-name\" style=\"text-align: center;\">Total 5l<\/p>","protected":false},"featured_media":11770,"template":"","meta":{"_et_pb_use_builder":"","_et_pb_old_content":"","_et_gb_content_width":""},"product_brand":[],"product_cat":[3422],"product_tag":[3436],"class_list":{"0":"post-11769","1":"product","2":"type-product","3":"status-publish","4":"has-post-thumbnail","6":"product_cat-gyomirto-szer","7":"product_tag-total-5l","9":"first","10":"outofstock","11":"shipping-taxable","12":"product-type-simple"},"yoast_head":"<!-- This site is optimized with the Yoast SEO plugin v27.4 - https:\/\/yoast.com\/product\/yoast-seo-wordpress\/ -->\n<title>Total 5l - T\u00e1jkert\u00e9sz<\/title>\n<meta name=\"description\" content=\"Total 5l\" \/>\n<meta name=\"robots\" content=\"index, follow, max-snippet:-1, max-image-preview:large, max-video-preview:-1\" \/>\n<link rel=\"canonical\" href=\"https:\/\/tajkertesz.com\/en_US\/product\/total-5l\/\" \/>\n<meta property=\"og:locale\" content=\"en_US\" \/>\n<meta property=\"og:type\" content=\"article\" \/>\n<meta property=\"og:title\" content=\"Total 5l - T\u00e1jkert\u00e9sz\" \/>\n<meta property=\"og:description\" content=\"Total 5l\" \/>\n<meta property=\"og:url\" content=\"https:\/\/tajkertesz.com\/en_US\/product\/total-5l\/\" \/>\n<meta property=\"og:site_name\" content=\"T\u00e1jkert\u00e9sz\" \/>\n<meta property=\"article:publisher\" content=\"https:\/\/www.facebook.com\/Tajkertesz\/\" \/>\n<meta property=\"article:modified_time\" content=\"2025-05-27T15:23:00+00:00\" \/>\n<meta property=\"og:image\" content=\"https:\/\/tajkertesz.com\/wp-content\/uploads\/2021\/11\/total-5l.jpg\" \/>\n\t<meta property=\"og:image:width\" content=\"300\" \/>\n\t<meta property=\"og:image:height\" content=\"300\" \/>\n\t<meta property=\"og:image:type\" content=\"image\/jpeg\" \/>\n<meta name=\"twitter:card\" content=\"summary_large_image\" \/>\n<meta name=\"twitter:label1\" content=\"Est. reading time\" \/>\n\t<meta name=\"twitter:data1\" content=\"5 minutes\" \/>\n<script type=\"application\/ld+json\" class=\"yoast-schema-graph\">{\"@context\":\"https:\\\/\\\/schema.org\",\"@graph\":[{\"@type\":\"WebPage\",\"@id\":\"https:\\\/\\\/tajkertesz.com\\\/termek\\\/total-5l\\\/\",\"url\":\"https:\\\/\\\/tajkertesz.com\\\/termek\\\/total-5l\\\/\",\"name\":\"Total 5l - T\u00e1jkert\u00e9sz\",\"isPartOf\":{\"@id\":\"https:\\\/\\\/tajkertesz.com\\\/#website\"},\"primaryImageOfPage\":{\"@id\":\"https:\\\/\\\/tajkertesz.com\\\/termek\\\/total-5l\\\/#primaryimage\"},\"image\":{\"@id\":\"https:\\\/\\\/tajkertesz.com\\\/termek\\\/total-5l\\\/#primaryimage\"},\"thumbnailUrl\":\"https:\\\/\\\/tajkertesz.com\\\/wp-content\\\/uploads\\\/2021\\\/11\\\/total-5l.jpg\",\"datePublished\":\"2021-11-26T10:44:17+00:00\",\"dateModified\":\"2025-05-27T15:23:00+00:00\",\"description\":\"Total 5l\",\"breadcrumb\":{\"@id\":\"https:\\\/\\\/tajkertesz.com\\\/termek\\\/total-5l\\\/#breadcrumb\"},\"inLanguage\":\"en-US\",\"potentialAction\":[{\"@type\":\"ReadAction\",\"target\":[\"https:\\\/\\\/tajkertesz.com\\\/termek\\\/total-5l\\\/\"]}]},{\"@type\":\"ImageObject\",\"inLanguage\":\"en-US\",\"@id\":\"https:\\\/\\\/tajkertesz.com\\\/termek\\\/total-5l\\\/#primaryimage\",\"url\":\"https:\\\/\\\/tajkertesz.com\\\/wp-content\\\/uploads\\\/2021\\\/11\\\/total-5l.jpg\",\"contentUrl\":\"https:\\\/\\\/tajkertesz.com\\\/wp-content\\\/uploads\\\/2021\\\/11\\\/total-5l.jpg\",\"width\":300,\"height\":300},{\"@type\":\"BreadcrumbList\",\"@id\":\"https:\\\/\\\/tajkertesz.com\\\/termek\\\/total-5l\\\/#breadcrumb\",\"itemListElement\":[{\"@type\":\"ListItem\",\"position\":1,\"name\":\"Home\",\"item\":\"https:\\\/\\\/tajkertesz.com\\\/\"},{\"@type\":\"ListItem\",\"position\":2,\"name\":\"Kezd\u0151lap\",\"item\":\"https:\\\/\\\/tajkertesz.com\\\/\"},{\"@type\":\"ListItem\",\"position\":3,\"name\":\"Total 5l\"}]},{\"@type\":\"WebSite\",\"@id\":\"https:\\\/\\\/tajkertesz.com\\\/#website\",\"url\":\"https:\\\/\\\/tajkertesz.com\\\/\",\"name\":\"T\u00e1j-Kert\u00e9sz 84 Kft.\",\"description\":\"Kert\u00e9szeti kis- \u00e9s nagykeresked\u00e9s, D\u00edszn\u00f6v\u00e9ny web\u00e1ruh\u00e1z orsz\u00e1gos h\u00e1zhozsz\u00e1ll\u00edt\u00e1ssal!\",\"publisher\":{\"@id\":\"https:\\\/\\\/tajkertesz.com\\\/#organization\"},\"potentialAction\":[{\"@type\":\"SearchAction\",\"target\":{\"@type\":\"EntryPoint\",\"urlTemplate\":\"https:\\\/\\\/tajkertesz.com\\\/?s={search_term_string}\"},\"query-input\":{\"@type\":\"PropertyValueSpecification\",\"valueRequired\":true,\"valueName\":\"search_term_string\"}}],\"inLanguage\":\"en-US\"},{\"@type\":\"Organization\",\"@id\":\"https:\\\/\\\/tajkertesz.com\\\/#organization\",\"name\":\"T\u00e1j-Kert\u00e9sz 84 Kft.\",\"url\":\"https:\\\/\\\/tajkertesz.com\\\/\",\"logo\":{\"@type\":\"ImageObject\",\"inLanguage\":\"en-US\",\"@id\":\"https:\\\/\\\/tajkertesz.com\\\/#\\\/schema\\\/logo\\\/image\\\/\",\"url\":\"https:\\\/\\\/tajkertesz.com\\\/wp-content\\\/uploads\\\/2018\\\/02\\\/logo-2-e1518678052539.png\",\"contentUrl\":\"https:\\\/\\\/tajkertesz.com\\\/wp-content\\\/uploads\\\/2018\\\/02\\\/logo-2-e1518678052539.png\",\"width\":81,\"height\":140,\"caption\":\"T\u00e1j-Kert\u00e9sz 84 Kft.\"},\"image\":{\"@id\":\"https:\\\/\\\/tajkertesz.com\\\/#\\\/schema\\\/logo\\\/image\\\/\"},\"sameAs\":[\"https:\\\/\\\/www.facebook.com\\\/Tajkertesz\\\/\"]}]}<\/script>\n<!-- \/ Yoast SEO plugin. -->","yoast_head_json":{"title":"Total 5l - T\u00e1jkert\u00e9sz","description":"Total 5l","robots":{"index":"index","follow":"follow","max-snippet":"max-snippet:-1","max-image-preview":"max-image-preview:large","max-video-preview":"max-video-preview:-1"},"canonical":"https:\/\/tajkertesz.com\/en_US\/product\/total-5l\/","og_locale":"en_US","og_type":"article","og_title":"Total 5l - T\u00e1jkert\u00e9sz","og_description":"Total 5l","og_url":"https:\/\/tajkertesz.com\/en_US\/product\/total-5l\/","og_site_name":"T\u00e1jkert\u00e9sz","article_publisher":"https:\/\/www.facebook.com\/Tajkertesz\/","article_modified_time":"2025-05-27T15:23:00+00:00","og_image":[{"width":300,"height":300,"url":"https:\/\/tajkertesz.com\/wp-content\/uploads\/2021\/11\/total-5l.jpg","type":"image\/jpeg"}],"twitter_card":"summary_large_image","twitter_misc":{"Est. reading time":"5 minutes"},"schema":{"@context":"https:\/\/schema.org","@graph":[{"@type":"WebPage","@id":"https:\/\/tajkertesz.com\/termek\/total-5l\/","url":"https:\/\/tajkertesz.com\/termek\/total-5l\/","name":"Total 5l - T\u00e1jkert\u00e9sz","isPartOf":{"@id":"https:\/\/tajkertesz.com\/#website"},"primaryImageOfPage":{"@id":"https:\/\/tajkertesz.com\/termek\/total-5l\/#primaryimage"},"image":{"@id":"https:\/\/tajkertesz.com\/termek\/total-5l\/#primaryimage"},"thumbnailUrl":"https:\/\/tajkertesz.com\/wp-content\/uploads\/2021\/11\/total-5l.jpg","datePublished":"2021-11-26T10:44:17+00:00","dateModified":"2025-05-27T15:23:00+00:00","description":"Total 5l","breadcrumb":{"@id":"https:\/\/tajkertesz.com\/termek\/total-5l\/#breadcrumb"},"inLanguage":"en-US","potentialAction":[{"@type":"ReadAction","target":["https:\/\/tajkertesz.com\/termek\/total-5l\/"]}]},{"@type":"ImageObject","inLanguage":"en-US","@id":"https:\/\/tajkertesz.com\/termek\/total-5l\/#primaryimage","url":"https:\/\/tajkertesz.com\/wp-content\/uploads\/2021\/11\/total-5l.jpg","contentUrl":"https:\/\/tajkertesz.com\/wp-content\/uploads\/2021\/11\/total-5l.jpg","width":300,"height":300},{"@type":"BreadcrumbList","@id":"https:\/\/tajkertesz.com\/termek\/total-5l\/#breadcrumb","itemListElement":[{"@type":"ListItem","position":1,"name":"Home","item":"https:\/\/tajkertesz.com\/"},{"@type":"ListItem","position":2,"name":"Kezd\u0151lap","item":"https:\/\/tajkertesz.com\/"},{"@type":"ListItem","position":3,"name":"Total 5l"}]},{"@type":"WebSite","@id":"https:\/\/tajkertesz.com\/#website","url":"https:\/\/tajkertesz.com\/","name":"T\u00e1j-Kert\u00e9sz 84 Kft.","description":"Kert\u00e9szeti kis- \u00e9s nagykeresked\u00e9s, D\u00edszn\u00f6v\u00e9ny web\u00e1ruh\u00e1z orsz\u00e1gos h\u00e1zhozsz\u00e1ll\u00edt\u00e1ssal!","publisher":{"@id":"https:\/\/tajkertesz.com\/#organization"},"potentialAction":[{"@type":"SearchAction","target":{"@type":"EntryPoint","urlTemplate":"https:\/\/tajkertesz.com\/?s={search_term_string}"},"query-input":{"@type":"PropertyValueSpecification","valueRequired":true,"valueName":"search_term_string"}}],"inLanguage":"en-US"},{"@type":"Organization","@id":"https:\/\/tajkertesz.com\/#organization","name":"T\u00e1j-Kert\u00e9sz 84 Kft.","url":"https:\/\/tajkertesz.com\/","logo":{"@type":"ImageObject","inLanguage":"en-US","@id":"https:\/\/tajkertesz.com\/#\/schema\/logo\/image\/","url":"https:\/\/tajkertesz.com\/wp-content\/uploads\/2018\/02\/logo-2-e1518678052539.png","contentUrl":"https:\/\/tajkertesz.com\/wp-content\/uploads\/2018\/02\/logo-2-e1518678052539.png","width":81,"height":140,"caption":"T\u00e1j-Kert\u00e9sz 84 Kft."},"image":{"@id":"https:\/\/tajkertesz.com\/#\/schema\/logo\/image\/"},"sameAs":["https:\/\/www.facebook.com\/Tajkertesz\/"]}]}},"_links":{"self":[{"href":"https:\/\/tajkertesz.com\/en_US\/wp-json\/wp\/v2\/product\/11769","targetHints":{"allow":["GET"]}}],"collection":[{"href":"https:\/\/tajkertesz.com\/en_US\/wp-json\/wp\/v2\/product"}],"about":[{"href":"https:\/\/tajkertesz.com\/en_US\/wp-json\/wp\/v2\/types\/product"}],"wp:featuredmedia":[{"embeddable":true,"href":"https:\/\/tajkertesz.com\/en_US\/wp-json\/wp\/v2\/media\/11770"}],"wp:attachment":[{"href":"https:\/\/tajkertesz.com\/en_US\/wp-json\/wp\/v2\/media?parent=11769"}],"wp:term":[{"taxonomy":"product_brand","embeddable":true,"href":"https:\/\/tajkertesz.com\/en_US\/wp-json\/wp\/v2\/product_brand?post=11769"},{"taxonomy":"product_cat","embeddable":true,"href":"https:\/\/tajkertesz.com\/en_US\/wp-json\/wp\/v2\/product_cat?post=11769"},{"taxonomy":"product_tag","embeddable":true,"href":"https:\/\/tajkertesz.com\/en_US\/wp-json\/wp\/v2\/product_tag?post=11769"}],"curies":[{"name":"wp","href":"https:\/\/api.w.org\/{rel}","templated":true}]}}