{"id":11774,"date":"2021-11-26T11:04:53","date_gmt":"2021-11-26T11:04:53","guid":{"rendered":"https:\/\/tajkertesz.com\/?post_type=product&#038;p=11774"},"modified":"2026-03-02T08:55:17","modified_gmt":"2026-03-02T08:55:17","slug":"magnicur-energy-gombaolo-permetezoszer-15ml","status":"publish","type":"product","link":"https:\/\/tajkertesz.com\/en_US\/product\/magnicur-energy-gombaolo-permetezoszer-15ml\/","title":{"rendered":"Magnicur Energy gomba\u00f6l\u0151 permetez\u0151szer 15ml"},"content":{"rendered":"<h1 class=\"page-head-title product-page-head-title position-relative\"><span class=\"product-page-product-name\">Magnicur Energy gomba\u00f6l\u0151 permetez\u0151szer 15ml<\/span><\/h1>\n<p class=\"page-head-title product-page-head-title position-relative\"><span class=\"product-page-product-name\">Magnicur Energy gomba\u00f6l\u0151 permetez\u0151szer 15ml<\/span><\/p>\n<p>Fitofor\u00f3zis \u00e9s m\u00e1s talajban terjed\u0151 gomb\u00e1s betegs\u00e9gek kezel\u00e9s\u00e9re, valamint komposzttalaj \u00e9s pal\u00e1nt\u00e1k el\u0151\u00e1ll\u00edt\u00e1s\u00e1hoz haszn\u00e1lt szubsztr\u00e1tok fert\u0151tlen\u00edt\u00e9s\u00e9re.<\/p>\n<p>K\u00e9t kiv\u00e1l\u00f3 felsz\u00edv\u00f3d\u00f3 gomba\u00f6l\u0151 szer hat\u00f3anyag<\/p>\n<p>Egyedi formul\u00e1ci\u00f3<\/p>\n<p>Rugalmas alkalmazhat\u00f3s\u00e1g: cs\u00edrakori betegs\u00e9gek ellen be\u00f6nt\u00f6z\u00e9ssel, a peronoszp\u00f3ra-f\u00e9l\u00e9k ellen csepegtet\u0151 \u00f6nt\u00f6z\u0151 rendszeren kereszt\u00fcl, vagy hagyom\u00e1nyosan kijuttatva.<\/p>\n<p>\u00c1ltal\u00e1nos ismertet\u0151:<\/p>\n<p><strong>Gomba\u00f6l\u0151 permetez\u0151szer<\/strong>\u00a0sal\u00e1ta, paprika, paradicsom, uborka, dinnye, doh\u00e1ny \u00e9s k\u00e1posztaf\u00e9l\u00e9k v\u00e9delm\u00e9re<\/p>\n<p>A term\u00e9k AKG-ban haszn\u00e1lhat\u00f3 a k\u00f6vetkez\u0151 kult\u00fara csoport(ok) eset\u00e9n:<\/p>\n<ul>\n<li>Z\u00f6lds\u00e9gek<\/li>\n<li>Cukorr\u00e9pa<\/li>\n<li>Napraforg\u00f3<\/li>\n<li>Repce<\/li>\n<\/ul>\n<p>A foszetil a n\u00f6v\u00e9ny saj\u00e1t v\u00e9dekez\u00e9si mechanizmus\u00e1nak stimul\u00e1l\u00e1s\u00e1n kereszt\u00fcl fejti ki hat\u00e1s\u00e1t, de k\u00f6zvetlen gomba\u00f6l\u0151 hat\u00e1ssal is rendelkezik (FRAC k\u00f3d: 33), m\u00edg a propamokarb a foszfolipidek \u00e9s a zs\u00edrsavak g\u00e1tl\u00e1s\u00e1n kereszt\u00fcl a gomba sejtfalak kialakul\u00e1s\u00e1t akad\u00e1lyozza meg.<\/p>\n<p><strong><span style=\"text-decoration: underline;\">Alkalmaz\u00e1s<\/span><\/strong><\/p>\n<p>Permetez\u00e9s: a sz\u00e1nt\u00f3f\u00f6ldi sal\u00e1ta lombv\u00e9delm\u00e9re a kezel\u00e9seket prevent\u00edven v\u00e9gezz\u00fck el, \u00e9s 2-szer ism\u00e9telj\u00fck 10 napos permetez\u00e9si fordul\u00f3val 25ml\/10l d\u00f3zisban.<\/p>\n<p>Be\u00f6nt\u00f6z\u00e9s: z\u00e1rt t\u00e9ri k\u0151zetgyapotos pal\u00e1ntanevel\u00e9sben k\u00f6zvetlen\u00fcl a vet\u00e9st k\u00f6vet\u0151en a paradicsom, uborka, sal\u00e1ta, dinnye, k\u00e1posztaf\u00e9l\u00e9k estet\u00e9n 3ml\/m2, a paprika eset\u00e9n 6ml\/m2 Previcur Energy-t juttasunk ki 2l\/m2 permetl\u00e9ben. A be\u00f6nt\u00f6z\u00e9st 7-10 nap m\u00falva ism\u00e9telj\u00fck meg 3ml\/m2 d\u00f3zissal.<\/p>\n<p>Csepegtet\u0151 \u00f6nt\u00f6z\u00e9s: hajtatott paradicsom, paprika, uborka k\u00f6zvetlen\u00fcl pal\u00e1nt\u00e1z\u00e1s ut\u00e1n kezel\u00e9s\u00e9re a csepegtet\u0151 \u00f6nt\u00f6z\u0151rendszeren kereszt\u00fcl 3l\/ha d\u00f3zisban adagoljuk a szert. A k\u00f6vetkez\u0151 kezel\u00e9st a pal\u00e1nt\u00e1z\u00e1s ut\u00e1n 10-15 nappal, a harmadikat az els\u0151 term\u00e9s megjelen\u00e9sekor, m\u00edg a negyediket r\u00e1 egy h\u00e9tre v\u00e9gezz\u00fck el.<\/p>\n<p align=\"justify\"><a href=\"https:\/\/www.facebook.com\/tajkertesz\">https:\/\/www.facebook.com\/tajkertesz<\/a><\/p>\n<p align=\"justify\"><a href=\"http:\/\/www.tajkertesz.hu\">http:\/\/www.tajkertesz.hu<\/a><\/p>\n<p align=\"justify\"><a href=\"https:\/\/tajkertesz.com\/wp-content\/uploads\/2021\/11\/Magnicur-Energy.pdf\">_Magnicur Energy<\/a><\/p>\n<h3 align=\"justify\">Kiz\u00e1r\u00f3lag szem\u00e9lyes \u00e1tv\u00e9tellel lehets\u00e9ges a term\u00e9k megv\u00e1s\u00e1rl\u00e1sa!<\/h3>","protected":false},"excerpt":{"rendered":"<h1 class=\"page-head-title product-page-head-title position-relative\"><span class=\"product-page-product-name\">Magnicur Energy gomba\u00f6l\u0151 permetez\u0151szer 15ml<\/span><\/h1>\n<p><strong>Gomba\u00f6l\u0151 permetez\u0151szer<\/strong> sal\u00e1ta, paprika, paradicsom, uborka, dinnye, doh\u00e1ny \u00e9s k\u00e1posztaf\u00e9l\u00e9k v\u00e9delm\u00e9re&#8230;<\/p>\n<h3 align=\"justify\">Kiz\u00e1r\u00f3lag szem\u00e9lyes \u00e1tv\u00e9tellel lehets\u00e9ges a term\u00e9k megv\u00e1s\u00e1rl\u00e1sa!<\/h3>\n<p>&nbsp;<\/p>","protected":false},"featured_media":11775,"template":"","meta":{"_et_pb_use_builder":"","_et_pb_old_content":"","_et_gb_content_width":""},"product_brand":[],"product_cat":[3421],"product_tag":[4740,3438,4820,1431,4752,4843],"class_list":{"0":"post-11774","1":"product","2":"type-product","3":"status-publish","4":"has-post-thumbnail","6":"product_cat-gombaolo-szer","7":"product_tag-gombaolo","8":"product_tag-magnicur-energy-gombaolo-permetezoszer-15ml","9":"product_tag-novenyvedelem","10":"product_tag-paradicsom","11":"product_tag-permetezoszer","12":"product_tag-zoldsegek","14":"first","15":"outofstock","16":"shipping-taxable","17":"purchasable","18":"product-type-simple"},"yoast_head":"<!-- This site is optimized with the Yoast SEO plugin v27.4 - https:\/\/yoast.com\/product\/yoast-seo-wordpress\/ -->\n<title>Magnicur Energy gomba\u00f6l\u0151 permetez\u0151szer 15ml - T\u00e1jkert\u00e9sz<\/title>\n<meta name=\"description\" content=\"Magnicur Energy gomba\u00f6l\u0151 permetez\u0151szer 15ml. K\u00e9t kiv\u00e1l\u00f3 felsz\u00edv\u00f3d\u00f3 gomba\u00f6l\u0151 szer hat\u00f3anyag. Egyedi formul\u00e1ci\u00f3. Kert\u00e9szeti kis-\u00e9s nagykeresked\u00e9s\" \/>\n<meta name=\"robots\" content=\"index, follow, max-snippet:-1, max-image-preview:large, max-video-preview:-1\" \/>\n<link rel=\"canonical\" href=\"https:\/\/tajkertesz.com\/en_US\/product\/magnicur-energy-gombaolo-permetezoszer-15ml\/\" \/>\n<meta property=\"og:locale\" content=\"en_US\" \/>\n<meta property=\"og:type\" content=\"article\" \/>\n<meta property=\"og:title\" content=\"Magnicur Energy gomba\u00f6l\u0151 permetez\u0151szer 15ml - T\u00e1jkert\u00e9sz\" \/>\n<meta property=\"og:description\" content=\"Magnicur Energy gomba\u00f6l\u0151 permetez\u0151szer 15ml. K\u00e9t kiv\u00e1l\u00f3 felsz\u00edv\u00f3d\u00f3 gomba\u00f6l\u0151 szer hat\u00f3anyag. Egyedi formul\u00e1ci\u00f3. Kert\u00e9szeti kis-\u00e9s nagykeresked\u00e9s\" \/>\n<meta property=\"og:url\" content=\"https:\/\/tajkertesz.com\/en_US\/product\/magnicur-energy-gombaolo-permetezoszer-15ml\/\" \/>\n<meta property=\"og:site_name\" content=\"T\u00e1jkert\u00e9sz\" \/>\n<meta property=\"article:publisher\" content=\"https:\/\/www.facebook.com\/Tajkertesz\/\" \/>\n<meta property=\"article:modified_time\" content=\"2026-03-02T08:55:17+00:00\" \/>\n<meta property=\"og:image\" content=\"https:\/\/tajkertesz.com\/wp-content\/uploads\/2021\/11\/magn.jpg\" \/>\n\t<meta property=\"og:image:width\" content=\"1000\" \/>\n\t<meta property=\"og:image:height\" content=\"1000\" \/>\n\t<meta property=\"og:image:type\" content=\"image\/jpeg\" \/>\n<meta name=\"twitter:card\" content=\"summary_large_image\" \/>\n<meta name=\"twitter:label1\" content=\"Est. reading time\" \/>\n\t<meta name=\"twitter:data1\" content=\"2 minutes\" \/>\n<script type=\"application\/ld+json\" class=\"yoast-schema-graph\">{\"@context\":\"https:\\\/\\\/schema.org\",\"@graph\":[{\"@type\":\"WebPage\",\"@id\":\"https:\\\/\\\/tajkertesz.com\\\/termek\\\/magnicur-energy-gombaolo-permetezoszer-15ml\\\/\",\"url\":\"https:\\\/\\\/tajkertesz.com\\\/termek\\\/magnicur-energy-gombaolo-permetezoszer-15ml\\\/\",\"name\":\"Magnicur Energy gomba\u00f6l\u0151 permetez\u0151szer 15ml - T\u00e1jkert\u00e9sz\",\"isPartOf\":{\"@id\":\"https:\\\/\\\/tajkertesz.com\\\/#website\"},\"primaryImageOfPage\":{\"@id\":\"https:\\\/\\\/tajkertesz.com\\\/termek\\\/magnicur-energy-gombaolo-permetezoszer-15ml\\\/#primaryimage\"},\"image\":{\"@id\":\"https:\\\/\\\/tajkertesz.com\\\/termek\\\/magnicur-energy-gombaolo-permetezoszer-15ml\\\/#primaryimage\"},\"thumbnailUrl\":\"https:\\\/\\\/tajkertesz.com\\\/wp-content\\\/uploads\\\/2021\\\/11\\\/magn.jpg\",\"datePublished\":\"2021-11-26T11:04:53+00:00\",\"dateModified\":\"2026-03-02T08:55:17+00:00\",\"description\":\"Magnicur Energy gomba\u00f6l\u0151 permetez\u0151szer 15ml. K\u00e9t kiv\u00e1l\u00f3 felsz\u00edv\u00f3d\u00f3 gomba\u00f6l\u0151 szer hat\u00f3anyag. Egyedi formul\u00e1ci\u00f3. Kert\u00e9szeti kis-\u00e9s nagykeresked\u00e9s\",\"breadcrumb\":{\"@id\":\"https:\\\/\\\/tajkertesz.com\\\/termek\\\/magnicur-energy-gombaolo-permetezoszer-15ml\\\/#breadcrumb\"},\"inLanguage\":\"en-US\",\"potentialAction\":[{\"@type\":\"ReadAction\",\"target\":[\"https:\\\/\\\/tajkertesz.com\\\/termek\\\/magnicur-energy-gombaolo-permetezoszer-15ml\\\/\"]}]},{\"@type\":\"ImageObject\",\"inLanguage\":\"en-US\",\"@id\":\"https:\\\/\\\/tajkertesz.com\\\/termek\\\/magnicur-energy-gombaolo-permetezoszer-15ml\\\/#primaryimage\",\"url\":\"https:\\\/\\\/tajkertesz.com\\\/wp-content\\\/uploads\\\/2021\\\/11\\\/magn.jpg\",\"contentUrl\":\"https:\\\/\\\/tajkertesz.com\\\/wp-content\\\/uploads\\\/2021\\\/11\\\/magn.jpg\",\"width\":1000,\"height\":1000},{\"@type\":\"BreadcrumbList\",\"@id\":\"https:\\\/\\\/tajkertesz.com\\\/termek\\\/magnicur-energy-gombaolo-permetezoszer-15ml\\\/#breadcrumb\",\"itemListElement\":[{\"@type\":\"ListItem\",\"position\":1,\"name\":\"Home\",\"item\":\"https:\\\/\\\/tajkertesz.com\\\/\"},{\"@type\":\"ListItem\",\"position\":2,\"name\":\"Kezd\u0151lap\",\"item\":\"https:\\\/\\\/tajkertesz.com\\\/\"},{\"@type\":\"ListItem\",\"position\":3,\"name\":\"Magnicur Energy gomba\u00f6l\u0151 permetez\u0151szer 15ml\"}]},{\"@type\":\"WebSite\",\"@id\":\"https:\\\/\\\/tajkertesz.com\\\/#website\",\"url\":\"https:\\\/\\\/tajkertesz.com\\\/\",\"name\":\"T\u00e1j-Kert\u00e9sz 84 Kft.\",\"description\":\"Kert\u00e9szeti kis- \u00e9s nagykeresked\u00e9s, D\u00edszn\u00f6v\u00e9ny web\u00e1ruh\u00e1z orsz\u00e1gos h\u00e1zhozsz\u00e1ll\u00edt\u00e1ssal!\",\"publisher\":{\"@id\":\"https:\\\/\\\/tajkertesz.com\\\/#organization\"},\"potentialAction\":[{\"@type\":\"SearchAction\",\"target\":{\"@type\":\"EntryPoint\",\"urlTemplate\":\"https:\\\/\\\/tajkertesz.com\\\/?s={search_term_string}\"},\"query-input\":{\"@type\":\"PropertyValueSpecification\",\"valueRequired\":true,\"valueName\":\"search_term_string\"}}],\"inLanguage\":\"en-US\"},{\"@type\":\"Organization\",\"@id\":\"https:\\\/\\\/tajkertesz.com\\\/#organization\",\"name\":\"T\u00e1j-Kert\u00e9sz 84 Kft.\",\"url\":\"https:\\\/\\\/tajkertesz.com\\\/\",\"logo\":{\"@type\":\"ImageObject\",\"inLanguage\":\"en-US\",\"@id\":\"https:\\\/\\\/tajkertesz.com\\\/#\\\/schema\\\/logo\\\/image\\\/\",\"url\":\"https:\\\/\\\/tajkertesz.com\\\/wp-content\\\/uploads\\\/2018\\\/02\\\/logo-2-e1518678052539.png\",\"contentUrl\":\"https:\\\/\\\/tajkertesz.com\\\/wp-content\\\/uploads\\\/2018\\\/02\\\/logo-2-e1518678052539.png\",\"width\":81,\"height\":140,\"caption\":\"T\u00e1j-Kert\u00e9sz 84 Kft.\"},\"image\":{\"@id\":\"https:\\\/\\\/tajkertesz.com\\\/#\\\/schema\\\/logo\\\/image\\\/\"},\"sameAs\":[\"https:\\\/\\\/www.facebook.com\\\/Tajkertesz\\\/\"]}]}<\/script>\n<!-- \/ Yoast SEO plugin. -->","yoast_head_json":{"title":"Magnicur Energy gomba\u00f6l\u0151 permetez\u0151szer 15ml - T\u00e1jkert\u00e9sz","description":"Magnicur Energy gomba\u00f6l\u0151 permetez\u0151szer 15ml. K\u00e9t kiv\u00e1l\u00f3 felsz\u00edv\u00f3d\u00f3 gomba\u00f6l\u0151 szer hat\u00f3anyag. Egyedi formul\u00e1ci\u00f3. Kert\u00e9szeti kis-\u00e9s nagykeresked\u00e9s","robots":{"index":"index","follow":"follow","max-snippet":"max-snippet:-1","max-image-preview":"max-image-preview:large","max-video-preview":"max-video-preview:-1"},"canonical":"https:\/\/tajkertesz.com\/en_US\/product\/magnicur-energy-gombaolo-permetezoszer-15ml\/","og_locale":"en_US","og_type":"article","og_title":"Magnicur Energy gomba\u00f6l\u0151 permetez\u0151szer 15ml - T\u00e1jkert\u00e9sz","og_description":"Magnicur Energy gomba\u00f6l\u0151 permetez\u0151szer 15ml. K\u00e9t kiv\u00e1l\u00f3 felsz\u00edv\u00f3d\u00f3 gomba\u00f6l\u0151 szer hat\u00f3anyag. Egyedi formul\u00e1ci\u00f3. Kert\u00e9szeti kis-\u00e9s nagykeresked\u00e9s","og_url":"https:\/\/tajkertesz.com\/en_US\/product\/magnicur-energy-gombaolo-permetezoszer-15ml\/","og_site_name":"T\u00e1jkert\u00e9sz","article_publisher":"https:\/\/www.facebook.com\/Tajkertesz\/","article_modified_time":"2026-03-02T08:55:17+00:00","og_image":[{"width":1000,"height":1000,"url":"https:\/\/tajkertesz.com\/wp-content\/uploads\/2021\/11\/magn.jpg","type":"image\/jpeg"}],"twitter_card":"summary_large_image","twitter_misc":{"Est. reading time":"2 minutes"},"schema":{"@context":"https:\/\/schema.org","@graph":[{"@type":"WebPage","@id":"https:\/\/tajkertesz.com\/termek\/magnicur-energy-gombaolo-permetezoszer-15ml\/","url":"https:\/\/tajkertesz.com\/termek\/magnicur-energy-gombaolo-permetezoszer-15ml\/","name":"Magnicur Energy gomba\u00f6l\u0151 permetez\u0151szer 15ml - T\u00e1jkert\u00e9sz","isPartOf":{"@id":"https:\/\/tajkertesz.com\/#website"},"primaryImageOfPage":{"@id":"https:\/\/tajkertesz.com\/termek\/magnicur-energy-gombaolo-permetezoszer-15ml\/#primaryimage"},"image":{"@id":"https:\/\/tajkertesz.com\/termek\/magnicur-energy-gombaolo-permetezoszer-15ml\/#primaryimage"},"thumbnailUrl":"https:\/\/tajkertesz.com\/wp-content\/uploads\/2021\/11\/magn.jpg","datePublished":"2021-11-26T11:04:53+00:00","dateModified":"2026-03-02T08:55:17+00:00","description":"Magnicur Energy gomba\u00f6l\u0151 permetez\u0151szer 15ml. K\u00e9t kiv\u00e1l\u00f3 felsz\u00edv\u00f3d\u00f3 gomba\u00f6l\u0151 szer hat\u00f3anyag. Egyedi formul\u00e1ci\u00f3. Kert\u00e9szeti kis-\u00e9s nagykeresked\u00e9s","breadcrumb":{"@id":"https:\/\/tajkertesz.com\/termek\/magnicur-energy-gombaolo-permetezoszer-15ml\/#breadcrumb"},"inLanguage":"en-US","potentialAction":[{"@type":"ReadAction","target":["https:\/\/tajkertesz.com\/termek\/magnicur-energy-gombaolo-permetezoszer-15ml\/"]}]},{"@type":"ImageObject","inLanguage":"en-US","@id":"https:\/\/tajkertesz.com\/termek\/magnicur-energy-gombaolo-permetezoszer-15ml\/#primaryimage","url":"https:\/\/tajkertesz.com\/wp-content\/uploads\/2021\/11\/magn.jpg","contentUrl":"https:\/\/tajkertesz.com\/wp-content\/uploads\/2021\/11\/magn.jpg","width":1000,"height":1000},{"@type":"BreadcrumbList","@id":"https:\/\/tajkertesz.com\/termek\/magnicur-energy-gombaolo-permetezoszer-15ml\/#breadcrumb","itemListElement":[{"@type":"ListItem","position":1,"name":"Home","item":"https:\/\/tajkertesz.com\/"},{"@type":"ListItem","position":2,"name":"Kezd\u0151lap","item":"https:\/\/tajkertesz.com\/"},{"@type":"ListItem","position":3,"name":"Magnicur Energy gomba\u00f6l\u0151 permetez\u0151szer 15ml"}]},{"@type":"WebSite","@id":"https:\/\/tajkertesz.com\/#website","url":"https:\/\/tajkertesz.com\/","name":"T\u00e1j-Kert\u00e9sz 84 Kft.","description":"Kert\u00e9szeti kis- \u00e9s nagykeresked\u00e9s, D\u00edszn\u00f6v\u00e9ny web\u00e1ruh\u00e1z orsz\u00e1gos h\u00e1zhozsz\u00e1ll\u00edt\u00e1ssal!","publisher":{"@id":"https:\/\/tajkertesz.com\/#organization"},"potentialAction":[{"@type":"SearchAction","target":{"@type":"EntryPoint","urlTemplate":"https:\/\/tajkertesz.com\/?s={search_term_string}"},"query-input":{"@type":"PropertyValueSpecification","valueRequired":true,"valueName":"search_term_string"}}],"inLanguage":"en-US"},{"@type":"Organization","@id":"https:\/\/tajkertesz.com\/#organization","name":"T\u00e1j-Kert\u00e9sz 84 Kft.","url":"https:\/\/tajkertesz.com\/","logo":{"@type":"ImageObject","inLanguage":"en-US","@id":"https:\/\/tajkertesz.com\/#\/schema\/logo\/image\/","url":"https:\/\/tajkertesz.com\/wp-content\/uploads\/2018\/02\/logo-2-e1518678052539.png","contentUrl":"https:\/\/tajkertesz.com\/wp-content\/uploads\/2018\/02\/logo-2-e1518678052539.png","width":81,"height":140,"caption":"T\u00e1j-Kert\u00e9sz 84 Kft."},"image":{"@id":"https:\/\/tajkertesz.com\/#\/schema\/logo\/image\/"},"sameAs":["https:\/\/www.facebook.com\/Tajkertesz\/"]}]}},"_links":{"self":[{"href":"https:\/\/tajkertesz.com\/en_US\/wp-json\/wp\/v2\/product\/11774","targetHints":{"allow":["GET"]}}],"collection":[{"href":"https:\/\/tajkertesz.com\/en_US\/wp-json\/wp\/v2\/product"}],"about":[{"href":"https:\/\/tajkertesz.com\/en_US\/wp-json\/wp\/v2\/types\/product"}],"wp:featuredmedia":[{"embeddable":true,"href":"https:\/\/tajkertesz.com\/en_US\/wp-json\/wp\/v2\/media\/11775"}],"wp:attachment":[{"href":"https:\/\/tajkertesz.com\/en_US\/wp-json\/wp\/v2\/media?parent=11774"}],"wp:term":[{"taxonomy":"product_brand","embeddable":true,"href":"https:\/\/tajkertesz.com\/en_US\/wp-json\/wp\/v2\/product_brand?post=11774"},{"taxonomy":"product_cat","embeddable":true,"href":"https:\/\/tajkertesz.com\/en_US\/wp-json\/wp\/v2\/product_cat?post=11774"},{"taxonomy":"product_tag","embeddable":true,"href":"https:\/\/tajkertesz.com\/en_US\/wp-json\/wp\/v2\/product_tag?post=11774"}],"curies":[{"name":"wp","href":"https:\/\/api.w.org\/{rel}","templated":true}]}}