{"id":11777,"date":"2021-11-26T11:07:30","date_gmt":"2021-11-26T11:07:30","guid":{"rendered":"https:\/\/tajkertesz.com\/?post_type=product&#038;p=11777"},"modified":"2022-09-22T11:15:29","modified_gmt":"2022-09-22T11:15:29","slug":"dithane-m-45-0-25-kg","status":"publish","type":"product","link":"https:\/\/tajkertesz.com\/en_US\/product\/dithane-m-45-0-25-kg\/","title":{"rendered":"Dithane M-45 0.25 kg"},"content":{"rendered":"<h1 class=\"product-detail-name\">Dithane M-45 0.25 kg<\/h1>\n<div class=\"product-detail-title-after\">\n<div class=\"product-detail-manufacturer-wrap\"><\/div>\n<\/div>\n<p class=\"product-detail-name\">Dithane M-45 0.25 kg, Sz\u00e9les hat\u00e1sspektrum\u00fa, kontakt gomba\u00f6l\u0151 szer, lisztharmat kiv\u00e9tel\u00e9vel szinte az \u00f6sszes n\u00f6v\u00e9nyi betegs\u00e9g, k\u00f3rokoz\u00f3 ellen.<\/p>\n<div class=\"product-detail-title-after\">\n<div class=\"product-detail-manufacturer-wrap\"><\/div>\n<\/div>\n<p align=\"justify\"><strong>EL\u0150\u00cdRT N\u00d6V\u00c9NYV\u00c9DELMI TECHNOL\u00d3GIA:<\/strong><\/p>\n<p><strong>Almaterm\u00e9s\u0171ekben (alma, k\u00f6rte, birs, naspolya)<\/strong>\u00a0a kezel\u00e9seket az aszkosp\u00f3ra-sz\u00f3r\u00f3d\u00e1s id\u0151szak\u00e1ban, prevent\u00edv m\u00f3don c\u00e9lszer\u0171 elkezdeni, \u00e9s a fert\u0151z\u00e9s er\u0151ss\u00e9ge alapj\u00e1n 10-14 naponk\u00e9nti gyakoris\u00e1ggal sz\u00fcks\u00e9ges folytatni.<\/p>\n<p><strong>\u0150szibarackban, nektarinban \u00e9s kajsziban, szilv\u00e1ban, csereszny\u00e9ben \u00e9s meggyben<\/strong>\u00a0tafrin\u00e1s lev\u00e9lfodrosod\u00e1s ellen a v\u00e9dekez\u00e9seket r\u00fcgyfakad\u00e1skor kell kezdeni, ezt k\u00f6vet\u0151en 14 naponta ism\u00e9telni. Mon\u00edli\u00e1s vir\u00e1g- \u00e9s hajt\u00e1sfert\u0151z\u00e9s ellen a vir\u00e1gz\u00e1s kezdet\u00e9n, f\u0151vir\u00e1gz\u00e1sban \u00e9s vir\u00e1gz\u00e1s v\u00e9g\u00e9n c\u00e9lszer\u0171 permetezni. A k\u00e9sz\u00edtm\u00e9ny tavasszal, h\u0171v\u00f6s id\u0151j\u00e1r\u00e1s eset\u00e9n lev\u00e9llyukacsosod\u00e1s \u00e9s rozsdabetegs\u00e9gek ellen is megfelel\u0151 v\u00e9delmet ny\u00fajt. Mon\u00edli\u00e1s gy\u00fcm\u00f6lcsrothad\u00e1s ellen gy\u00fcm\u00f6lcsn\u00f6veked\u00e9s alatt \u00e1ztat\u00e1s szer\u0171 v\u00e9dekez\u00e9ssel, 14 naponk\u00e9nti ism\u00e9tl\u00e9ssel, valamint j\u00e9gver\u00e9st \u00e9s vihart k\u00f6vet\u0151en 12 \u00f3r\u00e1n bel\u00fcli permetez\u00e9ssel haszn\u00e1lhat\u00f3, a v\u00e1rakoz\u00e1si id\u0151 szigor\u00fa betart\u00e1s\u00e1val. A tov\u00e1bbi sz\u00fcks\u00e9ges kezel\u00e9sekre m\u00e1s hat\u00f3anyagcsoportba tartoz\u00f3 k\u00e9sz\u00edtm\u00e9nyeket kell haszn\u00e1lni.<\/p>\n<p><strong>Sz\u0151l\u0151ben (bor-, csemege-)\u00a0<\/strong>a k\u00e9sz\u00edtm\u00e9nyt a fert\u0151z\u00e9svesz\u00e9lyes id\u0151szakban prevent\u00edv jelleggel, legk\u00e9s\u0151bb az els\u0151 t\u00fcnetek megjelen\u00e9sekor c\u00e9lszer\u0171 kijuttatni, \u00e9s a fert\u0151z\u00e9si nyom\u00e1st\u00f3l f\u00fcgg\u0151en c\u00e9lszer\u0171 megism\u00e9telni. J\u00e1rv\u00e1nyvesz\u00e9lyes id\u0151szakban 7, k\u00f6zepes fert\u0151z\u00e9si helyzet mellett 10, gyenge fert\u0151z\u00e9sn\u00e9l 14 napos permetez\u00e9si fordul\u00f3 javasolt.<\/p>\n<p><strong>V\u00f6r\u00f6s-, fok- \u00e9s mogyor\u00f3hagym\u00e1ban<\/strong>\u00a0a v\u00e9dekez\u00e9st el\u0151rejelz\u00e9s alapj\u00e1n, prevent\u00edven kell elkezdeni, \u00e9s a kezel\u00e9st a fert\u0151z\u00e9si viszonyokt\u00f3l f\u00fcgg\u0151en c\u00e9lszer\u0171 folytatni. A kijuttat\u00e1s sor\u00e1n a kult\u00far\u00e1ban nedves\u00edt\u0151szer haszn\u00e1lata javasolt.<\/p>\n<p><strong>Burgony\u00e1ban\u00a0<\/strong>az els\u0151 kezel\u00e9st el\u0151rejelz\u00e9s ismeret\u00e9ben a sorz\u00e1r\u00f3d\u00e1skor kell elkezdeni \u00e9s a fert\u0151z\u00e9si nyom\u00e1s ismert\u00e9ben kell megism\u00e9telni. J\u00e1rv\u00e1nyvesz\u00e9lyes id\u0151szakban 7, k\u00f6zepes fert\u0151z\u00e9si helyzet mellett 10, gyenge fert\u0151z\u00e9sn\u00e9l 14 napos permetez\u00e9si fordul\u00f3 javasolt. Altern\u00e1ri\u00e1s betegs\u00e9g ellen az els\u0151 v\u00e9dekez\u00e9sek a vir\u00e1gz\u00e1st k\u00f6vet\u0151en az els\u0151 kezdeti t\u00fcnetek megjelen\u00e9sekor javasolhat\u00f3k.<\/p>\n<p><strong>Paradicsomban, padlizs\u00e1nban, paprik\u00e1ban\u00a0<\/strong>el\u0151rejelz\u00e9sre alapozva, megel\u0151z\u0151 jelleggel vagy legk\u00e9s\u0151bb a kezdeti fert\u0151z\u00e9si t\u00fcnetek megjelen\u00e9sekor sz\u00fcks\u00e9ges v\u00e9dekezni. J\u00e1rv\u00e1nyvesz\u00e9lyes \u00e9s \u00f6nt\u00f6z\u00f6tt k\u00f6r\u00fclm\u00e9nyek mellett 7, k\u00f6zepes fert\u0151z\u00e9sn\u00e9l 10, gyenge fert\u0151z\u00e9sn\u00e9l 14 napos permetez\u00e9si fordul\u00f3 aj\u00e1nlott.<\/p>\n<p><strong>Majorann\u00e1ban, t\u00e1rkonyban \u00e9s doh\u00e1nyban\u00a0<\/strong>az els\u0151 t\u00fcnetek megjelen\u00e9sekor, illetve az id\u0151j\u00e1r\u00e1s alakul\u00e1s\u00e1t\u00f3l f\u00fcgg\u0151en kell kijuttatni. Sz\u00fcks\u00e9g eset\u00e9n a kezel\u00e9st 7-10 nap m\u00falva meg lehet ism\u00e9telni.<\/p>\n<p><strong>D\u00edszn\u00f6v\u00e9nyekben\u00a0<\/strong>a v\u00e9dekez\u00e9sek a kezdeti t\u00fcneteket k\u00f6vet\u0151en 2-3 alkalommal lehetnek indokoltak 7-14 napos permetez\u00e9si fordul\u00f3 betart\u00e1s\u00e1val. A kezel\u00e9sek el\u0151tt fitotoxicit\u00e1si pr\u00f3ba elv\u00e9gz\u00e9se aj\u00e1nlott!<\/p>\n<p align=\"justify\">Csapad\u00e9kos id\u0151ben \u00e9s \u00f6nt\u00f6z\u00e9ses termeszt\u00e9sben az egym\u00e1st k\u00f6vet\u0151 kezel\u00e9seket, r\u00f6videbb permetez\u00e9si fordul\u00f3val c\u00e9lszer\u0171 v\u00e9gezni. A permetl\u00e9 mennyis\u00e9g\u00e9t a megadott \u00e9rt\u00e9khat\u00e1rok k\u00f6z\u00f6tt a n\u00f6v\u00e9ny lombozat\u00e1nak fejletts\u00e9g\u00e9t\u0151l f\u00fcgg\u0151en kell meghat\u00e1rozni. Minden esetben t\u00f6rekedni kell az egyenletes \u00e9s teljes permetl\u00e9fed\u00e9sre, m\u00e9g a lombozat belsej\u00e9ben is.<\/p>\n<p><strong>H\u00e1zi kerti felhaszn\u00e1l\u00e1s eset\u00e9n a k\u00e9sz\u00edtm\u00e9ny kijuttat\u00e1sa 0,2%-os (20 g\/10 liter) koncentr\u00e1ci\u00f3ban javasolt.<\/strong><\/p>\n<p><strong>L\u00e9gi kijuttat\u00e1s:\u00a0<\/strong>Nem enged\u00e9lyezett<\/p>\n<p align=\"justify\"><a href=\"https:\/\/www.facebook.com\/tajkertesz\">https:\/\/www.facebook.com\/tajkertesz<\/a><\/p>\n<p align=\"justify\"><a href=\"http:\/\/www.tajkertesz.hu\">http:\/\/www.tajkertesz.hu<\/a><\/p>\n<p align=\"justify\"><a href=\"https:\/\/tajkertesz.com\/wp-content\/uploads\/2021\/11\/DithaneM45.doc\">DithaneM45<\/a><\/p>\n<h3 align=\"justify\">Kiz\u00e1r\u00f3lag szem\u00e9lyes \u00e1tv\u00e9tellel lehets\u00e9ges a term\u00e9k megv\u00e1s\u00e1rl\u00e1sa!<\/h3>\n<p align=\"justify\"><span style=\"color: #ffffff;\">A k\u00e9sz\u00edtm\u00e9nyt a gyep ny\u00edr\u00e1s\u00e1t k\u00f6vet\u0151en, a k\u00e9tszik\u0171 gyomn\u00f6v\u00e9nyek n\u00f6veked\u00e9s\u00e9nek \u00fajb\u00f3li megindul\u00e1sa ut\u00e1n kell kijuttatni 10 l\/ha (100 ml \/ 100 m2) d\u00f3zisban. A kijuttat\u00e1shoz sz\u00fcks\u00e9ges v\u00edzmennyis\u00e9g 10 l \/ 100 m2. A kezel\u00e9sn\u00e9l \u00fcgyelni kell arra, hogy a permetl\u00e9 kult\u00farn\u00f6v\u00e9nyekre ne ker\u00fclj\u00f6n, mert azokat maradand\u00f3an k\u00e1ros\u00edtja.<\/span><\/p>\n<p align=\"justify\"><span style=\"color: #ffffff;\">A k\u00e9sz\u00edtm\u00e9ny alkalmazhat\u00f3 foltkezel\u00e9s \u00e9s teljes fel\u00fcletkezel\u00e9s form\u00e1j\u00e1ban. Egy veget\u00e1ci\u00f3s szakaszban maximum k\u00e9t kezel\u00e9s v\u00e9gezhet\u0151.<\/span><\/p>\n<div align=\"justify\"><\/div>","protected":false},"excerpt":{"rendered":"<p class=\"product-detail-name\" style=\"text-align: center;\">Dithane M-45 0.25 kg<\/p>\n<div class=\"product-detail-title-after\">\n<div class=\"product-detail-manufacturer-wrap\"><\/div>\n<\/div>","protected":false},"featured_media":11778,"template":"","meta":{"_et_pb_use_builder":"","_et_pb_old_content":"","_et_gb_content_width":""},"product_brand":[],"product_cat":[3421],"product_tag":[3439],"class_list":{"0":"post-11777","1":"product","2":"type-product","3":"status-publish","4":"has-post-thumbnail","6":"product_cat-gombaolo-szer","7":"product_tag-dithane-m-45-0-25-kg","9":"first","10":"outofstock","11":"shipping-taxable","12":"product-type-simple"},"yoast_head":"<!-- This site is optimized with the Yoast SEO plugin v27.5 - https:\/\/yoast.com\/product\/yoast-seo-wordpress\/ -->\n<title>Dithane M-45 0.25 kg - T\u00e1jkert\u00e9sz<\/title>\n<meta name=\"description\" content=\"Dithane M-45 0.25 kg\" \/>\n<meta name=\"robots\" content=\"index, follow, max-snippet:-1, max-image-preview:large, max-video-preview:-1\" \/>\n<link rel=\"canonical\" href=\"https:\/\/tajkertesz.com\/en_US\/product\/dithane-m-45-0-25-kg\/\" \/>\n<meta property=\"og:locale\" content=\"en_US\" \/>\n<meta property=\"og:type\" content=\"article\" \/>\n<meta property=\"og:title\" content=\"Dithane M-45 0.25 kg - T\u00e1jkert\u00e9sz\" \/>\n<meta property=\"og:description\" content=\"Dithane M-45 0.25 kg\" \/>\n<meta property=\"og:url\" content=\"https:\/\/tajkertesz.com\/en_US\/product\/dithane-m-45-0-25-kg\/\" \/>\n<meta property=\"og:site_name\" content=\"T\u00e1jkert\u00e9sz\" \/>\n<meta property=\"article:publisher\" content=\"https:\/\/www.facebook.com\/Tajkertesz\/\" \/>\n<meta property=\"article:modified_time\" content=\"2022-09-22T11:15:29+00:00\" \/>\n<meta property=\"og:image\" content=\"https:\/\/tajkertesz.com\/wp-content\/uploads\/2021\/11\/dithanes_M45.jpg\" \/>\n\t<meta property=\"og:image:width\" content=\"600\" \/>\n\t<meta property=\"og:image:height\" content=\"800\" \/>\n\t<meta property=\"og:image:type\" content=\"image\/jpeg\" \/>\n<meta name=\"twitter:card\" content=\"summary_large_image\" \/>\n<meta name=\"twitter:label1\" content=\"Est. reading time\" \/>\n\t<meta name=\"twitter:data1\" content=\"3 minutes\" \/>\n<script type=\"application\/ld+json\" class=\"yoast-schema-graph\">{\"@context\":\"https:\\\/\\\/schema.org\",\"@graph\":[{\"@type\":\"WebPage\",\"@id\":\"https:\\\/\\\/tajkertesz.com\\\/termek\\\/dithane-m-45-0-25-kg\\\/\",\"url\":\"https:\\\/\\\/tajkertesz.com\\\/termek\\\/dithane-m-45-0-25-kg\\\/\",\"name\":\"Dithane M-45 0.25 kg - T\u00e1jkert\u00e9sz\",\"isPartOf\":{\"@id\":\"https:\\\/\\\/tajkertesz.com\\\/#website\"},\"primaryImageOfPage\":{\"@id\":\"https:\\\/\\\/tajkertesz.com\\\/termek\\\/dithane-m-45-0-25-kg\\\/#primaryimage\"},\"image\":{\"@id\":\"https:\\\/\\\/tajkertesz.com\\\/termek\\\/dithane-m-45-0-25-kg\\\/#primaryimage\"},\"thumbnailUrl\":\"https:\\\/\\\/tajkertesz.com\\\/wp-content\\\/uploads\\\/2021\\\/11\\\/dithanes_M45.jpg\",\"datePublished\":\"2021-11-26T11:07:30+00:00\",\"dateModified\":\"2022-09-22T11:15:29+00:00\",\"description\":\"Dithane M-45 0.25 kg\",\"breadcrumb\":{\"@id\":\"https:\\\/\\\/tajkertesz.com\\\/termek\\\/dithane-m-45-0-25-kg\\\/#breadcrumb\"},\"inLanguage\":\"en-US\",\"potentialAction\":[{\"@type\":\"ReadAction\",\"target\":[\"https:\\\/\\\/tajkertesz.com\\\/termek\\\/dithane-m-45-0-25-kg\\\/\"]}]},{\"@type\":\"ImageObject\",\"inLanguage\":\"en-US\",\"@id\":\"https:\\\/\\\/tajkertesz.com\\\/termek\\\/dithane-m-45-0-25-kg\\\/#primaryimage\",\"url\":\"https:\\\/\\\/tajkertesz.com\\\/wp-content\\\/uploads\\\/2021\\\/11\\\/dithanes_M45.jpg\",\"contentUrl\":\"https:\\\/\\\/tajkertesz.com\\\/wp-content\\\/uploads\\\/2021\\\/11\\\/dithanes_M45.jpg\",\"width\":600,\"height\":800},{\"@type\":\"BreadcrumbList\",\"@id\":\"https:\\\/\\\/tajkertesz.com\\\/termek\\\/dithane-m-45-0-25-kg\\\/#breadcrumb\",\"itemListElement\":[{\"@type\":\"ListItem\",\"position\":1,\"name\":\"Home\",\"item\":\"https:\\\/\\\/tajkertesz.com\\\/\"},{\"@type\":\"ListItem\",\"position\":2,\"name\":\"Kezd\u0151lap\",\"item\":\"https:\\\/\\\/tajkertesz.com\\\/\"},{\"@type\":\"ListItem\",\"position\":3,\"name\":\"Dithane M-45 0.25 kg\"}]},{\"@type\":\"WebSite\",\"@id\":\"https:\\\/\\\/tajkertesz.com\\\/#website\",\"url\":\"https:\\\/\\\/tajkertesz.com\\\/\",\"name\":\"T\u00e1j-Kert\u00e9sz 84 Kft.\",\"description\":\"Kert\u00e9szeti kis- \u00e9s nagykeresked\u00e9s, D\u00edszn\u00f6v\u00e9ny web\u00e1ruh\u00e1z orsz\u00e1gos h\u00e1zhozsz\u00e1ll\u00edt\u00e1ssal!\",\"publisher\":{\"@id\":\"https:\\\/\\\/tajkertesz.com\\\/#organization\"},\"potentialAction\":[{\"@type\":\"SearchAction\",\"target\":{\"@type\":\"EntryPoint\",\"urlTemplate\":\"https:\\\/\\\/tajkertesz.com\\\/?s={search_term_string}\"},\"query-input\":{\"@type\":\"PropertyValueSpecification\",\"valueRequired\":true,\"valueName\":\"search_term_string\"}}],\"inLanguage\":\"en-US\"},{\"@type\":\"Organization\",\"@id\":\"https:\\\/\\\/tajkertesz.com\\\/#organization\",\"name\":\"T\u00e1j-Kert\u00e9sz 84 Kft.\",\"url\":\"https:\\\/\\\/tajkertesz.com\\\/\",\"logo\":{\"@type\":\"ImageObject\",\"inLanguage\":\"en-US\",\"@id\":\"https:\\\/\\\/tajkertesz.com\\\/#\\\/schema\\\/logo\\\/image\\\/\",\"url\":\"https:\\\/\\\/tajkertesz.com\\\/wp-content\\\/uploads\\\/2018\\\/02\\\/logo-2-e1518678052539.png\",\"contentUrl\":\"https:\\\/\\\/tajkertesz.com\\\/wp-content\\\/uploads\\\/2018\\\/02\\\/logo-2-e1518678052539.png\",\"width\":81,\"height\":140,\"caption\":\"T\u00e1j-Kert\u00e9sz 84 Kft.\"},\"image\":{\"@id\":\"https:\\\/\\\/tajkertesz.com\\\/#\\\/schema\\\/logo\\\/image\\\/\"},\"sameAs\":[\"https:\\\/\\\/www.facebook.com\\\/Tajkertesz\\\/\"]}]}<\/script>\n<!-- \/ Yoast SEO plugin. -->","yoast_head_json":{"title":"Dithane M-45 0.25 kg - T\u00e1jkert\u00e9sz","description":"Dithane M-45 0.25 kg","robots":{"index":"index","follow":"follow","max-snippet":"max-snippet:-1","max-image-preview":"max-image-preview:large","max-video-preview":"max-video-preview:-1"},"canonical":"https:\/\/tajkertesz.com\/en_US\/product\/dithane-m-45-0-25-kg\/","og_locale":"en_US","og_type":"article","og_title":"Dithane M-45 0.25 kg - T\u00e1jkert\u00e9sz","og_description":"Dithane M-45 0.25 kg","og_url":"https:\/\/tajkertesz.com\/en_US\/product\/dithane-m-45-0-25-kg\/","og_site_name":"T\u00e1jkert\u00e9sz","article_publisher":"https:\/\/www.facebook.com\/Tajkertesz\/","article_modified_time":"2022-09-22T11:15:29+00:00","og_image":[{"width":600,"height":800,"url":"https:\/\/tajkertesz.com\/wp-content\/uploads\/2021\/11\/dithanes_M45.jpg","type":"image\/jpeg"}],"twitter_card":"summary_large_image","twitter_misc":{"Est. reading time":"3 minutes"},"schema":{"@context":"https:\/\/schema.org","@graph":[{"@type":"WebPage","@id":"https:\/\/tajkertesz.com\/termek\/dithane-m-45-0-25-kg\/","url":"https:\/\/tajkertesz.com\/termek\/dithane-m-45-0-25-kg\/","name":"Dithane M-45 0.25 kg - T\u00e1jkert\u00e9sz","isPartOf":{"@id":"https:\/\/tajkertesz.com\/#website"},"primaryImageOfPage":{"@id":"https:\/\/tajkertesz.com\/termek\/dithane-m-45-0-25-kg\/#primaryimage"},"image":{"@id":"https:\/\/tajkertesz.com\/termek\/dithane-m-45-0-25-kg\/#primaryimage"},"thumbnailUrl":"https:\/\/tajkertesz.com\/wp-content\/uploads\/2021\/11\/dithanes_M45.jpg","datePublished":"2021-11-26T11:07:30+00:00","dateModified":"2022-09-22T11:15:29+00:00","description":"Dithane M-45 0.25 kg","breadcrumb":{"@id":"https:\/\/tajkertesz.com\/termek\/dithane-m-45-0-25-kg\/#breadcrumb"},"inLanguage":"en-US","potentialAction":[{"@type":"ReadAction","target":["https:\/\/tajkertesz.com\/termek\/dithane-m-45-0-25-kg\/"]}]},{"@type":"ImageObject","inLanguage":"en-US","@id":"https:\/\/tajkertesz.com\/termek\/dithane-m-45-0-25-kg\/#primaryimage","url":"https:\/\/tajkertesz.com\/wp-content\/uploads\/2021\/11\/dithanes_M45.jpg","contentUrl":"https:\/\/tajkertesz.com\/wp-content\/uploads\/2021\/11\/dithanes_M45.jpg","width":600,"height":800},{"@type":"BreadcrumbList","@id":"https:\/\/tajkertesz.com\/termek\/dithane-m-45-0-25-kg\/#breadcrumb","itemListElement":[{"@type":"ListItem","position":1,"name":"Home","item":"https:\/\/tajkertesz.com\/"},{"@type":"ListItem","position":2,"name":"Kezd\u0151lap","item":"https:\/\/tajkertesz.com\/"},{"@type":"ListItem","position":3,"name":"Dithane M-45 0.25 kg"}]},{"@type":"WebSite","@id":"https:\/\/tajkertesz.com\/#website","url":"https:\/\/tajkertesz.com\/","name":"T\u00e1j-Kert\u00e9sz 84 Kft.","description":"Kert\u00e9szeti kis- \u00e9s nagykeresked\u00e9s, D\u00edszn\u00f6v\u00e9ny web\u00e1ruh\u00e1z orsz\u00e1gos h\u00e1zhozsz\u00e1ll\u00edt\u00e1ssal!","publisher":{"@id":"https:\/\/tajkertesz.com\/#organization"},"potentialAction":[{"@type":"SearchAction","target":{"@type":"EntryPoint","urlTemplate":"https:\/\/tajkertesz.com\/?s={search_term_string}"},"query-input":{"@type":"PropertyValueSpecification","valueRequired":true,"valueName":"search_term_string"}}],"inLanguage":"en-US"},{"@type":"Organization","@id":"https:\/\/tajkertesz.com\/#organization","name":"T\u00e1j-Kert\u00e9sz 84 Kft.","url":"https:\/\/tajkertesz.com\/","logo":{"@type":"ImageObject","inLanguage":"en-US","@id":"https:\/\/tajkertesz.com\/#\/schema\/logo\/image\/","url":"https:\/\/tajkertesz.com\/wp-content\/uploads\/2018\/02\/logo-2-e1518678052539.png","contentUrl":"https:\/\/tajkertesz.com\/wp-content\/uploads\/2018\/02\/logo-2-e1518678052539.png","width":81,"height":140,"caption":"T\u00e1j-Kert\u00e9sz 84 Kft."},"image":{"@id":"https:\/\/tajkertesz.com\/#\/schema\/logo\/image\/"},"sameAs":["https:\/\/www.facebook.com\/Tajkertesz\/"]}]}},"_links":{"self":[{"href":"https:\/\/tajkertesz.com\/en_US\/wp-json\/wp\/v2\/product\/11777","targetHints":{"allow":["GET"]}}],"collection":[{"href":"https:\/\/tajkertesz.com\/en_US\/wp-json\/wp\/v2\/product"}],"about":[{"href":"https:\/\/tajkertesz.com\/en_US\/wp-json\/wp\/v2\/types\/product"}],"wp:featuredmedia":[{"embeddable":true,"href":"https:\/\/tajkertesz.com\/en_US\/wp-json\/wp\/v2\/media\/11778"}],"wp:attachment":[{"href":"https:\/\/tajkertesz.com\/en_US\/wp-json\/wp\/v2\/media?parent=11777"}],"wp:term":[{"taxonomy":"product_brand","embeddable":true,"href":"https:\/\/tajkertesz.com\/en_US\/wp-json\/wp\/v2\/product_brand?post=11777"},{"taxonomy":"product_cat","embeddable":true,"href":"https:\/\/tajkertesz.com\/en_US\/wp-json\/wp\/v2\/product_cat?post=11777"},{"taxonomy":"product_tag","embeddable":true,"href":"https:\/\/tajkertesz.com\/en_US\/wp-json\/wp\/v2\/product_tag?post=11777"}],"curies":[{"name":"wp","href":"https:\/\/api.w.org\/{rel}","templated":true}]}}