{"id":11783,"date":"2021-11-26T11:15:22","date_gmt":"2021-11-26T11:15:22","guid":{"rendered":"https:\/\/tajkertesz.com\/?post_type=product&#038;p=11783"},"modified":"2026-02-18T15:37:22","modified_gmt":"2026-02-18T15:37:22","slug":"teldor-texio-500-sc-10-ml","status":"publish","type":"product","link":"https:\/\/tajkertesz.com\/en_US\/product\/teldor-texio-500-sc-10-ml\/","title":{"rendered":"Teldor\/Texio 500 SC 10 ml"},"content":{"rendered":"<h1 class=\"product-detail-name\">Teldor\/Texio 500 SC 10 ml<\/h1>\n<p class=\"product-detail-name\">Teldor\/Texio 500 SC 10 ml<\/p>\n<div class=\"product-short-description\"><\/div>\n<div class=\"product-detail-title-after\">\n<div class=\"product-detail-manufacturer-wrap\"><\/div>\n<\/div>\n<p>A Teldor a sz\u00fcrkepen\u00e9szes \u00e9s mon\u00edli\u00e1s term\u00e9srothad\u00e1s elleni gomba\u00f6l\u0151 szer. A fenhexamid hat\u00f3anyag egyedi k\u00e9miai fel\u00e9p\u00edt\u00e9se egyed\u00fcl\u00e1ll\u00f3 hat\u00e1ssal ruh\u00e1zza fel a botritisz elleni k\u00fczdelemben. A kiv\u00e9telesen hossz\u00fa hat\u00e1startam, a r\u00e9szleges felsz\u00edv\u00f3d\u00e1s, a h\u0151m\u00e9rs\u00e9klett\u0151l val\u00f3 f\u00fcggetlen hat\u00e1s, a must \u00e9s a bor min\u0151s\u00e9gront\u00f3 gombaenzim jelenl\u00e9t\u00e9nek megsz\u00fcntet\u00e9se emeli a Teldort e harc \u00e9lvonal\u00e1ba.<\/p>\n<p>ALKALMAZ\u00c1S:<\/p>\n<p>Csemege- \u00e9s borsz\u0151l\u0151ben a f\u00fcrtz\u00e1r\u00f3d\u00e1s el\u0151tt \u00e9s a zsend\u00fcl\u00e9s, \u00e9r\u00e9s id\u0151szak\u00e1ban megel\u0151z\u0151 m\u00f3don kell felhaszn\u00e1lni.<\/p>\n<p>Szam\u00f3c\u00e1ban \u00e9s m\u00e1ln\u00e1ban a vir\u00e1gz\u00e1s- term\u00e9sn\u00f6veked\u00e9s id\u0151szak\u00e1ban v\u00e9dekez\u00fcnk. 20%-os vir\u00e1gz\u00e1sban, teljes vir\u00e1gz\u00e1sban \u00e9s 80%-os elvir\u00e1gz\u00e1skor mindenk\u00e9ppen kezelj\u00fck.<\/p>\n<p>Csonth\u00e9jasokban mon\u00edli\u00e1s vir\u00e1g- \u00e9s hajt\u00e1ssz\u00e1rad\u00e1s ellen a bimb\u00f3s \u00e1llapot v\u00e9g\u00e9n, vir\u00e1gz\u00e1s kezdet\u00e9n kezdj\u00fcnk v\u00e9dekezni \u00e9s teljes vir\u00e1gz\u00e1sban ism\u00e9telj\u00fck meg. Term\u00e9srothad\u00e1s ellen a term\u00e9s\u00e9r\u00e9s el\u0151tt haszn\u00e1lhat\u00f3.<\/p>\n<p>Hajtatott ubork\u00e1ban az intenz\u00edv hajt\u00e1sn\u00f6veked\u00e9s idej\u00e9n, hajtatott \u00e9s szabadf\u00f6ldi paradicsomban a vir\u00e1gz\u00e1si \u00e9s bogy\u00f3n\u00f6veked\u00e9si id\u0151szakban 7-10 naponk\u00e9nt permetezz\u00fcnk.<\/p>\n<p>Hajtatott sal\u00e1t\u00e1ban sz\u00fcrke- \u00e9s feh\u00e9rpen\u00e9szes rothad\u00e1s ellen a kezel\u00e9seket m\u00e1r pal\u00e1ntanevel\u00e9skor el kell kezdeni. \u00c1llom\u00e1nyban a kezel\u00e9seket a fejesed\u00e9s v\u00e9g\u00e9ig, 7-10 naponk\u00e9nt javasolt ism\u00e9telni.<\/p>\n<p>A kijuttat\u00e1s sor\u00e1n a permetl\u00e9 mennyis\u00e9g\u00e9t a lombfel\u00fclet nagys\u00e1g\u00e1t\u00f3l, a m\u0171vel\u00e9sm\u00f3dt\u00f3l \u00e9s az alkalmazott n\u00f6v\u00e9nyv\u00e9delmi g\u00e9p t\u00edpus\u00e1t\u00f3l f\u00fcgg\u0151en kell megv\u00e1lasztani, amely a hajtat\u00e1sban a hat\u00e9kony koncentr\u00e1ci\u00f3 megtart\u00e1s\u00e1val ? a megfoly\u00e1s elker\u00fcl\u00e9se \u00e9s a megfelel\u0151 fedetts\u00e9g \u00e9rdek\u00e9ben ? a javasolt \u00e9rt\u00e9kekt\u0151l elt\u00e9r\u0151 is lehet.<\/p>\n<p>D\u00d3ZIS:<\/p>\n<p>Sz\u0151l\u0151<br \/>\nK\u00e1ros\u00edt\u00f3: sz\u00fcrkepen\u00e9sz<br \/>\nD\u00f3zis (l\/ha vagy kg\/ha): 0,75-1,0 l\/ha<br \/>\nKezel\u00e9sek max. sz\u00e1ma\/szezon: 3<br \/>\nK\u00e9t kezel\u00e9s k\u00f6z\u00f6tt eltelt min. id\u0151 (nap): 7<br \/>\nPermetl\u00e9 (l\/ha): 600-1000<br \/>\nAz utols\u00f3 kezel\u00e9s fenost\u00e1diuma: \u00e9r\u00e9s (BBCH 85)<\/p>\n<p>Sz\u0151l\u0151 (borsz\u0151l\u0151, \u00fcltetv\u00e9ny)<br \/>\nK\u00e1ros\u00edt\u00f3: sz\u00fcrkepen\u00e9sz<br \/>\nD\u00f3zis (l\/ha vagy kg\/ha): 0,75-1,0 l\/ha<br \/>\nKezel\u00e9sek max. sz\u00e1ma\/szezon: 3<br \/>\nK\u00e9t kezel\u00e9s k\u00f6z\u00f6tt eltelt min. id\u0151 (nap): 7<br \/>\nPermetl\u00e9 (l\/ha): 600-1000<br \/>\nAz utols\u00f3 kezel\u00e9s fenost\u00e1diuma: \u00e9r\u00e9s (BBCH 85)<\/p>\n<p>Sz\u0151l\u0151 (csemege, \u00fcltetv\u00e9ny)<br \/>\nK\u00e1ros\u00edt\u00f3: sz\u00fcrkepen\u00e9sz<br \/>\nD\u00f3zis (l\/ha vagy kg\/ha): 0,75-1,0 l\/ha<br \/>\nKezel\u00e9sek max. sz\u00e1ma\/szezon: 3<br \/>\nK\u00e9t kezel\u00e9s k\u00f6z\u00f6tt eltelt min. id\u0151 (nap): 7<br \/>\nPermetl\u00e9 (l\/ha): 600-1000<br \/>\nAz utols\u00f3 kezel\u00e9s fenost\u00e1diuma: \u00e9r\u00e9s (BBCH 85)<\/p>\n<p>Sz\u0151l\u0151 (alany, szapor\u00edt\u00f3 anyag el\u0151\u00e1ll\u00edt\u00e1s)<br \/>\nK\u00e1ros\u00edt\u00f3: sz\u00fcrkepen\u00e9sz<br \/>\nD\u00f3zis (l\/ha vagy kg\/ha): 0,75-1,0 l\/ha<br \/>\nKezel\u00e9sek max. sz\u00e1ma\/szezon: 3<br \/>\nK\u00e9t kezel\u00e9s k\u00f6z\u00f6tt eltelt min. id\u0151 (nap): 7<br \/>\nPermetl\u00e9 (l\/ha): 600-1000<br \/>\nAz utols\u00f3 kezel\u00e9s fenost\u00e1diuma: \u00e9r\u00e9s (BBCH 85)<\/p>\n<p>Sz\u0151l\u0151 (sz\u0151l\u0151iskola, szapor\u00edt\u00f3 anyag el\u0151\u00e1ll\u00edt\u00e1s)<br \/>\nK\u00e1ros\u00edt\u00f3: sz\u00fcrkepen\u00e9sz<br \/>\nD\u00f3zis (l\/ha vagy kg\/ha): 0,75-1,0 l\/ha<br \/>\nKezel\u00e9sek max. sz\u00e1ma\/szezon: 3<br \/>\nK\u00e9t kezel\u00e9s k\u00f6z\u00f6tt eltelt min. id\u0151 (nap): 7<br \/>\nPermetl\u00e9 (l\/ha): 600-1000<br \/>\nAz utols\u00f3 kezel\u00e9s fenost\u00e1diuma: \u00e9r\u00e9s (BBCH 85)<\/p>\n<p>M\u00e1lna<br \/>\nK\u00e1ros\u00edt\u00f3: sz\u00fcrkepen\u00e9sz<br \/>\nD\u00f3zis (l\/ha vagy kg\/ha): 1,0 l\/ha<br \/>\nKezel\u00e9sek max. sz\u00e1ma\/szezon: 3<br \/>\nK\u00e9t kezel\u00e9s k\u00f6z\u00f6tt eltelt min. id\u0151 (nap): 7<br \/>\nPermetl\u00e9 (l\/ha): 500-600<br \/>\nAz utols\u00f3 kezel\u00e9s fenost\u00e1diuma: \u00e9r\u00e9s (BBCH 85)<\/p>\n<p>Szam\u00f3ca (eper, z\u00e1rt termeszt\u0151berendez\u00e9sben, hajtatott)<br \/>\nK\u00e1ros\u00edt\u00f3: sz\u00fcrkepen\u00e9sz<br \/>\nD\u00f3zis (l\/ha vagy kg\/ha): 1,0 l\/ha<br \/>\nKezel\u00e9sek max. sz\u00e1ma\/szezon: 3<br \/>\nK\u00e9t kezel\u00e9s k\u00f6z\u00f6tt eltelt min. id\u0151 (nap): 7<br \/>\nPermetl\u00e9 (l\/ha): 500-600<br \/>\nAz utols\u00f3 kezel\u00e9s fenost\u00e1diuma: \u00e9r\u00e9s (BBCH 85)<\/p>\n<p>Szam\u00f3ca (eper, szabadf\u00f6ldi)<br \/>\nK\u00e1ros\u00edt\u00f3: sz\u00fcrkepen\u00e9sz<br \/>\nD\u00f3zis (l\/ha vagy kg\/ha): 1,0 l\/ha<br \/>\nKezel\u00e9sek max. sz\u00e1ma\/szezon: 3<br \/>\nK\u00e9t kezel\u00e9s k\u00f6z\u00f6tt eltelt min. id\u0151 (nap): 7<br \/>\nPermetl\u00e9 (l\/ha): 500-600<br \/>\nAz utols\u00f3 kezel\u00e9s fenost\u00e1diuma: \u00e9r\u00e9s (BBCH 85)<\/p>\n<p>Cseresznye (\u00fcltetv\u00e9ny)<br \/>\nK\u00e1ros\u00edt\u00f3: mon\u00edli\u00e1s term\u00e9srothad\u00e1s, mon\u00edli\u00e1s vir\u00e1g- \u00e9s hajt\u00e1s-sz\u00e1rad\u00e1s, kolletotrichumos term\u00e9srothad\u00e1s<br \/>\nD\u00f3zis (l\/ha vagy kg\/ha): 1,0 l\/ha<br \/>\nKezel\u00e9sek max. sz\u00e1ma\/szezon: 3<br \/>\nK\u00e9t kezel\u00e9s k\u00f6z\u00f6tt eltelt min. id\u0151 (nap): 7<br \/>\nPermetl\u00e9 (l\/ha): 800-1200<br \/>\nAz utols\u00f3 kezel\u00e9s fenost\u00e1diuma: \u00e9r\u00e9s (BBCH 85)<\/p>\n<p>Kajszibarack (s\u00e1rgabarack, \u00fcltetv\u00e9ny)<br \/>\nK\u00e1ros\u00edt\u00f3: mon\u00edli\u00e1s term\u00e9srothad\u00e1s, mon\u00edli\u00e1s vir\u00e1g- \u00e9s hajt\u00e1s-sz\u00e1rad\u00e1s, kolletotrichumos term\u00e9srothad\u00e1s<br \/>\nD\u00f3zis (l\/ha vagy kg\/ha): 1,0 l\/ha<br \/>\nKezel\u00e9sek max. sz\u00e1ma\/szezon: 3<br \/>\nK\u00e9t kezel\u00e9s k\u00f6z\u00f6tt eltelt min. id\u0151 (nap): 7<br \/>\nPermetl\u00e9 (l\/ha): 800-1200<br \/>\nAz utols\u00f3 kezel\u00e9s fenost\u00e1diuma: \u00e9r\u00e9s (BBCH 85)<\/p>\n<p>Meggy (\u00fcltetv\u00e9ny)<br \/>\nK\u00e1ros\u00edt\u00f3: mon\u00edli\u00e1s term\u00e9srothad\u00e1s, mon\u00edli\u00e1s vir\u00e1g- \u00e9s hajt\u00e1s-sz\u00e1rad\u00e1s, kolletotrichumos term\u00e9srothad\u00e1s<br \/>\nD\u00f3zis (l\/ha vagy kg\/ha): 1,0 l\/ha<br \/>\nKezel\u00e9sek max. sz\u00e1ma\/szezon: 3<br \/>\nK\u00e9t kezel\u00e9s k\u00f6z\u00f6tt eltelt min. id\u0151 (nap): 7<br \/>\nPermetl\u00e9 (l\/ha): 800-1200<br \/>\nAz utols\u00f3 kezel\u00e9s fenost\u00e1diuma: \u00e9r\u00e9s (BBCH 85)<\/p>\n<p>\u0150szibarack (\u00fcltetv\u00e9ny)<br \/>\nK\u00e1ros\u00edt\u00f3: mon\u00edli\u00e1s term\u00e9srothad\u00e1s, mon\u00edli\u00e1s vir\u00e1g- \u00e9s hajt\u00e1s-sz\u00e1rad\u00e1s, kolletotrichumos term\u00e9srothad\u00e1s<br \/>\nD\u00f3zis (l\/ha vagy kg\/ha): 1,0 l\/ha<br \/>\nKezel\u00e9sek max. sz\u00e1ma\/szezon: 3<br \/>\nK\u00e9t kezel\u00e9s k\u00f6z\u00f6tt eltelt min. id\u0151 (nap): 7<br \/>\nPermetl\u00e9 (l\/ha): 800-1200<br \/>\nAz utols\u00f3 kezel\u00e9s fenost\u00e1diuma: \u00e9r\u00e9s (BBCH 85)<\/p>\n<p>Szilva (\u00fcltetv\u00e9ny)<br \/>\nK\u00e1ros\u00edt\u00f3: mon\u00edli\u00e1s term\u00e9srothad\u00e1s, mon\u00edli\u00e1s vir\u00e1g- \u00e9s hajt\u00e1s-sz\u00e1rad\u00e1s, kolletotrichumos term\u00e9srothad\u00e1s<br \/>\nD\u00f3zis (l\/ha vagy kg\/ha): 1,0 l\/ha<br \/>\nKezel\u00e9sek max. sz\u00e1ma\/szezon: 3<br \/>\nK\u00e9t kezel\u00e9s k\u00f6z\u00f6tt eltelt min. id\u0151 (nap): 7<br \/>\nPermetl\u00e9 (l\/ha): 800-1200<br \/>\nAz utols\u00f3 kezel\u00e9s fenost\u00e1diuma: \u00e9r\u00e9s (BBCH 85)<\/p>\n<p>Paradicsom (szabadf\u00f6ldi, magr\u00f3l vetett)<br \/>\nK\u00e1ros\u00edt\u00f3: sz\u00fcrkepen\u00e9sz<br \/>\nD\u00f3zis (l\/ha vagy kg\/ha): 1,0 l\/ha<br \/>\nKezel\u00e9sek max. sz\u00e1ma\/szezon: 3<br \/>\nK\u00e9t kezel\u00e9s k\u00f6z\u00f6tt eltelt min. id\u0151 (nap): 7<br \/>\nPermetl\u00e9 (l\/ha): 400-800 (0,15-0,25%)<br \/>\nAz utols\u00f3 kezel\u00e9s fenost\u00e1diuma: \u00e9r\u00e9s (BBCH 85)<\/p>\n<p>Paradicsom (szabadf\u00f6ldi, pal\u00e1nt\u00e1zott)<br \/>\nK\u00e1ros\u00edt\u00f3: sz\u00fcrkepen\u00e9sz<br \/>\nD\u00f3zis (l\/ha vagy kg\/ha): 1,0 l\/ha<br \/>\nKezel\u00e9sek max. sz\u00e1ma\/szezon: 3<br \/>\nK\u00e9t kezel\u00e9s k\u00f6z\u00f6tt eltelt min. id\u0151 (nap): 7<br \/>\nPermetl\u00e9 (l\/ha): 400-800 (0,15-0,25%)<br \/>\nAz utols\u00f3 kezel\u00e9s fenost\u00e1diuma: \u00e9r\u00e9s (BBCH 85)<\/p>\n<p>Paradicsom (z\u00e1rt termeszt\u0151berendez\u00e9sben, hajtatott)<br \/>\nK\u00e1ros\u00edt\u00f3: sz\u00fcrkepen\u00e9sz<br \/>\nD\u00f3zis (l\/ha vagy kg\/ha): 1,0 l\/ha<br \/>\nKezel\u00e9sek max. sz\u00e1ma\/szezon: 3<br \/>\nK\u00e9t kezel\u00e9s k\u00f6z\u00f6tt eltelt min. id\u0151 (nap): 7<br \/>\nPermetl\u00e9 (l\/ha): 400-800 (0,15-0,25%)<br \/>\nAz utols\u00f3 kezel\u00e9s fenost\u00e1diuma: \u00e9r\u00e9s (BBCH 85)<\/p>\n<p>Uborka (z\u00e1rt termeszt\u0151berendez\u00e9sben, hajtatott)<br \/>\nK\u00e1ros\u00edt\u00f3: sz\u00fcrkepen\u00e9sz<br \/>\nD\u00f3zis (l\/ha vagy kg\/ha): 1,0 l\/ha<br \/>\nKezel\u00e9sek max. sz\u00e1ma\/szezon: 3<br \/>\nK\u00e9t kezel\u00e9s k\u00f6z\u00f6tt eltelt min. id\u0151 (nap): 7<br \/>\nPermetl\u00e9 (l\/ha): 400-800 (0,15-0,25%)<br \/>\nAz utols\u00f3 kezel\u00e9s fenost\u00e1diuma: intenz\u00edv hajt\u00e1s-n\u00f6veked\u00e9s (BBCH 88)<\/p>\n<p>Fejes sal\u00e1ta (z\u00e1rt termeszt\u0151berendez\u00e9sben, hajtatott)<br \/>\nK\u00e1ros\u00edt\u00f3: sz\u00fcrke- \u00e9s feh\u00e9rpen\u00e9sz<br \/>\nD\u00f3zis (l\/ha vagy kg\/ha): 1,0 l\/ha<br \/>\nKijuttat\u00e1shoz sz\u00fcks\u00e9ges szer mennyis\u00e9ge<br \/>\n(l\/ha vagy kg\/ha): 400-600 l\/ha<br \/>\nKezel\u00e9sek max. sz\u00e1ma\/szezon: 3<br \/>\nK\u00e9t kezel\u00e9s k\u00f6z\u00f6tt eltelt min. id\u0151 (nap): 7<br \/>\nPermetl\u00e9 (l\/ha): 400-600<br \/>\nAz utols\u00f3 kezel\u00e9s fenost\u00e1diuma: fejesed\u00e9s v\u00e9ge (BBCH 88)<\/p>\n<p>Munkaeg\u00e9szs\u00e9g\u00fcgyi v\u00e1rakoz\u00e1si id\u0151: 0 nap<\/p>\n<p>\u00c9lelmez\u00e9s-eg\u00e9szs\u00e9g\u00fcgyi v\u00e1rakoz\u00e1si id\u0151:<\/p>\n<p>uborka 1 nap,<br \/>\nszam\u00f3ca, cseresznye, meggy, \u0151szibarack, kajszibarack, szilva, paradicsom, sal\u00e1ta 3 nap,<br \/>\ncsemegesz\u0151l\u0151, m\u00e1lna 7 nap,<br \/>\nborsz\u0151l\u0151 14 nap<\/p>\n<p align=\"justify\"><a href=\"http:\/\/www.tajkertesz.hu\">http:\/\/www.tajkertesz.hu<\/a><\/p>\n<p align=\"justify\"><a href=\"https:\/\/www.facebook.com\/tajkertesz\">https:\/\/www.facebook.com\/tajkertesz<\/a><\/p>\n<p align=\"justify\"><a href=\"https:\/\/tajkertesz.com\/wp-content\/uploads\/2021\/11\/Teldor500SC.doc\">Teldor500SC<\/a><\/p>\n<h3 align=\"justify\">Kiz\u00e1r\u00f3lag szem\u00e9lyes \u00e1tv\u00e9tellel lehets\u00e9ges a term\u00e9k megv\u00e1s\u00e1rl\u00e1sa!<\/h3>\n<p align=\"justify\"><span style=\"color: #ffffff;\">A k\u00e9sz\u00edtm\u00e9nyt a gyep ny\u00edr\u00e1s\u00e1t k\u00f6vet\u0151en, a k\u00e9tszik\u0171 gyomn\u00f6v\u00e9nyek n\u00f6veked\u00e9s\u00e9nek \u00fajb\u00f3li megindul\u00e1sa ut\u00e1n kell kijuttatni 10 l\/ha (100 ml \/ 100 m2) d\u00f3zisban. A kijuttat\u00e1shoz sz\u00fcks\u00e9ges v\u00edzmennyis\u00e9g 10 l \/ 100 m2. A kezel\u00e9sn\u00e9l \u00fcgyelni kell arra, hogy a permetl\u00e9 kult\u00farn\u00f6v\u00e9nyekre ne ker\u00fclj\u00f6n, mert azokat maradand\u00f3an k\u00e1ros\u00edtja.<\/span><\/p>\n<p align=\"justify\"><span style=\"color: #ffffff;\">A k\u00e9sz\u00edtm\u00e9ny alkalmazhat\u00f3 foltkezel\u00e9s \u00e9s teljes fel\u00fcletkezel\u00e9s form\u00e1j\u00e1ban. Egy veget\u00e1ci\u00f3s szakaszban maximum k\u00e9t kezel\u00e9s v\u00e9gezhet\u0151.<\/span><\/p>\n<div align=\"justify\"><\/div>","protected":false},"excerpt":{"rendered":"<p class=\"product-detail-name\" style=\"text-align: center;\">Teldor\/Texio 500 SC 10 ml<\/p>\n<div class=\"product-short-description\"><\/div>\n<div class=\"product-detail-title-after\">\n<div class=\"product-detail-manufacturer-wrap\"><\/div>\n<\/div>","protected":false},"featured_media":11784,"template":"","meta":{"_et_pb_use_builder":"","_et_pb_old_content":"","_et_gb_content_width":""},"product_brand":[],"product_cat":[3421],"product_tag":[4740,4332,3441],"class_list":{"0":"post-11783","1":"product","2":"type-product","3":"status-publish","4":"has-post-thumbnail","6":"product_cat-gombaolo-szer","7":"product_tag-gombaolo","8":"product_tag-permetszer","9":"product_tag-teldor-texio-500-sc-10-ml","11":"first","12":"outofstock","13":"shipping-taxable","14":"product-type-simple"},"yoast_head":"<!-- This site is optimized with the Yoast SEO plugin v27.5 - https:\/\/yoast.com\/product\/yoast-seo-wordpress\/ -->\n<title>Teldor\/Texio 500 SC 10 ml - T\u00e1jkert\u00e9sz<\/title>\n<meta name=\"description\" content=\"Teldor\/Texio 500 SC 10 ml\" \/>\n<meta name=\"robots\" content=\"index, follow, max-snippet:-1, max-image-preview:large, max-video-preview:-1\" \/>\n<link rel=\"canonical\" href=\"https:\/\/tajkertesz.com\/en_US\/product\/teldor-texio-500-sc-10-ml\/\" \/>\n<meta property=\"og:locale\" content=\"en_US\" \/>\n<meta property=\"og:type\" content=\"article\" \/>\n<meta property=\"og:title\" content=\"Teldor\/Texio 500 SC 10 ml - T\u00e1jkert\u00e9sz\" \/>\n<meta property=\"og:description\" content=\"Teldor\/Texio 500 SC 10 ml\" \/>\n<meta property=\"og:url\" content=\"https:\/\/tajkertesz.com\/en_US\/product\/teldor-texio-500-sc-10-ml\/\" \/>\n<meta property=\"og:site_name\" content=\"T\u00e1jkert\u00e9sz\" \/>\n<meta property=\"article:publisher\" content=\"https:\/\/www.facebook.com\/Tajkertesz\/\" \/>\n<meta property=\"article:modified_time\" content=\"2026-02-18T15:37:22+00:00\" \/>\n<meta property=\"og:image\" content=\"https:\/\/tajkertesz.com\/wp-content\/uploads\/2021\/11\/Texioamp.jpg\" \/>\n\t<meta property=\"og:image:width\" content=\"572\" \/>\n\t<meta property=\"og:image:height\" content=\"600\" \/>\n\t<meta property=\"og:image:type\" content=\"image\/jpeg\" \/>\n<meta name=\"twitter:card\" content=\"summary_large_image\" \/>\n<meta name=\"twitter:label1\" content=\"Est. reading time\" \/>\n\t<meta name=\"twitter:data1\" content=\"6 minutes\" \/>\n<script type=\"application\/ld+json\" class=\"yoast-schema-graph\">{\"@context\":\"https:\\\/\\\/schema.org\",\"@graph\":[{\"@type\":\"WebPage\",\"@id\":\"https:\\\/\\\/tajkertesz.com\\\/termek\\\/teldor-texio-500-sc-10-ml\\\/\",\"url\":\"https:\\\/\\\/tajkertesz.com\\\/termek\\\/teldor-texio-500-sc-10-ml\\\/\",\"name\":\"Teldor\\\/Texio 500 SC 10 ml - T\u00e1jkert\u00e9sz\",\"isPartOf\":{\"@id\":\"https:\\\/\\\/tajkertesz.com\\\/#website\"},\"primaryImageOfPage\":{\"@id\":\"https:\\\/\\\/tajkertesz.com\\\/termek\\\/teldor-texio-500-sc-10-ml\\\/#primaryimage\"},\"image\":{\"@id\":\"https:\\\/\\\/tajkertesz.com\\\/termek\\\/teldor-texio-500-sc-10-ml\\\/#primaryimage\"},\"thumbnailUrl\":\"https:\\\/\\\/tajkertesz.com\\\/wp-content\\\/uploads\\\/2021\\\/11\\\/Texioamp.jpg\",\"datePublished\":\"2021-11-26T11:15:22+00:00\",\"dateModified\":\"2026-02-18T15:37:22+00:00\",\"description\":\"Teldor\\\/Texio 500 SC 10 ml\",\"breadcrumb\":{\"@id\":\"https:\\\/\\\/tajkertesz.com\\\/termek\\\/teldor-texio-500-sc-10-ml\\\/#breadcrumb\"},\"inLanguage\":\"en-US\",\"potentialAction\":[{\"@type\":\"ReadAction\",\"target\":[\"https:\\\/\\\/tajkertesz.com\\\/termek\\\/teldor-texio-500-sc-10-ml\\\/\"]}]},{\"@type\":\"ImageObject\",\"inLanguage\":\"en-US\",\"@id\":\"https:\\\/\\\/tajkertesz.com\\\/termek\\\/teldor-texio-500-sc-10-ml\\\/#primaryimage\",\"url\":\"https:\\\/\\\/tajkertesz.com\\\/wp-content\\\/uploads\\\/2021\\\/11\\\/Texioamp.jpg\",\"contentUrl\":\"https:\\\/\\\/tajkertesz.com\\\/wp-content\\\/uploads\\\/2021\\\/11\\\/Texioamp.jpg\",\"width\":572,\"height\":600},{\"@type\":\"BreadcrumbList\",\"@id\":\"https:\\\/\\\/tajkertesz.com\\\/termek\\\/teldor-texio-500-sc-10-ml\\\/#breadcrumb\",\"itemListElement\":[{\"@type\":\"ListItem\",\"position\":1,\"name\":\"Home\",\"item\":\"https:\\\/\\\/tajkertesz.com\\\/\"},{\"@type\":\"ListItem\",\"position\":2,\"name\":\"Kezd\u0151lap\",\"item\":\"https:\\\/\\\/tajkertesz.com\\\/\"},{\"@type\":\"ListItem\",\"position\":3,\"name\":\"Teldor\\\/Texio 500 SC 10 ml\"}]},{\"@type\":\"WebSite\",\"@id\":\"https:\\\/\\\/tajkertesz.com\\\/#website\",\"url\":\"https:\\\/\\\/tajkertesz.com\\\/\",\"name\":\"T\u00e1j-Kert\u00e9sz 84 Kft.\",\"description\":\"Kert\u00e9szeti kis- \u00e9s nagykeresked\u00e9s, D\u00edszn\u00f6v\u00e9ny web\u00e1ruh\u00e1z orsz\u00e1gos h\u00e1zhozsz\u00e1ll\u00edt\u00e1ssal!\",\"publisher\":{\"@id\":\"https:\\\/\\\/tajkertesz.com\\\/#organization\"},\"potentialAction\":[{\"@type\":\"SearchAction\",\"target\":{\"@type\":\"EntryPoint\",\"urlTemplate\":\"https:\\\/\\\/tajkertesz.com\\\/?s={search_term_string}\"},\"query-input\":{\"@type\":\"PropertyValueSpecification\",\"valueRequired\":true,\"valueName\":\"search_term_string\"}}],\"inLanguage\":\"en-US\"},{\"@type\":\"Organization\",\"@id\":\"https:\\\/\\\/tajkertesz.com\\\/#organization\",\"name\":\"T\u00e1j-Kert\u00e9sz 84 Kft.\",\"url\":\"https:\\\/\\\/tajkertesz.com\\\/\",\"logo\":{\"@type\":\"ImageObject\",\"inLanguage\":\"en-US\",\"@id\":\"https:\\\/\\\/tajkertesz.com\\\/#\\\/schema\\\/logo\\\/image\\\/\",\"url\":\"https:\\\/\\\/tajkertesz.com\\\/wp-content\\\/uploads\\\/2018\\\/02\\\/logo-2-e1518678052539.png\",\"contentUrl\":\"https:\\\/\\\/tajkertesz.com\\\/wp-content\\\/uploads\\\/2018\\\/02\\\/logo-2-e1518678052539.png\",\"width\":81,\"height\":140,\"caption\":\"T\u00e1j-Kert\u00e9sz 84 Kft.\"},\"image\":{\"@id\":\"https:\\\/\\\/tajkertesz.com\\\/#\\\/schema\\\/logo\\\/image\\\/\"},\"sameAs\":[\"https:\\\/\\\/www.facebook.com\\\/Tajkertesz\\\/\"]}]}<\/script>\n<!-- \/ Yoast SEO plugin. -->","yoast_head_json":{"title":"Teldor\/Texio 500 SC 10 ml - T\u00e1jkert\u00e9sz","description":"Teldor\/Texio 500 SC 10 ml","robots":{"index":"index","follow":"follow","max-snippet":"max-snippet:-1","max-image-preview":"max-image-preview:large","max-video-preview":"max-video-preview:-1"},"canonical":"https:\/\/tajkertesz.com\/en_US\/product\/teldor-texio-500-sc-10-ml\/","og_locale":"en_US","og_type":"article","og_title":"Teldor\/Texio 500 SC 10 ml - T\u00e1jkert\u00e9sz","og_description":"Teldor\/Texio 500 SC 10 ml","og_url":"https:\/\/tajkertesz.com\/en_US\/product\/teldor-texio-500-sc-10-ml\/","og_site_name":"T\u00e1jkert\u00e9sz","article_publisher":"https:\/\/www.facebook.com\/Tajkertesz\/","article_modified_time":"2026-02-18T15:37:22+00:00","og_image":[{"width":572,"height":600,"url":"https:\/\/tajkertesz.com\/wp-content\/uploads\/2021\/11\/Texioamp.jpg","type":"image\/jpeg"}],"twitter_card":"summary_large_image","twitter_misc":{"Est. reading time":"6 minutes"},"schema":{"@context":"https:\/\/schema.org","@graph":[{"@type":"WebPage","@id":"https:\/\/tajkertesz.com\/termek\/teldor-texio-500-sc-10-ml\/","url":"https:\/\/tajkertesz.com\/termek\/teldor-texio-500-sc-10-ml\/","name":"Teldor\/Texio 500 SC 10 ml - T\u00e1jkert\u00e9sz","isPartOf":{"@id":"https:\/\/tajkertesz.com\/#website"},"primaryImageOfPage":{"@id":"https:\/\/tajkertesz.com\/termek\/teldor-texio-500-sc-10-ml\/#primaryimage"},"image":{"@id":"https:\/\/tajkertesz.com\/termek\/teldor-texio-500-sc-10-ml\/#primaryimage"},"thumbnailUrl":"https:\/\/tajkertesz.com\/wp-content\/uploads\/2021\/11\/Texioamp.jpg","datePublished":"2021-11-26T11:15:22+00:00","dateModified":"2026-02-18T15:37:22+00:00","description":"Teldor\/Texio 500 SC 10 ml","breadcrumb":{"@id":"https:\/\/tajkertesz.com\/termek\/teldor-texio-500-sc-10-ml\/#breadcrumb"},"inLanguage":"en-US","potentialAction":[{"@type":"ReadAction","target":["https:\/\/tajkertesz.com\/termek\/teldor-texio-500-sc-10-ml\/"]}]},{"@type":"ImageObject","inLanguage":"en-US","@id":"https:\/\/tajkertesz.com\/termek\/teldor-texio-500-sc-10-ml\/#primaryimage","url":"https:\/\/tajkertesz.com\/wp-content\/uploads\/2021\/11\/Texioamp.jpg","contentUrl":"https:\/\/tajkertesz.com\/wp-content\/uploads\/2021\/11\/Texioamp.jpg","width":572,"height":600},{"@type":"BreadcrumbList","@id":"https:\/\/tajkertesz.com\/termek\/teldor-texio-500-sc-10-ml\/#breadcrumb","itemListElement":[{"@type":"ListItem","position":1,"name":"Home","item":"https:\/\/tajkertesz.com\/"},{"@type":"ListItem","position":2,"name":"Kezd\u0151lap","item":"https:\/\/tajkertesz.com\/"},{"@type":"ListItem","position":3,"name":"Teldor\/Texio 500 SC 10 ml"}]},{"@type":"WebSite","@id":"https:\/\/tajkertesz.com\/#website","url":"https:\/\/tajkertesz.com\/","name":"T\u00e1j-Kert\u00e9sz 84 Kft.","description":"Kert\u00e9szeti kis- \u00e9s nagykeresked\u00e9s, D\u00edszn\u00f6v\u00e9ny web\u00e1ruh\u00e1z orsz\u00e1gos h\u00e1zhozsz\u00e1ll\u00edt\u00e1ssal!","publisher":{"@id":"https:\/\/tajkertesz.com\/#organization"},"potentialAction":[{"@type":"SearchAction","target":{"@type":"EntryPoint","urlTemplate":"https:\/\/tajkertesz.com\/?s={search_term_string}"},"query-input":{"@type":"PropertyValueSpecification","valueRequired":true,"valueName":"search_term_string"}}],"inLanguage":"en-US"},{"@type":"Organization","@id":"https:\/\/tajkertesz.com\/#organization","name":"T\u00e1j-Kert\u00e9sz 84 Kft.","url":"https:\/\/tajkertesz.com\/","logo":{"@type":"ImageObject","inLanguage":"en-US","@id":"https:\/\/tajkertesz.com\/#\/schema\/logo\/image\/","url":"https:\/\/tajkertesz.com\/wp-content\/uploads\/2018\/02\/logo-2-e1518678052539.png","contentUrl":"https:\/\/tajkertesz.com\/wp-content\/uploads\/2018\/02\/logo-2-e1518678052539.png","width":81,"height":140,"caption":"T\u00e1j-Kert\u00e9sz 84 Kft."},"image":{"@id":"https:\/\/tajkertesz.com\/#\/schema\/logo\/image\/"},"sameAs":["https:\/\/www.facebook.com\/Tajkertesz\/"]}]}},"_links":{"self":[{"href":"https:\/\/tajkertesz.com\/en_US\/wp-json\/wp\/v2\/product\/11783","targetHints":{"allow":["GET"]}}],"collection":[{"href":"https:\/\/tajkertesz.com\/en_US\/wp-json\/wp\/v2\/product"}],"about":[{"href":"https:\/\/tajkertesz.com\/en_US\/wp-json\/wp\/v2\/types\/product"}],"wp:featuredmedia":[{"embeddable":true,"href":"https:\/\/tajkertesz.com\/en_US\/wp-json\/wp\/v2\/media\/11784"}],"wp:attachment":[{"href":"https:\/\/tajkertesz.com\/en_US\/wp-json\/wp\/v2\/media?parent=11783"}],"wp:term":[{"taxonomy":"product_brand","embeddable":true,"href":"https:\/\/tajkertesz.com\/en_US\/wp-json\/wp\/v2\/product_brand?post=11783"},{"taxonomy":"product_cat","embeddable":true,"href":"https:\/\/tajkertesz.com\/en_US\/wp-json\/wp\/v2\/product_cat?post=11783"},{"taxonomy":"product_tag","embeddable":true,"href":"https:\/\/tajkertesz.com\/en_US\/wp-json\/wp\/v2\/product_tag?post=11783"}],"curies":[{"name":"wp","href":"https:\/\/api.w.org\/{rel}","templated":true}]}}