{"id":11789,"date":"2021-11-26T11:21:35","date_gmt":"2021-11-26T11:21:35","guid":{"rendered":"https:\/\/tajkertesz.com\/?post_type=product&#038;p=11789"},"modified":"2026-02-18T15:37:28","modified_gmt":"2026-02-18T15:37:28","slug":"cyperkill-25-ec-3x2-ml-ampullas","status":"publish","type":"product","link":"https:\/\/tajkertesz.com\/en_US\/product\/cyperkill-25-ec-3x2-ml-ampullas\/","title":{"rendered":"Cyperkill 25 EC 3&#215;2 ml ampull\u00e1s"},"content":{"rendered":"<h1 class=\"product-detail-name\">Cyperkill 25 EC 3&#215;2 ml ampull\u00e1s<\/h1>\n<div class=\"product-detail-title-after\">\n<div class=\"product-detail-manufacturer-wrap\"><\/div>\n<\/div>\n<div class=\"product-detail-title-after\">\n<div class=\"product-detail-manufacturer-wrap\">\n<p class=\"product-detail-name\">Cyperkill 25 EC 3&#215;2 ml ampull\u00e1s<\/p>\n<div class=\"product-detail-title-after\">\n<div class=\"product-detail-manufacturer-wrap\"><\/div>\n<\/div>\n<\/div>\n<\/div>\n<div class=\"product-detail-title-after\">\n<div class=\"product-detail-manufacturer-wrap\">\n<p>H\u00e1zikerti felhaszn\u00e1l\u00e1s: 2 ml\/10 l v\u00edz<\/p>\n<p>Kontakt \u00e9s gyomorm\u00e9reg, a k\u00f6zponti \u00e9s a perif\u00e9ri\u00e1s idegsejteket b\u00e9n\u00edtja. A hat\u00e1s gyorsan jelentkezik (tagl\u00f3z\u00f3). A rovarok mozg\u00e1-sa rendelleness\u00e9 v\u00e1lik, majd elpusztulnak.<\/p>\n<p>A Cyperkill 25 EC hat\u00f3anyaga a cipermetrin 8 optikai izomer kever\u00e9ke. Ennek k\u00f6sz\u00f6nhet\u0151, hogy a Cyperkill 25 EC nagy hat\u00e9konys\u00e1ggal haszn\u00e1lhat\u00f3 olyan k\u00f6r\u00fclm\u00e9nyek k\u00f6z\u00f6tt is, ahol a 8 k\u00f6z\u00fcl csak n\u00e9h\u00e1ny izomert tartalmaz\u00f3 k\u00e9sz\u00edtm\u00e9nyek kev\u00e9sb\u00e9 hat\u00e9konyak (pl. mert a rovarok ellen\u00e1ll\u00f3akk\u00e1 v\u00e1ltak ezen izomerekkel szemben).<\/p>\n<p>Enged\u00e9lyezett kult\u00far\u00e1k, k\u00e1ros\u00edt\u00f3k, egy\u00e9b adatok<br \/>\nKult\u00fara K\u00e1ros\u00edt\u00f3k D\u00f3zis V\u00edzmennyis\u00e9g (l\/ha) \u00c9VI<br \/>\nKal\u00e1szosok vet\u00e9sfeh\u00e9r\u00edt\u0151 bog\u00e1r-l\u00e1rva, lev\u00e9ltevek 0,15 l\/ha 300-500 10 nap<\/p>\n<p>Sz\u0151l\u0151 sz\u0151l\u0151molyok 0,15 &#8211; 0,2 l\/ha 800 &#8211; 1000 10 nap<br \/>\nAlma almamoly 0,15 &#8211; 0,2 l\/ha 500 &#8211; 1000 3 nap<br \/>\nRepce Repcef\u00e9nybog\u00e1r, repcebec\u0151-orm\u00e1nyos 0,15 l\/ha 300 &#8211; 400 10 nap<\/p>\n<p>Paprika, paradicsom<br \/>\nz\u00f6ld \u0151szibarack lev\u00e9ltet\u0171,<br \/>\ngyapottok bagolylepke, \u00fcvegh\u00e1zi molytet\u0171 0,2 l\/ha 500 &#8211; 1500 3 nap<\/p>\n<p>Technol\u00f3giai aj\u00e1nl\u00e1sok<\/p>\n<p>Kal\u00e1szosokban: a vet\u00e9sfeh\u00e9r\u00edt\u00f3 bogarak ellen a k\u00e1rtev\u0151 t\u00f6meges beteleped\u00e9sekor, vagy a l\u00e1rv\u00e1k kel\u00e9s\u00e9nek f\u0151 id\u0151szak\u00e1ban c\u00e9lszer\u0171 a v\u00e9dekez\u00e9st elv\u00e9gezni. A gabonalev\u00e9ltetvek ellen az els\u0151 kol\u00f3ni\u00e1k kialakul\u00e1sa idej\u00e9n aj\u00e1nlott kijuttani a szert.<\/p>\n<p>Repc\u00e9ben: a repce-f\u00e9nybog\u00e1r \u00e9s a repcebec\u0151-orm\u00e1nyos elleni v\u00e9dekez\u00e9st az im\u00e1g\u00f3k t\u00e1bl\u00e1ra t\u00f6rt\u00e9n\u0151 beteleped\u00e9se idej\u00e9n kell elv\u00e9gezni.<\/p>\n<p>Alm\u00e1ban: almamoly ellen el\u0151rejelz\u00e9s alapj\u00e1n, a l\u00e1rvakel\u00e9skor c\u00e9lszer\u0171 elkezdeni a v\u00e9dekez\u00e9seket. Elh\u00faz\u00f3d\u00f3 rajz\u00e1s eset\u00e9n nemzed\u00e9kenk\u00e9nt 2-3 kezel\u00e9s is sz\u00fcks\u00e9ges lehet. Megk\u00e9sett v\u00e9dekez\u00e9skor a magasabb d\u00f3zis alkalmaz\u00e1sa javasolt.<\/p>\n<p>Sz\u0151l\u0151ben: sz\u0151l\u0151molyok ellen szexferomon csapd\u00e1s el\u0151rejelz\u00e9s alapj\u00e1n a kezel\u00e9seket a fiatal l\u00e1rv\u00e1k ellen a f\u0151rajz\u00e1st k\u00f6vet\u0151en, nemzed\u00e9kenk\u00e9nt 1-2 alkalommal c\u00e9lszer\u0171 elv\u00e9gezni. Elh\u00faz\u00f3d\u00f3 rajz\u00e1s eset\u00e9n a kezel\u00e9seket 7-10 nap m\u00falva javasolt megism\u00e9telni. A v\u00e9dekez\u00e9sek hat\u00e9konys\u00e1g\u00e1t az id\u0151ben \u00e9s j\u00f3l elv\u00e9gzett z\u00f6ldmunka kedvez\u0151en befoly\u00e1solja.<\/p>\n<p>Szabadf\u00f6ldi paprik\u00e1ban \u00e9s paradicsomban: z\u00f6ld \u0151szibarack lev\u00e9ltet\u0171 ellen az \u00e1llom\u00e1nykezel\u00e9seket s\u00e1rgat\u00e1las megfigyel\u00e9s alapj\u00e1n, az els\u0151 egyedek betelep\u00fcl\u00e9s\u00e9t k\u00f6vet\u0151en, a kis kol\u00f3ni\u00e1k kialakul\u00e1sa el\u0151tt c\u00e9lszer\u0171 elkezdeni, \u00e9s a v\u00e9dekez\u00e9seket a telepn\u00f6veked\u00e9s idej\u00e9n javasolt megism\u00e9telni.<\/p>\n<p>Hajtatott paprik\u00e1ban \u00e9s paradicsomban: \u00fcvegh\u00e1zi molytet\u0171 ellen a kezel\u00e9seket az els\u0151 kis kol\u00f3ni\u00e1k kialakul\u00e1sa el\u0151tt c\u00e9lszer\u0171 elkezdeni. A k\u00e9sz\u00edtm\u00e9ny els\u0151dlegesen a fiatal L1 \u00e9s L2 l\u00e1rv\u00e1k ellen hat\u00e9kony. A v\u00e9dekez\u00e9seket az im\u00e1g\u00f3kra \u00e9s a fiatal l\u00e1rv\u00e1kra ir\u00e1nyozva c\u00e9lszer\u0171 elv\u00e9gezni, \u00e9s a kezel\u00e9seket javasolt t\u00f6bbsz\u00f6r megism\u00e9telni. Gyapottok bagolylepke ellen a v\u00e9dekez\u00e9seket el\u0151rejelz\u00e9s alapj\u00e1n 5-7 naponk\u00e9nt megism\u00e9telve, a kult\u00farn\u00f6v\u00e9ny generat\u00edv st\u00e1dium\u00e1ban c\u00e9lszer\u0171 elv\u00e9gezni.<\/p>\n<p>A k\u00e9sz\u00edtm\u00e9nyhez nedves\u00edt\u0151szer hozz\u00e1ad\u00e1sa javasolt.<\/p>\n<\/div>\n<\/div>\n<p align=\"justify\"><a href=\"http:\/\/www.tajkertesz.hu\">http:\/\/www.tajkertesz.hu<\/a><\/p>\n<p align=\"justify\"><a href=\"https:\/\/www.facebook.com\/tajkertesz\">https:\/\/www.facebook.com\/tajkertesz<\/a><\/p>\n<p align=\"justify\"><a href=\"https:\/\/tajkertesz.com\/wp-content\/uploads\/2021\/11\/Cyperkill25EC.doc\">Cyperkill25EC<\/a><\/p>\n<h3 align=\"justify\">Kiz\u00e1r\u00f3lag szem\u00e9lyes \u00e1tv\u00e9tellel lehets\u00e9ges a term\u00e9k megv\u00e1s\u00e1rl\u00e1sa!<\/h3>\n<p align=\"justify\"><span style=\"color: #ffffff;\">A k\u00e9sz\u00edtm\u00e9nyt a gyep ny\u00edr\u00e1s\u00e1t k\u00f6vet\u0151en, a k\u00e9tszik\u0171 gyomn\u00f6v\u00e9nyek n\u00f6veked\u00e9s\u00e9nek \u00fajb\u00f3li megindul\u00e1sa ut\u00e1n kell kijuttatni 10 l\/ha (100 ml \/ 100 m2) d\u00f3zisban. A kijuttat\u00e1shoz sz\u00fcks\u00e9ges v\u00edzmennyis\u00e9g 10 l \/ 100 m2. A kezel\u00e9sn\u00e9l \u00fcgyelni kell arra, hogy a permetl\u00e9 kult\u00farn\u00f6v\u00e9nyekre ne ker\u00fclj\u00f6n, mert azokat maradand\u00f3an k\u00e1ros\u00edtja.<\/span><\/p>\n<p align=\"justify\"><span style=\"color: #ffffff;\">A k\u00e9sz\u00edtm\u00e9ny alkalmazhat\u00f3 foltkezel\u00e9s \u00e9s teljes fel\u00fcletkezel\u00e9s form\u00e1j\u00e1ban. Egy veget\u00e1ci\u00f3s szakaszban maximum k\u00e9t kezel\u00e9s v\u00e9gezhet\u0151.<\/span><\/p>\n<div align=\"justify\"><\/div>","protected":false},"excerpt":{"rendered":"<p class=\"product-detail-name\" style=\"text-align: center;\">Cyperkill 25 EC 3&#215;2 ml ampull\u00e1s<\/p>\n<div class=\"product-detail-title-after\">\n<div class=\"product-detail-manufacturer-wrap\"><\/div>\n<\/div>\n<div class=\"product-detail-title-after\">\n<div class=\"product-detail-manufacturer-wrap\"><\/div>\n<\/div>\n<div class=\"product-short-description\">\n<h3 align=\"justify\">Kiz\u00e1r\u00f3lag szem\u00e9lyes \u00e1tv\u00e9tellel lehets\u00e9ges a term\u00e9k megv\u00e1s\u00e1rl\u00e1sa!<\/h3>\n<\/div>\n<div class=\"product-detail-title-after\">\n<div class=\"product-detail-manufacturer-wrap\"><\/div>\n<\/div>","protected":false},"featured_media":11790,"template":"","meta":{"_et_pb_use_builder":"","_et_pb_old_content":"","_et_gb_content_width":""},"product_brand":[],"product_cat":[3423],"product_tag":[3443],"class_list":{"0":"post-11789","1":"product","2":"type-product","3":"status-publish","4":"has-post-thumbnail","6":"product_cat-rovarolo-szer","7":"product_tag-cyperkill-25-ec-3x2-ml-ampullas","9":"first","10":"outofstock","11":"shipping-taxable","12":"product-type-simple"},"yoast_head":"<!-- This site is optimized with the Yoast SEO plugin v27.5 - https:\/\/yoast.com\/product\/yoast-seo-wordpress\/ -->\n<title>Cyperkill 25 EC 3x2 ml ampull\u00e1s - T\u00e1jkert\u00e9sz<\/title>\n<meta name=\"description\" content=\"Cyperkill 25 EC 3x2 ml ampull\u00e1s\" \/>\n<meta name=\"robots\" content=\"index, follow, max-snippet:-1, max-image-preview:large, max-video-preview:-1\" \/>\n<link rel=\"canonical\" href=\"https:\/\/tajkertesz.com\/en_US\/product\/cyperkill-25-ec-3x2-ml-ampullas\/\" \/>\n<meta property=\"og:locale\" content=\"en_US\" \/>\n<meta property=\"og:type\" content=\"article\" \/>\n<meta property=\"og:title\" content=\"Cyperkill 25 EC 3x2 ml ampull\u00e1s - T\u00e1jkert\u00e9sz\" \/>\n<meta property=\"og:description\" content=\"Cyperkill 25 EC 3x2 ml ampull\u00e1s\" \/>\n<meta property=\"og:url\" content=\"https:\/\/tajkertesz.com\/en_US\/product\/cyperkill-25-ec-3x2-ml-ampullas\/\" \/>\n<meta property=\"og:site_name\" content=\"T\u00e1jkert\u00e9sz\" \/>\n<meta property=\"article:publisher\" content=\"https:\/\/www.facebook.com\/Tajkertesz\/\" \/>\n<meta property=\"article:modified_time\" content=\"2026-02-18T15:37:28+00:00\" \/>\n<meta property=\"og:image\" content=\"https:\/\/tajkertesz.com\/wp-content\/uploads\/2021\/11\/ciperkill-3x2-1.jpg\" \/>\n\t<meta property=\"og:image:width\" content=\"214\" \/>\n\t<meta property=\"og:image:height\" content=\"220\" \/>\n\t<meta property=\"og:image:type\" content=\"image\/jpeg\" \/>\n<meta name=\"twitter:card\" content=\"summary_large_image\" \/>\n<meta name=\"twitter:label1\" content=\"Est. reading time\" \/>\n\t<meta name=\"twitter:data1\" content=\"3 minutes\" \/>\n<script type=\"application\/ld+json\" class=\"yoast-schema-graph\">{\"@context\":\"https:\\\/\\\/schema.org\",\"@graph\":[{\"@type\":\"WebPage\",\"@id\":\"https:\\\/\\\/tajkertesz.com\\\/termek\\\/cyperkill-25-ec-3x2-ml-ampullas\\\/\",\"url\":\"https:\\\/\\\/tajkertesz.com\\\/termek\\\/cyperkill-25-ec-3x2-ml-ampullas\\\/\",\"name\":\"Cyperkill 25 EC 3x2 ml ampull\u00e1s - T\u00e1jkert\u00e9sz\",\"isPartOf\":{\"@id\":\"https:\\\/\\\/tajkertesz.com\\\/#website\"},\"primaryImageOfPage\":{\"@id\":\"https:\\\/\\\/tajkertesz.com\\\/termek\\\/cyperkill-25-ec-3x2-ml-ampullas\\\/#primaryimage\"},\"image\":{\"@id\":\"https:\\\/\\\/tajkertesz.com\\\/termek\\\/cyperkill-25-ec-3x2-ml-ampullas\\\/#primaryimage\"},\"thumbnailUrl\":\"https:\\\/\\\/tajkertesz.com\\\/wp-content\\\/uploads\\\/2021\\\/11\\\/ciperkill-3x2-1.jpg\",\"datePublished\":\"2021-11-26T11:21:35+00:00\",\"dateModified\":\"2026-02-18T15:37:28+00:00\",\"description\":\"Cyperkill 25 EC 3x2 ml ampull\u00e1s\",\"breadcrumb\":{\"@id\":\"https:\\\/\\\/tajkertesz.com\\\/termek\\\/cyperkill-25-ec-3x2-ml-ampullas\\\/#breadcrumb\"},\"inLanguage\":\"en-US\",\"potentialAction\":[{\"@type\":\"ReadAction\",\"target\":[\"https:\\\/\\\/tajkertesz.com\\\/termek\\\/cyperkill-25-ec-3x2-ml-ampullas\\\/\"]}]},{\"@type\":\"ImageObject\",\"inLanguage\":\"en-US\",\"@id\":\"https:\\\/\\\/tajkertesz.com\\\/termek\\\/cyperkill-25-ec-3x2-ml-ampullas\\\/#primaryimage\",\"url\":\"https:\\\/\\\/tajkertesz.com\\\/wp-content\\\/uploads\\\/2021\\\/11\\\/ciperkill-3x2-1.jpg\",\"contentUrl\":\"https:\\\/\\\/tajkertesz.com\\\/wp-content\\\/uploads\\\/2021\\\/11\\\/ciperkill-3x2-1.jpg\",\"width\":214,\"height\":220},{\"@type\":\"BreadcrumbList\",\"@id\":\"https:\\\/\\\/tajkertesz.com\\\/termek\\\/cyperkill-25-ec-3x2-ml-ampullas\\\/#breadcrumb\",\"itemListElement\":[{\"@type\":\"ListItem\",\"position\":1,\"name\":\"Home\",\"item\":\"https:\\\/\\\/tajkertesz.com\\\/\"},{\"@type\":\"ListItem\",\"position\":2,\"name\":\"Kezd\u0151lap\",\"item\":\"https:\\\/\\\/tajkertesz.com\\\/\"},{\"@type\":\"ListItem\",\"position\":3,\"name\":\"Cyperkill 25 EC 3&#215;2 ml ampull\u00e1s\"}]},{\"@type\":\"WebSite\",\"@id\":\"https:\\\/\\\/tajkertesz.com\\\/#website\",\"url\":\"https:\\\/\\\/tajkertesz.com\\\/\",\"name\":\"T\u00e1j-Kert\u00e9sz 84 Kft.\",\"description\":\"Kert\u00e9szeti kis- \u00e9s nagykeresked\u00e9s, D\u00edszn\u00f6v\u00e9ny web\u00e1ruh\u00e1z orsz\u00e1gos h\u00e1zhozsz\u00e1ll\u00edt\u00e1ssal!\",\"publisher\":{\"@id\":\"https:\\\/\\\/tajkertesz.com\\\/#organization\"},\"potentialAction\":[{\"@type\":\"SearchAction\",\"target\":{\"@type\":\"EntryPoint\",\"urlTemplate\":\"https:\\\/\\\/tajkertesz.com\\\/?s={search_term_string}\"},\"query-input\":{\"@type\":\"PropertyValueSpecification\",\"valueRequired\":true,\"valueName\":\"search_term_string\"}}],\"inLanguage\":\"en-US\"},{\"@type\":\"Organization\",\"@id\":\"https:\\\/\\\/tajkertesz.com\\\/#organization\",\"name\":\"T\u00e1j-Kert\u00e9sz 84 Kft.\",\"url\":\"https:\\\/\\\/tajkertesz.com\\\/\",\"logo\":{\"@type\":\"ImageObject\",\"inLanguage\":\"en-US\",\"@id\":\"https:\\\/\\\/tajkertesz.com\\\/#\\\/schema\\\/logo\\\/image\\\/\",\"url\":\"https:\\\/\\\/tajkertesz.com\\\/wp-content\\\/uploads\\\/2018\\\/02\\\/logo-2-e1518678052539.png\",\"contentUrl\":\"https:\\\/\\\/tajkertesz.com\\\/wp-content\\\/uploads\\\/2018\\\/02\\\/logo-2-e1518678052539.png\",\"width\":81,\"height\":140,\"caption\":\"T\u00e1j-Kert\u00e9sz 84 Kft.\"},\"image\":{\"@id\":\"https:\\\/\\\/tajkertesz.com\\\/#\\\/schema\\\/logo\\\/image\\\/\"},\"sameAs\":[\"https:\\\/\\\/www.facebook.com\\\/Tajkertesz\\\/\"]}]}<\/script>\n<!-- \/ Yoast SEO plugin. -->","yoast_head_json":{"title":"Cyperkill 25 EC 3x2 ml ampull\u00e1s - T\u00e1jkert\u00e9sz","description":"Cyperkill 25 EC 3x2 ml ampull\u00e1s","robots":{"index":"index","follow":"follow","max-snippet":"max-snippet:-1","max-image-preview":"max-image-preview:large","max-video-preview":"max-video-preview:-1"},"canonical":"https:\/\/tajkertesz.com\/en_US\/product\/cyperkill-25-ec-3x2-ml-ampullas\/","og_locale":"en_US","og_type":"article","og_title":"Cyperkill 25 EC 3x2 ml ampull\u00e1s - T\u00e1jkert\u00e9sz","og_description":"Cyperkill 25 EC 3x2 ml ampull\u00e1s","og_url":"https:\/\/tajkertesz.com\/en_US\/product\/cyperkill-25-ec-3x2-ml-ampullas\/","og_site_name":"T\u00e1jkert\u00e9sz","article_publisher":"https:\/\/www.facebook.com\/Tajkertesz\/","article_modified_time":"2026-02-18T15:37:28+00:00","og_image":[{"width":214,"height":220,"url":"https:\/\/tajkertesz.com\/wp-content\/uploads\/2021\/11\/ciperkill-3x2-1.jpg","type":"image\/jpeg"}],"twitter_card":"summary_large_image","twitter_misc":{"Est. reading time":"3 minutes"},"schema":{"@context":"https:\/\/schema.org","@graph":[{"@type":"WebPage","@id":"https:\/\/tajkertesz.com\/termek\/cyperkill-25-ec-3x2-ml-ampullas\/","url":"https:\/\/tajkertesz.com\/termek\/cyperkill-25-ec-3x2-ml-ampullas\/","name":"Cyperkill 25 EC 3x2 ml ampull\u00e1s - T\u00e1jkert\u00e9sz","isPartOf":{"@id":"https:\/\/tajkertesz.com\/#website"},"primaryImageOfPage":{"@id":"https:\/\/tajkertesz.com\/termek\/cyperkill-25-ec-3x2-ml-ampullas\/#primaryimage"},"image":{"@id":"https:\/\/tajkertesz.com\/termek\/cyperkill-25-ec-3x2-ml-ampullas\/#primaryimage"},"thumbnailUrl":"https:\/\/tajkertesz.com\/wp-content\/uploads\/2021\/11\/ciperkill-3x2-1.jpg","datePublished":"2021-11-26T11:21:35+00:00","dateModified":"2026-02-18T15:37:28+00:00","description":"Cyperkill 25 EC 3x2 ml ampull\u00e1s","breadcrumb":{"@id":"https:\/\/tajkertesz.com\/termek\/cyperkill-25-ec-3x2-ml-ampullas\/#breadcrumb"},"inLanguage":"en-US","potentialAction":[{"@type":"ReadAction","target":["https:\/\/tajkertesz.com\/termek\/cyperkill-25-ec-3x2-ml-ampullas\/"]}]},{"@type":"ImageObject","inLanguage":"en-US","@id":"https:\/\/tajkertesz.com\/termek\/cyperkill-25-ec-3x2-ml-ampullas\/#primaryimage","url":"https:\/\/tajkertesz.com\/wp-content\/uploads\/2021\/11\/ciperkill-3x2-1.jpg","contentUrl":"https:\/\/tajkertesz.com\/wp-content\/uploads\/2021\/11\/ciperkill-3x2-1.jpg","width":214,"height":220},{"@type":"BreadcrumbList","@id":"https:\/\/tajkertesz.com\/termek\/cyperkill-25-ec-3x2-ml-ampullas\/#breadcrumb","itemListElement":[{"@type":"ListItem","position":1,"name":"Home","item":"https:\/\/tajkertesz.com\/"},{"@type":"ListItem","position":2,"name":"Kezd\u0151lap","item":"https:\/\/tajkertesz.com\/"},{"@type":"ListItem","position":3,"name":"Cyperkill 25 EC 3&#215;2 ml ampull\u00e1s"}]},{"@type":"WebSite","@id":"https:\/\/tajkertesz.com\/#website","url":"https:\/\/tajkertesz.com\/","name":"T\u00e1j-Kert\u00e9sz 84 Kft.","description":"Kert\u00e9szeti kis- \u00e9s nagykeresked\u00e9s, D\u00edszn\u00f6v\u00e9ny web\u00e1ruh\u00e1z orsz\u00e1gos h\u00e1zhozsz\u00e1ll\u00edt\u00e1ssal!","publisher":{"@id":"https:\/\/tajkertesz.com\/#organization"},"potentialAction":[{"@type":"SearchAction","target":{"@type":"EntryPoint","urlTemplate":"https:\/\/tajkertesz.com\/?s={search_term_string}"},"query-input":{"@type":"PropertyValueSpecification","valueRequired":true,"valueName":"search_term_string"}}],"inLanguage":"en-US"},{"@type":"Organization","@id":"https:\/\/tajkertesz.com\/#organization","name":"T\u00e1j-Kert\u00e9sz 84 Kft.","url":"https:\/\/tajkertesz.com\/","logo":{"@type":"ImageObject","inLanguage":"en-US","@id":"https:\/\/tajkertesz.com\/#\/schema\/logo\/image\/","url":"https:\/\/tajkertesz.com\/wp-content\/uploads\/2018\/02\/logo-2-e1518678052539.png","contentUrl":"https:\/\/tajkertesz.com\/wp-content\/uploads\/2018\/02\/logo-2-e1518678052539.png","width":81,"height":140,"caption":"T\u00e1j-Kert\u00e9sz 84 Kft."},"image":{"@id":"https:\/\/tajkertesz.com\/#\/schema\/logo\/image\/"},"sameAs":["https:\/\/www.facebook.com\/Tajkertesz\/"]}]}},"_links":{"self":[{"href":"https:\/\/tajkertesz.com\/en_US\/wp-json\/wp\/v2\/product\/11789","targetHints":{"allow":["GET"]}}],"collection":[{"href":"https:\/\/tajkertesz.com\/en_US\/wp-json\/wp\/v2\/product"}],"about":[{"href":"https:\/\/tajkertesz.com\/en_US\/wp-json\/wp\/v2\/types\/product"}],"wp:featuredmedia":[{"embeddable":true,"href":"https:\/\/tajkertesz.com\/en_US\/wp-json\/wp\/v2\/media\/11790"}],"wp:attachment":[{"href":"https:\/\/tajkertesz.com\/en_US\/wp-json\/wp\/v2\/media?parent=11789"}],"wp:term":[{"taxonomy":"product_brand","embeddable":true,"href":"https:\/\/tajkertesz.com\/en_US\/wp-json\/wp\/v2\/product_brand?post=11789"},{"taxonomy":"product_cat","embeddable":true,"href":"https:\/\/tajkertesz.com\/en_US\/wp-json\/wp\/v2\/product_cat?post=11789"},{"taxonomy":"product_tag","embeddable":true,"href":"https:\/\/tajkertesz.com\/en_US\/wp-json\/wp\/v2\/product_tag?post=11789"}],"curies":[{"name":"wp","href":"https:\/\/api.w.org\/{rel}","templated":true}]}}