{"id":11811,"date":"2021-11-29T15:46:10","date_gmt":"2021-11-29T15:46:10","guid":{"rendered":"https:\/\/tajkertesz.com\/?post_type=product&#038;p=11811"},"modified":"2021-11-30T13:01:52","modified_gmt":"2021-11-30T13:01:52","slug":"luca-napi-buza-50-g","status":"publish","type":"product","link":"https:\/\/tajkertesz.com\/en_US\/product\/luca-napi-buza-50-g\/","title":{"rendered":"Luca napi b\u00faza 50 g"},"content":{"rendered":"<p>Luca napi b\u00faza 50 g<\/p>\n<p>Luca napi b\u00faza 50 g<\/p>\n<p>T\u00e1pl\u00e1lkoz\u00e1s-kieg\u00e9sz\u00edt\u0151. A fiatal b\u00faza friss leve \u00e9rt\u00e9kes vitamin- \u00e9s \u00e1sv\u00e1nyianyag-forr\u00e1s. Kar\u00e1csonyi dekor\u00e1ci\u00f3nak is sz\u00e9p.<\/p>\n<p><strong>Luca napj\u00e1n, december 13.-\u00e1n<\/strong>\u00a0vess\u00fcnk el egy ed\u00e9nybe b\u00faz\u00e1t, majd sz\u00fcks\u00e9g szerint \u00f6nt\u00f6zz\u00fck. A hagyom\u00e1nyok szerint a n\u00f6v\u00e9ny fejl\u0151d\u00e9s\u00e9b\u0151l k\u00f6vetkeztethet\u00fcnk az elj\u00f6vend\u0151 esztend\u0151 b\u00fazaterm\u00e9s\u00e9re \u00e9s a csal\u00e1d, valamint a j\u00f3sz\u00e1g\u00e1llom\u00e1ny eg\u00e9szs\u00e9g\u00e9re. A &#8222;lucab\u00faza&#8221; mind v\u00e1roson, mind falun d\u00edsze is a kar\u00e1csonyi asztalnak. Egyes helyeken gyerty\u00e1t, vagy olajm\u00e9csest \u00e1ll\u00edtanak a n\u00f6vekv\u0151 b\u00faza k\u00f6zep\u00e9be, s min\u00e9l kevesebb f\u00e9ny sz\u0171r\u0151dik \u00e1t a n\u00f6vekv\u0151 b\u00fazasz\u00e1rak k\u00f6z\u00f6tt, ann\u00e1l gazdagabb term\u00e9st jelent. A kar\u00e1csonyi \u00fcnnepek elm\u00falt\u00e1val a 30-40 cm magasra megn\u0151tt b\u00faz\u00e1t az \u00e1llatokkal szokt\u00e1k megetetni, hogy ezek gyarapod\u00e1s\u00e1t biztos\u00edts\u00e1k \u00e9s meg\u00f3vj\u00e1k \u0151ket a ront\u00e1st\u00f3l.<br \/>\n<strong>T\u00e1pl\u00e1lkoz\u00e1s-kieg\u00e9sz\u00edt\u0151:<\/strong><br \/>\nA fiatal b\u00faza friss levele \u00e9rt\u00e9kes vitamin- \u00e9s \u00e1sv\u00e1nyianyag forr\u00e1s a t\u00e9li id\u0151szakban. N\u00e9pszer\u0171s\u00e9ge egyre terjed, mivel t\u00e1pl\u00e1l\u00f3 \u00e9s tiszt\u00edt\u00f3 hat\u00e1s\u00fa, jav\u00edtja az immunrendszert.<\/p>\n<p style=\"line-height: 18.0pt; background: white; margin: 0cm 0cm 15.0pt 0cm;\"><b><span style=\"font-family: 'Ubuntu',serif; color: black;\">K\u00e9szlet\u00fcnk napi szinten v\u00e1ltozik, ez\u00e9rt k\u00e9rj\u00fck, \u00e9rdekl\u0151dj\u00f6n szem\u00e9lyesen, telefonon vagy email-en.<br \/>\nA v\u00e1ltoztat\u00e1s jog\u00e1t fenntartjuk!\u00a0<\/span><\/b><\/p>\n<p><a href=\"https:\/\/tajkertesz.com\/\">https:\/\/tajkertesz.com\/<\/a><\/p>\n<p><a href=\"https:\/\/www.facebook.com\/tajkertesz\">https:\/\/www.facebook.com\/tajkertesz<\/a><\/p>\n<p><span style=\"color: #ffffff;\">T\u00e1pl\u00e1lkoz\u00e1s-kieg\u00e9sz\u00edt\u0151. A fiatal b\u00faza friss leve \u00e9rt\u00e9kes vitamin- \u00e9s \u00e1sv\u00e1nyianyag-forr\u00e1s. Kar\u00e1csonyi dekor\u00e1ci\u00f3nak is sz\u00e9p.<\/span><\/p>\n<p><span style=\"color: #ffffff;\"><strong>Luca napj\u00e1n, december 13.-\u00e1n<\/strong>\u00a0vess\u00fcnk el egy ed\u00e9nybe b\u00faz\u00e1t, majd sz\u00fcks\u00e9g szerint \u00f6nt\u00f6zz\u00fck. A hagyom\u00e1nyok szerint a n\u00f6v\u00e9ny fejl\u0151d\u00e9s\u00e9b\u0151l k\u00f6vetkeztethet\u00fcnk az elj\u00f6vend\u0151 esztend\u0151 b\u00fazaterm\u00e9s\u00e9re \u00e9s a csal\u00e1d, valamint a j\u00f3sz\u00e1g\u00e1llom\u00e1ny eg\u00e9szs\u00e9g\u00e9re. A &#8222;lucab\u00faza&#8221; mind v\u00e1roson, mind falun d\u00edsze is a kar\u00e1csonyi asztalnak. Egyes helyeken gyerty\u00e1t, vagy olajm\u00e9csest \u00e1ll\u00edtanak a n\u00f6vekv\u0151 b\u00faza k\u00f6zep\u00e9be, s min\u00e9l kevesebb f\u00e9ny sz\u0171r\u0151dik \u00e1t a n\u00f6vekv\u0151 b\u00fazasz\u00e1rak k\u00f6z\u00f6tt, ann\u00e1l gazdagabb term\u00e9st jelent. A kar\u00e1csonyi \u00fcnnepek elm\u00falt\u00e1val a 30-40 cm magasra megn\u0151tt b\u00faz\u00e1t az \u00e1llatokkal szokt\u00e1k megetetni, hogy ezek gyarapod\u00e1s\u00e1t biztos\u00edts\u00e1k \u00e9s meg\u00f3vj\u00e1k \u0151ket a ront\u00e1st\u00f3l.<\/span><br \/>\n<span style=\"color: #ffffff;\"><strong>T\u00e1pl\u00e1lkoz\u00e1s-kieg\u00e9sz\u00edt\u0151:<\/strong><\/span><br \/>\n<span style=\"color: #ffffff;\">A fiatal b\u00faza friss levele \u00e9rt\u00e9kes vitamin- \u00e9s \u00e1sv\u00e1nyianyag forr\u00e1s a t\u00e9li id\u0151szakban. N\u00e9pszer\u0171s\u00e9ge egyre terjed, mivel t\u00e1pl\u00e1l\u00f3 \u00e9s tiszt\u00edt\u00f3 hat\u00e1s\u00fa, jav\u00edtja az immunrendszert.<\/span><\/p>\n<p style=\"line-height: 18.0pt; background: white; margin: 0cm 0cm 15.0pt 0cm;\"><span style=\"color: #ffffff;\"><b><span style=\"font-family: Ubuntu, serif;\">K\u00e9szlet\u00fcnk napi szinten v\u00e1ltozik, ez\u00e9rt k\u00e9rj\u00fck, \u00e9rdekl\u0151dj\u00f6n szem\u00e9lyesen, telefonon vagy email-en.<br \/>\nA v\u00e1ltoztat\u00e1s jog\u00e1t fenntartjuk!\u00a0<\/span><\/b><\/span><\/p>","protected":false},"excerpt":{"rendered":"<p>Luca napi b\u00faza 50 g<\/p>\n<p>T\u00e1pl\u00e1lkoz\u00e1s-kieg\u00e9sz\u00edt\u0151. A fiatal b\u00faza friss leve \u00e9rt\u00e9kes vitamin- \u00e9s \u00e1sv\u00e1nyianyag-forr\u00e1s. Kar\u00e1csonyi dekor\u00e1ci\u00f3nak is sz\u00e9p.<\/p>","protected":false},"featured_media":11812,"template":"","meta":{"_et_pb_use_builder":"","_et_pb_old_content":"","_et_gb_content_width":""},"product_brand":[],"product_cat":[1233],"product_tag":[3461,3471,3460],"class_list":{"0":"post-11811","1":"product","2":"type-product","3":"status-publish","4":"has-post-thumbnail","6":"product_cat-vetomagok-vetoszalagok-bio-csira-magok","7":"product_tag-buza","8":"product_tag-luca-napi-buza","9":"product_tag-luca-napi-buza-50-g","11":"first","12":"instock","13":"shipping-taxable","14":"purchasable","15":"product-type-simple"},"yoast_head":"<!-- This site is optimized with the Yoast SEO plugin v27.4 - https:\/\/yoast.com\/product\/yoast-seo-wordpress\/ -->\n<title>Luca napi b\u00faza 50 g - T\u00e1jkert\u00e9sz<\/title>\n<meta name=\"description\" content=\"Luca napi b\u00faza 50 g T\u00e1pl\u00e1lkoz\u00e1s-kieg\u00e9sz\u00edt\u0151. A b\u00faza friss leve \u00e9rt\u00e9kes vitamin- \u00e9s \u00e1sv\u00e1nyianyag-forr\u00e1s. Kar\u00e1csonyi dekor\u00e1ci\u00f3nak is sz\u00e9p.\" \/>\n<meta name=\"robots\" content=\"index, follow, max-snippet:-1, max-image-preview:large, max-video-preview:-1\" \/>\n<link rel=\"canonical\" href=\"https:\/\/tajkertesz.com\/en_US\/product\/luca-napi-buza-50-g\/\" \/>\n<meta property=\"og:locale\" content=\"en_US\" \/>\n<meta property=\"og:type\" content=\"article\" \/>\n<meta property=\"og:title\" content=\"Luca napi b\u00faza 50 g - T\u00e1jkert\u00e9sz\" \/>\n<meta property=\"og:description\" content=\"Luca napi b\u00faza 50 g T\u00e1pl\u00e1lkoz\u00e1s-kieg\u00e9sz\u00edt\u0151. A b\u00faza friss leve \u00e9rt\u00e9kes vitamin- \u00e9s \u00e1sv\u00e1nyianyag-forr\u00e1s. Kar\u00e1csonyi dekor\u00e1ci\u00f3nak is sz\u00e9p.\" \/>\n<meta property=\"og:url\" content=\"https:\/\/tajkertesz.com\/en_US\/product\/luca-napi-buza-50-g\/\" \/>\n<meta property=\"og:site_name\" content=\"T\u00e1jkert\u00e9sz\" \/>\n<meta property=\"article:publisher\" content=\"https:\/\/www.facebook.com\/Tajkertesz\/\" \/>\n<meta property=\"article:modified_time\" content=\"2021-11-30T13:01:52+00:00\" \/>\n<meta property=\"og:image\" content=\"https:\/\/tajkertesz.com\/wp-content\/uploads\/2021\/11\/luca.png\" \/>\n\t<meta property=\"og:image:width\" content=\"478\" \/>\n\t<meta property=\"og:image:height\" content=\"685\" \/>\n\t<meta property=\"og:image:type\" content=\"image\/png\" \/>\n<meta name=\"twitter:card\" content=\"summary_large_image\" \/>\n<meta name=\"twitter:label1\" content=\"Est. reading time\" \/>\n\t<meta name=\"twitter:data1\" content=\"2 minutes\" \/>\n<script type=\"application\/ld+json\" class=\"yoast-schema-graph\">{\"@context\":\"https:\\\/\\\/schema.org\",\"@graph\":[{\"@type\":\"WebPage\",\"@id\":\"https:\\\/\\\/tajkertesz.com\\\/termek\\\/luca-napi-buza-50-g\\\/\",\"url\":\"https:\\\/\\\/tajkertesz.com\\\/termek\\\/luca-napi-buza-50-g\\\/\",\"name\":\"Luca napi b\u00faza 50 g - T\u00e1jkert\u00e9sz\",\"isPartOf\":{\"@id\":\"https:\\\/\\\/tajkertesz.com\\\/#website\"},\"primaryImageOfPage\":{\"@id\":\"https:\\\/\\\/tajkertesz.com\\\/termek\\\/luca-napi-buza-50-g\\\/#primaryimage\"},\"image\":{\"@id\":\"https:\\\/\\\/tajkertesz.com\\\/termek\\\/luca-napi-buza-50-g\\\/#primaryimage\"},\"thumbnailUrl\":\"https:\\\/\\\/tajkertesz.com\\\/wp-content\\\/uploads\\\/2021\\\/11\\\/luca.png\",\"datePublished\":\"2021-11-29T15:46:10+00:00\",\"dateModified\":\"2021-11-30T13:01:52+00:00\",\"description\":\"Luca napi b\u00faza 50 g T\u00e1pl\u00e1lkoz\u00e1s-kieg\u00e9sz\u00edt\u0151. A b\u00faza friss leve \u00e9rt\u00e9kes vitamin- \u00e9s \u00e1sv\u00e1nyianyag-forr\u00e1s. Kar\u00e1csonyi dekor\u00e1ci\u00f3nak is sz\u00e9p.\",\"breadcrumb\":{\"@id\":\"https:\\\/\\\/tajkertesz.com\\\/termek\\\/luca-napi-buza-50-g\\\/#breadcrumb\"},\"inLanguage\":\"en-US\",\"potentialAction\":[{\"@type\":\"ReadAction\",\"target\":[\"https:\\\/\\\/tajkertesz.com\\\/termek\\\/luca-napi-buza-50-g\\\/\"]}]},{\"@type\":\"ImageObject\",\"inLanguage\":\"en-US\",\"@id\":\"https:\\\/\\\/tajkertesz.com\\\/termek\\\/luca-napi-buza-50-g\\\/#primaryimage\",\"url\":\"https:\\\/\\\/tajkertesz.com\\\/wp-content\\\/uploads\\\/2021\\\/11\\\/luca.png\",\"contentUrl\":\"https:\\\/\\\/tajkertesz.com\\\/wp-content\\\/uploads\\\/2021\\\/11\\\/luca.png\",\"width\":478,\"height\":685},{\"@type\":\"BreadcrumbList\",\"@id\":\"https:\\\/\\\/tajkertesz.com\\\/termek\\\/luca-napi-buza-50-g\\\/#breadcrumb\",\"itemListElement\":[{\"@type\":\"ListItem\",\"position\":1,\"name\":\"Home\",\"item\":\"https:\\\/\\\/tajkertesz.com\\\/\"},{\"@type\":\"ListItem\",\"position\":2,\"name\":\"Kezd\u0151lap\",\"item\":\"https:\\\/\\\/tajkertesz.com\\\/\"},{\"@type\":\"ListItem\",\"position\":3,\"name\":\"Luca napi b\u00faza 50 g\"}]},{\"@type\":\"WebSite\",\"@id\":\"https:\\\/\\\/tajkertesz.com\\\/#website\",\"url\":\"https:\\\/\\\/tajkertesz.com\\\/\",\"name\":\"T\u00e1j-Kert\u00e9sz 84 Kft.\",\"description\":\"Kert\u00e9szeti kis- \u00e9s nagykeresked\u00e9s, D\u00edszn\u00f6v\u00e9ny web\u00e1ruh\u00e1z orsz\u00e1gos h\u00e1zhozsz\u00e1ll\u00edt\u00e1ssal!\",\"publisher\":{\"@id\":\"https:\\\/\\\/tajkertesz.com\\\/#organization\"},\"potentialAction\":[{\"@type\":\"SearchAction\",\"target\":{\"@type\":\"EntryPoint\",\"urlTemplate\":\"https:\\\/\\\/tajkertesz.com\\\/?s={search_term_string}\"},\"query-input\":{\"@type\":\"PropertyValueSpecification\",\"valueRequired\":true,\"valueName\":\"search_term_string\"}}],\"inLanguage\":\"en-US\"},{\"@type\":\"Organization\",\"@id\":\"https:\\\/\\\/tajkertesz.com\\\/#organization\",\"name\":\"T\u00e1j-Kert\u00e9sz 84 Kft.\",\"url\":\"https:\\\/\\\/tajkertesz.com\\\/\",\"logo\":{\"@type\":\"ImageObject\",\"inLanguage\":\"en-US\",\"@id\":\"https:\\\/\\\/tajkertesz.com\\\/#\\\/schema\\\/logo\\\/image\\\/\",\"url\":\"https:\\\/\\\/tajkertesz.com\\\/wp-content\\\/uploads\\\/2018\\\/02\\\/logo-2-e1518678052539.png\",\"contentUrl\":\"https:\\\/\\\/tajkertesz.com\\\/wp-content\\\/uploads\\\/2018\\\/02\\\/logo-2-e1518678052539.png\",\"width\":81,\"height\":140,\"caption\":\"T\u00e1j-Kert\u00e9sz 84 Kft.\"},\"image\":{\"@id\":\"https:\\\/\\\/tajkertesz.com\\\/#\\\/schema\\\/logo\\\/image\\\/\"},\"sameAs\":[\"https:\\\/\\\/www.facebook.com\\\/Tajkertesz\\\/\"]}]}<\/script>\n<!-- \/ Yoast SEO plugin. -->","yoast_head_json":{"title":"Luca napi b\u00faza 50 g - T\u00e1jkert\u00e9sz","description":"Luca napi b\u00faza 50 g T\u00e1pl\u00e1lkoz\u00e1s-kieg\u00e9sz\u00edt\u0151. A b\u00faza friss leve \u00e9rt\u00e9kes vitamin- \u00e9s \u00e1sv\u00e1nyianyag-forr\u00e1s. Kar\u00e1csonyi dekor\u00e1ci\u00f3nak is sz\u00e9p.","robots":{"index":"index","follow":"follow","max-snippet":"max-snippet:-1","max-image-preview":"max-image-preview:large","max-video-preview":"max-video-preview:-1"},"canonical":"https:\/\/tajkertesz.com\/en_US\/product\/luca-napi-buza-50-g\/","og_locale":"en_US","og_type":"article","og_title":"Luca napi b\u00faza 50 g - T\u00e1jkert\u00e9sz","og_description":"Luca napi b\u00faza 50 g T\u00e1pl\u00e1lkoz\u00e1s-kieg\u00e9sz\u00edt\u0151. A b\u00faza friss leve \u00e9rt\u00e9kes vitamin- \u00e9s \u00e1sv\u00e1nyianyag-forr\u00e1s. Kar\u00e1csonyi dekor\u00e1ci\u00f3nak is sz\u00e9p.","og_url":"https:\/\/tajkertesz.com\/en_US\/product\/luca-napi-buza-50-g\/","og_site_name":"T\u00e1jkert\u00e9sz","article_publisher":"https:\/\/www.facebook.com\/Tajkertesz\/","article_modified_time":"2021-11-30T13:01:52+00:00","og_image":[{"width":478,"height":685,"url":"https:\/\/tajkertesz.com\/wp-content\/uploads\/2021\/11\/luca.png","type":"image\/png"}],"twitter_card":"summary_large_image","twitter_misc":{"Est. reading time":"2 minutes"},"schema":{"@context":"https:\/\/schema.org","@graph":[{"@type":"WebPage","@id":"https:\/\/tajkertesz.com\/termek\/luca-napi-buza-50-g\/","url":"https:\/\/tajkertesz.com\/termek\/luca-napi-buza-50-g\/","name":"Luca napi b\u00faza 50 g - T\u00e1jkert\u00e9sz","isPartOf":{"@id":"https:\/\/tajkertesz.com\/#website"},"primaryImageOfPage":{"@id":"https:\/\/tajkertesz.com\/termek\/luca-napi-buza-50-g\/#primaryimage"},"image":{"@id":"https:\/\/tajkertesz.com\/termek\/luca-napi-buza-50-g\/#primaryimage"},"thumbnailUrl":"https:\/\/tajkertesz.com\/wp-content\/uploads\/2021\/11\/luca.png","datePublished":"2021-11-29T15:46:10+00:00","dateModified":"2021-11-30T13:01:52+00:00","description":"Luca napi b\u00faza 50 g T\u00e1pl\u00e1lkoz\u00e1s-kieg\u00e9sz\u00edt\u0151. A b\u00faza friss leve \u00e9rt\u00e9kes vitamin- \u00e9s \u00e1sv\u00e1nyianyag-forr\u00e1s. Kar\u00e1csonyi dekor\u00e1ci\u00f3nak is sz\u00e9p.","breadcrumb":{"@id":"https:\/\/tajkertesz.com\/termek\/luca-napi-buza-50-g\/#breadcrumb"},"inLanguage":"en-US","potentialAction":[{"@type":"ReadAction","target":["https:\/\/tajkertesz.com\/termek\/luca-napi-buza-50-g\/"]}]},{"@type":"ImageObject","inLanguage":"en-US","@id":"https:\/\/tajkertesz.com\/termek\/luca-napi-buza-50-g\/#primaryimage","url":"https:\/\/tajkertesz.com\/wp-content\/uploads\/2021\/11\/luca.png","contentUrl":"https:\/\/tajkertesz.com\/wp-content\/uploads\/2021\/11\/luca.png","width":478,"height":685},{"@type":"BreadcrumbList","@id":"https:\/\/tajkertesz.com\/termek\/luca-napi-buza-50-g\/#breadcrumb","itemListElement":[{"@type":"ListItem","position":1,"name":"Home","item":"https:\/\/tajkertesz.com\/"},{"@type":"ListItem","position":2,"name":"Kezd\u0151lap","item":"https:\/\/tajkertesz.com\/"},{"@type":"ListItem","position":3,"name":"Luca napi b\u00faza 50 g"}]},{"@type":"WebSite","@id":"https:\/\/tajkertesz.com\/#website","url":"https:\/\/tajkertesz.com\/","name":"T\u00e1j-Kert\u00e9sz 84 Kft.","description":"Kert\u00e9szeti kis- \u00e9s nagykeresked\u00e9s, D\u00edszn\u00f6v\u00e9ny web\u00e1ruh\u00e1z orsz\u00e1gos h\u00e1zhozsz\u00e1ll\u00edt\u00e1ssal!","publisher":{"@id":"https:\/\/tajkertesz.com\/#organization"},"potentialAction":[{"@type":"SearchAction","target":{"@type":"EntryPoint","urlTemplate":"https:\/\/tajkertesz.com\/?s={search_term_string}"},"query-input":{"@type":"PropertyValueSpecification","valueRequired":true,"valueName":"search_term_string"}}],"inLanguage":"en-US"},{"@type":"Organization","@id":"https:\/\/tajkertesz.com\/#organization","name":"T\u00e1j-Kert\u00e9sz 84 Kft.","url":"https:\/\/tajkertesz.com\/","logo":{"@type":"ImageObject","inLanguage":"en-US","@id":"https:\/\/tajkertesz.com\/#\/schema\/logo\/image\/","url":"https:\/\/tajkertesz.com\/wp-content\/uploads\/2018\/02\/logo-2-e1518678052539.png","contentUrl":"https:\/\/tajkertesz.com\/wp-content\/uploads\/2018\/02\/logo-2-e1518678052539.png","width":81,"height":140,"caption":"T\u00e1j-Kert\u00e9sz 84 Kft."},"image":{"@id":"https:\/\/tajkertesz.com\/#\/schema\/logo\/image\/"},"sameAs":["https:\/\/www.facebook.com\/Tajkertesz\/"]}]}},"_links":{"self":[{"href":"https:\/\/tajkertesz.com\/en_US\/wp-json\/wp\/v2\/product\/11811","targetHints":{"allow":["GET"]}}],"collection":[{"href":"https:\/\/tajkertesz.com\/en_US\/wp-json\/wp\/v2\/product"}],"about":[{"href":"https:\/\/tajkertesz.com\/en_US\/wp-json\/wp\/v2\/types\/product"}],"wp:featuredmedia":[{"embeddable":true,"href":"https:\/\/tajkertesz.com\/en_US\/wp-json\/wp\/v2\/media\/11812"}],"wp:attachment":[{"href":"https:\/\/tajkertesz.com\/en_US\/wp-json\/wp\/v2\/media?parent=11811"}],"wp:term":[{"taxonomy":"product_brand","embeddable":true,"href":"https:\/\/tajkertesz.com\/en_US\/wp-json\/wp\/v2\/product_brand?post=11811"},{"taxonomy":"product_cat","embeddable":true,"href":"https:\/\/tajkertesz.com\/en_US\/wp-json\/wp\/v2\/product_cat?post=11811"},{"taxonomy":"product_tag","embeddable":true,"href":"https:\/\/tajkertesz.com\/en_US\/wp-json\/wp\/v2\/product_tag?post=11811"}],"curies":[{"name":"wp","href":"https:\/\/api.w.org\/{rel}","templated":true}]}}