{"id":1185,"date":"2020-03-05T08:22:41","date_gmt":"2020-03-05T08:22:41","guid":{"rendered":"https:\/\/tajkertesz.com\/?post_type=product&#038;p=1185"},"modified":"2024-09-30T14:44:46","modified_gmt":"2024-09-30T14:44:46","slug":"berberis-julianae-julia-borbolya","status":"publish","type":"product","link":"https:\/\/tajkertesz.com\/en_US\/product\/berberis-julianae-julia-borbolya\/","title":{"rendered":"Berberis julianae ,J\u00falia borbolya"},"content":{"rendered":"<p>Berberis julianae , J\u00falia borbolya<\/p>\n<p>&nbsp;<\/p>\n<p>A Berberis julianae , J\u00falia borbolya 2-3 m\u00e9ter magas, s\u0171r\u0171, \u00f6r\u00f6kz\u00f6ld level\u0171, t\u00fcsk\u00e9s, g\u00f6mb\u00f6lyded alak\u00fa bokor \u00e9s kiv\u00e1l\u00f3 <em>s\u00f6v\u00e9ny n\u00f6v\u00e9ny<\/em>.<\/p>\n<p>5-8 cm-es levelei l\u00e1ndzs\u00e1sak, sz\u00far\u00f3san fogazottak \u00e9s csillog\u00f3an z\u00f6ldek.\u00a0<strong>Sz\u00e1razs\u00e1g \u00e9s v\u00e1rost\u0171r\u00e9se kiv\u00e1l\u00f3<\/strong>, t\u00f6visei alkalmass\u00e1 teszik\u00a0<strong>v\u00e9d\u0151 s\u00f6v\u00e9ny<\/strong>\u00a0szerep\u00e9nek bet\u00f6lt\u00e9s\u00e9re is.<\/p>\n<p>Haz\u00e1ja K\u00f6z\u00e9p-K\u00edna. M\u00e9lt\u00e1n a legkedveltebb \u00e9s a leggyakrabban \u00fcltetett \u00f6r\u00f6kz\u00f6ld borbolya fajta.<\/p>\n<p>Minden talajon \u00e9s fekv\u00e9sben felhaszn\u00e1lhat\u00f3. Napos \u00e9s \u00e1rny\u00e9kos helyen egyar\u00e1nt j\u00f3l fejl\u0151dik.<\/p>\n<p>Hajt\u00e1s n\u00f6veked\u00e9se k\u00e9t-h\u00e1rom hull\u00e1mban augusztus v\u00e9g\u00e9ig tart.<br \/>\nAz els\u0151 n\u00f6veked\u00e9si id\u0151szakban kifejl\u0151d\u00f6tt levelei k\u00e9s\u0151 \u0151sszel s\u00e1rg\u00e1ra, majd pirosra sz\u00ednez\u0151dnek.<\/p>\n<p>S\u00e1rga vir\u00e1gait \u00e1prilis-m\u00e1jusban hozza ,term\u00e9se lila. a s\u00f6v\u00e9ny ny\u00edr\u00e1s\u00e1t \u00e9rdemes az elvir\u00e1gz\u00e1s ut\u00e1n elv\u00e9gezni.<\/p>\n<p><a href=\"https:\/\/tajkertesz.com\/\">https:\/\/tajkertesz.com\/<\/a><\/p>\n<p><a href=\"https:\/\/hu.wikipedia.org\/wiki\/J%C3%BAlia-borbolya\">https:\/\/hu.wikipedia.org\/wiki\/J%C3%BAlia-borbolya<\/a><\/p>\n<p>Berberis julianae , J\u00falia borbolya 2-3 m\u00e9ter magas, s\u0171r\u0171, \u00f6r\u00f6kz\u00f6ld level\u0171, t\u00fcsk\u00e9s, g\u00f6mb\u00f6lyded alak\u00fa bokor \u00e9s kiv\u00e1l\u00f3 <em>s\u00f6v\u00e9ny n\u00f6v\u00e9ny<\/em>.<\/p>\n<p>5-8 cm-es levelei l\u00e1ndzs\u00e1sak, sz\u00far\u00f3san fogazottak \u00e9s csillog\u00f3an z\u00f6ldek.\u00a0<strong>Sz\u00e1razs\u00e1g \u00e9s v\u00e1rost\u0171r\u00e9se kiv\u00e1l\u00f3<\/strong>, t\u00f6visei alkalmass\u00e1 teszik\u00a0<strong>v\u00e9d\u0151 s\u00f6v\u00e9ny<\/strong>\u00a0szerep\u00e9nek bet\u00f6lt\u00e9s\u00e9re is.<\/p>\n<p>Haz\u00e1ja K\u00f6z\u00e9p-K\u00edna. M\u00e9lt\u00e1n a legkedveltebb \u00e9s a leggyakrabban \u00fcltetett \u00f6r\u00f6kz\u00f6ld borbolya fajta.<\/p>\n<p>Minden talajon \u00e9s fekv\u00e9sben felhaszn\u00e1lhat\u00f3. Napos \u00e9s \u00e1rny\u00e9kos helyen egyar\u00e1nt j\u00f3l fejl\u0151dik.<\/p>\n<p>Hajt\u00e1s n\u00f6veked\u00e9se k\u00e9t-h\u00e1rom hull\u00e1mban augusztus v\u00e9g\u00e9ig tart.<br \/>\nAz els\u0151 n\u00f6veked\u00e9si id\u0151szakban kifejl\u0151d\u00f6tt levelei k\u00e9s\u0151 \u0151sszel s\u00e1rg\u00e1ra, majd pirosra sz\u00ednez\u0151dnek.<\/p>\n<p>S\u00e1rga vir\u00e1gait \u00e1prilis-m\u00e1jusban hozza ,term\u00e9se lila. a s\u00f6v\u00e9ny ny\u00edr\u00e1s\u00e1t \u00e9rdemes az elvir\u00e1gz\u00e1s ut\u00e1n elv\u00e9gezni.<\/p>\n<p><a href=\"https:\/\/tajkertesz.com\/\">https:\/\/tajkertesz.com\/<\/a><\/p>\n<p><a href=\"https:\/\/hu.wikipedia.org\/wiki\/J%C3%BAlia-borbolya\">https:\/\/hu.wikipedia.org\/wiki\/J%C3%BAlia-borbolya<\/a><\/p>\n<p><span style=\"color: #ffffff;\">1\u20132 m magas bokorr\u00e1 fejl\u0151dhet. \u00c1gai a hegyes, er\u0151s, igen sz\u00far\u00f3s t\u00f6visek h\u00e1rmas\u00e1val \u00e1llnak. B\u0151rszer\u0171, keskeny l\u00e1ndzs\u00e1s, fel\u00fcl f\u00e9nyes z\u00f6ld, alul vil\u00e1gosz\u00f6ld levelei ritk\u00e1san, t\u00f6visesen fogazottak.<\/span><\/p>\n<h2><span style=\"color: #ffffff;\"><span id=\".C3.89letm.C3.B3dja.2C_term.C5.91helye\"><\/span><span id=\"\u00c9letm\u00f3dja,_term\u0151helye\" class=\"mw-headline\">\u00c9letm\u00f3dja, term\u0151helye<\/span><\/span><\/h2>\n<p><span style=\"color: #ffffff;\">\u00d6r\u00f6kz\u00f6ld, n\u00e9ha f\u00e9l\u00f6r\u00f6kz\u00f6ld. Napos helyen lombja \u0151sszel v\u00f6r\u00f6sre sz\u00ednez\u0151dik. Aranys\u00e1rga, k\u00edv\u00fcl v\u00f6r\u00f6ses \u00e1rnyalat\u00fa, illatos vir\u00e1gai m\u00e1jus\u2013j\u00faniusban ny\u00edlnak. Term\u00e9se hamvas k\u00e9keslila.<\/span><\/p>\n<p><span style=\"color: #ffffff;\">Ig\u00e9nytelen; a szennyezett v\u00e1rosi leveg\u0151t is j\u00f3l t\u0171ri. A K\u00e1rp\u00e1t-medenc\u00e9ben megb\u00edzhat\u00f3an t\u00e9l\u00e1ll\u00f3.<\/span><\/p>\n<h2><span style=\"color: #ffffff;\"><span id=\"Felhaszn.C3.A1l.C3.A1sa\"><\/span><span id=\"Felhaszn\u00e1l\u00e1sa\" class=\"mw-headline\">Felhaszn\u00e1l\u00e1sa<\/span><\/span><\/h2>\n<p><span style=\"color: #ffffff;\">K\u00f6zkedvelt kerti d\u00edszn\u00f6v\u00e9ny. metsz\u00e9s n\u00e9lk\u00fcl (is) \u00e1thatolhatatlan s\u00f6v\u00e9nny\u00e9 nevelhet\u0151. Gyakran telep\u00edtik az aut\u00f3p\u00e1ly\u00e1kat kett\u00e9oszt\u00f3 s\u00e1vokba.<\/span><\/p>\n<p><span style=\"color: #ffffff;\">1\u20132 m magas bokorr\u00e1 fejl\u0151dhet. \u00c1gai a hegyes, er\u0151s, igen sz\u00far\u00f3s t\u00f6visek h\u00e1rmas\u00e1val \u00e1llnak. B\u0151rszer\u0171, keskeny l\u00e1ndzs\u00e1s, fel\u00fcl f\u00e9nyes z\u00f6ld, alul vil\u00e1gosz\u00f6ld levelei ritk\u00e1san, t\u00f6visesen fogazottak.<\/span><\/p>\n<h2><span style=\"color: #ffffff;\"><span id=\".C3.89letm.C3.B3dja.2C_term.C5.91helye\"><\/span><span id=\"\u00c9letm\u00f3dja,_term\u0151helye\" class=\"mw-headline\">\u00c9letm\u00f3dja, term\u0151helye<\/span><\/span><\/h2>\n<p><span style=\"color: #ffffff;\">\u00d6r\u00f6kz\u00f6ld, n\u00e9ha f\u00e9l\u00f6r\u00f6kz\u00f6ld. Napos helyen lombja \u0151sszel v\u00f6r\u00f6sre sz\u00ednez\u0151dik. Aranys\u00e1rga, k\u00edv\u00fcl v\u00f6r\u00f6ses \u00e1rnyalat\u00fa, illatos vir\u00e1gai m\u00e1jus\u2013j\u00faniusban ny\u00edlnak. Term\u00e9se hamvas k\u00e9keslila.<\/span><\/p>\n<p><span style=\"color: #ffffff;\">Ig\u00e9nytelen; a szennyezett v\u00e1rosi leveg\u0151t is j\u00f3l t\u0171ri. A K\u00e1rp\u00e1t-medenc\u00e9ben megb\u00edzhat\u00f3an t\u00e9l\u00e1ll\u00f3.<\/span><\/p>\n<h2><span style=\"color: #ffffff;\"><span id=\"Felhaszn.C3.A1l.C3.A1sa\"><\/span><span id=\"Felhaszn\u00e1l\u00e1sa\" class=\"mw-headline\">Felhaszn\u00e1l\u00e1sa<\/span><\/span><\/h2>\n<p><span style=\"color: #ffffff;\">K\u00f6zkedvelt kerti d\u00edszn\u00f6v\u00e9ny. metsz\u00e9s n\u00e9lk\u00fcl (is) \u00e1thatolhatatlan s\u00f6v\u00e9nny\u00e9 nevelhet\u0151. Gyakran telep\u00edtik az aut\u00f3p\u00e1ly\u00e1kat kett\u00e9oszt\u00f3 s\u00e1vokba.<\/span><\/p>","protected":false},"excerpt":{"rendered":"<p>Berberis julianae , J\u00falia borbolya &nbsp; A Berberis julianae , J\u00falia borbolya 2-3 m\u00e9ter magas, s\u0171r\u0171, \u00f6r\u00f6kz\u00f6ld level\u0171, t\u00fcsk\u00e9s, g\u00f6mb\u00f6lyded alak\u00fa bokor \u00e9s kiv\u00e1l\u00f3 s\u00f6v\u00e9ny n\u00f6v\u00e9ny. 5-8 cm-es levelei l\u00e1ndzs\u00e1sak, sz\u00far\u00f3san fogazottak \u00e9s csillog\u00f3an z\u00f6ldek.\u00a0Sz\u00e1razs\u00e1g \u00e9s v\u00e1rost\u0171r\u00e9se kiv\u00e1l\u00f3, t\u00f6visei alkalmass\u00e1 teszik\u00a0v\u00e9d\u0151 s\u00f6v\u00e9ny\u00a0szerep\u00e9nek bet\u00f6lt\u00e9s\u00e9re is. Haz\u00e1ja K\u00f6z\u00e9p-K\u00edna. M\u00e9lt\u00e1n a legkedveltebb \u00e9s a leggyakrabban \u00fcltetett \u00f6r\u00f6kz\u00f6ld borbolya [&hellip;]<\/p>\n","protected":false},"featured_media":1189,"template":"","meta":{"_et_pb_use_builder":"","_et_pb_old_content":"","_et_gb_content_width":""},"product_brand":[],"product_cat":[27],"product_tag":[251,252],"class_list":{"0":"post-1185","1":"product","2":"type-product","3":"status-publish","4":"has-post-thumbnail","6":"product_cat-cserjek","7":"product_tag-berberis-julianae","8":"product_tag-julia-borbolya","10":"first","11":"outofstock","12":"shipping-taxable","13":"product-type-simple"},"yoast_head":"<!-- This site is optimized with the Yoast SEO plugin v27.5 - https:\/\/yoast.com\/product\/yoast-seo-wordpress\/ -->\n<title>Berberis julianae ,J\u00falia borbolya - T\u00e1jkert\u00e9sz<\/title>\n<meta name=\"description\" content=\"A Berberis julianae , J\u00falia borbolya 2-3 m\u00e9ter magas, s\u0171r\u0171, \u00f6r\u00f6kz\u00f6ld level\u0171, t\u00fcsk\u00e9s, g\u00f6mb\u00f6lyded alak\u00fa bokor \u00e9s kiv\u00e1l\u00f3 s\u00f6v\u00e9ny n\u00f6v\u00e9ny.\" \/>\n<meta name=\"robots\" content=\"index, follow, max-snippet:-1, max-image-preview:large, max-video-preview:-1\" \/>\n<link rel=\"canonical\" href=\"https:\/\/tajkertesz.com\/en_US\/product\/berberis-julianae-julia-borbolya\/\" \/>\n<meta property=\"og:locale\" content=\"en_US\" \/>\n<meta property=\"og:type\" content=\"article\" \/>\n<meta property=\"og:title\" content=\"Berberis julianae ,J\u00falia borbolya - T\u00e1jkert\u00e9sz\" \/>\n<meta property=\"og:description\" content=\"A Berberis julianae , J\u00falia borbolya 2-3 m\u00e9ter magas, s\u0171r\u0171, \u00f6r\u00f6kz\u00f6ld level\u0171, t\u00fcsk\u00e9s, g\u00f6mb\u00f6lyded alak\u00fa bokor \u00e9s kiv\u00e1l\u00f3 s\u00f6v\u00e9ny n\u00f6v\u00e9ny.\" \/>\n<meta property=\"og:url\" content=\"https:\/\/tajkertesz.com\/en_US\/product\/berberis-julianae-julia-borbolya\/\" \/>\n<meta property=\"og:site_name\" content=\"T\u00e1jkert\u00e9sz\" \/>\n<meta property=\"article:publisher\" content=\"https:\/\/www.facebook.com\/Tajkertesz\/\" \/>\n<meta property=\"article:modified_time\" content=\"2024-09-30T14:44:46+00:00\" \/>\n<meta property=\"og:image\" content=\"https:\/\/tajkertesz.com\/wp-content\/uploads\/2020\/03\/Berberis-julianne.jpg\" \/>\n\t<meta property=\"og:image:width\" content=\"929\" \/>\n\t<meta property=\"og:image:height\" content=\"768\" \/>\n\t<meta property=\"og:image:type\" content=\"image\/jpeg\" \/>\n<meta name=\"twitter:card\" content=\"summary_large_image\" \/>\n<meta name=\"twitter:label1\" content=\"Est. reading time\" \/>\n\t<meta name=\"twitter:data1\" content=\"3 minutes\" \/>\n<script type=\"application\/ld+json\" class=\"yoast-schema-graph\">{\"@context\":\"https:\\\/\\\/schema.org\",\"@graph\":[{\"@type\":\"WebPage\",\"@id\":\"https:\\\/\\\/tajkertesz.com\\\/termek\\\/berberis-julianae-julia-borbolya\\\/\",\"url\":\"https:\\\/\\\/tajkertesz.com\\\/termek\\\/berberis-julianae-julia-borbolya\\\/\",\"name\":\"Berberis julianae ,J\u00falia borbolya - T\u00e1jkert\u00e9sz\",\"isPartOf\":{\"@id\":\"https:\\\/\\\/tajkertesz.com\\\/#website\"},\"primaryImageOfPage\":{\"@id\":\"https:\\\/\\\/tajkertesz.com\\\/termek\\\/berberis-julianae-julia-borbolya\\\/#primaryimage\"},\"image\":{\"@id\":\"https:\\\/\\\/tajkertesz.com\\\/termek\\\/berberis-julianae-julia-borbolya\\\/#primaryimage\"},\"thumbnailUrl\":\"https:\\\/\\\/tajkertesz.com\\\/wp-content\\\/uploads\\\/2020\\\/03\\\/Berberis-julianne.jpg\",\"datePublished\":\"2020-03-05T08:22:41+00:00\",\"dateModified\":\"2024-09-30T14:44:46+00:00\",\"description\":\"A Berberis julianae , J\u00falia borbolya 2-3 m\u00e9ter magas, s\u0171r\u0171, \u00f6r\u00f6kz\u00f6ld level\u0171, t\u00fcsk\u00e9s, g\u00f6mb\u00f6lyded alak\u00fa bokor \u00e9s kiv\u00e1l\u00f3 s\u00f6v\u00e9ny n\u00f6v\u00e9ny.\",\"breadcrumb\":{\"@id\":\"https:\\\/\\\/tajkertesz.com\\\/termek\\\/berberis-julianae-julia-borbolya\\\/#breadcrumb\"},\"inLanguage\":\"en-US\",\"potentialAction\":[{\"@type\":\"ReadAction\",\"target\":[\"https:\\\/\\\/tajkertesz.com\\\/termek\\\/berberis-julianae-julia-borbolya\\\/\"]}]},{\"@type\":\"ImageObject\",\"inLanguage\":\"en-US\",\"@id\":\"https:\\\/\\\/tajkertesz.com\\\/termek\\\/berberis-julianae-julia-borbolya\\\/#primaryimage\",\"url\":\"https:\\\/\\\/tajkertesz.com\\\/wp-content\\\/uploads\\\/2020\\\/03\\\/Berberis-julianne.jpg\",\"contentUrl\":\"https:\\\/\\\/tajkertesz.com\\\/wp-content\\\/uploads\\\/2020\\\/03\\\/Berberis-julianne.jpg\",\"width\":929,\"height\":768},{\"@type\":\"BreadcrumbList\",\"@id\":\"https:\\\/\\\/tajkertesz.com\\\/termek\\\/berberis-julianae-julia-borbolya\\\/#breadcrumb\",\"itemListElement\":[{\"@type\":\"ListItem\",\"position\":1,\"name\":\"Home\",\"item\":\"https:\\\/\\\/tajkertesz.com\\\/\"},{\"@type\":\"ListItem\",\"position\":2,\"name\":\"Kezd\u0151lap\",\"item\":\"https:\\\/\\\/tajkertesz.com\\\/\"},{\"@type\":\"ListItem\",\"position\":3,\"name\":\"Berberis julianae ,J\u00falia borbolya\"}]},{\"@type\":\"WebSite\",\"@id\":\"https:\\\/\\\/tajkertesz.com\\\/#website\",\"url\":\"https:\\\/\\\/tajkertesz.com\\\/\",\"name\":\"T\u00e1j-Kert\u00e9sz 84 Kft.\",\"description\":\"Kert\u00e9szeti kis- \u00e9s nagykeresked\u00e9s, D\u00edszn\u00f6v\u00e9ny web\u00e1ruh\u00e1z orsz\u00e1gos h\u00e1zhozsz\u00e1ll\u00edt\u00e1ssal!\",\"publisher\":{\"@id\":\"https:\\\/\\\/tajkertesz.com\\\/#organization\"},\"potentialAction\":[{\"@type\":\"SearchAction\",\"target\":{\"@type\":\"EntryPoint\",\"urlTemplate\":\"https:\\\/\\\/tajkertesz.com\\\/?s={search_term_string}\"},\"query-input\":{\"@type\":\"PropertyValueSpecification\",\"valueRequired\":true,\"valueName\":\"search_term_string\"}}],\"inLanguage\":\"en-US\"},{\"@type\":\"Organization\",\"@id\":\"https:\\\/\\\/tajkertesz.com\\\/#organization\",\"name\":\"T\u00e1j-Kert\u00e9sz 84 Kft.\",\"url\":\"https:\\\/\\\/tajkertesz.com\\\/\",\"logo\":{\"@type\":\"ImageObject\",\"inLanguage\":\"en-US\",\"@id\":\"https:\\\/\\\/tajkertesz.com\\\/#\\\/schema\\\/logo\\\/image\\\/\",\"url\":\"https:\\\/\\\/tajkertesz.com\\\/wp-content\\\/uploads\\\/2018\\\/02\\\/logo-2-e1518678052539.png\",\"contentUrl\":\"https:\\\/\\\/tajkertesz.com\\\/wp-content\\\/uploads\\\/2018\\\/02\\\/logo-2-e1518678052539.png\",\"width\":81,\"height\":140,\"caption\":\"T\u00e1j-Kert\u00e9sz 84 Kft.\"},\"image\":{\"@id\":\"https:\\\/\\\/tajkertesz.com\\\/#\\\/schema\\\/logo\\\/image\\\/\"},\"sameAs\":[\"https:\\\/\\\/www.facebook.com\\\/Tajkertesz\\\/\"]}]}<\/script>\n<!-- \/ Yoast SEO plugin. -->","yoast_head_json":{"title":"Berberis julianae ,J\u00falia borbolya - T\u00e1jkert\u00e9sz","description":"A Berberis julianae , J\u00falia borbolya 2-3 m\u00e9ter magas, s\u0171r\u0171, \u00f6r\u00f6kz\u00f6ld level\u0171, t\u00fcsk\u00e9s, g\u00f6mb\u00f6lyded alak\u00fa bokor \u00e9s kiv\u00e1l\u00f3 s\u00f6v\u00e9ny n\u00f6v\u00e9ny.","robots":{"index":"index","follow":"follow","max-snippet":"max-snippet:-1","max-image-preview":"max-image-preview:large","max-video-preview":"max-video-preview:-1"},"canonical":"https:\/\/tajkertesz.com\/en_US\/product\/berberis-julianae-julia-borbolya\/","og_locale":"en_US","og_type":"article","og_title":"Berberis julianae ,J\u00falia borbolya - T\u00e1jkert\u00e9sz","og_description":"A Berberis julianae , J\u00falia borbolya 2-3 m\u00e9ter magas, s\u0171r\u0171, \u00f6r\u00f6kz\u00f6ld level\u0171, t\u00fcsk\u00e9s, g\u00f6mb\u00f6lyded alak\u00fa bokor \u00e9s kiv\u00e1l\u00f3 s\u00f6v\u00e9ny n\u00f6v\u00e9ny.","og_url":"https:\/\/tajkertesz.com\/en_US\/product\/berberis-julianae-julia-borbolya\/","og_site_name":"T\u00e1jkert\u00e9sz","article_publisher":"https:\/\/www.facebook.com\/Tajkertesz\/","article_modified_time":"2024-09-30T14:44:46+00:00","og_image":[{"width":929,"height":768,"url":"https:\/\/tajkertesz.com\/wp-content\/uploads\/2020\/03\/Berberis-julianne.jpg","type":"image\/jpeg"}],"twitter_card":"summary_large_image","twitter_misc":{"Est. reading time":"3 minutes"},"schema":{"@context":"https:\/\/schema.org","@graph":[{"@type":"WebPage","@id":"https:\/\/tajkertesz.com\/termek\/berberis-julianae-julia-borbolya\/","url":"https:\/\/tajkertesz.com\/termek\/berberis-julianae-julia-borbolya\/","name":"Berberis julianae ,J\u00falia borbolya - T\u00e1jkert\u00e9sz","isPartOf":{"@id":"https:\/\/tajkertesz.com\/#website"},"primaryImageOfPage":{"@id":"https:\/\/tajkertesz.com\/termek\/berberis-julianae-julia-borbolya\/#primaryimage"},"image":{"@id":"https:\/\/tajkertesz.com\/termek\/berberis-julianae-julia-borbolya\/#primaryimage"},"thumbnailUrl":"https:\/\/tajkertesz.com\/wp-content\/uploads\/2020\/03\/Berberis-julianne.jpg","datePublished":"2020-03-05T08:22:41+00:00","dateModified":"2024-09-30T14:44:46+00:00","description":"A Berberis julianae , J\u00falia borbolya 2-3 m\u00e9ter magas, s\u0171r\u0171, \u00f6r\u00f6kz\u00f6ld level\u0171, t\u00fcsk\u00e9s, g\u00f6mb\u00f6lyded alak\u00fa bokor \u00e9s kiv\u00e1l\u00f3 s\u00f6v\u00e9ny n\u00f6v\u00e9ny.","breadcrumb":{"@id":"https:\/\/tajkertesz.com\/termek\/berberis-julianae-julia-borbolya\/#breadcrumb"},"inLanguage":"en-US","potentialAction":[{"@type":"ReadAction","target":["https:\/\/tajkertesz.com\/termek\/berberis-julianae-julia-borbolya\/"]}]},{"@type":"ImageObject","inLanguage":"en-US","@id":"https:\/\/tajkertesz.com\/termek\/berberis-julianae-julia-borbolya\/#primaryimage","url":"https:\/\/tajkertesz.com\/wp-content\/uploads\/2020\/03\/Berberis-julianne.jpg","contentUrl":"https:\/\/tajkertesz.com\/wp-content\/uploads\/2020\/03\/Berberis-julianne.jpg","width":929,"height":768},{"@type":"BreadcrumbList","@id":"https:\/\/tajkertesz.com\/termek\/berberis-julianae-julia-borbolya\/#breadcrumb","itemListElement":[{"@type":"ListItem","position":1,"name":"Home","item":"https:\/\/tajkertesz.com\/"},{"@type":"ListItem","position":2,"name":"Kezd\u0151lap","item":"https:\/\/tajkertesz.com\/"},{"@type":"ListItem","position":3,"name":"Berberis julianae ,J\u00falia borbolya"}]},{"@type":"WebSite","@id":"https:\/\/tajkertesz.com\/#website","url":"https:\/\/tajkertesz.com\/","name":"T\u00e1j-Kert\u00e9sz 84 Kft.","description":"Kert\u00e9szeti kis- \u00e9s nagykeresked\u00e9s, D\u00edszn\u00f6v\u00e9ny web\u00e1ruh\u00e1z orsz\u00e1gos h\u00e1zhozsz\u00e1ll\u00edt\u00e1ssal!","publisher":{"@id":"https:\/\/tajkertesz.com\/#organization"},"potentialAction":[{"@type":"SearchAction","target":{"@type":"EntryPoint","urlTemplate":"https:\/\/tajkertesz.com\/?s={search_term_string}"},"query-input":{"@type":"PropertyValueSpecification","valueRequired":true,"valueName":"search_term_string"}}],"inLanguage":"en-US"},{"@type":"Organization","@id":"https:\/\/tajkertesz.com\/#organization","name":"T\u00e1j-Kert\u00e9sz 84 Kft.","url":"https:\/\/tajkertesz.com\/","logo":{"@type":"ImageObject","inLanguage":"en-US","@id":"https:\/\/tajkertesz.com\/#\/schema\/logo\/image\/","url":"https:\/\/tajkertesz.com\/wp-content\/uploads\/2018\/02\/logo-2-e1518678052539.png","contentUrl":"https:\/\/tajkertesz.com\/wp-content\/uploads\/2018\/02\/logo-2-e1518678052539.png","width":81,"height":140,"caption":"T\u00e1j-Kert\u00e9sz 84 Kft."},"image":{"@id":"https:\/\/tajkertesz.com\/#\/schema\/logo\/image\/"},"sameAs":["https:\/\/www.facebook.com\/Tajkertesz\/"]}]}},"_links":{"self":[{"href":"https:\/\/tajkertesz.com\/en_US\/wp-json\/wp\/v2\/product\/1185","targetHints":{"allow":["GET"]}}],"collection":[{"href":"https:\/\/tajkertesz.com\/en_US\/wp-json\/wp\/v2\/product"}],"about":[{"href":"https:\/\/tajkertesz.com\/en_US\/wp-json\/wp\/v2\/types\/product"}],"wp:featuredmedia":[{"embeddable":true,"href":"https:\/\/tajkertesz.com\/en_US\/wp-json\/wp\/v2\/media\/1189"}],"wp:attachment":[{"href":"https:\/\/tajkertesz.com\/en_US\/wp-json\/wp\/v2\/media?parent=1185"}],"wp:term":[{"taxonomy":"product_brand","embeddable":true,"href":"https:\/\/tajkertesz.com\/en_US\/wp-json\/wp\/v2\/product_brand?post=1185"},{"taxonomy":"product_cat","embeddable":true,"href":"https:\/\/tajkertesz.com\/en_US\/wp-json\/wp\/v2\/product_cat?post=1185"},{"taxonomy":"product_tag","embeddable":true,"href":"https:\/\/tajkertesz.com\/en_US\/wp-json\/wp\/v2\/product_tag?post=1185"}],"curies":[{"name":"wp","href":"https:\/\/api.w.org\/{rel}","templated":true}]}}