{"id":11870,"date":"2021-12-01T11:04:38","date_gmt":"2021-12-01T11:04:38","guid":{"rendered":"https:\/\/tajkertesz.com\/?post_type=product&#038;p=11870"},"modified":"2025-11-25T14:33:11","modified_gmt":"2025-11-25T14:33:11","slug":"ezustfenyo-foldlabdas-11-m-2","status":"publish","type":"product","link":"https:\/\/tajkertesz.com\/en_US\/product\/ezustfenyo-foldlabdas-11-m-2\/","title":{"rendered":"Gy\u00f6keres ez\u00fcstfeny\u0151\/ Picea pungens &#8216;Glauca&#8217; 125\/150cm"},"content":{"rendered":"<h1 class=\"product-page-heading\">Ez\u00fcstfeny\u0151 f\u00f6ldlabd\u00e1s<\/h1>\n<p class=\"product-page-heading\">Ez\u00fcstfeny\u0151 az \u00f6r\u00f6kz\u00f6ld feny\u0151k csal\u00e1dj\u00e1nak tagja. Szab\u00e1lyos k\u00fap alakj\u00e1val, ez\u00fcst\u00f6s sz\u00edn\u00e9vel a kert egyik legk\u00fcl\u00f6nlegesebb n\u00f6v\u00e9nye lehet. Er\u0151teljes n\u00f6veked\u00e9s\u0171, ak\u00e1r 20 m-re is megn\u0151nek az alapfajt\u00e1k. Lombsz\u00edne el\u00e9g v\u00e1ltozatos. A legintenz\u00edvebb k\u00e9kesen ez\u00fcst sz\u00edn el\u0151\u00e1ll\u00edt\u00e1sa olt\u00e1ssal t\u00f6rt\u00e9nik, ezek az igazi oltott ez\u00fcstfeny\u0151k. M\u00edg a z\u00f6ldes, sz\u00fcrk\u00e9s, ez\u00fcst\u00f6s v\u00e1ltozatok a magoncok, melyek nem oltott feny\u0151k. Az ez\u00fcstfeny\u0151 kifejezetten ellen\u00e1ll\u00f3 t\u00edpus, szinte b\u00e1rmilyen ter\u00fcleten meg\u00e9l.<\/p>\n<p>kb. 100\/125cm<\/p>\n<p>Kertbe \u00fcltet\u00e9skor javasoljuk a marhatr\u00e1gya haszn\u00e1lat\u00e1t az \u00fcltet\u0151 g\u00f6d\u00f6rbe!\u00a0<span style=\"color: #ff0000;\"><a style=\"color: #ff0000;\" href=\"https:\/\/tajkertesz.com\/termek\/marhatragya-15-literes\/\">Katt. ide!<\/a><\/span><\/p>\n<p>Valamint a t\u0151zeget:\u00a0<span style=\"color: #ff0000;\"><a style=\"color: #ff0000;\" href=\"https:\/\/tajkertesz.com\/termek\/florimo-tozegkocka-25-l\/\">Katt. ide!<\/a><\/span><\/p>\n<p>Balkonl\u00e1d\u00e1ba\/d\u00e9zs\u00e1ba \u00fcltetve az \u00f6r\u00f6kz\u00f6ldeknek val\u00f3 f\u00f6ldet javasoljuk:\u00a0<span style=\"color: #ff0000;\"><a style=\"color: #ff0000;\" href=\"https:\/\/tajkertesz.com\/termek\/florimo-orokzold-viragfold-20-l\/\">Katt. ide.<\/a><\/span><\/p>\n<p><b><span style=\"font-family: 'Ubuntu',serif; color: black;\">K\u00e9szlet\u00fcnk napi szinten v\u00e1ltozik, ez\u00e9rt k\u00e9rj\u00fck, \u00e9rdekl\u0151dj\u00f6n szem\u00e9lyesen, telefonon vagy email-en.<\/span><\/b><\/p>\n<p style=\"line-height: 18.0pt; background: white; margin: 0cm 0cm 15.0pt 0cm;\"><b><span style=\"font-family: 'Ubuntu',serif; color: black;\">A v\u00e1ltoztat\u00e1s jog\u00e1t fenntartjuk!\u00a0<\/span><\/b><\/p>\n<p><a href=\"https:\/\/tajkertesz.com\/\">https:\/\/tajkertesz.com\/<\/a><\/p>\n<p><a href=\"https:\/\/www.facebook.com\/tajkertesz\">https:\/\/www.facebook.com\/tajkertesz<\/a><\/p>\n<p>200 cm \u00e9s 40 kg-ig a sz\u00e1ll\u00edt\u00e1s fut\u00e1rszolg\u00e1lattal lehets\u00e9ges, ezen m\u00e9retek felett egyedi sz\u00e1ll\u00edt\u00e1s egyeztet\u00e9se sz\u00fcks\u00e9ges.<\/p>\n<p>A K\u00e9pen l\u00e1that\u00f3 fa egy p\u00e9lda, k\u00fcldeni az \u00e9ppen aktu\u00e1lisan k\u00e9szleten l\u00e9v\u0151 feny\u0151kb\u0151l tudunk.<\/p>\n<p>&nbsp;<\/p>\n<h2><span id=\"El\u0151fordul\u00e1sa\" class=\"mw-headline\" style=\"color: #ffffff;\">El\u0151fordul\u00e1saKiss\u00e9 mKiss\u00e9 meszes talajt kimondottan szereti. Napon f\u00e9l\u00e1rny\u00e9kban egyar\u00e1nt meg\u00e9l. A hosszan tart\u00f3 sz\u00e1raz, ny\u00e1ri forr\u00f3s\u00e1gban \u00e9rdemes gyakrabban \u00f6nt\u00f6zni, hogy fejl\u0151d\u00e9se zavartalan legyen. Fiatalon kiss\u00e9 fagy\u00e9rz\u00e9keny, ez\u00e9rt takar\u00e1st ig\u00e9nyel.eszes talajt kimondottan szereti. Napon f\u00e9l\u00e1rny\u00e9kban egyar\u00e1nt meg\u00e9l. A hosszan tart\u00f3 sz\u00e1raz, ny\u00e1ri forr\u00f3s\u00e1gban \u00e9rdemes gyakrabban \u00f6nt\u00f6zni, hogy fejl\u0151d\u00e9se zavartalan legyen. Fiatalon kiss\u00e9 fagy\u00e9rz\u00e9keny, ez\u00e9rt takar\u00e1st ig\u00e9nyel.<\/span><\/h2>\n<p><span style=\"color: #ffffff;\">A repk\u00e9nykecsker\u00e1g\u00f3\u00a0<a style=\"color: #ffffff;\" title=\"\u00c1zsia\" href=\"https:\/\/hu.wikipedia.org\/wiki\/%C3%81zsia\">\u00c1zsi\u00e1ban<\/a>\u00a0\u0151shonos.<sup id=\"cite_ref-china-fortunei_4-0\" class=\"reference\"><a style=\"color: #ffffff;\" href=\"https:\/\/hu.wikipedia.org\/wiki\/Repk%C3%A9nykecsker%C3%A1g%C3%B3#cite_note-china-fortunei-4\">[4]<\/a><\/sup>\u00a0A k\u00f6vetkez\u0151 orsz\u00e1gokban \u00e9s ter\u00fcleteken tal\u00e1lhat\u00f3 meg term\u00e9szetes \u00e1llapotban:\u00a0<a style=\"color: #ffffff;\" title=\"F\u00fcl\u00f6p-szigetek\" href=\"https:\/\/hu.wikipedia.org\/wiki\/F%C3%BCl%C3%B6p-szigetek\">F\u00fcl\u00f6p-szigetek<\/a>,\u00a0<a style=\"color: #ffffff;\" title=\"India\" href=\"https:\/\/hu.wikipedia.org\/wiki\/India\">India<\/a>,\u00a0<a style=\"color: #ffffff;\" title=\"Indon\u00e9zia\" href=\"https:\/\/hu.wikipedia.org\/wiki\/Indon%C3%A9zia\">Indon\u00e9zia<\/a>,\u00a0<a style=\"color: #ffffff;\" title=\"Jap\u00e1n\" href=\"https:\/\/hu.wikipedia.org\/wiki\/Jap%C3%A1n\">Jap\u00e1n<\/a>,\u00a0<a style=\"color: #ffffff;\" title=\"K\u00edna\" href=\"https:\/\/hu.wikipedia.org\/wiki\/K%C3%ADna\">K\u00edna<\/a>,\u00a0<a style=\"color: #ffffff;\" title=\"Koreai-f\u00e9lsziget\" href=\"https:\/\/hu.wikipedia.org\/wiki\/Koreai-f%C3%A9lsziget\">Koreai-f\u00e9lsziget<\/a>,\u00a0<a style=\"color: #ffffff;\" title=\"Laosz\" href=\"https:\/\/hu.wikipedia.org\/wiki\/Laosz\">Laosz<\/a>,\u00a0<a style=\"color: #ffffff;\" title=\"Mianmar\" href=\"https:\/\/hu.wikipedia.org\/wiki\/Mianmar\">Mianmar<\/a>,\u00a0<a style=\"color: #ffffff;\" title=\"Thaif\u00f6ld\" href=\"https:\/\/hu.wikipedia.org\/wiki\/Thaif%C3%B6ld\">Thaif\u00f6ld<\/a>\u00a0\u00e9s\u00a0<a style=\"color: #ffffff;\" title=\"Vietn\u00e1m\" href=\"https:\/\/hu.wikipedia.org\/wiki\/Vietn%C3%A1m\">Vietn\u00e1m<\/a>.<\/span><\/p>\n<p><span style=\"color: #ffffff;\">3400 m\u00e9ter tengerszint f\u00f6l\u00f6tti magass\u00e1gban is meg\u00e9l.<\/span><\/p>\n<h2><span style=\"color: #ffffff;\"><span id=\"Megjelen.C3.A9se\"><\/span><span id=\"Megjelen\u00e9se\" class=\"mw-headline\">Megjelen\u00e9se<\/span><\/span><\/h2>\n<p><span style=\"color: #ffffff;\">Ez a kecsker\u00e1g\u00f3-faj\u00a0<a style=\"color: #ffffff;\" title=\"F\u00e1s sz\u00e1r\u00fa n\u00f6v\u00e9ny\" href=\"https:\/\/hu.wikipedia.org\/wiki\/F%C3%A1s_sz%C3%A1r%C3%BA_n%C3%B6v%C3%A9ny\">f\u00e1s sz\u00e1r\u00fa<\/a>,\u00a0<a style=\"color: #ffffff;\" title=\"\u00d6r\u00f6kz\u00f6ld n\u00f6v\u00e9ny\" href=\"https:\/\/hu.wikipedia.org\/wiki\/%C3%96r%C3%B6kz%C3%B6ld_n%C3%B6v%C3%A9ny\">\u00f6r\u00f6kz\u00f6ld<\/a>\u00a0k\u00fasz\u00f3<a style=\"color: #ffffff;\" title=\"Cserje\" href=\"https:\/\/hu.wikipedia.org\/wiki\/Cserje\">cserje<\/a>, amely az\u00a0<a style=\"color: #ffffff;\" title=\"Inda\" href=\"https:\/\/hu.wikipedia.org\/wiki\/Inda\">ind\u00e1k<\/a>\u00a0seg\u00edts\u00e9g\u00e9vel terjed. A\u00a0<a style=\"color: #ffffff;\" title=\"Sz\u00e1r (botanika)\" href=\"https:\/\/hu.wikipedia.org\/wiki\/Sz%C3%A1r_(botanika)\">sz\u00e1r\u00e1b\u00f3l<\/a>\u00a0kin\u00f6v\u0151 ind\u00e1k seg\u00edts\u00e9g\u00e9vel ak\u00e1r 20\u00a0<a style=\"color: #ffffff;\" title=\"M\u00e9ter\" href=\"https:\/\/hu.wikipedia.org\/wiki\/M%C3%A9ter\">m\u00e9ter<\/a>\u00a0hossz\u00fara is megn\u0151het. Megjelen\u00e9se \u00e9s \u00e9letm\u00f3dja\u00a0<a style=\"color: #ffffff;\" title=\"Konvergens evol\u00faci\u00f3\" href=\"https:\/\/hu.wikipedia.org\/wiki\/Konvergens_evol%C3%BAci%C3%B3\">konvergens evol\u00faci\u00f3t<\/a>\u00a0mutat a\u00a0<a style=\"color: #ffffff;\" title=\"Borosty\u00e1n (n\u00f6v\u00e9nynemzets\u00e9g)\" href=\"https:\/\/hu.wikipedia.org\/wiki\/Borosty%C3%A1n_(n%C3%B6v%C3%A9nynemzets%C3%A9g)\">borosty\u00e1nnal<\/a>. Mint a borosty\u00e1n eset\u00e9ben, a repk\u00e9nykecsker\u00e1g\u00f3 is fiatal kor\u00e1ban ivartalan k\u00fasz\u00f3 \u00e9letm\u00f3dot folytat; miut\u00e1n el\u00e9rte a gazdafa lombkoron\u00e1j\u00e1t, \u00e9s t\u00f6bb\u00a0<a style=\"color: #ffffff;\" title=\"Nap\" href=\"https:\/\/hu.wikipedia.org\/wiki\/Nap\">napf\u00e9nyhez<\/a>\u00a0jut, elkezdi \u00e9let\u00e9nek szaporod\u00f3, vir\u00e1gos szakasz\u00e1t.<\/span><\/p>\n<p><span style=\"color: #ffffff;\"><a style=\"color: #ffffff;\" title=\"Lev\u00e9l (botanika)\" href=\"https:\/\/hu.wikipedia.org\/wiki\/Lev%C3%A9l_(botanika)\">Levelei<\/a>\u00a0<a style=\"color: #ffffff;\" title=\"Ellipszis (g\u00f6rbe)\" href=\"https:\/\/hu.wikipedia.org\/wiki\/Ellipszis_(g%C3%B6rbe)\">ellipszis<\/a>\u00a0alak\u00faak \u00e9s \u00e1tellenesek, 2-6\u00a0centim\u00e9ter hossz\u00faak \u00e9s 1-3\u00a0centim\u00e9ter sz\u00e9lesek. Sz\u00e9l\u00fck finoman fogazott.\u00a0<a style=\"color: #ffffff;\" title=\"Vir\u00e1g (botanika)\" href=\"https:\/\/hu.wikipedia.org\/wiki\/Vir%C3%A1g_(botanika)\">Vir\u00e1gai<\/a>\u00a0alig \u00e9szrevehet\u0151k, 5\u00a0millim\u00e9ter \u00e1tm\u00e9r\u0151j\u0171ek; a vir\u00e1g 4\u00a0kis, z\u00f6ldes-s\u00e1rga\u00a0<a style=\"color: #ffffff;\" title=\"P\u00e1rta (botanika)\" href=\"https:\/\/hu.wikipedia.org\/wiki\/P%C3%A1rta_(botanika)\">sziromb\u00f3l<\/a>\u00a0tev\u0151dik \u00f6ssze. A\u00a0<a style=\"color: #ffffff;\" title=\"Term\u00e9s\" href=\"https:\/\/hu.wikipedia.org\/wiki\/Term%C3%A9s\">term\u00e9s<\/a>\u00a0halv\u00e1ny z\u00f6ld, \u00e9s n\u00e9gy r\u00e9szb\u0151l \u00e1ll. A\u00a0<a style=\"color: #ffffff;\" title=\"Mag\" href=\"https:\/\/hu.wikipedia.org\/wiki\/Mag\">magokat<\/a>\u00a0narancssz\u00edn\u0171 \u201eh\u00fas\u201d vesz k\u00f6r\u00fcl.<\/span><\/p>\n<p>&nbsp;<\/p>\n","protected":false},"excerpt":{"rendered":"<p>Ez\u00fcstfeny\u0151 f\u00f6ldlabd\u00e1s 1,1 m<\/p>","protected":false},"featured_media":14131,"template":"","meta":{"_et_pb_use_builder":"","_et_pb_old_content":"","_et_gb_content_width":""},"product_brand":[],"product_cat":[4029],"product_tag":[3483],"class_list":{"0":"post-11870","1":"product","2":"type-product","3":"status-publish","4":"has-post-thumbnail","6":"product_cat-ezustfenyok","7":"product_tag-ezustfenyo-foldlabdas","9":"first","10":"outofstock","11":"shipping-taxable","12":"purchasable","13":"product-type-simple"},"yoast_head":"<!-- This site is optimized with the Yoast SEO plugin v27.3 - https:\/\/yoast.com\/product\/yoast-seo-wordpress\/ -->\n<title>Gy\u00f6keres ez\u00fcstfeny\u0151\/ Picea pungens &#039;Glauca&#039; 125\/150cm - T\u00e1jkert\u00e9sz<\/title>\n<meta name=\"description\" content=\"Ez\u00fcstfeny\u0151 f\u00f6ldlabd\u00e1s. Szab\u00e1lyos k\u00fap alakj\u00e1val, ez\u00fcst\u00f6s sz\u00edn\u00e9vel a kert egyik legk\u00fcl\u00f6nlegesebb n\u00f6v\u00e9nye lehet. Er\u0151teljes n\u00f6veked\u00e9s\u0171.\" \/>\n<meta name=\"robots\" content=\"index, follow, max-snippet:-1, max-image-preview:large, max-video-preview:-1\" \/>\n<link rel=\"canonical\" href=\"https:\/\/tajkertesz.com\/en_US\/product\/ezustfenyo-foldlabdas-11-m-2\/\" \/>\n<meta property=\"og:locale\" content=\"en_US\" \/>\n<meta property=\"og:type\" content=\"article\" \/>\n<meta property=\"og:title\" content=\"Gy\u00f6keres ez\u00fcstfeny\u0151\/ Picea pungens &#039;Glauca&#039; 125\/150cm - T\u00e1jkert\u00e9sz\" \/>\n<meta property=\"og:description\" content=\"Ez\u00fcstfeny\u0151 f\u00f6ldlabd\u00e1s. Szab\u00e1lyos k\u00fap alakj\u00e1val, ez\u00fcst\u00f6s sz\u00edn\u00e9vel a kert egyik legk\u00fcl\u00f6nlegesebb n\u00f6v\u00e9nye lehet. Er\u0151teljes n\u00f6veked\u00e9s\u0171.\" \/>\n<meta property=\"og:url\" content=\"https:\/\/tajkertesz.com\/en_US\/product\/ezustfenyo-foldlabdas-11-m-2\/\" \/>\n<meta property=\"og:site_name\" content=\"T\u00e1jkert\u00e9sz\" \/>\n<meta property=\"article:publisher\" content=\"https:\/\/www.facebook.com\/Tajkertesz\/\" \/>\n<meta property=\"article:modified_time\" content=\"2025-11-25T14:33:11+00:00\" \/>\n<meta property=\"og:image\" content=\"https:\/\/tajkertesz.com\/wp-content\/uploads\/2021\/12\/20201202_083708-scaled.jpg\" \/>\n\t<meta property=\"og:image:width\" content=\"1152\" \/>\n\t<meta property=\"og:image:height\" content=\"2560\" \/>\n\t<meta property=\"og:image:type\" content=\"image\/jpeg\" \/>\n<meta name=\"twitter:card\" content=\"summary_large_image\" \/>\n<meta name=\"twitter:label1\" content=\"Est. reading time\" \/>\n\t<meta name=\"twitter:data1\" content=\"2 minutes\" \/>\n<script type=\"application\/ld+json\" class=\"yoast-schema-graph\">{\"@context\":\"https:\\\/\\\/schema.org\",\"@graph\":[{\"@type\":\"WebPage\",\"@id\":\"https:\\\/\\\/tajkertesz.com\\\/termek\\\/ezustfenyo-foldlabdas-11-m-2\\\/\",\"url\":\"https:\\\/\\\/tajkertesz.com\\\/termek\\\/ezustfenyo-foldlabdas-11-m-2\\\/\",\"name\":\"Gy\u00f6keres ez\u00fcstfeny\u0151\\\/ Picea pungens 'Glauca' 125\\\/150cm - T\u00e1jkert\u00e9sz\",\"isPartOf\":{\"@id\":\"https:\\\/\\\/tajkertesz.com\\\/#website\"},\"primaryImageOfPage\":{\"@id\":\"https:\\\/\\\/tajkertesz.com\\\/termek\\\/ezustfenyo-foldlabdas-11-m-2\\\/#primaryimage\"},\"image\":{\"@id\":\"https:\\\/\\\/tajkertesz.com\\\/termek\\\/ezustfenyo-foldlabdas-11-m-2\\\/#primaryimage\"},\"thumbnailUrl\":\"https:\\\/\\\/tajkertesz.com\\\/wp-content\\\/uploads\\\/2021\\\/12\\\/20201202_083708-scaled.jpg\",\"datePublished\":\"2021-12-01T11:04:38+00:00\",\"dateModified\":\"2025-11-25T14:33:11+00:00\",\"description\":\"Ez\u00fcstfeny\u0151 f\u00f6ldlabd\u00e1s. Szab\u00e1lyos k\u00fap alakj\u00e1val, ez\u00fcst\u00f6s sz\u00edn\u00e9vel a kert egyik legk\u00fcl\u00f6nlegesebb n\u00f6v\u00e9nye lehet. Er\u0151teljes n\u00f6veked\u00e9s\u0171.\",\"breadcrumb\":{\"@id\":\"https:\\\/\\\/tajkertesz.com\\\/termek\\\/ezustfenyo-foldlabdas-11-m-2\\\/#breadcrumb\"},\"inLanguage\":\"en-US\",\"potentialAction\":[{\"@type\":\"ReadAction\",\"target\":[\"https:\\\/\\\/tajkertesz.com\\\/termek\\\/ezustfenyo-foldlabdas-11-m-2\\\/\"]}]},{\"@type\":\"ImageObject\",\"inLanguage\":\"en-US\",\"@id\":\"https:\\\/\\\/tajkertesz.com\\\/termek\\\/ezustfenyo-foldlabdas-11-m-2\\\/#primaryimage\",\"url\":\"https:\\\/\\\/tajkertesz.com\\\/wp-content\\\/uploads\\\/2021\\\/12\\\/20201202_083708-scaled.jpg\",\"contentUrl\":\"https:\\\/\\\/tajkertesz.com\\\/wp-content\\\/uploads\\\/2021\\\/12\\\/20201202_083708-scaled.jpg\",\"width\":1152,\"height\":2560,\"caption\":\"Gy\u00f6keres ez\u00fcstfeny\u0151\\\/Picea pungens 'Glauca'125\\\/150cm.\"},{\"@type\":\"BreadcrumbList\",\"@id\":\"https:\\\/\\\/tajkertesz.com\\\/termek\\\/ezustfenyo-foldlabdas-11-m-2\\\/#breadcrumb\",\"itemListElement\":[{\"@type\":\"ListItem\",\"position\":1,\"name\":\"Home\",\"item\":\"https:\\\/\\\/tajkertesz.com\\\/\"},{\"@type\":\"ListItem\",\"position\":2,\"name\":\"Kezd\u0151lap\",\"item\":\"https:\\\/\\\/tajkertesz.com\\\/\"},{\"@type\":\"ListItem\",\"position\":3,\"name\":\"Gy\u00f6keres ez\u00fcstfeny\u0151\\\/ Picea pungens &#8216;Glauca&#8217; 125\\\/150cm\"}]},{\"@type\":\"WebSite\",\"@id\":\"https:\\\/\\\/tajkertesz.com\\\/#website\",\"url\":\"https:\\\/\\\/tajkertesz.com\\\/\",\"name\":\"T\u00e1j-Kert\u00e9sz 84 Kft.\",\"description\":\"Kert\u00e9szeti kis- \u00e9s nagykeresked\u00e9s, D\u00edszn\u00f6v\u00e9ny web\u00e1ruh\u00e1z orsz\u00e1gos h\u00e1zhozsz\u00e1ll\u00edt\u00e1ssal!\",\"publisher\":{\"@id\":\"https:\\\/\\\/tajkertesz.com\\\/#organization\"},\"potentialAction\":[{\"@type\":\"SearchAction\",\"target\":{\"@type\":\"EntryPoint\",\"urlTemplate\":\"https:\\\/\\\/tajkertesz.com\\\/?s={search_term_string}\"},\"query-input\":{\"@type\":\"PropertyValueSpecification\",\"valueRequired\":true,\"valueName\":\"search_term_string\"}}],\"inLanguage\":\"en-US\"},{\"@type\":\"Organization\",\"@id\":\"https:\\\/\\\/tajkertesz.com\\\/#organization\",\"name\":\"T\u00e1j-Kert\u00e9sz 84 Kft.\",\"url\":\"https:\\\/\\\/tajkertesz.com\\\/\",\"logo\":{\"@type\":\"ImageObject\",\"inLanguage\":\"en-US\",\"@id\":\"https:\\\/\\\/tajkertesz.com\\\/#\\\/schema\\\/logo\\\/image\\\/\",\"url\":\"https:\\\/\\\/tajkertesz.com\\\/wp-content\\\/uploads\\\/2018\\\/02\\\/logo-2-e1518678052539.png\",\"contentUrl\":\"https:\\\/\\\/tajkertesz.com\\\/wp-content\\\/uploads\\\/2018\\\/02\\\/logo-2-e1518678052539.png\",\"width\":81,\"height\":140,\"caption\":\"T\u00e1j-Kert\u00e9sz 84 Kft.\"},\"image\":{\"@id\":\"https:\\\/\\\/tajkertesz.com\\\/#\\\/schema\\\/logo\\\/image\\\/\"},\"sameAs\":[\"https:\\\/\\\/www.facebook.com\\\/Tajkertesz\\\/\"]}]}<\/script>\n<!-- \/ Yoast SEO plugin. -->","yoast_head_json":{"title":"Gy\u00f6keres ez\u00fcstfeny\u0151\/ Picea pungens 'Glauca' 125\/150cm - T\u00e1jkert\u00e9sz","description":"Ez\u00fcstfeny\u0151 f\u00f6ldlabd\u00e1s. Szab\u00e1lyos k\u00fap alakj\u00e1val, ez\u00fcst\u00f6s sz\u00edn\u00e9vel a kert egyik legk\u00fcl\u00f6nlegesebb n\u00f6v\u00e9nye lehet. Er\u0151teljes n\u00f6veked\u00e9s\u0171.","robots":{"index":"index","follow":"follow","max-snippet":"max-snippet:-1","max-image-preview":"max-image-preview:large","max-video-preview":"max-video-preview:-1"},"canonical":"https:\/\/tajkertesz.com\/en_US\/product\/ezustfenyo-foldlabdas-11-m-2\/","og_locale":"en_US","og_type":"article","og_title":"Gy\u00f6keres ez\u00fcstfeny\u0151\/ Picea pungens 'Glauca' 125\/150cm - T\u00e1jkert\u00e9sz","og_description":"Ez\u00fcstfeny\u0151 f\u00f6ldlabd\u00e1s. Szab\u00e1lyos k\u00fap alakj\u00e1val, ez\u00fcst\u00f6s sz\u00edn\u00e9vel a kert egyik legk\u00fcl\u00f6nlegesebb n\u00f6v\u00e9nye lehet. Er\u0151teljes n\u00f6veked\u00e9s\u0171.","og_url":"https:\/\/tajkertesz.com\/en_US\/product\/ezustfenyo-foldlabdas-11-m-2\/","og_site_name":"T\u00e1jkert\u00e9sz","article_publisher":"https:\/\/www.facebook.com\/Tajkertesz\/","article_modified_time":"2025-11-25T14:33:11+00:00","og_image":[{"width":1152,"height":2560,"url":"https:\/\/tajkertesz.com\/wp-content\/uploads\/2021\/12\/20201202_083708-scaled.jpg","type":"image\/jpeg"}],"twitter_card":"summary_large_image","twitter_misc":{"Est. reading time":"2 minutes"},"schema":{"@context":"https:\/\/schema.org","@graph":[{"@type":"WebPage","@id":"https:\/\/tajkertesz.com\/termek\/ezustfenyo-foldlabdas-11-m-2\/","url":"https:\/\/tajkertesz.com\/termek\/ezustfenyo-foldlabdas-11-m-2\/","name":"Gy\u00f6keres ez\u00fcstfeny\u0151\/ Picea pungens 'Glauca' 125\/150cm - T\u00e1jkert\u00e9sz","isPartOf":{"@id":"https:\/\/tajkertesz.com\/#website"},"primaryImageOfPage":{"@id":"https:\/\/tajkertesz.com\/termek\/ezustfenyo-foldlabdas-11-m-2\/#primaryimage"},"image":{"@id":"https:\/\/tajkertesz.com\/termek\/ezustfenyo-foldlabdas-11-m-2\/#primaryimage"},"thumbnailUrl":"https:\/\/tajkertesz.com\/wp-content\/uploads\/2021\/12\/20201202_083708-scaled.jpg","datePublished":"2021-12-01T11:04:38+00:00","dateModified":"2025-11-25T14:33:11+00:00","description":"Ez\u00fcstfeny\u0151 f\u00f6ldlabd\u00e1s. Szab\u00e1lyos k\u00fap alakj\u00e1val, ez\u00fcst\u00f6s sz\u00edn\u00e9vel a kert egyik legk\u00fcl\u00f6nlegesebb n\u00f6v\u00e9nye lehet. Er\u0151teljes n\u00f6veked\u00e9s\u0171.","breadcrumb":{"@id":"https:\/\/tajkertesz.com\/termek\/ezustfenyo-foldlabdas-11-m-2\/#breadcrumb"},"inLanguage":"en-US","potentialAction":[{"@type":"ReadAction","target":["https:\/\/tajkertesz.com\/termek\/ezustfenyo-foldlabdas-11-m-2\/"]}]},{"@type":"ImageObject","inLanguage":"en-US","@id":"https:\/\/tajkertesz.com\/termek\/ezustfenyo-foldlabdas-11-m-2\/#primaryimage","url":"https:\/\/tajkertesz.com\/wp-content\/uploads\/2021\/12\/20201202_083708-scaled.jpg","contentUrl":"https:\/\/tajkertesz.com\/wp-content\/uploads\/2021\/12\/20201202_083708-scaled.jpg","width":1152,"height":2560,"caption":"Gy\u00f6keres ez\u00fcstfeny\u0151\/Picea pungens 'Glauca'125\/150cm."},{"@type":"BreadcrumbList","@id":"https:\/\/tajkertesz.com\/termek\/ezustfenyo-foldlabdas-11-m-2\/#breadcrumb","itemListElement":[{"@type":"ListItem","position":1,"name":"Home","item":"https:\/\/tajkertesz.com\/"},{"@type":"ListItem","position":2,"name":"Kezd\u0151lap","item":"https:\/\/tajkertesz.com\/"},{"@type":"ListItem","position":3,"name":"Gy\u00f6keres ez\u00fcstfeny\u0151\/ Picea pungens &#8216;Glauca&#8217; 125\/150cm"}]},{"@type":"WebSite","@id":"https:\/\/tajkertesz.com\/#website","url":"https:\/\/tajkertesz.com\/","name":"T\u00e1j-Kert\u00e9sz 84 Kft.","description":"Kert\u00e9szeti kis- \u00e9s nagykeresked\u00e9s, D\u00edszn\u00f6v\u00e9ny web\u00e1ruh\u00e1z orsz\u00e1gos h\u00e1zhozsz\u00e1ll\u00edt\u00e1ssal!","publisher":{"@id":"https:\/\/tajkertesz.com\/#organization"},"potentialAction":[{"@type":"SearchAction","target":{"@type":"EntryPoint","urlTemplate":"https:\/\/tajkertesz.com\/?s={search_term_string}"},"query-input":{"@type":"PropertyValueSpecification","valueRequired":true,"valueName":"search_term_string"}}],"inLanguage":"en-US"},{"@type":"Organization","@id":"https:\/\/tajkertesz.com\/#organization","name":"T\u00e1j-Kert\u00e9sz 84 Kft.","url":"https:\/\/tajkertesz.com\/","logo":{"@type":"ImageObject","inLanguage":"en-US","@id":"https:\/\/tajkertesz.com\/#\/schema\/logo\/image\/","url":"https:\/\/tajkertesz.com\/wp-content\/uploads\/2018\/02\/logo-2-e1518678052539.png","contentUrl":"https:\/\/tajkertesz.com\/wp-content\/uploads\/2018\/02\/logo-2-e1518678052539.png","width":81,"height":140,"caption":"T\u00e1j-Kert\u00e9sz 84 Kft."},"image":{"@id":"https:\/\/tajkertesz.com\/#\/schema\/logo\/image\/"},"sameAs":["https:\/\/www.facebook.com\/Tajkertesz\/"]}]}},"_links":{"self":[{"href":"https:\/\/tajkertesz.com\/en_US\/wp-json\/wp\/v2\/product\/11870","targetHints":{"allow":["GET"]}}],"collection":[{"href":"https:\/\/tajkertesz.com\/en_US\/wp-json\/wp\/v2\/product"}],"about":[{"href":"https:\/\/tajkertesz.com\/en_US\/wp-json\/wp\/v2\/types\/product"}],"wp:featuredmedia":[{"embeddable":true,"href":"https:\/\/tajkertesz.com\/en_US\/wp-json\/wp\/v2\/media\/14131"}],"wp:attachment":[{"href":"https:\/\/tajkertesz.com\/en_US\/wp-json\/wp\/v2\/media?parent=11870"}],"wp:term":[{"taxonomy":"product_brand","embeddable":true,"href":"https:\/\/tajkertesz.com\/en_US\/wp-json\/wp\/v2\/product_brand?post=11870"},{"taxonomy":"product_cat","embeddable":true,"href":"https:\/\/tajkertesz.com\/en_US\/wp-json\/wp\/v2\/product_cat?post=11870"},{"taxonomy":"product_tag","embeddable":true,"href":"https:\/\/tajkertesz.com\/en_US\/wp-json\/wp\/v2\/product_tag?post=11870"}],"curies":[{"name":"wp","href":"https:\/\/api.w.org\/{rel}","templated":true}]}}