{"id":1190,"date":"2020-03-05T09:22:35","date_gmt":"2020-03-05T09:22:35","guid":{"rendered":"https:\/\/tajkertesz.com\/?post_type=product&#038;p=1190"},"modified":"2026-05-05T10:09:11","modified_gmt":"2026-05-05T10:09:11","slug":"berberis-thunbergii-aurea-borbolya","status":"publish","type":"product","link":"https:\/\/tajkertesz.com\/en_US\/product\/berberis-thunbergii-aurea-borbolya\/","title":{"rendered":"Berberis thunbergii &#8216;Aurea&#8217; ,S\u00e1rga level\u0171 t\u00f6rpe borbolya"},"content":{"rendered":"<p>Berberis thunbergii &#8216;Aurea&#8217; ,S\u00e1rga level\u0171 t\u00f6rpe borbolya<\/p>\n<p>A Berberis thunbergii &#8216;Aurea&#8217; ,S\u00e1rga level\u0171 t\u00f6rpe borbolya \u00e9rdekess\u00e9ge a k\u00fcl\u00f6nleges lombsz\u00edne.<\/p>\n<p><b>Alak:<\/b>\u00a050-60 cm-re n\u00f6v\u0151, t\u00f6rpe, s\u00e1rga lev\u00e9lzet\u0171 cserje<\/p>\n<p><b>Vir\u00e1g:<\/b>\u00a0jelent\u00e9ktelen s\u00e1rga vir\u00e1gait tavasszal hozza, term\u00e9se piros bogy\u00f3<\/p>\n<p><b>Term\u0151helyi ig\u00e9ny:<\/b> napos, f\u00e9l\u00e1rny\u00e9kos helyet \u00e9s\u00a0 t\u00e1pd\u00fas talajt kedvel.<\/p>\n<p><a href=\"https:\/\/tajkertesz.com\/\">https:\/\/tajkertesz.com\/<\/a><\/p>\n<p><a href=\"https:\/\/en.wikipedia.org\/wiki\/Berberis_thunbergii\">https:\/\/en.wikipedia.org\/wiki\/Berberis_thunbergii<\/a><\/p>\n<p>Berberis thunbergii &#8216;Aurea&#8217; ,S\u00e1rga level\u0171 t\u00f6rpe borbolya<\/p>\n<p><b>Alak:<\/b>\u00a050-60 cm-re n\u00f6v\u0151, t\u00f6rpe, s\u00e1rga lev\u00e9lzet\u0171 cserje<\/p>\n<p><b>Vir\u00e1g:<\/b>jelent\u00e9ktelen s\u00e1rga vir\u00e1gait tavasszal hozza, term\u00e9se piros bogy\u00f3<\/p>\n<p><b>Term\u0151helyi ig\u00e9ny:<\/b> napos, f\u00e9l\u00e1rny\u00e9kos helyet \u00e9s t\u00e1pd\u00fas talajt kedvel<\/p>\n<p><a href=\"https:\/\/tajkertesz.com\/\">https:\/\/tajkertesz.com\/<\/a><\/p>\n<p><a href=\"https:\/\/en.wikipedia.org\/wiki\/Berberis_thunbergii\">https:\/\/en.wikipedia.org\/wiki\/Berberis_thunbergii<\/a><\/p>\n<p>&nbsp;<\/p>\n<p>&nbsp;<\/p>\n<h2><span id=\"Description\" class=\"mw-headline\" style=\"color: #ffffff;\">Description<\/span><\/h2>\n<p><span style=\"color: #ffffff;\"><i>B. thunbergii<\/i>\u00a0has deeply grooved, brown, spiny branches with a single (occasionally tridentine) spine (actually a highly modified leaf) at each shoot node. The\u00a0<a class=\"mw-redirect\" style=\"color: #ffffff;\" title=\"Leaves\" href=\"https:\/\/en.wikipedia.org\/wiki\/Leaves\">leaves<\/a>\u00a0are green to blue-green (reddish or purple in some horticultural variants), very small, spatula to\u00a0<a class=\"mw-redirect\" style=\"color: #ffffff;\" title=\"Leaf shape\" href=\"https:\/\/en.wikipedia.org\/wiki\/Leaf_shape\">oval shaped<\/a>, 12\u201324\u00a0mm long and 3\u201315\u00a0mm broad; they are produced in clusters of 2\u20136 on a dwarf shoot in the axil of each spine. The\u00a0<a style=\"color: #ffffff;\" title=\"Flower\" href=\"https:\/\/en.wikipedia.org\/wiki\/Flower\">flowers<\/a>\u00a0are pale yellow, 5\u20138\u00a0mm diameter, produced in drooping 1\u20131.5\u00a0cm long umbrella-shaped clusters of 2\u20135; flowering is from mid spring to early summer. The edible fruit is a glossy bright red to orange-red, ovoid\u00a0<a style=\"color: #ffffff;\" title=\"Berry (botany)\" href=\"https:\/\/en.wikipedia.org\/wiki\/Berry_(botany)\">berry<\/a>\u00a07\u201310\u00a0mm long and 4\u20137\u00a0mm broad, containing a single\u00a0<a style=\"color: #ffffff;\" title=\"Seed\" href=\"https:\/\/en.wikipedia.org\/wiki\/Seed\">seed<\/a>. They mature during late summer and fall and persist through the winter.<sup id=\"cite_ref-nps_4-1\" class=\"reference\"><a style=\"color: #ffffff;\" href=\"https:\/\/en.wikipedia.org\/wiki\/Berberis_thunbergii#cite_note-nps-4\">[4]<\/a><\/sup><\/span><\/p>\n<h2><span id=\"Identification\" class=\"mw-headline\" style=\"color: #ffffff;\">Identification<\/span><\/h2>\n<p><span style=\"color: #ffffff;\">This species is sometimes confused with\u00a0<i><a style=\"color: #ffffff;\" title=\"Berberis canadensis\" href=\"https:\/\/en.wikipedia.org\/wiki\/Berberis_canadensis\">Berberis canadensis<\/a><\/i>\u00a0(American barberry),\u00a0<i><a style=\"color: #ffffff;\" title=\"Berberis vulgaris\" href=\"https:\/\/en.wikipedia.org\/wiki\/Berberis_vulgaris\">Berberis vulgaris<\/a><\/i>\u00a0(Common or European barberry), and other deciduous\u00a0<i>Berberis<\/i>\u00a0species; it is most readily distinguished by the flowers being produced in\u00a0<a style=\"color: #ffffff;\" title=\"Umbel\" href=\"https:\/\/en.wikipedia.org\/wiki\/Umbel\">umbels<\/a>, not\u00a0<a style=\"color: #ffffff;\" title=\"Raceme\" href=\"https:\/\/en.wikipedia.org\/wiki\/Raceme\">racemes<\/a>.<sup id=\"cite_ref-MDNR_6-0\" class=\"reference\"><a style=\"color: #ffffff;\" href=\"https:\/\/en.wikipedia.org\/wiki\/Berberis_thunbergii#cite_note-MDNR-6\">[6]<\/a><\/sup><\/span><\/p>\n<h2><span id=\"Cultivation\" class=\"mw-headline\" style=\"color: #ffffff;\">Cultivation<\/span><\/h2>\n<p>&nbsp;<\/p>\n","protected":false},"excerpt":{"rendered":"<p>A Berberis thunbergii &#8216;Aurea&#8217; ,S\u00e1rga level\u0171 t\u00f6rpe borbolya \u00e9rdekess\u00e9ge a k\u00fcl\u00f6nleges lombsz\u00edne.<\/p>\n<p><b>Alak:<\/b>\u00a050-60 cm-re n\u00f6v\u0151, t\u00f6rpe, s\u00e1rga lev\u00e9lzet\u0171 cserje<\/p>\n<p><b>Vir\u00e1g:<\/b>\u00a0jelent\u00e9ktelen s\u00e1rga vir\u00e1gait tavasszal hozza, term\u00e9se piros bogy\u00f3<\/p>\n<p><b>Term\u0151helyi ig\u00e9ny:<\/b> napos, f\u00e9l\u00e1rny\u00e9kos helyet \u00e9s\u00a0 t\u00e1pd\u00fas talajt kedvel.<\/p>\n<p>&nbsp;<\/p>","protected":false},"featured_media":1192,"template":"","meta":{"_et_pb_use_builder":"","_et_pb_old_content":"","_et_gb_content_width":""},"product_brand":[],"product_cat":[27],"product_tag":[253,179,254,168,255],"class_list":{"0":"post-1190","1":"product","2":"type-product","3":"status-publish","4":"has-post-thumbnail","6":"product_cat-cserjek","7":"product_tag-berberis-thunbergii-aurea","8":"product_tag-borbolya","9":"product_tag-levelu","10":"product_tag-sarga","11":"product_tag-torpe","13":"first","14":"instock","15":"shipping-taxable","16":"purchasable","17":"product-type-simple"},"yoast_head":"<!-- This site is optimized with the Yoast SEO plugin v27.5 - https:\/\/yoast.com\/product\/yoast-seo-wordpress\/ -->\n<title>Berberis thunbergii &#039;Aurea&#039; ,S\u00e1rga level\u0171 t\u00f6rpe borbolya - T\u00e1jkert\u00e9sz<\/title>\n<meta name=\"description\" content=\"A Berberis thunbergii &#039;Aurea&#039; ,S\u00e1rga level\u0171 t\u00f6rpe borbolya \u00e9rdekess\u00e9ge a k\u00fcl\u00f6nleges lombsz\u00edne.Jelent\u00e9ktelen s\u00e1rga vir\u00e1gait tavasszal hozza.\" \/>\n<meta name=\"robots\" content=\"index, follow, max-snippet:-1, max-image-preview:large, max-video-preview:-1\" \/>\n<link rel=\"canonical\" href=\"https:\/\/tajkertesz.com\/en_US\/product\/berberis-thunbergii-aurea-borbolya\/\" \/>\n<meta property=\"og:locale\" content=\"en_US\" \/>\n<meta property=\"og:type\" content=\"article\" \/>\n<meta property=\"og:title\" content=\"Berberis thunbergii &#039;Aurea&#039; ,S\u00e1rga level\u0171 t\u00f6rpe borbolya - T\u00e1jkert\u00e9sz\" \/>\n<meta property=\"og:description\" content=\"A Berberis thunbergii &#039;Aurea&#039; ,S\u00e1rga level\u0171 t\u00f6rpe borbolya \u00e9rdekess\u00e9ge a k\u00fcl\u00f6nleges lombsz\u00edne.Jelent\u00e9ktelen s\u00e1rga vir\u00e1gait tavasszal hozza.\" \/>\n<meta property=\"og:url\" content=\"https:\/\/tajkertesz.com\/en_US\/product\/berberis-thunbergii-aurea-borbolya\/\" \/>\n<meta property=\"og:site_name\" content=\"T\u00e1jkert\u00e9sz\" \/>\n<meta property=\"article:publisher\" content=\"https:\/\/www.facebook.com\/Tajkertesz\/\" \/>\n<meta property=\"article:modified_time\" content=\"2026-05-05T10:09:11+00:00\" \/>\n<meta property=\"og:image\" content=\"https:\/\/tajkertesz.com\/wp-content\/uploads\/2020\/03\/Berberis-Aurea.2.jpg\" \/>\n\t<meta property=\"og:image:width\" content=\"1300\" \/>\n\t<meta property=\"og:image:height\" content=\"975\" \/>\n\t<meta property=\"og:image:type\" content=\"image\/jpeg\" \/>\n<meta name=\"twitter:card\" content=\"summary_large_image\" \/>\n<meta name=\"twitter:label1\" content=\"Est. reading time\" \/>\n\t<meta name=\"twitter:data1\" content=\"2 minutes\" \/>\n<script type=\"application\/ld+json\" class=\"yoast-schema-graph\">{\"@context\":\"https:\\\/\\\/schema.org\",\"@graph\":[{\"@type\":\"WebPage\",\"@id\":\"https:\\\/\\\/tajkertesz.com\\\/termek\\\/berberis-thunbergii-aurea-borbolya\\\/\",\"url\":\"https:\\\/\\\/tajkertesz.com\\\/termek\\\/berberis-thunbergii-aurea-borbolya\\\/\",\"name\":\"Berberis thunbergii 'Aurea' ,S\u00e1rga level\u0171 t\u00f6rpe borbolya - T\u00e1jkert\u00e9sz\",\"isPartOf\":{\"@id\":\"https:\\\/\\\/tajkertesz.com\\\/#website\"},\"primaryImageOfPage\":{\"@id\":\"https:\\\/\\\/tajkertesz.com\\\/termek\\\/berberis-thunbergii-aurea-borbolya\\\/#primaryimage\"},\"image\":{\"@id\":\"https:\\\/\\\/tajkertesz.com\\\/termek\\\/berberis-thunbergii-aurea-borbolya\\\/#primaryimage\"},\"thumbnailUrl\":\"https:\\\/\\\/tajkertesz.com\\\/wp-content\\\/uploads\\\/2020\\\/03\\\/Berberis-Aurea.2.jpg\",\"datePublished\":\"2020-03-05T09:22:35+00:00\",\"dateModified\":\"2026-05-05T10:09:11+00:00\",\"description\":\"A Berberis thunbergii 'Aurea' ,S\u00e1rga level\u0171 t\u00f6rpe borbolya \u00e9rdekess\u00e9ge a k\u00fcl\u00f6nleges lombsz\u00edne.Jelent\u00e9ktelen s\u00e1rga vir\u00e1gait tavasszal hozza.\",\"breadcrumb\":{\"@id\":\"https:\\\/\\\/tajkertesz.com\\\/termek\\\/berberis-thunbergii-aurea-borbolya\\\/#breadcrumb\"},\"inLanguage\":\"en-US\",\"potentialAction\":[{\"@type\":\"ReadAction\",\"target\":[\"https:\\\/\\\/tajkertesz.com\\\/termek\\\/berberis-thunbergii-aurea-borbolya\\\/\"]}]},{\"@type\":\"ImageObject\",\"inLanguage\":\"en-US\",\"@id\":\"https:\\\/\\\/tajkertesz.com\\\/termek\\\/berberis-thunbergii-aurea-borbolya\\\/#primaryimage\",\"url\":\"https:\\\/\\\/tajkertesz.com\\\/wp-content\\\/uploads\\\/2020\\\/03\\\/Berberis-Aurea.2.jpg\",\"contentUrl\":\"https:\\\/\\\/tajkertesz.com\\\/wp-content\\\/uploads\\\/2020\\\/03\\\/Berberis-Aurea.2.jpg\",\"width\":1300,\"height\":975},{\"@type\":\"BreadcrumbList\",\"@id\":\"https:\\\/\\\/tajkertesz.com\\\/termek\\\/berberis-thunbergii-aurea-borbolya\\\/#breadcrumb\",\"itemListElement\":[{\"@type\":\"ListItem\",\"position\":1,\"name\":\"Home\",\"item\":\"https:\\\/\\\/tajkertesz.com\\\/\"},{\"@type\":\"ListItem\",\"position\":2,\"name\":\"Kezd\u0151lap\",\"item\":\"https:\\\/\\\/tajkertesz.com\\\/\"},{\"@type\":\"ListItem\",\"position\":3,\"name\":\"Berberis thunbergii &#8216;Aurea&#8217; ,S\u00e1rga level\u0171 t\u00f6rpe borbolya\"}]},{\"@type\":\"WebSite\",\"@id\":\"https:\\\/\\\/tajkertesz.com\\\/#website\",\"url\":\"https:\\\/\\\/tajkertesz.com\\\/\",\"name\":\"T\u00e1j-Kert\u00e9sz 84 Kft.\",\"description\":\"Kert\u00e9szeti kis- \u00e9s nagykeresked\u00e9s, D\u00edszn\u00f6v\u00e9ny web\u00e1ruh\u00e1z orsz\u00e1gos h\u00e1zhozsz\u00e1ll\u00edt\u00e1ssal!\",\"publisher\":{\"@id\":\"https:\\\/\\\/tajkertesz.com\\\/#organization\"},\"potentialAction\":[{\"@type\":\"SearchAction\",\"target\":{\"@type\":\"EntryPoint\",\"urlTemplate\":\"https:\\\/\\\/tajkertesz.com\\\/?s={search_term_string}\"},\"query-input\":{\"@type\":\"PropertyValueSpecification\",\"valueRequired\":true,\"valueName\":\"search_term_string\"}}],\"inLanguage\":\"en-US\"},{\"@type\":\"Organization\",\"@id\":\"https:\\\/\\\/tajkertesz.com\\\/#organization\",\"name\":\"T\u00e1j-Kert\u00e9sz 84 Kft.\",\"url\":\"https:\\\/\\\/tajkertesz.com\\\/\",\"logo\":{\"@type\":\"ImageObject\",\"inLanguage\":\"en-US\",\"@id\":\"https:\\\/\\\/tajkertesz.com\\\/#\\\/schema\\\/logo\\\/image\\\/\",\"url\":\"https:\\\/\\\/tajkertesz.com\\\/wp-content\\\/uploads\\\/2018\\\/02\\\/logo-2-e1518678052539.png\",\"contentUrl\":\"https:\\\/\\\/tajkertesz.com\\\/wp-content\\\/uploads\\\/2018\\\/02\\\/logo-2-e1518678052539.png\",\"width\":81,\"height\":140,\"caption\":\"T\u00e1j-Kert\u00e9sz 84 Kft.\"},\"image\":{\"@id\":\"https:\\\/\\\/tajkertesz.com\\\/#\\\/schema\\\/logo\\\/image\\\/\"},\"sameAs\":[\"https:\\\/\\\/www.facebook.com\\\/Tajkertesz\\\/\"]}]}<\/script>\n<!-- \/ Yoast SEO plugin. -->","yoast_head_json":{"title":"Berberis thunbergii 'Aurea' ,S\u00e1rga level\u0171 t\u00f6rpe borbolya - T\u00e1jkert\u00e9sz","description":"A Berberis thunbergii 'Aurea' ,S\u00e1rga level\u0171 t\u00f6rpe borbolya \u00e9rdekess\u00e9ge a k\u00fcl\u00f6nleges lombsz\u00edne.Jelent\u00e9ktelen s\u00e1rga vir\u00e1gait tavasszal hozza.","robots":{"index":"index","follow":"follow","max-snippet":"max-snippet:-1","max-image-preview":"max-image-preview:large","max-video-preview":"max-video-preview:-1"},"canonical":"https:\/\/tajkertesz.com\/en_US\/product\/berberis-thunbergii-aurea-borbolya\/","og_locale":"en_US","og_type":"article","og_title":"Berberis thunbergii 'Aurea' ,S\u00e1rga level\u0171 t\u00f6rpe borbolya - T\u00e1jkert\u00e9sz","og_description":"A Berberis thunbergii 'Aurea' ,S\u00e1rga level\u0171 t\u00f6rpe borbolya \u00e9rdekess\u00e9ge a k\u00fcl\u00f6nleges lombsz\u00edne.Jelent\u00e9ktelen s\u00e1rga vir\u00e1gait tavasszal hozza.","og_url":"https:\/\/tajkertesz.com\/en_US\/product\/berberis-thunbergii-aurea-borbolya\/","og_site_name":"T\u00e1jkert\u00e9sz","article_publisher":"https:\/\/www.facebook.com\/Tajkertesz\/","article_modified_time":"2026-05-05T10:09:11+00:00","og_image":[{"width":1300,"height":975,"url":"https:\/\/tajkertesz.com\/wp-content\/uploads\/2020\/03\/Berberis-Aurea.2.jpg","type":"image\/jpeg"}],"twitter_card":"summary_large_image","twitter_misc":{"Est. reading time":"2 minutes"},"schema":{"@context":"https:\/\/schema.org","@graph":[{"@type":"WebPage","@id":"https:\/\/tajkertesz.com\/termek\/berberis-thunbergii-aurea-borbolya\/","url":"https:\/\/tajkertesz.com\/termek\/berberis-thunbergii-aurea-borbolya\/","name":"Berberis thunbergii 'Aurea' ,S\u00e1rga level\u0171 t\u00f6rpe borbolya - T\u00e1jkert\u00e9sz","isPartOf":{"@id":"https:\/\/tajkertesz.com\/#website"},"primaryImageOfPage":{"@id":"https:\/\/tajkertesz.com\/termek\/berberis-thunbergii-aurea-borbolya\/#primaryimage"},"image":{"@id":"https:\/\/tajkertesz.com\/termek\/berberis-thunbergii-aurea-borbolya\/#primaryimage"},"thumbnailUrl":"https:\/\/tajkertesz.com\/wp-content\/uploads\/2020\/03\/Berberis-Aurea.2.jpg","datePublished":"2020-03-05T09:22:35+00:00","dateModified":"2026-05-05T10:09:11+00:00","description":"A Berberis thunbergii 'Aurea' ,S\u00e1rga level\u0171 t\u00f6rpe borbolya \u00e9rdekess\u00e9ge a k\u00fcl\u00f6nleges lombsz\u00edne.Jelent\u00e9ktelen s\u00e1rga vir\u00e1gait tavasszal hozza.","breadcrumb":{"@id":"https:\/\/tajkertesz.com\/termek\/berberis-thunbergii-aurea-borbolya\/#breadcrumb"},"inLanguage":"en-US","potentialAction":[{"@type":"ReadAction","target":["https:\/\/tajkertesz.com\/termek\/berberis-thunbergii-aurea-borbolya\/"]}]},{"@type":"ImageObject","inLanguage":"en-US","@id":"https:\/\/tajkertesz.com\/termek\/berberis-thunbergii-aurea-borbolya\/#primaryimage","url":"https:\/\/tajkertesz.com\/wp-content\/uploads\/2020\/03\/Berberis-Aurea.2.jpg","contentUrl":"https:\/\/tajkertesz.com\/wp-content\/uploads\/2020\/03\/Berberis-Aurea.2.jpg","width":1300,"height":975},{"@type":"BreadcrumbList","@id":"https:\/\/tajkertesz.com\/termek\/berberis-thunbergii-aurea-borbolya\/#breadcrumb","itemListElement":[{"@type":"ListItem","position":1,"name":"Home","item":"https:\/\/tajkertesz.com\/"},{"@type":"ListItem","position":2,"name":"Kezd\u0151lap","item":"https:\/\/tajkertesz.com\/"},{"@type":"ListItem","position":3,"name":"Berberis thunbergii &#8216;Aurea&#8217; ,S\u00e1rga level\u0171 t\u00f6rpe borbolya"}]},{"@type":"WebSite","@id":"https:\/\/tajkertesz.com\/#website","url":"https:\/\/tajkertesz.com\/","name":"T\u00e1j-Kert\u00e9sz 84 Kft.","description":"Kert\u00e9szeti kis- \u00e9s nagykeresked\u00e9s, D\u00edszn\u00f6v\u00e9ny web\u00e1ruh\u00e1z orsz\u00e1gos h\u00e1zhozsz\u00e1ll\u00edt\u00e1ssal!","publisher":{"@id":"https:\/\/tajkertesz.com\/#organization"},"potentialAction":[{"@type":"SearchAction","target":{"@type":"EntryPoint","urlTemplate":"https:\/\/tajkertesz.com\/?s={search_term_string}"},"query-input":{"@type":"PropertyValueSpecification","valueRequired":true,"valueName":"search_term_string"}}],"inLanguage":"en-US"},{"@type":"Organization","@id":"https:\/\/tajkertesz.com\/#organization","name":"T\u00e1j-Kert\u00e9sz 84 Kft.","url":"https:\/\/tajkertesz.com\/","logo":{"@type":"ImageObject","inLanguage":"en-US","@id":"https:\/\/tajkertesz.com\/#\/schema\/logo\/image\/","url":"https:\/\/tajkertesz.com\/wp-content\/uploads\/2018\/02\/logo-2-e1518678052539.png","contentUrl":"https:\/\/tajkertesz.com\/wp-content\/uploads\/2018\/02\/logo-2-e1518678052539.png","width":81,"height":140,"caption":"T\u00e1j-Kert\u00e9sz 84 Kft."},"image":{"@id":"https:\/\/tajkertesz.com\/#\/schema\/logo\/image\/"},"sameAs":["https:\/\/www.facebook.com\/Tajkertesz\/"]}]}},"_links":{"self":[{"href":"https:\/\/tajkertesz.com\/en_US\/wp-json\/wp\/v2\/product\/1190","targetHints":{"allow":["GET"]}}],"collection":[{"href":"https:\/\/tajkertesz.com\/en_US\/wp-json\/wp\/v2\/product"}],"about":[{"href":"https:\/\/tajkertesz.com\/en_US\/wp-json\/wp\/v2\/types\/product"}],"wp:featuredmedia":[{"embeddable":true,"href":"https:\/\/tajkertesz.com\/en_US\/wp-json\/wp\/v2\/media\/1192"}],"wp:attachment":[{"href":"https:\/\/tajkertesz.com\/en_US\/wp-json\/wp\/v2\/media?parent=1190"}],"wp:term":[{"taxonomy":"product_brand","embeddable":true,"href":"https:\/\/tajkertesz.com\/en_US\/wp-json\/wp\/v2\/product_brand?post=1190"},{"taxonomy":"product_cat","embeddable":true,"href":"https:\/\/tajkertesz.com\/en_US\/wp-json\/wp\/v2\/product_cat?post=1190"},{"taxonomy":"product_tag","embeddable":true,"href":"https:\/\/tajkertesz.com\/en_US\/wp-json\/wp\/v2\/product_tag?post=1190"}],"curies":[{"name":"wp","href":"https:\/\/api.w.org\/{rel}","templated":true}]}}