{"id":12049,"date":"2021-12-15T09:20:34","date_gmt":"2021-12-15T09:20:34","guid":{"rendered":"https:\/\/tajkertesz.com\/?post_type=product&#038;p=12049"},"modified":"2026-02-18T15:34:03","modified_gmt":"2026-02-18T15:34:03","slug":"amistar-10-ml-gombaolo-permetezoszer","status":"publish","type":"product","link":"https:\/\/tajkertesz.com\/en_US\/product\/amistar-10-ml-gombaolo-permetezoszer\/","title":{"rendered":"Amistar 10 ml gomba\u00f6l\u0151 permetez\u0151szer"},"content":{"rendered":"<h1 class=\"product-detail-name\">Amistar 10 ml gomba\u00f6l\u0151 permetez\u0151szer<\/h1>\n<div class=\"product-detail-title-after\">\n<div class=\"product-detail-manufacturer-wrap\">\n<p>Amistar 10 ml gomba\u00f6l\u0151 permetez\u0151szer<\/p>\n<h3><strong>H\u00e1zikerti felhaszn\u00e1l\u00e1s: 7-10 ml \/ 4-10 l v\u00edz \/ 100 m2<\/strong><\/h3>\n<p>A gombasejten bel\u00fcl a gomba l\u00e9tfontoss\u00e1g\u00fa szerv\u00e9ben, a mitokondriumban fejti ki hat\u00e1s\u00e1t. A mitokondriumon bel\u00fcli k\u00e9t koenzim, a citokr\u00f3m B \u00e9s C1 k\u00f6z\u00f6tt l\u00e9v\u0151 elektronsz\u00e1ll\u00edt\u00f3 rendszer m\u0171k\u00f6d\u00e9s\u00e9t g\u00e1tolja.<\/p>\n<p>Ezzel megakad\u00e1lyozza a gomba szempontj\u00e1b\u00f3l l\u00e9tfontoss\u00e1g\u00fa energiak\u00e9pz\u00e9st, valamint ezzel egy\u00fctt a gomba l\u00e9gz\u00e9s\u00e9t is. A gomba\u00f6l\u0151 szerek k\u00f6z\u00f6tt \u2013 \u00faj hat\u00e1sm\u00f3dj\u00e1nak k\u00f6sz\u00f6nhet\u0151en \u2013 olyan k\u00f3rokoz\u00f3k ellen is j\u00f3 hat\u00e9konys\u00e1got mutat, amelyek egy\u00e9b gomba\u00f6l\u0151 szerekkel szemben m\u00e1r toler\u00e1nsak.<\/p>\n<p>Az Amistar egyedi tulajdons\u00e1ga, hogy a sz\u00e9nhidr\u00e1tok be\u00e9p\u00fcl\u00e9s\u00e9t seg\u00edti, ez\u00e1ltal a term\u00e9sbiztons\u00e1got \u00e9s term\u00e9smennyis\u00e9g\u00e9t n\u00f6veli.<\/p>\n<p>MVI: 0 nap<br \/>\nKiszerel\u00e9s: 200 ml 1l 5 l<br \/>\nHat\u00f3anyagtartalom: 250 g\/ azoxistrobin<br \/>\nHat\u00f3anyag csal\u00e1d: strubilurinok<br \/>\nFormul\u00e1ci\u00f3: SC (szuszpenzi\u00f3 koncentr\u00e1tum)<br \/>\nK\u00f6rnyezeti besorol\u00e1s: V\u00edzi szervezetekre kifejezetten vesz\u00e9lyes. M\u00e9hvesz\u00e9lyess\u00e9g: nem jel\u00f6l\u00e9sk\u00f6teles.<br \/>\nForgalmi kateg\u00f3ria: III.<\/p>\n<h4>A hat\u00e9konys\u00e1g \u00e9rdek\u00e9ben a szer haszn\u00e1lat\u00e1t \u00e9rdemes 7-10 naponta megism\u00e9telni.<\/h4>\n<p>Kijuttat\u00e1skor v\u00e9d\u0151felszerel\u00e9s visel\u00e9se aj\u00e1nlott!<\/p>\n<h4>EC formul\u00e1ci\u00f3j\u00fa (Emulzi\u00f3 koncentr\u00e1tum) k\u00e9sz\u00edtm\u00e9nyekkel nem kombin\u00e1lhat\u00f3.<\/h4>\n<p><strong>Felhaszn\u00e1l\u00e1sa:<\/strong><\/p>\n<p>d\u00edszn\u00f6v\u00e9nyek: Lisztharmat, peronoszp\u00f3ra, rozsda, sz\u00fcrkepen\u00e9sz, altern\u00e1ria<br \/>\nkal\u00e1szosok: lev\u00e9l- \u00e9s kal\u00e1szbetegs\u00e9gek<br \/>\nburgonya: burgonyav\u00e9sz, altern\u00e1ria<br \/>\ncukorr\u00e9pa: lisztharmat, cerkosp\u00f3ra<br \/>\nparadicsom, toj\u00e1sgy\u00fcm\u00f6lcs: lisztharmat, paradicsomv\u00e9sz, altern\u00e1ria, szept\u00f3ria<br \/>\nhagym\u00e1k: peronoszp\u00f3ra, sz\u00fcrkepen\u00e9sz<br \/>\nsal\u00e1t\u00e1k, (end\u00edvia, rukkola, stb): peronoszp\u00f3ra, sz\u00fcrkepen\u00e9sz<br \/>\nsp\u00e1rga: rozsda<br \/>\ntorma: feh\u00e9r s\u00f6m\u00f6r, lisztharmat<br \/>\nbors\u00f3, bab, lencse,cukorbors\u00f3, z\u00f6ldbab: rozsda, lisztharmat, peronoszp\u00f3ra, aszkoh\u00edt\u00e1s foltoss\u00e1g<br \/>\ns\u00e1rgadinnye, g\u00f6r\u00f6gdinnye, t\u00f6kf\u00e9l\u00e9k: peronoszp\u00f3ra, lisztharmat<br \/>\nuborka, cukkini: lisztharmat, peronoszp\u00f3ra, sz\u00fcrkepen\u00e9sz<br \/>\nfejesk\u00e1poszta, kelk\u00e1poszta, bimb\u00f3s kel, k\u00ednai kel, karfiol, brokkoli, karal\u00e1b\u00e9: peronoszp\u00f3ra, altern\u00e1ria<br \/>\npaprika: lisztharmat, altern\u00e1ria, sz\u00fcrkepen\u00e9sz<br \/>\ns\u00e1rgar\u00e9pa: lisztharmat, altern\u00e1ria, sztemf\u00edlium, sz\u00fcrkepen\u00e9sz, feh\u00e9rpen\u00e9sz<br \/>\npetrezselyem, pasztern\u00e1k: peronoszp\u00f3ra, lisztharmat, szept\u00f3ria, sz\u00fcrkepen\u00e9sz, feh\u00e9rpen\u00e9sz<br \/>\nzeller: szept\u00f3ria, lisztharmat, sz\u00fcrkepen\u00e9sz, feh\u00e9rpen\u00e9sz<br \/>\nkoml\u00f3: peronoszp\u00f3ra, lisztharmat<br \/>\nretek, feketegy\u00f6k\u00e9r: peronoszp\u00f3ra<br \/>\nc\u00e9kla, takarm\u00e1nyr\u00e9pa: cerkosp\u00f3ra, rozsda, lisztharmat, peronoszp\u00f3ra<br \/>\nrepce, olajretek: altern\u00e1ria, f\u00f3ma, feh\u00e9rpen\u00e9sz, sz\u00fcrkepen\u00e9sz<\/p>\n<p><strong>Eg\u00e9szs\u00e9g\u00fcgyi v\u00e1rakoz\u00e1si id\u0151:<\/strong><br \/>\nparadicsom, paprika, toj\u00e1sgy\u00fcm\u00f6lcs, uborka, cukkini, s\u00e1rgadinnye, g\u00f6r\u00f6gdinnye, t\u00f6kf\u00e9l\u00e9k: 3 nap<br \/>\n\u00fajhagyma, z\u00f6ldbab, retek: 7 nap<br \/>\ns\u00e1rgar\u00e9pa, pasztern\u00e1k, petrezselyemgy\u00f6k\u00e9r, torma, cukorr\u00e9pa, c\u00e9kla, takarm\u00e1nyr\u00e9pa, feketegy\u00f6k\u00e9r: 10 nap<br \/>\nburgonya, v\u00f6r\u00f6shagyma, fokhagyma, mogyor\u00f3hagyma, fejtett bab, cukorbors\u00f3, k\u00e1posztaf\u00e9l\u00e9k, sal\u00e1taf\u00e9l\u00e9k, zellergum\u00f3, zellerlev\u00e9l, petrezselyemlev\u00e9l: 14 nap<br \/>\np\u00f3r\u00e9hagyma, repce, olajretek: 21 nap<br \/>\nkoml\u00f3: 28 nap<br \/>\nsz\u00e1raz h\u00fcvelyesek, kal\u00e1szosok: 35 nap<br \/>\ndoh\u00e1ny, d\u00edszn\u00f6v\u00e9nyek eset\u00e9ben nincs \u00e9lelmiszer-eg\u00e9szs\u00e9g\u00fcgyi korl\u00e1toz\u00e1s.<\/p>\n<p>&nbsp;<\/p>\n<\/div>\n<\/div>\n<p align=\"justify\"><a href=\"https:\/\/www.facebook.com\/tajkertesz\">https:\/\/www.facebook.com\/tajkertesz<\/a><\/p>\n<p align=\"justify\"><a href=\"http:\/\/www.tajkertesz.hu\">http:\/\/www.tajkertesz.hu<\/a><\/p>\n<h3 align=\"justify\">Kiz\u00e1r\u00f3lag szem\u00e9lyes \u00e1tv\u00e9tellel lehets\u00e9ges a term\u00e9k megv\u00e1s\u00e1rl\u00e1sa!<\/h3>\n<p style=\"line-height: 18.0pt; background: white; margin: 0cm 0cm 15.0pt 0cm;\"><b><span style=\"font-family: 'Ubuntu',sans-serif; color: black;\">K\u00e9szlet\u00fcnk napi szinten v\u00e1ltozik, ez\u00e9rt k\u00e9rj\u00fck, \u00e9rdekl\u0151dj\u00f6n szem\u00e9lyesen, telefonon vagy email-en.<br \/>\nA v\u00e1ltoztat\u00e1s jog\u00e1t fenntartjuk!\u00a0<\/span><\/b><\/p>\n<p><a href=\"https:\/\/tajkertesz.com\/\">https:\/\/tajkertesz.com\/<\/a><\/p>\n<p><a href=\"https:\/\/www.facebook.com\/tajkertesz\/\">https:\/\/www.facebook.com\/tajkertesz\/<\/a><\/p>\n<p>Kisz\u00e1ll\u00edt\u00e1s: 200cm-ig \u00e9s 40 kg-ig a sz\u00e1ll\u00edt\u00e1s fut\u00e1rszolg\u00e1lattal t\u00f6rt\u00e9nik.<\/p>\n<p>Szem\u00e9lyes \u00e1tv\u00e9tel nyitvatart\u00e1si id\u0151ben a 17. ker\u00fclet Bakancsos utca 7. sz\u00e1m alatti Kert\u00e9szeti \u00e1rud\u00e1nkban.<\/p>\n<p><b><u>Kert\u00e9p\u00edt\u0151k \u00e9s viszontelad\u00f3k regisztr\u00e1l\u00e1s ut\u00e1n egyedi kedvezm\u00e9nnyel v\u00e1s\u00e1rolhatnak kert\u00e9szeti kis-\u00e9s nagykeresked\u00e9s\u00fcnkben.<\/u><\/b><\/p>\n<p align=\"justify\"><span style=\"color: #ffffff;\">A k\u00e9sz\u00edtm\u00e9nyt a gyep ny\u00edr\u00e1s\u00e1t k\u00f6vet\u0151en, a k\u00e9tszik\u0171 gyomn\u00f6v\u00e9nyek n\u00f6veked\u00e9s\u00e9nek \u00fajb\u00f3li megindul\u00e1sa ut\u00e1n kell kijuttatni 10 l\/ha (100 ml \/ 100 m2) d\u00f3zisban. A kijuttat\u00e1shoz sz\u00fcks\u00e9ges v\u00edzmennyis\u00e9g 10 l \/ 100 m2. A kezel\u00e9sn\u00e9l \u00fcgyelni kell arra, hogy a permetl\u00e9 kult\u00farn\u00f6v\u00e9nyekre ne ker\u00fclj\u00f6n, mert azokat maradand\u00f3an k\u00e1ros\u00edtja.<\/span><\/p>\n<p align=\"justify\"><span style=\"color: #ffffff;\">A k\u00e9sz\u00edtm\u00e9ny alkalmazhat\u00f3 foltkezel\u00e9s \u00e9s teljes fel\u00fcletkezel\u00e9s form\u00e1j\u00e1ban. Egy veget\u00e1ci\u00f3s szakaszban maximum k\u00e9t kezel\u00e9s v\u00e9gezhet\u0151.<\/span><\/p>\n<div align=\"justify\"><\/div>","protected":false},"excerpt":{"rendered":"<h1 class=\"product-detail-name\">Amistar 10 ml gomba\u00f6l\u0151 permetez\u0151szer<\/h1>\n<p>Gomba\u00f6l\u0151 permetez\u0151szer<\/p>\n<p>H\u00e1zikerti felhaszn\u00e1l\u00e1s: 7-10 ml \/ 4-10 l v\u00edz \/ 100 m2<\/p>\n<p>A gombasejten bel\u00fcl a gomba l\u00e9tfontoss\u00e1g\u00fa szerv\u00e9ben, a mitokondriumban fejti ki hat\u00e1s\u00e1t.<\/p>\n<h3 align=\"justify\">Kiz\u00e1r\u00f3lag szem\u00e9lyes \u00e1tv\u00e9tellel lehets\u00e9ges a term\u00e9k megv\u00e1s\u00e1rl\u00e1sa!<\/h3>\n<div class=\"product-detail-title-after\">\n<div class=\"product-detail-manufacturer-wrap\" style=\"padding-left: 40px;\"><\/div>\n<\/div>","protected":false},"featured_media":12050,"template":"","meta":{"_et_pb_use_builder":"","_et_pb_old_content":"","_et_gb_content_width":""},"product_brand":[],"product_cat":[3421],"product_tag":[3541,4747,4740,4752,4332],"class_list":{"0":"post-12049","1":"product","2":"type-product","3":"status-publish","4":"has-post-thumbnail","6":"product_cat-gombaolo-szer","7":"product_tag-amistar-10-ml","8":"product_tag-gomba","9":"product_tag-gombaolo","10":"product_tag-permetezoszer","11":"product_tag-permetszer","13":"first","14":"instock","15":"shipping-taxable","16":"purchasable","17":"product-type-simple"},"yoast_head":"<!-- This site is optimized with the Yoast SEO plugin v27.3 - https:\/\/yoast.com\/product\/yoast-seo-wordpress\/ -->\n<title>Amistar 10 ml gomba\u00f6l\u0151 permetez\u0151szer - T\u00e1jkert\u00e9sz<\/title>\n<meta name=\"description\" content=\"Amistar 10 ml gomba\u00f6l\u0151 permetez\u0151szer. Hozamt\u00f6bblet \u00e9s min\u0151s\u00e9gbiztos\u00edt\u00e1s a term\u00e9szet erej\u00e9vel.H\u00e1zikerti felhaszn\u00e1l\u00e1s: 7-10 ml \/ 4-10 l v\u00edz \/ 100 m2\" \/>\n<meta name=\"robots\" content=\"index, follow, max-snippet:-1, max-image-preview:large, max-video-preview:-1\" \/>\n<link rel=\"canonical\" href=\"https:\/\/tajkertesz.com\/en_US\/product\/amistar-10-ml-gombaolo-permetezoszer\/\" \/>\n<meta property=\"og:locale\" content=\"en_US\" \/>\n<meta property=\"og:type\" content=\"article\" \/>\n<meta property=\"og:title\" content=\"Amistar 10 ml gomba\u00f6l\u0151 permetez\u0151szer - T\u00e1jkert\u00e9sz\" \/>\n<meta property=\"og:description\" content=\"Amistar 10 ml gomba\u00f6l\u0151 permetez\u0151szer. Hozamt\u00f6bblet \u00e9s min\u0151s\u00e9gbiztos\u00edt\u00e1s a term\u00e9szet erej\u00e9vel.H\u00e1zikerti felhaszn\u00e1l\u00e1s: 7-10 ml \/ 4-10 l v\u00edz \/ 100 m2\" \/>\n<meta property=\"og:url\" content=\"https:\/\/tajkertesz.com\/en_US\/product\/amistar-10-ml-gombaolo-permetezoszer\/\" \/>\n<meta property=\"og:site_name\" content=\"T\u00e1jkert\u00e9sz\" \/>\n<meta property=\"article:publisher\" content=\"https:\/\/www.facebook.com\/Tajkertesz\/\" \/>\n<meta property=\"article:modified_time\" content=\"2026-02-18T15:34:03+00:00\" \/>\n<meta property=\"og:image\" content=\"https:\/\/tajkertesz.com\/wp-content\/uploads\/2021\/12\/T07103-1-amistaramp_1920x1920.jpg\" \/>\n\t<meta property=\"og:image:width\" content=\"500\" \/>\n\t<meta property=\"og:image:height\" content=\"500\" \/>\n\t<meta property=\"og:image:type\" content=\"image\/jpeg\" \/>\n<meta name=\"twitter:card\" content=\"summary_large_image\" \/>\n<meta name=\"twitter:label1\" content=\"Est. reading time\" \/>\n\t<meta name=\"twitter:data1\" content=\"3 minutes\" \/>\n<script type=\"application\/ld+json\" class=\"yoast-schema-graph\">{\"@context\":\"https:\\\/\\\/schema.org\",\"@graph\":[{\"@type\":\"WebPage\",\"@id\":\"https:\\\/\\\/tajkertesz.com\\\/termek\\\/amistar-10-ml-gombaolo-permetezoszer\\\/\",\"url\":\"https:\\\/\\\/tajkertesz.com\\\/termek\\\/amistar-10-ml-gombaolo-permetezoszer\\\/\",\"name\":\"Amistar 10 ml gomba\u00f6l\u0151 permetez\u0151szer - T\u00e1jkert\u00e9sz\",\"isPartOf\":{\"@id\":\"https:\\\/\\\/tajkertesz.com\\\/#website\"},\"primaryImageOfPage\":{\"@id\":\"https:\\\/\\\/tajkertesz.com\\\/termek\\\/amistar-10-ml-gombaolo-permetezoszer\\\/#primaryimage\"},\"image\":{\"@id\":\"https:\\\/\\\/tajkertesz.com\\\/termek\\\/amistar-10-ml-gombaolo-permetezoszer\\\/#primaryimage\"},\"thumbnailUrl\":\"https:\\\/\\\/tajkertesz.com\\\/wp-content\\\/uploads\\\/2021\\\/12\\\/T07103-1-amistaramp_1920x1920.jpg\",\"datePublished\":\"2021-12-15T09:20:34+00:00\",\"dateModified\":\"2026-02-18T15:34:03+00:00\",\"description\":\"Amistar 10 ml gomba\u00f6l\u0151 permetez\u0151szer. Hozamt\u00f6bblet \u00e9s min\u0151s\u00e9gbiztos\u00edt\u00e1s a term\u00e9szet erej\u00e9vel.H\u00e1zikerti felhaszn\u00e1l\u00e1s: 7-10 ml \\\/ 4-10 l v\u00edz \\\/ 100 m2\",\"breadcrumb\":{\"@id\":\"https:\\\/\\\/tajkertesz.com\\\/termek\\\/amistar-10-ml-gombaolo-permetezoszer\\\/#breadcrumb\"},\"inLanguage\":\"en-US\",\"potentialAction\":[{\"@type\":\"ReadAction\",\"target\":[\"https:\\\/\\\/tajkertesz.com\\\/termek\\\/amistar-10-ml-gombaolo-permetezoszer\\\/\"]}]},{\"@type\":\"ImageObject\",\"inLanguage\":\"en-US\",\"@id\":\"https:\\\/\\\/tajkertesz.com\\\/termek\\\/amistar-10-ml-gombaolo-permetezoszer\\\/#primaryimage\",\"url\":\"https:\\\/\\\/tajkertesz.com\\\/wp-content\\\/uploads\\\/2021\\\/12\\\/T07103-1-amistaramp_1920x1920.jpg\",\"contentUrl\":\"https:\\\/\\\/tajkertesz.com\\\/wp-content\\\/uploads\\\/2021\\\/12\\\/T07103-1-amistaramp_1920x1920.jpg\",\"width\":500,\"height\":500,\"caption\":\"Amistar 10 ml gomba\u00f6l\u0151 permetez\u0151szer\"},{\"@type\":\"BreadcrumbList\",\"@id\":\"https:\\\/\\\/tajkertesz.com\\\/termek\\\/amistar-10-ml-gombaolo-permetezoszer\\\/#breadcrumb\",\"itemListElement\":[{\"@type\":\"ListItem\",\"position\":1,\"name\":\"Home\",\"item\":\"https:\\\/\\\/tajkertesz.com\\\/\"},{\"@type\":\"ListItem\",\"position\":2,\"name\":\"Kezd\u0151lap\",\"item\":\"https:\\\/\\\/tajkertesz.com\\\/\"},{\"@type\":\"ListItem\",\"position\":3,\"name\":\"Amistar 10 ml gomba\u00f6l\u0151 permetez\u0151szer\"}]},{\"@type\":\"WebSite\",\"@id\":\"https:\\\/\\\/tajkertesz.com\\\/#website\",\"url\":\"https:\\\/\\\/tajkertesz.com\\\/\",\"name\":\"T\u00e1j-Kert\u00e9sz 84 Kft.\",\"description\":\"Kert\u00e9szeti kis- \u00e9s nagykeresked\u00e9s, D\u00edszn\u00f6v\u00e9ny web\u00e1ruh\u00e1z orsz\u00e1gos h\u00e1zhozsz\u00e1ll\u00edt\u00e1ssal!\",\"publisher\":{\"@id\":\"https:\\\/\\\/tajkertesz.com\\\/#organization\"},\"potentialAction\":[{\"@type\":\"SearchAction\",\"target\":{\"@type\":\"EntryPoint\",\"urlTemplate\":\"https:\\\/\\\/tajkertesz.com\\\/?s={search_term_string}\"},\"query-input\":{\"@type\":\"PropertyValueSpecification\",\"valueRequired\":true,\"valueName\":\"search_term_string\"}}],\"inLanguage\":\"en-US\"},{\"@type\":\"Organization\",\"@id\":\"https:\\\/\\\/tajkertesz.com\\\/#organization\",\"name\":\"T\u00e1j-Kert\u00e9sz 84 Kft.\",\"url\":\"https:\\\/\\\/tajkertesz.com\\\/\",\"logo\":{\"@type\":\"ImageObject\",\"inLanguage\":\"en-US\",\"@id\":\"https:\\\/\\\/tajkertesz.com\\\/#\\\/schema\\\/logo\\\/image\\\/\",\"url\":\"https:\\\/\\\/tajkertesz.com\\\/wp-content\\\/uploads\\\/2018\\\/02\\\/logo-2-e1518678052539.png\",\"contentUrl\":\"https:\\\/\\\/tajkertesz.com\\\/wp-content\\\/uploads\\\/2018\\\/02\\\/logo-2-e1518678052539.png\",\"width\":81,\"height\":140,\"caption\":\"T\u00e1j-Kert\u00e9sz 84 Kft.\"},\"image\":{\"@id\":\"https:\\\/\\\/tajkertesz.com\\\/#\\\/schema\\\/logo\\\/image\\\/\"},\"sameAs\":[\"https:\\\/\\\/www.facebook.com\\\/Tajkertesz\\\/\"]}]}<\/script>\n<!-- \/ Yoast SEO plugin. -->","yoast_head_json":{"title":"Amistar 10 ml gomba\u00f6l\u0151 permetez\u0151szer - T\u00e1jkert\u00e9sz","description":"Amistar 10 ml gomba\u00f6l\u0151 permetez\u0151szer. Hozamt\u00f6bblet \u00e9s min\u0151s\u00e9gbiztos\u00edt\u00e1s a term\u00e9szet erej\u00e9vel.H\u00e1zikerti felhaszn\u00e1l\u00e1s: 7-10 ml \/ 4-10 l v\u00edz \/ 100 m2","robots":{"index":"index","follow":"follow","max-snippet":"max-snippet:-1","max-image-preview":"max-image-preview:large","max-video-preview":"max-video-preview:-1"},"canonical":"https:\/\/tajkertesz.com\/en_US\/product\/amistar-10-ml-gombaolo-permetezoszer\/","og_locale":"en_US","og_type":"article","og_title":"Amistar 10 ml gomba\u00f6l\u0151 permetez\u0151szer - T\u00e1jkert\u00e9sz","og_description":"Amistar 10 ml gomba\u00f6l\u0151 permetez\u0151szer. Hozamt\u00f6bblet \u00e9s min\u0151s\u00e9gbiztos\u00edt\u00e1s a term\u00e9szet erej\u00e9vel.H\u00e1zikerti felhaszn\u00e1l\u00e1s: 7-10 ml \/ 4-10 l v\u00edz \/ 100 m2","og_url":"https:\/\/tajkertesz.com\/en_US\/product\/amistar-10-ml-gombaolo-permetezoszer\/","og_site_name":"T\u00e1jkert\u00e9sz","article_publisher":"https:\/\/www.facebook.com\/Tajkertesz\/","article_modified_time":"2026-02-18T15:34:03+00:00","og_image":[{"width":500,"height":500,"url":"https:\/\/tajkertesz.com\/wp-content\/uploads\/2021\/12\/T07103-1-amistaramp_1920x1920.jpg","type":"image\/jpeg"}],"twitter_card":"summary_large_image","twitter_misc":{"Est. reading time":"3 minutes"},"schema":{"@context":"https:\/\/schema.org","@graph":[{"@type":"WebPage","@id":"https:\/\/tajkertesz.com\/termek\/amistar-10-ml-gombaolo-permetezoszer\/","url":"https:\/\/tajkertesz.com\/termek\/amistar-10-ml-gombaolo-permetezoszer\/","name":"Amistar 10 ml gomba\u00f6l\u0151 permetez\u0151szer - T\u00e1jkert\u00e9sz","isPartOf":{"@id":"https:\/\/tajkertesz.com\/#website"},"primaryImageOfPage":{"@id":"https:\/\/tajkertesz.com\/termek\/amistar-10-ml-gombaolo-permetezoszer\/#primaryimage"},"image":{"@id":"https:\/\/tajkertesz.com\/termek\/amistar-10-ml-gombaolo-permetezoszer\/#primaryimage"},"thumbnailUrl":"https:\/\/tajkertesz.com\/wp-content\/uploads\/2021\/12\/T07103-1-amistaramp_1920x1920.jpg","datePublished":"2021-12-15T09:20:34+00:00","dateModified":"2026-02-18T15:34:03+00:00","description":"Amistar 10 ml gomba\u00f6l\u0151 permetez\u0151szer. Hozamt\u00f6bblet \u00e9s min\u0151s\u00e9gbiztos\u00edt\u00e1s a term\u00e9szet erej\u00e9vel.H\u00e1zikerti felhaszn\u00e1l\u00e1s: 7-10 ml \/ 4-10 l v\u00edz \/ 100 m2","breadcrumb":{"@id":"https:\/\/tajkertesz.com\/termek\/amistar-10-ml-gombaolo-permetezoszer\/#breadcrumb"},"inLanguage":"en-US","potentialAction":[{"@type":"ReadAction","target":["https:\/\/tajkertesz.com\/termek\/amistar-10-ml-gombaolo-permetezoszer\/"]}]},{"@type":"ImageObject","inLanguage":"en-US","@id":"https:\/\/tajkertesz.com\/termek\/amistar-10-ml-gombaolo-permetezoszer\/#primaryimage","url":"https:\/\/tajkertesz.com\/wp-content\/uploads\/2021\/12\/T07103-1-amistaramp_1920x1920.jpg","contentUrl":"https:\/\/tajkertesz.com\/wp-content\/uploads\/2021\/12\/T07103-1-amistaramp_1920x1920.jpg","width":500,"height":500,"caption":"Amistar 10 ml gomba\u00f6l\u0151 permetez\u0151szer"},{"@type":"BreadcrumbList","@id":"https:\/\/tajkertesz.com\/termek\/amistar-10-ml-gombaolo-permetezoszer\/#breadcrumb","itemListElement":[{"@type":"ListItem","position":1,"name":"Home","item":"https:\/\/tajkertesz.com\/"},{"@type":"ListItem","position":2,"name":"Kezd\u0151lap","item":"https:\/\/tajkertesz.com\/"},{"@type":"ListItem","position":3,"name":"Amistar 10 ml gomba\u00f6l\u0151 permetez\u0151szer"}]},{"@type":"WebSite","@id":"https:\/\/tajkertesz.com\/#website","url":"https:\/\/tajkertesz.com\/","name":"T\u00e1j-Kert\u00e9sz 84 Kft.","description":"Kert\u00e9szeti kis- \u00e9s nagykeresked\u00e9s, D\u00edszn\u00f6v\u00e9ny web\u00e1ruh\u00e1z orsz\u00e1gos h\u00e1zhozsz\u00e1ll\u00edt\u00e1ssal!","publisher":{"@id":"https:\/\/tajkertesz.com\/#organization"},"potentialAction":[{"@type":"SearchAction","target":{"@type":"EntryPoint","urlTemplate":"https:\/\/tajkertesz.com\/?s={search_term_string}"},"query-input":{"@type":"PropertyValueSpecification","valueRequired":true,"valueName":"search_term_string"}}],"inLanguage":"en-US"},{"@type":"Organization","@id":"https:\/\/tajkertesz.com\/#organization","name":"T\u00e1j-Kert\u00e9sz 84 Kft.","url":"https:\/\/tajkertesz.com\/","logo":{"@type":"ImageObject","inLanguage":"en-US","@id":"https:\/\/tajkertesz.com\/#\/schema\/logo\/image\/","url":"https:\/\/tajkertesz.com\/wp-content\/uploads\/2018\/02\/logo-2-e1518678052539.png","contentUrl":"https:\/\/tajkertesz.com\/wp-content\/uploads\/2018\/02\/logo-2-e1518678052539.png","width":81,"height":140,"caption":"T\u00e1j-Kert\u00e9sz 84 Kft."},"image":{"@id":"https:\/\/tajkertesz.com\/#\/schema\/logo\/image\/"},"sameAs":["https:\/\/www.facebook.com\/Tajkertesz\/"]}]}},"_links":{"self":[{"href":"https:\/\/tajkertesz.com\/en_US\/wp-json\/wp\/v2\/product\/12049","targetHints":{"allow":["GET"]}}],"collection":[{"href":"https:\/\/tajkertesz.com\/en_US\/wp-json\/wp\/v2\/product"}],"about":[{"href":"https:\/\/tajkertesz.com\/en_US\/wp-json\/wp\/v2\/types\/product"}],"wp:featuredmedia":[{"embeddable":true,"href":"https:\/\/tajkertesz.com\/en_US\/wp-json\/wp\/v2\/media\/12050"}],"wp:attachment":[{"href":"https:\/\/tajkertesz.com\/en_US\/wp-json\/wp\/v2\/media?parent=12049"}],"wp:term":[{"taxonomy":"product_brand","embeddable":true,"href":"https:\/\/tajkertesz.com\/en_US\/wp-json\/wp\/v2\/product_brand?post=12049"},{"taxonomy":"product_cat","embeddable":true,"href":"https:\/\/tajkertesz.com\/en_US\/wp-json\/wp\/v2\/product_cat?post=12049"},{"taxonomy":"product_tag","embeddable":true,"href":"https:\/\/tajkertesz.com\/en_US\/wp-json\/wp\/v2\/product_tag?post=12049"}],"curies":[{"name":"wp","href":"https:\/\/api.w.org\/{rel}","templated":true}]}}