{"id":12051,"date":"2021-12-15T09:43:33","date_gmt":"2021-12-15T09:43:33","guid":{"rendered":"https:\/\/tajkertesz.com\/?post_type=product&#038;p=12051"},"modified":"2026-02-18T15:34:09","modified_gmt":"2026-02-18T15:34:09","slug":"thiovit-jet-1-kg","status":"publish","type":"product","link":"https:\/\/tajkertesz.com\/en_US\/product\/thiovit-jet-1-kg\/","title":{"rendered":"Thiovit Jet 1 kg"},"content":{"rendered":"<h1 class=\"product-detail-name\">Thiovit Jet 1 kg<\/h1>\n<div class=\"product-detail-title-after\">\n<div class=\"product-detail-manufacturer-wrap\"><\/div>\n<\/div>\n<div class=\"product-detail-title-after\">\n<div class=\"product-detail-manufacturer-wrap\">Thiovit Jet 1 kg<\/div>\n<\/div>\n<div class=\"product-detail-title-after\">\n<div class=\"product-detail-manufacturer-wrap\">\n<div class=\"product-detail-title-after\">\n<div class=\"product-detail-manufacturer-wrap\"><\/div>\n<\/div>\n<\/div>\n<\/div>\n<p class=\"product-detail-name\">H\u00e1zikerti felhaszn\u00e1l\u00e1s: 30-70 g\/10 l v\u00edz.<\/p>\n<p>A klasszikus k\u00e9n mikrogranul\u00e1lt formul\u00e1ci\u00f3ban. A Thiovit Jet modern k\u00e9nk\u00e9sz\u00edtm\u00e9ny, mely k\u00f6nnyen szuszpend\u00e1l\u00f3dik, a permetl\u00e9ben a kisebb \u00e9s nagyobb k\u00e9nszemcs\u00e9k ar\u00e1nya optim\u00e1lis. Ennek k\u00f6vetkezt\u00e9ben kit\u0171n\u0151 a hat\u00e9konys\u00e1ga, a kult\u00farn\u00f6v\u00e9nyt nem perzseli.<\/p>\n<p>Kal\u00e1szosok: lisztharmat 5,0 kg\/ha<br \/>\nCukorr\u00e9pa lisztharmat 5,0-6,0 kg\/ha<br \/>\nBurgonya lisztharmat 5,0-6,0 kg\/ha z\u00f6lds\u00e9gf\u00e9l\u00e9k lisztharmat 3,0-5,0 kg\/ha<br \/>\nAlma lisztharmat 3,0-7,5 kg\/ha. a Thiovit Jet a Chorus \u00e9s a Score ide\u00e1lis partnere. A sziszt\u00e9mikus blokkot k\u00f6vet\u0151en a kontakt varasod\u00e1s elleni k\u00e9sz\u00edtm\u00e9nyt felt\u00e9tlen\u00fcl kombin\u00e1ljuk Thiovit Jet-tel. Fakad\u00e1skor a d\u00f3zisa 7,5 kg\/ha, vir\u00e1gz\u00e1st\u00f3l 3 kg\/ha. A Thiovit Jet g\u00e1tolja az atk\u00e1k felszaporod\u00e1s\u00e1t is. csonth\u00e9jasok lev\u00e9llyukaszt\u00f3 gomb\u00e1k 3,0-7,5 kg\/ha. Vir\u00e1gz\u00e1s ut\u00e1n permetezz\u00fcnk Thiovit Jet-tel.<br \/>\nBogy\u00f3sok lisztharmat 3,0-7,0 kg\/ha t\u00f6lgy lisztharmat 1,5-3,0 kg\/ha sz\u0151l\u0151 sz\u0151l\u0151lev\u00e9latka lisztharmat 8,0-12,0 kg\/ha.<br \/>\nSz\u0151l\u0151ben fakad\u00e1s ut\u00e1n, vir\u00e1gz\u00e1s kezdet\u00e9ig javasoljuk kijuttatni, vir\u00e1gz\u00e1st\u00f3l 3-8 kg\/ha (lisztharmat ellen), amennyiben lev\u00e9latk\u00e1s fert\u0151z\u00e9s\u00fcnk van, a sz\u0151l\u0151 gyapjas \u00e9s kisleveles \u00e1llapot\u00e1ban alkalmazott 10-12 kg\/ha d\u00f3zis t\u00f6k\u00e9letes v\u00e9delmet ny\u00fajt.<\/p>\n<p>Csonth\u00e9jasokban vir\u00e1gz\u00e1s ut\u00e1n permetezz\u00fcnk Thiovit Jet-tel. Gabonaf\u00e9l\u00e9kben korai lisztharmat ellen sz\u00e1r-baindul\u00e1s kezdet\u00e9n kell kijuttatni. A Thiovit Jet term\u00e9szetes anyag, k\u00e9n, \u00edgy bio-termeszt\u00e9sben is alkalmazhat\u00f3 6\u20137 napos permetez\u00e9si fordul\u00f3kkal. A Thiovit Jet seg\u00edts\u00e9g\u00e9vel az eg\u00e9sz szezonban megb\u00edzhat\u00f3an v\u00e9dekezhet\u00fcnk lisztharmat ellen. Munkaeg\u00e9szs\u00e9g\u00fcgyi v\u00e1rakoz\u00e1si id\u0151: 0 nap M\u00e9regjelz\u00e9s, vesz\u00e9lyess\u00e9g: Vesz\u00e9lyjel: nem jel\u00f6l\u00e9sk\u00f6teles. M\u00e9hvesz\u00e9lyess\u00e9g: nem jel\u00f6l\u00e9sk\u00f6teles. \u00c9lelmez\u00e9s-eg\u00e9szs\u00e9g\u00fcgyi v\u00e1rakoz\u00e1si id\u0151: el\u0151\u00edr\u00e1s szerinti felhaszn\u00e1l\u00e1s eset\u00e9n korl\u00e1toz\u00e1s nincs.<\/p>\n<p>Forgalmi kateg\u00f3ria: III.<br \/>\nKiszerel\u00e9s: 3 g, 250 g, 1 kg, 20 kg<br \/>\nEltarthat\u00f3s\u00e1g: 3 \u00e9v<\/p>\n<p align=\"justify\"><a href=\"https:\/\/www.facebook.com\/tajkertesz\">https:\/\/www.facebook.com\/tajkertesz<\/a><\/p>\n<p align=\"justify\"><a href=\"http:\/\/www.tajkertesz.hu\">http:\/\/www.tajkertesz.hu<\/a><\/p>\n<p align=\"justify\"><a href=\"https:\/\/tajkertesz.com\/wp-content\/uploads\/2021\/11\/Thiovit.doc\">Thiovit<\/a><\/p>\n<h3 align=\"justify\">Kiz\u00e1r\u00f3lag szem\u00e9lyes \u00e1tv\u00e9tellel lehets\u00e9ges a term\u00e9k megv\u00e1s\u00e1rl\u00e1sa!<\/h3>\n<p align=\"justify\"><span style=\"color: #ffffff;\">A k\u00e9sz\u00edtm\u00e9nyt a gyep ny\u00edr\u00e1s\u00e1t k\u00f6vet\u0151en, a k\u00e9tszik\u0171 gyomn\u00f6v\u00e9nyek n\u00f6veked\u00e9s\u00e9nek \u00fajb\u00f3li megindul\u00e1sa ut\u00e1n kell kijuttatni 10 l\/ha (100 ml \/ 100 m2) d\u00f3zisban. A kijuttat\u00e1shoz sz\u00fcks\u00e9ges v\u00edzmennyis\u00e9g 10 l \/ 100 m2. A kezel\u00e9sn\u00e9l \u00fcgyelni kell arra, hogy a permetl\u00e9 kult\u00farn\u00f6v\u00e9nyekre ne ker\u00fclj\u00f6n, mert azokat maradand\u00f3an k\u00e1ros\u00edtja.<\/span><\/p>\n<p align=\"justify\"><span style=\"color: #ffffff;\">A k\u00e9sz\u00edtm\u00e9ny alkalmazhat\u00f3 foltkezel\u00e9s \u00e9s teljes fel\u00fcletkezel\u00e9s form\u00e1j\u00e1ban. Egy veget\u00e1ci\u00f3s szakaszban maximum k\u00e9t kezel\u00e9s v\u00e9gezhet\u0151.<\/span><\/p>\n<div align=\"justify\"><\/div>","protected":false},"excerpt":{"rendered":"<p class=\"product-detail-name\" style=\"text-align: center;\">Thiovit Jet 1 kg<\/p>\n<div class=\"product-detail-title-after\">\n<div class=\"product-detail-manufacturer-wrap\"><\/div>\n<\/div>\n<div class=\"product-detail-title-after\">\n<div class=\"product-detail-manufacturer-wrap\"><\/div>\n<\/div>\n<div class=\"product-detail-title-after\">\n<div class=\"product-detail-manufacturer-wrap\"><\/div>\n<\/div>\n<div class=\"product-detail-title-after\">\n<div class=\"product-detail-manufacturer-wrap\"><\/div>\n<\/div>","protected":false},"featured_media":12052,"template":"","meta":{"_et_pb_use_builder":"","_et_pb_old_content":"","_et_gb_content_width":""},"product_brand":[],"product_cat":[3421],"product_tag":[3542],"class_list":{"0":"post-12051","1":"product","2":"type-product","3":"status-publish","4":"has-post-thumbnail","6":"product_cat-gombaolo-szer","7":"product_tag-thiovit-jet-1-kg","9":"first","10":"outofstock","11":"shipping-taxable","12":"purchasable","13":"product-type-simple"},"yoast_head":"<!-- This site is optimized with the Yoast SEO plugin v27.3 - https:\/\/yoast.com\/product\/yoast-seo-wordpress\/ -->\n<title>Thiovit Jet 1 kg - T\u00e1jkert\u00e9sz<\/title>\n<meta name=\"description\" content=\"Thiovit Jet 1 kg\" \/>\n<meta name=\"robots\" content=\"index, follow, max-snippet:-1, max-image-preview:large, max-video-preview:-1\" \/>\n<link rel=\"canonical\" href=\"https:\/\/tajkertesz.com\/en_US\/product\/thiovit-jet-1-kg\/\" \/>\n<meta property=\"og:locale\" content=\"en_US\" \/>\n<meta property=\"og:type\" content=\"article\" \/>\n<meta property=\"og:title\" content=\"Thiovit Jet 1 kg - T\u00e1jkert\u00e9sz\" \/>\n<meta property=\"og:description\" content=\"Thiovit Jet 1 kg\" \/>\n<meta property=\"og:url\" content=\"https:\/\/tajkertesz.com\/en_US\/product\/thiovit-jet-1-kg\/\" \/>\n<meta property=\"og:site_name\" content=\"T\u00e1jkert\u00e9sz\" \/>\n<meta property=\"article:publisher\" content=\"https:\/\/www.facebook.com\/Tajkertesz\/\" \/>\n<meta property=\"article:modified_time\" content=\"2026-02-18T15:34:09+00:00\" \/>\n<meta property=\"og:image\" content=\"https:\/\/tajkertesz.com\/wp-content\/uploads\/2021\/12\/thiovit1.jpg\" \/>\n\t<meta property=\"og:image:width\" content=\"182\" \/>\n\t<meta property=\"og:image:height\" content=\"220\" \/>\n\t<meta property=\"og:image:type\" content=\"image\/jpeg\" \/>\n<meta name=\"twitter:card\" content=\"summary_large_image\" \/>\n<meta name=\"twitter:label1\" content=\"Est. reading time\" \/>\n\t<meta name=\"twitter:data1\" content=\"2 minutes\" \/>\n<script type=\"application\/ld+json\" class=\"yoast-schema-graph\">{\"@context\":\"https:\\\/\\\/schema.org\",\"@graph\":[{\"@type\":\"WebPage\",\"@id\":\"https:\\\/\\\/tajkertesz.com\\\/termek\\\/thiovit-jet-1-kg\\\/\",\"url\":\"https:\\\/\\\/tajkertesz.com\\\/termek\\\/thiovit-jet-1-kg\\\/\",\"name\":\"Thiovit Jet 1 kg - T\u00e1jkert\u00e9sz\",\"isPartOf\":{\"@id\":\"https:\\\/\\\/tajkertesz.com\\\/#website\"},\"primaryImageOfPage\":{\"@id\":\"https:\\\/\\\/tajkertesz.com\\\/termek\\\/thiovit-jet-1-kg\\\/#primaryimage\"},\"image\":{\"@id\":\"https:\\\/\\\/tajkertesz.com\\\/termek\\\/thiovit-jet-1-kg\\\/#primaryimage\"},\"thumbnailUrl\":\"https:\\\/\\\/tajkertesz.com\\\/wp-content\\\/uploads\\\/2021\\\/12\\\/thiovit1.jpg\",\"datePublished\":\"2021-12-15T09:43:33+00:00\",\"dateModified\":\"2026-02-18T15:34:09+00:00\",\"description\":\"Thiovit Jet 1 kg\",\"breadcrumb\":{\"@id\":\"https:\\\/\\\/tajkertesz.com\\\/termek\\\/thiovit-jet-1-kg\\\/#breadcrumb\"},\"inLanguage\":\"en-US\",\"potentialAction\":[{\"@type\":\"ReadAction\",\"target\":[\"https:\\\/\\\/tajkertesz.com\\\/termek\\\/thiovit-jet-1-kg\\\/\"]}]},{\"@type\":\"ImageObject\",\"inLanguage\":\"en-US\",\"@id\":\"https:\\\/\\\/tajkertesz.com\\\/termek\\\/thiovit-jet-1-kg\\\/#primaryimage\",\"url\":\"https:\\\/\\\/tajkertesz.com\\\/wp-content\\\/uploads\\\/2021\\\/12\\\/thiovit1.jpg\",\"contentUrl\":\"https:\\\/\\\/tajkertesz.com\\\/wp-content\\\/uploads\\\/2021\\\/12\\\/thiovit1.jpg\",\"width\":182,\"height\":220},{\"@type\":\"BreadcrumbList\",\"@id\":\"https:\\\/\\\/tajkertesz.com\\\/termek\\\/thiovit-jet-1-kg\\\/#breadcrumb\",\"itemListElement\":[{\"@type\":\"ListItem\",\"position\":1,\"name\":\"Home\",\"item\":\"https:\\\/\\\/tajkertesz.com\\\/\"},{\"@type\":\"ListItem\",\"position\":2,\"name\":\"Kezd\u0151lap\",\"item\":\"https:\\\/\\\/tajkertesz.com\\\/\"},{\"@type\":\"ListItem\",\"position\":3,\"name\":\"Thiovit Jet 1 kg\"}]},{\"@type\":\"WebSite\",\"@id\":\"https:\\\/\\\/tajkertesz.com\\\/#website\",\"url\":\"https:\\\/\\\/tajkertesz.com\\\/\",\"name\":\"T\u00e1j-Kert\u00e9sz 84 Kft.\",\"description\":\"Kert\u00e9szeti kis- \u00e9s nagykeresked\u00e9s, D\u00edszn\u00f6v\u00e9ny web\u00e1ruh\u00e1z orsz\u00e1gos h\u00e1zhozsz\u00e1ll\u00edt\u00e1ssal!\",\"publisher\":{\"@id\":\"https:\\\/\\\/tajkertesz.com\\\/#organization\"},\"potentialAction\":[{\"@type\":\"SearchAction\",\"target\":{\"@type\":\"EntryPoint\",\"urlTemplate\":\"https:\\\/\\\/tajkertesz.com\\\/?s={search_term_string}\"},\"query-input\":{\"@type\":\"PropertyValueSpecification\",\"valueRequired\":true,\"valueName\":\"search_term_string\"}}],\"inLanguage\":\"en-US\"},{\"@type\":\"Organization\",\"@id\":\"https:\\\/\\\/tajkertesz.com\\\/#organization\",\"name\":\"T\u00e1j-Kert\u00e9sz 84 Kft.\",\"url\":\"https:\\\/\\\/tajkertesz.com\\\/\",\"logo\":{\"@type\":\"ImageObject\",\"inLanguage\":\"en-US\",\"@id\":\"https:\\\/\\\/tajkertesz.com\\\/#\\\/schema\\\/logo\\\/image\\\/\",\"url\":\"https:\\\/\\\/tajkertesz.com\\\/wp-content\\\/uploads\\\/2018\\\/02\\\/logo-2-e1518678052539.png\",\"contentUrl\":\"https:\\\/\\\/tajkertesz.com\\\/wp-content\\\/uploads\\\/2018\\\/02\\\/logo-2-e1518678052539.png\",\"width\":81,\"height\":140,\"caption\":\"T\u00e1j-Kert\u00e9sz 84 Kft.\"},\"image\":{\"@id\":\"https:\\\/\\\/tajkertesz.com\\\/#\\\/schema\\\/logo\\\/image\\\/\"},\"sameAs\":[\"https:\\\/\\\/www.facebook.com\\\/Tajkertesz\\\/\"]}]}<\/script>\n<!-- \/ Yoast SEO plugin. -->","yoast_head_json":{"title":"Thiovit Jet 1 kg - T\u00e1jkert\u00e9sz","description":"Thiovit Jet 1 kg","robots":{"index":"index","follow":"follow","max-snippet":"max-snippet:-1","max-image-preview":"max-image-preview:large","max-video-preview":"max-video-preview:-1"},"canonical":"https:\/\/tajkertesz.com\/en_US\/product\/thiovit-jet-1-kg\/","og_locale":"en_US","og_type":"article","og_title":"Thiovit Jet 1 kg - T\u00e1jkert\u00e9sz","og_description":"Thiovit Jet 1 kg","og_url":"https:\/\/tajkertesz.com\/en_US\/product\/thiovit-jet-1-kg\/","og_site_name":"T\u00e1jkert\u00e9sz","article_publisher":"https:\/\/www.facebook.com\/Tajkertesz\/","article_modified_time":"2026-02-18T15:34:09+00:00","og_image":[{"width":182,"height":220,"url":"https:\/\/tajkertesz.com\/wp-content\/uploads\/2021\/12\/thiovit1.jpg","type":"image\/jpeg"}],"twitter_card":"summary_large_image","twitter_misc":{"Est. reading time":"2 minutes"},"schema":{"@context":"https:\/\/schema.org","@graph":[{"@type":"WebPage","@id":"https:\/\/tajkertesz.com\/termek\/thiovit-jet-1-kg\/","url":"https:\/\/tajkertesz.com\/termek\/thiovit-jet-1-kg\/","name":"Thiovit Jet 1 kg - T\u00e1jkert\u00e9sz","isPartOf":{"@id":"https:\/\/tajkertesz.com\/#website"},"primaryImageOfPage":{"@id":"https:\/\/tajkertesz.com\/termek\/thiovit-jet-1-kg\/#primaryimage"},"image":{"@id":"https:\/\/tajkertesz.com\/termek\/thiovit-jet-1-kg\/#primaryimage"},"thumbnailUrl":"https:\/\/tajkertesz.com\/wp-content\/uploads\/2021\/12\/thiovit1.jpg","datePublished":"2021-12-15T09:43:33+00:00","dateModified":"2026-02-18T15:34:09+00:00","description":"Thiovit Jet 1 kg","breadcrumb":{"@id":"https:\/\/tajkertesz.com\/termek\/thiovit-jet-1-kg\/#breadcrumb"},"inLanguage":"en-US","potentialAction":[{"@type":"ReadAction","target":["https:\/\/tajkertesz.com\/termek\/thiovit-jet-1-kg\/"]}]},{"@type":"ImageObject","inLanguage":"en-US","@id":"https:\/\/tajkertesz.com\/termek\/thiovit-jet-1-kg\/#primaryimage","url":"https:\/\/tajkertesz.com\/wp-content\/uploads\/2021\/12\/thiovit1.jpg","contentUrl":"https:\/\/tajkertesz.com\/wp-content\/uploads\/2021\/12\/thiovit1.jpg","width":182,"height":220},{"@type":"BreadcrumbList","@id":"https:\/\/tajkertesz.com\/termek\/thiovit-jet-1-kg\/#breadcrumb","itemListElement":[{"@type":"ListItem","position":1,"name":"Home","item":"https:\/\/tajkertesz.com\/"},{"@type":"ListItem","position":2,"name":"Kezd\u0151lap","item":"https:\/\/tajkertesz.com\/"},{"@type":"ListItem","position":3,"name":"Thiovit Jet 1 kg"}]},{"@type":"WebSite","@id":"https:\/\/tajkertesz.com\/#website","url":"https:\/\/tajkertesz.com\/","name":"T\u00e1j-Kert\u00e9sz 84 Kft.","description":"Kert\u00e9szeti kis- \u00e9s nagykeresked\u00e9s, D\u00edszn\u00f6v\u00e9ny web\u00e1ruh\u00e1z orsz\u00e1gos h\u00e1zhozsz\u00e1ll\u00edt\u00e1ssal!","publisher":{"@id":"https:\/\/tajkertesz.com\/#organization"},"potentialAction":[{"@type":"SearchAction","target":{"@type":"EntryPoint","urlTemplate":"https:\/\/tajkertesz.com\/?s={search_term_string}"},"query-input":{"@type":"PropertyValueSpecification","valueRequired":true,"valueName":"search_term_string"}}],"inLanguage":"en-US"},{"@type":"Organization","@id":"https:\/\/tajkertesz.com\/#organization","name":"T\u00e1j-Kert\u00e9sz 84 Kft.","url":"https:\/\/tajkertesz.com\/","logo":{"@type":"ImageObject","inLanguage":"en-US","@id":"https:\/\/tajkertesz.com\/#\/schema\/logo\/image\/","url":"https:\/\/tajkertesz.com\/wp-content\/uploads\/2018\/02\/logo-2-e1518678052539.png","contentUrl":"https:\/\/tajkertesz.com\/wp-content\/uploads\/2018\/02\/logo-2-e1518678052539.png","width":81,"height":140,"caption":"T\u00e1j-Kert\u00e9sz 84 Kft."},"image":{"@id":"https:\/\/tajkertesz.com\/#\/schema\/logo\/image\/"},"sameAs":["https:\/\/www.facebook.com\/Tajkertesz\/"]}]}},"_links":{"self":[{"href":"https:\/\/tajkertesz.com\/en_US\/wp-json\/wp\/v2\/product\/12051","targetHints":{"allow":["GET"]}}],"collection":[{"href":"https:\/\/tajkertesz.com\/en_US\/wp-json\/wp\/v2\/product"}],"about":[{"href":"https:\/\/tajkertesz.com\/en_US\/wp-json\/wp\/v2\/types\/product"}],"wp:featuredmedia":[{"embeddable":true,"href":"https:\/\/tajkertesz.com\/en_US\/wp-json\/wp\/v2\/media\/12052"}],"wp:attachment":[{"href":"https:\/\/tajkertesz.com\/en_US\/wp-json\/wp\/v2\/media?parent=12051"}],"wp:term":[{"taxonomy":"product_brand","embeddable":true,"href":"https:\/\/tajkertesz.com\/en_US\/wp-json\/wp\/v2\/product_brand?post=12051"},{"taxonomy":"product_cat","embeddable":true,"href":"https:\/\/tajkertesz.com\/en_US\/wp-json\/wp\/v2\/product_cat?post=12051"},{"taxonomy":"product_tag","embeddable":true,"href":"https:\/\/tajkertesz.com\/en_US\/wp-json\/wp\/v2\/product_tag?post=12051"}],"curies":[{"name":"wp","href":"https:\/\/api.w.org\/{rel}","templated":true}]}}