{"id":12053,"date":"2021-12-15T09:45:22","date_gmt":"2021-12-15T09:45:22","guid":{"rendered":"https:\/\/tajkertesz.com\/?post_type=product&#038;p=12053"},"modified":"2026-02-18T15:33:57","modified_gmt":"2026-02-18T15:33:57","slug":"topas-100-ec-55-ml-amp","status":"publish","type":"product","link":"https:\/\/tajkertesz.com\/en_US\/product\/topas-100-ec-55-ml-amp\/","title":{"rendered":"Topas 100 EC 5*5 ml amp."},"content":{"rendered":"<h1 class=\"product-detail-name\">Topas 100 EC 5*5 ml amp.<\/h1>\n<div class=\"product-detail-title-after\">\n<div class=\"product-detail-manufacturer-wrap\">Topas 100 EC 5*5 ml amp.<\/div>\n<\/div>\n<p class=\"product-detail-name\">H\u00e1zikerti felhaszn\u00e1l\u00e1s: 5 ml10 l v\u00edz.<\/p>\n<p>GOMBA\u00d6L\u0150 SZER<br \/>\nN\u00d6V\u00c9NYV\u00c9D\u0150 SZER<br \/>\nMunkaeg\u00e9szs\u00e9g\u00fcgyi v\u00e1rakoz\u00e1si id\u0151: 0 nap<br \/>\nHat\u00f3anyagtartalom: 100 g\/lpenkonazol<br \/>\nHat\u00f3anyag csal\u00e1d:<br \/>\ntriazolok<br \/>\nFormul\u00e1ci\u00f3: EC (emulzi\u00f3k\u00e9pz\u0151 permetez\u0151szer)<br \/>\nK\u00f6rnyezeti besorol\u00e1s: V\u00edzi szervezetekre k\u00f6zepesen vesz\u00e9lyes. M\u00e9hvesz\u00e9lyess\u00e9g: nem jel\u00f6l\u00e9sk\u00f6teles.<br \/>\n<span style=\"color: #ff0000;\"><em>Forgalmi kateg\u00f3ria: II. Csak n\u00f6v\u00e9nyv\u00e9delmi z\u00f6ldk\u00f6nyvvel v\u00e1s\u00e1rolhat\u00f3!<\/em><\/span><\/p>\n<p>Lisztharmat elleni felsz\u00edv\u00f3d\u00f3 k\u00e9sz\u00edtm\u00e9ny alm\u00e1ban, sz\u0151l\u0151ben, csonth\u00e9jasokban \u00e9s z\u00f6lds\u00e9gf\u00e9l\u00e9kben.<\/p>\n<p>HAT\u00c1SSPEKTRUM \u00c9S D\u00d3ZIS<br \/>\nKult\u00fara K\u00f3rokoz\u00f3 D\u00f3zis, \u00c9.V.I.<br \/>\nalmaterm\u00e9s\u0171ek<br \/>\n(alma, k\u00f6rte, birs, naspolya) lisztharmat,varasod\u00e1s 0,5 l\/ha 14 nap<\/p>\n<p>csonth\u00e9jasok mon\u00edlia,<br \/>\n(cseresznye,<br \/>\nmeggy, szilva ) mon\u00edlia,lisztharmat, gnom\u00f3ni\u00e1s lev\u00e9lfoltoss\u00e1g 0,5 l\/ha 7 nap<\/p>\n<p>csonth\u00e9jasok<br \/>\n(\u0151szibarack,<br \/>\nkajszibarack) mon\u00edlia,lisztharmat,gnom\u00f3ni\u00e1slev\u00e9lfoltoss\u00e1g 0,5l\/ha 14 nap<\/p>\n<p>paradicsom (hajtatott),<br \/>\npaprika (hajtatott) lisztharmat 0,5 l\/ha 7 nap<\/p>\n<p>sz\u0151l\u0151<br \/>\n(bor, csemege) lisztharmat 0,25\u20130,3 l\/ha 35 nap<\/p>\n<p>kabakosok<br \/>\n(uborka, dinnyef\u00e9l\u00e9k, t\u00f6kf\u00e9l\u00e9k) lisztharmat 0,35 l\/ha(hajtatott) 3 nap<br \/>\n(szabadf\u00f6ldi) 7 nap<br \/>\n7 nap<\/p>\n<p>r\u00f3zsa lisztharmat 0,5 l\/ha<\/p>\n<p>szam\u00f3ca lisztharmat, mikoszferell\u00e1s-, gnom\u00f3ni\u00e1s-,<br \/>\ndiplokarponos lev\u00e9lfoltoss\u00e1g 0,5 l\/ha 3 nap<\/p>\n<p>ribiszke, k\u00f6szm\u00e9te lisztharmat, mikoszferell\u00e1s lev\u00e9lfoltoss\u00e1g, rozsdabetegs\u00e9gek 0,25 l\/ha 21 nap<\/p>\n<p>k\u00f6zter\u00fcleti d\u00edszf\u00e1k, d\u00edszcserj\u00e9k \u00e9s d\u00edszn\u00f6v\u00e9nyek lisztharmat, apiognom\u00f3ni\u00e1s-, gnom\u00f3ni\u00e1s-,<br \/>\nguignardi\u00e1s betegs\u00e9g 0,5 l\/ha el\u0151\u00edr\u00e1sszer\u0171 felhaszn\u00e1l\u00e1s eset\u00e9n nem sz\u00fcks\u00e9ges<\/p>\n<p align=\"justify\"><a href=\"https:\/\/www.facebook.com\/tajkertesz\">https:\/\/www.facebook.com\/tajkertesz<\/a><\/p>\n<p align=\"justify\"><a href=\"http:\/\/www.tajkertesz.hu\">http:\/\/www.tajkertesz.hu<\/a><\/p>\n<p align=\"justify\"><a href=\"https:\/\/tajkertesz.com\/wp-content\/uploads\/2021\/12\/Topas100EC.doc\">Topas100EC<\/a><\/p>\n<h3 align=\"justify\">Kiz\u00e1r\u00f3lag szem\u00e9lyes \u00e1tv\u00e9tellel lehets\u00e9ges a term\u00e9k megv\u00e1s\u00e1rl\u00e1sa!<\/h3>\n<p align=\"justify\"><span style=\"color: #ffffff;\">A k\u00e9sz\u00edtm\u00e9nyt a gyep ny\u00edr\u00e1s\u00e1t k\u00f6vet\u0151en, a k\u00e9tszik\u0171 gyomn\u00f6v\u00e9nyek n\u00f6veked\u00e9s\u00e9nek \u00fajb\u00f3li megindul\u00e1sa ut\u00e1n kell kijuttatni 10 l\/ha (100 ml \/ 100 m2) d\u00f3zisban. A kijuttat\u00e1shoz sz\u00fcks\u00e9ges v\u00edzmennyis\u00e9g 10 l \/ 100 m2. A kezel\u00e9sn\u00e9l \u00fcgyelni kell arra, hogy a permetl\u00e9 kult\u00farn\u00f6v\u00e9nyekre ne ker\u00fclj\u00f6n, mert azokat maradand\u00f3an k\u00e1ros\u00edtja.<\/span><\/p>","protected":false},"excerpt":{"rendered":"<p class=\"product-detail-name\" style=\"text-align: left;\">Topas 100 EC 2,5 ml amp.<\/p>\n<p>Felsz\u00edv\u00f3d\u00f3 (szisztemikus) gomba\u00f6l\u0151szer.<\/p>\n<h2><span style=\"text-decoration: underline;\"><strong>Forgalmi kateg\u00f3ria: II. (csak n\u00f6v\u00e9nyv\u00e9delmi z\u00f6ldk\u00f6nyvvel v\u00e1s\u00e1rolhat\u00f3!)<\/strong><\/span><\/h2>\n<p>https:\/\/www.facebook.com\/tajkertesz<\/p>\n<p>http:\/\/www.tajkertesz.hu<\/p>\n<p>Mospilan-20-SG<\/p>\n<p><strong>Kiz\u00e1r\u00f3lag szem\u00e9lyes \u00e1tv\u00e9tellel lehets\u00e9ges a term\u00e9k megv\u00e1s\u00e1rl\u00e1sa!<\/strong><\/p>\n<div class=\"product-detail-title-after\">\n<div class=\"product-detail-manufacturer-wrap\"><\/div>\n<\/div>\n<div class=\"product-detail-title-after\">\n<div class=\"product-detail-manufacturer-wrap\"><\/div>\n<\/div>\n<div class=\"product-detail-title-after\">\n<div class=\"product-detail-manufacturer-wrap\"><\/div>\n<\/div>\n<div class=\"product-detail-title-after\">\n<div class=\"product-detail-manufacturer-wrap\"><\/div>\n<\/div>\n<div class=\"product-detail-title-after\">\n<div class=\"product-detail-manufacturer-wrap\"><\/div>\n<\/div>","protected":false},"featured_media":12055,"template":"","meta":{"_et_pb_use_builder":"","_et_pb_old_content":"","_et_gb_content_width":""},"product_brand":[],"product_cat":[3421],"product_tag":[4740,4752,3543],"class_list":{"0":"post-12053","1":"product","2":"type-product","3":"status-publish","4":"has-post-thumbnail","6":"product_cat-gombaolo-szer","7":"product_tag-gombaolo","8":"product_tag-permetezoszer","9":"product_tag-topas-100-ec-55-ml-amp","11":"first","12":"outofstock","13":"shipping-taxable","14":"purchasable","15":"product-type-simple"},"yoast_head":"<!-- This site is optimized with the Yoast SEO plugin v27.3 - https:\/\/yoast.com\/product\/yoast-seo-wordpress\/ -->\n<title>Topas 100 EC 5*5 ml amp. - T\u00e1jkert\u00e9sz<\/title>\n<meta name=\"description\" content=\"Topas 100 EC 5*5 ml amp. Lisztharmat elleni felsz\u00edv\u00f3d\u00f3 gomba\u00f6l\u0151 k\u00e9sz\u00edtm\u00e9ny alm\u00e1ban, sz\u0151l\u0151ben, csonth\u00e9jasokban \u00e9s z\u00f6lds\u00e9gf\u00e9l\u00e9kben.\" \/>\n<meta name=\"robots\" content=\"index, follow, max-snippet:-1, max-image-preview:large, max-video-preview:-1\" \/>\n<link rel=\"canonical\" href=\"https:\/\/tajkertesz.com\/en_US\/product\/topas-100-ec-55-ml-amp\/\" \/>\n<meta property=\"og:locale\" content=\"en_US\" \/>\n<meta property=\"og:type\" content=\"article\" \/>\n<meta property=\"og:title\" content=\"Topas 100 EC 5*5 ml amp. - T\u00e1jkert\u00e9sz\" \/>\n<meta property=\"og:description\" content=\"Topas 100 EC 5*5 ml amp. Lisztharmat elleni felsz\u00edv\u00f3d\u00f3 gomba\u00f6l\u0151 k\u00e9sz\u00edtm\u00e9ny alm\u00e1ban, sz\u0151l\u0151ben, csonth\u00e9jasokban \u00e9s z\u00f6lds\u00e9gf\u00e9l\u00e9kben.\" \/>\n<meta property=\"og:url\" content=\"https:\/\/tajkertesz.com\/en_US\/product\/topas-100-ec-55-ml-amp\/\" \/>\n<meta property=\"og:site_name\" content=\"T\u00e1jkert\u00e9sz\" \/>\n<meta property=\"article:publisher\" content=\"https:\/\/www.facebook.com\/Tajkertesz\/\" \/>\n<meta property=\"article:modified_time\" content=\"2026-02-18T15:33:57+00:00\" \/>\n<meta property=\"og:image\" content=\"https:\/\/tajkertesz.com\/wp-content\/uploads\/2021\/12\/topas5x5.jpg\" \/>\n\t<meta property=\"og:image:width\" content=\"1448\" \/>\n\t<meta property=\"og:image:height\" content=\"1920\" \/>\n\t<meta property=\"og:image:type\" content=\"image\/jpeg\" \/>\n<meta name=\"twitter:card\" content=\"summary_large_image\" \/>\n<meta name=\"twitter:label1\" content=\"Est. reading time\" \/>\n\t<meta name=\"twitter:data1\" content=\"2 minutes\" \/>\n<script type=\"application\/ld+json\" class=\"yoast-schema-graph\">{\"@context\":\"https:\\\/\\\/schema.org\",\"@graph\":[{\"@type\":\"WebPage\",\"@id\":\"https:\\\/\\\/tajkertesz.com\\\/termek\\\/topas-100-ec-55-ml-amp\\\/\",\"url\":\"https:\\\/\\\/tajkertesz.com\\\/termek\\\/topas-100-ec-55-ml-amp\\\/\",\"name\":\"Topas 100 EC 5*5 ml amp. - T\u00e1jkert\u00e9sz\",\"isPartOf\":{\"@id\":\"https:\\\/\\\/tajkertesz.com\\\/#website\"},\"primaryImageOfPage\":{\"@id\":\"https:\\\/\\\/tajkertesz.com\\\/termek\\\/topas-100-ec-55-ml-amp\\\/#primaryimage\"},\"image\":{\"@id\":\"https:\\\/\\\/tajkertesz.com\\\/termek\\\/topas-100-ec-55-ml-amp\\\/#primaryimage\"},\"thumbnailUrl\":\"https:\\\/\\\/tajkertesz.com\\\/wp-content\\\/uploads\\\/2021\\\/12\\\/topas5x5.jpg\",\"datePublished\":\"2021-12-15T09:45:22+00:00\",\"dateModified\":\"2026-02-18T15:33:57+00:00\",\"description\":\"Topas 100 EC 5*5 ml amp. Lisztharmat elleni felsz\u00edv\u00f3d\u00f3 gomba\u00f6l\u0151 k\u00e9sz\u00edtm\u00e9ny alm\u00e1ban, sz\u0151l\u0151ben, csonth\u00e9jasokban \u00e9s z\u00f6lds\u00e9gf\u00e9l\u00e9kben.\",\"breadcrumb\":{\"@id\":\"https:\\\/\\\/tajkertesz.com\\\/termek\\\/topas-100-ec-55-ml-amp\\\/#breadcrumb\"},\"inLanguage\":\"en-US\",\"potentialAction\":[{\"@type\":\"ReadAction\",\"target\":[\"https:\\\/\\\/tajkertesz.com\\\/termek\\\/topas-100-ec-55-ml-amp\\\/\"]}]},{\"@type\":\"ImageObject\",\"inLanguage\":\"en-US\",\"@id\":\"https:\\\/\\\/tajkertesz.com\\\/termek\\\/topas-100-ec-55-ml-amp\\\/#primaryimage\",\"url\":\"https:\\\/\\\/tajkertesz.com\\\/wp-content\\\/uploads\\\/2021\\\/12\\\/topas5x5.jpg\",\"contentUrl\":\"https:\\\/\\\/tajkertesz.com\\\/wp-content\\\/uploads\\\/2021\\\/12\\\/topas5x5.jpg\",\"width\":1448,\"height\":1920},{\"@type\":\"BreadcrumbList\",\"@id\":\"https:\\\/\\\/tajkertesz.com\\\/termek\\\/topas-100-ec-55-ml-amp\\\/#breadcrumb\",\"itemListElement\":[{\"@type\":\"ListItem\",\"position\":1,\"name\":\"Home\",\"item\":\"https:\\\/\\\/tajkertesz.com\\\/\"},{\"@type\":\"ListItem\",\"position\":2,\"name\":\"Kezd\u0151lap\",\"item\":\"https:\\\/\\\/tajkertesz.com\\\/\"},{\"@type\":\"ListItem\",\"position\":3,\"name\":\"Topas 100 EC 5*5 ml amp.\"}]},{\"@type\":\"WebSite\",\"@id\":\"https:\\\/\\\/tajkertesz.com\\\/#website\",\"url\":\"https:\\\/\\\/tajkertesz.com\\\/\",\"name\":\"T\u00e1j-Kert\u00e9sz 84 Kft.\",\"description\":\"Kert\u00e9szeti kis- \u00e9s nagykeresked\u00e9s, D\u00edszn\u00f6v\u00e9ny web\u00e1ruh\u00e1z orsz\u00e1gos h\u00e1zhozsz\u00e1ll\u00edt\u00e1ssal!\",\"publisher\":{\"@id\":\"https:\\\/\\\/tajkertesz.com\\\/#organization\"},\"potentialAction\":[{\"@type\":\"SearchAction\",\"target\":{\"@type\":\"EntryPoint\",\"urlTemplate\":\"https:\\\/\\\/tajkertesz.com\\\/?s={search_term_string}\"},\"query-input\":{\"@type\":\"PropertyValueSpecification\",\"valueRequired\":true,\"valueName\":\"search_term_string\"}}],\"inLanguage\":\"en-US\"},{\"@type\":\"Organization\",\"@id\":\"https:\\\/\\\/tajkertesz.com\\\/#organization\",\"name\":\"T\u00e1j-Kert\u00e9sz 84 Kft.\",\"url\":\"https:\\\/\\\/tajkertesz.com\\\/\",\"logo\":{\"@type\":\"ImageObject\",\"inLanguage\":\"en-US\",\"@id\":\"https:\\\/\\\/tajkertesz.com\\\/#\\\/schema\\\/logo\\\/image\\\/\",\"url\":\"https:\\\/\\\/tajkertesz.com\\\/wp-content\\\/uploads\\\/2018\\\/02\\\/logo-2-e1518678052539.png\",\"contentUrl\":\"https:\\\/\\\/tajkertesz.com\\\/wp-content\\\/uploads\\\/2018\\\/02\\\/logo-2-e1518678052539.png\",\"width\":81,\"height\":140,\"caption\":\"T\u00e1j-Kert\u00e9sz 84 Kft.\"},\"image\":{\"@id\":\"https:\\\/\\\/tajkertesz.com\\\/#\\\/schema\\\/logo\\\/image\\\/\"},\"sameAs\":[\"https:\\\/\\\/www.facebook.com\\\/Tajkertesz\\\/\"]}]}<\/script>\n<!-- \/ Yoast SEO plugin. -->","yoast_head_json":{"title":"Topas 100 EC 5*5 ml amp. - T\u00e1jkert\u00e9sz","description":"Topas 100 EC 5*5 ml amp. Lisztharmat elleni felsz\u00edv\u00f3d\u00f3 gomba\u00f6l\u0151 k\u00e9sz\u00edtm\u00e9ny alm\u00e1ban, sz\u0151l\u0151ben, csonth\u00e9jasokban \u00e9s z\u00f6lds\u00e9gf\u00e9l\u00e9kben.","robots":{"index":"index","follow":"follow","max-snippet":"max-snippet:-1","max-image-preview":"max-image-preview:large","max-video-preview":"max-video-preview:-1"},"canonical":"https:\/\/tajkertesz.com\/en_US\/product\/topas-100-ec-55-ml-amp\/","og_locale":"en_US","og_type":"article","og_title":"Topas 100 EC 5*5 ml amp. - T\u00e1jkert\u00e9sz","og_description":"Topas 100 EC 5*5 ml amp. Lisztharmat elleni felsz\u00edv\u00f3d\u00f3 gomba\u00f6l\u0151 k\u00e9sz\u00edtm\u00e9ny alm\u00e1ban, sz\u0151l\u0151ben, csonth\u00e9jasokban \u00e9s z\u00f6lds\u00e9gf\u00e9l\u00e9kben.","og_url":"https:\/\/tajkertesz.com\/en_US\/product\/topas-100-ec-55-ml-amp\/","og_site_name":"T\u00e1jkert\u00e9sz","article_publisher":"https:\/\/www.facebook.com\/Tajkertesz\/","article_modified_time":"2026-02-18T15:33:57+00:00","og_image":[{"width":1448,"height":1920,"url":"https:\/\/tajkertesz.com\/wp-content\/uploads\/2021\/12\/topas5x5.jpg","type":"image\/jpeg"}],"twitter_card":"summary_large_image","twitter_misc":{"Est. reading time":"2 minutes"},"schema":{"@context":"https:\/\/schema.org","@graph":[{"@type":"WebPage","@id":"https:\/\/tajkertesz.com\/termek\/topas-100-ec-55-ml-amp\/","url":"https:\/\/tajkertesz.com\/termek\/topas-100-ec-55-ml-amp\/","name":"Topas 100 EC 5*5 ml amp. - T\u00e1jkert\u00e9sz","isPartOf":{"@id":"https:\/\/tajkertesz.com\/#website"},"primaryImageOfPage":{"@id":"https:\/\/tajkertesz.com\/termek\/topas-100-ec-55-ml-amp\/#primaryimage"},"image":{"@id":"https:\/\/tajkertesz.com\/termek\/topas-100-ec-55-ml-amp\/#primaryimage"},"thumbnailUrl":"https:\/\/tajkertesz.com\/wp-content\/uploads\/2021\/12\/topas5x5.jpg","datePublished":"2021-12-15T09:45:22+00:00","dateModified":"2026-02-18T15:33:57+00:00","description":"Topas 100 EC 5*5 ml amp. Lisztharmat elleni felsz\u00edv\u00f3d\u00f3 gomba\u00f6l\u0151 k\u00e9sz\u00edtm\u00e9ny alm\u00e1ban, sz\u0151l\u0151ben, csonth\u00e9jasokban \u00e9s z\u00f6lds\u00e9gf\u00e9l\u00e9kben.","breadcrumb":{"@id":"https:\/\/tajkertesz.com\/termek\/topas-100-ec-55-ml-amp\/#breadcrumb"},"inLanguage":"en-US","potentialAction":[{"@type":"ReadAction","target":["https:\/\/tajkertesz.com\/termek\/topas-100-ec-55-ml-amp\/"]}]},{"@type":"ImageObject","inLanguage":"en-US","@id":"https:\/\/tajkertesz.com\/termek\/topas-100-ec-55-ml-amp\/#primaryimage","url":"https:\/\/tajkertesz.com\/wp-content\/uploads\/2021\/12\/topas5x5.jpg","contentUrl":"https:\/\/tajkertesz.com\/wp-content\/uploads\/2021\/12\/topas5x5.jpg","width":1448,"height":1920},{"@type":"BreadcrumbList","@id":"https:\/\/tajkertesz.com\/termek\/topas-100-ec-55-ml-amp\/#breadcrumb","itemListElement":[{"@type":"ListItem","position":1,"name":"Home","item":"https:\/\/tajkertesz.com\/"},{"@type":"ListItem","position":2,"name":"Kezd\u0151lap","item":"https:\/\/tajkertesz.com\/"},{"@type":"ListItem","position":3,"name":"Topas 100 EC 5*5 ml amp."}]},{"@type":"WebSite","@id":"https:\/\/tajkertesz.com\/#website","url":"https:\/\/tajkertesz.com\/","name":"T\u00e1j-Kert\u00e9sz 84 Kft.","description":"Kert\u00e9szeti kis- \u00e9s nagykeresked\u00e9s, D\u00edszn\u00f6v\u00e9ny web\u00e1ruh\u00e1z orsz\u00e1gos h\u00e1zhozsz\u00e1ll\u00edt\u00e1ssal!","publisher":{"@id":"https:\/\/tajkertesz.com\/#organization"},"potentialAction":[{"@type":"SearchAction","target":{"@type":"EntryPoint","urlTemplate":"https:\/\/tajkertesz.com\/?s={search_term_string}"},"query-input":{"@type":"PropertyValueSpecification","valueRequired":true,"valueName":"search_term_string"}}],"inLanguage":"en-US"},{"@type":"Organization","@id":"https:\/\/tajkertesz.com\/#organization","name":"T\u00e1j-Kert\u00e9sz 84 Kft.","url":"https:\/\/tajkertesz.com\/","logo":{"@type":"ImageObject","inLanguage":"en-US","@id":"https:\/\/tajkertesz.com\/#\/schema\/logo\/image\/","url":"https:\/\/tajkertesz.com\/wp-content\/uploads\/2018\/02\/logo-2-e1518678052539.png","contentUrl":"https:\/\/tajkertesz.com\/wp-content\/uploads\/2018\/02\/logo-2-e1518678052539.png","width":81,"height":140,"caption":"T\u00e1j-Kert\u00e9sz 84 Kft."},"image":{"@id":"https:\/\/tajkertesz.com\/#\/schema\/logo\/image\/"},"sameAs":["https:\/\/www.facebook.com\/Tajkertesz\/"]}]}},"_links":{"self":[{"href":"https:\/\/tajkertesz.com\/en_US\/wp-json\/wp\/v2\/product\/12053","targetHints":{"allow":["GET"]}}],"collection":[{"href":"https:\/\/tajkertesz.com\/en_US\/wp-json\/wp\/v2\/product"}],"about":[{"href":"https:\/\/tajkertesz.com\/en_US\/wp-json\/wp\/v2\/types\/product"}],"wp:featuredmedia":[{"embeddable":true,"href":"https:\/\/tajkertesz.com\/en_US\/wp-json\/wp\/v2\/media\/12055"}],"wp:attachment":[{"href":"https:\/\/tajkertesz.com\/en_US\/wp-json\/wp\/v2\/media?parent=12053"}],"wp:term":[{"taxonomy":"product_brand","embeddable":true,"href":"https:\/\/tajkertesz.com\/en_US\/wp-json\/wp\/v2\/product_brand?post=12053"},{"taxonomy":"product_cat","embeddable":true,"href":"https:\/\/tajkertesz.com\/en_US\/wp-json\/wp\/v2\/product_cat?post=12053"},{"taxonomy":"product_tag","embeddable":true,"href":"https:\/\/tajkertesz.com\/en_US\/wp-json\/wp\/v2\/product_tag?post=12053"}],"curies":[{"name":"wp","href":"https:\/\/api.w.org\/{rel}","templated":true}]}}