{"id":1206,"date":"2020-03-06T12:52:34","date_gmt":"2020-03-06T12:52:34","guid":{"rendered":"https:\/\/tajkertesz.com\/?post_type=product&#038;p=1206"},"modified":"2023-11-06T07:47:41","modified_gmt":"2023-11-06T07:47:41","slug":"berberis-thunbergii-powow-oszlopos-borbolya","status":"publish","type":"product","link":"https:\/\/tajkertesz.com\/en_US\/product\/berberis-thunbergii-powow-oszlopos-borbolya\/","title":{"rendered":"Berberis thunbergii &#8216;Powow&#8217; , Oszlopos borbolya"},"content":{"rendered":"<h4>Berberis thunbergii &#8216;Powow&#8217; , Oszlopos borbolya<\/h4>\n<p>Berberis thunbergii &#8216;Powow&#8217; , Oszlopos borbolya<\/p>\n<p>Form\u00e1j\u00e1t tekintve egyed\u00fcl\u00e1ll\u00f3an karcs\u00fa, t\u00f6rpe v\u00e1ltozat. A tavaszi lev\u00e9lsz\u00edne aranys\u00e1rga, v\u00f6r\u00f6ses<br \/>\n\u00e1rnyalattal a lev\u00e9lv\u00e9geken, majd az id\u0151 el\u0151rehaladt\u00e1val egyre z\u00f6ldebb\u00e9 v\u00e1lnak a levelek, melyeket<br \/>\nfeh\u00e9r foltok d\u00edsz\u00edtenek.<\/p>\n<p style=\"line-height: 18.0pt; background: white; margin: 0cm 0cm 15.0pt 0cm;\"><span style=\"font-family: 'Ubuntu',serif; color: black;\">El\u00e9rhet\u0151 t\u00f6bbf\u00e9le m\u00e9retben \u00e9s \u00e1rban.<\/span><\/p>\n<p style=\"line-height: 18.0pt; background: white; margin: 0cm 0cm 15.0pt 0cm;\"><b><span style=\"font-family: 'Ubuntu',serif; color: black;\">K\u00e9szlet\u00fcnk napi szinten v\u00e1ltozik, ez\u00e9rt k\u00e9rj\u00fck, \u00e9rdekl\u0151dj\u00f6n szem\u00e9lyesen, telefonon vagy email-en.<br \/>\nA v\u00e1ltoztat\u00e1s jog\u00e1t fenntartjuk!\u00a0<\/span><\/b><\/p>\n<h5><a href=\"https:\/\/tajkertesz.com\/\">https:\/\/tajkertesz.com\/<\/a><\/h5>\n<h5><a href=\"https:\/\/hu.wikipedia.org\/wiki\/Borbolya_(n%C3%B6v%C3%A9nynemzets%C3%A9g)\">https:\/\/hu.wikipedia.org\/wiki\/Borbolya_(n%C3%B6v%C3%A9nynemzets%C3%A9g)<\/a><\/h5>\n<p>&nbsp;<\/p>\n<p>&nbsp;<\/p>\n<h2><span id=\"Jellemz\u00e9se\" class=\"mw-headline\" style=\"color: #ffffff;\">Jellemz\u00e9se<\/span><\/h2>\n<p><span style=\"color: #ffffff;\">A nemzets\u00e9gre jellemz\u0151ek a\u00a0<a class=\"new\" style=\"color: #ffffff;\" title=\"Dimorfizmus (a lap nem l\u00e9tezik)\" href=\"https:\/\/hu.wikipedia.org\/w\/index.php?title=Dimorfizmus&amp;action=edit&amp;redlink=1\">k\u00e9talak\u00fa<\/a>\u00a0<a style=\"color: #ffffff;\" title=\"Hajt\u00e1s\" href=\"https:\/\/hu.wikipedia.org\/wiki\/Hajt%C3%A1s\">hajt\u00e1sok<\/a>; a\u00a0<a class=\"mw-redirect\" style=\"color: #ffffff;\" title=\"Hossz\u00fahajt\u00e1s, r\u00f6vidhajt\u00e1s, t\u00f6rpehajt\u00e1s\" href=\"https:\/\/hu.wikipedia.org\/wiki\/Hossz%C3%BAhajt%C3%A1s,_r%C3%B6vidhajt%C3%A1s,_t%C3%B6rpehajt%C3%A1s\">hossz\u00fahajt\u00e1sok<\/a>\u00a0alak\u00edtj\u00e1k ki a n\u00f6v\u00e9ny form\u00e1j\u00e1t, a r\u00f6vidhajt\u00e1sok mind\u00f6ssze 1\u20132\u00a0mm-esek. A hossz\u00fahajt\u00e1sok\u00a0<a style=\"color: #ffffff;\" title=\"Lev\u00e9l (botanika)\" href=\"https:\/\/hu.wikipedia.org\/wiki\/Lev%C3%A9l_(botanika)\">levelei<\/a>\u00a0nem\u00a0<a style=\"color: #ffffff;\" title=\"Fotoszint\u00e9zis\" href=\"https:\/\/hu.wikipedia.org\/wiki\/Fotoszint%C3%A9zis\">fotoszintetiz\u00e1lnak<\/a>, hanem h\u00e1rom\u00e1g\u00fa, 3\u201330\u00a0mm hossz\u00fa\u00a0<a style=\"color: #ffffff;\" title=\"T\u00f6vis (botanika)\" href=\"https:\/\/hu.wikipedia.org\/wiki\/T%C3%B6vis_(botanika)\">t\u00f6visekk\u00e9<\/a>\u00a0m\u00f3dosultak; a t\u00f6viss\u00e9 m\u00f3dosult levelek h\u00f3nalj\u00e1ban n\u0151nek a fotoszintetiz\u00e1l\u00f3 level\u0171 r\u00f6vidhajt\u00e1sok. Ezek a levelek 1\u201310\u00a0cm hossz\u00faak, egyszer\u0171ek, t\u00fcsk\u00e9s vagy sima sz\u00e9l\u0171ek. Csak a fiatal borboly\u00e1k n\u00f6vesztenek leveleket a hossz\u00fahajt\u00e1sokon, 1-2 \u00e9ves korukra be\u00e1ll a nemzets\u00e9gre jellemz\u0151 r\u00f6vidhajt\u00e1sos-hossz\u00fahajt\u00e1sos lombrendszer.<\/span><\/p>\n<p><span style=\"color: #ffffff;\">A lombhullat\u00f3 fajok (pl.\u00a0<i>Berberis thunbergii, B. vulgaris<\/i>) sz\u00e9ps\u00e9g\u00e9t f\u0151leg v\u00e1ltozatos, f\u00e9nyes s\u00f6t\u00e9tz\u00f6ld, \u0151sszel v\u00f6r\u00f6ses vagy ak\u00e1r bronzsz\u00edn\u0171 leveleik adj\u00e1k. Egyes\u00a0<a style=\"color: #ffffff;\" title=\"K\u00edna\" href=\"https:\/\/hu.wikipedia.org\/wiki\/K%C3%ADna\">k\u00ednai<\/a>\u00a0\u00f6r\u00f6kz\u00f6ld fajok (pl.\u00a0<i>B. candidula, B. verruculosa<\/i>) leveleinek fon\u00e1kja vak\u00edt\u00f3 feh\u00e9r, ami szint\u00e9n vonz\u00f3 l\u00e1tv\u00e1nyt ny\u00fajt.<\/span><\/p>\n<p><span style=\"color: #ffffff;\">A s\u00e1rga vagy narancssz\u00edn\u0171\u00a0<a style=\"color: #ffffff;\" title=\"Vir\u00e1g (botanika)\" href=\"https:\/\/hu.wikipedia.org\/wiki\/Vir%C3%A1g_(botanika)\">vir\u00e1gok<\/a>\u00a0mag\u00e1nosan, vagy legfeljebb 20 vir\u00e1gb\u00f3l \u00e1ll\u00f3 f\u00fcrtben ny\u00edlnak. 3\u20136\u00a0mm hossz\u00faak, az \u00e1ltal\u00e1ban azonos sz\u00edn\u0171 cs\u00e9sze- \u00e9s p\u00e1rtalevelek sz\u00e1ma 6, k\u00f6r\u00f6nk\u00e9nt h\u00e1rmas\u00e1val \u00e1llnak. Az apr\u00f3\u00a0<a class=\"new\" style=\"color: #ffffff;\" title=\"Bogy\u00f3term\u00e9s (a lap nem l\u00e9tezik)\" href=\"https:\/\/hu.wikipedia.org\/w\/index.php?title=Bogy%C3%B3term%C3%A9s&amp;action=edit&amp;redlink=1\">bogy\u00f3term\u00e9s<\/a>\u00a05\u201315\u00a0mm-es, meg\u00e9rve v\u00f6r\u00f6ses vagy s\u00f6t\u00e9tk\u00e9k sz\u00edn\u0171, gyakran hamvas r\u00f3zsa- vagy ibolyasz\u00edn viaszos bevonattal; alakja hossz\u00fak\u00e1s vagy g\u00f6mb\u00f6lyded is lehet.<\/span><\/p>\n<p><span style=\"color: #ffffff;\">Leveleinek, s\u00e1rga vir\u00e1gainak, lombhull\u00e1s ut\u00e1n is sok\u00e1ig d\u00edszl\u0151 v\u00f6r\u00f6ses term\u00e9seinek dekorat\u00edv hat\u00e1sa miatt d\u00edszcserjek\u00e9nt \u00fcltetik. Bet\u00f6r\u00e9sek elleni v\u00e9delemk\u00e9nt is felhaszn\u00e1lj\u00e1k, s\u0171r\u0171 n\u00f6v\u00e9se, f\u00e1jdalmas, nehezen gy\u00f3gyul\u00f3 sebet ejt\u0151 t\u00f6visei miatt\u00a0<a style=\"color: #ffffff;\" title=\"S\u00f6v\u00e9ny\" href=\"https:\/\/hu.wikipedia.org\/wiki\/S%C3%B6v%C3%A9ny\">s\u00f6v\u00e9nyk\u00e9nt<\/a>, \u00e9s ablakok al\u00e1 is telep\u00edtik.<\/span><\/p>\n<p><span style=\"color: #ffffff;\">Valaha s\u00e1rga fest\u00e9kanyagot vontak ki sz\u00e1r\u00e1b\u00f3l, gy\u00f6ker\u00e9b\u0151l \u00e9s k\u00e9rg\u00e9b\u0151l.<sup id=\"cite_ref-2\" class=\"reference\"><a style=\"color: #ffffff;\" href=\"https:\/\/hu.wikipedia.org\/wiki\/Borbolya_(n%C3%B6v%C3%A9nynemzets%C3%A9g)#cite_note-2\">[2]<\/a><\/sup><\/span><\/p>\n<p><span style=\"color: #ffffff;\">A\u00a0<a style=\"color: #ffffff;\" title=\"S\u00f3skaborbolya\" href=\"https:\/\/hu.wikipedia.org\/wiki\/S%C3%B3skaborbolya\">s\u00f3skaborbolya<\/a>\u00a0<i>(Berberis vulgaris)<\/i>\u00a0a\u00a0<a style=\"color: #ffffff;\" title=\"B\u00faza\" href=\"https:\/\/hu.wikipedia.org\/wiki\/B%C3%BAza\">b\u00faza<\/a>\u00a0s\u00falyos gombafert\u0151z\u00e9s\u00e9nek, a feketerozsd\u00e1nak\u00a0<i>(<a class=\"new\" style=\"color: #ffffff;\" title=\"Puccinia graminis (a lap nem l\u00e9tezik)\" href=\"https:\/\/hu.wikipedia.org\/w\/index.php?title=Puccinia_graminis&amp;action=edit&amp;redlink=1\">Puccinia graminis<\/a>)<\/i>\u00a0k\u00f6ztesgazd\u00e1ja, ez\u00e9rt t\u00f6bb helyen tiltj\u00e1k telep\u00edt\u00e9s\u00e9t.<\/span><\/p>\n<p><span style=\"color: #ffffff;\">A borboly\u00e1k sz\u00e1mos faj\u00e1nak\u00a0<a class=\"mw-redirect\" style=\"color: #ffffff;\" title=\"C-vitamin\" href=\"https:\/\/hu.wikipedia.org\/wiki\/C-vitamin\">C-vitaminban<\/a>\u00a0gazdag, fanyark\u00e1s \u00edz\u0171\u00a0<a style=\"color: #ffffff;\" title=\"Term\u00e9s\" href=\"https:\/\/hu.wikipedia.org\/wiki\/Term%C3%A9s\">term\u00e9se<\/a>\u00a0ehet\u0151, egyes orsz\u00e1gban (a f\u0151 termel\u0151\u00a0<a style=\"color: #ffffff;\" title=\"Ir\u00e1n\" href=\"https:\/\/hu.wikipedia.org\/wiki\/Ir%C3%A1n\">Ir\u00e1n<\/a>)\u00a0<a style=\"color: #ffffff;\" title=\"Aszal\u00e1s\" href=\"https:\/\/hu.wikipedia.org\/wiki\/Aszal%C3%A1s\">aszalt<\/a>\u00a0gy\u00fcm\u00f6lcsk\u00e9nt \u00e1rulj\u00e1k, vagy \u00e9ppen\u00a0<a style=\"color: #ffffff;\" title=\"Lekv\u00e1r\" href=\"https:\/\/hu.wikipedia.org\/wiki\/Lekv%C3%A1r\">lekv\u00e1rt<\/a>\u00a0k\u00e9sz\u00edtenek bel\u0151le.<\/span><\/p>\n","protected":false},"excerpt":{"rendered":"<p>Berberis thunbergii &#8216;Powow&#8217; , Oszlopos borbolya<\/p>\n<p>Form\u00e1j\u00e1t tekintve egyed\u00fcl\u00e1ll\u00f3an karcs\u00fa, t\u00f6rpe v\u00e1ltozat. A tavaszi lev\u00e9lsz\u00edne aranys\u00e1rga, v\u00f6r\u00f6ses<br \/>\n\u00e1rnyalattal a lev\u00e9lv\u00e9geken, majd az id\u0151 el\u0151rehaladt\u00e1val egyre z\u00f6ldebb\u00e9 v\u00e1lnak a levelek, melyeket<br \/>\nfeh\u00e9r foltok d\u00edsz\u00edtenek.<\/p>","protected":false},"featured_media":1210,"template":"","meta":{"_et_pb_use_builder":"","_et_pb_old_content":"","_et_gb_content_width":""},"product_brand":[],"product_cat":[27],"product_tag":[258,259],"class_list":{"0":"post-1206","1":"product","2":"type-product","3":"status-publish","4":"has-post-thumbnail","6":"product_cat-cserjek","7":"product_tag-berberis-thunbergii-powow","8":"product_tag-oszlopos-borbolya","10":"first","11":"outofstock","12":"shipping-taxable","13":"product-type-simple"},"yoast_head":"<!-- This site is optimized with the Yoast SEO plugin v27.3 - https:\/\/yoast.com\/product\/yoast-seo-wordpress\/ -->\n<title>Berberis thunbergii &#039;Powow&#039; , Oszlopos borbolya - T\u00e1jkert\u00e9sz<\/title>\n<meta name=\"description\" content=\"Berberis thunbergii &#039;Powow&#039; , Oszlopos borbolyaForm\u00e1j\u00e1t tekintve egyed\u00fcl\u00e1ll\u00f3an karcs\u00fa, t\u00f6rpe v\u00e1ltozat. A tavaszi lev\u00e9lsz\u00edne aranys\u00e1rga.\" \/>\n<meta name=\"robots\" content=\"index, follow, max-snippet:-1, max-image-preview:large, max-video-preview:-1\" \/>\n<link rel=\"canonical\" href=\"https:\/\/tajkertesz.com\/en_US\/product\/berberis-thunbergii-powow-oszlopos-borbolya\/\" \/>\n<meta property=\"og:locale\" content=\"en_US\" \/>\n<meta property=\"og:type\" content=\"article\" \/>\n<meta property=\"og:title\" content=\"Berberis thunbergii &#039;Powow&#039; , Oszlopos borbolya - T\u00e1jkert\u00e9sz\" \/>\n<meta property=\"og:description\" content=\"Berberis thunbergii &#039;Powow&#039; , Oszlopos borbolyaForm\u00e1j\u00e1t tekintve egyed\u00fcl\u00e1ll\u00f3an karcs\u00fa, t\u00f6rpe v\u00e1ltozat. A tavaszi lev\u00e9lsz\u00edne aranys\u00e1rga.\" \/>\n<meta property=\"og:url\" content=\"https:\/\/tajkertesz.com\/en_US\/product\/berberis-thunbergii-powow-oszlopos-borbolya\/\" \/>\n<meta property=\"og:site_name\" content=\"T\u00e1jkert\u00e9sz\" \/>\n<meta property=\"article:publisher\" content=\"https:\/\/www.facebook.com\/Tajkertesz\/\" \/>\n<meta property=\"article:modified_time\" content=\"2023-11-06T07:47:41+00:00\" \/>\n<meta property=\"og:image\" content=\"https:\/\/tajkertesz.com\/wp-content\/uploads\/2020\/03\/Powow.jpg2_.jpg\" \/>\n\t<meta property=\"og:image:width\" content=\"1280\" \/>\n\t<meta property=\"og:image:height\" content=\"853\" \/>\n\t<meta property=\"og:image:type\" content=\"image\/jpeg\" \/>\n<meta name=\"twitter:card\" content=\"summary_large_image\" \/>\n<meta name=\"twitter:label1\" content=\"Est. reading time\" \/>\n\t<meta name=\"twitter:data1\" content=\"2 minutes\" \/>\n<script type=\"application\/ld+json\" class=\"yoast-schema-graph\">{\"@context\":\"https:\\\/\\\/schema.org\",\"@graph\":[{\"@type\":\"WebPage\",\"@id\":\"https:\\\/\\\/tajkertesz.com\\\/termek\\\/berberis-thunbergii-powow-oszlopos-borbolya\\\/\",\"url\":\"https:\\\/\\\/tajkertesz.com\\\/termek\\\/berberis-thunbergii-powow-oszlopos-borbolya\\\/\",\"name\":\"Berberis thunbergii 'Powow' , Oszlopos borbolya - T\u00e1jkert\u00e9sz\",\"isPartOf\":{\"@id\":\"https:\\\/\\\/tajkertesz.com\\\/#website\"},\"primaryImageOfPage\":{\"@id\":\"https:\\\/\\\/tajkertesz.com\\\/termek\\\/berberis-thunbergii-powow-oszlopos-borbolya\\\/#primaryimage\"},\"image\":{\"@id\":\"https:\\\/\\\/tajkertesz.com\\\/termek\\\/berberis-thunbergii-powow-oszlopos-borbolya\\\/#primaryimage\"},\"thumbnailUrl\":\"https:\\\/\\\/tajkertesz.com\\\/wp-content\\\/uploads\\\/2020\\\/03\\\/Powow.jpg2_.jpg\",\"datePublished\":\"2020-03-06T12:52:34+00:00\",\"dateModified\":\"2023-11-06T07:47:41+00:00\",\"description\":\"Berberis thunbergii 'Powow' , Oszlopos borbolyaForm\u00e1j\u00e1t tekintve egyed\u00fcl\u00e1ll\u00f3an karcs\u00fa, t\u00f6rpe v\u00e1ltozat. A tavaszi lev\u00e9lsz\u00edne aranys\u00e1rga.\",\"breadcrumb\":{\"@id\":\"https:\\\/\\\/tajkertesz.com\\\/termek\\\/berberis-thunbergii-powow-oszlopos-borbolya\\\/#breadcrumb\"},\"inLanguage\":\"en-US\",\"potentialAction\":[{\"@type\":\"ReadAction\",\"target\":[\"https:\\\/\\\/tajkertesz.com\\\/termek\\\/berberis-thunbergii-powow-oszlopos-borbolya\\\/\"]}]},{\"@type\":\"ImageObject\",\"inLanguage\":\"en-US\",\"@id\":\"https:\\\/\\\/tajkertesz.com\\\/termek\\\/berberis-thunbergii-powow-oszlopos-borbolya\\\/#primaryimage\",\"url\":\"https:\\\/\\\/tajkertesz.com\\\/wp-content\\\/uploads\\\/2020\\\/03\\\/Powow.jpg2_.jpg\",\"contentUrl\":\"https:\\\/\\\/tajkertesz.com\\\/wp-content\\\/uploads\\\/2020\\\/03\\\/Powow.jpg2_.jpg\",\"width\":1280,\"height\":853},{\"@type\":\"BreadcrumbList\",\"@id\":\"https:\\\/\\\/tajkertesz.com\\\/termek\\\/berberis-thunbergii-powow-oszlopos-borbolya\\\/#breadcrumb\",\"itemListElement\":[{\"@type\":\"ListItem\",\"position\":1,\"name\":\"Home\",\"item\":\"https:\\\/\\\/tajkertesz.com\\\/\"},{\"@type\":\"ListItem\",\"position\":2,\"name\":\"Kezd\u0151lap\",\"item\":\"https:\\\/\\\/tajkertesz.com\\\/\"},{\"@type\":\"ListItem\",\"position\":3,\"name\":\"Berberis thunbergii &#8216;Powow&#8217; , Oszlopos borbolya\"}]},{\"@type\":\"WebSite\",\"@id\":\"https:\\\/\\\/tajkertesz.com\\\/#website\",\"url\":\"https:\\\/\\\/tajkertesz.com\\\/\",\"name\":\"T\u00e1j-Kert\u00e9sz 84 Kft.\",\"description\":\"Kert\u00e9szeti kis- \u00e9s nagykeresked\u00e9s, D\u00edszn\u00f6v\u00e9ny web\u00e1ruh\u00e1z orsz\u00e1gos h\u00e1zhozsz\u00e1ll\u00edt\u00e1ssal!\",\"publisher\":{\"@id\":\"https:\\\/\\\/tajkertesz.com\\\/#organization\"},\"potentialAction\":[{\"@type\":\"SearchAction\",\"target\":{\"@type\":\"EntryPoint\",\"urlTemplate\":\"https:\\\/\\\/tajkertesz.com\\\/?s={search_term_string}\"},\"query-input\":{\"@type\":\"PropertyValueSpecification\",\"valueRequired\":true,\"valueName\":\"search_term_string\"}}],\"inLanguage\":\"en-US\"},{\"@type\":\"Organization\",\"@id\":\"https:\\\/\\\/tajkertesz.com\\\/#organization\",\"name\":\"T\u00e1j-Kert\u00e9sz 84 Kft.\",\"url\":\"https:\\\/\\\/tajkertesz.com\\\/\",\"logo\":{\"@type\":\"ImageObject\",\"inLanguage\":\"en-US\",\"@id\":\"https:\\\/\\\/tajkertesz.com\\\/#\\\/schema\\\/logo\\\/image\\\/\",\"url\":\"https:\\\/\\\/tajkertesz.com\\\/wp-content\\\/uploads\\\/2018\\\/02\\\/logo-2-e1518678052539.png\",\"contentUrl\":\"https:\\\/\\\/tajkertesz.com\\\/wp-content\\\/uploads\\\/2018\\\/02\\\/logo-2-e1518678052539.png\",\"width\":81,\"height\":140,\"caption\":\"T\u00e1j-Kert\u00e9sz 84 Kft.\"},\"image\":{\"@id\":\"https:\\\/\\\/tajkertesz.com\\\/#\\\/schema\\\/logo\\\/image\\\/\"},\"sameAs\":[\"https:\\\/\\\/www.facebook.com\\\/Tajkertesz\\\/\"]}]}<\/script>\n<!-- \/ Yoast SEO plugin. -->","yoast_head_json":{"title":"Berberis thunbergii 'Powow' , Oszlopos borbolya - T\u00e1jkert\u00e9sz","description":"Berberis thunbergii 'Powow' , Oszlopos borbolyaForm\u00e1j\u00e1t tekintve egyed\u00fcl\u00e1ll\u00f3an karcs\u00fa, t\u00f6rpe v\u00e1ltozat. A tavaszi lev\u00e9lsz\u00edne aranys\u00e1rga.","robots":{"index":"index","follow":"follow","max-snippet":"max-snippet:-1","max-image-preview":"max-image-preview:large","max-video-preview":"max-video-preview:-1"},"canonical":"https:\/\/tajkertesz.com\/en_US\/product\/berberis-thunbergii-powow-oszlopos-borbolya\/","og_locale":"en_US","og_type":"article","og_title":"Berberis thunbergii 'Powow' , Oszlopos borbolya - T\u00e1jkert\u00e9sz","og_description":"Berberis thunbergii 'Powow' , Oszlopos borbolyaForm\u00e1j\u00e1t tekintve egyed\u00fcl\u00e1ll\u00f3an karcs\u00fa, t\u00f6rpe v\u00e1ltozat. A tavaszi lev\u00e9lsz\u00edne aranys\u00e1rga.","og_url":"https:\/\/tajkertesz.com\/en_US\/product\/berberis-thunbergii-powow-oszlopos-borbolya\/","og_site_name":"T\u00e1jkert\u00e9sz","article_publisher":"https:\/\/www.facebook.com\/Tajkertesz\/","article_modified_time":"2023-11-06T07:47:41+00:00","og_image":[{"width":1280,"height":853,"url":"https:\/\/tajkertesz.com\/wp-content\/uploads\/2020\/03\/Powow.jpg2_.jpg","type":"image\/jpeg"}],"twitter_card":"summary_large_image","twitter_misc":{"Est. reading time":"2 minutes"},"schema":{"@context":"https:\/\/schema.org","@graph":[{"@type":"WebPage","@id":"https:\/\/tajkertesz.com\/termek\/berberis-thunbergii-powow-oszlopos-borbolya\/","url":"https:\/\/tajkertesz.com\/termek\/berberis-thunbergii-powow-oszlopos-borbolya\/","name":"Berberis thunbergii 'Powow' , Oszlopos borbolya - T\u00e1jkert\u00e9sz","isPartOf":{"@id":"https:\/\/tajkertesz.com\/#website"},"primaryImageOfPage":{"@id":"https:\/\/tajkertesz.com\/termek\/berberis-thunbergii-powow-oszlopos-borbolya\/#primaryimage"},"image":{"@id":"https:\/\/tajkertesz.com\/termek\/berberis-thunbergii-powow-oszlopos-borbolya\/#primaryimage"},"thumbnailUrl":"https:\/\/tajkertesz.com\/wp-content\/uploads\/2020\/03\/Powow.jpg2_.jpg","datePublished":"2020-03-06T12:52:34+00:00","dateModified":"2023-11-06T07:47:41+00:00","description":"Berberis thunbergii 'Powow' , Oszlopos borbolyaForm\u00e1j\u00e1t tekintve egyed\u00fcl\u00e1ll\u00f3an karcs\u00fa, t\u00f6rpe v\u00e1ltozat. A tavaszi lev\u00e9lsz\u00edne aranys\u00e1rga.","breadcrumb":{"@id":"https:\/\/tajkertesz.com\/termek\/berberis-thunbergii-powow-oszlopos-borbolya\/#breadcrumb"},"inLanguage":"en-US","potentialAction":[{"@type":"ReadAction","target":["https:\/\/tajkertesz.com\/termek\/berberis-thunbergii-powow-oszlopos-borbolya\/"]}]},{"@type":"ImageObject","inLanguage":"en-US","@id":"https:\/\/tajkertesz.com\/termek\/berberis-thunbergii-powow-oszlopos-borbolya\/#primaryimage","url":"https:\/\/tajkertesz.com\/wp-content\/uploads\/2020\/03\/Powow.jpg2_.jpg","contentUrl":"https:\/\/tajkertesz.com\/wp-content\/uploads\/2020\/03\/Powow.jpg2_.jpg","width":1280,"height":853},{"@type":"BreadcrumbList","@id":"https:\/\/tajkertesz.com\/termek\/berberis-thunbergii-powow-oszlopos-borbolya\/#breadcrumb","itemListElement":[{"@type":"ListItem","position":1,"name":"Home","item":"https:\/\/tajkertesz.com\/"},{"@type":"ListItem","position":2,"name":"Kezd\u0151lap","item":"https:\/\/tajkertesz.com\/"},{"@type":"ListItem","position":3,"name":"Berberis thunbergii &#8216;Powow&#8217; , Oszlopos borbolya"}]},{"@type":"WebSite","@id":"https:\/\/tajkertesz.com\/#website","url":"https:\/\/tajkertesz.com\/","name":"T\u00e1j-Kert\u00e9sz 84 Kft.","description":"Kert\u00e9szeti kis- \u00e9s nagykeresked\u00e9s, D\u00edszn\u00f6v\u00e9ny web\u00e1ruh\u00e1z orsz\u00e1gos h\u00e1zhozsz\u00e1ll\u00edt\u00e1ssal!","publisher":{"@id":"https:\/\/tajkertesz.com\/#organization"},"potentialAction":[{"@type":"SearchAction","target":{"@type":"EntryPoint","urlTemplate":"https:\/\/tajkertesz.com\/?s={search_term_string}"},"query-input":{"@type":"PropertyValueSpecification","valueRequired":true,"valueName":"search_term_string"}}],"inLanguage":"en-US"},{"@type":"Organization","@id":"https:\/\/tajkertesz.com\/#organization","name":"T\u00e1j-Kert\u00e9sz 84 Kft.","url":"https:\/\/tajkertesz.com\/","logo":{"@type":"ImageObject","inLanguage":"en-US","@id":"https:\/\/tajkertesz.com\/#\/schema\/logo\/image\/","url":"https:\/\/tajkertesz.com\/wp-content\/uploads\/2018\/02\/logo-2-e1518678052539.png","contentUrl":"https:\/\/tajkertesz.com\/wp-content\/uploads\/2018\/02\/logo-2-e1518678052539.png","width":81,"height":140,"caption":"T\u00e1j-Kert\u00e9sz 84 Kft."},"image":{"@id":"https:\/\/tajkertesz.com\/#\/schema\/logo\/image\/"},"sameAs":["https:\/\/www.facebook.com\/Tajkertesz\/"]}]}},"_links":{"self":[{"href":"https:\/\/tajkertesz.com\/en_US\/wp-json\/wp\/v2\/product\/1206","targetHints":{"allow":["GET"]}}],"collection":[{"href":"https:\/\/tajkertesz.com\/en_US\/wp-json\/wp\/v2\/product"}],"about":[{"href":"https:\/\/tajkertesz.com\/en_US\/wp-json\/wp\/v2\/types\/product"}],"wp:featuredmedia":[{"embeddable":true,"href":"https:\/\/tajkertesz.com\/en_US\/wp-json\/wp\/v2\/media\/1210"}],"wp:attachment":[{"href":"https:\/\/tajkertesz.com\/en_US\/wp-json\/wp\/v2\/media?parent=1206"}],"wp:term":[{"taxonomy":"product_brand","embeddable":true,"href":"https:\/\/tajkertesz.com\/en_US\/wp-json\/wp\/v2\/product_brand?post=1206"},{"taxonomy":"product_cat","embeddable":true,"href":"https:\/\/tajkertesz.com\/en_US\/wp-json\/wp\/v2\/product_cat?post=1206"},{"taxonomy":"product_tag","embeddable":true,"href":"https:\/\/tajkertesz.com\/en_US\/wp-json\/wp\/v2\/product_tag?post=1206"}],"curies":[{"name":"wp","href":"https:\/\/api.w.org\/{rel}","templated":true}]}}