{"id":12068,"date":"2021-12-15T10:05:41","date_gmt":"2021-12-15T10:05:41","guid":{"rendered":"https:\/\/tajkertesz.com\/?post_type=product&#038;p=12068"},"modified":"2026-02-18T15:34:25","modified_gmt":"2026-02-18T15:34:25","slug":"stomp-aqua-02-l","status":"publish","type":"product","link":"https:\/\/tajkertesz.com\/en_US\/product\/stomp-aqua-02-l\/","title":{"rendered":"Stomp Aqua 0,2 l"},"content":{"rendered":"<h1 class=\"product-detail-name\">Stomp Aqua 0,2 l<\/h1>\n<div class=\"product-detail-title-after\">\n<div class=\"product-detail-manufacturer-wrap\">\n<p class=\"product-detail-name\">Stomp Aqua 0,2 l<\/p>\n<div class=\"product-detail-title-after\">\n<div class=\"product-detail-manufacturer-wrap\"><\/div>\n<\/div>\n<div class=\"product-detail-title-after\">\n<div class=\"product-detail-manufacturer-wrap\">\n<p>H\u00e1zikerti felhaszn\u00e1l\u00e1s: 110 ml\/10 l v\u00edz.<\/p>\n<p>Nagyon sok kult\u00far\u00e1ban enged\u00e9lyezett, a talajban rendk\u00edv\u00fcl stabil, alap gyomirt\u00f3 szer.<br \/>\nMagr\u00f3l kel\u0151 f\u0171f\u00e9l\u00e9k, valamint sz\u00e1mos k\u00e9tszik\u0171 gyom k\u00e1ros\u00edt\u00e1s\u00e1nak megel\u0151z\u00e9s\u00e9re alkalmas herbicid.<\/p>\n<p>ADAGOL\u00c1S:3-3,5 l\/ha kult\u00far\u00e1t\u00f3l f\u00fcgg\u0151en<\/p>\n<p>TECHNOL\u00d3GIAI AJ\u00c1NL\u00c1SOK<br \/>\nKal\u00e1szosokban: preemergensen, vagy postemergensen a bokrosod\u00e1s v\u00e9gig haszn\u00e1lhat\u00f3. A hat\u00e9konys\u00e1g n\u00f6vel\u00e9se, a megc\u00e9lzott gyomspektrum kisz\u00e9les\u00edt\u00e9se \u00e9rdek\u00e9ben c\u00e9lszer\u0171 korai kijuttat\u00e1skor Alliance\u00ae 660 WG-vel kombin\u00e1lni<\/p>\n<p>Rizsben: a vet\u00e9st k\u00f6vet\u0151 h\u00e1rom napon bel\u00fcl, vagy a kel\u00e9st k\u00f6vet\u0151en, 1\u20132 leveles st\u00e1diumban haszn\u00e1lhat\u00f3. Preemergensen v\u00edzmentes ter\u00fcletre permetezhet\u0151. (A rizs 2-3 cm m\u00e9lyre legyen vetve!)<\/p>\n<p>Kukoric\u00e1ban: preemergens haszn\u00e1lat eset\u00e9n a kukorica 3-4 cm m\u00e9lys\u00e9gben legyen vetve, postemergens kijuttat\u00e1s a kult\u00farn\u00f6v\u00e9ny sz\u00f6gcs\u00edra \u00e1llapot\u00e1t\u00f3l n\u00e9gy leveles fejletts\u00e9gig lehets\u00e9ges. \u00c1llom\u00e1nyban a k\u00e9tszik\u0171 \u00e9vel\u0151 gyomok ellen, sz\u00fcks\u00e9g szerint U-46\u00ae D Fluid, illetve Oceal\u00ae k\u00e9sz\u00edtm\u00e9nyekkel eg\u00e9sz\u00edthet\u0151 ki.<\/p>\n<p>Napraforg\u00f3ban: a vet\u00e9s el\u0151tt 1\u20132 cm m\u00e9lyen a talajba keverhet\u0151. Preemergensen a vet\u00e9st k\u00f6vet\u0151 h\u00e1rom napon bel\u00fcl haszn\u00e1lhat\u00f3. K\u00e9tszik\u0171 gyomok ellen Global\u00ae Duplo preemergens alkalmaz\u00e1sa aj\u00e1nlott.<\/p>\n<p>Z\u00f6ldbors\u00f3ban, sz\u00e1raz bors\u00f3ban, l\u00f3babban: preemergensen, a vet\u00e9st k\u00f6vet\u0151 4\u20135 napon bel\u00fcl kell kipermetezni a szert.<\/p>\n<p>Sz\u00f3j\u00e1ban: a vet\u00e9s el\u0151tti kijuttat\u00e1skor, sek\u00e9lyen \u2013 1\u20132 cm \u2013 kell a talajba dolgozni, vagy a vet\u00e9st k\u00f6vet\u0151en (preemergensen) 2\u20133 napon bel\u00fcl a j\u00f3l elmunk\u00e1lt f\u00f6ld felsz\u00edn\u00e9re permetezni. K\u00e9tszik\u0171ek ellen a Command\u00ae 48 EC kiv\u00e1l\u00f3 kombin\u00e1ci\u00f3s partner.<\/p>\n<p>Doh\u00e1nyban: gyomirt\u00e1sra pal\u00e1nt\u00e1z\u00e1s el\u0151tt 2\u20133 cm m\u00e9lyen a talajba c\u00e9lszer\u0171 dolgozni. Kacsg\u00e1tl\u00e1sra a tengelyvir\u00e1g megjelen\u00e9sekor a vir\u00e1gz\u00e1s kezdet\u00e9n, a tetejez\u00e9st k\u00f6vet\u0151en haszn\u00e1lhat\u00f3, a kacsok 1\u20133 cm-es fejletts\u00e9g\u00e9n\u00e9l. T\u00f6venk\u00e9nt 10\u201320 ml 1,1%-os t\u00f6m\u00e9nys\u00e9g\u0171 oldat sz\u00fcks\u00e9ges a n\u00f6v\u00e9ny teljes lemos\u00e1s\u00e1ra.<\/p>\n<p>V\u00f6r\u00f6shagym\u00e1ban, fokhagym\u00e1ban es por\u00e9hagym\u00e1ban: dughagym\u00e1s termeszt\u00e9s, illetve magterm\u0151 hagyma el\u0151\u00e1ll\u00edt\u00e1s\u00e1n\u00e1l duggat\u00e1s ut\u00e1n azonnal kipermetezhet\u0151. Magr\u00f3l vetett hagym\u00e1n\u00e1l \u2013 a 3 cm es vet\u00e9sm\u00e9lys\u00e9g k\u00f6telez\u0151 betart\u00e1s\u00e1val \u2013 h\u00e1rom napon bel\u00fcl kell a v\u00e9dekez\u00e9st elv\u00e9gezni. (\u00c9tkez\u00e9sre sz\u00e1nt z\u00f6ldhagym\u00e1ban nem haszn\u00e1lhat\u00f3!)<\/p>\n<p>Fejes k\u00e1poszt\u00e1ban, kelk\u00e1poszt\u00e1ban, kelbimb\u00f3ban, karfiolban es karal\u00e1b\u00e9ban: a pal\u00e1nt\u00e1z\u00e1st megel\u0151z\u0151en a f\u00f6ldre permetezhet\u0151, de az 1\u20132 cm-es bedolgoz\u00e1s sz\u00e1raz id\u0151ben jelent\u0151sen jav\u00edtja a hat\u00e9konys\u00e1g\u00e1t.<\/p>\n<p>S\u00e1rgar\u00e9p\u00e1ban \u00e9s petrezselyemben: preemergensen, a vet\u00e9st k\u00f6vet\u0151 4\u20135 napon bel\u00fcl haszn\u00e1lhat\u00f3, m\u00edg zellerben: a pal\u00e1nt\u00e1z\u00e1st megel\u0151z\u0151 8\u201310 napig juttathat\u00f3 ki.<\/p>\n<p>Paprik\u00e1ban \u00e9s paradicsomban: a pal\u00e1nt\u00e1k ki\u00fcltet\u00e9s\u00e9t megel\u0151z\u0151 8\u201310 napban permetezhet\u0151 a talajra.<\/p>\n<p>Burgony\u00e1ban: a v\u00e9gleges bakh\u00e1t kialak\u00edt\u00e1sa ut\u00e1n kell kijuttatni \u00fcgyelve arra, hogy a burgonya cs\u00edr\u00e1it m\u00e9g legal\u00e1bb 3\u20134 cm f\u00f6ld bor\u00edtsa.<\/p>\n<p>Lucern\u00e1ban: arankairt\u00e1sra csak foltkezel\u00e9s form\u00e1j\u00e1ban haszn\u00e1lhat\u00f3. A herbicidet kora tavasszal \u2013 a kult\u00farn\u00f6v\u00e9ny nyugalmi szakasz\u00e1ban \u2013 fakad\u00e1s el\u0151tt lehet kijuttatni.<\/p>\n<p>Almaterm\u00e9s\u0171ekben (alma, k\u00f6rte, naspolya, birs), \u00e9s csonth\u00e9jasokban (kajszi-, \u0151szibarack, cseresznye, meggy, szilva, ringl\u00f3): kora tavasszal j\u00f3l elmunk\u00e1lt, apr\u00f3morzs\u00e1s talajfelsz\u00ednre sz\u00f3rhat\u00f3. 1\u20132 cm bedolgoz\u00e1s a hat\u00e1s\u00e1t n\u00f6veli.<\/p>\n<p>Bogy\u00f3s gy\u00fcm\u00f6lcs\u0171ekben (ribiszke, k\u00f6szm\u00e9te, josta, m\u00e1lna, szeder, szam\u00f3ca): kora tavasszal gyom- \u00e9s n\u00f6v\u00e9nyi maradv\u00e1nyokt\u00f3l mentes talajfelsz\u00ednre sz\u00f3rhat\u00f3. (Szam\u00f3c\u00e1ban csak nyugalmi \u00e1llapotban v\u00e9gezhet\u0151 el a kezel\u00e9s!)<\/p>\n<p>Sz\u0151l\u0151ben (bor \u00e9s csemege): tavasszal, a sz\u0151l\u0151 fakad\u00e1sa el\u0151tt kell az apr\u00f3morzs\u00e1s talajfelsz\u00ednre sz\u00f3rni.<\/p>\n<p>F\u0171szer- es gy\u00f3gyn\u00f6v\u00e9nyek (k\u00f6m\u00e9ny, \u00e9desk\u00f6m\u00e9ny, kapor, \u00e1nizs, angelika, lesty\u00e1n, koriander, ligetsz\u00e9pe, s\u00e1fr\u00e1nyos szeklice): preemergensen vet\u00e9s ut\u00e1n, de kel\u00e9s el\u0151tt haszn\u00e1lhat\u00f3 a k\u00e9sz\u00edtm\u00e9ny.<\/p>\n<p>Diszn\u00f6v\u00e9nyekben (tulip\u00e1n, n\u00e1rcisz): a hagym\u00e1k nyugalmi id\u0151szak\u00e1ban \u00fagy kell kipermetezni, hogy azokat legal\u00e1bb 3-4 cm f\u00f6ldr\u00e9teg bor\u00edtsa.<\/p>\n<p>Erd\u00e9szet (faiskola, kos\u00e1rf\u0171z, fagyalf\u00e9l\u00e9k, d\u00edszcserj\u00e9k, feny\u0151f\u00e9l\u00e9k): a kezel\u00e9st nyugalmi \u00e1llapotban, a n\u00f6v\u00e9nyek fakad\u00e1sa el\u0151tt, gyommentes ter\u00fcleten kell elv\u00e9gezni.<\/p>\n<p>V\u00f6r\u00f6scsenkeszben: a gyomn\u00f6v\u00e9nyek megjelen\u00e9se el\u0151tt kell kijuttatni.<\/p>\n<p>Sp\u00e1rg\u00e1ban: a telep\u00edt\u00e9st k\u00f6vet\u0151 \u00e9vt\u0151l a bakh\u00e1tbont\u00e1s ut\u00e1n haszn\u00e1lhat\u00f3. Fejessal\u00e1t\u00e1ban: a kult\u00farn\u00f6v\u00e9ny pal\u00e1nt\u00e1z\u00e1sa el\u0151tt sz\u00f3rhat\u00f3 a ter\u00fcletre.<\/p>\n<p>HAT\u00c1SSPEKTRUM<br \/>\nMagr\u00f3l kel\u0151 egysz\u00edk\u0171ek \u00e9s n\u00e9h\u00e1ny k\u00e9tsz\u00edk\u0171.<\/p>\n<p>HAT\u00c1SMECHANIZMUS<br \/>\nA pendimetalin g\u00e1tolja a sejtek oszt\u00f3d\u00e1s\u00e1t, \u00e9s megny\u00fal\u00e1s\u00e1t, \u00edgy megakad\u00e1lyozza a cs\u00edr\u00e1z\u00f3 gyomok kel\u00e9s\u00e9t. A m\u00e1r kics\u00edr\u00e1zott magvak gy\u00f6k\u00e9rn\u00f6veked\u00e9s\u00e9t le\u00e1ll\u00edtja, az egyszik\u0171 gyomokn\u00e1l ezzel gyakorlatilag lehetetlenn\u00e9 teszi a gy\u00f6k\u00e9rv\u00e1lt\u00e1st.<\/p>\n<\/div>\n<\/div>\n<\/div>\n<\/div>\n<p align=\"justify\"><a href=\"http:\/\/www.tajkertesz.hu\">http:\/\/www.tajkertesz.hu<\/a><\/p>\n<p align=\"justify\"><a href=\"https:\/\/www.facebook.com\/tajkertesz\">https:\/\/www.facebook.com\/tajkertesz<\/a><\/p>\n<p align=\"justify\"><a href=\"https:\/\/tajkertesz.com\/wp-content\/uploads\/2021\/12\/STOMPAQUA.pdf\">STOMPAQUA<\/a><\/p>\n<h3 align=\"justify\">Kiz\u00e1r\u00f3lag szem\u00e9lyes \u00e1tv\u00e9tellel lehets\u00e9ges a term\u00e9k megv\u00e1s\u00e1rl\u00e1sa!<\/h3>\n<p align=\"justify\"><span style=\"color: #ffffff;\">A k\u00e9sz\u00edtm\u00e9nyt a gyep ny\u00edr\u00e1s\u00e1t k\u00f6vet\u0151en, a k\u00e9tszik\u0171 gyomn\u00f6v\u00e9nyek n\u00f6veked\u00e9s\u00e9nek \u00fajb\u00f3li megindul\u00e1sa ut\u00e1n kell kijuttatni 10 l\/ha (100 ml \/ 100 m2) d\u00f3zisban. A kijuttat\u00e1shoz sz\u00fcks\u00e9ges v\u00edzmennyis\u00e9g 10 l \/ 100 m2. A kezel\u00e9sn\u00e9l \u00fcgyelni kell arra, hogy a permetl\u00e9 kult\u00farn\u00f6v\u00e9nyekre ne ker\u00fclj\u00f6n, mert azokat maradand\u00f3an k\u00e1ros\u00edtja.<\/span><\/p>\n<p align=\"justify\"><span style=\"color: #ffffff;\">A k\u00e9sz\u00edtm\u00e9ny alkalmazhat\u00f3 foltkezel\u00e9s \u00e9s teljes fel\u00fcletkezel\u00e9s form\u00e1j\u00e1ban. Egy veget\u00e1ci\u00f3s szakaszban maximum k\u00e9t kezel\u00e9s v\u00e9gezhet\u0151.<\/span><\/p>\n<div align=\"justify\"><\/div>","protected":false},"excerpt":{"rendered":"<p class=\"product-detail-name\" style=\"text-align: center;\">Stomp Aqua 0,2 l<\/p>\n<div class=\"product-detail-title-after\">\n<div class=\"product-detail-manufacturer-wrap\"><\/div>\n<\/div>\n<div class=\"product-detail-title-after\">\n<div class=\"product-detail-manufacturer-wrap\"><\/div>\n<\/div>\n<div class=\"product-detail-title-after\">\n<div class=\"product-detail-manufacturer-wrap\"><\/div>\n<\/div>\n<div class=\"product-detail-title-after\">\n<div class=\"product-detail-manufacturer-wrap\"><\/div>\n<\/div>\n<div class=\"product-detail-title-after\">\n<div class=\"product-detail-manufacturer-wrap\"><\/div>\n<\/div>\n<div class=\"product-short-description\"><\/div>\n<div class=\"product-detail-title-after\">\n<div class=\"product-detail-manufacturer-wrap\"><\/div>\n<\/div>","protected":false},"featured_media":12069,"template":"","meta":{"_et_pb_use_builder":"","_et_pb_old_content":"","_et_gb_content_width":""},"product_brand":[],"product_cat":[3422],"product_tag":[3551],"class_list":{"0":"post-12068","1":"product","2":"type-product","3":"status-publish","4":"has-post-thumbnail","6":"product_cat-gyomirto-szer","7":"product_tag-stomp-aqua","9":"first","10":"outofstock","11":"shipping-taxable","12":"product-type-simple"},"yoast_head":"<!-- This site is optimized with the Yoast SEO plugin v27.3 - https:\/\/yoast.com\/product\/yoast-seo-wordpress\/ -->\n<title>Stomp Aqua 0,2 l - T\u00e1jkert\u00e9sz<\/title>\n<meta name=\"description\" content=\"Stomp Aqua 0,2 l\" \/>\n<meta name=\"robots\" content=\"index, follow, max-snippet:-1, max-image-preview:large, max-video-preview:-1\" \/>\n<link rel=\"canonical\" href=\"https:\/\/tajkertesz.com\/en_US\/product\/stomp-aqua-02-l\/\" \/>\n<meta property=\"og:locale\" content=\"en_US\" \/>\n<meta property=\"og:type\" content=\"article\" \/>\n<meta property=\"og:title\" content=\"Stomp Aqua 0,2 l - T\u00e1jkert\u00e9sz\" \/>\n<meta property=\"og:description\" content=\"Stomp Aqua 0,2 l\" \/>\n<meta property=\"og:url\" content=\"https:\/\/tajkertesz.com\/en_US\/product\/stomp-aqua-02-l\/\" \/>\n<meta property=\"og:site_name\" content=\"T\u00e1jkert\u00e9sz\" \/>\n<meta property=\"article:publisher\" content=\"https:\/\/www.facebook.com\/Tajkertesz\/\" \/>\n<meta property=\"article:modified_time\" content=\"2026-02-18T15:34:25+00:00\" \/>\n<meta property=\"og:image\" content=\"https:\/\/tajkertesz.com\/wp-content\/uploads\/2021\/12\/StompAqua.jpg\" \/>\n\t<meta property=\"og:image:width\" content=\"528\" \/>\n\t<meta property=\"og:image:height\" content=\"960\" \/>\n\t<meta property=\"og:image:type\" content=\"image\/jpeg\" \/>\n<meta name=\"twitter:card\" content=\"summary_large_image\" \/>\n<meta name=\"twitter:label1\" content=\"Est. reading time\" \/>\n\t<meta name=\"twitter:data1\" content=\"4 minutes\" \/>\n<script type=\"application\/ld+json\" class=\"yoast-schema-graph\">{\"@context\":\"https:\\\/\\\/schema.org\",\"@graph\":[{\"@type\":\"WebPage\",\"@id\":\"https:\\\/\\\/tajkertesz.com\\\/termek\\\/stomp-aqua-02-l\\\/\",\"url\":\"https:\\\/\\\/tajkertesz.com\\\/termek\\\/stomp-aqua-02-l\\\/\",\"name\":\"Stomp Aqua 0,2 l - T\u00e1jkert\u00e9sz\",\"isPartOf\":{\"@id\":\"https:\\\/\\\/tajkertesz.com\\\/#website\"},\"primaryImageOfPage\":{\"@id\":\"https:\\\/\\\/tajkertesz.com\\\/termek\\\/stomp-aqua-02-l\\\/#primaryimage\"},\"image\":{\"@id\":\"https:\\\/\\\/tajkertesz.com\\\/termek\\\/stomp-aqua-02-l\\\/#primaryimage\"},\"thumbnailUrl\":\"https:\\\/\\\/tajkertesz.com\\\/wp-content\\\/uploads\\\/2021\\\/12\\\/StompAqua.jpg\",\"datePublished\":\"2021-12-15T10:05:41+00:00\",\"dateModified\":\"2026-02-18T15:34:25+00:00\",\"description\":\"Stomp Aqua 0,2 l\",\"breadcrumb\":{\"@id\":\"https:\\\/\\\/tajkertesz.com\\\/termek\\\/stomp-aqua-02-l\\\/#breadcrumb\"},\"inLanguage\":\"en-US\",\"potentialAction\":[{\"@type\":\"ReadAction\",\"target\":[\"https:\\\/\\\/tajkertesz.com\\\/termek\\\/stomp-aqua-02-l\\\/\"]}]},{\"@type\":\"ImageObject\",\"inLanguage\":\"en-US\",\"@id\":\"https:\\\/\\\/tajkertesz.com\\\/termek\\\/stomp-aqua-02-l\\\/#primaryimage\",\"url\":\"https:\\\/\\\/tajkertesz.com\\\/wp-content\\\/uploads\\\/2021\\\/12\\\/StompAqua.jpg\",\"contentUrl\":\"https:\\\/\\\/tajkertesz.com\\\/wp-content\\\/uploads\\\/2021\\\/12\\\/StompAqua.jpg\",\"width\":528,\"height\":960},{\"@type\":\"BreadcrumbList\",\"@id\":\"https:\\\/\\\/tajkertesz.com\\\/termek\\\/stomp-aqua-02-l\\\/#breadcrumb\",\"itemListElement\":[{\"@type\":\"ListItem\",\"position\":1,\"name\":\"Home\",\"item\":\"https:\\\/\\\/tajkertesz.com\\\/\"},{\"@type\":\"ListItem\",\"position\":2,\"name\":\"Kezd\u0151lap\",\"item\":\"https:\\\/\\\/tajkertesz.com\\\/\"},{\"@type\":\"ListItem\",\"position\":3,\"name\":\"Stomp Aqua 0,2 l\"}]},{\"@type\":\"WebSite\",\"@id\":\"https:\\\/\\\/tajkertesz.com\\\/#website\",\"url\":\"https:\\\/\\\/tajkertesz.com\\\/\",\"name\":\"T\u00e1j-Kert\u00e9sz 84 Kft.\",\"description\":\"Kert\u00e9szeti kis- \u00e9s nagykeresked\u00e9s, D\u00edszn\u00f6v\u00e9ny web\u00e1ruh\u00e1z orsz\u00e1gos h\u00e1zhozsz\u00e1ll\u00edt\u00e1ssal!\",\"publisher\":{\"@id\":\"https:\\\/\\\/tajkertesz.com\\\/#organization\"},\"potentialAction\":[{\"@type\":\"SearchAction\",\"target\":{\"@type\":\"EntryPoint\",\"urlTemplate\":\"https:\\\/\\\/tajkertesz.com\\\/?s={search_term_string}\"},\"query-input\":{\"@type\":\"PropertyValueSpecification\",\"valueRequired\":true,\"valueName\":\"search_term_string\"}}],\"inLanguage\":\"en-US\"},{\"@type\":\"Organization\",\"@id\":\"https:\\\/\\\/tajkertesz.com\\\/#organization\",\"name\":\"T\u00e1j-Kert\u00e9sz 84 Kft.\",\"url\":\"https:\\\/\\\/tajkertesz.com\\\/\",\"logo\":{\"@type\":\"ImageObject\",\"inLanguage\":\"en-US\",\"@id\":\"https:\\\/\\\/tajkertesz.com\\\/#\\\/schema\\\/logo\\\/image\\\/\",\"url\":\"https:\\\/\\\/tajkertesz.com\\\/wp-content\\\/uploads\\\/2018\\\/02\\\/logo-2-e1518678052539.png\",\"contentUrl\":\"https:\\\/\\\/tajkertesz.com\\\/wp-content\\\/uploads\\\/2018\\\/02\\\/logo-2-e1518678052539.png\",\"width\":81,\"height\":140,\"caption\":\"T\u00e1j-Kert\u00e9sz 84 Kft.\"},\"image\":{\"@id\":\"https:\\\/\\\/tajkertesz.com\\\/#\\\/schema\\\/logo\\\/image\\\/\"},\"sameAs\":[\"https:\\\/\\\/www.facebook.com\\\/Tajkertesz\\\/\"]}]}<\/script>\n<!-- \/ Yoast SEO plugin. -->","yoast_head_json":{"title":"Stomp Aqua 0,2 l - T\u00e1jkert\u00e9sz","description":"Stomp Aqua 0,2 l","robots":{"index":"index","follow":"follow","max-snippet":"max-snippet:-1","max-image-preview":"max-image-preview:large","max-video-preview":"max-video-preview:-1"},"canonical":"https:\/\/tajkertesz.com\/en_US\/product\/stomp-aqua-02-l\/","og_locale":"en_US","og_type":"article","og_title":"Stomp Aqua 0,2 l - T\u00e1jkert\u00e9sz","og_description":"Stomp Aqua 0,2 l","og_url":"https:\/\/tajkertesz.com\/en_US\/product\/stomp-aqua-02-l\/","og_site_name":"T\u00e1jkert\u00e9sz","article_publisher":"https:\/\/www.facebook.com\/Tajkertesz\/","article_modified_time":"2026-02-18T15:34:25+00:00","og_image":[{"width":528,"height":960,"url":"https:\/\/tajkertesz.com\/wp-content\/uploads\/2021\/12\/StompAqua.jpg","type":"image\/jpeg"}],"twitter_card":"summary_large_image","twitter_misc":{"Est. reading time":"4 minutes"},"schema":{"@context":"https:\/\/schema.org","@graph":[{"@type":"WebPage","@id":"https:\/\/tajkertesz.com\/termek\/stomp-aqua-02-l\/","url":"https:\/\/tajkertesz.com\/termek\/stomp-aqua-02-l\/","name":"Stomp Aqua 0,2 l - T\u00e1jkert\u00e9sz","isPartOf":{"@id":"https:\/\/tajkertesz.com\/#website"},"primaryImageOfPage":{"@id":"https:\/\/tajkertesz.com\/termek\/stomp-aqua-02-l\/#primaryimage"},"image":{"@id":"https:\/\/tajkertesz.com\/termek\/stomp-aqua-02-l\/#primaryimage"},"thumbnailUrl":"https:\/\/tajkertesz.com\/wp-content\/uploads\/2021\/12\/StompAqua.jpg","datePublished":"2021-12-15T10:05:41+00:00","dateModified":"2026-02-18T15:34:25+00:00","description":"Stomp Aqua 0,2 l","breadcrumb":{"@id":"https:\/\/tajkertesz.com\/termek\/stomp-aqua-02-l\/#breadcrumb"},"inLanguage":"en-US","potentialAction":[{"@type":"ReadAction","target":["https:\/\/tajkertesz.com\/termek\/stomp-aqua-02-l\/"]}]},{"@type":"ImageObject","inLanguage":"en-US","@id":"https:\/\/tajkertesz.com\/termek\/stomp-aqua-02-l\/#primaryimage","url":"https:\/\/tajkertesz.com\/wp-content\/uploads\/2021\/12\/StompAqua.jpg","contentUrl":"https:\/\/tajkertesz.com\/wp-content\/uploads\/2021\/12\/StompAqua.jpg","width":528,"height":960},{"@type":"BreadcrumbList","@id":"https:\/\/tajkertesz.com\/termek\/stomp-aqua-02-l\/#breadcrumb","itemListElement":[{"@type":"ListItem","position":1,"name":"Home","item":"https:\/\/tajkertesz.com\/"},{"@type":"ListItem","position":2,"name":"Kezd\u0151lap","item":"https:\/\/tajkertesz.com\/"},{"@type":"ListItem","position":3,"name":"Stomp Aqua 0,2 l"}]},{"@type":"WebSite","@id":"https:\/\/tajkertesz.com\/#website","url":"https:\/\/tajkertesz.com\/","name":"T\u00e1j-Kert\u00e9sz 84 Kft.","description":"Kert\u00e9szeti kis- \u00e9s nagykeresked\u00e9s, D\u00edszn\u00f6v\u00e9ny web\u00e1ruh\u00e1z orsz\u00e1gos h\u00e1zhozsz\u00e1ll\u00edt\u00e1ssal!","publisher":{"@id":"https:\/\/tajkertesz.com\/#organization"},"potentialAction":[{"@type":"SearchAction","target":{"@type":"EntryPoint","urlTemplate":"https:\/\/tajkertesz.com\/?s={search_term_string}"},"query-input":{"@type":"PropertyValueSpecification","valueRequired":true,"valueName":"search_term_string"}}],"inLanguage":"en-US"},{"@type":"Organization","@id":"https:\/\/tajkertesz.com\/#organization","name":"T\u00e1j-Kert\u00e9sz 84 Kft.","url":"https:\/\/tajkertesz.com\/","logo":{"@type":"ImageObject","inLanguage":"en-US","@id":"https:\/\/tajkertesz.com\/#\/schema\/logo\/image\/","url":"https:\/\/tajkertesz.com\/wp-content\/uploads\/2018\/02\/logo-2-e1518678052539.png","contentUrl":"https:\/\/tajkertesz.com\/wp-content\/uploads\/2018\/02\/logo-2-e1518678052539.png","width":81,"height":140,"caption":"T\u00e1j-Kert\u00e9sz 84 Kft."},"image":{"@id":"https:\/\/tajkertesz.com\/#\/schema\/logo\/image\/"},"sameAs":["https:\/\/www.facebook.com\/Tajkertesz\/"]}]}},"_links":{"self":[{"href":"https:\/\/tajkertesz.com\/en_US\/wp-json\/wp\/v2\/product\/12068","targetHints":{"allow":["GET"]}}],"collection":[{"href":"https:\/\/tajkertesz.com\/en_US\/wp-json\/wp\/v2\/product"}],"about":[{"href":"https:\/\/tajkertesz.com\/en_US\/wp-json\/wp\/v2\/types\/product"}],"wp:featuredmedia":[{"embeddable":true,"href":"https:\/\/tajkertesz.com\/en_US\/wp-json\/wp\/v2\/media\/12069"}],"wp:attachment":[{"href":"https:\/\/tajkertesz.com\/en_US\/wp-json\/wp\/v2\/media?parent=12068"}],"wp:term":[{"taxonomy":"product_brand","embeddable":true,"href":"https:\/\/tajkertesz.com\/en_US\/wp-json\/wp\/v2\/product_brand?post=12068"},{"taxonomy":"product_cat","embeddable":true,"href":"https:\/\/tajkertesz.com\/en_US\/wp-json\/wp\/v2\/product_cat?post=12068"},{"taxonomy":"product_tag","embeddable":true,"href":"https:\/\/tajkertesz.com\/en_US\/wp-json\/wp\/v2\/product_tag?post=12068"}],"curies":[{"name":"wp","href":"https:\/\/api.w.org\/{rel}","templated":true}]}}