{"id":12071,"date":"2021-12-15T10:10:47","date_gmt":"2021-12-15T10:10:47","guid":{"rendered":"https:\/\/tajkertesz.com\/?post_type=product&#038;p=12071"},"modified":"2026-02-18T15:34:47","modified_gmt":"2026-02-18T15:34:47","slug":"flumite-200-ampulla-5ml","status":"publish","type":"product","link":"https:\/\/tajkertesz.com\/en_US\/product\/flumite-200-ampulla-5ml\/","title":{"rendered":"Flumite 200 ampulla 5ml"},"content":{"rendered":"<h1 class=\"product-detail-name\">Flumite 200 ampulla 5ml<\/h1>\n<div class=\"product-detail-title-after\">\n<div class=\"product-detail-manufacturer-wrap\"><\/div>\n<\/div>\n<p class=\"product-detail-name\">Flumite 200 ampulla 5ml<\/p>\n<div class=\"product-detail-title-after\">\n<div class=\"product-detail-manufacturer-wrap\"><\/div>\n<\/div>\n<p>, Speci\u00e1lis lev\u00e9l-, gubacs-, \u00e9s tak\u00e1csatka-\u00f6l\u0151 szer. A Flumite 200 atka\u00f6l\u0151 szer 200 g\/liter flufenzint tartalmaz\u00f3, sz\u00e9les hat\u00e1sspektrum\u00fa, szuszpenzi\u00f3 koncentr\u00e1tum (SC) formul\u00e1ci\u00f3 t\u00edpus\u00fa, speci\u00e1lis atka\u00f6l\u0151 szer. A flufenzin az Agro-Chemie Kft. saj\u00e1t fejleszt\u00e9s\u0171, eredeti atka\u00f6l\u0151 szere.<\/p>\n<p><strong>A Flumite 200 el\u0151ny\u00f6s tulajdons\u00e1gai<\/strong><\/p>\n<ul>\n<li>\n<div align=\"justify\">Egyedi hat\u00e1smechanizmus; a flufenzin g\u00e1tolja a lerakott atkatoj\u00e1sok kel\u00e9s\u00e9t. A hat\u00f3anyagot a t\u00e1pl\u00e1lkoz\u00f3 n\u0151st\u00e9ny atk\u00e1k felveszik, ami steriliz\u00e1lja a n\u0151st\u00e9nyekben k\u00e9pz\u0151d\u0151 atka toj\u00e1sokat.<\/div>\n<\/li>\n<li>\n<div align=\"justify\">A flufenzin elpuszt\u00edtja a fiatal, mozg\u00f3 l\u00e1rv\u00e1kat \u00e9s a nimf\u00e1kat.<\/div>\n<\/li>\n<li>\n<div align=\"justify\">A transzlamin\u00e1ris tulajdons\u00e1g\u00fa hat\u00f3anyag a levelek fon\u00e1k\u00e1n t\u00e1pl\u00e1lkoz\u00f3 l\u00e1rv\u00e1kat is nagy hat\u00e9konys\u00e1ggal puszt\u00edtja el.<\/div>\n<\/li>\n<li>\n<div align=\"justify\">Hossz\u00fa, 40-60 napos hat\u00e1startam.<\/div>\n<\/li>\n<li>\n<div align=\"justify\">Sz\u00e9les hat\u00e1sspektrum; a Flumite 200 a lev\u00e9l-, gubacs- \u00e9s tak\u00e1csatka fajok ellen egyar\u00e1nt hat\u00e9kony.A Flumite 200 kit\u0171n\u0151 hat\u00e1s\u00fa az elt\u00e9r\u0151 fajokb\u00f3l \u00e9s fejl\u0151d\u00e9si alakokb\u00f3l \u00e1ll\u00f3, vegyes atkapopul\u00e1ci\u00f3k ellen is. Rugalmas alkalmaz\u00e1s, a permetez\u00e9sek nem korl\u00e1toz\u00f3dnak egy r\u00f6vid id\u0151szakra. A Flumite 200 a tavaszi, ny\u00e1ri \u00e9s \u0151szi kezel\u00e9sekre egyar\u00e1nt felhaszn\u00e1lhat\u00f3.<\/div>\n<\/li>\n<li>\n<div align=\"justify\">Er\u0151s szelektivit\u00e1s; a Flumite csak a n\u00f6v\u00e9nyk\u00e1ros\u00edt\u00f3 atk\u00e1kat puszt\u00edtja el, a ragadoz\u00f3 atk\u00e1kat \u00e9s a hasznos rovarokat k\u00edm\u00e9li. Z\u00f6ld min\u0151s\u00edt\u00e9s; integr\u00e1lt n\u00f6v\u00e9nyv\u00e9delmi technol\u00f3gi\u00e1kban felhaszn\u00e1lhat\u00f3.<\/div>\n<\/li>\n<li>\n<div align=\"justify\">Alacsony d\u00f3zisokban is t\u00f6k\u00e9letes hat\u00e1s; igen kedvez\u0151 k\u00f6lts\u00e9g\/hat\u00e1s ar\u00e1ny.<\/div>\n<\/li>\n<li>\n<div align=\"justify\">Forgalmaz\u00e1si kateg\u00f3ria: III &#8211; szabadforgalm\u00fa besorol\u00e1s.<\/div>\n<\/li>\n<\/ul>\n<p align=\"justify\">A Flumite 200 egy sikeres, nagy hat\u00e9konys\u00e1g\u00fa, szelekt\u00edv rugalmasan felhaszn\u00e1lhat\u00f3, biztons\u00e1gosan alkalmazhat\u00f3 \u00e9s gazdas\u00e1gos atka\u00f6l\u0151 szer.<\/p>\n<p align=\"justify\"><strong>Felhaszn\u00e1l\u00e1s:<\/strong><\/p>\n<p align=\"justify\"><strong>Almaterm\u00e9s\u0171ek (alma, k\u00f6rte):\u00a0<\/strong>Piros gy\u00fcm\u00f6lcsfa tak\u00e1csatka (Panonychus ulmi), K\u00e9tfoltos tak\u00e1csatka, (Tetranychus urticae)Almaterm\u00e9s\u0171ek lev\u00e9latk\u00e1ja (Aculus schlechtendali) 0,4-0,5 l\/ha d\u00f3zisban, 500-1000 l\/ha permetl\u00e9vel. Kora tavasszal a piros gy\u00fcm\u00f6lcsfa tak\u00e1csatka toj\u00e1sok kel\u00e9sekor, a vessz\u0151k \u00e9s gallyak 30%-os toj\u00e1s fert\u0151z\u00f6tts\u00e9gekor, illetve m\u00e1jus v\u00e9g\u00e9ig k\u00f6z\u00f6ns\u00e9ges tak\u00e1csatka eset\u00e9ben, ha a mozg\u00f3 atk\u00e1k sz\u00e1ma el\u00e9ri a 3-5 db egyed\/lev\u00e9l vesz\u00e9lyess\u00e9gi k\u00fcsz\u00f6b\u00e9rt\u00e9ket.<\/p>\n<p><strong>Csonth\u00e9jasokban (\u0151szibarack, nektarin, szilva):\u00a0<\/strong>Csonth\u00e9jasok lev\u00e9latk\u00e1ja (Aculus fockeui), Piros gy\u00fcm\u00f6lcsfa tak\u00e1csatka (Panonychus ulmi), K\u00e9tfoltos tak\u00e1csatka (Tetranychus urticae) Legk\u00e9s\u0151bb m\u00e1jus v\u00e9g\u00e9ig csonth\u00e9jasok lev\u00e9latk\u00e1ja ellen 0,4-0,5 l\/ha d\u00f3zisban, 800-1000 l\/ha permetl\u00e9vel, egy alkalommal (30db mozg\u00f3 egyed\/lev\u00e9l) vesz\u00e9lyess\u00e9gi k\u00fcsz\u00f6b\u00e9rt\u00e9k el\u00e9r\u00e9sekor. K\u00f6z\u00f6ns\u00e9ges \u00e9s piros gy\u00fcm\u00f6lcsfa tak\u00e1csatka ellen 3-5 db mozg\u00f3 egyed\/lev\u00e9l vesz\u00e9lyess\u00e9gi k\u00fcsz\u00f6b\u00e9rt\u00e9k kialakul\u00e1sakor, \u00e9vi egy alkalommal.<\/p>\n<p><strong>Sz\u0151l\u0151:\u00a0<\/strong>Sz\u0151l\u0151 lev\u00e9latka (Calepitrimerus vitis), Sz\u0151l\u0151 gubacsatka (Eriophyes vitis), K\u00e9tfoltos tak\u00e1csatka (Tetranychus urticae), 0,4-0,5 l\/ha d\u00f3zisban, 800-1000 l\/ha permetl\u00e9vel, el\u0151rejelz\u00e9s szerint tavasszal a sz\u0151l\u0151 2-4 leveles \u00e1llapot\u00e1ban, gubacsatka eset\u00e9ben pedig a vir\u00e1gz\u00e1s el\u0151tti id\u0151szakban er\u0151s r\u00fcgyfert\u0151z\u00e9skor (100-200 adult\/csap).<\/p>\n<p><strong>K\u00f6szm\u00e9te, piros \u00e9s fekete ribiszke, m\u00e1lna:\u00a0<\/strong>K\u00e9tfoltos tak\u00e1csatka (Tetranychus urticae) 0,4-0,5 l\/ha d\u00f3zisban, 500-600 l\/ha permetl\u00e9vel 3-5 db mozg\u00f3 egyed\/lev\u00e9l vesz\u00e9lyess\u00e9gi k\u00fcsz\u00f6b\u00e9rt\u00e9k ismeret\u00e9ben vir\u00e1gz\u00e1s el\u0151tt egy alkalommal.<\/p>\n<p><strong>Szeder:\u00a0<\/strong>Szederatka (Acalitus essigii) A z\u00f6ld bimb\u00f3kon sz\u00edvogat\u00f3 szederatk\u00e1k ellen tavaszi n\u00f6v\u00e9nyvizsg\u00e1lat alapj\u00e1n 0,5 l\/ha d\u00f3zisban, 500-600 l\/ha permetl\u00e9vel.<\/p>\n<p><strong>Szam\u00f3ca:\u00a0<\/strong>Szam\u00f3caatka (Tarsonemus fragariae) El\u0151rejelz\u00e9s alapj\u00e1n vir\u00e1gz\u00e1s el\u0151tt \u00e9s betakar\u00edt\u00e1s ut\u00e1ni id\u0151szakban 0,5 l\/ha d\u00f3zisban, 500-1000 l\/ha permetl\u00e9vel.<\/p>\n<p><strong>Fekete bodza:<\/strong>\u00a0K\u00e9tfoltos tak\u00e1csatka (Tetranychus urticae), Lev\u00e9latk\u00e1k K\u00f6z\u00f6ns\u00e9ges tak\u00e1csatka \u00e9s lev\u00e9latk\u00e1k ellen vir\u00e1gz\u00e1sig 0,4-0,5 l\/ha d\u00f3zisban, 500-800 l\/ha permetl\u00e9vel 3-5 db mozg\u00f3 egyed\/lev\u00e9l vesz\u00e9lyess\u00e9gi k\u00fcsz\u00f6b\u00e9rt\u00e9k (tak\u00e1csatka), illetve30-40 egyed\/lev\u00e9l vesz\u00e9lyess\u00e9gi k\u00fcsz\u00f6b\u00e9rt\u00e9k (lev\u00e9latka) el\u00e9r\u00e9sekor. Bodz\u00e1ban a permetl\u00e9hez tapad\u00e1sfokoz\u00f3 nedves\u00edt\u0151szer hozz\u00e1ad\u00e1sa javasolt. A k\u00e9sz\u00edtm\u00e9nyt \u00e9vente egy alkalommal lehet felhaszn\u00e1lni.<\/p>\n<p><strong>Di\u00f3:\u00a0<\/strong>Szem\u00f6lcs\u00f6s gubacsatka (Eriophyes tristriatus), Nemezes gubacsatka (Eriophyes erineus), A t\u00e9li nyugalmi id\u0151szakot k\u00f6vet\u0151en a r\u00fcgyekben \u00e1ttelel\u0151 kifejlett mozg\u00f3 alakok ellen 0,5 l\/ha d\u00f3zisban 800 l\/ha permetl\u00e9vel.<\/p>\n<p><strong>D\u00edszfaiskola, csemetekert, k\u00f6zter\u00fcleti lombhullat\u00f3 \u00e9s \u00f6r\u00f6kz\u00f6ld d\u00edszfa:\u00a0<\/strong>Tak\u00e1csatk\u00e1k, lev\u00e9latk\u00e1k \u00e9s laposatk\u00e1kEl\u0151rejelz\u00e9s alapj\u00e1n a t\u00f6meges felszaporod\u00e1s kezdet\u00e9n 0,5l\/ha d\u00f3zisban, 500-2000 l\/ha permetl\u00e9vel. A k\u00e9sz\u00edtm\u00e9ny alkalmaz\u00e1sa h\u00e1rsf\u00e1n, vadgeszteny\u00e9n, tiszaf\u00e1n, \u00e9s k\u00f6z\u00f6ns\u00e9ges lucfeny\u0151n nem okoz fitotoxikus t\u00fcneteket. Egy\u00e9b d\u00edszf\u00e1kon, cserj\u00e9ken a kezel\u00e9s el\u0151tt \u00e9rz\u00e9kenys\u00e9gi vizsg\u00e1lat elv\u00e9gz\u00e9se aj\u00e1nlott.<\/p>\n<p><strong>Hibridkukorica:\u00a0<\/strong>K\u00e9tfoltos tak\u00e1csatka (Tetranychus urticae) J\u00faliusban \u00e1llom\u00e1nykezel\u00e9ssel a k\u00f6z\u00f6ns\u00e9ges tak\u00e1csatka kifejlett alakjai \u00e9s l\u00e1rv\u00e1i ellen 0,3 l\/ha d\u00f3zisban 600 l\/ha permetl\u00e9vel.<\/p>\n<p><strong>Sz\u00f3ja \u00e9s vet\u0151mag el\u0151\u00e1ll\u00edt\u00e1s:\u00a0<\/strong>K\u00e9tfoltos tak\u00e1csatka (Tetranychus urticae) Legk\u00e9s\u0151bb vir\u00e1gz\u00e1s v\u00e9g\u00e9ig k\u00f6z\u00f6ns\u00e9ges tak\u00e1csatka ellen a kifejlett adultak \u00e9s l\u00e1rv\u00e1i ellen el\u0151rejelz\u00e9s \u00e9s n\u00f6v\u00e9nyvizsg\u00e1lat alapj\u00e1n 0,25-0,3 l\/ha d\u00f3zisban 300 l\/ha permetl\u00e9vel.<\/p>\n<p align=\"justify\"><strong>A permetl\u00e9 keverhet\u0151s\u00e9g:<\/strong><\/p>\n<p>A Flumite 200 a l\u00fagos k\u00e9mhat\u00e1s\u00fa gomba\u00f6l\u0151 szerek kiv\u00e9tel\u00e9vel &#8211; az adott kult\u00far\u00e1ban felhaszn\u00e1l\u00e1sra enged\u00e9lyezett &#8211; \u00f6sszes t\u00f6bbi rovar- \u00e9s gomba\u00f6l\u0151 szerrel keverhet\u0151.<\/p>\n<p>Szederben, szam\u00f3c\u00e1ban, fekete bodz\u00e1ban a permetl\u00e9hez tapad\u00e1sfokoz\u00f3 nedves\u00edt\u0151szer hozz\u00e1ad\u00e1sa javasolt. A k\u00e9sz\u00edtm\u00e9nyt gy\u00fcm\u00f6lcs\u00f6s\u00f6kben, bogy\u00f3sokban, sz\u0151l\u0151ben, hibridkukoric\u00e1ban \u00e9s sz\u00f3j\u00e1ban \u00e9vente maximum egy alkalommal lehet felhaszn\u00e1lni.<\/p>\n<p align=\"justify\"><strong>H\u00e1zikerti felhaszn\u00e1l\u00e1s<\/strong><\/p>\n<p>A Flumite 200 a h\u00e1zikertben is nagy biztons\u00e1ggal \u00e9s eredm\u00e9nyesen felhaszn\u00e1lhat\u00f3, speci\u00e1lis atka\u00f6l\u0151 szer. T\u00edz liter permetl\u00e9 elk\u00e9sz\u00edt\u00e9s\u00e9hez egy darab 5 ml-es Flumite ampull\u00e1t kell felhaszn\u00e1lni.<\/p>\n<p align=\"justify\"><a href=\"https:\/\/www.facebook.com\/tajkertesz\">https:\/\/www.facebook.com\/tajkertesz<\/a><\/p>\n<p align=\"justify\"><a href=\"http:\/\/www.tajkertesz.hu\">http:\/\/www.tajkertesz.hu<\/a><\/p>\n<p align=\"justify\"><a href=\"https:\/\/tajkertesz.com\/wp-content\/uploads\/2021\/12\/Flumite200.doc\">-Flumite200<\/a><\/p>\n<h3 align=\"justify\">Kiz\u00e1r\u00f3lag szem\u00e9lyes \u00e1tv\u00e9tellel lehets\u00e9ges a term\u00e9k megv\u00e1s\u00e1rl\u00e1sa!<\/h3>\n<p align=\"justify\"><span style=\"color: #ffffff;\">A k\u00e9sz\u00edtm\u00e9nyt a gyep ny\u00edr\u00e1s\u00e1t k\u00f6vet\u0151en, a k\u00e9tszik\u0171 gyomn\u00f6v\u00e9nyek n\u00f6veked\u00e9s\u00e9nek \u00fajb\u00f3li megindul\u00e1sa ut\u00e1n kell kijuttatni 10 l\/ha (100 ml \/ 100 m2) d\u00f3zisban. A kijuttat\u00e1shoz sz\u00fcks\u00e9ges v\u00edzmennyis\u00e9g 10 l \/ 100 m2. A kezel\u00e9sn\u00e9l \u00fcgyelni kell arra, hogy a permetl\u00e9 kult\u00farn\u00f6v\u00e9nyekre ne ker\u00fclj\u00f6n, mert azokat maradand\u00f3an k\u00e1ros\u00edtja.<\/span><\/p>\n<p align=\"justify\"><span style=\"color: #ffffff;\">A k\u00e9sz\u00edtm\u00e9ny alkalmazhat\u00f3 foltkezel\u00e9s \u00e9s teljes fel\u00fcletkezel\u00e9s form\u00e1j\u00e1ban. Egy veget\u00e1ci\u00f3s szakaszban maximum k\u00e9t kezel\u00e9s v\u00e9gezhet\u0151.<\/span><\/p>\n<div align=\"justify\"><\/div>","protected":false},"excerpt":{"rendered":"<p class=\"product-detail-name\" style=\"text-align: center;\">Flumite 200 ampulla 5ml<\/p>\n<div class=\"product-detail-title-after\">\n<div class=\"product-detail-manufacturer-wrap\"><\/div>\n<\/div>","protected":false},"featured_media":12073,"template":"","meta":{"_et_pb_use_builder":"","_et_pb_old_content":"","_et_gb_content_width":""},"product_brand":[],"product_cat":[3423],"product_tag":[3552],"class_list":{"0":"post-12071","1":"product","2":"type-product","3":"status-publish","4":"has-post-thumbnail","6":"product_cat-rovarolo-szer","7":"product_tag-flumite-200-ampulla-5ml","9":"first","10":"outofstock","11":"shipping-taxable","12":"product-type-simple"},"yoast_head":"<!-- This site is optimized with the Yoast SEO plugin v27.4 - https:\/\/yoast.com\/product\/yoast-seo-wordpress\/ -->\n<title>Flumite 200 ampulla 5ml - T\u00e1jkert\u00e9sz<\/title>\n<meta name=\"description\" content=\"Flumite 200 ampulla 5ml\" \/>\n<meta name=\"robots\" content=\"index, follow, max-snippet:-1, max-image-preview:large, max-video-preview:-1\" \/>\n<link rel=\"canonical\" href=\"https:\/\/tajkertesz.com\/en_US\/product\/flumite-200-ampulla-5ml\/\" \/>\n<meta property=\"og:locale\" content=\"en_US\" \/>\n<meta property=\"og:type\" content=\"article\" \/>\n<meta property=\"og:title\" content=\"Flumite 200 ampulla 5ml - T\u00e1jkert\u00e9sz\" \/>\n<meta property=\"og:description\" content=\"Flumite 200 ampulla 5ml\" \/>\n<meta property=\"og:url\" content=\"https:\/\/tajkertesz.com\/en_US\/product\/flumite-200-ampulla-5ml\/\" \/>\n<meta property=\"og:site_name\" content=\"T\u00e1jkert\u00e9sz\" \/>\n<meta property=\"article:publisher\" content=\"https:\/\/www.facebook.com\/Tajkertesz\/\" \/>\n<meta property=\"article:modified_time\" content=\"2026-02-18T15:34:47+00:00\" \/>\n<meta property=\"og:image\" content=\"https:\/\/tajkertesz.com\/wp-content\/uploads\/2021\/12\/flum200.jpg\" \/>\n\t<meta property=\"og:image:width\" content=\"1910\" \/>\n\t<meta property=\"og:image:height\" content=\"1000\" \/>\n\t<meta property=\"og:image:type\" content=\"image\/jpeg\" \/>\n<meta name=\"twitter:card\" content=\"summary_large_image\" \/>\n<meta name=\"twitter:label1\" content=\"Est. reading time\" \/>\n\t<meta name=\"twitter:data1\" content=\"5 minutes\" \/>\n<script type=\"application\/ld+json\" class=\"yoast-schema-graph\">{\"@context\":\"https:\\\/\\\/schema.org\",\"@graph\":[{\"@type\":\"WebPage\",\"@id\":\"https:\\\/\\\/tajkertesz.com\\\/termek\\\/flumite-200-ampulla-5ml\\\/\",\"url\":\"https:\\\/\\\/tajkertesz.com\\\/termek\\\/flumite-200-ampulla-5ml\\\/\",\"name\":\"Flumite 200 ampulla 5ml - T\u00e1jkert\u00e9sz\",\"isPartOf\":{\"@id\":\"https:\\\/\\\/tajkertesz.com\\\/#website\"},\"primaryImageOfPage\":{\"@id\":\"https:\\\/\\\/tajkertesz.com\\\/termek\\\/flumite-200-ampulla-5ml\\\/#primaryimage\"},\"image\":{\"@id\":\"https:\\\/\\\/tajkertesz.com\\\/termek\\\/flumite-200-ampulla-5ml\\\/#primaryimage\"},\"thumbnailUrl\":\"https:\\\/\\\/tajkertesz.com\\\/wp-content\\\/uploads\\\/2021\\\/12\\\/flum200.jpg\",\"datePublished\":\"2021-12-15T10:10:47+00:00\",\"dateModified\":\"2026-02-18T15:34:47+00:00\",\"description\":\"Flumite 200 ampulla 5ml\",\"breadcrumb\":{\"@id\":\"https:\\\/\\\/tajkertesz.com\\\/termek\\\/flumite-200-ampulla-5ml\\\/#breadcrumb\"},\"inLanguage\":\"en-US\",\"potentialAction\":[{\"@type\":\"ReadAction\",\"target\":[\"https:\\\/\\\/tajkertesz.com\\\/termek\\\/flumite-200-ampulla-5ml\\\/\"]}]},{\"@type\":\"ImageObject\",\"inLanguage\":\"en-US\",\"@id\":\"https:\\\/\\\/tajkertesz.com\\\/termek\\\/flumite-200-ampulla-5ml\\\/#primaryimage\",\"url\":\"https:\\\/\\\/tajkertesz.com\\\/wp-content\\\/uploads\\\/2021\\\/12\\\/flum200.jpg\",\"contentUrl\":\"https:\\\/\\\/tajkertesz.com\\\/wp-content\\\/uploads\\\/2021\\\/12\\\/flum200.jpg\",\"width\":1910,\"height\":1000},{\"@type\":\"BreadcrumbList\",\"@id\":\"https:\\\/\\\/tajkertesz.com\\\/termek\\\/flumite-200-ampulla-5ml\\\/#breadcrumb\",\"itemListElement\":[{\"@type\":\"ListItem\",\"position\":1,\"name\":\"Home\",\"item\":\"https:\\\/\\\/tajkertesz.com\\\/\"},{\"@type\":\"ListItem\",\"position\":2,\"name\":\"Kezd\u0151lap\",\"item\":\"https:\\\/\\\/tajkertesz.com\\\/\"},{\"@type\":\"ListItem\",\"position\":3,\"name\":\"Flumite 200 ampulla 5ml\"}]},{\"@type\":\"WebSite\",\"@id\":\"https:\\\/\\\/tajkertesz.com\\\/#website\",\"url\":\"https:\\\/\\\/tajkertesz.com\\\/\",\"name\":\"T\u00e1j-Kert\u00e9sz 84 Kft.\",\"description\":\"Kert\u00e9szeti kis- \u00e9s nagykeresked\u00e9s, D\u00edszn\u00f6v\u00e9ny web\u00e1ruh\u00e1z orsz\u00e1gos h\u00e1zhozsz\u00e1ll\u00edt\u00e1ssal!\",\"publisher\":{\"@id\":\"https:\\\/\\\/tajkertesz.com\\\/#organization\"},\"potentialAction\":[{\"@type\":\"SearchAction\",\"target\":{\"@type\":\"EntryPoint\",\"urlTemplate\":\"https:\\\/\\\/tajkertesz.com\\\/?s={search_term_string}\"},\"query-input\":{\"@type\":\"PropertyValueSpecification\",\"valueRequired\":true,\"valueName\":\"search_term_string\"}}],\"inLanguage\":\"en-US\"},{\"@type\":\"Organization\",\"@id\":\"https:\\\/\\\/tajkertesz.com\\\/#organization\",\"name\":\"T\u00e1j-Kert\u00e9sz 84 Kft.\",\"url\":\"https:\\\/\\\/tajkertesz.com\\\/\",\"logo\":{\"@type\":\"ImageObject\",\"inLanguage\":\"en-US\",\"@id\":\"https:\\\/\\\/tajkertesz.com\\\/#\\\/schema\\\/logo\\\/image\\\/\",\"url\":\"https:\\\/\\\/tajkertesz.com\\\/wp-content\\\/uploads\\\/2018\\\/02\\\/logo-2-e1518678052539.png\",\"contentUrl\":\"https:\\\/\\\/tajkertesz.com\\\/wp-content\\\/uploads\\\/2018\\\/02\\\/logo-2-e1518678052539.png\",\"width\":81,\"height\":140,\"caption\":\"T\u00e1j-Kert\u00e9sz 84 Kft.\"},\"image\":{\"@id\":\"https:\\\/\\\/tajkertesz.com\\\/#\\\/schema\\\/logo\\\/image\\\/\"},\"sameAs\":[\"https:\\\/\\\/www.facebook.com\\\/Tajkertesz\\\/\"]}]}<\/script>\n<!-- \/ Yoast SEO plugin. -->","yoast_head_json":{"title":"Flumite 200 ampulla 5ml - T\u00e1jkert\u00e9sz","description":"Flumite 200 ampulla 5ml","robots":{"index":"index","follow":"follow","max-snippet":"max-snippet:-1","max-image-preview":"max-image-preview:large","max-video-preview":"max-video-preview:-1"},"canonical":"https:\/\/tajkertesz.com\/en_US\/product\/flumite-200-ampulla-5ml\/","og_locale":"en_US","og_type":"article","og_title":"Flumite 200 ampulla 5ml - T\u00e1jkert\u00e9sz","og_description":"Flumite 200 ampulla 5ml","og_url":"https:\/\/tajkertesz.com\/en_US\/product\/flumite-200-ampulla-5ml\/","og_site_name":"T\u00e1jkert\u00e9sz","article_publisher":"https:\/\/www.facebook.com\/Tajkertesz\/","article_modified_time":"2026-02-18T15:34:47+00:00","og_image":[{"width":1910,"height":1000,"url":"https:\/\/tajkertesz.com\/wp-content\/uploads\/2021\/12\/flum200.jpg","type":"image\/jpeg"}],"twitter_card":"summary_large_image","twitter_misc":{"Est. reading time":"5 minutes"},"schema":{"@context":"https:\/\/schema.org","@graph":[{"@type":"WebPage","@id":"https:\/\/tajkertesz.com\/termek\/flumite-200-ampulla-5ml\/","url":"https:\/\/tajkertesz.com\/termek\/flumite-200-ampulla-5ml\/","name":"Flumite 200 ampulla 5ml - T\u00e1jkert\u00e9sz","isPartOf":{"@id":"https:\/\/tajkertesz.com\/#website"},"primaryImageOfPage":{"@id":"https:\/\/tajkertesz.com\/termek\/flumite-200-ampulla-5ml\/#primaryimage"},"image":{"@id":"https:\/\/tajkertesz.com\/termek\/flumite-200-ampulla-5ml\/#primaryimage"},"thumbnailUrl":"https:\/\/tajkertesz.com\/wp-content\/uploads\/2021\/12\/flum200.jpg","datePublished":"2021-12-15T10:10:47+00:00","dateModified":"2026-02-18T15:34:47+00:00","description":"Flumite 200 ampulla 5ml","breadcrumb":{"@id":"https:\/\/tajkertesz.com\/termek\/flumite-200-ampulla-5ml\/#breadcrumb"},"inLanguage":"en-US","potentialAction":[{"@type":"ReadAction","target":["https:\/\/tajkertesz.com\/termek\/flumite-200-ampulla-5ml\/"]}]},{"@type":"ImageObject","inLanguage":"en-US","@id":"https:\/\/tajkertesz.com\/termek\/flumite-200-ampulla-5ml\/#primaryimage","url":"https:\/\/tajkertesz.com\/wp-content\/uploads\/2021\/12\/flum200.jpg","contentUrl":"https:\/\/tajkertesz.com\/wp-content\/uploads\/2021\/12\/flum200.jpg","width":1910,"height":1000},{"@type":"BreadcrumbList","@id":"https:\/\/tajkertesz.com\/termek\/flumite-200-ampulla-5ml\/#breadcrumb","itemListElement":[{"@type":"ListItem","position":1,"name":"Home","item":"https:\/\/tajkertesz.com\/"},{"@type":"ListItem","position":2,"name":"Kezd\u0151lap","item":"https:\/\/tajkertesz.com\/"},{"@type":"ListItem","position":3,"name":"Flumite 200 ampulla 5ml"}]},{"@type":"WebSite","@id":"https:\/\/tajkertesz.com\/#website","url":"https:\/\/tajkertesz.com\/","name":"T\u00e1j-Kert\u00e9sz 84 Kft.","description":"Kert\u00e9szeti kis- \u00e9s nagykeresked\u00e9s, D\u00edszn\u00f6v\u00e9ny web\u00e1ruh\u00e1z orsz\u00e1gos h\u00e1zhozsz\u00e1ll\u00edt\u00e1ssal!","publisher":{"@id":"https:\/\/tajkertesz.com\/#organization"},"potentialAction":[{"@type":"SearchAction","target":{"@type":"EntryPoint","urlTemplate":"https:\/\/tajkertesz.com\/?s={search_term_string}"},"query-input":{"@type":"PropertyValueSpecification","valueRequired":true,"valueName":"search_term_string"}}],"inLanguage":"en-US"},{"@type":"Organization","@id":"https:\/\/tajkertesz.com\/#organization","name":"T\u00e1j-Kert\u00e9sz 84 Kft.","url":"https:\/\/tajkertesz.com\/","logo":{"@type":"ImageObject","inLanguage":"en-US","@id":"https:\/\/tajkertesz.com\/#\/schema\/logo\/image\/","url":"https:\/\/tajkertesz.com\/wp-content\/uploads\/2018\/02\/logo-2-e1518678052539.png","contentUrl":"https:\/\/tajkertesz.com\/wp-content\/uploads\/2018\/02\/logo-2-e1518678052539.png","width":81,"height":140,"caption":"T\u00e1j-Kert\u00e9sz 84 Kft."},"image":{"@id":"https:\/\/tajkertesz.com\/#\/schema\/logo\/image\/"},"sameAs":["https:\/\/www.facebook.com\/Tajkertesz\/"]}]}},"_links":{"self":[{"href":"https:\/\/tajkertesz.com\/en_US\/wp-json\/wp\/v2\/product\/12071","targetHints":{"allow":["GET"]}}],"collection":[{"href":"https:\/\/tajkertesz.com\/en_US\/wp-json\/wp\/v2\/product"}],"about":[{"href":"https:\/\/tajkertesz.com\/en_US\/wp-json\/wp\/v2\/types\/product"}],"wp:featuredmedia":[{"embeddable":true,"href":"https:\/\/tajkertesz.com\/en_US\/wp-json\/wp\/v2\/media\/12073"}],"wp:attachment":[{"href":"https:\/\/tajkertesz.com\/en_US\/wp-json\/wp\/v2\/media?parent=12071"}],"wp:term":[{"taxonomy":"product_brand","embeddable":true,"href":"https:\/\/tajkertesz.com\/en_US\/wp-json\/wp\/v2\/product_brand?post=12071"},{"taxonomy":"product_cat","embeddable":true,"href":"https:\/\/tajkertesz.com\/en_US\/wp-json\/wp\/v2\/product_cat?post=12071"},{"taxonomy":"product_tag","embeddable":true,"href":"https:\/\/tajkertesz.com\/en_US\/wp-json\/wp\/v2\/product_tag?post=12071"}],"curies":[{"name":"wp","href":"https:\/\/api.w.org\/{rel}","templated":true}]}}