{"id":12074,"date":"2021-12-15T10:22:42","date_gmt":"2021-12-15T10:22:42","guid":{"rendered":"https:\/\/tajkertesz.com\/?post_type=product&#038;p=12074"},"modified":"2026-02-18T15:34:53","modified_gmt":"2026-02-18T15:34:53","slug":"agroken-1-l","status":"publish","type":"product","link":"https:\/\/tajkertesz.com\/en_US\/product\/agroken-1-l\/","title":{"rendered":"Agrok\u00e9n 1 l"},"content":{"rendered":"<h1 class=\"product-detail-name\">Agrok\u00e9n 1 l<\/h1>\n<div class=\"product-detail-title-after\">\n<div class=\"product-detail-manufacturer-wrap\">Agrok\u00e9n 1 l<\/div>\n<\/div>\n<div class=\"product-detail-title-after\">\n<div class=\"product-detail-manufacturer-wrap\"><\/div>\n<\/div>\n<div class=\"product-detail-title-after\">\n<div class=\"product-detail-manufacturer-wrap\">\n<div class=\"container\">\n<div class=\"container-main base_inner\">\n<div class=\"product-detail\">\n<div class=\"product-detail-tabs\">\n<div class=\"card card-tabs\">\n<div class=\"product-detail-tabs-content card-body\">\n<div class=\"tab-content\">\n<div id=\"description-tab-pane\" class=\"tab-pane fade show active\" role=\"tabpanel\" aria-labelledby=\"description-tab\">\n<div class=\"offcanvas-content-container\">\n<div class=\"product-detail-description tab-pane-container\">\n<div class=\"product-detail-description-text\">\n<p>H\u00e1zikerti felhaszn\u00e1l\u00e1s: 250 ml\/10 l v\u00edz.<\/p>\n<p>Gy\u00fcm\u00f6lcs\u00f6sben, sz\u0151l\u0151ben lisztharmat, pajzstet\u0171, lev\u00e9ltet\u0171 toj\u00e1sok, k\u00f6rtelev\u00e9l-bolha \u00e9s atkak\u00e1rtev\u0151k gy\u00e9r\u00edt\u00e9s\u00e9re alkalmazhat\u00f3 kora tavaszi lemos\u00f3 permetez\u0151szer.<\/p>\n<p>III. Forgalmi kateg\u00f3ri\u00e1j\u00fa (szabadforgalm\u00fa)<\/p>\n<p>A biotermeszt\u00e9sben is enged\u00e9lyezett k\u00e9sz\u00edtm\u00e9ny!<\/p>\n<p>Hat\u00f3anyaga: 7 % poliszulfidk\u00e9n \u00e9s 58 % paraffinolaj.<\/p>\n<p>Az AGROK\u00c9N gy\u00e1ri kombin\u00e1ci\u00f3ban tartalmazza a n\u00f6v\u00e9nyv\u00e9delemben k\u00fcl\u00f6n-k\u00fcl\u00f6n m\u00e1r r\u00e9g\u00f3ta alkalmazott \u00e9s k\u00f6zkedvelt m\u00e9szk\u00e9nlevet \u00e9s gy\u00fcm\u00f6lcsfa olajat.<\/p>\n<p>EL\u0150NYEI:<\/p>\n<p>\u00bb Ellen\u0151rz\u00f6tt min\u0151s\u00e9g\u0171 k\u00e9nb\u0151l \u00e9s m\u00e9szb\u0151l k\u00e9sz\u00fcl.<\/p>\n<p>\u00bb Az otthon f\u0151z\u00f6tt m\u00e9szk\u00e9nl\u00e9vel szemben sz\u0171rt, stabiliz\u00e1lt anyag, nem t\u00f6m\u00edti el a permetez\u0151 sz\u00f3r\u00f3fej\u00e9t.<\/p>\n<p>\u00bb Minim\u00e1lisra cs\u00f6kkent az olaj perzsel\u0151 hat\u00e1sa, mert finom\u00edtott olajat tartalmaz.<\/p>\n<p>\u00bb Nem csak r\u00fcgyfakad\u00e1skor alkalmazhat\u00f3 mint a legt\u00f6bb lemos\u00f3 szer, hanem alacsonyabb d\u00f3zisban gy\u00fcm\u00f6lcs\u00f6s\u00f6kben a piros bimb\u00f3s, sz\u0151l\u0151ben pedig a gyapotos \u00e1llapotig is permetezhet\u0151.<\/p>\n<p>\u00bb Az AGROK\u00c9N a tavasszal rendelkez\u00e9sre \u00e1ll\u00f3 n\u00e9h\u00e1ny fokos v\u00edzzel is j\u00f3l elkeverhet\u0151.<\/p>\n<p>Javasolt n\u00f6v\u00e9nyv\u00e9delmi technol\u00f3gia:<\/p>\n<p>\u00bb Alm\u00e1ban, szilv\u00e1ban, k\u00f6rt\u00e9ben r\u00fcgyfakad\u00e1st\u00f3l a pirosbimb\u00f3s \u00e1llapotig 25-50 kg\/ha (0,25\u20130,5 kg\/10 l v\u00edz) koncentr\u00e1ci\u00f3ban;<\/p>\n<p>\u00bb Sz\u0151l\u0151ben r\u00fcgypattan\u00e1sig 25-50 kg\/ha (0,25 &#8211; 0,5 kg\/10 l v\u00edz), r\u00fcgypattan\u00e1st\u00f3l gyapotos \u00e1llapotig 25-30 kg\/ha (0,25-0,3 kg\/10 l v\u00edz)<\/p>\n<p>A kijuttat\u00e1shoz 1000-1200 liter\/ha (10-12 liter\/100m2) v\u00edz sz\u00fcks\u00e9ges.<\/p>\n<p>\u00bb \u0150szibarackban r\u00fcgypattan\u00e1sig 25-50 kg\/ha (0,25-0,5 kg\/10 l v\u00edz), r\u00fcgypattan\u00e1st\u00f3l piros bimb\u00f3s \u00e1llapotig 25-30 kg\/ha (0,25-0,3 kg\/10 l v\u00edz) koncentr\u00e1ci\u00f3ban. A tafrin\u00e1s megbeteged\u00e9s ellen az \u0151szi \u00e9s tavaszi rezes lemos\u00f3 permetez\u00e9sek k\u00f6z\u00f6tti id\u0151szakban legk\u00e9s\u0151bb a r\u00fcgyfalad\u00e1s fenol\u00f3giai st\u00e1dium\u00e1hoz igazodva 2,5-5%-os t\u00f6m\u00e9nys\u00e9gben, nagy l\u00e9mennyis\u00e9ggel, \u00e1ztat\u00e1sszer\u0171en 1000-2000 l\/ha (10-20 l\/100m2) v\u00edzzel kell a kezel\u00e9st v\u00e9gezni.Az els\u0151 rezes, \u00e9s az Agrok\u00e9nnel t\u00f6rt\u00e9nt kezel\u00e9st az eredm\u00e9nyes, tart\u00f3s v\u00e9delmi hat\u00e1s \u00e9rdek\u00e9ben a z\u00f6ldbimb\u00f3s fenol\u00f3giai st\u00e1dium v\u00e9g\u00e9ig ism\u00e9telt rezes permetez\u00e9snek kell k\u00f6vetnie. A technol\u00f3gi\u00e1t\u00f3l elt\u00e9r\u0151 v\u00e9dekez\u00e9s eset\u00e9n a tafrina elleni hat\u00e9konys\u00e1ga cs\u00f6kkenhet.<\/p>\n<p>A szer hat\u00e1sfok\u00e1t nagym\u00e9rt\u00e9kben befoly\u00e1solj\u00e1k az al\u00e1bbi t\u00e9nyez\u0151k:<\/p>\n<p>\u00bb t\u00fal korai permetez\u00e9s (fagymentes id\u0151szak),<br \/>\n\u00bb ha a patog\u00e9n szervezetek fejl\u0151d\u00e9se m\u00e9g nem kezd\u0151d\u00f6tt meg,<br \/>\n\u00bb ha a sok csapad\u00e9k a szert lemossa,<br \/>\n\u00bb tilos l\u00fagos poliszulfidokra \u00e9rz\u00e9keny n\u00f6v\u00e9nyv\u00e9d\u0151 szerekkel (pl.foszforsav\u00e9szterek, ditiokarbam\u00e1tok stb.) elegy\u00edteni,<br \/>\n\u00bb amennyiben a h\u0151m\u00e9rs\u00e9klet 20 \u00b0C-n\u00e1l magasabb a kijuttat\u00e1skor a vir\u00e1gokon \u00e9s leveleken elhal\u00e1s vagy lev\u00e9lfoltosod\u00e1s k\u00f6vetkezhet be,<br \/>\n\u00bb r\u00e9z vagy alum\u00edniumeszk\u00f6z\u00f6k nem haszn\u00e1lhat\u00f3k korr\u00f3zi\u00f3 vesz\u00e9lye miatt,<br \/>\n\u00bb az elk\u00e9sz\u00edtett permetlevet m\u00e9g az elk\u00e9sz\u00edt\u00e9s napj\u00e1n fel kell haszn\u00e1lni,<br \/>\n\u00bb a megbontott dobozt miel\u0151bb fel kell haszn\u00e1lni.<\/p>\n<p>A k\u00e9sz\u00edtm\u00e9ny kipermetez\u00e9sekor ker\u00fclni kell:<\/p>\n<p>\u00bb A permet b\u0151rrel, ruh\u00e1zattal lehet\u0151leg ne \u00e9rintkezzen!<br \/>\n\u00bb Ker\u00fclni kell a szer sz\u00f3r\u00f3d\u00e1s\u00e1t, elcsepeg\u00e9s\u00e9t!<br \/>\n\u00bb A szer szembe vagy k\u00f6t\u0151h\u00e1rty\u00e1ra jut\u00e1sa vesz\u00e9lyes!<br \/>\n\u00bb A szer bel\u00e9legz\u00e9s\u00e9t vagy lenyel\u00e9s\u00e9t ker\u00fclni kell!<\/p>\n<p>\u00c9lelmez\u00e9s-eg\u00e9szs\u00e9g\u00fcgyi v\u00e1rakoz\u00e1si id\u0151: el\u0151\u00edr\u00e1sos haszn\u00e1lat eset\u00e9n nincs v\u00e1rakoz\u00e1si id\u0151.<br \/>\nMunkaeg\u00e9szs\u00e9g\u00fcgyi v\u00e1rakoz\u00e1si id\u0151: 0 nap.<br \/>\nEltarthat\u00f3s\u00e1g: Eredeti, z\u00e1rt csomagol\u00e1sban, sz\u00e1raz, h\u0171v\u00f6s n\u00f6v\u00e9nyv\u00e9d\u0151 szer rakt\u00e1rban t\u00e1rolva 2 \u00e9v.<br \/>\nK\u00f6rnyezetv\u00e9delmi el\u0151\u00edr\u00e1sok: Tilos a szert, annak fel nem haszn\u00e1lt marad\u00e9k\u00e1t, csomagol\u00f3anyag\u00e1t \u00e1ll\u00f3v\u00edzbe, halastavakba, folyamokba dobni! Biztons\u00e1gi t\u00e1vols\u00e1g a halvesz\u00e9lyess\u00e9gi kateg\u00f3ri\u00e1nak megfelel\u0151en 50 m.<\/p>\n<\/div>\n<\/div>\n<\/div>\n<\/div>\n<\/div>\n<\/div>\n<\/div>\n<\/div>\n<div class=\"product-detail-tabs product-detail-cross-selling\">\n<div class=\"card card-tabs\" data-cross-selling=\"true\">\n<div class=\"card-header product-detail-tab-navigation product-cross-selling-tab-navigation\"><\/div>\n<div class=\"product-detail-tabs-content card-body\">\n<div class=\"tab-content\"><\/div>\n<\/div>\n<\/div>\n<\/div>\n<\/div>\n<\/div>\n<\/div>\n<p>&nbsp;<\/p>\n<footer class=\"footer-main\">\n<div class=\"container\">\n<div id=\"footerColumns\" class=\"row footer-columns\" data-collapse-footer=\"true\">\n<div class=\"col-md-3 footer-column js-footer-column\"><\/div>\n<\/div>\n<\/div>\n<\/footer>\n<\/div>\n<\/div>\n<p align=\"justify\"><a href=\"https:\/\/www.facebook.com\/tajkertesz\">https:\/\/www.facebook.com\/tajkertesz<\/a><\/p>\n<p align=\"justify\"><a href=\"http:\/\/www.tajkertesz.hu\">http:\/\/www.tajkertesz.hu<\/a><\/p>\n<p align=\"justify\"><a href=\"https:\/\/tajkertesz.com\/wp-content\/uploads\/2021\/12\/Agroken.pdf\">Agroken<\/a><\/p>\n<h3 align=\"justify\">Kiz\u00e1r\u00f3lag szem\u00e9lyes \u00e1tv\u00e9tellel lehets\u00e9ges a term\u00e9k megv\u00e1s\u00e1rl\u00e1sa!<\/h3>\n<p align=\"justify\"><span style=\"color: #ffffff;\">A k\u00e9sz\u00edtm\u00e9nyt a gyep ny\u00edr\u00e1s\u00e1t k\u00f6vet\u0151en, a k\u00e9tszik\u0171 gyomn\u00f6v\u00e9nyek n\u00f6veked\u00e9s\u00e9nek \u00fajb\u00f3li megindul\u00e1sa ut\u00e1n kell kijuttatni 10 l\/ha (100 ml \/ 100 m2) d\u00f3zisban. A kijuttat\u00e1shoz sz\u00fcks\u00e9ges v\u00edzmennyis\u00e9g 10 l \/ 100 m2. A kezel\u00e9sn\u00e9l \u00fcgyelni kell arra, hogy a permetl\u00e9 kult\u00farn\u00f6v\u00e9nyekre ne ker\u00fclj\u00f6n, mert azokat maradand\u00f3an k\u00e1ros\u00edtja.<\/span><\/p>\n<p align=\"justify\"><span style=\"color: #ffffff;\">A k\u00e9sz\u00edtm\u00e9ny alkalmazhat\u00f3 foltkezel\u00e9s \u00e9s teljes fel\u00fcletkezel\u00e9s form\u00e1j\u00e1ban. Egy veget\u00e1ci\u00f3s szakaszban maximum k\u00e9t kezel\u00e9s v\u00e9gezhet\u0151.<\/span><\/p>\n<div align=\"justify\"><\/div>","protected":false},"excerpt":{"rendered":"<h2 class=\"product-detail-name\" style=\"text-align: left;\">Agrok\u00e9n 1 l<\/h2>\n<p>Gy\u00fcm\u00f6lcs\u00f6sben, sz\u0151l\u0151ben lisztharmat, pajzstet\u0171, lev\u00e9ltet\u0171 toj\u00e1sok, k\u00f6rtelev\u00e9l-bolha \u00e9s atkak\u00e1rtev\u0151k gy\u00e9r\u00edt\u00e9s\u00e9re alkalmazhat\u00f3 kora tavaszi lemos\u00f3 permetez\u0151szer.<\/p>\n<h3 align=\"justify\">Kiz\u00e1r\u00f3lag szem\u00e9lyes \u00e1tv\u00e9tellel lehets\u00e9ges a term\u00e9k megv\u00e1s\u00e1rl\u00e1sa!<\/h3>\n<p>&nbsp;<\/p>\n<div class=\"product-detail-title-after\">\n<div class=\"product-detail-manufacturer-wrap\"><\/div>\n<\/div>\n<div class=\"product-detail-title-after\">\n<div class=\"product-detail-manufacturer-wrap\"><\/div>\n<\/div>","protected":false},"featured_media":12075,"template":"","meta":{"_et_pb_use_builder":"","_et_pb_old_content":"","_et_gb_content_width":""},"product_brand":[],"product_cat":[3424],"product_tag":[3553,4740,4751,4784,4783,4135],"class_list":{"0":"post-12074","1":"product","2":"type-product","3":"status-publish","4":"has-post-thumbnail","6":"product_cat-lemoso-permetezoszerek","7":"product_tag-agroken-1-l","8":"product_tag-gombaolo","9":"product_tag-lemoso","10":"product_tag-olajos","11":"product_tag-permezetoszer","12":"product_tag-rovarolo","14":"first","15":"instock","16":"shipping-taxable","17":"purchasable","18":"product-type-simple"},"yoast_head":"<!-- This site is optimized with the Yoast SEO plugin v27.4 - https:\/\/yoast.com\/product\/yoast-seo-wordpress\/ -->\n<title>Agrok\u00e9n 1 l - T\u00e1jkert\u00e9sz<\/title>\n<meta name=\"description\" content=\"Agrok\u00e9n 1 l Kiz\u00e1r\u00f3lag szem\u00e9lyes \u00e1tv\u00e9tellel lehets\u00e9ges a term\u00e9k megv\u00e1s\u00e1rl\u00e1sa!\" \/>\n<meta name=\"robots\" content=\"index, follow, max-snippet:-1, max-image-preview:large, max-video-preview:-1\" \/>\n<link rel=\"canonical\" href=\"https:\/\/tajkertesz.com\/en_US\/product\/agroken-1-l\/\" \/>\n<meta property=\"og:locale\" content=\"en_US\" \/>\n<meta property=\"og:type\" content=\"article\" \/>\n<meta property=\"og:title\" content=\"Agrok\u00e9n 1 l - T\u00e1jkert\u00e9sz\" \/>\n<meta property=\"og:description\" content=\"Agrok\u00e9n 1 l Kiz\u00e1r\u00f3lag szem\u00e9lyes \u00e1tv\u00e9tellel lehets\u00e9ges a term\u00e9k megv\u00e1s\u00e1rl\u00e1sa!\" \/>\n<meta property=\"og:url\" content=\"https:\/\/tajkertesz.com\/en_US\/product\/agroken-1-l\/\" \/>\n<meta property=\"og:site_name\" content=\"T\u00e1jkert\u00e9sz\" \/>\n<meta property=\"article:publisher\" content=\"https:\/\/www.facebook.com\/Tajkertesz\/\" \/>\n<meta property=\"article:modified_time\" content=\"2026-02-18T15:34:53+00:00\" \/>\n<meta property=\"og:image\" content=\"https:\/\/tajkertesz.com\/wp-content\/uploads\/2021\/12\/agroken_1920x1920.jpg\" \/>\n\t<meta property=\"og:image:width\" content=\"1909\" \/>\n\t<meta property=\"og:image:height\" content=\"1920\" \/>\n\t<meta property=\"og:image:type\" content=\"image\/jpeg\" \/>\n<meta name=\"twitter:card\" content=\"summary_large_image\" \/>\n<meta name=\"twitter:label1\" content=\"Est. reading time\" \/>\n\t<meta name=\"twitter:data1\" content=\"3 minutes\" \/>\n<script type=\"application\/ld+json\" class=\"yoast-schema-graph\">{\"@context\":\"https:\\\/\\\/schema.org\",\"@graph\":[{\"@type\":\"WebPage\",\"@id\":\"https:\\\/\\\/tajkertesz.com\\\/termek\\\/agroken-1-l\\\/\",\"url\":\"https:\\\/\\\/tajkertesz.com\\\/termek\\\/agroken-1-l\\\/\",\"name\":\"Agrok\u00e9n 1 l - T\u00e1jkert\u00e9sz\",\"isPartOf\":{\"@id\":\"https:\\\/\\\/tajkertesz.com\\\/#website\"},\"primaryImageOfPage\":{\"@id\":\"https:\\\/\\\/tajkertesz.com\\\/termek\\\/agroken-1-l\\\/#primaryimage\"},\"image\":{\"@id\":\"https:\\\/\\\/tajkertesz.com\\\/termek\\\/agroken-1-l\\\/#primaryimage\"},\"thumbnailUrl\":\"https:\\\/\\\/tajkertesz.com\\\/wp-content\\\/uploads\\\/2021\\\/12\\\/agroken_1920x1920.jpg\",\"datePublished\":\"2021-12-15T10:22:42+00:00\",\"dateModified\":\"2026-02-18T15:34:53+00:00\",\"description\":\"Agrok\u00e9n 1 l Kiz\u00e1r\u00f3lag szem\u00e9lyes \u00e1tv\u00e9tellel lehets\u00e9ges a term\u00e9k megv\u00e1s\u00e1rl\u00e1sa!\",\"breadcrumb\":{\"@id\":\"https:\\\/\\\/tajkertesz.com\\\/termek\\\/agroken-1-l\\\/#breadcrumb\"},\"inLanguage\":\"en-US\",\"potentialAction\":[{\"@type\":\"ReadAction\",\"target\":[\"https:\\\/\\\/tajkertesz.com\\\/termek\\\/agroken-1-l\\\/\"]}]},{\"@type\":\"ImageObject\",\"inLanguage\":\"en-US\",\"@id\":\"https:\\\/\\\/tajkertesz.com\\\/termek\\\/agroken-1-l\\\/#primaryimage\",\"url\":\"https:\\\/\\\/tajkertesz.com\\\/wp-content\\\/uploads\\\/2021\\\/12\\\/agroken_1920x1920.jpg\",\"contentUrl\":\"https:\\\/\\\/tajkertesz.com\\\/wp-content\\\/uploads\\\/2021\\\/12\\\/agroken_1920x1920.jpg\",\"width\":1909,\"height\":1920},{\"@type\":\"BreadcrumbList\",\"@id\":\"https:\\\/\\\/tajkertesz.com\\\/termek\\\/agroken-1-l\\\/#breadcrumb\",\"itemListElement\":[{\"@type\":\"ListItem\",\"position\":1,\"name\":\"Home\",\"item\":\"https:\\\/\\\/tajkertesz.com\\\/\"},{\"@type\":\"ListItem\",\"position\":2,\"name\":\"Kezd\u0151lap\",\"item\":\"https:\\\/\\\/tajkertesz.com\\\/\"},{\"@type\":\"ListItem\",\"position\":3,\"name\":\"Agrok\u00e9n 1 l\"}]},{\"@type\":\"WebSite\",\"@id\":\"https:\\\/\\\/tajkertesz.com\\\/#website\",\"url\":\"https:\\\/\\\/tajkertesz.com\\\/\",\"name\":\"T\u00e1j-Kert\u00e9sz 84 Kft.\",\"description\":\"Kert\u00e9szeti kis- \u00e9s nagykeresked\u00e9s, D\u00edszn\u00f6v\u00e9ny web\u00e1ruh\u00e1z orsz\u00e1gos h\u00e1zhozsz\u00e1ll\u00edt\u00e1ssal!\",\"publisher\":{\"@id\":\"https:\\\/\\\/tajkertesz.com\\\/#organization\"},\"potentialAction\":[{\"@type\":\"SearchAction\",\"target\":{\"@type\":\"EntryPoint\",\"urlTemplate\":\"https:\\\/\\\/tajkertesz.com\\\/?s={search_term_string}\"},\"query-input\":{\"@type\":\"PropertyValueSpecification\",\"valueRequired\":true,\"valueName\":\"search_term_string\"}}],\"inLanguage\":\"en-US\"},{\"@type\":\"Organization\",\"@id\":\"https:\\\/\\\/tajkertesz.com\\\/#organization\",\"name\":\"T\u00e1j-Kert\u00e9sz 84 Kft.\",\"url\":\"https:\\\/\\\/tajkertesz.com\\\/\",\"logo\":{\"@type\":\"ImageObject\",\"inLanguage\":\"en-US\",\"@id\":\"https:\\\/\\\/tajkertesz.com\\\/#\\\/schema\\\/logo\\\/image\\\/\",\"url\":\"https:\\\/\\\/tajkertesz.com\\\/wp-content\\\/uploads\\\/2018\\\/02\\\/logo-2-e1518678052539.png\",\"contentUrl\":\"https:\\\/\\\/tajkertesz.com\\\/wp-content\\\/uploads\\\/2018\\\/02\\\/logo-2-e1518678052539.png\",\"width\":81,\"height\":140,\"caption\":\"T\u00e1j-Kert\u00e9sz 84 Kft.\"},\"image\":{\"@id\":\"https:\\\/\\\/tajkertesz.com\\\/#\\\/schema\\\/logo\\\/image\\\/\"},\"sameAs\":[\"https:\\\/\\\/www.facebook.com\\\/Tajkertesz\\\/\"]}]}<\/script>\n<!-- \/ Yoast SEO plugin. -->","yoast_head_json":{"title":"Agrok\u00e9n 1 l - T\u00e1jkert\u00e9sz","description":"Agrok\u00e9n 1 l Kiz\u00e1r\u00f3lag szem\u00e9lyes \u00e1tv\u00e9tellel lehets\u00e9ges a term\u00e9k megv\u00e1s\u00e1rl\u00e1sa!","robots":{"index":"index","follow":"follow","max-snippet":"max-snippet:-1","max-image-preview":"max-image-preview:large","max-video-preview":"max-video-preview:-1"},"canonical":"https:\/\/tajkertesz.com\/en_US\/product\/agroken-1-l\/","og_locale":"en_US","og_type":"article","og_title":"Agrok\u00e9n 1 l - T\u00e1jkert\u00e9sz","og_description":"Agrok\u00e9n 1 l Kiz\u00e1r\u00f3lag szem\u00e9lyes \u00e1tv\u00e9tellel lehets\u00e9ges a term\u00e9k megv\u00e1s\u00e1rl\u00e1sa!","og_url":"https:\/\/tajkertesz.com\/en_US\/product\/agroken-1-l\/","og_site_name":"T\u00e1jkert\u00e9sz","article_publisher":"https:\/\/www.facebook.com\/Tajkertesz\/","article_modified_time":"2026-02-18T15:34:53+00:00","og_image":[{"width":1909,"height":1920,"url":"https:\/\/tajkertesz.com\/wp-content\/uploads\/2021\/12\/agroken_1920x1920.jpg","type":"image\/jpeg"}],"twitter_card":"summary_large_image","twitter_misc":{"Est. reading time":"3 minutes"},"schema":{"@context":"https:\/\/schema.org","@graph":[{"@type":"WebPage","@id":"https:\/\/tajkertesz.com\/termek\/agroken-1-l\/","url":"https:\/\/tajkertesz.com\/termek\/agroken-1-l\/","name":"Agrok\u00e9n 1 l - T\u00e1jkert\u00e9sz","isPartOf":{"@id":"https:\/\/tajkertesz.com\/#website"},"primaryImageOfPage":{"@id":"https:\/\/tajkertesz.com\/termek\/agroken-1-l\/#primaryimage"},"image":{"@id":"https:\/\/tajkertesz.com\/termek\/agroken-1-l\/#primaryimage"},"thumbnailUrl":"https:\/\/tajkertesz.com\/wp-content\/uploads\/2021\/12\/agroken_1920x1920.jpg","datePublished":"2021-12-15T10:22:42+00:00","dateModified":"2026-02-18T15:34:53+00:00","description":"Agrok\u00e9n 1 l Kiz\u00e1r\u00f3lag szem\u00e9lyes \u00e1tv\u00e9tellel lehets\u00e9ges a term\u00e9k megv\u00e1s\u00e1rl\u00e1sa!","breadcrumb":{"@id":"https:\/\/tajkertesz.com\/termek\/agroken-1-l\/#breadcrumb"},"inLanguage":"en-US","potentialAction":[{"@type":"ReadAction","target":["https:\/\/tajkertesz.com\/termek\/agroken-1-l\/"]}]},{"@type":"ImageObject","inLanguage":"en-US","@id":"https:\/\/tajkertesz.com\/termek\/agroken-1-l\/#primaryimage","url":"https:\/\/tajkertesz.com\/wp-content\/uploads\/2021\/12\/agroken_1920x1920.jpg","contentUrl":"https:\/\/tajkertesz.com\/wp-content\/uploads\/2021\/12\/agroken_1920x1920.jpg","width":1909,"height":1920},{"@type":"BreadcrumbList","@id":"https:\/\/tajkertesz.com\/termek\/agroken-1-l\/#breadcrumb","itemListElement":[{"@type":"ListItem","position":1,"name":"Home","item":"https:\/\/tajkertesz.com\/"},{"@type":"ListItem","position":2,"name":"Kezd\u0151lap","item":"https:\/\/tajkertesz.com\/"},{"@type":"ListItem","position":3,"name":"Agrok\u00e9n 1 l"}]},{"@type":"WebSite","@id":"https:\/\/tajkertesz.com\/#website","url":"https:\/\/tajkertesz.com\/","name":"T\u00e1j-Kert\u00e9sz 84 Kft.","description":"Kert\u00e9szeti kis- \u00e9s nagykeresked\u00e9s, D\u00edszn\u00f6v\u00e9ny web\u00e1ruh\u00e1z orsz\u00e1gos h\u00e1zhozsz\u00e1ll\u00edt\u00e1ssal!","publisher":{"@id":"https:\/\/tajkertesz.com\/#organization"},"potentialAction":[{"@type":"SearchAction","target":{"@type":"EntryPoint","urlTemplate":"https:\/\/tajkertesz.com\/?s={search_term_string}"},"query-input":{"@type":"PropertyValueSpecification","valueRequired":true,"valueName":"search_term_string"}}],"inLanguage":"en-US"},{"@type":"Organization","@id":"https:\/\/tajkertesz.com\/#organization","name":"T\u00e1j-Kert\u00e9sz 84 Kft.","url":"https:\/\/tajkertesz.com\/","logo":{"@type":"ImageObject","inLanguage":"en-US","@id":"https:\/\/tajkertesz.com\/#\/schema\/logo\/image\/","url":"https:\/\/tajkertesz.com\/wp-content\/uploads\/2018\/02\/logo-2-e1518678052539.png","contentUrl":"https:\/\/tajkertesz.com\/wp-content\/uploads\/2018\/02\/logo-2-e1518678052539.png","width":81,"height":140,"caption":"T\u00e1j-Kert\u00e9sz 84 Kft."},"image":{"@id":"https:\/\/tajkertesz.com\/#\/schema\/logo\/image\/"},"sameAs":["https:\/\/www.facebook.com\/Tajkertesz\/"]}]}},"_links":{"self":[{"href":"https:\/\/tajkertesz.com\/en_US\/wp-json\/wp\/v2\/product\/12074","targetHints":{"allow":["GET"]}}],"collection":[{"href":"https:\/\/tajkertesz.com\/en_US\/wp-json\/wp\/v2\/product"}],"about":[{"href":"https:\/\/tajkertesz.com\/en_US\/wp-json\/wp\/v2\/types\/product"}],"wp:featuredmedia":[{"embeddable":true,"href":"https:\/\/tajkertesz.com\/en_US\/wp-json\/wp\/v2\/media\/12075"}],"wp:attachment":[{"href":"https:\/\/tajkertesz.com\/en_US\/wp-json\/wp\/v2\/media?parent=12074"}],"wp:term":[{"taxonomy":"product_brand","embeddable":true,"href":"https:\/\/tajkertesz.com\/en_US\/wp-json\/wp\/v2\/product_brand?post=12074"},{"taxonomy":"product_cat","embeddable":true,"href":"https:\/\/tajkertesz.com\/en_US\/wp-json\/wp\/v2\/product_cat?post=12074"},{"taxonomy":"product_tag","embeddable":true,"href":"https:\/\/tajkertesz.com\/en_US\/wp-json\/wp\/v2\/product_tag?post=12074"}],"curies":[{"name":"wp","href":"https:\/\/api.w.org\/{rel}","templated":true}]}}