{"id":12078,"date":"2021-12-15T10:26:55","date_gmt":"2021-12-15T10:26:55","guid":{"rendered":"https:\/\/tajkertesz.com\/?post_type=product&#038;p=12078"},"modified":"2026-02-18T15:33:50","modified_gmt":"2026-02-18T15:33:50","slug":"amalgerol-1-l","status":"publish","type":"product","link":"https:\/\/tajkertesz.com\/en_US\/product\/amalgerol-1-l\/","title":{"rendered":"Amalgerol 1 l"},"content":{"rendered":"<h1 class=\"product-detail-name\">Amalgerol 1 l<\/h1>\n<div class=\"product-detail-title-after\">\n<div class=\"product-detail-manufacturer-wrap\">Amalgerol 1 l<\/div>\n<\/div>\n<div class=\"product-detail-title-after\">\n<div class=\"product-detail-manufacturer-wrap\">\n<div class=\"product-detail-title-after\">\n<div class=\"product-detail-manufacturer-wrap\"><\/div>\n<\/div>\n<\/div>\n<\/div>\n<div class=\"product-detail-title-after\">\n<div class=\"product-detail-manufacturer-wrap\">\n<h2>Hat\u00e1sm\u00f3d \u00e9s hat\u00e9konys\u00e1g<\/h2>\n<p>Az Amalgerol egy sv\u00e1jci vegy\u00e9sz \u00e1ltal kifejlesztett term\u00e9k. F\u0151k\u00e9nt, \u00e1llati \u00e9s n\u00f6v\u00e9nyi olajokb\u00f3l, gy\u00f3gyn\u00f6v\u00e9ny kivonatokb\u00f3l, nyomelemekb\u0151l, eszenci\u00e1kb\u00f3l \u00e1ll, \u00e9s minim\u00e1lis mennyis\u00e9gben algakivonatot is tartalmaz. Tiszt\u00e1n BIO a term\u00e9k.<\/p>\n<h4>A talaj\u00e9letre gyakorolt hat\u00e1sok<\/h4>\n<p>Az Amalgerol 1l egy k\u00f6nnyen em\u00e9szthet\u0151 sz\u00e9nforr\u00e1s a hasznos talajlak\u00f3 mikroorganizmusok sz\u00e1m\u00e1ra. Kijuttathat\u00f3 be\u00f6nt\u00f6z\u00e9ssel, vagy permetez\u00e9ssel is. Az ?elegy? ak\u00e1r permetez\u00e9ssel t\u00f6rt\u00e9n\u0151 haszn\u00e1latakor \u00e9rtelemszer\u0171en jut a talajra is. A kezel\u00e9s hat\u00e1s\u00e1ra a talajban rendk\u00edv\u00fcl gyorsan \u00e9s sz\u00e1mottev\u0151en (176%) felszaporodnak a sz\u00e1munkra kedvez\u0151 bont\u00e1si folyamatokat seg\u00edt\u0151, gyors\u00edt\u00f3, a ter\u00fclet\u00fcnkben honos bakt\u00e9riumok.<\/p>\n<p>Emiatt \u00e9s ezzel p\u00e1rhuzamosan jelent\u0151sen cs\u00f6kken a n\u00f6v\u00e9ny sz\u00e1m\u00e1ra k\u00e1ros hat\u00e1sokat kedvel\u0151 (pl. savas, bet\u00f6m\u00f6r\u00f6d\u00f6tt, leveg\u0151tlen talaj), \u00e9s k\u00e1ros hat\u00e1sokat okoz\u00f3 mikroorganizmusok (pl. burgonyavarasod\u00e1s, gy\u00f6k\u00e9rfoltoss\u00e1g, fuz\u00e1riumos gy\u00f6k\u00e9rnyaki megbeteged\u00e9sek, stb.), talajlak\u00f3 magasabb rend\u0171 k\u00e1rtev\u0151k (fon\u00e1lf\u00e9rgek, talajlak\u00f3 rovark\u00e1r-tev\u0151k, stb.) sz\u00e1ma. \u00c1talak\u00edtja, cs\u00f6kkenti a ter\u00fclet gyomosod\u00e1s\u00e1t.<\/p>\n<p>A hasznos bakt\u00e9riumok jelent\u0151s felszaporod\u00e1sa, aktivit\u00e1sa gyorsabb szervesanyag boml\u00e1st, szerves kolloidok k\u00e9pz\u0151d\u00e9s\u00e9t eredm\u00e9nyezi, ami m\u00e9rhet\u0151 talajmeleged\u00e9st (+2\u00b0C) okoz. Ez pedig a n\u00f6v\u00e9nyek gyorsabb kel\u00e9s\u00e9t \u00e9s fejl\u0151d\u00e9s\u00e9t eredm\u00e9nyezi. A n\u00f6v\u00e9nyi maradv\u00e1nyok teljes lebont\u00e1s\u00e1val megsz\u00fcntetj\u00fck a k\u00f6vetkez\u0151 n\u00f6v\u00e9ny\u00fcnket fert\u0151z\u0151 k\u00f3rokoz\u00f3k \u00e9letter\u00e9t, \u00e1ttelel\u00e9s\u00e9t, azaz a majdani \u00fajb\u00f3li fert\u0151z\u00e9si lehet\u0151s\u00e9g\u00e9t is.<\/p>\n<p>Szint\u00e9n ennek a folyamatnak r\u00e9sze a magasabb mennyis\u00e9g\u0171 sz\u00e9ndioxid (+10% CO2) k\u00e9pz\u0151d\u00e9s, ami egyr\u00e9szt \u00fajabb sz\u00e9nforr\u00e1s a talajbakt\u00e9riumoknak, m\u00e1sr\u00e9szt laz\u00edtja a talajr\u00f6g\u00f6ket. A magasabb CO2 tartalom nedvess\u00e9g jelenl\u00e9t\u00e9ben sz\u00e9nsavat k\u00e9pez, ami oldhat\u00f3v\u00e1, felvehet\u0151v\u00e9 teszi pl. a talaj kalcium tartalm\u00e1t. A bont\u00e1si folyamat v\u00e9ge a jelent\u0151s t\u00e1pelem felt\u00e1r\u00f3d\u00e1s \u00e9s el\u00e9rhet\u0151s\u00e9g.<\/p>\n<p>A fokozott kolloidk\u00e9pz\u0151d\u00e9s ragasztja a talaj por frakci\u00f3j\u00e1t, vagyis kialakul a morzsal\u00e9kos szerkezet. Ez ekkor r\u00e9szben k\u00f6ti a vizet (talajharmat), \u00e9s a morzsal\u00e9kos szerkezet kialakul\u00e1s\u00e1val jelent\u0151sen javul a talaj felesleges v\u00edz\u00e9nek (belv\u00edz) elvezet\u00e9se. \u00cdgy kialakul az eg\u00e9szs\u00e9ges v\u00edz-leveg\u0151 ar\u00e1ny\u00fa talaj, melynek jelent\u0151sen javul a h\u0151h\u00e1ztart\u00e1sa is.<\/p>\n<p>Az ilyen talajokon nincsenek bet\u00f6m\u00f6r\u00f6d\u00f6tt, leveg\u0151tlen, v\u00edznyom\u00e1sos foltok. Akt\u00edvabb talaj\u00e9let mellett sokkal gyorsabban bomlanak el a ter\u00fcletre kor\u00e1bbi \u00e9vben, vagy \u00e9vekben kisz\u00f3rt m\u00e1ra nem k\u00edv\u00e1natos, a kijuttat\u00e1s ut\u00e1n ak\u00e1r 4-8 \u00e9v m\u00falva is visszak\u00f6sz\u00f6n\u0151 n\u00f6v\u00e9nyv\u00e9d\u0151 szer hat\u00f3anyag maradv\u00e1nyok.<\/p>\n<p>A jobb talaj\u00e9let k\u00f6vetkezm\u00e9nye a f\u00f6ldi giliszt\u00e1k \u00fajb\u00f3li megjelen\u00e9se, a gyomviszonyok \u00e1talakul\u00e1sa is. A talaj ak\u00e1r 1 m\u00e9ter m\u00e9lyen is morzsal\u00e9kos szerkezet\u0171v\u00e9 v\u00e1lik. A cs\u00edr\u00e1z\u00f3, a kel\u0151 vagy a kikelt n\u00f6v\u00e9ny k\u00f6nynyebben jut fizikailag is a morzsal\u00e9kos \u00e9s harmatos talaj miatt, a l\u00e9nyegesen magasabb mennyis\u00e9gben felt\u00e1rt, \u00e9s folyamatosan felt\u00e1r\u00f3d\u00f3, k\u00f6nnyen el\u00e9rhet\u0151 t\u00e1panyaghoz. Ekkor a n\u00f6v\u00e9ny +35% Zn, +30% P jelenl\u00e9te mellett jobban gy\u00f6keresedik, gyorsabban \u00e9s egyszerre kel, egy\u00f6ntet\u0171en n\u00f6vekszik. Ezzel kevesebb fejt\u00f6r\u00e9st okoz az els\u0151 gyomirt\u00e1si munk\u00e1kkor, pl. cukorr\u00e9p\u00e1n\u00e1l, hagym\u00e1n\u00e1l, stb.<\/p>\n<h5>Az Amalgerol n\u00f6v\u00e9nyre gyakorolt hat\u00e1sai<\/h5>\n<p>Amikor Amalgerollal permetezz\u00fck a n\u00f6v\u00e9nyt, akkor a gy\u00f6k\u00e9r sz\u0151r\u00f6z\u00f6tts\u00e9ge megh\u00e9tszerez\u0151dik. Ekkor nitrog\u00e9nb\u0151l 15%-kal, foszforb\u00f3l 72 %-kal, k\u00e1liumb\u00f3l 89%-kal k\u00e9pes felvenni mag\u00e1t\u00f3l t\u00f6bbet. Pont ezekb\u0151l k\u00f6vetkezik az, hogy nem f\u00e1zik (fagy), betegszik meg olyan k\u00f6nnyen. K\u00f6nnyebben v\u00e9szeli \u00e1t az olyan napokat, amikor 45\u00b0C van. K\u00f6nnyebben kiheveri a j\u00e9g-, vagy porver\u00e9s, a sz\u00e9lviharok, a gyomirt\u00f3k okozta stresszt. T\u00f6bb olyan eset van, amikor az Amalgerol a k\u00e9tszik\u0171 kult\u00farn\u00f6v\u00e9nyeket hormon, vagy tot\u00e1lis gyomirt\u00f3k elsodr\u00f3d\u00e1sa miatt a ?hal\u00e1lb\u00f3l? hoz vissza \u00fagy, hogy szinte semmilyen id\u0151, vagy term\u00e9skies\u00e9s sem t\u00f6rt\u00e9nik a kezel\u00e9s ut\u00e1n \u00e9s miatt.<\/p>\n<p>A n\u00f6v\u00e9ny a kor\u00e1bban eml\u00edtett k\u00f6r\u00fclm\u00e9nyv\u00e1ltoz\u00e1sok \u00e9s a gy\u00f6k\u00e9rsz\u0151r\u00f6z\u00f6tts\u00e9g megn\u00f6veked\u00e9se miatt gyakorlatilag ter\u00edtett asztalr\u00f3l v\u00e1logatva (!) abban az ar\u00e1nyban jut hozz\u00e1 a t\u00e1panyagokhoz, \u00e9s annyihoz, amilyenre neki akkor \u00e9s amennyire sz\u00fcks\u00e9ge van. Ez adja azt, hogy a n\u00f6v\u00e9ny\u00fcnk n\u00e9h\u00e1ny nappal a kezel\u00e9sek (talaj \u00e9s\/vagy lomb) ut\u00e1n haragos z\u00f6ldre v\u00e1lt.<\/p>\n<p>A j\u00f3 kondici\u00f3ban lev\u0151 n\u00f6v\u00e9ny, miut\u00e1n k\u00f6nnyen \u00e9s gyorsan tudja sz\u00e1ll\u00edtani a talajb\u00f3l felvett t\u00e1panyagokat a sz\u00e1m\u00e1ra genetikailag k\u00f3dolt \u00f6nv\u00e9delemhez (!), k\u00f6nnyebben v\u00e9di ki a k\u00f3rokoz\u00f3k okozta t\u00e1mad\u00e1sokat is.<\/p>\n<p>Az \u00edgy kezelt n\u00f6v\u00e9ny turgora sokkal er\u0151sebb, nem d\u0151l le olyan k\u00f6nnyen er\u0151s sz\u00e9l vagy az \u00f6nt\u00f6z\u0151v\u00edz nyom\u00e1s\u00e1ra sem. Gyorsabban fejl\u0151dik, el\u0151bb \u00e9rik, vagy hosszabban termel, mert nem \u00f6regszik le.<\/p>\n<p>A vir\u00e1gokban, vagy a f\u00f6ldalatti r\u00e9szeken is l\u00e9nyegesen jobban k\u00f6tnek a n\u00f6v\u00e9nyeink, mint az Amalgerol 1l haszn\u00e1lata n\u00e9lk\u00fcl. M\u00e9g asz\u00e1lyban is a j\u00f3 turgor miatt a term\u0151k nem fonnyadnak el, be tudnak a vir\u00e1gok porz\u00f3dni. Vagy, burgonya eset\u00e9ben kiemelhet\u0151, hogy a j\u00f3val nagyobb k\u00f6t\u00e9ssz\u00e1m mellett a gum\u00f3m\u00e9ret is egyenletes lesz. Ezek a gum\u00f3k m\u00e9g hajtatott \u00e1llom\u00e1nyban sem \u00fcregesednek, pontosan a harmonikus ell\u00e1t\u00e1s \u00e9s ell\u00e1t\u00f3k\u00e9pess\u00e9g miatt.<\/p>\n<p>Ezek mind okozz\u00e1k azt, hogy a n\u00f6v\u00e9ny\u00fcnk nem csak t\u00f6bbet, de l\u00e9nyegesen jobb min\u0151s\u00e9get is \u00e1ll\u00edt el\u0151. Sz\u0151l\u0151, dinnye, cukorr\u00e9pa eset\u00e9ben a plusz 1-3% cukor mellett javulnak az egy\u00e9b beltartalmi mutat\u00f3k is. A s\u00f6r\u00e1rpa szint\u00e9n magasabb sz\u00e9nhidr\u00e1t mennyis\u00e9get \u00e1ll\u00edt el\u0151. Olajos n\u00f6v\u00e9nyekn\u00e9l szinte minden esetben kimutathat\u00f3 2-3% olajtartalom n\u00f6veked\u00e9s.<\/p>\n<p>F\u00e1s sz\u00e1r\u00fa n\u00f6v\u00e9nyek vessz\u0151i be\u00e9rnek pl. pont a magas PK felv\u00e9tel miatt, \u00e9s \u00edgy l\u00e9nyegesen kisebb a fagyok okozta kock\u00e1zat. L\u00e1gysz\u00e1r\u00fa n\u00f6v\u00e9nyek is jobban ki tudj\u00e1k v\u00e9deni ugyanezen okok miatt ak\u00e1r a m\u00ednusz 5-6\u00b0C-ot is. Kritikus meleg napokon is bizony\u00edtottan jobban viselik az Amalgerollal kezelt n\u00f6v\u00e9nyek a csapad\u00e9k hi\u00e1nyt, k\u00f6nnyebben v\u00e9szelik \u00e1t a hossz\u00fa csapad\u00e9kmentes id\u0151szakokat.<\/p>\n<p>Az Amalgerollal kezelt n\u00f6v\u00e9nyek term\u00e9sei kitel\u00edt\u0151dnek, hosszabb ideig el\u00e1llnak min\u0151s\u00e9groml\u00e1s n\u00e9lk\u00fcl, hosszabban tarthat\u00f3k pulton. A n\u00f6v\u00e9ny (alma, hagyma, burgonya) sz\u00e1m\u00e1ra pl. a sz\u00fcks\u00e9ges Ca szint biztos\u00edtotts\u00e1ga miatt jobb lesz a term\u00e9ny t\u00e1rolhat\u00f3s\u00e1ga, mert az eg\u00e9szs\u00e9gesen t\u00e1pl\u00e1lt, teh\u00e1t eg\u00e9szs\u00e9gesen bet\u00e1rol\u00e1sra ker\u00fcl\u0151 term\u00e9ny a t\u00e1rol\u00e1s sor\u00e1n is kevesebb vizet vesz\u00edt, kev\u00e9sb\u00e9 apad. A fentiek komplex folyamatok eredm\u00e9nye. Minden mindennel \u00f6sszef\u00fcgg.<\/p>\n<h3>Felhaszn\u00e1l\u00e1si javaslatok<\/h3>\n<p>Az Amalgerol veget\u00e1ci\u00f3s \u00e9s nem csak \u00e9venk\u00e9nti adagja n\u00f6v\u00e9ny fajt\u00e1t\u00f3l f\u00fcggetlen\u00fcl 8-15 l\/ha. Aj\u00e1nlott a veget\u00e1ci\u00f3s adag kb. 40%-\u00e1t a talajba juttatni, kipermetezve \u00e9s bedolgozva, mag\u00e1gy k\u00e9sz\u00edt\u00e9s, vet\u00e9s, \u00fcltet\u00e9s el\u0151tt, vagy k\u00f6zvetlen ut\u00e1na, pl. \u00f6nt\u00f6z\u00e9ssel. Ez esetben d\u00f3zisa a talajba bedolgozva 4-5 l\/ha. A veget\u00e1ci\u00f3s adag fennmarad\u00f3 r\u00e9sz\u00e9t az \u00e1llom\u00e1nykezel\u0151 permetez\u00e9sek sor\u00e1n kell a n\u00f6v\u00e9nyre juttatni, egyenletesen elosztva a permetez\u00e9sek k\u00f6z\u00f6tt, maximum 1%-os t\u00f6m\u00e9nys\u00e9gben, a vir\u00e1gz\u00e1s el\u0151tt kezdve, a betakar\u00edt\u00e1st megel\u0151z\u0151 id\u0151szakig. Ez \u00e1ltal\u00e1ban a 3 l\/ha d\u00f3zis haszn\u00e1lat\u00e1t jelenti egy vagy t\u00f6bb adagban kipermetezve.<\/p>\n<p>A tarl\u00f3maradv\u00e1nyok gyorsabb bont\u00e1sa miatt praktikus m\u00e9g \u0151sszel tov\u00e1bbi 4-5 litert hekt\u00e1ronk\u00e9nt 20 kg\/ha karbamid egy\u00fcttes adagol\u00e1s\u00e1val a ter\u00fcletre juttatni \u00e9s bedolgozni a fent le\u00edrtak alapj\u00e1n.<\/p>\n<p>Bors\u00f3, bab: a magasabb sz\u00e1m\u00fa nitrog\u00e9nk\u00f6t\u0151 bakt\u00e9riumokat tartalmaz\u00f3 gy\u00f6k\u00e9r g\u00fcm\u0151k\u00e9pz\u0151d\u00e9s seg\u00edt\u00e9s\u00e9re m\u00e1r itt is c\u00e9lszer\u0171 a talaj-el\u0151k\u00e9sz\u00edt\u00e9skor 3-4 l\/ha mennyis\u00e9gben a talajt is kezelni. A vir\u00e1gz\u00e1s el\u0151tt haszn\u00e1lhat\u00f3 4-5 l\/ha d\u00f3zisban a peronoszp\u00f3ra, lev\u00e9ltet\u0171 elleni kezel\u00e9sekkel egyidej\u0171leg kell er\u0151s\u00edteni az \u00e1llom\u00e1ny ellen\u00e1ll\u00f3 k\u00e9pess\u00e9g\u00e9t. A kezel\u00e9sek hat\u00e1s\u00e1ra az \u00e1llom\u00e1ny k\u00e9s\u0151bb \u00f6regszik le.<\/p>\n<\/div>\n<\/div>\n<div align=\"justify\">\n<p style=\"line-height: 18.0pt; background: white; margin: 0cm 0cm 15.0pt 0cm;\"><b><span style=\"font-family: 'Ubuntu',sans-serif; color: black;\">K\u00e9szlet\u00fcnk napi szinten v\u00e1ltozik, ez\u00e9rt k\u00e9rj\u00fck, \u00e9rdekl\u0151dj\u00f6n szem\u00e9lyesen, telefonon vagy email-en.<br \/>\nA v\u00e1ltoztat\u00e1s jog\u00e1t fenntartjuk!\u00a0<\/span><\/b><\/p>\n<p><a href=\"https:\/\/tajkertesz.com\/\">https:\/\/tajkertesz.com\/<\/a><\/p>\n<p><a href=\"https:\/\/www.facebook.com\/tajkertesz\/\">https:\/\/www.facebook.com\/tajkertesz\/<\/a><\/p>\n<p>Szem\u00e9lyes \u00e1tv\u00e9tel nyitvatart\u00e1si id\u0151ben a 17. ker\u00fclet Bakancsos utca 7. sz\u00e1m alatti Kert\u00e9szeti \u00e1rud\u00e1nkban.<\/p>\n<p>Kert\u00e9p\u00edt\u0151k \u00e9s viszontelad\u00f3k regisztr\u00e1l\u00e1s ut\u00e1n egyedi kedvezm\u00e9nnyel v\u00e1s\u00e1rolhatnak kert\u00e9szeti kis-\u00e9s nagykeresked\u00e9s\u00fcnkben.<\/p>\n<\/div>","protected":false},"excerpt":{"rendered":"<p>Az Amalgerol\u00ae egyedien magas olajtartalm\u00e1nak k\u00f6sz\u00f6nhet\u0151en a talajba jut\u00e1st k\u00f6vet\u0151en sz\u00e9tter\u00fcl a talajkolloidokon\/talajszemcs\u00e9ken \u00e9s jelent\u0151s t\u00e1panyagforr\u00e1st biztos\u00edt a talajban \u00e9l\u0151 hasznos mikroorganizmusok sz\u00e1m\u00e1ra.<\/p>\n<p>H\u00e1zikerti felhaszn\u00e1l\u00e1s: 50 ml\/10 l v\u00edz.<\/p>\n<div id=\"bodyContent\" class=\"mw-body-content\">\n<div id=\"mw-content-text\" class=\"mw-content-ltr\" dir=\"ltr\" lang=\"hu\">\n<div id=\"bodyContent\" class=\"mw-body-content\">\n<div id=\"mw-content-text\" class=\"mw-content-ltr\" dir=\"ltr\" lang=\"hu\">\n<p><b>K\u00e9szlet\u00fcnk napi szinten v\u00e1ltozik, ez\u00e9rt k\u00e9rj\u00fck, \u00e9rdekl\u0151dj\u00f6n szem\u00e9lyesen, telefonon vagy email-en.<\/b><\/p>\n<p>Term\u00e9keinket szem\u00e9lyesen is \u00e1tveheti a h\u00e9t minden napj\u00e1n nyitvatart\u00e1si id\u0151ben!<\/p>\n<p>Kisz\u00e1ll\u00edt\u00e1s: 200 cm \u00e9s 40 kg-ig a sz\u00e1ll\u00edt\u00e1s fut\u00e1rszolg\u00e1lattal t\u00f6rt\u00e9nik.<\/p>\n<\/div>\n<\/div>\n<\/div>\n<\/div>\n<p><b>A v\u00e1ltoztat\u00e1s jog\u00e1t fenntartjuk!\u00a0<\/b><\/p>\n<div class=\"product-detail-title-after\">\n<div class=\"product-detail-manufacturer-wrap\"><\/div>\n<\/div>\n<div class=\"product-detail-title-after\">\n<div class=\"product-detail-manufacturer-wrap\"><\/div>\n<\/div>\n<div class=\"product-detail-title-after\">\n<div class=\"product-detail-manufacturer-wrap\"><\/div>\n<\/div>","protected":false},"featured_media":12077,"template":"","meta":{"_et_pb_use_builder":"","_et_pb_old_content":"","_et_gb_content_width":""},"product_brand":[],"product_cat":[35],"product_tag":[3555,4103,4104],"class_list":{"0":"post-12078","1":"product","2":"type-product","3":"status-publish","4":"has-post-thumbnail","6":"product_cat-tragyak","7":"product_tag-amalgerol-1-l","8":"product_tag-talajkondicionalo","9":"product_tag-tapanyag","11":"first","12":"instock","13":"shipping-taxable","14":"purchasable","15":"product-type-simple"},"yoast_head":"<!-- This site is optimized with the Yoast SEO plugin v27.4 - https:\/\/yoast.com\/product\/yoast-seo-wordpress\/ -->\n<title>Amalgerol 1 l - T\u00e1jkert\u00e9sz<\/title>\n<meta name=\"description\" content=\"Amalgerol 1 l Az Amalgerol egy k\u00f6nnyen em\u00e9szthet\u0151 sz\u00e9nforr\u00e1s a hasznos talajlak\u00f3 mikroorganizmusok sz\u00e1m\u00e1ra. L\u00e1togassa meg kert\u00e9szet\u00fcnket!\" \/>\n<meta name=\"robots\" content=\"index, follow, max-snippet:-1, max-image-preview:large, max-video-preview:-1\" \/>\n<link rel=\"canonical\" href=\"https:\/\/tajkertesz.com\/en_US\/product\/amalgerol-1-l\/\" \/>\n<meta property=\"og:locale\" content=\"en_US\" \/>\n<meta property=\"og:type\" content=\"article\" \/>\n<meta property=\"og:title\" content=\"Amalgerol 1 l - T\u00e1jkert\u00e9sz\" \/>\n<meta property=\"og:description\" content=\"Amalgerol 1 l Az Amalgerol egy k\u00f6nnyen em\u00e9szthet\u0151 sz\u00e9nforr\u00e1s a hasznos talajlak\u00f3 mikroorganizmusok sz\u00e1m\u00e1ra. L\u00e1togassa meg kert\u00e9szet\u00fcnket!\" \/>\n<meta property=\"og:url\" content=\"https:\/\/tajkertesz.com\/en_US\/product\/amalgerol-1-l\/\" \/>\n<meta property=\"og:site_name\" content=\"T\u00e1jkert\u00e9sz\" \/>\n<meta property=\"article:publisher\" content=\"https:\/\/www.facebook.com\/Tajkertesz\/\" \/>\n<meta property=\"article:modified_time\" content=\"2026-02-18T15:33:50+00:00\" \/>\n<meta property=\"og:image\" content=\"https:\/\/tajkertesz.com\/wp-content\/uploads\/2021\/12\/amalgerol1l.jpg\" \/>\n\t<meta property=\"og:image:width\" content=\"1181\" \/>\n\t<meta property=\"og:image:height\" content=\"1181\" \/>\n\t<meta property=\"og:image:type\" content=\"image\/jpeg\" \/>\n<meta name=\"twitter:card\" content=\"summary_large_image\" \/>\n<meta name=\"twitter:label1\" content=\"Est. reading time\" \/>\n\t<meta name=\"twitter:data1\" content=\"6 minutes\" \/>\n<script type=\"application\/ld+json\" class=\"yoast-schema-graph\">{\"@context\":\"https:\\\/\\\/schema.org\",\"@graph\":[{\"@type\":\"WebPage\",\"@id\":\"https:\\\/\\\/tajkertesz.com\\\/termek\\\/amalgerol-1-l\\\/\",\"url\":\"https:\\\/\\\/tajkertesz.com\\\/termek\\\/amalgerol-1-l\\\/\",\"name\":\"Amalgerol 1 l - T\u00e1jkert\u00e9sz\",\"isPartOf\":{\"@id\":\"https:\\\/\\\/tajkertesz.com\\\/#website\"},\"primaryImageOfPage\":{\"@id\":\"https:\\\/\\\/tajkertesz.com\\\/termek\\\/amalgerol-1-l\\\/#primaryimage\"},\"image\":{\"@id\":\"https:\\\/\\\/tajkertesz.com\\\/termek\\\/amalgerol-1-l\\\/#primaryimage\"},\"thumbnailUrl\":\"https:\\\/\\\/tajkertesz.com\\\/wp-content\\\/uploads\\\/2021\\\/12\\\/amalgerol1l.jpg\",\"datePublished\":\"2021-12-15T10:26:55+00:00\",\"dateModified\":\"2026-02-18T15:33:50+00:00\",\"description\":\"Amalgerol 1 l Az Amalgerol egy k\u00f6nnyen em\u00e9szthet\u0151 sz\u00e9nforr\u00e1s a hasznos talajlak\u00f3 mikroorganizmusok sz\u00e1m\u00e1ra. L\u00e1togassa meg kert\u00e9szet\u00fcnket!\",\"breadcrumb\":{\"@id\":\"https:\\\/\\\/tajkertesz.com\\\/termek\\\/amalgerol-1-l\\\/#breadcrumb\"},\"inLanguage\":\"en-US\",\"potentialAction\":[{\"@type\":\"ReadAction\",\"target\":[\"https:\\\/\\\/tajkertesz.com\\\/termek\\\/amalgerol-1-l\\\/\"]}]},{\"@type\":\"ImageObject\",\"inLanguage\":\"en-US\",\"@id\":\"https:\\\/\\\/tajkertesz.com\\\/termek\\\/amalgerol-1-l\\\/#primaryimage\",\"url\":\"https:\\\/\\\/tajkertesz.com\\\/wp-content\\\/uploads\\\/2021\\\/12\\\/amalgerol1l.jpg\",\"contentUrl\":\"https:\\\/\\\/tajkertesz.com\\\/wp-content\\\/uploads\\\/2021\\\/12\\\/amalgerol1l.jpg\",\"width\":1181,\"height\":1181,\"caption\":\"Amalgerol 1 l\"},{\"@type\":\"BreadcrumbList\",\"@id\":\"https:\\\/\\\/tajkertesz.com\\\/termek\\\/amalgerol-1-l\\\/#breadcrumb\",\"itemListElement\":[{\"@type\":\"ListItem\",\"position\":1,\"name\":\"Home\",\"item\":\"https:\\\/\\\/tajkertesz.com\\\/\"},{\"@type\":\"ListItem\",\"position\":2,\"name\":\"Kezd\u0151lap\",\"item\":\"https:\\\/\\\/tajkertesz.com\\\/\"},{\"@type\":\"ListItem\",\"position\":3,\"name\":\"Amalgerol 1 l\"}]},{\"@type\":\"WebSite\",\"@id\":\"https:\\\/\\\/tajkertesz.com\\\/#website\",\"url\":\"https:\\\/\\\/tajkertesz.com\\\/\",\"name\":\"T\u00e1j-Kert\u00e9sz 84 Kft.\",\"description\":\"Kert\u00e9szeti kis- \u00e9s nagykeresked\u00e9s, D\u00edszn\u00f6v\u00e9ny web\u00e1ruh\u00e1z orsz\u00e1gos h\u00e1zhozsz\u00e1ll\u00edt\u00e1ssal!\",\"publisher\":{\"@id\":\"https:\\\/\\\/tajkertesz.com\\\/#organization\"},\"potentialAction\":[{\"@type\":\"SearchAction\",\"target\":{\"@type\":\"EntryPoint\",\"urlTemplate\":\"https:\\\/\\\/tajkertesz.com\\\/?s={search_term_string}\"},\"query-input\":{\"@type\":\"PropertyValueSpecification\",\"valueRequired\":true,\"valueName\":\"search_term_string\"}}],\"inLanguage\":\"en-US\"},{\"@type\":\"Organization\",\"@id\":\"https:\\\/\\\/tajkertesz.com\\\/#organization\",\"name\":\"T\u00e1j-Kert\u00e9sz 84 Kft.\",\"url\":\"https:\\\/\\\/tajkertesz.com\\\/\",\"logo\":{\"@type\":\"ImageObject\",\"inLanguage\":\"en-US\",\"@id\":\"https:\\\/\\\/tajkertesz.com\\\/#\\\/schema\\\/logo\\\/image\\\/\",\"url\":\"https:\\\/\\\/tajkertesz.com\\\/wp-content\\\/uploads\\\/2018\\\/02\\\/logo-2-e1518678052539.png\",\"contentUrl\":\"https:\\\/\\\/tajkertesz.com\\\/wp-content\\\/uploads\\\/2018\\\/02\\\/logo-2-e1518678052539.png\",\"width\":81,\"height\":140,\"caption\":\"T\u00e1j-Kert\u00e9sz 84 Kft.\"},\"image\":{\"@id\":\"https:\\\/\\\/tajkertesz.com\\\/#\\\/schema\\\/logo\\\/image\\\/\"},\"sameAs\":[\"https:\\\/\\\/www.facebook.com\\\/Tajkertesz\\\/\"]}]}<\/script>\n<!-- \/ Yoast SEO plugin. -->","yoast_head_json":{"title":"Amalgerol 1 l - T\u00e1jkert\u00e9sz","description":"Amalgerol 1 l Az Amalgerol egy k\u00f6nnyen em\u00e9szthet\u0151 sz\u00e9nforr\u00e1s a hasznos talajlak\u00f3 mikroorganizmusok sz\u00e1m\u00e1ra. L\u00e1togassa meg kert\u00e9szet\u00fcnket!","robots":{"index":"index","follow":"follow","max-snippet":"max-snippet:-1","max-image-preview":"max-image-preview:large","max-video-preview":"max-video-preview:-1"},"canonical":"https:\/\/tajkertesz.com\/en_US\/product\/amalgerol-1-l\/","og_locale":"en_US","og_type":"article","og_title":"Amalgerol 1 l - T\u00e1jkert\u00e9sz","og_description":"Amalgerol 1 l Az Amalgerol egy k\u00f6nnyen em\u00e9szthet\u0151 sz\u00e9nforr\u00e1s a hasznos talajlak\u00f3 mikroorganizmusok sz\u00e1m\u00e1ra. L\u00e1togassa meg kert\u00e9szet\u00fcnket!","og_url":"https:\/\/tajkertesz.com\/en_US\/product\/amalgerol-1-l\/","og_site_name":"T\u00e1jkert\u00e9sz","article_publisher":"https:\/\/www.facebook.com\/Tajkertesz\/","article_modified_time":"2026-02-18T15:33:50+00:00","og_image":[{"width":1181,"height":1181,"url":"https:\/\/tajkertesz.com\/wp-content\/uploads\/2021\/12\/amalgerol1l.jpg","type":"image\/jpeg"}],"twitter_card":"summary_large_image","twitter_misc":{"Est. reading time":"6 minutes"},"schema":{"@context":"https:\/\/schema.org","@graph":[{"@type":"WebPage","@id":"https:\/\/tajkertesz.com\/termek\/amalgerol-1-l\/","url":"https:\/\/tajkertesz.com\/termek\/amalgerol-1-l\/","name":"Amalgerol 1 l - T\u00e1jkert\u00e9sz","isPartOf":{"@id":"https:\/\/tajkertesz.com\/#website"},"primaryImageOfPage":{"@id":"https:\/\/tajkertesz.com\/termek\/amalgerol-1-l\/#primaryimage"},"image":{"@id":"https:\/\/tajkertesz.com\/termek\/amalgerol-1-l\/#primaryimage"},"thumbnailUrl":"https:\/\/tajkertesz.com\/wp-content\/uploads\/2021\/12\/amalgerol1l.jpg","datePublished":"2021-12-15T10:26:55+00:00","dateModified":"2026-02-18T15:33:50+00:00","description":"Amalgerol 1 l Az Amalgerol egy k\u00f6nnyen em\u00e9szthet\u0151 sz\u00e9nforr\u00e1s a hasznos talajlak\u00f3 mikroorganizmusok sz\u00e1m\u00e1ra. L\u00e1togassa meg kert\u00e9szet\u00fcnket!","breadcrumb":{"@id":"https:\/\/tajkertesz.com\/termek\/amalgerol-1-l\/#breadcrumb"},"inLanguage":"en-US","potentialAction":[{"@type":"ReadAction","target":["https:\/\/tajkertesz.com\/termek\/amalgerol-1-l\/"]}]},{"@type":"ImageObject","inLanguage":"en-US","@id":"https:\/\/tajkertesz.com\/termek\/amalgerol-1-l\/#primaryimage","url":"https:\/\/tajkertesz.com\/wp-content\/uploads\/2021\/12\/amalgerol1l.jpg","contentUrl":"https:\/\/tajkertesz.com\/wp-content\/uploads\/2021\/12\/amalgerol1l.jpg","width":1181,"height":1181,"caption":"Amalgerol 1 l"},{"@type":"BreadcrumbList","@id":"https:\/\/tajkertesz.com\/termek\/amalgerol-1-l\/#breadcrumb","itemListElement":[{"@type":"ListItem","position":1,"name":"Home","item":"https:\/\/tajkertesz.com\/"},{"@type":"ListItem","position":2,"name":"Kezd\u0151lap","item":"https:\/\/tajkertesz.com\/"},{"@type":"ListItem","position":3,"name":"Amalgerol 1 l"}]},{"@type":"WebSite","@id":"https:\/\/tajkertesz.com\/#website","url":"https:\/\/tajkertesz.com\/","name":"T\u00e1j-Kert\u00e9sz 84 Kft.","description":"Kert\u00e9szeti kis- \u00e9s nagykeresked\u00e9s, D\u00edszn\u00f6v\u00e9ny web\u00e1ruh\u00e1z orsz\u00e1gos h\u00e1zhozsz\u00e1ll\u00edt\u00e1ssal!","publisher":{"@id":"https:\/\/tajkertesz.com\/#organization"},"potentialAction":[{"@type":"SearchAction","target":{"@type":"EntryPoint","urlTemplate":"https:\/\/tajkertesz.com\/?s={search_term_string}"},"query-input":{"@type":"PropertyValueSpecification","valueRequired":true,"valueName":"search_term_string"}}],"inLanguage":"en-US"},{"@type":"Organization","@id":"https:\/\/tajkertesz.com\/#organization","name":"T\u00e1j-Kert\u00e9sz 84 Kft.","url":"https:\/\/tajkertesz.com\/","logo":{"@type":"ImageObject","inLanguage":"en-US","@id":"https:\/\/tajkertesz.com\/#\/schema\/logo\/image\/","url":"https:\/\/tajkertesz.com\/wp-content\/uploads\/2018\/02\/logo-2-e1518678052539.png","contentUrl":"https:\/\/tajkertesz.com\/wp-content\/uploads\/2018\/02\/logo-2-e1518678052539.png","width":81,"height":140,"caption":"T\u00e1j-Kert\u00e9sz 84 Kft."},"image":{"@id":"https:\/\/tajkertesz.com\/#\/schema\/logo\/image\/"},"sameAs":["https:\/\/www.facebook.com\/Tajkertesz\/"]}]}},"_links":{"self":[{"href":"https:\/\/tajkertesz.com\/en_US\/wp-json\/wp\/v2\/product\/12078","targetHints":{"allow":["GET"]}}],"collection":[{"href":"https:\/\/tajkertesz.com\/en_US\/wp-json\/wp\/v2\/product"}],"about":[{"href":"https:\/\/tajkertesz.com\/en_US\/wp-json\/wp\/v2\/types\/product"}],"wp:featuredmedia":[{"embeddable":true,"href":"https:\/\/tajkertesz.com\/en_US\/wp-json\/wp\/v2\/media\/12077"}],"wp:attachment":[{"href":"https:\/\/tajkertesz.com\/en_US\/wp-json\/wp\/v2\/media?parent=12078"}],"wp:term":[{"taxonomy":"product_brand","embeddable":true,"href":"https:\/\/tajkertesz.com\/en_US\/wp-json\/wp\/v2\/product_brand?post=12078"},{"taxonomy":"product_cat","embeddable":true,"href":"https:\/\/tajkertesz.com\/en_US\/wp-json\/wp\/v2\/product_cat?post=12078"},{"taxonomy":"product_tag","embeddable":true,"href":"https:\/\/tajkertesz.com\/en_US\/wp-json\/wp\/v2\/product_tag?post=12078"}],"curies":[{"name":"wp","href":"https:\/\/api.w.org\/{rel}","templated":true}]}}