{"id":12080,"date":"2021-12-15T10:30:47","date_gmt":"2021-12-15T10:30:47","guid":{"rendered":"https:\/\/tajkertesz.com\/?post_type=product&#038;p=12080"},"modified":"2026-02-18T15:34:59","modified_gmt":"2026-02-18T15:34:59","slug":"bordoileken-neo-sc-1-l","status":"publish","type":"product","link":"https:\/\/tajkertesz.com\/en_US\/product\/bordoileken-neo-sc-1-l\/","title":{"rendered":"Bord\u00f3il\u00e9+K\u00e9n NEO SC 1 l"},"content":{"rendered":"<h1 class=\"product-detail-name\">Bord\u00f3il\u00e9+K\u00e9n NEO SC 1 l<\/h1>\n<div class=\"product-detail-title-after\">\n<div class=\"product-detail-manufacturer-wrap\">\n<p class=\"product-detail-name\">Bord\u00f3il\u00e9+K\u00e9n NEO SC 1 l<\/p>\n<div class=\"product-detail-title-after\">\n<div class=\"product-detail-manufacturer-wrap\"><\/div>\n<\/div>\n<\/div>\n<\/div>\n<div class=\"product-detail-title-after\">\n<div class=\"product-detail-manufacturer-wrap\">\n<p>H\u00e1zikerti felhaszn\u00e1l\u00e1s: 40-50 ml\/10 l v\u00edz.<\/p>\n<p>\u00d6kol\u00f3giai termeszt\u00e9sben enged\u00e9lyezett.<\/p>\n<p>\u00d6sszet\u00e9tel : 215 g\/l r\u00e9zszulf\u00e1t alap\u00fa bord\u00f3i komplex + 290 g\/l k\u00e9n<\/p>\n<p>Hat\u00e1sm\u00f3d \u00e9s hat\u00e9konys\u00e1g<br \/>\nA Bord\u00f3il\u00e9 + K\u00e9n Nano SC egy gy\u00e1ri kombin\u00e1ci\u00f3, amely egy term\u00e9kben tartalmazza a r\u00e9z \u00e9s a k\u00e9n hat\u00f3anyagot. A r\u00e9z hat\u00f3anyaga \u00e9s hat\u00e1sa megegyezik a Bord\u00f3il\u00e9 term\u00e9kn\u00e9l le\u00edrtakkal. A term\u00e9kben l\u00e9v\u00f6 k\u00e9n m\u00e9rete 650 nm. Az ilyen frakci\u00f3j\u00fa\/m\u00e9rettartom\u00e1ny\u00fa k\u00e9n a z\u00e1loga annak, hogy a hat\u00f3anyag nedves leveg\u00f4n t\u00f6rt\u00e9n\u00f4 p\u00e1rolg\u00e1sa, majd oxid\u00e1l\u00f3d\u00e1sa \u00e9s \u00e1talakul\u00e1sa k\u00e9nessavv\u00e1, csak abban az \u00fctemben t\u00f6rt\u00e9njen, hogy ne okozzon perzsel\u00e9st. A k\u00e9n a p\u00e1rolg\u00e1si \u00e9s \u00e1talakul\u00e1si folyamat sor\u00e1n \u00f6li a k\u00f3rokoz\u00f3kat, (b\u00f4vebben l\u00e1sd.: A Talaj- \u00e9s n\u00f6v\u00e9nyorvosl\u00e1s kiadv\u00e1nyban).<\/p>\n<p>Hat\u00e1sspektruma: a Bord\u00f3il\u00e9 term\u00e9k hat\u00e1sa kieg\u00e9sz\u00edtve lisztharmat elleni- \u00e9s atkagy\u00e9r\u00edt\u00f4 hat\u00e1ssal.<br \/>\nFelhaszn\u00e1l\u00e1si javaslatok<br \/>\n\u0151szi b\u00faza \u00e9s \u0151szi \u00e1rp\u00e1ban lisztharmat ellen az els\u00f4 t\u00fcnetek megjelen\u00e9sekor kell alkalmazni a k\u00e9sz\u00edtm\u00e9nyt. A sz\u00e1rbaindul\u00e1s ut\u00e1n a rozsda kiv\u00e9tel\u00e9vel minden lev\u00e9lbetegs\u00e9g ellen hat\u00e9kony. Kal\u00e1szh\u00e1ny\u00e1skor a fusarium ellen megel\u00f4z\u00f4 jelleggel kell v\u00e9dekezni. \u00d4szi b\u00faza eset\u00e9ben a min\u00f4s\u00e9g jav\u00edt\u00e1s \u00e9rdek\u00e9ben Plantafosz R\u00e9z ad\u00e1sa javasolt.<\/p>\n<p>Gy\u00fcm\u00f6lcs\u00f6s\u00f6kben lemos\u00f3 szerk\u00e9nt bakt\u00e9riumos \u00e1gelhal\u00e1s ellen alkalmazhat\u00f3. R\u00e9z \u00e9s k\u00e9n hat\u00f3anyag\u00e1nak k\u00f6sz\u00f6nhet\u00f4en minden gombabetegs\u00e9g (lisztharmat, lev\u00e9lfodrosod\u00e1s, mon\u00edlia, t?zelhal\u00e1s, stb.) ellen hat\u00e9kony.<br \/>\nAlmaterm\u00e9s?ekben \u00e9s sz\u00f4l\u00f4ben: A Bord\u00f3il\u00e9 SC n\u00f6v\u00e9nyv\u00e9d\u00f4 szer hat\u00e1sa kieg\u00e9sz\u00edtve (a k\u00e9n tartalom k\u00f6vetkezt\u00e9ben) egy nagyon j\u00f3 lisztharmat elleni v\u00e9delemmel. \u00cdgy alm\u00e1ban komplex v\u00e9delmet ad varasod\u00e1s, lisztharmat, t?zelhal\u00e1s ellen.<\/p>\n<p>Sz\u00f4l\u00f4ben peronoszp\u00f3ra \u00e9s lisztharmat ellen j\u00f3 hat\u00e9konys\u00e1g\u00fa. A kijuttat\u00e1s id\u00f4pontja megegyezik a Bord\u00f3il\u00e9-n\u00e9l le\u00edrtakkal. Mindk\u00e9t kult\u00far\u00e1ban kieg\u00e9sz\u00edthet\u00f4 Plantafosz R\u00e9z komplex t\u00e1panyag \u00e9s immuner\u00f4s\u00edt\u00f4 k\u00e9sz\u00edtm\u00e9nnyel. Burgony\u00e1ban felhaszn\u00e1l\u00e1sa megegyezik a Bord\u00f3il\u00e9-n\u00e9l le\u00edrtakkal. Cukorr\u00e9p\u00e1ban komplex v\u00e9delmet ny\u00fajt a cerkosp\u00f3r\u00e1s lev\u00e9lragya \u00e9s a lisztharmat ellen. A cukortartalom n\u00f6vel\u00e9se c\u00e9lj\u00e1b\u00f3l Mycrobor DF hozz\u00e1ad\u00e1sa javasolt 2-4 kg\/ha d\u00f3zisban.<\/p>\n<p>Z\u00f6lds\u00e9gf\u00e9l\u00e9kben (paprika, paradicsom, uborka) minden bakt\u00e9riumos \u00e9s gomb\u00e1s (kiv\u00e9ve a sz\u00fcrkerothad\u00e1s) betegs\u00e9g ellen j\u00f3 hat\u00e9konys\u00e1ggal rendelkezik. A hat\u00e1s fokoz\u00e1sa c\u00e9lj\u00e1b\u00f3l kieg\u00e9sz\u00edthet\u00f4 Plantafosz Universal t\u00e1panyag \u00e9s immuner\u00f4s\u00edt\u00f4 k\u00e9sz\u00edtm\u00e9nnyel.<\/p>\n<\/div>\n<\/div>\n<p align=\"justify\"><a href=\"https:\/\/www.facebook.com\/tajkertesz\">https:\/\/www.facebook.com\/tajkertesz<\/a><\/p>\n<p align=\"justify\"><a href=\"http:\/\/www.tajkertesz.hu\">http:\/\/www.tajkertesz.hu<\/a><\/p>\n<p align=\"justify\"><a href=\"https:\/\/tajkertesz.com\/wp-content\/uploads\/2021\/12\/BordoileKenNeoSc.pdf\">BordoileKenNeoSc<\/a><\/p>\n<h3 align=\"justify\">Kiz\u00e1r\u00f3lag szem\u00e9lyes \u00e1tv\u00e9tellel lehets\u00e9ges a term\u00e9k megv\u00e1s\u00e1rl\u00e1sa!<\/h3>\n<p align=\"justify\"><span style=\"color: #ffffff;\">A k\u00e9sz\u00edtm\u00e9nyt a gyep ny\u00edr\u00e1s\u00e1t k\u00f6vet\u0151en, a k\u00e9tszik\u0171 gyomn\u00f6v\u00e9nyek n\u00f6veked\u00e9s\u00e9nek \u00fajb\u00f3li megindul\u00e1sa ut\u00e1n kell kijuttatni 10 l\/ha (100 ml \/ 100 m2) d\u00f3zisban. A kijuttat\u00e1shoz sz\u00fcks\u00e9ges v\u00edzmennyis\u00e9g 10 l \/ 100 m2. A kezel\u00e9sn\u00e9l \u00fcgyelni kell arra, hogy a permetl\u00e9 kult\u00farn\u00f6v\u00e9nyekre ne ker\u00fclj\u00f6n, mert azokat maradand\u00f3an k\u00e1ros\u00edtja.<\/span><\/p>\n<p align=\"justify\"><span style=\"color: #ffffff;\">A k\u00e9sz\u00edtm\u00e9ny alkalmazhat\u00f3 foltkezel\u00e9s \u00e9s teljes fel\u00fcletkezel\u00e9s form\u00e1j\u00e1ban. Egy veget\u00e1ci\u00f3s szakaszban maximum k\u00e9t kezel\u00e9s v\u00e9gezhet\u0151.<\/span><\/p>\n<div align=\"justify\"><\/div>","protected":false},"excerpt":{"rendered":"<p class=\"product-detail-name\" style=\"text-align: center;\">Bord\u00f3il\u00e9+K\u00e9n NEO SC 1 l<\/p>\n<div class=\"product-detail-title-after\">\n<div class=\"product-detail-manufacturer-wrap\"><\/div>\n<\/div>\n<div class=\"product-detail-title-after\">\n<div class=\"product-detail-manufacturer-wrap\"><\/div>\n<\/div>\n<div class=\"product-detail-title-after\">\n<div class=\"product-detail-manufacturer-wrap\"><\/div>\n<\/div>","protected":false},"featured_media":12081,"template":"","meta":{"_et_pb_use_builder":"","_et_pb_old_content":"","_et_gb_content_width":""},"product_brand":[],"product_cat":[3421,3424],"product_tag":[3556],"class_list":{"0":"post-12080","1":"product","2":"type-product","3":"status-publish","4":"has-post-thumbnail","6":"product_cat-gombaolo-szer","7":"product_cat-lemoso-permetezoszerek","8":"product_tag-bordoileken-neo-sc-1-l","10":"first","11":"instock","12":"sale","13":"shipping-taxable","14":"purchasable","15":"product-type-simple"},"yoast_head":"<!-- This site is optimized with the Yoast SEO plugin v27.4 - https:\/\/yoast.com\/product\/yoast-seo-wordpress\/ -->\n<title>Bord\u00f3il\u00e9+K\u00e9n NEO SC 1 l - T\u00e1jkert\u00e9sz<\/title>\n<meta name=\"description\" content=\"Bord\u00f3il\u00e9+K\u00e9n NEO SC 1 l\" \/>\n<meta name=\"robots\" content=\"index, follow, max-snippet:-1, max-image-preview:large, max-video-preview:-1\" \/>\n<link rel=\"canonical\" href=\"https:\/\/tajkertesz.com\/en_US\/product\/bordoileken-neo-sc-1-l\/\" \/>\n<meta property=\"og:locale\" content=\"en_US\" \/>\n<meta property=\"og:type\" content=\"article\" \/>\n<meta property=\"og:title\" content=\"Bord\u00f3il\u00e9+K\u00e9n NEO SC 1 l - T\u00e1jkert\u00e9sz\" \/>\n<meta property=\"og:description\" content=\"Bord\u00f3il\u00e9+K\u00e9n NEO SC 1 l\" \/>\n<meta property=\"og:url\" content=\"https:\/\/tajkertesz.com\/en_US\/product\/bordoileken-neo-sc-1-l\/\" \/>\n<meta property=\"og:site_name\" content=\"T\u00e1jkert\u00e9sz\" \/>\n<meta property=\"article:publisher\" content=\"https:\/\/www.facebook.com\/Tajkertesz\/\" \/>\n<meta property=\"article:modified_time\" content=\"2026-02-18T15:34:59+00:00\" \/>\n<meta property=\"og:image\" content=\"https:\/\/tajkertesz.com\/wp-content\/uploads\/2021\/12\/bordoile_ken_neo_sc.jpg\" \/>\n\t<meta property=\"og:image:width\" content=\"1381\" \/>\n\t<meta property=\"og:image:height\" content=\"1920\" \/>\n\t<meta property=\"og:image:type\" content=\"image\/jpeg\" \/>\n<meta name=\"twitter:card\" content=\"summary_large_image\" \/>\n<meta name=\"twitter:label1\" content=\"Est. reading time\" \/>\n\t<meta name=\"twitter:data1\" content=\"3 minutes\" \/>\n<script type=\"application\/ld+json\" class=\"yoast-schema-graph\">{\"@context\":\"https:\\\/\\\/schema.org\",\"@graph\":[{\"@type\":\"WebPage\",\"@id\":\"https:\\\/\\\/tajkertesz.com\\\/termek\\\/bordoileken-neo-sc-1-l\\\/\",\"url\":\"https:\\\/\\\/tajkertesz.com\\\/termek\\\/bordoileken-neo-sc-1-l\\\/\",\"name\":\"Bord\u00f3il\u00e9+K\u00e9n NEO SC 1 l - T\u00e1jkert\u00e9sz\",\"isPartOf\":{\"@id\":\"https:\\\/\\\/tajkertesz.com\\\/#website\"},\"primaryImageOfPage\":{\"@id\":\"https:\\\/\\\/tajkertesz.com\\\/termek\\\/bordoileken-neo-sc-1-l\\\/#primaryimage\"},\"image\":{\"@id\":\"https:\\\/\\\/tajkertesz.com\\\/termek\\\/bordoileken-neo-sc-1-l\\\/#primaryimage\"},\"thumbnailUrl\":\"https:\\\/\\\/tajkertesz.com\\\/wp-content\\\/uploads\\\/2021\\\/12\\\/bordoile_ken_neo_sc.jpg\",\"datePublished\":\"2021-12-15T10:30:47+00:00\",\"dateModified\":\"2026-02-18T15:34:59+00:00\",\"description\":\"Bord\u00f3il\u00e9+K\u00e9n NEO SC 1 l\",\"breadcrumb\":{\"@id\":\"https:\\\/\\\/tajkertesz.com\\\/termek\\\/bordoileken-neo-sc-1-l\\\/#breadcrumb\"},\"inLanguage\":\"en-US\",\"potentialAction\":[{\"@type\":\"ReadAction\",\"target\":[\"https:\\\/\\\/tajkertesz.com\\\/termek\\\/bordoileken-neo-sc-1-l\\\/\"]}]},{\"@type\":\"ImageObject\",\"inLanguage\":\"en-US\",\"@id\":\"https:\\\/\\\/tajkertesz.com\\\/termek\\\/bordoileken-neo-sc-1-l\\\/#primaryimage\",\"url\":\"https:\\\/\\\/tajkertesz.com\\\/wp-content\\\/uploads\\\/2021\\\/12\\\/bordoile_ken_neo_sc.jpg\",\"contentUrl\":\"https:\\\/\\\/tajkertesz.com\\\/wp-content\\\/uploads\\\/2021\\\/12\\\/bordoile_ken_neo_sc.jpg\",\"width\":1381,\"height\":1920},{\"@type\":\"BreadcrumbList\",\"@id\":\"https:\\\/\\\/tajkertesz.com\\\/termek\\\/bordoileken-neo-sc-1-l\\\/#breadcrumb\",\"itemListElement\":[{\"@type\":\"ListItem\",\"position\":1,\"name\":\"Home\",\"item\":\"https:\\\/\\\/tajkertesz.com\\\/\"},{\"@type\":\"ListItem\",\"position\":2,\"name\":\"Kezd\u0151lap\",\"item\":\"https:\\\/\\\/tajkertesz.com\\\/\"},{\"@type\":\"ListItem\",\"position\":3,\"name\":\"Bord\u00f3il\u00e9+K\u00e9n NEO SC 1 l\"}]},{\"@type\":\"WebSite\",\"@id\":\"https:\\\/\\\/tajkertesz.com\\\/#website\",\"url\":\"https:\\\/\\\/tajkertesz.com\\\/\",\"name\":\"T\u00e1j-Kert\u00e9sz 84 Kft.\",\"description\":\"Kert\u00e9szeti kis- \u00e9s nagykeresked\u00e9s, D\u00edszn\u00f6v\u00e9ny web\u00e1ruh\u00e1z orsz\u00e1gos h\u00e1zhozsz\u00e1ll\u00edt\u00e1ssal!\",\"publisher\":{\"@id\":\"https:\\\/\\\/tajkertesz.com\\\/#organization\"},\"potentialAction\":[{\"@type\":\"SearchAction\",\"target\":{\"@type\":\"EntryPoint\",\"urlTemplate\":\"https:\\\/\\\/tajkertesz.com\\\/?s={search_term_string}\"},\"query-input\":{\"@type\":\"PropertyValueSpecification\",\"valueRequired\":true,\"valueName\":\"search_term_string\"}}],\"inLanguage\":\"en-US\"},{\"@type\":\"Organization\",\"@id\":\"https:\\\/\\\/tajkertesz.com\\\/#organization\",\"name\":\"T\u00e1j-Kert\u00e9sz 84 Kft.\",\"url\":\"https:\\\/\\\/tajkertesz.com\\\/\",\"logo\":{\"@type\":\"ImageObject\",\"inLanguage\":\"en-US\",\"@id\":\"https:\\\/\\\/tajkertesz.com\\\/#\\\/schema\\\/logo\\\/image\\\/\",\"url\":\"https:\\\/\\\/tajkertesz.com\\\/wp-content\\\/uploads\\\/2018\\\/02\\\/logo-2-e1518678052539.png\",\"contentUrl\":\"https:\\\/\\\/tajkertesz.com\\\/wp-content\\\/uploads\\\/2018\\\/02\\\/logo-2-e1518678052539.png\",\"width\":81,\"height\":140,\"caption\":\"T\u00e1j-Kert\u00e9sz 84 Kft.\"},\"image\":{\"@id\":\"https:\\\/\\\/tajkertesz.com\\\/#\\\/schema\\\/logo\\\/image\\\/\"},\"sameAs\":[\"https:\\\/\\\/www.facebook.com\\\/Tajkertesz\\\/\"]}]}<\/script>\n<!-- \/ Yoast SEO plugin. -->","yoast_head_json":{"title":"Bord\u00f3il\u00e9+K\u00e9n NEO SC 1 l - T\u00e1jkert\u00e9sz","description":"Bord\u00f3il\u00e9+K\u00e9n NEO SC 1 l","robots":{"index":"index","follow":"follow","max-snippet":"max-snippet:-1","max-image-preview":"max-image-preview:large","max-video-preview":"max-video-preview:-1"},"canonical":"https:\/\/tajkertesz.com\/en_US\/product\/bordoileken-neo-sc-1-l\/","og_locale":"en_US","og_type":"article","og_title":"Bord\u00f3il\u00e9+K\u00e9n NEO SC 1 l - T\u00e1jkert\u00e9sz","og_description":"Bord\u00f3il\u00e9+K\u00e9n NEO SC 1 l","og_url":"https:\/\/tajkertesz.com\/en_US\/product\/bordoileken-neo-sc-1-l\/","og_site_name":"T\u00e1jkert\u00e9sz","article_publisher":"https:\/\/www.facebook.com\/Tajkertesz\/","article_modified_time":"2026-02-18T15:34:59+00:00","og_image":[{"width":1381,"height":1920,"url":"https:\/\/tajkertesz.com\/wp-content\/uploads\/2021\/12\/bordoile_ken_neo_sc.jpg","type":"image\/jpeg"}],"twitter_card":"summary_large_image","twitter_misc":{"Est. reading time":"3 minutes"},"schema":{"@context":"https:\/\/schema.org","@graph":[{"@type":"WebPage","@id":"https:\/\/tajkertesz.com\/termek\/bordoileken-neo-sc-1-l\/","url":"https:\/\/tajkertesz.com\/termek\/bordoileken-neo-sc-1-l\/","name":"Bord\u00f3il\u00e9+K\u00e9n NEO SC 1 l - T\u00e1jkert\u00e9sz","isPartOf":{"@id":"https:\/\/tajkertesz.com\/#website"},"primaryImageOfPage":{"@id":"https:\/\/tajkertesz.com\/termek\/bordoileken-neo-sc-1-l\/#primaryimage"},"image":{"@id":"https:\/\/tajkertesz.com\/termek\/bordoileken-neo-sc-1-l\/#primaryimage"},"thumbnailUrl":"https:\/\/tajkertesz.com\/wp-content\/uploads\/2021\/12\/bordoile_ken_neo_sc.jpg","datePublished":"2021-12-15T10:30:47+00:00","dateModified":"2026-02-18T15:34:59+00:00","description":"Bord\u00f3il\u00e9+K\u00e9n NEO SC 1 l","breadcrumb":{"@id":"https:\/\/tajkertesz.com\/termek\/bordoileken-neo-sc-1-l\/#breadcrumb"},"inLanguage":"en-US","potentialAction":[{"@type":"ReadAction","target":["https:\/\/tajkertesz.com\/termek\/bordoileken-neo-sc-1-l\/"]}]},{"@type":"ImageObject","inLanguage":"en-US","@id":"https:\/\/tajkertesz.com\/termek\/bordoileken-neo-sc-1-l\/#primaryimage","url":"https:\/\/tajkertesz.com\/wp-content\/uploads\/2021\/12\/bordoile_ken_neo_sc.jpg","contentUrl":"https:\/\/tajkertesz.com\/wp-content\/uploads\/2021\/12\/bordoile_ken_neo_sc.jpg","width":1381,"height":1920},{"@type":"BreadcrumbList","@id":"https:\/\/tajkertesz.com\/termek\/bordoileken-neo-sc-1-l\/#breadcrumb","itemListElement":[{"@type":"ListItem","position":1,"name":"Home","item":"https:\/\/tajkertesz.com\/"},{"@type":"ListItem","position":2,"name":"Kezd\u0151lap","item":"https:\/\/tajkertesz.com\/"},{"@type":"ListItem","position":3,"name":"Bord\u00f3il\u00e9+K\u00e9n NEO SC 1 l"}]},{"@type":"WebSite","@id":"https:\/\/tajkertesz.com\/#website","url":"https:\/\/tajkertesz.com\/","name":"T\u00e1j-Kert\u00e9sz 84 Kft.","description":"Kert\u00e9szeti kis- \u00e9s nagykeresked\u00e9s, D\u00edszn\u00f6v\u00e9ny web\u00e1ruh\u00e1z orsz\u00e1gos h\u00e1zhozsz\u00e1ll\u00edt\u00e1ssal!","publisher":{"@id":"https:\/\/tajkertesz.com\/#organization"},"potentialAction":[{"@type":"SearchAction","target":{"@type":"EntryPoint","urlTemplate":"https:\/\/tajkertesz.com\/?s={search_term_string}"},"query-input":{"@type":"PropertyValueSpecification","valueRequired":true,"valueName":"search_term_string"}}],"inLanguage":"en-US"},{"@type":"Organization","@id":"https:\/\/tajkertesz.com\/#organization","name":"T\u00e1j-Kert\u00e9sz 84 Kft.","url":"https:\/\/tajkertesz.com\/","logo":{"@type":"ImageObject","inLanguage":"en-US","@id":"https:\/\/tajkertesz.com\/#\/schema\/logo\/image\/","url":"https:\/\/tajkertesz.com\/wp-content\/uploads\/2018\/02\/logo-2-e1518678052539.png","contentUrl":"https:\/\/tajkertesz.com\/wp-content\/uploads\/2018\/02\/logo-2-e1518678052539.png","width":81,"height":140,"caption":"T\u00e1j-Kert\u00e9sz 84 Kft."},"image":{"@id":"https:\/\/tajkertesz.com\/#\/schema\/logo\/image\/"},"sameAs":["https:\/\/www.facebook.com\/Tajkertesz\/"]}]}},"_links":{"self":[{"href":"https:\/\/tajkertesz.com\/en_US\/wp-json\/wp\/v2\/product\/12080","targetHints":{"allow":["GET"]}}],"collection":[{"href":"https:\/\/tajkertesz.com\/en_US\/wp-json\/wp\/v2\/product"}],"about":[{"href":"https:\/\/tajkertesz.com\/en_US\/wp-json\/wp\/v2\/types\/product"}],"wp:featuredmedia":[{"embeddable":true,"href":"https:\/\/tajkertesz.com\/en_US\/wp-json\/wp\/v2\/media\/12081"}],"wp:attachment":[{"href":"https:\/\/tajkertesz.com\/en_US\/wp-json\/wp\/v2\/media?parent=12080"}],"wp:term":[{"taxonomy":"product_brand","embeddable":true,"href":"https:\/\/tajkertesz.com\/en_US\/wp-json\/wp\/v2\/product_brand?post=12080"},{"taxonomy":"product_cat","embeddable":true,"href":"https:\/\/tajkertesz.com\/en_US\/wp-json\/wp\/v2\/product_cat?post=12080"},{"taxonomy":"product_tag","embeddable":true,"href":"https:\/\/tajkertesz.com\/en_US\/wp-json\/wp\/v2\/product_tag?post=12080"}],"curies":[{"name":"wp","href":"https:\/\/api.w.org\/{rel}","templated":true}]}}