{"id":12090,"date":"2021-12-15T10:40:49","date_gmt":"2021-12-15T10:40:49","guid":{"rendered":"https:\/\/tajkertesz.com\/?post_type=product&#038;p=12090"},"modified":"2026-02-18T15:35:31","modified_gmt":"2026-02-18T15:35:31","slug":"signum-wg-10-g","status":"publish","type":"product","link":"https:\/\/tajkertesz.com\/en_US\/product\/signum-wg-10-g\/","title":{"rendered":"Signum WG 10 g"},"content":{"rendered":"<h1 class=\"product-detail-name\">Signum WG 10 g<\/h1>\n<p class=\"product-detail-name\">Signum WG 10 g<\/p>\n<div class=\"product-detail-title-after\">\n<div class=\"product-detail-manufacturer-wrap\">\n<p>A boszkalid hat\u00f3anyag\u00e1nak k\u00f6sz\u00f6nhet\u0151en egy rendk\u00edv\u00fcl sz\u00e9les hat\u00e1sspektrummal rendelkez\u0151 gomba\u00f6l\u0151 szer, sz\u00e1mos z\u00f6lds\u00e9g, gy\u00fcm\u00f6lcs \u00e9s d\u00edszn\u00f6v\u00e9nykult\u00far\u00e1ban. Megold\u00e1st jelent a legt\u00f6bb gombabetegs\u00e9g ellen (kiv\u00e9ve a peronoszp\u00f3ra f\u00e9l\u00e9ket). A gomb\u00e1k mitokondri\u00e1lis elektrontranszportj\u00e1t g\u00e1tolja.<\/p>\n<p>H\u00e1zikertfelhaszn\u00e1l\u00e1s: l\u00e1sd a lea\u00edr\u00e1sban.<\/p>\n<p>Hat\u00f3anyag: 267 g\/kg boszkalid 67 g\/kg piraklostrobin<br \/>\nForgalmi kateg\u00f3ria: III.<br \/>\nFormul\u00e1ci\u00f3: v\u00edzben diszperg\u00e1lhat\u00f3 granul\u00e1tum (WG)<br \/>\nHat\u00e1smechanizmus: sziszt\u00e9mikus (felsz\u00edv\u00f3d\u00f3)<br \/>\nKiszerel\u00e9s: 100 g<br \/>\nEltarthat\u00f3s\u00e1g: 3 \u00e9v<\/p>\n<p>Haszn\u00e1lat el\u0151tt felt\u00e9tlen\u00fcl olvassa el a term\u00e9k c\u00edmk\u00e9j\u00e9t is!<\/p>\n<p>K\u00e1posztaf\u00e9l\u00e9kben (brokkoli, kelbimb\u00f3, karal\u00e1b\u00e9, karfiol) altern\u00e1ria, mikoszferella \u00e9s fehers\u00f6m\u00f6r ellen, a n\u00f6v\u00e9nyv\u00e9d\u0151 szert prevent\u00edven vagy a betegs\u00e9g els\u0151 t\u00fcneteinek megjelen\u00e9sekor kell kipermetezni. A kezel\u00e9seket a fert\u0151z\u00e9si er\u0151ss\u00e9gt\u0151l f\u00fcgg\u0151en 2-3 hetente kell megism\u00e9telni. Egy veget\u00e1ci\u00f3s id\u0151szak alatt maximum 2 alkalommal lehet kijuttatni. D\u00f3zis: 20 g\/10 l v\u00edz.<\/p>\n<p>Pasztin\u00e1kban, torm\u00e1ban, zellerben, s\u00e1rgar\u00e9p\u00e1ban \u00e9s petrezselyemben, lisztharmat, feh\u00e9rpen\u00e9sz \u00e9s altern\u00e1ria ellen, a permetez\u00e9seket prevent\u00edven vagy a betegs\u00e9g els\u0151 t\u00fcneteinek megjelen\u00e9sekor kell megkezdeni. A kezel\u00e9st a fert\u0151z\u00e9si er\u0151ss\u00e9gt\u0151l f\u00fcgg\u0151en 7-14 napos fordul\u00f3val meg kell ism\u00e9telni. A permetl\u00e9mennyis\u00e9get \u00fagy kell megv\u00e1lasztani, hogy a lombozat \u00e9s a term\u00e9s fedetts\u00e9ge megfelel\u0151 legyen. D\u00f3zis: 20 g\/10 l v\u00edz.<\/p>\n<p>H\u00f3napos retekben \u00e9s retekben (szabadf\u00f6ldi \u00e9s hajtatott) altern\u00e1ria ellen, a kezel\u00e9seket megel\u0151z\u0151 jelleggel kell megkezdeni, majd a fert\u0151z\u00e9s er\u0151ss\u00e9g\u00e9t\u0151l f\u00fcgg\u0151en 7-10 nap m\u00falva megism\u00e9telni. D\u00f3zis: 30 g\/10 l v\u00edz.<\/p>\n<p>Fejes sal\u00e1t\u00e1ban, end\u00edvi\u00e1ban, \u00e9s galambbegysal\u00e1t\u00e1ban sz\u00fcrkepen\u00e9sz, feh\u00e9rpen\u00e9sz \u00e9s rizokt\u00f3ni\u00e1s pal\u00e1ntad\u0151l\u00e9s ellen, illetve borsmust\u00e1rban (rukkola) sz\u00fcrkepen\u00e9sz ellen, a n\u00f6v\u00e9nyv\u00e9d\u0151 szert prevent\u00edven \u00fcltet\u00e9s ut\u00e1n 1-2 h\u00e9ttel kell kipermetezni. Alkalmaz\u00e1sa a meggy\u00f6keresed\u00e9s ut\u00e1n vagy fert\u0151z\u00e9svesz\u00e9ly, ill. n\u00f6v\u00e9nyv\u00e9delmi el\u0151rejelz\u00e9s alapj\u00e1n t\u00f6rt\u00e9njen. A fert\u0151z\u00e9si er\u0151ss\u00e9gt\u0151l f\u00fcgg\u0151en a kezel\u00e9seket 10-14 naponk\u00e9nt kell elv\u00e9gezni. K\u00e9tszer lehet kijuttatni, de legal\u00e1bb 14 napnak kell eltelni az utols\u00f3 kezel\u00e9s \u00e9s a betakar\u00edt\u00e1s k\u00f6z\u00f6tt. A permetl\u00e9mennyis\u00e9get \u00fagy kell megv\u00e1lasztani, hogy a lombozat \u00e9s a term\u00e9s fedetts\u00e9ge megfelel\u0151 legyen. D\u00f3zis: 30 g\/10 l v\u00edz.<\/p>\n<p>Sp\u00e1rg\u00e1ban (\u00faj telep\u00edt\u00e9sn\u00e9l \u00e9s be\u00e1llt \u00e1llom\u00e1ny kezel\u00e9s\u00e9re is) sz\u00fcrkepen\u00e9sz \u00e9s rozsda ellen, a k\u00e9sz\u00edtm\u00e9ny sz\u00fcrkepen\u00e9sz \u00e9s rozsda ellen, 30 g\/10 l v\u00edz d\u00f3zisban alkalmazhat\u00f3. A permetez\u00e9seket el\u0151rejelz\u00e9sre alapozva, fert\u0151z\u00e9svesz\u00e9ly eset\u00e9n kell elv\u00e9gezni.<\/p>\n<p>Szam\u00f3c\u00e1ban (szabadf\u00f6ldi \u00e9s hajtatott) a sz\u00fcrkepen\u00e9szes rothad\u00e1s elleni optim\u00e1lis v\u00e9dekez\u00e9s el\u00e9r\u00e9se \u00e9rdek\u00e9ben prevent\u00edven a vir\u00e1gz\u00e1s kezdet\u00e9t\u0151l &#8211; sorkezel\u00e9s form\u00e1j\u00e1ban &#8211; kell a n\u00f6v\u00e9nyv\u00e9d\u0151 szert kijuttatni (feh\u00e9r bimb\u00f3s \u00e1llapot). A gy\u00fcm\u00f6lcsrothad\u00e1s elleni alkalmaz\u00e1sa a vir\u00e1gzat megny\u00fal\u00e1s\u00e1t\u00f3l t\u00f6rt\u00e9njen fert\u0151z\u00e9svesz\u00e9ly, ill. n\u00f6v\u00e9nyv\u00e9delmi el\u0151rejelz\u00e9s eset\u00e9n. A lisztharmat \u00e9s az antrakn\u00f3zis (Colletotrichum acutatum) elleni v\u00e9dekez\u00e9shez a k\u00e9sz\u00edtm\u00e9nyt prevent\u00edven a betegs\u00e9g t\u00fcneteinek megjelen\u00e9se el\u0151tt kell kijuttatni. A mikoszferell\u00e1s- \u00e9s diplokarponos lev\u00e9lfoltoss\u00e1g elleni alkalmaz\u00e1sa a harmadik lev\u00e9l kiter\u00fcl\u00e9s\u00e9t\u0151l t\u00f6rt\u00e9nik fert\u0151z\u00e9svesz\u00e9ly eset\u00e9n, ill. n\u00f6v\u00e9nyv\u00e9delmi el\u0151rejelz\u00e9s alapj\u00e1n. A k\u00e9sz\u00edtm\u00e9ny egy teny\u00e9szid\u0151szak alatt maximum egy alkalommal juttathat\u00f3 ki. A sz\u00fcks\u00e9ges egy\u00e9b v\u00e9dekez\u00e9seket m\u00e1s hat\u00f3anyag csoportba tartoz\u00f3 k\u00e9sz\u00edtm\u00e9nnyel kell elv\u00e9gezni. A permetl\u00e9mennyis\u00e9get \u00fagy kell megv\u00e1lasztani, hogy a lombozat \u00e9s a term\u00e9s fedetts\u00e9ge megfelel\u0151 legyen. D\u00f3zis: 36 g\/10 l v\u00edz.<\/p>\n<p>M\u00e1ln\u00e1ban \u00e9s szederben a vessz\u0151pusztul\u00e1s (Didymella applanata) \u00e9s sz\u00fcrkepen\u00e9sz ellen, a k\u00e9sz\u00edtm\u00e9ny 20 g\/10 l v\u00edz d\u00f3zisban juttathat\u00f3 ki. A permetez\u00e9s fert\u0151z\u00e9svesz\u00e9ly, ill. n\u00f6v\u00e9nyv\u00e9delmi el\u0151rejelz\u00e9s alapj\u00e1n t\u00f6rt\u00e9njen.<\/p>\n<p>Bogy\u00f3sokban (piros-, fekete- \u00e9s feh\u00e9r ribiszke, k\u00f6szm\u00e9te, \u00e1fonya) a permetez\u00e9seket el\u0151rejelz\u00e9sre alapozva kell megkezdeni. Drepanopeziz\u00e1s lev\u00e9lfoltoss\u00e1g (a vir\u00e1gbimb\u00f3k elk\u00fcl\u00f6n\u00fcl\u00e9s\u00e9t\u0151l) \u00e9s sz\u00fcrkepen\u00e9sz (az els\u0151 vir\u00e1gok ny\u00edl\u00e1s\u00e1t\u00f3l) ellen a k\u00e9sz\u00edtm\u00e9ny kijuttat\u00e1sa 20 g\/10 l v\u00edz d\u00f3zisban fert\u0151z\u00e9svesz\u00e9ly, ill. n\u00f6v\u00e9nyv\u00e9delmi el\u0151rejelz\u00e9s alapj\u00e1n t\u00f6rt\u00e9njen. Betakar\u00edt\u00e1s el\u0151tti kezel\u00e9s: A sz\u00fcrkepen\u00e9sz elleni v\u00e9dekez\u00e9shez, a permetez\u00e9st prevent\u00edven a vir\u00e1gz\u00e1s kezdetekor kell elv\u00e9gezni, \u00e9s a fert\u0151z\u00e9s nyom\u00e1s\u00e1t\u00f3l f\u00fcgg\u0151en 7-14 nap m\u00falva megism\u00e9telni. A k\u00f6szm\u00e9te \u00e9s ribiszke amerikai lisztharmata \u00e9s lev\u00e9lfoltoss\u00e1ga ellen a k\u00e9sz\u00edtm\u00e9nyt prevent\u00edven a betegs\u00e9g megjelen\u00e9se el\u0151tt kell kipermetezni. A permetl\u00e9mennyis\u00e9get \u00fagy kell megv\u00e1lasztani, hogy a lombozat \u00e9s a term\u00e9s fedetts\u00e9ge megfelel\u0151 legyen. A k\u00e9sz\u00edtm\u00e9ny egy teny\u00e9szid\u0151szak alatt k\u00e9tszer permetezhet\u0151 ki. A tov\u00e1bbi kezel\u00e9seket m\u00e1s hat\u00f3anyag\u00fa gomba\u00f6l\u0151 szerrel v\u00e1ltakozva kell a n\u00f6v\u00e9nyv\u00e9delmi technol\u00f3gia r\u00e9szek\u00e9nt elv\u00e9gezni. Betakar\u00edt\u00e1s ut\u00e1ni kezel\u00e9s: A betakar\u00edt\u00e1s ut\u00e1n kijuttatott Signum megv\u00e9di a lombozatot a k\u00f6szm\u00e9te \u00e9s ribiszke amerikai lisztharmata \u00e9s lev\u00e9lfoltoss\u00e1ga ellen, ezzel megakad\u00e1lyozva az \u00e9r\u00e9s ut\u00e1ni lev\u00e9lhull\u00e1st \u00e9s a n\u00f6v\u00e9nyvigor cs\u00f6kken\u00e9s\u00e9t, ami kedvez\u0151tlen\u00fcl befoly\u00e1solhatja a r\u00fcgydifferenci\u00e1l\u00f3d\u00e1st. A n\u00f6v\u00e9nyv\u00e9d\u0151 szert a ribiszke szed\u00e9se ut\u00e1n, a lev\u00e9l \u00f6reged\u00e9se el\u0151tt kell kipermetezni.<\/p>\n<p>Csonth\u00e9jasokban (cseresznye, meggy, szilva, \u0151szibarack, s\u00e1rgabarack, nektarin) a k\u00e9sz\u00edtm\u00e9nyt a mon\u00edli\u00e1s vir\u00e1g- \u00e9s hajt\u00e1spusztul\u00e1s ellen, vir\u00e1gz\u00e1s kezdet\u00e9n \u00e9s f\u0151vir\u00e1gz\u00e1sban javasolt kijuttatni. Kijuttat\u00e1sa fakorona- magass\u00e1gra m\u00e9terenk\u00e9nt sz\u00e1molva 20g\/10 l v\u00edz. Az alkalmaz\u00e1s lehets\u00e9ges id\u0151pontjai: feh\u00e9r- \u00e9s pirosbimb\u00f3s \u00e1llapotban, teljes vir\u00e1gz\u00e1skor, illetve vir\u00e1gz\u00e1s v\u00e9g\u00e9n. Mon\u00edli\u00e1s gy\u00fcm\u00f6lcsrothad\u00e1s \u00e9s blumeriell\u00e1s lev\u00e9lfoltoss\u00e1g elleni alkalmaz\u00e1sa fert\u0151z\u00e9svesz\u00e9ly, ill. n\u00f6v\u00e9nyv\u00e9delmi el\u0151rejelz\u00e9s alapj\u00e1n t\u00f6rt\u00e9njen.<\/p>\n<p>D\u00edszn\u00f6v\u00e9nyekben (szabadf\u00f6ldi \u00e9s hajtatott) a k\u00e9sz\u00edtm\u00e9ny altern\u00e1ri\u00e1s betegs\u00e9gek, sz\u00fcrkepen\u00e9sz, feh\u00e9rpen\u00e9sz \u00e9s rizokt\u00f3ni\u00e1s pal\u00e1ntad\u0151l\u00e9s ellen alkalmazhat\u00f3, 50 cm-es n\u00f6v\u00e9nymagass\u00e1gig. A permetez\u00e9seket el\u0151rejelz\u00e9sre alapozva kell elv\u00e9gezni. D\u00f3zis: 36 g\/10 l v\u00edz.<\/p>\n<p>Hajtatott paprik\u00e1ban lisztharmat ellen az els\u0151 \u00e1llom\u00e1nykezel\u00e9s k\u0151zetgyapotos termeszt\u00e9s eset\u00e9ben a ki\u00fcltet\u00e9st k\u00f6vet\u0151 id\u0151szakban m\u00e1r sz\u00fcks\u00e9ges lehet, ezt k\u00f6vet\u0151en a k\u00f6vetkez\u0151 v\u00e9dekez\u00e9st a fert\u0151z\u00e9si nyom\u00e1st\u00f3l f\u00fcgg\u0151en 7-14 nap m\u00falva lehet elv\u00e9gezni. D\u00f3zis: 20 g\/10 l v\u00edz.<\/p>\n<p>Hagymaf\u00e9l\u00e9kben (v\u00f6r\u00f6shagyma, fokhagyma, mogyor\u00f3hagyma) altern\u00e1ri\u00e1s lev\u00e9lfoltoss\u00e1g \u00e9s f\u00f3m\u00e1s rothad\u00e1s ellen a permetez\u00e9seket megel\u0151z\u0151 jelleggel, de legk\u00e9s\u0151bb az els\u0151 t\u00fcnetek megjelen\u00e9sekor c\u00e9lszer\u0171 megkezdeni, majd a fert\u0151z\u00e9s er\u0151ss\u00e9g\u00e9t\u0151l f\u00fcgg\u0151en 7-14 nap eltelt\u00e9vel megism\u00e9telni. D\u00f3zis: 20 g\/10 l v\u00edz.<\/p>\n<\/div>\n<\/div>\n<p align=\"justify\"><a href=\"https:\/\/www.facebook.com\/tajkertesz\">https:\/\/www.facebook.com\/tajkertesz<\/a><\/p>\n<p align=\"justify\"><a href=\"http:\/\/www.tajkertesz.hu\">http:\/\/www.tajkertesz.hu<\/a><\/p>\n<p align=\"justify\"><a href=\"https:\/\/tajkertesz.com\/wp-content\/uploads\/2021\/12\/SIGNUM.pdf\">SIGNUM<\/a><\/p>\n<h3 align=\"justify\">Kiz\u00e1r\u00f3lag szem\u00e9lyes \u00e1tv\u00e9tellel lehets\u00e9ges a term\u00e9k megv\u00e1s\u00e1rl\u00e1sa!<\/h3>\n<p align=\"justify\"><span style=\"color: #ffffff;\">A k\u00e9sz\u00edtm\u00e9nyt a gyep ny\u00edr\u00e1s\u00e1t k\u00f6vet\u0151en, a k\u00e9tszik\u0171 gyomn\u00f6v\u00e9nyek n\u00f6veked\u00e9s\u00e9nek \u00fajb\u00f3li megindul\u00e1sa ut\u00e1n kell kijuttatni 10 l\/ha (100 ml \/ 100 m2) d\u00f3zisban. A kijuttat\u00e1shoz sz\u00fcks\u00e9ges v\u00edzmennyis\u00e9g 10 l \/ 100 m2. A kezel\u00e9sn\u00e9l \u00fcgyelni kell arra, hogy a permetl\u00e9 kult\u00farn\u00f6v\u00e9nyekre ne ker\u00fclj\u00f6n, mert azokat maradand\u00f3an k\u00e1ros\u00edtja.<\/span><\/p>\n<p align=\"justify\"><span style=\"color: #ffffff;\">A k\u00e9sz\u00edtm\u00e9ny alkalmazhat\u00f3 foltkezel\u00e9s \u00e9s teljes fel\u00fcletkezel\u00e9s form\u00e1j\u00e1ban. Egy veget\u00e1ci\u00f3s szakaszban maximum k\u00e9t kezel\u00e9s v\u00e9gezhet\u0151.<\/span><\/p>\n<div align=\"justify\"><\/div>","protected":false},"excerpt":{"rendered":"<p class=\"product-detail-name\" style=\"text-align: center;\">Signum WG 10 g<\/p>\n<div class=\"product-detail-title-after\">\n<div class=\"product-detail-manufacturer-wrap\"><\/div>\n<\/div>\n<div class=\"product-detail-title-after\">\n<div class=\"product-detail-manufacturer-wrap\"><\/div>\n<\/div>","protected":false},"featured_media":12091,"template":"","meta":{"_et_pb_use_builder":"","_et_pb_old_content":"","_et_gb_content_width":""},"product_brand":[],"product_cat":[3421],"product_tag":[3559],"class_list":{"0":"post-12090","1":"product","2":"type-product","3":"status-publish","4":"has-post-thumbnail","6":"product_cat-gombaolo-szer","7":"product_tag-signum-wg-10-g","9":"first","10":"instock","11":"shipping-taxable","12":"purchasable","13":"product-type-simple"},"yoast_head":"<!-- This site is optimized with the Yoast SEO plugin v27.3 - https:\/\/yoast.com\/product\/yoast-seo-wordpress\/ -->\n<title>Signum WG 10 g - T\u00e1jkert\u00e9sz<\/title>\n<meta name=\"description\" content=\"Signum WG 10 g\" \/>\n<meta name=\"robots\" content=\"index, follow, max-snippet:-1, max-image-preview:large, max-video-preview:-1\" \/>\n<link rel=\"canonical\" href=\"https:\/\/tajkertesz.com\/en_US\/product\/signum-wg-10-g\/\" \/>\n<meta property=\"og:locale\" content=\"en_US\" \/>\n<meta property=\"og:type\" content=\"article\" \/>\n<meta property=\"og:title\" content=\"Signum WG 10 g - T\u00e1jkert\u00e9sz\" \/>\n<meta property=\"og:description\" content=\"Signum WG 10 g\" \/>\n<meta property=\"og:url\" content=\"https:\/\/tajkertesz.com\/en_US\/product\/signum-wg-10-g\/\" \/>\n<meta property=\"og:site_name\" content=\"T\u00e1jkert\u00e9sz\" \/>\n<meta property=\"article:publisher\" content=\"https:\/\/www.facebook.com\/Tajkertesz\/\" \/>\n<meta property=\"article:modified_time\" content=\"2026-02-18T15:35:31+00:00\" \/>\n<meta property=\"og:image\" content=\"https:\/\/tajkertesz.com\/wp-content\/uploads\/2021\/12\/Signum10g.jpg\" \/>\n\t<meta property=\"og:image:width\" content=\"1435\" \/>\n\t<meta property=\"og:image:height\" content=\"1920\" \/>\n\t<meta property=\"og:image:type\" content=\"image\/jpeg\" \/>\n<meta name=\"twitter:card\" content=\"summary_large_image\" \/>\n<meta name=\"twitter:label1\" content=\"Est. reading time\" \/>\n\t<meta name=\"twitter:data1\" content=\"5 minutes\" \/>\n<script type=\"application\/ld+json\" class=\"yoast-schema-graph\">{\"@context\":\"https:\\\/\\\/schema.org\",\"@graph\":[{\"@type\":\"WebPage\",\"@id\":\"https:\\\/\\\/tajkertesz.com\\\/termek\\\/signum-wg-10-g\\\/\",\"url\":\"https:\\\/\\\/tajkertesz.com\\\/termek\\\/signum-wg-10-g\\\/\",\"name\":\"Signum WG 10 g - T\u00e1jkert\u00e9sz\",\"isPartOf\":{\"@id\":\"https:\\\/\\\/tajkertesz.com\\\/#website\"},\"primaryImageOfPage\":{\"@id\":\"https:\\\/\\\/tajkertesz.com\\\/termek\\\/signum-wg-10-g\\\/#primaryimage\"},\"image\":{\"@id\":\"https:\\\/\\\/tajkertesz.com\\\/termek\\\/signum-wg-10-g\\\/#primaryimage\"},\"thumbnailUrl\":\"https:\\\/\\\/tajkertesz.com\\\/wp-content\\\/uploads\\\/2021\\\/12\\\/Signum10g.jpg\",\"datePublished\":\"2021-12-15T10:40:49+00:00\",\"dateModified\":\"2026-02-18T15:35:31+00:00\",\"description\":\"Signum WG 10 g\",\"breadcrumb\":{\"@id\":\"https:\\\/\\\/tajkertesz.com\\\/termek\\\/signum-wg-10-g\\\/#breadcrumb\"},\"inLanguage\":\"en-US\",\"potentialAction\":[{\"@type\":\"ReadAction\",\"target\":[\"https:\\\/\\\/tajkertesz.com\\\/termek\\\/signum-wg-10-g\\\/\"]}]},{\"@type\":\"ImageObject\",\"inLanguage\":\"en-US\",\"@id\":\"https:\\\/\\\/tajkertesz.com\\\/termek\\\/signum-wg-10-g\\\/#primaryimage\",\"url\":\"https:\\\/\\\/tajkertesz.com\\\/wp-content\\\/uploads\\\/2021\\\/12\\\/Signum10g.jpg\",\"contentUrl\":\"https:\\\/\\\/tajkertesz.com\\\/wp-content\\\/uploads\\\/2021\\\/12\\\/Signum10g.jpg\",\"width\":1435,\"height\":1920},{\"@type\":\"BreadcrumbList\",\"@id\":\"https:\\\/\\\/tajkertesz.com\\\/termek\\\/signum-wg-10-g\\\/#breadcrumb\",\"itemListElement\":[{\"@type\":\"ListItem\",\"position\":1,\"name\":\"Home\",\"item\":\"https:\\\/\\\/tajkertesz.com\\\/\"},{\"@type\":\"ListItem\",\"position\":2,\"name\":\"Kezd\u0151lap\",\"item\":\"https:\\\/\\\/tajkertesz.com\\\/\"},{\"@type\":\"ListItem\",\"position\":3,\"name\":\"Signum WG 10 g\"}]},{\"@type\":\"WebSite\",\"@id\":\"https:\\\/\\\/tajkertesz.com\\\/#website\",\"url\":\"https:\\\/\\\/tajkertesz.com\\\/\",\"name\":\"T\u00e1j-Kert\u00e9sz 84 Kft.\",\"description\":\"Kert\u00e9szeti kis- \u00e9s nagykeresked\u00e9s, D\u00edszn\u00f6v\u00e9ny web\u00e1ruh\u00e1z orsz\u00e1gos h\u00e1zhozsz\u00e1ll\u00edt\u00e1ssal!\",\"publisher\":{\"@id\":\"https:\\\/\\\/tajkertesz.com\\\/#organization\"},\"potentialAction\":[{\"@type\":\"SearchAction\",\"target\":{\"@type\":\"EntryPoint\",\"urlTemplate\":\"https:\\\/\\\/tajkertesz.com\\\/?s={search_term_string}\"},\"query-input\":{\"@type\":\"PropertyValueSpecification\",\"valueRequired\":true,\"valueName\":\"search_term_string\"}}],\"inLanguage\":\"en-US\"},{\"@type\":\"Organization\",\"@id\":\"https:\\\/\\\/tajkertesz.com\\\/#organization\",\"name\":\"T\u00e1j-Kert\u00e9sz 84 Kft.\",\"url\":\"https:\\\/\\\/tajkertesz.com\\\/\",\"logo\":{\"@type\":\"ImageObject\",\"inLanguage\":\"en-US\",\"@id\":\"https:\\\/\\\/tajkertesz.com\\\/#\\\/schema\\\/logo\\\/image\\\/\",\"url\":\"https:\\\/\\\/tajkertesz.com\\\/wp-content\\\/uploads\\\/2018\\\/02\\\/logo-2-e1518678052539.png\",\"contentUrl\":\"https:\\\/\\\/tajkertesz.com\\\/wp-content\\\/uploads\\\/2018\\\/02\\\/logo-2-e1518678052539.png\",\"width\":81,\"height\":140,\"caption\":\"T\u00e1j-Kert\u00e9sz 84 Kft.\"},\"image\":{\"@id\":\"https:\\\/\\\/tajkertesz.com\\\/#\\\/schema\\\/logo\\\/image\\\/\"},\"sameAs\":[\"https:\\\/\\\/www.facebook.com\\\/Tajkertesz\\\/\"]}]}<\/script>\n<!-- \/ Yoast SEO plugin. -->","yoast_head_json":{"title":"Signum WG 10 g - T\u00e1jkert\u00e9sz","description":"Signum WG 10 g","robots":{"index":"index","follow":"follow","max-snippet":"max-snippet:-1","max-image-preview":"max-image-preview:large","max-video-preview":"max-video-preview:-1"},"canonical":"https:\/\/tajkertesz.com\/en_US\/product\/signum-wg-10-g\/","og_locale":"en_US","og_type":"article","og_title":"Signum WG 10 g - T\u00e1jkert\u00e9sz","og_description":"Signum WG 10 g","og_url":"https:\/\/tajkertesz.com\/en_US\/product\/signum-wg-10-g\/","og_site_name":"T\u00e1jkert\u00e9sz","article_publisher":"https:\/\/www.facebook.com\/Tajkertesz\/","article_modified_time":"2026-02-18T15:35:31+00:00","og_image":[{"width":1435,"height":1920,"url":"https:\/\/tajkertesz.com\/wp-content\/uploads\/2021\/12\/Signum10g.jpg","type":"image\/jpeg"}],"twitter_card":"summary_large_image","twitter_misc":{"Est. reading time":"5 minutes"},"schema":{"@context":"https:\/\/schema.org","@graph":[{"@type":"WebPage","@id":"https:\/\/tajkertesz.com\/termek\/signum-wg-10-g\/","url":"https:\/\/tajkertesz.com\/termek\/signum-wg-10-g\/","name":"Signum WG 10 g - T\u00e1jkert\u00e9sz","isPartOf":{"@id":"https:\/\/tajkertesz.com\/#website"},"primaryImageOfPage":{"@id":"https:\/\/tajkertesz.com\/termek\/signum-wg-10-g\/#primaryimage"},"image":{"@id":"https:\/\/tajkertesz.com\/termek\/signum-wg-10-g\/#primaryimage"},"thumbnailUrl":"https:\/\/tajkertesz.com\/wp-content\/uploads\/2021\/12\/Signum10g.jpg","datePublished":"2021-12-15T10:40:49+00:00","dateModified":"2026-02-18T15:35:31+00:00","description":"Signum WG 10 g","breadcrumb":{"@id":"https:\/\/tajkertesz.com\/termek\/signum-wg-10-g\/#breadcrumb"},"inLanguage":"en-US","potentialAction":[{"@type":"ReadAction","target":["https:\/\/tajkertesz.com\/termek\/signum-wg-10-g\/"]}]},{"@type":"ImageObject","inLanguage":"en-US","@id":"https:\/\/tajkertesz.com\/termek\/signum-wg-10-g\/#primaryimage","url":"https:\/\/tajkertesz.com\/wp-content\/uploads\/2021\/12\/Signum10g.jpg","contentUrl":"https:\/\/tajkertesz.com\/wp-content\/uploads\/2021\/12\/Signum10g.jpg","width":1435,"height":1920},{"@type":"BreadcrumbList","@id":"https:\/\/tajkertesz.com\/termek\/signum-wg-10-g\/#breadcrumb","itemListElement":[{"@type":"ListItem","position":1,"name":"Home","item":"https:\/\/tajkertesz.com\/"},{"@type":"ListItem","position":2,"name":"Kezd\u0151lap","item":"https:\/\/tajkertesz.com\/"},{"@type":"ListItem","position":3,"name":"Signum WG 10 g"}]},{"@type":"WebSite","@id":"https:\/\/tajkertesz.com\/#website","url":"https:\/\/tajkertesz.com\/","name":"T\u00e1j-Kert\u00e9sz 84 Kft.","description":"Kert\u00e9szeti kis- \u00e9s nagykeresked\u00e9s, D\u00edszn\u00f6v\u00e9ny web\u00e1ruh\u00e1z orsz\u00e1gos h\u00e1zhozsz\u00e1ll\u00edt\u00e1ssal!","publisher":{"@id":"https:\/\/tajkertesz.com\/#organization"},"potentialAction":[{"@type":"SearchAction","target":{"@type":"EntryPoint","urlTemplate":"https:\/\/tajkertesz.com\/?s={search_term_string}"},"query-input":{"@type":"PropertyValueSpecification","valueRequired":true,"valueName":"search_term_string"}}],"inLanguage":"en-US"},{"@type":"Organization","@id":"https:\/\/tajkertesz.com\/#organization","name":"T\u00e1j-Kert\u00e9sz 84 Kft.","url":"https:\/\/tajkertesz.com\/","logo":{"@type":"ImageObject","inLanguage":"en-US","@id":"https:\/\/tajkertesz.com\/#\/schema\/logo\/image\/","url":"https:\/\/tajkertesz.com\/wp-content\/uploads\/2018\/02\/logo-2-e1518678052539.png","contentUrl":"https:\/\/tajkertesz.com\/wp-content\/uploads\/2018\/02\/logo-2-e1518678052539.png","width":81,"height":140,"caption":"T\u00e1j-Kert\u00e9sz 84 Kft."},"image":{"@id":"https:\/\/tajkertesz.com\/#\/schema\/logo\/image\/"},"sameAs":["https:\/\/www.facebook.com\/Tajkertesz\/"]}]}},"_links":{"self":[{"href":"https:\/\/tajkertesz.com\/en_US\/wp-json\/wp\/v2\/product\/12090","targetHints":{"allow":["GET"]}}],"collection":[{"href":"https:\/\/tajkertesz.com\/en_US\/wp-json\/wp\/v2\/product"}],"about":[{"href":"https:\/\/tajkertesz.com\/en_US\/wp-json\/wp\/v2\/types\/product"}],"wp:featuredmedia":[{"embeddable":true,"href":"https:\/\/tajkertesz.com\/en_US\/wp-json\/wp\/v2\/media\/12091"}],"wp:attachment":[{"href":"https:\/\/tajkertesz.com\/en_US\/wp-json\/wp\/v2\/media?parent=12090"}],"wp:term":[{"taxonomy":"product_brand","embeddable":true,"href":"https:\/\/tajkertesz.com\/en_US\/wp-json\/wp\/v2\/product_brand?post=12090"},{"taxonomy":"product_cat","embeddable":true,"href":"https:\/\/tajkertesz.com\/en_US\/wp-json\/wp\/v2\/product_cat?post=12090"},{"taxonomy":"product_tag","embeddable":true,"href":"https:\/\/tajkertesz.com\/en_US\/wp-json\/wp\/v2\/product_tag?post=12090"}],"curies":[{"name":"wp","href":"https:\/\/api.w.org\/{rel}","templated":true}]}}