{"id":12096,"date":"2021-12-17T08:03:52","date_gmt":"2021-12-17T08:03:52","guid":{"rendered":"https:\/\/tajkertesz.com\/?post_type=product&#038;p=12096"},"modified":"2026-02-18T15:35:47","modified_gmt":"2026-02-18T15:35:47","slug":"atonik-1x5-ml-amp","status":"publish","type":"product","link":"https:\/\/tajkertesz.com\/en_US\/product\/atonik-1x5-ml-amp\/","title":{"rendered":"Atonik 1&#215;5 ml amp."},"content":{"rendered":"<h1 class=\"product-detail-name\">Atonik 1&#215;5 ml amp.<\/h1>\n<p class=\"product-detail-name\">Atonik 1&#215;5 ml amp.<\/p>\n<div class=\"product-detail-title-after\">\n<div class=\"product-detail-manufacturer-wrap\">\n<p>A kijuttat\u00e1shoz a szabadf\u00f6ldi permetez\u00e9shez szok\u00e1sos v\u00edzmennyis\u00e9g (300-500 l\/ha) sz\u00fcks\u00e9ges.<br \/>\nPaprik\u00e1ban, paradicsomban 0,5 l\/ha mennyis\u00e9gben, a bimb\u00f3z\u00e1st megel\u0151z\u0151 id\u0151szak \u00e9s a bogy\u00f3k\u00e9pz\u0151d\u00e9s kezdeti id\u0151szaka k\u00f6z\u00f6tt 2-3 alkalommal.<br \/>\nG\u00f6r\u00f6gdinny\u00e9ben 0,5-1,0 l\/ha mennyis\u00e9gben, a vir\u00e1gz\u00e1s kezdet\u00e9t\u0151l kisbogy\u00f3s \u00e1llapotig 1-3 hetes intervallumban, 2-3 alkalommal.<br \/>\nS\u00e1rgadinny\u00e9ben 0,5-1,0 l\/ha mennyis\u00e9gben, a vir\u00e1gz\u00e1s kezdet\u00e9t\u0151l kisbogy\u00f3s \u00e1llapotig 2 alkalommal.<br \/>\nUbork\u00e1ban 0,5-1,0 l\/ha mennyis\u00e9gben, a vir\u00e1gz\u00e1s kezdet\u00e9t\u0151l 1-3 hetes intervallumokban, 2-3 alkalommal.<br \/>\nSz\u0151l\u0151ben 0,5-1,0 l\/ha mennyis\u00e9gben a f\u00fcrtmegny\u00fal\u00e1s \u00e9s f\u00fcrtelhajl\u00e1s fenof\u00e1zisa k\u00f6z\u00f6tt 1-2 alkalommal.<br \/>\nKukoric\u00e1ban (csemege, \u00e1ru, vet\u0151mag) 0,75 l\/ha mennyis\u00e9gben a n\u0151vir\u00e1gz\u00e1s elej\u00e9n (bibesz\u00e1lak megjelen\u00e9se). A kor\u00e1bbi (5-10 leveles \u00e1llapotbeli) kijuttat\u00e1s kisebb hat\u00e9konys\u00e1got eredm\u00e9nyez.<br \/>\nCukorr\u00e9p\u00e1ban egyszeri kezel\u00e9ssel a gy\u00f6k\u00e9rn\u00f6veked\u00e9s els\u0151 szakasz\u00e1ban a soz\u00e1r\u00f3d\u00e1s ut\u00e1n (DC 39-41, j\u00falius elej\u00e9n \u2013 k\u00f6zep\u00e9n), 1,0 l6ha mennyis\u00e9gben, (augusztusban az egyszeri kezel\u00e9s nem javasolt). K\u00e9tszeri kijuttat\u00e1s form\u00e1j\u00e1ban a gy\u00f6k\u00e9rn\u00f6veked\u00e9s els\u0151 szakasz\u00e1ban a sorz\u00e1r\u00f3d\u00e1s ut\u00e1n (DC 39-41, j\u00falius elej\u00e9n-k\u00f6zep\u00e9n), majd ezt k\u00f6vet\u0151en 2-3 h\u00e9ttel 0,5-1,0 l\/ha mennyis\u00e9gben.<br \/>\nMeggyf\u00e1k k\u00f6t\u0151d\u00e9s\u00e9nek \u00e9s term\u00e9s\u00e9nek n\u00f6vel\u00e9s\u00e9re, esetenk\u00e9nt a min\u0151s\u00e9g (h\u00fas\/mag ar\u00e1ny, refrakci\u00f3) jav\u00edt\u00e1s\u00e1ra, 0,5-1,0 l\/ha mennyis\u00e9gben, a vir\u00e1gz\u00e1s kezdete \u00e9s vir\u00e1gz\u00e1s v\u00e9ge k\u00f6z\u00f6tt k\u00e9t alkalommal kijuttatva (gomba\u00f6l\u0151 szerrel t\u00f6rt\u00e9n\u0151 egy\u00fcttes kijuttat\u00e1s eset\u00e9n az alacsonyabb d\u00f3zis aj\u00e1nlott). A k\u00e9sz\u00edtm\u00e9ny meggy kult\u00far\u00e1ban mon\u00edlia elleni mell\u00e9khat\u00e1ssal rendelkezik.<br \/>\n\u0150szi repc\u00e9ben a term\u00e9s n\u00f6vel\u00e9s\u00e9re 0,5-1,0 l\/ha mennyis\u00e9gben, a sz\u00e1rbaindul\u00e1s eleje \u00e9s vir\u00e1gz\u00e1s kezdete k\u00f6z\u00f6tt egy vagy k\u00e9t alkalommal kijuttatva (kezel\u00e9seket a rovar\u00f6l\u0151 szeres v\u00e9dekez\u00e9sekkel egy menetben is el lehet v\u00e9gezni).<br \/>\nNapraforg\u00f3ban 8-12 leveles \u00e1llapotban majd csillagbimb\u00f3s \u00e1llapot-vir\u00e1gzat elhajl\u00e1s id\u0151szak\u00e1ban 0,5-1,0 l\/ha mennyis\u00e9gben (sz\u00e1nt\u00f3f\u00f6ldi permetez\u00e9sn\u00e9l 300-600, l\u00e9gi kijuttat\u00e1sn\u00e1l 60-80 l\/ha l\u00e9 mennyis\u00e9ggel kijuttatva).<br \/>\nDoh\u00e1ny pal\u00e1ntanevel\u00e9sben \u00e9s szabadf\u00f6ldi termeszt\u00e9sben<br \/>\n&#8211; v\u00edzkult\u00far\u00e1s pal\u00e1ntanevel\u00e9sben 1 ml\/100 liter t\u00f6m\u00e9nys\u00e9gben a t\u00e1poldatba adagolva,<br \/>\n&#8211; szil\u00e1rd t\u00e1pk\u00f6zeges pal\u00e1ntanevel\u00e9si technol\u00f3gi\u00e1ban a pal\u00e1nt\u00e1k egyszeri vagy k\u00e9tszeri kezel\u00e9s\u00e9re a v\u00e1rhat\u00f3 ki\u00fcltet\u00e9s el\u0151tt 2 h\u00e9ttel illetve 2-4 nappal, 0,5-1,0 l\/ha mennyis\u00e9gben- szabadf\u00f6ldi termeszt\u00e9sben a ki\u00fcltet\u00e9s ut\u00e1n 3 h\u00e9ttel, majd ezt k\u00f6vet\u0151en 3 h\u00e9ttel, 0,5-1,0 l\/ha mennyis\u00e9gben, 500 l\/ha l\u00e9mennyis\u00e9ggel kijuttatva.<\/p>\n<\/div>\n<\/div>\n<p align=\"justify\"><a href=\"https:\/\/www.facebook.com\/tajkertesz\">https:\/\/www.facebook.com\/tajkertesz<\/a><\/p>\n<p align=\"justify\"><a href=\"http:\/\/www.tajkertesz.hu\">http:\/\/www.tajkertesz.hu<\/a><\/p>\n<p align=\"justify\"><a href=\"https:\/\/tajkertesz.com\/wp-content\/uploads\/2021\/12\/Atonik.doc\">Atonik<\/a><\/p>\n<h3 align=\"justify\">Kiz\u00e1r\u00f3lag szem\u00e9lyes \u00e1tv\u00e9tellel lehets\u00e9ges a term\u00e9k megv\u00e1s\u00e1rl\u00e1sa!<\/h3>\n<p align=\"justify\"><span style=\"color: #ffffff;\">A k\u00e9sz\u00edtm\u00e9nyt a gyep ny\u00edr\u00e1s\u00e1t k\u00f6vet\u0151en, a k\u00e9tszik\u0171 gyomn\u00f6v\u00e9nyek n\u00f6veked\u00e9s\u00e9nek \u00fajb\u00f3li megindul\u00e1sa ut\u00e1n kell kijuttatni 10 l\/ha (100 ml \/ 100 m2) d\u00f3zisban. A kijuttat\u00e1shoz sz\u00fcks\u00e9ges v\u00edzmennyis\u00e9g 10 l \/ 100 m2. A kezel\u00e9sn\u00e9l \u00fcgyelni kell arra, hogy a permetl\u00e9 kult\u00farn\u00f6v\u00e9nyekre ne ker\u00fclj\u00f6n, mert azokat maradand\u00f3an k\u00e1ros\u00edtja.<\/span><\/p>\n<p align=\"justify\"><span style=\"color: #ffffff;\">A k\u00e9sz\u00edtm\u00e9ny alkalmazhat\u00f3 foltkezel\u00e9s \u00e9s teljes fel\u00fcletkezel\u00e9s form\u00e1j\u00e1ban. Egy veget\u00e1ci\u00f3s szakaszban maximum k\u00e9t kezel\u00e9s v\u00e9gezhet\u0151.<\/span><\/p>\n<div align=\"justify\"><\/div>","protected":false},"excerpt":{"rendered":"<p class=\"product-detail-name\" style=\"text-align: center;\">Atonik 1&#215;5 ml amp.<\/p>\n<p>Az Atonik hat\u00f3anyagai egyed\u00fcl\u00e1ll\u00f3 m\u00f3don seg\u00edtik a n\u00f6v\u00e9nyt a k\u00f6rnyezet k\u00e1ros hat\u00e1saira val\u00f3 gyors reag\u00e1l\u00e1sban, valamint a k\u00e1rtev\u0151k \u00e9s k\u00f3rokoz\u00f3k \u00e1ltal okozott stressz kiv\u00e9d\u00e9s\u00e9ben. Serkenti a n\u00f6v\u00e9ny t\u00e1panyagfelv\u00e9tel\u00e9t, felfokozza az \u00e9letfolyamatok intenzit\u00e1s\u00e1t, el\u0151seg\u00edtve a t\u00f6bb \u00e9s jobb min\u0151s\u00e9g\u0171 term\u00e9s el\u00e9r\u00e9s\u00e9t. K\u00f6zvetlen hat\u00e1ssal van a term\u00e9sk\u00f6t\u0151d\u00e9sre, fokozza a stresszhelyzetek okozta vir\u00e1g- \u00e9s term\u00e9selr\u00fag\u00e1s m\u00e9rs\u00e9kl\u00e9s\u00e9re, emellett serkenti a sejtnedv \u00e1raml\u00e1st.<\/p>\n<div class=\"product-detail-title-after\">\n<div class=\"product-detail-manufacturer-wrap\"><\/div>\n<\/div>\n<div class=\"product-detail-title-after\">\n<div class=\"product-detail-manufacturer-wrap\"><\/div>\n<\/div>","protected":false},"featured_media":12095,"template":"","meta":{"_et_pb_use_builder":"","_et_pb_old_content":"","_et_gb_content_width":""},"product_brand":[],"product_cat":[3560],"product_tag":[3561],"class_list":{"0":"post-12096","1":"product","2":"type-product","3":"status-publish","4":"has-post-thumbnail","6":"product_cat-novekedesszabalyzo","7":"product_tag-atonik-1x5-ml-amp","9":"first","10":"instock","11":"shipping-taxable","12":"purchasable","13":"product-type-simple"},"yoast_head":"<!-- This site is optimized with the Yoast SEO plugin v27.3 - https:\/\/yoast.com\/product\/yoast-seo-wordpress\/ -->\n<title>Atonik 1x5 ml amp. - T\u00e1jkert\u00e9sz<\/title>\n<meta name=\"description\" content=\"Atonik 1x5 ml amp.\" \/>\n<meta name=\"robots\" content=\"index, follow, max-snippet:-1, max-image-preview:large, max-video-preview:-1\" \/>\n<link rel=\"canonical\" href=\"https:\/\/tajkertesz.com\/en_US\/product\/atonik-1x5-ml-amp\/\" \/>\n<meta property=\"og:locale\" content=\"en_US\" \/>\n<meta property=\"og:type\" content=\"article\" \/>\n<meta property=\"og:title\" content=\"Atonik 1x5 ml amp. - T\u00e1jkert\u00e9sz\" \/>\n<meta property=\"og:description\" content=\"Atonik 1x5 ml amp.\" \/>\n<meta property=\"og:url\" content=\"https:\/\/tajkertesz.com\/en_US\/product\/atonik-1x5-ml-amp\/\" \/>\n<meta property=\"og:site_name\" content=\"T\u00e1jkert\u00e9sz\" \/>\n<meta property=\"article:publisher\" content=\"https:\/\/www.facebook.com\/Tajkertesz\/\" \/>\n<meta property=\"article:modified_time\" content=\"2026-02-18T15:35:47+00:00\" \/>\n<meta property=\"og:image\" content=\"https:\/\/tajkertesz.com\/wp-content\/uploads\/2021\/12\/Atonik1x5mlamp.jpg\" \/>\n\t<meta property=\"og:image:width\" content=\"1387\" \/>\n\t<meta property=\"og:image:height\" content=\"1920\" \/>\n\t<meta property=\"og:image:type\" content=\"image\/jpeg\" \/>\n<meta name=\"twitter:card\" content=\"summary_large_image\" \/>\n<meta name=\"twitter:label1\" content=\"Est. reading time\" \/>\n\t<meta name=\"twitter:data1\" content=\"3 minutes\" \/>\n<script type=\"application\/ld+json\" class=\"yoast-schema-graph\">{\"@context\":\"https:\\\/\\\/schema.org\",\"@graph\":[{\"@type\":\"WebPage\",\"@id\":\"https:\\\/\\\/tajkertesz.com\\\/termek\\\/atonik-1x5-ml-amp\\\/\",\"url\":\"https:\\\/\\\/tajkertesz.com\\\/termek\\\/atonik-1x5-ml-amp\\\/\",\"name\":\"Atonik 1x5 ml amp. - T\u00e1jkert\u00e9sz\",\"isPartOf\":{\"@id\":\"https:\\\/\\\/tajkertesz.com\\\/#website\"},\"primaryImageOfPage\":{\"@id\":\"https:\\\/\\\/tajkertesz.com\\\/termek\\\/atonik-1x5-ml-amp\\\/#primaryimage\"},\"image\":{\"@id\":\"https:\\\/\\\/tajkertesz.com\\\/termek\\\/atonik-1x5-ml-amp\\\/#primaryimage\"},\"thumbnailUrl\":\"https:\\\/\\\/tajkertesz.com\\\/wp-content\\\/uploads\\\/2021\\\/12\\\/Atonik1x5mlamp.jpg\",\"datePublished\":\"2021-12-17T08:03:52+00:00\",\"dateModified\":\"2026-02-18T15:35:47+00:00\",\"description\":\"Atonik 1x5 ml amp.\",\"breadcrumb\":{\"@id\":\"https:\\\/\\\/tajkertesz.com\\\/termek\\\/atonik-1x5-ml-amp\\\/#breadcrumb\"},\"inLanguage\":\"en-US\",\"potentialAction\":[{\"@type\":\"ReadAction\",\"target\":[\"https:\\\/\\\/tajkertesz.com\\\/termek\\\/atonik-1x5-ml-amp\\\/\"]}]},{\"@type\":\"ImageObject\",\"inLanguage\":\"en-US\",\"@id\":\"https:\\\/\\\/tajkertesz.com\\\/termek\\\/atonik-1x5-ml-amp\\\/#primaryimage\",\"url\":\"https:\\\/\\\/tajkertesz.com\\\/wp-content\\\/uploads\\\/2021\\\/12\\\/Atonik1x5mlamp.jpg\",\"contentUrl\":\"https:\\\/\\\/tajkertesz.com\\\/wp-content\\\/uploads\\\/2021\\\/12\\\/Atonik1x5mlamp.jpg\",\"width\":1387,\"height\":1920},{\"@type\":\"BreadcrumbList\",\"@id\":\"https:\\\/\\\/tajkertesz.com\\\/termek\\\/atonik-1x5-ml-amp\\\/#breadcrumb\",\"itemListElement\":[{\"@type\":\"ListItem\",\"position\":1,\"name\":\"Home\",\"item\":\"https:\\\/\\\/tajkertesz.com\\\/\"},{\"@type\":\"ListItem\",\"position\":2,\"name\":\"Kezd\u0151lap\",\"item\":\"https:\\\/\\\/tajkertesz.com\\\/\"},{\"@type\":\"ListItem\",\"position\":3,\"name\":\"Atonik 1&#215;5 ml amp.\"}]},{\"@type\":\"WebSite\",\"@id\":\"https:\\\/\\\/tajkertesz.com\\\/#website\",\"url\":\"https:\\\/\\\/tajkertesz.com\\\/\",\"name\":\"T\u00e1j-Kert\u00e9sz 84 Kft.\",\"description\":\"Kert\u00e9szeti kis- \u00e9s nagykeresked\u00e9s, D\u00edszn\u00f6v\u00e9ny web\u00e1ruh\u00e1z orsz\u00e1gos h\u00e1zhozsz\u00e1ll\u00edt\u00e1ssal!\",\"publisher\":{\"@id\":\"https:\\\/\\\/tajkertesz.com\\\/#organization\"},\"potentialAction\":[{\"@type\":\"SearchAction\",\"target\":{\"@type\":\"EntryPoint\",\"urlTemplate\":\"https:\\\/\\\/tajkertesz.com\\\/?s={search_term_string}\"},\"query-input\":{\"@type\":\"PropertyValueSpecification\",\"valueRequired\":true,\"valueName\":\"search_term_string\"}}],\"inLanguage\":\"en-US\"},{\"@type\":\"Organization\",\"@id\":\"https:\\\/\\\/tajkertesz.com\\\/#organization\",\"name\":\"T\u00e1j-Kert\u00e9sz 84 Kft.\",\"url\":\"https:\\\/\\\/tajkertesz.com\\\/\",\"logo\":{\"@type\":\"ImageObject\",\"inLanguage\":\"en-US\",\"@id\":\"https:\\\/\\\/tajkertesz.com\\\/#\\\/schema\\\/logo\\\/image\\\/\",\"url\":\"https:\\\/\\\/tajkertesz.com\\\/wp-content\\\/uploads\\\/2018\\\/02\\\/logo-2-e1518678052539.png\",\"contentUrl\":\"https:\\\/\\\/tajkertesz.com\\\/wp-content\\\/uploads\\\/2018\\\/02\\\/logo-2-e1518678052539.png\",\"width\":81,\"height\":140,\"caption\":\"T\u00e1j-Kert\u00e9sz 84 Kft.\"},\"image\":{\"@id\":\"https:\\\/\\\/tajkertesz.com\\\/#\\\/schema\\\/logo\\\/image\\\/\"},\"sameAs\":[\"https:\\\/\\\/www.facebook.com\\\/Tajkertesz\\\/\"]}]}<\/script>\n<!-- \/ Yoast SEO plugin. -->","yoast_head_json":{"title":"Atonik 1x5 ml amp. - T\u00e1jkert\u00e9sz","description":"Atonik 1x5 ml amp.","robots":{"index":"index","follow":"follow","max-snippet":"max-snippet:-1","max-image-preview":"max-image-preview:large","max-video-preview":"max-video-preview:-1"},"canonical":"https:\/\/tajkertesz.com\/en_US\/product\/atonik-1x5-ml-amp\/","og_locale":"en_US","og_type":"article","og_title":"Atonik 1x5 ml amp. - T\u00e1jkert\u00e9sz","og_description":"Atonik 1x5 ml amp.","og_url":"https:\/\/tajkertesz.com\/en_US\/product\/atonik-1x5-ml-amp\/","og_site_name":"T\u00e1jkert\u00e9sz","article_publisher":"https:\/\/www.facebook.com\/Tajkertesz\/","article_modified_time":"2026-02-18T15:35:47+00:00","og_image":[{"width":1387,"height":1920,"url":"https:\/\/tajkertesz.com\/wp-content\/uploads\/2021\/12\/Atonik1x5mlamp.jpg","type":"image\/jpeg"}],"twitter_card":"summary_large_image","twitter_misc":{"Est. reading time":"3 minutes"},"schema":{"@context":"https:\/\/schema.org","@graph":[{"@type":"WebPage","@id":"https:\/\/tajkertesz.com\/termek\/atonik-1x5-ml-amp\/","url":"https:\/\/tajkertesz.com\/termek\/atonik-1x5-ml-amp\/","name":"Atonik 1x5 ml amp. - T\u00e1jkert\u00e9sz","isPartOf":{"@id":"https:\/\/tajkertesz.com\/#website"},"primaryImageOfPage":{"@id":"https:\/\/tajkertesz.com\/termek\/atonik-1x5-ml-amp\/#primaryimage"},"image":{"@id":"https:\/\/tajkertesz.com\/termek\/atonik-1x5-ml-amp\/#primaryimage"},"thumbnailUrl":"https:\/\/tajkertesz.com\/wp-content\/uploads\/2021\/12\/Atonik1x5mlamp.jpg","datePublished":"2021-12-17T08:03:52+00:00","dateModified":"2026-02-18T15:35:47+00:00","description":"Atonik 1x5 ml amp.","breadcrumb":{"@id":"https:\/\/tajkertesz.com\/termek\/atonik-1x5-ml-amp\/#breadcrumb"},"inLanguage":"en-US","potentialAction":[{"@type":"ReadAction","target":["https:\/\/tajkertesz.com\/termek\/atonik-1x5-ml-amp\/"]}]},{"@type":"ImageObject","inLanguage":"en-US","@id":"https:\/\/tajkertesz.com\/termek\/atonik-1x5-ml-amp\/#primaryimage","url":"https:\/\/tajkertesz.com\/wp-content\/uploads\/2021\/12\/Atonik1x5mlamp.jpg","contentUrl":"https:\/\/tajkertesz.com\/wp-content\/uploads\/2021\/12\/Atonik1x5mlamp.jpg","width":1387,"height":1920},{"@type":"BreadcrumbList","@id":"https:\/\/tajkertesz.com\/termek\/atonik-1x5-ml-amp\/#breadcrumb","itemListElement":[{"@type":"ListItem","position":1,"name":"Home","item":"https:\/\/tajkertesz.com\/"},{"@type":"ListItem","position":2,"name":"Kezd\u0151lap","item":"https:\/\/tajkertesz.com\/"},{"@type":"ListItem","position":3,"name":"Atonik 1&#215;5 ml amp."}]},{"@type":"WebSite","@id":"https:\/\/tajkertesz.com\/#website","url":"https:\/\/tajkertesz.com\/","name":"T\u00e1j-Kert\u00e9sz 84 Kft.","description":"Kert\u00e9szeti kis- \u00e9s nagykeresked\u00e9s, D\u00edszn\u00f6v\u00e9ny web\u00e1ruh\u00e1z orsz\u00e1gos h\u00e1zhozsz\u00e1ll\u00edt\u00e1ssal!","publisher":{"@id":"https:\/\/tajkertesz.com\/#organization"},"potentialAction":[{"@type":"SearchAction","target":{"@type":"EntryPoint","urlTemplate":"https:\/\/tajkertesz.com\/?s={search_term_string}"},"query-input":{"@type":"PropertyValueSpecification","valueRequired":true,"valueName":"search_term_string"}}],"inLanguage":"en-US"},{"@type":"Organization","@id":"https:\/\/tajkertesz.com\/#organization","name":"T\u00e1j-Kert\u00e9sz 84 Kft.","url":"https:\/\/tajkertesz.com\/","logo":{"@type":"ImageObject","inLanguage":"en-US","@id":"https:\/\/tajkertesz.com\/#\/schema\/logo\/image\/","url":"https:\/\/tajkertesz.com\/wp-content\/uploads\/2018\/02\/logo-2-e1518678052539.png","contentUrl":"https:\/\/tajkertesz.com\/wp-content\/uploads\/2018\/02\/logo-2-e1518678052539.png","width":81,"height":140,"caption":"T\u00e1j-Kert\u00e9sz 84 Kft."},"image":{"@id":"https:\/\/tajkertesz.com\/#\/schema\/logo\/image\/"},"sameAs":["https:\/\/www.facebook.com\/Tajkertesz\/"]}]}},"_links":{"self":[{"href":"https:\/\/tajkertesz.com\/en_US\/wp-json\/wp\/v2\/product\/12096","targetHints":{"allow":["GET"]}}],"collection":[{"href":"https:\/\/tajkertesz.com\/en_US\/wp-json\/wp\/v2\/product"}],"about":[{"href":"https:\/\/tajkertesz.com\/en_US\/wp-json\/wp\/v2\/types\/product"}],"wp:featuredmedia":[{"embeddable":true,"href":"https:\/\/tajkertesz.com\/en_US\/wp-json\/wp\/v2\/media\/12095"}],"wp:attachment":[{"href":"https:\/\/tajkertesz.com\/en_US\/wp-json\/wp\/v2\/media?parent=12096"}],"wp:term":[{"taxonomy":"product_brand","embeddable":true,"href":"https:\/\/tajkertesz.com\/en_US\/wp-json\/wp\/v2\/product_brand?post=12096"},{"taxonomy":"product_cat","embeddable":true,"href":"https:\/\/tajkertesz.com\/en_US\/wp-json\/wp\/v2\/product_cat?post=12096"},{"taxonomy":"product_tag","embeddable":true,"href":"https:\/\/tajkertesz.com\/en_US\/wp-json\/wp\/v2\/product_tag?post=12096"}],"curies":[{"name":"wp","href":"https:\/\/api.w.org\/{rel}","templated":true}]}}