{"id":12098,"date":"2021-12-17T08:06:57","date_gmt":"2021-12-17T08:06:57","guid":{"rendered":"https:\/\/tajkertesz.com\/?post_type=product&#038;p=12098"},"modified":"2026-02-18T15:33:43","modified_gmt":"2026-02-18T15:33:43","slug":"vektafid-a-1-l","status":"publish","type":"product","link":"https:\/\/tajkertesz.com\/en_US\/product\/vektafid-a-1-l\/","title":{"rendered":"Vektafid A 1 l"},"content":{"rendered":"<h1 class=\"product-detail-name\">Vektafid A 1 l<\/h1>\n<p class=\"product-detail-name\">Vektafid A 1 l<\/p>\n<div class=\"product-detail-title-after\">\n<div class=\"product-detail-manufacturer-wrap\">\n<p>Term\u00e9szetes rovar\u00f6l\u0151 permetez\u0151szer v\u00edrusv\u00e9delemmel.<\/p>\n<p>Adagol\u00e1sa: lemos\u00f3 permetez\u00e9sn\u00e9l 3 dl\/10 liter, veget\u00e1ci\u00f3ban 1 dl\/10 liter<\/p>\n<p>Hat\u00f3anyag: 83 % parafinnolajat \u00e9s 17% atplus 300 F emulge\u00e1tor<\/p>\n<p>Forgalmaz\u00e1si kateg\u00f3ria: III (szabad forgam\u00fa)<\/p>\n<p>Fizikai \u00e9s k\u00e9miai tulajdons\u00e1gai k\u00f6vetkezt\u00e9ben a kezelt n\u00f6v\u00e9ny fel\u00fclet\u00e9t egy rugalmas olajr\u00e9teggel vonja be, \u00edgy fokozott v\u00e9delmet biztos\u00edt az \u00e1llom\u00e1ny r\u00e9sz\u00e9re a k\u00f6rnyezetb\u0151l sz\u00e1rmaz\u00f3 fert\u0151z\u00e9sek ellen.<\/p>\n<p>A rugalmas olajbevonat nem csak fert\u0151z\u00e9s elleni v\u00e9delmet biztos\u00edt, hanem az asz\u00e1lyos id\u0151szakokban jelent\u0151sen megn\u00f6veli az \u00e1llom\u00e1ny sz\u00e1razs\u00e1g- illet\u0151leg stresszt\u0171r\u0151 k\u00e9pess\u00e9g\u00e9t. A VEKTAFID A a foly\u00e9kony n\u00f6v\u00e9nyv\u00e9d\u0151szerekkel kompatibilis, keverhet\u0151. ATPLUS 300 F adjuv\u00e1ns tartalma k\u00f6vetkezt\u00e9ben a kever\u00e9kben alkalmazott n\u00f6v\u00e9nyv\u00e9d\u0151szer partnerek biol\u00f3giai hat\u00e9konys\u00e1g\u00e1t 30-50%-kal fokozza, hat\u00e9konyabb\u00e1 teszi, hat\u00e1startam\u00e1t megn\u00f6veli.<\/p>\n<p>Munkaeg\u00e9szs\u00e9g\u00fcgyi v\u00e1rakoz\u00e1si id\u0151: Nincs.<\/p>\n<p>\u00c9lelmez\u00e9si v\u00e1rakoz\u00e1si id\u0151: Nincs.<\/p>\n<p>Alma, f\u00e1s sz\u00e1r\u00fa d\u00edszn\u00f6v\u00e9nyek (kiv\u00e9ve erd\u0151telep\u00edt\u00e9sek), k\u00f6zter\u00fcleten f\u00e1k, bokrok, \u00f6r\u00f6kz\u00f6ldek, csemege \u00e9s f\u0171szer paprika, szabadf\u00f6ldi uborka kezel\u00e9s\u00e9re.<\/p>\n<p>Kis kult\u00far\u00e1s felhaszn\u00e1l\u00e1s c\u00e9lj\u00e1ra: kal\u00e1szosokban, gy\u00f6k\u00e9r- \u00e9s gum\u00f3s n\u00f6v\u00e9nyekben, olajos magvakban, cirokban, doh\u00e1nyban, takarm\u00e1nyn\u00f6v\u00e9nyekben, h\u00e9jas \u00e9s bogy\u00f3s gy\u00fcm\u00f6lcs\u0171ekben, z\u00f6lds\u00e9gf\u00e9l\u00e9kben, gy\u00f3gy- \u00e9s f\u0171szern\u00f6v\u00e9nyekben.<\/p>\n<p>paprika v\u00edrusvektor lev\u00e9ltetvek 3-6 l\/ha nk<\/p>\n<p>alma atka, lev\u00e9ltetvek, pajzstetvek 0,5-3 % nk<\/p>\n<p>cukorr\u00e9pa: hat\u00e1sfokoz\u00e1s (fenmedifam hat\u00f3anyaghoz) 1,5 l\/ha nk<\/p>\n<p>k\u00f6zter\u00fcleti f\u00e1k, bokrok: lev\u00e9ltetvek, pajzstetvek 1,0 l\/ha &#8211;<\/p>\n<p>d\u00edszn\u00f6v\u00e9nyek: gubacstetvek, k\u00e9regtetvek, lev\u00e9lbolh\u00e1k, lev\u00e9ltetvek, pajzstetvek, s\u00f6rt\u00e9stetvek, tak\u00e1csatk\u00e1k 0,5-2,0% &#8211;<\/p>\n<\/div>\n<\/div>\n<p align=\"justify\"><a href=\"https:\/\/www.facebook.com\/tajkertesz\">https:\/\/www.facebook.com\/tajkertesz<\/a><\/p>\n<p align=\"justify\"><a href=\"http:\/\/www.tajkertesz.hu\">http:\/\/www.tajkertesz.hu<\/a><\/p>\n<p align=\"justify\"><a href=\"https:\/\/tajkertesz.com\/wp-content\/uploads\/2021\/12\/VektafidA.doc\">VektafidA<\/a><\/p>\n<h3 align=\"justify\">Kiz\u00e1r\u00f3lag szem\u00e9lyes \u00e1tv\u00e9tellel lehets\u00e9ges a term\u00e9k megv\u00e1s\u00e1rl\u00e1sa!<\/h3>\n<p align=\"justify\"><span style=\"color: #ffffff;\">A k\u00e9sz\u00edtm\u00e9nyt a gyep ny\u00edr\u00e1s\u00e1t k\u00f6vet\u0151en, a k\u00e9tszik\u0171 gyomn\u00f6v\u00e9nyek n\u00f6veked\u00e9s\u00e9nek \u00fajb\u00f3li megindul\u00e1sa ut\u00e1n kell kijuttatni 10 l\/ha (100 ml \/ 100 m2) d\u00f3zisban. A kijuttat\u00e1shoz sz\u00fcks\u00e9ges v\u00edzmennyis\u00e9g 10 l \/ 100 m2. A kezel\u00e9sn\u00e9l \u00fcgyelni kell arra, hogy a permetl\u00e9 kult\u00farn\u00f6v\u00e9nyekre ne ker\u00fclj\u00f6n, mert azokat maradand\u00f3an k\u00e1ros\u00edtja.<\/span><\/p>\n<p align=\"justify\"><span style=\"color: #ffffff;\">A k\u00e9sz\u00edtm\u00e9ny alkalmazhat\u00f3 foltkezel\u00e9s \u00e9s teljes fel\u00fcletkezel\u00e9s form\u00e1j\u00e1ban. Egy veget\u00e1ci\u00f3s szakaszban maximum k\u00e9t kezel\u00e9s v\u00e9gezhet\u0151.<\/span><\/p>\n<div align=\"justify\"><\/div>","protected":false},"excerpt":{"rendered":"<h2 class=\"product-detail-name\" style=\"text-align: left;\">Vektafid A 1 l<\/h2>\n<p>Term\u00e9szetes rovar\u00f6l\u0151 permetez\u0151szer v\u00edrusv\u00e9delemmel&#8230;<\/p>\n<p>Hat\u00f3anyag: 83 % parafinnolajat \u00e9s 17% atplus 300 F emulge\u00e1tor<\/p>\n<p>Forgalmaz\u00e1si kateg\u00f3ria: III (szabad forgam\u00fa)<\/p>\n<p>&nbsp;<\/p>\n<div class=\"product-detail-title-after\">\n<div class=\"product-detail-manufacturer-wrap\"><\/div>\n<\/div>\n<div class=\"product-detail-title-after\">\n<div class=\"product-detail-manufacturer-wrap\"><\/div>\n<\/div>","protected":false},"featured_media":12099,"template":"","meta":{"_et_pb_use_builder":"","_et_pb_old_content":"","_et_gb_content_width":""},"product_brand":[],"product_cat":[4204,3423],"product_tag":[4739,4820,4821,4135,3562],"class_list":{"0":"post-12098","1":"product","2":"type-product","3":"status-publish","4":"has-post-thumbnail","6":"product_cat-biologiai-novenyvedelem","7":"product_cat-rovarolo-szer","8":"product_tag-biologiai","9":"product_tag-novenyvedelem","10":"product_tag-paraffinolaj","11":"product_tag-rovarolo","12":"product_tag-vektafid-a-1-l","14":"first","15":"instock","16":"shipping-taxable","17":"purchasable","18":"product-type-simple"},"yoast_head":"<!-- This site is optimized with the Yoast SEO plugin v27.5 - https:\/\/yoast.com\/product\/yoast-seo-wordpress\/ -->\n<title>Vektafid A 1 l - T\u00e1jkert\u00e9sz<\/title>\n<meta name=\"description\" content=\"Vektafid A 1 l. Term\u00e9szetes rovar\u00f6l\u0151 permetez\u0151szer v\u00edrusv\u00e9delemmel.\" \/>\n<meta name=\"robots\" content=\"index, follow, max-snippet:-1, max-image-preview:large, max-video-preview:-1\" \/>\n<link rel=\"canonical\" href=\"https:\/\/tajkertesz.com\/en_US\/product\/vektafid-a-1-l\/\" \/>\n<meta property=\"og:locale\" content=\"en_US\" \/>\n<meta property=\"og:type\" content=\"article\" \/>\n<meta property=\"og:title\" content=\"Vektafid A 1 l - T\u00e1jkert\u00e9sz\" \/>\n<meta property=\"og:description\" content=\"Vektafid A 1 l. Term\u00e9szetes rovar\u00f6l\u0151 permetez\u0151szer v\u00edrusv\u00e9delemmel.\" \/>\n<meta property=\"og:url\" content=\"https:\/\/tajkertesz.com\/en_US\/product\/vektafid-a-1-l\/\" \/>\n<meta property=\"og:site_name\" content=\"T\u00e1jkert\u00e9sz\" \/>\n<meta property=\"article:publisher\" content=\"https:\/\/www.facebook.com\/Tajkertesz\/\" \/>\n<meta property=\"article:modified_time\" content=\"2026-02-18T15:33:43+00:00\" \/>\n<meta property=\"og:image\" content=\"https:\/\/tajkertesz.com\/wp-content\/uploads\/2021\/12\/vektafid-a.jpg\" \/>\n\t<meta property=\"og:image:width\" content=\"300\" \/>\n\t<meta property=\"og:image:height\" content=\"300\" \/>\n\t<meta property=\"og:image:type\" content=\"image\/jpeg\" \/>\n<meta name=\"twitter:card\" content=\"summary_large_image\" \/>\n<meta name=\"twitter:label1\" content=\"Est. reading time\" \/>\n\t<meta name=\"twitter:data1\" content=\"2 minutes\" \/>\n<script type=\"application\/ld+json\" class=\"yoast-schema-graph\">{\"@context\":\"https:\\\/\\\/schema.org\",\"@graph\":[{\"@type\":\"WebPage\",\"@id\":\"https:\\\/\\\/tajkertesz.com\\\/termek\\\/vektafid-a-1-l\\\/\",\"url\":\"https:\\\/\\\/tajkertesz.com\\\/termek\\\/vektafid-a-1-l\\\/\",\"name\":\"Vektafid A 1 l - T\u00e1jkert\u00e9sz\",\"isPartOf\":{\"@id\":\"https:\\\/\\\/tajkertesz.com\\\/#website\"},\"primaryImageOfPage\":{\"@id\":\"https:\\\/\\\/tajkertesz.com\\\/termek\\\/vektafid-a-1-l\\\/#primaryimage\"},\"image\":{\"@id\":\"https:\\\/\\\/tajkertesz.com\\\/termek\\\/vektafid-a-1-l\\\/#primaryimage\"},\"thumbnailUrl\":\"https:\\\/\\\/tajkertesz.com\\\/wp-content\\\/uploads\\\/2021\\\/12\\\/vektafid-a.jpg\",\"datePublished\":\"2021-12-17T08:06:57+00:00\",\"dateModified\":\"2026-02-18T15:33:43+00:00\",\"description\":\"Vektafid A 1 l. Term\u00e9szetes rovar\u00f6l\u0151 permetez\u0151szer v\u00edrusv\u00e9delemmel.\",\"breadcrumb\":{\"@id\":\"https:\\\/\\\/tajkertesz.com\\\/termek\\\/vektafid-a-1-l\\\/#breadcrumb\"},\"inLanguage\":\"en-US\",\"potentialAction\":[{\"@type\":\"ReadAction\",\"target\":[\"https:\\\/\\\/tajkertesz.com\\\/termek\\\/vektafid-a-1-l\\\/\"]}]},{\"@type\":\"ImageObject\",\"inLanguage\":\"en-US\",\"@id\":\"https:\\\/\\\/tajkertesz.com\\\/termek\\\/vektafid-a-1-l\\\/#primaryimage\",\"url\":\"https:\\\/\\\/tajkertesz.com\\\/wp-content\\\/uploads\\\/2021\\\/12\\\/vektafid-a.jpg\",\"contentUrl\":\"https:\\\/\\\/tajkertesz.com\\\/wp-content\\\/uploads\\\/2021\\\/12\\\/vektafid-a.jpg\",\"width\":300,\"height\":300},{\"@type\":\"BreadcrumbList\",\"@id\":\"https:\\\/\\\/tajkertesz.com\\\/termek\\\/vektafid-a-1-l\\\/#breadcrumb\",\"itemListElement\":[{\"@type\":\"ListItem\",\"position\":1,\"name\":\"Home\",\"item\":\"https:\\\/\\\/tajkertesz.com\\\/\"},{\"@type\":\"ListItem\",\"position\":2,\"name\":\"Kezd\u0151lap\",\"item\":\"https:\\\/\\\/tajkertesz.com\\\/\"},{\"@type\":\"ListItem\",\"position\":3,\"name\":\"Vektafid A 1 l\"}]},{\"@type\":\"WebSite\",\"@id\":\"https:\\\/\\\/tajkertesz.com\\\/#website\",\"url\":\"https:\\\/\\\/tajkertesz.com\\\/\",\"name\":\"T\u00e1j-Kert\u00e9sz 84 Kft.\",\"description\":\"Kert\u00e9szeti kis- \u00e9s nagykeresked\u00e9s, D\u00edszn\u00f6v\u00e9ny web\u00e1ruh\u00e1z orsz\u00e1gos h\u00e1zhozsz\u00e1ll\u00edt\u00e1ssal!\",\"publisher\":{\"@id\":\"https:\\\/\\\/tajkertesz.com\\\/#organization\"},\"potentialAction\":[{\"@type\":\"SearchAction\",\"target\":{\"@type\":\"EntryPoint\",\"urlTemplate\":\"https:\\\/\\\/tajkertesz.com\\\/?s={search_term_string}\"},\"query-input\":{\"@type\":\"PropertyValueSpecification\",\"valueRequired\":true,\"valueName\":\"search_term_string\"}}],\"inLanguage\":\"en-US\"},{\"@type\":\"Organization\",\"@id\":\"https:\\\/\\\/tajkertesz.com\\\/#organization\",\"name\":\"T\u00e1j-Kert\u00e9sz 84 Kft.\",\"url\":\"https:\\\/\\\/tajkertesz.com\\\/\",\"logo\":{\"@type\":\"ImageObject\",\"inLanguage\":\"en-US\",\"@id\":\"https:\\\/\\\/tajkertesz.com\\\/#\\\/schema\\\/logo\\\/image\\\/\",\"url\":\"https:\\\/\\\/tajkertesz.com\\\/wp-content\\\/uploads\\\/2018\\\/02\\\/logo-2-e1518678052539.png\",\"contentUrl\":\"https:\\\/\\\/tajkertesz.com\\\/wp-content\\\/uploads\\\/2018\\\/02\\\/logo-2-e1518678052539.png\",\"width\":81,\"height\":140,\"caption\":\"T\u00e1j-Kert\u00e9sz 84 Kft.\"},\"image\":{\"@id\":\"https:\\\/\\\/tajkertesz.com\\\/#\\\/schema\\\/logo\\\/image\\\/\"},\"sameAs\":[\"https:\\\/\\\/www.facebook.com\\\/Tajkertesz\\\/\"]}]}<\/script>\n<!-- \/ Yoast SEO plugin. -->","yoast_head_json":{"title":"Vektafid A 1 l - T\u00e1jkert\u00e9sz","description":"Vektafid A 1 l. Term\u00e9szetes rovar\u00f6l\u0151 permetez\u0151szer v\u00edrusv\u00e9delemmel.","robots":{"index":"index","follow":"follow","max-snippet":"max-snippet:-1","max-image-preview":"max-image-preview:large","max-video-preview":"max-video-preview:-1"},"canonical":"https:\/\/tajkertesz.com\/en_US\/product\/vektafid-a-1-l\/","og_locale":"en_US","og_type":"article","og_title":"Vektafid A 1 l - T\u00e1jkert\u00e9sz","og_description":"Vektafid A 1 l. Term\u00e9szetes rovar\u00f6l\u0151 permetez\u0151szer v\u00edrusv\u00e9delemmel.","og_url":"https:\/\/tajkertesz.com\/en_US\/product\/vektafid-a-1-l\/","og_site_name":"T\u00e1jkert\u00e9sz","article_publisher":"https:\/\/www.facebook.com\/Tajkertesz\/","article_modified_time":"2026-02-18T15:33:43+00:00","og_image":[{"width":300,"height":300,"url":"https:\/\/tajkertesz.com\/wp-content\/uploads\/2021\/12\/vektafid-a.jpg","type":"image\/jpeg"}],"twitter_card":"summary_large_image","twitter_misc":{"Est. reading time":"2 minutes"},"schema":{"@context":"https:\/\/schema.org","@graph":[{"@type":"WebPage","@id":"https:\/\/tajkertesz.com\/termek\/vektafid-a-1-l\/","url":"https:\/\/tajkertesz.com\/termek\/vektafid-a-1-l\/","name":"Vektafid A 1 l - T\u00e1jkert\u00e9sz","isPartOf":{"@id":"https:\/\/tajkertesz.com\/#website"},"primaryImageOfPage":{"@id":"https:\/\/tajkertesz.com\/termek\/vektafid-a-1-l\/#primaryimage"},"image":{"@id":"https:\/\/tajkertesz.com\/termek\/vektafid-a-1-l\/#primaryimage"},"thumbnailUrl":"https:\/\/tajkertesz.com\/wp-content\/uploads\/2021\/12\/vektafid-a.jpg","datePublished":"2021-12-17T08:06:57+00:00","dateModified":"2026-02-18T15:33:43+00:00","description":"Vektafid A 1 l. Term\u00e9szetes rovar\u00f6l\u0151 permetez\u0151szer v\u00edrusv\u00e9delemmel.","breadcrumb":{"@id":"https:\/\/tajkertesz.com\/termek\/vektafid-a-1-l\/#breadcrumb"},"inLanguage":"en-US","potentialAction":[{"@type":"ReadAction","target":["https:\/\/tajkertesz.com\/termek\/vektafid-a-1-l\/"]}]},{"@type":"ImageObject","inLanguage":"en-US","@id":"https:\/\/tajkertesz.com\/termek\/vektafid-a-1-l\/#primaryimage","url":"https:\/\/tajkertesz.com\/wp-content\/uploads\/2021\/12\/vektafid-a.jpg","contentUrl":"https:\/\/tajkertesz.com\/wp-content\/uploads\/2021\/12\/vektafid-a.jpg","width":300,"height":300},{"@type":"BreadcrumbList","@id":"https:\/\/tajkertesz.com\/termek\/vektafid-a-1-l\/#breadcrumb","itemListElement":[{"@type":"ListItem","position":1,"name":"Home","item":"https:\/\/tajkertesz.com\/"},{"@type":"ListItem","position":2,"name":"Kezd\u0151lap","item":"https:\/\/tajkertesz.com\/"},{"@type":"ListItem","position":3,"name":"Vektafid A 1 l"}]},{"@type":"WebSite","@id":"https:\/\/tajkertesz.com\/#website","url":"https:\/\/tajkertesz.com\/","name":"T\u00e1j-Kert\u00e9sz 84 Kft.","description":"Kert\u00e9szeti kis- \u00e9s nagykeresked\u00e9s, D\u00edszn\u00f6v\u00e9ny web\u00e1ruh\u00e1z orsz\u00e1gos h\u00e1zhozsz\u00e1ll\u00edt\u00e1ssal!","publisher":{"@id":"https:\/\/tajkertesz.com\/#organization"},"potentialAction":[{"@type":"SearchAction","target":{"@type":"EntryPoint","urlTemplate":"https:\/\/tajkertesz.com\/?s={search_term_string}"},"query-input":{"@type":"PropertyValueSpecification","valueRequired":true,"valueName":"search_term_string"}}],"inLanguage":"en-US"},{"@type":"Organization","@id":"https:\/\/tajkertesz.com\/#organization","name":"T\u00e1j-Kert\u00e9sz 84 Kft.","url":"https:\/\/tajkertesz.com\/","logo":{"@type":"ImageObject","inLanguage":"en-US","@id":"https:\/\/tajkertesz.com\/#\/schema\/logo\/image\/","url":"https:\/\/tajkertesz.com\/wp-content\/uploads\/2018\/02\/logo-2-e1518678052539.png","contentUrl":"https:\/\/tajkertesz.com\/wp-content\/uploads\/2018\/02\/logo-2-e1518678052539.png","width":81,"height":140,"caption":"T\u00e1j-Kert\u00e9sz 84 Kft."},"image":{"@id":"https:\/\/tajkertesz.com\/#\/schema\/logo\/image\/"},"sameAs":["https:\/\/www.facebook.com\/Tajkertesz\/"]}]}},"_links":{"self":[{"href":"https:\/\/tajkertesz.com\/en_US\/wp-json\/wp\/v2\/product\/12098","targetHints":{"allow":["GET"]}}],"collection":[{"href":"https:\/\/tajkertesz.com\/en_US\/wp-json\/wp\/v2\/product"}],"about":[{"href":"https:\/\/tajkertesz.com\/en_US\/wp-json\/wp\/v2\/types\/product"}],"wp:featuredmedia":[{"embeddable":true,"href":"https:\/\/tajkertesz.com\/en_US\/wp-json\/wp\/v2\/media\/12099"}],"wp:attachment":[{"href":"https:\/\/tajkertesz.com\/en_US\/wp-json\/wp\/v2\/media?parent=12098"}],"wp:term":[{"taxonomy":"product_brand","embeddable":true,"href":"https:\/\/tajkertesz.com\/en_US\/wp-json\/wp\/v2\/product_brand?post=12098"},{"taxonomy":"product_cat","embeddable":true,"href":"https:\/\/tajkertesz.com\/en_US\/wp-json\/wp\/v2\/product_cat?post=12098"},{"taxonomy":"product_tag","embeddable":true,"href":"https:\/\/tajkertesz.com\/en_US\/wp-json\/wp\/v2\/product_tag?post=12098"}],"curies":[{"name":"wp","href":"https:\/\/api.w.org\/{rel}","templated":true}]}}