{"id":12114,"date":"2021-12-17T08:48:55","date_gmt":"2021-12-17T08:48:55","guid":{"rendered":"https:\/\/tajkertesz.com\/?post_type=product&#038;p=12114"},"modified":"2026-02-18T15:33:11","modified_gmt":"2026-02-18T15:33:11","slug":"force-15-g-03-kg","status":"publish","type":"product","link":"https:\/\/tajkertesz.com\/en_US\/product\/force-15-g-03-kg\/","title":{"rendered":"Force 1,5 G 0,3 kg"},"content":{"rendered":"<h1 class=\"product-detail-name\">Force 1,5 G 0,3 kg<\/h1>\n<div class=\"product-detail-title-after\">\n<div class=\"product-detail-manufacturer-wrap\">\n<p class=\"product-detail-name\">Force 1,5 G 0,3 kg<\/p>\n<div class=\"product-detail-title-after\">\n<div class=\"product-detail-manufacturer-wrap\"><\/div>\n<\/div>\n<\/div>\n<\/div>\n<div class=\"product-detail-title-after\">\n<div class=\"product-detail-manufacturer-wrap\">\n<p>H\u00e1zikerti felhaszn\u00e1l\u00e1s: 10 g\/m2.<\/p>\n<p>Piretroid tipus\u00fa rovar\u00f6l\u0151 talafert\u0151tlen\u00edt\u0151 granul\u00e1tum<br \/>\nHat\u00f3anyaga: 15 g\/kg teflutrin<br \/>\nFelhaszn\u00e1lhat\u00f3:<br \/>\nKukoric\u00e1ban talajlak\u00f3 k\u00e1rtev\u0151k ellen 7-10 kg\/ha, kukoricabog\u00e1r l\u00e1rv\u00e1i ellen 12-15 kg\/ha adagban sorkezel\u00e9s form\u00e1j\u00e1ban.<\/p>\n<p>Burgonya, cukorr\u00e9pa, napraforg\u00f3, paprika, paradicsom, k\u00e1posztaf\u00e9l\u00e9k (magr\u00f3l vetett, szabadf\u00f6ldi), gy\u00f6k\u00e9rz\u00f6lds\u00e9gek (s\u00e1rgar\u00e9pa, petrezselyem, pasztin\u00e1k, c\u00e9kla), lev\u00e9lz\u00f6lds\u00e9gek (spen\u00f3t, s\u00f3ska, sal\u00e1ta), z\u00f6ldbab, bors\u00f3, kabakosok (g\u00f6r\u00f6gdinnye, s\u00e1rgadinnye, uborka, t\u00f6k), hagymaf\u00e9l\u00e9k (v\u00f6r\u00f6shagyma, fokhagyma) kult\u00far\u00e1kban talajlak\u00f3 k\u00e1rtev\u0151k ellen 7-10 kg\/ha adagban, sorkezel\u00e9s form\u00e1j\u00e1ban.<\/p>\n<p>Gy\u00fcm\u00f6lcsf\u00e9l\u00e9kben (almaterm\u00e9s\u0171ek, csonth\u00e9jasok, bogy\u00f3s gy\u00fcm\u00f6lcs\u0171ek), sz\u0151l\u0151ben talajlak\u00f3 k\u00e1rtev\u0151k ellen 7,5-10 g\/m2 adagban, sorkezel\u00e9s form\u00e1j\u00e1ban.<\/p>\n<p>Csemete-, mag-, dugv\u00e1ny- \u00e9s oltv\u00e1nyiskol\u00e1ban talajlak\u00f3 k\u00e1rtev\u0151k ellen 15-20 kg\/ha adagban, sorkezel\u00e9s form\u00e1j\u00e1ban.<\/p>\n<p>Felhaszn\u00e1l\u00e1si javaslat: A k\u00e9sz\u00edtm\u00e9nyt sorkezel\u00e9s form\u00e1j\u00e1ban \u2013 megfelel\u0151 granul\u00e1tumsz\u00f3r\u00f3val \u2013 a vet\u00e9ssel egymenetben kell haszn\u00e1lni \u00fagy, hogy a granul\u00e1tum k\u00f6zvetlen a mag mell\u00e9 ker\u00fclj\u00f6n. Biztos\u00edtani kell a kisz\u00f3rt granul\u00e1tum talajjal t\u00f6rt\u00e9n\u0151 teljes fedetts\u00e9g\u00e9t. A kukoricabog\u00e1r l\u00e1rv\u00e1i ellen az egyik leghat\u00e9konyabb k\u00e9sz\u00edtm\u00e9ny, Amerik\u00e1ban a k\u00e1rtev\u0151 ellen a legsz\u00e9lesebb k\u00f6rben haszn\u00e1lt talajfert\u0151tlen\u00edt\u0151 szer. A kukoricabog\u00e1r mellett az egy\u00e9b talajlak\u00f3 k\u00e1rtev\u0151k \u2013 pajorok, dr\u00f3tf\u00e9rgek, mocskospajorok \u2013 ellen is hat\u00e9kony. A Force 1,5 granul\u00e1tummal v\u00e9gzett talajfert\u0151tlen\u00edt\u00e9s ut\u00e1n a szulfonilurea hat\u00f3anyag\u00fa gyom\u00edrt\u00f3szerek &#8211; Titus*, Motivell**, Monsoon***, Mester***, Basis* &#8211; a fitotoxicit\u00e1s vesz\u00e9lye n\u00e9lk\u00fcl haszn\u00e1lhat\u00f3k. Munkaeg\u00e9szs\u00e9g\u00fcgyi v\u00e1rakoz\u00e1si id\u0151: 0 nap M\u00e9regjelz\u00e9s, vesz\u00e9lyess\u00e9g: Gyenge m\u00e9reg. Vesz\u00e9lyjel &#8211; Xn (\u00e1rtalmas). V\u00edzi szervezetekre kifejezetten vesz\u00e9lyes. M\u00e9hekre nem vesz\u00e9lyes. \u00c9lelmez\u00e9s-eg\u00e9szs\u00e9g\u00fcgyi v\u00e1rakoz\u00e1si id\u0151: el\u0151\u00edr\u00e1s szerinti felhaszn\u00e1l\u00e1s eset\u00e9n korl\u00e1toz\u00e1s nincs. Forgalmi kateg\u00f3ria: III.<\/p>\n<\/div>\n<\/div>\n<p align=\"justify\"><a href=\"https:\/\/www.facebook.com\/tajkertesz\">https:\/\/www.facebook.com\/tajkertesz<\/a><\/p>\n<p align=\"justify\"><a href=\"http:\/\/www.tajkertesz.hu\">http:\/\/www.tajkertesz.hu<\/a><\/p>\n<p align=\"justify\"><a href=\"https:\/\/tajkertesz.com\/wp-content\/uploads\/2021\/12\/Force_1_5.pdf\">Force_1_5<\/a><\/p>\n<h3 align=\"justify\">Kiz\u00e1r\u00f3lag szem\u00e9lyes \u00e1tv\u00e9tellel lehets\u00e9ges a term\u00e9k megv\u00e1s\u00e1rl\u00e1sa!<\/h3>\n<p align=\"justify\"><span style=\"color: #ffffff;\">A k\u00e9sz\u00edtm\u00e9nyt a gyep ny\u00edr\u00e1s\u00e1t k\u00f6vet\u0151en, a k\u00e9tszik\u0171 gyomn\u00f6v\u00e9nyek n\u00f6veked\u00e9s\u00e9nek \u00fajb\u00f3li megindul\u00e1sa ut\u00e1n kell kijuttatni 10 l\/ha (100 ml \/ 100 m2) d\u00f3zisban. A kijuttat\u00e1shoz sz\u00fcks\u00e9ges v\u00edzmennyis\u00e9g 10 l \/ 100 m2. A kezel\u00e9sn\u00e9l \u00fcgyelni kell arra, hogy a permetl\u00e9 kult\u00farn\u00f6v\u00e9nyekre ne ker\u00fclj\u00f6n, mert azokat maradand\u00f3an k\u00e1ros\u00edtja.<\/span><\/p>\n<p align=\"justify\"><span style=\"color: #ffffff;\">A k\u00e9sz\u00edtm\u00e9ny alkalmazhat\u00f3 foltkezel\u00e9s \u00e9s teljes fel\u00fcletkezel\u00e9s form\u00e1j\u00e1ban. Egy veget\u00e1ci\u00f3s szakaszban maximum k\u00e9t kezel\u00e9s v\u00e9gezhet\u0151.<\/span><\/p>\n<div align=\"justify\"><\/div>","protected":false},"excerpt":{"rendered":"<p class=\"product-detail-name\" style=\"text-align: center;\">Force 1,5 G 0,3 kg<\/p>\n<div class=\"product-detail-title-after\">\n<div class=\"product-detail-manufacturer-wrap\"><\/div>\n<\/div>\n<div class=\"product-detail-title-after\">\n<div class=\"product-detail-manufacturer-wrap\"><\/div>\n<\/div>\n<div class=\"product-detail-title-after\">\n<div class=\"product-detail-manufacturer-wrap\"><\/div>\n<\/div>","protected":false},"featured_media":13412,"template":"","meta":{"_et_pb_use_builder":"","_et_pb_old_content":"","_et_gb_content_width":""},"product_brand":[],"product_cat":[3546],"product_tag":[3568],"class_list":{"0":"post-12114","1":"product","2":"type-product","3":"status-publish","4":"has-post-thumbnail","6":"product_cat-talajfertotlenito","7":"product_tag-force","9":"first","10":"instock","11":"shipping-taxable","12":"purchasable","13":"product-type-simple"},"yoast_head":"<!-- This site is optimized with the Yoast SEO plugin v27.3 - https:\/\/yoast.com\/product\/yoast-seo-wordpress\/ -->\n<title>Force 1,5 G 0,3 kg - T\u00e1jkert\u00e9sz<\/title>\n<meta name=\"description\" content=\"Force 1,5 G 0,3 kg\" \/>\n<meta name=\"robots\" content=\"index, follow, max-snippet:-1, max-image-preview:large, max-video-preview:-1\" \/>\n<link rel=\"canonical\" href=\"https:\/\/tajkertesz.com\/en_US\/product\/force-15-g-03-kg\/\" \/>\n<meta property=\"og:locale\" content=\"en_US\" \/>\n<meta property=\"og:type\" content=\"article\" \/>\n<meta property=\"og:title\" content=\"Force 1,5 G 0,3 kg - T\u00e1jkert\u00e9sz\" \/>\n<meta property=\"og:description\" content=\"Force 1,5 G 0,3 kg\" \/>\n<meta property=\"og:url\" content=\"https:\/\/tajkertesz.com\/en_US\/product\/force-15-g-03-kg\/\" \/>\n<meta property=\"og:site_name\" content=\"T\u00e1jkert\u00e9sz\" \/>\n<meta property=\"article:publisher\" content=\"https:\/\/www.facebook.com\/Tajkertesz\/\" \/>\n<meta property=\"article:modified_time\" content=\"2026-02-18T15:33:11+00:00\" \/>\n<meta property=\"og:image\" content=\"https:\/\/tajkertesz.com\/wp-content\/uploads\/2021\/12\/force-300g.jpg\" \/>\n\t<meta property=\"og:image:width\" content=\"300\" \/>\n\t<meta property=\"og:image:height\" content=\"300\" \/>\n\t<meta property=\"og:image:type\" content=\"image\/jpeg\" \/>\n<meta name=\"twitter:card\" content=\"summary_large_image\" \/>\n<meta name=\"twitter:label1\" content=\"Est. reading time\" \/>\n\t<meta name=\"twitter:data1\" content=\"2 minutes\" \/>\n<script type=\"application\/ld+json\" class=\"yoast-schema-graph\">{\"@context\":\"https:\\\/\\\/schema.org\",\"@graph\":[{\"@type\":\"WebPage\",\"@id\":\"https:\\\/\\\/tajkertesz.com\\\/termek\\\/force-15-g-03-kg\\\/\",\"url\":\"https:\\\/\\\/tajkertesz.com\\\/termek\\\/force-15-g-03-kg\\\/\",\"name\":\"Force 1,5 G 0,3 kg - T\u00e1jkert\u00e9sz\",\"isPartOf\":{\"@id\":\"https:\\\/\\\/tajkertesz.com\\\/#website\"},\"primaryImageOfPage\":{\"@id\":\"https:\\\/\\\/tajkertesz.com\\\/termek\\\/force-15-g-03-kg\\\/#primaryimage\"},\"image\":{\"@id\":\"https:\\\/\\\/tajkertesz.com\\\/termek\\\/force-15-g-03-kg\\\/#primaryimage\"},\"thumbnailUrl\":\"https:\\\/\\\/tajkertesz.com\\\/wp-content\\\/uploads\\\/2021\\\/12\\\/force-300g.jpg\",\"datePublished\":\"2021-12-17T08:48:55+00:00\",\"dateModified\":\"2026-02-18T15:33:11+00:00\",\"description\":\"Force 1,5 G 0,3 kg\",\"breadcrumb\":{\"@id\":\"https:\\\/\\\/tajkertesz.com\\\/termek\\\/force-15-g-03-kg\\\/#breadcrumb\"},\"inLanguage\":\"en-US\",\"potentialAction\":[{\"@type\":\"ReadAction\",\"target\":[\"https:\\\/\\\/tajkertesz.com\\\/termek\\\/force-15-g-03-kg\\\/\"]}]},{\"@type\":\"ImageObject\",\"inLanguage\":\"en-US\",\"@id\":\"https:\\\/\\\/tajkertesz.com\\\/termek\\\/force-15-g-03-kg\\\/#primaryimage\",\"url\":\"https:\\\/\\\/tajkertesz.com\\\/wp-content\\\/uploads\\\/2021\\\/12\\\/force-300g.jpg\",\"contentUrl\":\"https:\\\/\\\/tajkertesz.com\\\/wp-content\\\/uploads\\\/2021\\\/12\\\/force-300g.jpg\",\"width\":300,\"height\":300},{\"@type\":\"BreadcrumbList\",\"@id\":\"https:\\\/\\\/tajkertesz.com\\\/termek\\\/force-15-g-03-kg\\\/#breadcrumb\",\"itemListElement\":[{\"@type\":\"ListItem\",\"position\":1,\"name\":\"Home\",\"item\":\"https:\\\/\\\/tajkertesz.com\\\/\"},{\"@type\":\"ListItem\",\"position\":2,\"name\":\"Kezd\u0151lap\",\"item\":\"https:\\\/\\\/tajkertesz.com\\\/\"},{\"@type\":\"ListItem\",\"position\":3,\"name\":\"Force 1,5 G 0,3 kg\"}]},{\"@type\":\"WebSite\",\"@id\":\"https:\\\/\\\/tajkertesz.com\\\/#website\",\"url\":\"https:\\\/\\\/tajkertesz.com\\\/\",\"name\":\"T\u00e1j-Kert\u00e9sz 84 Kft.\",\"description\":\"Kert\u00e9szeti kis- \u00e9s nagykeresked\u00e9s, D\u00edszn\u00f6v\u00e9ny web\u00e1ruh\u00e1z orsz\u00e1gos h\u00e1zhozsz\u00e1ll\u00edt\u00e1ssal!\",\"publisher\":{\"@id\":\"https:\\\/\\\/tajkertesz.com\\\/#organization\"},\"potentialAction\":[{\"@type\":\"SearchAction\",\"target\":{\"@type\":\"EntryPoint\",\"urlTemplate\":\"https:\\\/\\\/tajkertesz.com\\\/?s={search_term_string}\"},\"query-input\":{\"@type\":\"PropertyValueSpecification\",\"valueRequired\":true,\"valueName\":\"search_term_string\"}}],\"inLanguage\":\"en-US\"},{\"@type\":\"Organization\",\"@id\":\"https:\\\/\\\/tajkertesz.com\\\/#organization\",\"name\":\"T\u00e1j-Kert\u00e9sz 84 Kft.\",\"url\":\"https:\\\/\\\/tajkertesz.com\\\/\",\"logo\":{\"@type\":\"ImageObject\",\"inLanguage\":\"en-US\",\"@id\":\"https:\\\/\\\/tajkertesz.com\\\/#\\\/schema\\\/logo\\\/image\\\/\",\"url\":\"https:\\\/\\\/tajkertesz.com\\\/wp-content\\\/uploads\\\/2018\\\/02\\\/logo-2-e1518678052539.png\",\"contentUrl\":\"https:\\\/\\\/tajkertesz.com\\\/wp-content\\\/uploads\\\/2018\\\/02\\\/logo-2-e1518678052539.png\",\"width\":81,\"height\":140,\"caption\":\"T\u00e1j-Kert\u00e9sz 84 Kft.\"},\"image\":{\"@id\":\"https:\\\/\\\/tajkertesz.com\\\/#\\\/schema\\\/logo\\\/image\\\/\"},\"sameAs\":[\"https:\\\/\\\/www.facebook.com\\\/Tajkertesz\\\/\"]}]}<\/script>\n<!-- \/ Yoast SEO plugin. -->","yoast_head_json":{"title":"Force 1,5 G 0,3 kg - T\u00e1jkert\u00e9sz","description":"Force 1,5 G 0,3 kg","robots":{"index":"index","follow":"follow","max-snippet":"max-snippet:-1","max-image-preview":"max-image-preview:large","max-video-preview":"max-video-preview:-1"},"canonical":"https:\/\/tajkertesz.com\/en_US\/product\/force-15-g-03-kg\/","og_locale":"en_US","og_type":"article","og_title":"Force 1,5 G 0,3 kg - T\u00e1jkert\u00e9sz","og_description":"Force 1,5 G 0,3 kg","og_url":"https:\/\/tajkertesz.com\/en_US\/product\/force-15-g-03-kg\/","og_site_name":"T\u00e1jkert\u00e9sz","article_publisher":"https:\/\/www.facebook.com\/Tajkertesz\/","article_modified_time":"2026-02-18T15:33:11+00:00","og_image":[{"width":300,"height":300,"url":"https:\/\/tajkertesz.com\/wp-content\/uploads\/2021\/12\/force-300g.jpg","type":"image\/jpeg"}],"twitter_card":"summary_large_image","twitter_misc":{"Est. reading time":"2 minutes"},"schema":{"@context":"https:\/\/schema.org","@graph":[{"@type":"WebPage","@id":"https:\/\/tajkertesz.com\/termek\/force-15-g-03-kg\/","url":"https:\/\/tajkertesz.com\/termek\/force-15-g-03-kg\/","name":"Force 1,5 G 0,3 kg - T\u00e1jkert\u00e9sz","isPartOf":{"@id":"https:\/\/tajkertesz.com\/#website"},"primaryImageOfPage":{"@id":"https:\/\/tajkertesz.com\/termek\/force-15-g-03-kg\/#primaryimage"},"image":{"@id":"https:\/\/tajkertesz.com\/termek\/force-15-g-03-kg\/#primaryimage"},"thumbnailUrl":"https:\/\/tajkertesz.com\/wp-content\/uploads\/2021\/12\/force-300g.jpg","datePublished":"2021-12-17T08:48:55+00:00","dateModified":"2026-02-18T15:33:11+00:00","description":"Force 1,5 G 0,3 kg","breadcrumb":{"@id":"https:\/\/tajkertesz.com\/termek\/force-15-g-03-kg\/#breadcrumb"},"inLanguage":"en-US","potentialAction":[{"@type":"ReadAction","target":["https:\/\/tajkertesz.com\/termek\/force-15-g-03-kg\/"]}]},{"@type":"ImageObject","inLanguage":"en-US","@id":"https:\/\/tajkertesz.com\/termek\/force-15-g-03-kg\/#primaryimage","url":"https:\/\/tajkertesz.com\/wp-content\/uploads\/2021\/12\/force-300g.jpg","contentUrl":"https:\/\/tajkertesz.com\/wp-content\/uploads\/2021\/12\/force-300g.jpg","width":300,"height":300},{"@type":"BreadcrumbList","@id":"https:\/\/tajkertesz.com\/termek\/force-15-g-03-kg\/#breadcrumb","itemListElement":[{"@type":"ListItem","position":1,"name":"Home","item":"https:\/\/tajkertesz.com\/"},{"@type":"ListItem","position":2,"name":"Kezd\u0151lap","item":"https:\/\/tajkertesz.com\/"},{"@type":"ListItem","position":3,"name":"Force 1,5 G 0,3 kg"}]},{"@type":"WebSite","@id":"https:\/\/tajkertesz.com\/#website","url":"https:\/\/tajkertesz.com\/","name":"T\u00e1j-Kert\u00e9sz 84 Kft.","description":"Kert\u00e9szeti kis- \u00e9s nagykeresked\u00e9s, D\u00edszn\u00f6v\u00e9ny web\u00e1ruh\u00e1z orsz\u00e1gos h\u00e1zhozsz\u00e1ll\u00edt\u00e1ssal!","publisher":{"@id":"https:\/\/tajkertesz.com\/#organization"},"potentialAction":[{"@type":"SearchAction","target":{"@type":"EntryPoint","urlTemplate":"https:\/\/tajkertesz.com\/?s={search_term_string}"},"query-input":{"@type":"PropertyValueSpecification","valueRequired":true,"valueName":"search_term_string"}}],"inLanguage":"en-US"},{"@type":"Organization","@id":"https:\/\/tajkertesz.com\/#organization","name":"T\u00e1j-Kert\u00e9sz 84 Kft.","url":"https:\/\/tajkertesz.com\/","logo":{"@type":"ImageObject","inLanguage":"en-US","@id":"https:\/\/tajkertesz.com\/#\/schema\/logo\/image\/","url":"https:\/\/tajkertesz.com\/wp-content\/uploads\/2018\/02\/logo-2-e1518678052539.png","contentUrl":"https:\/\/tajkertesz.com\/wp-content\/uploads\/2018\/02\/logo-2-e1518678052539.png","width":81,"height":140,"caption":"T\u00e1j-Kert\u00e9sz 84 Kft."},"image":{"@id":"https:\/\/tajkertesz.com\/#\/schema\/logo\/image\/"},"sameAs":["https:\/\/www.facebook.com\/Tajkertesz\/"]}]}},"_links":{"self":[{"href":"https:\/\/tajkertesz.com\/en_US\/wp-json\/wp\/v2\/product\/12114","targetHints":{"allow":["GET"]}}],"collection":[{"href":"https:\/\/tajkertesz.com\/en_US\/wp-json\/wp\/v2\/product"}],"about":[{"href":"https:\/\/tajkertesz.com\/en_US\/wp-json\/wp\/v2\/types\/product"}],"wp:featuredmedia":[{"embeddable":true,"href":"https:\/\/tajkertesz.com\/en_US\/wp-json\/wp\/v2\/media\/13412"}],"wp:attachment":[{"href":"https:\/\/tajkertesz.com\/en_US\/wp-json\/wp\/v2\/media?parent=12114"}],"wp:term":[{"taxonomy":"product_brand","embeddable":true,"href":"https:\/\/tajkertesz.com\/en_US\/wp-json\/wp\/v2\/product_brand?post=12114"},{"taxonomy":"product_cat","embeddable":true,"href":"https:\/\/tajkertesz.com\/en_US\/wp-json\/wp\/v2\/product_cat?post=12114"},{"taxonomy":"product_tag","embeddable":true,"href":"https:\/\/tajkertesz.com\/en_US\/wp-json\/wp\/v2\/product_tag?post=12114"}],"curies":[{"name":"wp","href":"https:\/\/api.w.org\/{rel}","templated":true}]}}