{"id":12125,"date":"2021-12-17T09:03:26","date_gmt":"2021-12-17T09:03:26","guid":{"rendered":"https:\/\/tajkertesz.com\/?post_type=product&#038;p=12125"},"modified":"2026-02-18T15:32:45","modified_gmt":"2026-02-18T15:32:45","slug":"meteor-rezoxiklorid-gombaolo-permetezoszer-30-g","status":"publish","type":"product","link":"https:\/\/tajkertesz.com\/en_US\/product\/meteor-rezoxiklorid-gombaolo-permetezoszer-30-g\/","title":{"rendered":"Meteor r\u00e9zoxiklorid gomba\u00f6l\u0151 permetez\u0151szer 30 g"},"content":{"rendered":"<h1 class=\"product-detail-name\">Meteor r\u00e9zoxiklorid gomba\u00f6l\u0151 permetez\u0151szer 30 g<\/h1>\n<p class=\"product-detail-name\">Meteor r\u00e9zoxiklorid gomba\u00f6l\u0151 permetez\u0151szer 30 g<\/p>\n<p>R\u00e9ztartalm\u00fa gomba\u00f6l\u0151szer bakt\u00e9riumos \u00e9s gomb\u00e1s fert\u0151z\u00e9sek ellen f\u0151leg kert\u00e9szeti n\u00f6v\u00e9nyek eset\u00e9ben.<br \/>\nPeronoszp\u00f3ra, monilia, rozsda, varasod\u00e1s, lev\u00e9l- \u00e9s vessz\u0151betegs\u00e9gek, tafrina, \u00e1gelhal\u00e1s, gnom\u00f3nia, t\u0171zelhal\u00e1s ellen javasolt, kontakt szer.<\/p>\n<p>H\u00e1zikerti adagol\u00e1sa: 30-40g \/ 10 liter permetl\u00e9<\/p>\n<p>Hat\u00f3anyag: 88 % r\u00e9zoxiklorid (50 % f\u00e9mr\u00e9z)<\/p>\n<p>A k\u00e9sz\u00edtm\u00e9nyt almaterm\u00e9s\u0171 kult\u00far\u00e1kban (alma, k\u00f6rte, birs, naspolya) bakt\u00e9riumos \u00e9s gomb\u00e1s eredet\u0171 betegs\u00e9gek (varasod\u00e1s, mon\u00edlia, \u00e1gelhal\u00e1s, stb.) ellen tavaszi \u00e9s \u0151szi lemos\u00f3 permetez\u00e9ssel javasolt kijuttatni. T\u0171zelhal\u00e1s ellen a v\u00e9dekez\u00e9seket megel\u0151z\u0151 jelleggel, r\u00fcgyfakad\u00e1st\u00f3l z\u00f6ldbimb\u00f3s \u00e1llapot v\u00e9g\u00e9ig 2-3 alkalommal kell elv\u00e9gezni, 7-10 napos gyakoris\u00e1ggal, nagy l\u00e9mennyis\u00e9ggel. A term\u00e9s viaszosod\u00e1sa ut\u00e1n z\u00e1r\u00f3permetez\u00e9sre a k\u00e9sz\u00edtm\u00e9ny \u00fajb\u00f3l haszn\u00e1lhat\u00f3, a r\u00e9z\u00e9rz\u00e9kenys\u00e9g, ill. perzsel\u00e9si vesz\u00e9ly figyelembe v\u00e9tel\u00e9vel.<br \/>\nJavasolt d\u00f3zis: 30-40 g\/10 l v\u00edz.<\/p>\n<p>Csonth\u00e9jasokban bakt\u00e9riumos- \u00e9s gomb\u00e1s eredet\u0171 \u00e1gelhal\u00e1sok, lev\u00e9llyukacsosod\u00e1s, valamint \u0151szibarackban tafrin\u00e1s lev\u00e9lfodrosod\u00e1s ellen legfeljebb lev\u00e9lr\u00fcgypattan\u00e1sig (\u0151szibarack), pirosbimb\u00f3s \u00e1llapotig (kajszibarack), feh\u00e9rbimb\u00f3s \u00e1llapotig (szilva, meggy, cseresznye) lehet v\u00e9dekezni a r\u00e9z\u00e9rz\u00e9kenys\u00e9gb\u0151l fakad\u00f3perzsel\u00e9si vesz\u00e9ly n\u00e9lk\u00fcl, 30 g\/10 l v\u00edz d\u00f3zissal. \u0150sszel, lombhull\u00e1s kezdet\u00e9t\u0151l ism\u00e9t indokoltt\u00e1 v\u00e1lhat a kezel\u00e9s.<\/p>\n<p>Bogy\u00f3sokban (ribiszke, m\u00e1lna, k\u00f6szm\u00e9te, szam\u00f3ca, szeder, fekete bodza) a veget\u00e1ci\u00f3s id\u0151szak elej\u00e9n \u00e9s a term\u00e9s betakar\u00edt\u00e1sa ut\u00e1n a vessz\u0151- \u00e9s lev\u00e9lfoltbetegs\u00e9gek ellen lemos\u00e1sszer\u0171 permetez\u00e9ssel javasolt kijuttatni, 30 g\/10 l v\u00edz d\u00f3zissal.<\/p>\n<p>Di\u00f3ban bakt\u00e9riumos \u00e9s gomb\u00e1s betegs\u00e9gek (kiv\u00e9ve lisztharmat) ellen az \u0151szi lombhull\u00e1st\u00f3l a lev\u00e9lkezdem\u00e9nyek megjelen\u00e9s\u00e9ig, m\u00edg mandul\u00e1ban lombhull\u00e1st\u00f3l feh\u00e9r, ill. r\u00f3zsasz\u00edn bimb\u00f3s \u00e1llapotig 30 g\/10 l v\u00edz d\u00f3zissal v\u00e9gezz\u00fck a kezel\u00e9seket.<\/p>\n<p>Sz\u0151l\u0151ben a kezel\u00e9seket sz\u0151l\u0151peronoszp\u00f3ra ellen el\u0151rejelz\u00e9sre alapozva, prevent\u00edven sz\u00fcks\u00e9ges elkezdeni a 20-25 cm-es hajt\u00e1s\u00e1llapot k\u00f6r\u00fcl, majd a fert\u0151z\u00e9s alakul\u00e1sa szerint 7-14 naponk\u00e9nt megism\u00e9telni. A f\u00fcrtz\u00e1r\u00f3d\u00e1s ut\u00e1ni rezes kezel\u00e9sek kedvez\u0151en befoly\u00e1solj\u00e1k a sz\u00fcrkepen\u00e9sz elleni hat\u00e9kony v\u00e9dekez\u00e9st. D\u00f3zis: vir\u00e1gz\u00e1s el\u0151tt: 20 g\/10 l v\u00edz; vir\u00e1gz\u00e1s ut\u00e1n: 30 g\/10 l v\u00edz.<\/p>\n<p>Z\u00f6lds\u00e9gf\u00e9l\u00e9kn\u00e9l (paprik\u00e1ban, paradicsomban, ubork\u00e1ban, cukkini, babban, bors\u00f3ban, hagym\u00e1ban) bakt\u00e9riumos \u00e9s gomb\u00e1s betegs\u00e9gek ellen a kezel\u00e9seket el\u0151rejelz\u00e9sre alapozva, prevent\u00edven kell elkezdeni, majd a fert\u0151z\u00e9s alakul\u00e1sa szerint 2-3 alkalommal, 10-14 naponk\u00e9nt megism\u00e9telni. F\u0171szerpaprik\u00e1ban tov\u00e1bbi 2-3 v\u00e9dekez\u00e9s is sz\u00fcks\u00e9ges j\u00e1rv\u00e1nyvesz\u00e9lyes id\u0151szakban. D\u00f3zisok: Bab, bors\u00f3 \u00e9s paprika: 20 g\/10 l v\u00edz; paradicsom, kabakosok, hagyma: 30 g\/10 l v\u00edz.<\/p>\n<p>Burgony\u00e1ban a kezel\u00e9seket el\u0151rejelz\u00e9sre alapozva, prevent\u00edven sz\u00fcks\u00e9ges elkezdeni, majd a fert\u0151z\u00e9s alakul\u00e1sa szerint 8-10 naponk\u00e9nt c\u00e9lszer\u0171 megism\u00e9telni 60 g\/10 l v\u00edz d\u00f3zissal.<\/p>\n<p>D\u00edszn\u00f6v\u00e9nykult\u00far\u00e1kban bakt\u00e9riumos \u00e9s gomb\u00e1s eredet\u0171 betegs\u00e9gek ellen (kiv\u00e9ve lisztharmat) a k\u00e9sz\u00edtm\u00e9nyt tavasszal \u00e9s \u0151sszel lemos\u00f3 permetez\u00e9sk\u00e9nt javasolt kijuttatni. Almaterm\u00e9s\u0171 d\u00edszkult\u00far\u00e1kn\u00e1l a z\u00f6ldbimb\u00f3s \u00e1llapotot k\u00f6vet\u0151en r\u00e9ztartalm\u00fa szerrel a term\u00e9sek viaszosod\u00e1s\u00e1ig r\u00e9z tartalm\u00fa szerrel ne kezelj\u00fck. A veget\u00e1ci\u00f3s id\u0151szakban a bakt\u00e9riumos \u00e9s gomb\u00e1s betegs\u00e9gek elleni permetez\u00e9st prevent\u00edven v\u00e9gezz\u00fck, \u00e9s a fert\u0151z\u00e9s alakul\u00e1sa szerint ism\u00e9telj\u00fck. D\u00edszn\u00f6v\u00e9nykult\u00far\u00e1kban a k\u00e9sz\u00edtm\u00e9ny d\u00f3zisa: 30 g\/ 10 l v\u00edz.<\/p>\n<p>Cukorr\u00e9p\u00e1ban a v\u00e9dekez\u00e9seket lisztharmat kiv\u00e9tel\u00e9vel az egy\u00e9b lev\u00e9lbetegs\u00e9gek ellen megel\u0151z\u0151 jelleggel, vagy legk\u00e9s\u0151bb az els\u0151 t\u00fcnetek megjelen\u00e9se idej\u00e9n kell megkezdeni. Az id\u0151j\u00e1r\u00e1si k\u00f6r\u00fclm\u00e9nyek, ill. a j\u00e1rv\u00e1nyhelyzet alakul\u00e1s\u00e1t\u00f3l f\u00fcgg\u0151en 7-10 naponk\u00e9nt c\u00e9lszer\u0171 megism\u00e9telni a v\u00e9dekez\u00e9st. D\u00f3zis: 60 g\/10 l v\u00edz.<\/p>\n<p>Hat\u00f3anyag: 88 % r\u00e9zoxiklorid (50 % f\u00e9mr\u00e9z)<\/p>\n<p>Formul\u00e1ci\u00f3: nedves\u00edthet\u0151 por (WP)<\/p>\n<p>A III. forgalmi kateg\u00f3ri\u00e1ba sorolt n\u00f6v\u00e9nyv\u00e9d\u0151 szer v\u00e1s\u00e1rl\u00e1sa \u00e9s saj\u00e1t c\u00e9l\u00fa felhaszn\u00e1l\u00e1sa szakk\u00e9pes\u00edt\u00e9shez, enged\u00e9lyhez nem k\u00f6t\u00f6tt. (43\/2010 (IV.23) FVM rendelet)<\/p>\n<p>Gy\u00e1rt\u00f3:\u00a0\u00a0 \u00a0Industrias Quimicasdel Valles S.A.<br \/>\nKateg\u00f3ria:\u00a0\u00a0 \u00a0Gomba\u00f6l\u0151 szer<br \/>\nT\u00f6meg:\u00a0\u00a0 \u00a030g<br \/>\nForgalmaz\u00e1si kateg\u00f3ria\u00a0\u00a0 \u00a0III<br \/>\nA term\u00e9kle\u00edr\u00e1s t\u00e1j\u00e9koztat\u00f3 jelleg\u0171, a k\u00e9sz\u00edtm\u00e9ny felhaszn\u00e1l\u00e1sa el\u0151tt k\u00e9rj\u00fck olvassa el a term\u00e9k haszn\u00e1lati utas\u00edt\u00e1st!<\/p>\n<p>&nbsp;<\/p>\n<p align=\"justify\"><a href=\"https:\/\/www.facebook.com\/tajkertesz\">https:\/\/www.facebook.com\/tajkertesz<\/a><\/p>\n<p align=\"justify\"><a href=\"http:\/\/www.tajkertesz.hu\">http:\/\/www.tajkertesz.hu<\/a><\/p>\n<p align=\"justify\"><a href=\"https:\/\/tajkertesz.com\/wp-content\/uploads\/2021\/12\/Meteor.pdf\">Meteor<\/a><\/p>\n<h3 align=\"justify\">Kiz\u00e1r\u00f3lag szem\u00e9lyes \u00e1tv\u00e9tellel lehets\u00e9ges a term\u00e9k megv\u00e1s\u00e1rl\u00e1sa!<\/h3>\n<p align=\"justify\"><span style=\"color: #ffffff;\">A k\u00e9sz\u00edtm\u00e9nyt a gyep ny\u00edr\u00e1s\u00e1t k\u00f6vet\u0151en, a k\u00e9tszik\u0171 gyomn\u00f6v\u00e9nyek n\u00f6veked\u00e9s\u00e9nek \u00fajb\u00f3li megindul\u00e1sa ut\u00e1n kell kijuttatni 10 l\/ha (100 ml \/ 100 m2) d\u00f3zisban. A kijuttat\u00e1shoz sz\u00fcks\u00e9ges v\u00edzmennyis\u00e9g 10 l \/ 100 m2. A kezel\u00e9sn\u00e9l \u00fcgyelni kell arra, hogy a permetl\u00e9 kult\u00farn\u00f6v\u00e9nyekre ne ker\u00fclj\u00f6n, mert azokat maradand\u00f3an k\u00e1ros\u00edtja.<\/span><\/p>\n<p align=\"justify\"><span style=\"color: #ffffff;\">A k\u00e9sz\u00edtm\u00e9ny alkalmazhat\u00f3 foltkezel\u00e9s \u00e9s teljes fel\u00fcletkezel\u00e9s form\u00e1j\u00e1ban. Egy veget\u00e1ci\u00f3s szakaszban maximum k\u00e9t kezel\u00e9s v\u00e9gezhet\u0151.<\/span><\/p>\n<div align=\"justify\"><\/div>","protected":false},"excerpt":{"rendered":"<p class=\"product-detail-name\" style=\"text-align: center;\">Meteor r\u00e9zoxiklorid gomba\u00f6l\u0151 permetez\u0151szer 30 g<\/p>","protected":false},"featured_media":12126,"template":"","meta":{"_et_pb_use_builder":"","_et_pb_old_content":"","_et_gb_content_width":""},"product_brand":[],"product_cat":[3421],"product_tag":[3573],"class_list":{"0":"post-12125","1":"product","2":"type-product","3":"status-publish","4":"has-post-thumbnail","6":"product_cat-gombaolo-szer","7":"product_tag-meteor-rezoxiklorid-gombaolo-permetezoszer-30-g","9":"first","10":"instock","11":"shipping-taxable","12":"purchasable","13":"product-type-simple"},"yoast_head":"<!-- This site is optimized with the Yoast SEO plugin v27.3 - https:\/\/yoast.com\/product\/yoast-seo-wordpress\/ -->\n<title>Meteor r\u00e9zoxiklorid gomba\u00f6l\u0151 permetez\u0151szer 30 g - T\u00e1jkert\u00e9sz<\/title>\n<meta name=\"description\" content=\"Meteor r\u00e9zoxiklorid gomba\u00f6l\u0151 permetez\u0151szer 30 g\" \/>\n<meta name=\"robots\" content=\"index, follow, max-snippet:-1, max-image-preview:large, max-video-preview:-1\" \/>\n<link rel=\"canonical\" href=\"https:\/\/tajkertesz.com\/en_US\/product\/meteor-rezoxiklorid-gombaolo-permetezoszer-30-g\/\" \/>\n<meta property=\"og:locale\" content=\"en_US\" \/>\n<meta property=\"og:type\" content=\"article\" \/>\n<meta property=\"og:title\" content=\"Meteor r\u00e9zoxiklorid gomba\u00f6l\u0151 permetez\u0151szer 30 g - T\u00e1jkert\u00e9sz\" \/>\n<meta property=\"og:description\" content=\"Meteor r\u00e9zoxiklorid gomba\u00f6l\u0151 permetez\u0151szer 30 g\" \/>\n<meta property=\"og:url\" content=\"https:\/\/tajkertesz.com\/en_US\/product\/meteor-rezoxiklorid-gombaolo-permetezoszer-30-g\/\" \/>\n<meta property=\"og:site_name\" content=\"T\u00e1jkert\u00e9sz\" \/>\n<meta property=\"article:publisher\" content=\"https:\/\/www.facebook.com\/Tajkertesz\/\" \/>\n<meta property=\"article:modified_time\" content=\"2026-02-18T15:32:45+00:00\" \/>\n<meta property=\"og:image\" content=\"https:\/\/tajkertesz.com\/wp-content\/uploads\/2021\/12\/meteor30g.jpg\" \/>\n\t<meta property=\"og:image:width\" content=\"1100\" \/>\n\t<meta property=\"og:image:height\" content=\"900\" \/>\n\t<meta property=\"og:image:type\" content=\"image\/jpeg\" \/>\n<meta name=\"twitter:card\" content=\"summary_large_image\" \/>\n<meta name=\"twitter:label1\" content=\"Est. reading time\" \/>\n\t<meta name=\"twitter:data1\" content=\"4 minutes\" \/>\n<script type=\"application\/ld+json\" class=\"yoast-schema-graph\">{\"@context\":\"https:\\\/\\\/schema.org\",\"@graph\":[{\"@type\":\"WebPage\",\"@id\":\"https:\\\/\\\/tajkertesz.com\\\/termek\\\/meteor-rezoxiklorid-gombaolo-permetezoszer-30-g\\\/\",\"url\":\"https:\\\/\\\/tajkertesz.com\\\/termek\\\/meteor-rezoxiklorid-gombaolo-permetezoszer-30-g\\\/\",\"name\":\"Meteor r\u00e9zoxiklorid gomba\u00f6l\u0151 permetez\u0151szer 30 g - T\u00e1jkert\u00e9sz\",\"isPartOf\":{\"@id\":\"https:\\\/\\\/tajkertesz.com\\\/#website\"},\"primaryImageOfPage\":{\"@id\":\"https:\\\/\\\/tajkertesz.com\\\/termek\\\/meteor-rezoxiklorid-gombaolo-permetezoszer-30-g\\\/#primaryimage\"},\"image\":{\"@id\":\"https:\\\/\\\/tajkertesz.com\\\/termek\\\/meteor-rezoxiklorid-gombaolo-permetezoszer-30-g\\\/#primaryimage\"},\"thumbnailUrl\":\"https:\\\/\\\/tajkertesz.com\\\/wp-content\\\/uploads\\\/2021\\\/12\\\/meteor30g.jpg\",\"datePublished\":\"2021-12-17T09:03:26+00:00\",\"dateModified\":\"2026-02-18T15:32:45+00:00\",\"description\":\"Meteor r\u00e9zoxiklorid gomba\u00f6l\u0151 permetez\u0151szer 30 g\",\"breadcrumb\":{\"@id\":\"https:\\\/\\\/tajkertesz.com\\\/termek\\\/meteor-rezoxiklorid-gombaolo-permetezoszer-30-g\\\/#breadcrumb\"},\"inLanguage\":\"en-US\",\"potentialAction\":[{\"@type\":\"ReadAction\",\"target\":[\"https:\\\/\\\/tajkertesz.com\\\/termek\\\/meteor-rezoxiklorid-gombaolo-permetezoszer-30-g\\\/\"]}]},{\"@type\":\"ImageObject\",\"inLanguage\":\"en-US\",\"@id\":\"https:\\\/\\\/tajkertesz.com\\\/termek\\\/meteor-rezoxiklorid-gombaolo-permetezoszer-30-g\\\/#primaryimage\",\"url\":\"https:\\\/\\\/tajkertesz.com\\\/wp-content\\\/uploads\\\/2021\\\/12\\\/meteor30g.jpg\",\"contentUrl\":\"https:\\\/\\\/tajkertesz.com\\\/wp-content\\\/uploads\\\/2021\\\/12\\\/meteor30g.jpg\",\"width\":1100,\"height\":900},{\"@type\":\"BreadcrumbList\",\"@id\":\"https:\\\/\\\/tajkertesz.com\\\/termek\\\/meteor-rezoxiklorid-gombaolo-permetezoszer-30-g\\\/#breadcrumb\",\"itemListElement\":[{\"@type\":\"ListItem\",\"position\":1,\"name\":\"Home\",\"item\":\"https:\\\/\\\/tajkertesz.com\\\/\"},{\"@type\":\"ListItem\",\"position\":2,\"name\":\"Kezd\u0151lap\",\"item\":\"https:\\\/\\\/tajkertesz.com\\\/\"},{\"@type\":\"ListItem\",\"position\":3,\"name\":\"Meteor r\u00e9zoxiklorid gomba\u00f6l\u0151 permetez\u0151szer 30 g\"}]},{\"@type\":\"WebSite\",\"@id\":\"https:\\\/\\\/tajkertesz.com\\\/#website\",\"url\":\"https:\\\/\\\/tajkertesz.com\\\/\",\"name\":\"T\u00e1j-Kert\u00e9sz 84 Kft.\",\"description\":\"Kert\u00e9szeti kis- \u00e9s nagykeresked\u00e9s, D\u00edszn\u00f6v\u00e9ny web\u00e1ruh\u00e1z orsz\u00e1gos h\u00e1zhozsz\u00e1ll\u00edt\u00e1ssal!\",\"publisher\":{\"@id\":\"https:\\\/\\\/tajkertesz.com\\\/#organization\"},\"potentialAction\":[{\"@type\":\"SearchAction\",\"target\":{\"@type\":\"EntryPoint\",\"urlTemplate\":\"https:\\\/\\\/tajkertesz.com\\\/?s={search_term_string}\"},\"query-input\":{\"@type\":\"PropertyValueSpecification\",\"valueRequired\":true,\"valueName\":\"search_term_string\"}}],\"inLanguage\":\"en-US\"},{\"@type\":\"Organization\",\"@id\":\"https:\\\/\\\/tajkertesz.com\\\/#organization\",\"name\":\"T\u00e1j-Kert\u00e9sz 84 Kft.\",\"url\":\"https:\\\/\\\/tajkertesz.com\\\/\",\"logo\":{\"@type\":\"ImageObject\",\"inLanguage\":\"en-US\",\"@id\":\"https:\\\/\\\/tajkertesz.com\\\/#\\\/schema\\\/logo\\\/image\\\/\",\"url\":\"https:\\\/\\\/tajkertesz.com\\\/wp-content\\\/uploads\\\/2018\\\/02\\\/logo-2-e1518678052539.png\",\"contentUrl\":\"https:\\\/\\\/tajkertesz.com\\\/wp-content\\\/uploads\\\/2018\\\/02\\\/logo-2-e1518678052539.png\",\"width\":81,\"height\":140,\"caption\":\"T\u00e1j-Kert\u00e9sz 84 Kft.\"},\"image\":{\"@id\":\"https:\\\/\\\/tajkertesz.com\\\/#\\\/schema\\\/logo\\\/image\\\/\"},\"sameAs\":[\"https:\\\/\\\/www.facebook.com\\\/Tajkertesz\\\/\"]}]}<\/script>\n<!-- \/ Yoast SEO plugin. -->","yoast_head_json":{"title":"Meteor r\u00e9zoxiklorid gomba\u00f6l\u0151 permetez\u0151szer 30 g - T\u00e1jkert\u00e9sz","description":"Meteor r\u00e9zoxiklorid gomba\u00f6l\u0151 permetez\u0151szer 30 g","robots":{"index":"index","follow":"follow","max-snippet":"max-snippet:-1","max-image-preview":"max-image-preview:large","max-video-preview":"max-video-preview:-1"},"canonical":"https:\/\/tajkertesz.com\/en_US\/product\/meteor-rezoxiklorid-gombaolo-permetezoszer-30-g\/","og_locale":"en_US","og_type":"article","og_title":"Meteor r\u00e9zoxiklorid gomba\u00f6l\u0151 permetez\u0151szer 30 g - T\u00e1jkert\u00e9sz","og_description":"Meteor r\u00e9zoxiklorid gomba\u00f6l\u0151 permetez\u0151szer 30 g","og_url":"https:\/\/tajkertesz.com\/en_US\/product\/meteor-rezoxiklorid-gombaolo-permetezoszer-30-g\/","og_site_name":"T\u00e1jkert\u00e9sz","article_publisher":"https:\/\/www.facebook.com\/Tajkertesz\/","article_modified_time":"2026-02-18T15:32:45+00:00","og_image":[{"width":1100,"height":900,"url":"https:\/\/tajkertesz.com\/wp-content\/uploads\/2021\/12\/meteor30g.jpg","type":"image\/jpeg"}],"twitter_card":"summary_large_image","twitter_misc":{"Est. reading time":"4 minutes"},"schema":{"@context":"https:\/\/schema.org","@graph":[{"@type":"WebPage","@id":"https:\/\/tajkertesz.com\/termek\/meteor-rezoxiklorid-gombaolo-permetezoszer-30-g\/","url":"https:\/\/tajkertesz.com\/termek\/meteor-rezoxiklorid-gombaolo-permetezoszer-30-g\/","name":"Meteor r\u00e9zoxiklorid gomba\u00f6l\u0151 permetez\u0151szer 30 g - T\u00e1jkert\u00e9sz","isPartOf":{"@id":"https:\/\/tajkertesz.com\/#website"},"primaryImageOfPage":{"@id":"https:\/\/tajkertesz.com\/termek\/meteor-rezoxiklorid-gombaolo-permetezoszer-30-g\/#primaryimage"},"image":{"@id":"https:\/\/tajkertesz.com\/termek\/meteor-rezoxiklorid-gombaolo-permetezoszer-30-g\/#primaryimage"},"thumbnailUrl":"https:\/\/tajkertesz.com\/wp-content\/uploads\/2021\/12\/meteor30g.jpg","datePublished":"2021-12-17T09:03:26+00:00","dateModified":"2026-02-18T15:32:45+00:00","description":"Meteor r\u00e9zoxiklorid gomba\u00f6l\u0151 permetez\u0151szer 30 g","breadcrumb":{"@id":"https:\/\/tajkertesz.com\/termek\/meteor-rezoxiklorid-gombaolo-permetezoszer-30-g\/#breadcrumb"},"inLanguage":"en-US","potentialAction":[{"@type":"ReadAction","target":["https:\/\/tajkertesz.com\/termek\/meteor-rezoxiklorid-gombaolo-permetezoszer-30-g\/"]}]},{"@type":"ImageObject","inLanguage":"en-US","@id":"https:\/\/tajkertesz.com\/termek\/meteor-rezoxiklorid-gombaolo-permetezoszer-30-g\/#primaryimage","url":"https:\/\/tajkertesz.com\/wp-content\/uploads\/2021\/12\/meteor30g.jpg","contentUrl":"https:\/\/tajkertesz.com\/wp-content\/uploads\/2021\/12\/meteor30g.jpg","width":1100,"height":900},{"@type":"BreadcrumbList","@id":"https:\/\/tajkertesz.com\/termek\/meteor-rezoxiklorid-gombaolo-permetezoszer-30-g\/#breadcrumb","itemListElement":[{"@type":"ListItem","position":1,"name":"Home","item":"https:\/\/tajkertesz.com\/"},{"@type":"ListItem","position":2,"name":"Kezd\u0151lap","item":"https:\/\/tajkertesz.com\/"},{"@type":"ListItem","position":3,"name":"Meteor r\u00e9zoxiklorid gomba\u00f6l\u0151 permetez\u0151szer 30 g"}]},{"@type":"WebSite","@id":"https:\/\/tajkertesz.com\/#website","url":"https:\/\/tajkertesz.com\/","name":"T\u00e1j-Kert\u00e9sz 84 Kft.","description":"Kert\u00e9szeti kis- \u00e9s nagykeresked\u00e9s, D\u00edszn\u00f6v\u00e9ny web\u00e1ruh\u00e1z orsz\u00e1gos h\u00e1zhozsz\u00e1ll\u00edt\u00e1ssal!","publisher":{"@id":"https:\/\/tajkertesz.com\/#organization"},"potentialAction":[{"@type":"SearchAction","target":{"@type":"EntryPoint","urlTemplate":"https:\/\/tajkertesz.com\/?s={search_term_string}"},"query-input":{"@type":"PropertyValueSpecification","valueRequired":true,"valueName":"search_term_string"}}],"inLanguage":"en-US"},{"@type":"Organization","@id":"https:\/\/tajkertesz.com\/#organization","name":"T\u00e1j-Kert\u00e9sz 84 Kft.","url":"https:\/\/tajkertesz.com\/","logo":{"@type":"ImageObject","inLanguage":"en-US","@id":"https:\/\/tajkertesz.com\/#\/schema\/logo\/image\/","url":"https:\/\/tajkertesz.com\/wp-content\/uploads\/2018\/02\/logo-2-e1518678052539.png","contentUrl":"https:\/\/tajkertesz.com\/wp-content\/uploads\/2018\/02\/logo-2-e1518678052539.png","width":81,"height":140,"caption":"T\u00e1j-Kert\u00e9sz 84 Kft."},"image":{"@id":"https:\/\/tajkertesz.com\/#\/schema\/logo\/image\/"},"sameAs":["https:\/\/www.facebook.com\/Tajkertesz\/"]}]}},"_links":{"self":[{"href":"https:\/\/tajkertesz.com\/en_US\/wp-json\/wp\/v2\/product\/12125","targetHints":{"allow":["GET"]}}],"collection":[{"href":"https:\/\/tajkertesz.com\/en_US\/wp-json\/wp\/v2\/product"}],"about":[{"href":"https:\/\/tajkertesz.com\/en_US\/wp-json\/wp\/v2\/types\/product"}],"wp:featuredmedia":[{"embeddable":true,"href":"https:\/\/tajkertesz.com\/en_US\/wp-json\/wp\/v2\/media\/12126"}],"wp:attachment":[{"href":"https:\/\/tajkertesz.com\/en_US\/wp-json\/wp\/v2\/media?parent=12125"}],"wp:term":[{"taxonomy":"product_brand","embeddable":true,"href":"https:\/\/tajkertesz.com\/en_US\/wp-json\/wp\/v2\/product_brand?post=12125"},{"taxonomy":"product_cat","embeddable":true,"href":"https:\/\/tajkertesz.com\/en_US\/wp-json\/wp\/v2\/product_cat?post=12125"},{"taxonomy":"product_tag","embeddable":true,"href":"https:\/\/tajkertesz.com\/en_US\/wp-json\/wp\/v2\/product_tag?post=12125"}],"curies":[{"name":"wp","href":"https:\/\/api.w.org\/{rel}","templated":true}]}}