{"id":12131,"date":"2021-12-17T09:11:13","date_gmt":"2021-12-17T09:11:13","guid":{"rendered":"https:\/\/tajkertesz.com\/?post_type=product&#038;p=12131"},"modified":"2026-03-02T08:59:45","modified_gmt":"2026-03-02T08:59:45","slug":"nordox-75wg-20g","status":"publish","type":"product","link":"https:\/\/tajkertesz.com\/en_US\/product\/nordox-75wg-20g\/","title":{"rendered":"Nordox 75WG 20g"},"content":{"rendered":"<h1 class=\"product-detail-name\">Nordox 75WG 20g<\/h1>\n<div class=\"product-detail-title-after\">\n<div class=\"product-detail-manufacturer-wrap\"><\/div>\n<\/div>\n<div class=\"product-detail-title-after\">\n<div class=\"product-detail-manufacturer-wrap\"><\/div>\n<\/div>\n<div class=\"product-detail-title-after\">\n<div class=\"product-detail-manufacturer-wrap\">\n<p class=\"product-detail-name\">Nordox 75WG 20g<\/p>\n<div class=\"product-detail-title-after\">\n<div class=\"product-detail-manufacturer-wrap\"><\/div>\n<\/div>\n<div class=\"product-detail-title-after\">\n<div class=\"product-detail-manufacturer-wrap\"><\/div>\n<\/div>\n<div class=\"product-detail-title-after\">\n<div class=\"product-detail-manufacturer-wrap\">\n<p>N\u00d6V\u00c9NYV\u00c9DELMI TECHNOL\u00d3GIA:<\/p>\n<p>H\u00e1zikerti felhaszn\u00e1l\u00e1s: 20 g\/10 l v\u00edz<\/p>\n<p>A k\u00e9sz\u00edtm\u00e9nyt az almaterm\u00e9s\u0171 kult\u00far\u00e1kban a bakt\u00e9riumos \u00e9s gomb\u00e1s eredet\u0171 betegs\u00e9gek ellen (kiv\u00e9ve lisztharmat) a tavaszi \u00e9s az \u0151szi id\u0151szakban, lemos\u00f3 permetez\u00e9s form\u00e1j\u00e1ban javasolt kijuttatni. A t\u0171zelhal\u00e1s \u00e9s varasod\u00e1s ellen megel\u0151z\u0151 jelleggel, r\u00fcgyfakad\u00e1st\u00f3l z\u00f6ldbimb\u00f3s \u00e1llapot v\u00e9g\u00e9ig, 2-3 alkalommal lehet v\u00e9dekezni. A kezel\u00e9seket 7-10 napos gyakoris\u00e1ggal, nagy permetl\u00e9 mennyis\u00e9ggel c\u00e9lszer\u0171 v\u00e9gezni. A term\u00e9s viaszosod\u00e1s\u00e1t k\u00f6vet\u0151en a k\u00e9sz\u00edtm\u00e9ny z\u00e1r\u00f3 permetez\u00e9sre \u00fajb\u00f3l felhaszn\u00e1lhat\u00f3 a r\u00e9z\u00e9rz\u00e9kenys\u00e9g, a perzsel\u00e9si vesz\u00e9ly figyelembe v\u00e9tel\u00e9vel.<\/p>\n<p>D\u00f3zisa 1,2-2,6 kg \/ha<\/p>\n<p>A faiskolai alany-, csemete- \u00e9s oltv\u00e1nykertekben a t\u0171zelhal\u00e1s elleni v\u00e9dekez\u00e9seket a fert\u0151z\u00e9si id\u0151szakot megel\u0151z\u0151en kell elkezdeni. A fert\u0151z\u00e9si helyzet ismeret\u00e9ben a permetez\u00e9seket 14 naponk\u00e9nt 2-3 alkalommal, 300-400 l\/ha permetl\u00e9 felhaszn\u00e1l\u00e1s\u00e1val c\u00e9lszer\u0171 elv\u00e9gezni.<\/p>\n<p>Sz\u0151l\u0151ben a peronoszp\u00f3ra ellen megel\u0151z\u0151 jelleggel, az el\u0151rejelz\u00e9sre alapozva kell v\u00e9dekezni. A permetez\u00e9st a hajt\u00e1sok 20-25 cm-es \u00e1llapot\u00e1ban aj\u00e1nlott megkezdeni, majd a fert\u0151z\u00e9s alakul\u00e1sa szerint, 7-14 naponk\u00e9nt c\u00e9lszer\u0171 megism\u00e9telni. Er\u0151sebb fert\u0151z\u00e9si nyom\u00e1sn\u00e1l a nagyobb d\u00f3zis alkalmaz\u00e1sa javasolt. A f\u00fcrtz\u00e1r\u00f3d\u00e1s ut\u00e1ni kezel\u00e9sek kedvez\u0151en befoly\u00e1solj\u00e1k a sz\u00fcrkepen\u00e9sz elleni v\u00e9dekez\u00e9sek eredm\u00e9nyess\u00e9g\u00e9t is.<\/p>\n<p>Cukorr\u00e9p\u00e1ban a lev\u00e9lbetegs\u00e9gek (cerkosp\u00f3ra) ellen (lisztharmat kiv\u00e9tel\u00e9vel) megel\u0151z\u0151 jelleggel, de legk\u00e9s\u0151bb az els\u0151 t\u00fcnetek \u00e9szlel\u00e9sekor javasolt elkezdeni a v\u00e9dekez\u00e9st. A permetez\u00e9st az id\u0151j\u00e1r\u00e1s, \u00e9s ezzel \u00f6sszef\u00fcgg\u00e9sben a j\u00e1rv\u00e1nyhelyzet alakul\u00e1s\u00e1t\u00f3l f\u00fcgg\u0151en 7-10 naponk\u00e9nt c\u00e9lszer\u0171 megism\u00e9telni.<\/p>\n<p>Burgony\u00e1ban a v\u00e9dekez\u00e9st lehet\u0151leg el\u0151rejelz\u00e9sre alapozva, megel\u0151z\u0151 jelleggel vagy legk\u00e9s\u0151bb az els\u0151 t\u00fcnetek megjelen\u00e9se idej\u00e9n kell elkezdeni. A j\u00e1rv\u00e1nyhelyzet, ill. a fert\u0151z\u00e9s m\u00e9rt\u00e9k\u00e9nek alakul\u00e1s\u00e1t\u00f3l f\u00fcgg\u0151en a permetez\u00e9seket 8-12 naponk\u00e9nt sz\u00fcks\u00e9ges megism\u00e9telni. Gyeng\u00e9bb fert\u0151z\u00e9skor 12 napos, k\u00f6zepes vagy s\u00falyosabb fert\u0151z\u00e9s vesz\u00e9lye eset\u00e9n 8 napos id\u0151k\u00f6z\u00f6kkel v\u00e9dekezz\u00fcnk!<\/p>\n<p>\u0150szi- \u00e9s kajszibarackban bakt\u00e9riumos \u00e9s gomb\u00e1s eredet\u0171 \u00e1gelhal\u00e1sok, lev\u00e9llyukacsosod\u00e1s, \u0151szibarackban tafrin\u00e1s lev\u00e9lfodrosod\u00e1s \u00e9s kajsziban apiognom\u00f3ni\u00e1s lev\u00e9lfoltoss\u00e1g ellen r\u00fcgyfakad\u00e1sig 0,27-0,3% koncentr\u00e1ci\u00f3ban lehet v\u00e9dekezni. Ezt k\u00f6vet\u0151en a r\u00e9z\u00e9rz\u00e9kenys\u00e9gb\u0151l fakad\u00f3 perzsel\u00e9si vesz\u00e9ly elker\u00fcl\u00e9se \u00e9rdek\u00e9ben a kezel\u00e9s legfeljebb piros bimb\u00f3s \u00e1llapotig 0,14-0,17 %-os permetl\u00e9vel v\u00e9gezhet\u0151. \u0150sszel, a lombhull\u00e1s kezdet\u00e9n a bakt\u00e9riumos \u00e9s gomb\u00e1s eredet\u0171 \u00e1gelhal\u00e1sok ellen a permetez\u00e9s \u2013 a nagyobb koncentr\u00e1ci\u00f3ban \u2013 ism\u00e9t indokolt.<\/p>\n<p>Szilv\u00e1ban, meggyben \u00e9s csereszny\u00e9ben lev\u00e9llyukacsosod\u00e1s, mon\u00edlia \u00e9s \u00e1gelhal\u00e1sok ellen r\u00fcgyfakad\u00e1sig 0,27-0,30%-os koncentr\u00e1ci\u00f3ban javasolt v\u00e9dekezni. A tov\u00e1bbiakban a k\u00e9sz\u00edtm\u00e9ny a fert\u0151z\u00e9s alakul\u00e1sa szerint 0,14 \u2013 0,17 % t\u00f6m\u00e9nys\u00e9gben, feh\u00e9rbimb\u00f3s \u00e1llapotig alkalmazhat\u00f3.<\/p>\n<p>H\u00e9jas gy\u00fcm\u00f6lcs\u0171ekben (di\u00f3, mandula, mogyor\u00f3, szel\u00eddgesztenye) bakt\u00e9riumos \u00e9s gomb\u00e1s eredet\u0171 betegs\u00e9gek (kiv\u00e9ve lisztharmat) ellen a lemos\u00f3 v\u00e9dekez\u00e9st tavasszal r\u00fcgyfakad\u00e1sig \u00e9s \u0151sszel a lev\u00e9lhull\u00e1st k\u00f6vet\u0151en kell v\u00e9grehajtani.<\/p>\n<p>Bogy\u00f3sokban vessz\u0151- \u00e9s lev\u00e9lbetegs\u00e9gek ellen a k\u00e9sz\u00edtm\u00e9ny lemos\u00e1sszer\u0171 alkalmaz\u00e1sa a veget\u00e1ci\u00f3s id\u0151szak elej\u00e9n \u00e9s a term\u00e9s betakar\u00edt\u00e1sa ut\u00e1n javasolt.<\/p>\n<p>Z\u00f6lds\u00e9gf\u00e9l\u00e9kben bakt\u00e9riumos \u00e9s gomb\u00e1s eredet\u0171 betegs\u00e9gek (kiv\u00e9ve lisztharmat \u00e9s sz\u00fcrkerothad\u00e1s) ellen a kezel\u00e9seket el\u0151rejelz\u00e9sre alapozva, megel\u0151z\u0151 jelleggel kell megkezdeni, majd a fert\u0151z\u00e9s alakul\u00e1sa szerint 7-14 naponk\u00e9nt aj\u00e1nlott ism\u00e9telni. K\u00e1posztaf\u00e9l\u00e9kben, hagym\u00e1ban, bors\u00f3ban \u00e9s z\u00f6ldbabban a permetl\u00e9 megfelel\u0151 tapad\u00e1s\u00e1t nedves\u00edt\u0151 szer (Microbio) hozz\u00e1ad\u00e1s\u00e1val kell el\u0151seg\u00edteni.<\/p>\n<p>D\u00edszn\u00f6v\u00e9nyekben a bakt\u00e9riumos \u00e9s gomb\u00e1s eredet\u0171 betegs\u00e9gek (kiv\u00e9ve lisztharmat) elleni v\u00e9dekez\u00e9st prevent\u00edven, de legk\u00e9s\u0151bb a kezdeti t\u00fcnetek megjelen\u00e9sekor kell elkezdeni. A permetez\u00e9st a fert\u0151z\u00e9si kock\u00e1zat alapj\u00e1n, 7-14 napos id\u0151k\u00f6z\u00f6kkel javasolt ism\u00e9telni. Tekintettel a d\u00edszn\u00f6v\u00e9nyek sokf\u00e9les\u00e9g\u00e9re \u00e9s a fajt\u00e1kban val\u00f3 v\u00e1ltozatoss\u00e1gukra a kezel\u00e9s el\u0151tt v\u00e9gezz\u00fcnk fitotoxicit\u00e1si (lev\u00e9l, vir\u00e1gperzsel\u00e9si) pr\u00f3b\u00e1t.<\/p>\n<p>Er\u0151sebb fert\u0151z\u00e9s, vagy j\u00e1rv\u00e1nyvesz\u00e9ly eset\u00e9n a nagyobb d\u00f3zisok haszn\u00e1lata indokolt.<\/p>\n<p>L\u00e9gi kijuttat\u00e1s: &#8211;<\/p>\n<p>K\u00dcL\u00d6NLEGES EL\u0150NYEI:<br \/>\nminden szisztemikus k\u00e9sz\u00edtm\u00e9ny ide\u00e1lis kontakt partnere, cs\u00f6kkenti a felsz\u00edv\u00f3d\u00f3 szerek haszn\u00e1lata eset\u00e9n kialakul\u00f3 rezisztencia vesz\u00e9ly\u00e9t<br \/>\na granul\u00e1tum nem porzik<br \/>\nes\u0151\u00e1ll\u00f3s\u00e1ga, tapad\u00f3k\u00e9pess\u00e9ge kateg\u00f3ri\u00e1j\u00e1ban egyed\u00fcl\u00e1ll\u00f3an j\u00f3<br \/>\na magas hat\u00f3anyag koncentr\u00e1ci\u00f3 miatt alacsony d\u00f3zisban kell alkalmazni<\/p>\n<p>KIEG\u00c9SZ\u00cdT\u0150 TECHNIKAI ADATOK:<br \/>\nMunkaeg\u00e9szs\u00e9g\u00fcgyi v\u00e1rakoz\u00e1si id\u0151: 0 nap<br \/>\n\u00c9lelmez\u00e9s-eg\u00e9szs\u00e9g\u00fcgyi v\u00e1rakoz\u00e1si id\u0151: almaterm\u00e9s\u0171ek: 10 nap; sz\u0151l\u0151, cukorr\u00e9pa, csonth\u00e9jasok, h\u00e9jas gy\u00fcm\u00f6lcs\u0171ek, bogy\u00f3sok, hagyma: 21 nap, k\u00e1posztaf\u00e9l\u00e9k, zeller, spen\u00f3t sp\u00e1rga, cik\u00f3ria: 15 nap, burgonya, paprika, paradicsom: 7 nap, m\u00e1lna, kabakosok, h\u00fcvelyesek: 5 nap<br \/>\nEnged\u00e9lysz\u00e1m: 12417\/2002 FVM, 46807\/2004 FVM, 02.5\/3435\/1\/2008. MgSzHK, 04.2\/3311-2\/2014. N\u00c9BIH<br \/>\nForgalmi kateg\u00f3ria: III.<br \/>\nEltarthat\u00f3s\u00e1g: eredeti z\u00e1rt csomagol\u00e1sban, sz\u00e1raz, h\u0171v\u00f6s helyen, szab\u00e1lyos n\u00f6v\u00e9nyv\u00e9d\u0151 szer rakt\u00e1rban 3 \u00e9v<\/p>\n<p>A felt\u00fcntetett adatok t\u00e1j\u00e9koztat\u00f3 jelleg\u0171ek, a k\u00e9sz\u00edtm\u00e9ny haszn\u00e1lata el\u0151tt minden esetben olvassa el az enged\u00e9lyokiratot \u00e9s a c\u00edmk\u00e9t!<\/p>\n<\/div>\n<\/div>\n<\/div>\n<\/div>\n<p align=\"justify\"><a href=\"https:\/\/www.facebook.com\/tajkertesz\">https:\/\/www.facebook.com\/tajkertesz<\/a><\/p>\n<p align=\"justify\"><a href=\"http:\/\/www.tajkertesz.hu\">http:\/\/www.tajkertesz.hu<\/a><\/p>\n<p align=\"justify\"><a href=\"https:\/\/tajkertesz.com\/wp-content\/uploads\/2021\/12\/NORDOX75W.pdf\">NORDOX75W<\/a><\/p>\n<h3 align=\"justify\">Kiz\u00e1r\u00f3lag szem\u00e9lyes \u00e1tv\u00e9tellel lehets\u00e9ges a term\u00e9k megv\u00e1s\u00e1rl\u00e1sa!<\/h3>\n<p align=\"justify\"><span style=\"color: #ffffff;\">A k\u00e9sz\u00edtm\u00e9nyt a gyep ny\u00edr\u00e1s\u00e1t k\u00f6vet\u0151en, a k\u00e9tszik\u0171 gyomn\u00f6v\u00e9nyek n\u00f6veked\u00e9s\u00e9nek \u00fajb\u00f3li megindul\u00e1sa ut\u00e1n kell kijuttatni 10 l\/ha (100 ml \/ 100 m2) d\u00f3zisban. A kijuttat\u00e1shoz sz\u00fcks\u00e9ges v\u00edzmennyis\u00e9g 10 l \/ 100 m2. A kezel\u00e9sn\u00e9l \u00fcgyelni kell arra, hogy a permetl\u00e9 kult\u00farn\u00f6v\u00e9nyekre ne ker\u00fclj\u00f6n, mert azokat maradand\u00f3an k\u00e1ros\u00edtja.<\/span><\/p>\n<p align=\"justify\"><span style=\"color: #ffffff;\">A k\u00e9sz\u00edtm\u00e9ny alkalmazhat\u00f3 foltkezel\u00e9s \u00e9s teljes fel\u00fcletkezel\u00e9s form\u00e1j\u00e1ban. Egy veget\u00e1ci\u00f3s szakaszban maximum k\u00e9t kezel\u00e9s v\u00e9gezhet\u0151.<\/span><\/p>\n<div align=\"justify\"><\/div>","protected":false},"excerpt":{"rendered":"<p class=\"product-detail-name\" style=\"text-align: center;\">Nordox 75WG 20g<\/p>\n<div class=\"product-detail-title-after\">\n<div class=\"product-detail-manufacturer-wrap\"><\/div>\n<\/div>\n<div class=\"product-detail-title-after\">\n<div class=\"product-detail-manufacturer-wrap\"><\/div>\n<\/div>\n<div class=\"product-detail-title-after\">\n<div class=\"product-detail-manufacturer-wrap\"><\/div>\n<\/div>\n<div class=\"product-detail-title-after\">\n<div class=\"product-detail-manufacturer-wrap\"><\/div>\n<\/div>\n<div class=\"product-detail-title-after\">\n<div class=\"product-detail-manufacturer-wrap\"><\/div>\n<\/div>","protected":false},"featured_media":12132,"template":"","meta":{"_et_pb_use_builder":"","_et_pb_old_content":"","_et_gb_content_width":""},"product_brand":[],"product_cat":[3421],"product_tag":[3575],"class_list":{"0":"post-12131","1":"product","2":"type-product","3":"status-publish","4":"has-post-thumbnail","6":"product_cat-gombaolo-szer","7":"product_tag-nordox-75wg-20g","9":"first","10":"outofstock","11":"shipping-taxable","12":"product-type-simple"},"yoast_head":"<!-- This site is optimized with the Yoast SEO plugin v27.3 - https:\/\/yoast.com\/product\/yoast-seo-wordpress\/ -->\n<title>Nordox 75WG 20g - T\u00e1jkert\u00e9sz<\/title>\n<meta name=\"description\" content=\"Nordox 75WG 20g\" \/>\n<meta name=\"robots\" content=\"index, follow, max-snippet:-1, max-image-preview:large, max-video-preview:-1\" \/>\n<link rel=\"canonical\" href=\"https:\/\/tajkertesz.com\/en_US\/product\/nordox-75wg-20g\/\" \/>\n<meta property=\"og:locale\" content=\"en_US\" \/>\n<meta property=\"og:type\" content=\"article\" \/>\n<meta property=\"og:title\" content=\"Nordox 75WG 20g - T\u00e1jkert\u00e9sz\" \/>\n<meta property=\"og:description\" content=\"Nordox 75WG 20g\" \/>\n<meta property=\"og:url\" content=\"https:\/\/tajkertesz.com\/en_US\/product\/nordox-75wg-20g\/\" \/>\n<meta property=\"og:site_name\" content=\"T\u00e1jkert\u00e9sz\" \/>\n<meta property=\"article:publisher\" content=\"https:\/\/www.facebook.com\/Tajkertesz\/\" \/>\n<meta property=\"article:modified_time\" content=\"2026-03-02T08:59:45+00:00\" \/>\n<meta property=\"og:image\" content=\"https:\/\/tajkertesz.com\/wp-content\/uploads\/2021\/12\/Nordox20g.jpg\" \/>\n\t<meta property=\"og:image:width\" content=\"509\" \/>\n\t<meta property=\"og:image:height\" content=\"600\" \/>\n\t<meta property=\"og:image:type\" content=\"image\/jpeg\" \/>\n<meta name=\"twitter:card\" content=\"summary_large_image\" \/>\n<meta name=\"twitter:label1\" content=\"Est. reading time\" \/>\n\t<meta name=\"twitter:data1\" content=\"4 minutes\" \/>\n<script type=\"application\/ld+json\" class=\"yoast-schema-graph\">{\"@context\":\"https:\\\/\\\/schema.org\",\"@graph\":[{\"@type\":\"WebPage\",\"@id\":\"https:\\\/\\\/tajkertesz.com\\\/termek\\\/nordox-75wg-20g\\\/\",\"url\":\"https:\\\/\\\/tajkertesz.com\\\/termek\\\/nordox-75wg-20g\\\/\",\"name\":\"Nordox 75WG 20g - T\u00e1jkert\u00e9sz\",\"isPartOf\":{\"@id\":\"https:\\\/\\\/tajkertesz.com\\\/#website\"},\"primaryImageOfPage\":{\"@id\":\"https:\\\/\\\/tajkertesz.com\\\/termek\\\/nordox-75wg-20g\\\/#primaryimage\"},\"image\":{\"@id\":\"https:\\\/\\\/tajkertesz.com\\\/termek\\\/nordox-75wg-20g\\\/#primaryimage\"},\"thumbnailUrl\":\"https:\\\/\\\/tajkertesz.com\\\/wp-content\\\/uploads\\\/2021\\\/12\\\/Nordox20g.jpg\",\"datePublished\":\"2021-12-17T09:11:13+00:00\",\"dateModified\":\"2026-03-02T08:59:45+00:00\",\"description\":\"Nordox 75WG 20g\",\"breadcrumb\":{\"@id\":\"https:\\\/\\\/tajkertesz.com\\\/termek\\\/nordox-75wg-20g\\\/#breadcrumb\"},\"inLanguage\":\"en-US\",\"potentialAction\":[{\"@type\":\"ReadAction\",\"target\":[\"https:\\\/\\\/tajkertesz.com\\\/termek\\\/nordox-75wg-20g\\\/\"]}]},{\"@type\":\"ImageObject\",\"inLanguage\":\"en-US\",\"@id\":\"https:\\\/\\\/tajkertesz.com\\\/termek\\\/nordox-75wg-20g\\\/#primaryimage\",\"url\":\"https:\\\/\\\/tajkertesz.com\\\/wp-content\\\/uploads\\\/2021\\\/12\\\/Nordox20g.jpg\",\"contentUrl\":\"https:\\\/\\\/tajkertesz.com\\\/wp-content\\\/uploads\\\/2021\\\/12\\\/Nordox20g.jpg\",\"width\":509,\"height\":600},{\"@type\":\"BreadcrumbList\",\"@id\":\"https:\\\/\\\/tajkertesz.com\\\/termek\\\/nordox-75wg-20g\\\/#breadcrumb\",\"itemListElement\":[{\"@type\":\"ListItem\",\"position\":1,\"name\":\"Home\",\"item\":\"https:\\\/\\\/tajkertesz.com\\\/\"},{\"@type\":\"ListItem\",\"position\":2,\"name\":\"Kezd\u0151lap\",\"item\":\"https:\\\/\\\/tajkertesz.com\\\/\"},{\"@type\":\"ListItem\",\"position\":3,\"name\":\"Nordox 75WG 20g\"}]},{\"@type\":\"WebSite\",\"@id\":\"https:\\\/\\\/tajkertesz.com\\\/#website\",\"url\":\"https:\\\/\\\/tajkertesz.com\\\/\",\"name\":\"T\u00e1j-Kert\u00e9sz 84 Kft.\",\"description\":\"Kert\u00e9szeti kis- \u00e9s nagykeresked\u00e9s, D\u00edszn\u00f6v\u00e9ny web\u00e1ruh\u00e1z orsz\u00e1gos h\u00e1zhozsz\u00e1ll\u00edt\u00e1ssal!\",\"publisher\":{\"@id\":\"https:\\\/\\\/tajkertesz.com\\\/#organization\"},\"potentialAction\":[{\"@type\":\"SearchAction\",\"target\":{\"@type\":\"EntryPoint\",\"urlTemplate\":\"https:\\\/\\\/tajkertesz.com\\\/?s={search_term_string}\"},\"query-input\":{\"@type\":\"PropertyValueSpecification\",\"valueRequired\":true,\"valueName\":\"search_term_string\"}}],\"inLanguage\":\"en-US\"},{\"@type\":\"Organization\",\"@id\":\"https:\\\/\\\/tajkertesz.com\\\/#organization\",\"name\":\"T\u00e1j-Kert\u00e9sz 84 Kft.\",\"url\":\"https:\\\/\\\/tajkertesz.com\\\/\",\"logo\":{\"@type\":\"ImageObject\",\"inLanguage\":\"en-US\",\"@id\":\"https:\\\/\\\/tajkertesz.com\\\/#\\\/schema\\\/logo\\\/image\\\/\",\"url\":\"https:\\\/\\\/tajkertesz.com\\\/wp-content\\\/uploads\\\/2018\\\/02\\\/logo-2-e1518678052539.png\",\"contentUrl\":\"https:\\\/\\\/tajkertesz.com\\\/wp-content\\\/uploads\\\/2018\\\/02\\\/logo-2-e1518678052539.png\",\"width\":81,\"height\":140,\"caption\":\"T\u00e1j-Kert\u00e9sz 84 Kft.\"},\"image\":{\"@id\":\"https:\\\/\\\/tajkertesz.com\\\/#\\\/schema\\\/logo\\\/image\\\/\"},\"sameAs\":[\"https:\\\/\\\/www.facebook.com\\\/Tajkertesz\\\/\"]}]}<\/script>\n<!-- \/ Yoast SEO plugin. -->","yoast_head_json":{"title":"Nordox 75WG 20g - T\u00e1jkert\u00e9sz","description":"Nordox 75WG 20g","robots":{"index":"index","follow":"follow","max-snippet":"max-snippet:-1","max-image-preview":"max-image-preview:large","max-video-preview":"max-video-preview:-1"},"canonical":"https:\/\/tajkertesz.com\/en_US\/product\/nordox-75wg-20g\/","og_locale":"en_US","og_type":"article","og_title":"Nordox 75WG 20g - T\u00e1jkert\u00e9sz","og_description":"Nordox 75WG 20g","og_url":"https:\/\/tajkertesz.com\/en_US\/product\/nordox-75wg-20g\/","og_site_name":"T\u00e1jkert\u00e9sz","article_publisher":"https:\/\/www.facebook.com\/Tajkertesz\/","article_modified_time":"2026-03-02T08:59:45+00:00","og_image":[{"width":509,"height":600,"url":"https:\/\/tajkertesz.com\/wp-content\/uploads\/2021\/12\/Nordox20g.jpg","type":"image\/jpeg"}],"twitter_card":"summary_large_image","twitter_misc":{"Est. reading time":"4 minutes"},"schema":{"@context":"https:\/\/schema.org","@graph":[{"@type":"WebPage","@id":"https:\/\/tajkertesz.com\/termek\/nordox-75wg-20g\/","url":"https:\/\/tajkertesz.com\/termek\/nordox-75wg-20g\/","name":"Nordox 75WG 20g - T\u00e1jkert\u00e9sz","isPartOf":{"@id":"https:\/\/tajkertesz.com\/#website"},"primaryImageOfPage":{"@id":"https:\/\/tajkertesz.com\/termek\/nordox-75wg-20g\/#primaryimage"},"image":{"@id":"https:\/\/tajkertesz.com\/termek\/nordox-75wg-20g\/#primaryimage"},"thumbnailUrl":"https:\/\/tajkertesz.com\/wp-content\/uploads\/2021\/12\/Nordox20g.jpg","datePublished":"2021-12-17T09:11:13+00:00","dateModified":"2026-03-02T08:59:45+00:00","description":"Nordox 75WG 20g","breadcrumb":{"@id":"https:\/\/tajkertesz.com\/termek\/nordox-75wg-20g\/#breadcrumb"},"inLanguage":"en-US","potentialAction":[{"@type":"ReadAction","target":["https:\/\/tajkertesz.com\/termek\/nordox-75wg-20g\/"]}]},{"@type":"ImageObject","inLanguage":"en-US","@id":"https:\/\/tajkertesz.com\/termek\/nordox-75wg-20g\/#primaryimage","url":"https:\/\/tajkertesz.com\/wp-content\/uploads\/2021\/12\/Nordox20g.jpg","contentUrl":"https:\/\/tajkertesz.com\/wp-content\/uploads\/2021\/12\/Nordox20g.jpg","width":509,"height":600},{"@type":"BreadcrumbList","@id":"https:\/\/tajkertesz.com\/termek\/nordox-75wg-20g\/#breadcrumb","itemListElement":[{"@type":"ListItem","position":1,"name":"Home","item":"https:\/\/tajkertesz.com\/"},{"@type":"ListItem","position":2,"name":"Kezd\u0151lap","item":"https:\/\/tajkertesz.com\/"},{"@type":"ListItem","position":3,"name":"Nordox 75WG 20g"}]},{"@type":"WebSite","@id":"https:\/\/tajkertesz.com\/#website","url":"https:\/\/tajkertesz.com\/","name":"T\u00e1j-Kert\u00e9sz 84 Kft.","description":"Kert\u00e9szeti kis- \u00e9s nagykeresked\u00e9s, D\u00edszn\u00f6v\u00e9ny web\u00e1ruh\u00e1z orsz\u00e1gos h\u00e1zhozsz\u00e1ll\u00edt\u00e1ssal!","publisher":{"@id":"https:\/\/tajkertesz.com\/#organization"},"potentialAction":[{"@type":"SearchAction","target":{"@type":"EntryPoint","urlTemplate":"https:\/\/tajkertesz.com\/?s={search_term_string}"},"query-input":{"@type":"PropertyValueSpecification","valueRequired":true,"valueName":"search_term_string"}}],"inLanguage":"en-US"},{"@type":"Organization","@id":"https:\/\/tajkertesz.com\/#organization","name":"T\u00e1j-Kert\u00e9sz 84 Kft.","url":"https:\/\/tajkertesz.com\/","logo":{"@type":"ImageObject","inLanguage":"en-US","@id":"https:\/\/tajkertesz.com\/#\/schema\/logo\/image\/","url":"https:\/\/tajkertesz.com\/wp-content\/uploads\/2018\/02\/logo-2-e1518678052539.png","contentUrl":"https:\/\/tajkertesz.com\/wp-content\/uploads\/2018\/02\/logo-2-e1518678052539.png","width":81,"height":140,"caption":"T\u00e1j-Kert\u00e9sz 84 Kft."},"image":{"@id":"https:\/\/tajkertesz.com\/#\/schema\/logo\/image\/"},"sameAs":["https:\/\/www.facebook.com\/Tajkertesz\/"]}]}},"_links":{"self":[{"href":"https:\/\/tajkertesz.com\/en_US\/wp-json\/wp\/v2\/product\/12131","targetHints":{"allow":["GET"]}}],"collection":[{"href":"https:\/\/tajkertesz.com\/en_US\/wp-json\/wp\/v2\/product"}],"about":[{"href":"https:\/\/tajkertesz.com\/en_US\/wp-json\/wp\/v2\/types\/product"}],"wp:featuredmedia":[{"embeddable":true,"href":"https:\/\/tajkertesz.com\/en_US\/wp-json\/wp\/v2\/media\/12132"}],"wp:attachment":[{"href":"https:\/\/tajkertesz.com\/en_US\/wp-json\/wp\/v2\/media?parent=12131"}],"wp:term":[{"taxonomy":"product_brand","embeddable":true,"href":"https:\/\/tajkertesz.com\/en_US\/wp-json\/wp\/v2\/product_brand?post=12131"},{"taxonomy":"product_cat","embeddable":true,"href":"https:\/\/tajkertesz.com\/en_US\/wp-json\/wp\/v2\/product_cat?post=12131"},{"taxonomy":"product_tag","embeddable":true,"href":"https:\/\/tajkertesz.com\/en_US\/wp-json\/wp\/v2\/product_tag?post=12131"}],"curies":[{"name":"wp","href":"https:\/\/api.w.org\/{rel}","templated":true}]}}