{"id":12141,"date":"2021-12-17T09:21:32","date_gmt":"2021-12-17T09:21:32","guid":{"rendered":"https:\/\/tajkertesz.com\/?post_type=product&#038;p=12141"},"modified":"2026-02-18T15:32:15","modified_gmt":"2026-02-18T15:32:15","slug":"biosol-kaliszappan-1-l","status":"publish","type":"product","link":"https:\/\/tajkertesz.com\/en_US\/product\/biosol-kaliszappan-1-l\/","title":{"rendered":"Biosol K\u00e1liszappan 1 l"},"content":{"rendered":"<h1 class=\"product-detail-name\">Biosol K\u00e1liszappan 1 l<\/h1>\n<div class=\"product-detail-title-after\">\n<div class=\"product-detail-manufacturer-wrap\">\n<p class=\"product-detail-name\">Biosol K\u00e1liszappan 1 l<\/p>\n<div class=\"product-detail-title-after\">\n<div class=\"product-detail-manufacturer-wrap\">\n<p>H\u00e1zikerti felhaszn\u00e1l\u00e1s: 20-100 ml\/10 l v\u00edz.<\/p>\n<p>Felhaszn\u00e1lhat\u00f3:<\/p>\n<p>N\u00f6v\u00e9ny\u00e1pol\u00f3 szer gomba- \u00e9s rovar\u00f6l\u0151 szerek tapad\u00e1sfokoz\u00e1s\u00e1ra, valamint az \u00e9l\u0151 k\u00e1ros\u00edt\u00f3k (pl. lev\u00e9ltetvek, atk\u00e1k, lev\u00e9lbolh\u00e1k) fizikai t\u00e1voltart\u00e1s\u00e1ra \u00e9s elt\u00e1vol\u00edt\u00e1s\u00e1ra.<\/p>\n<p>Sz\u00e1nt\u00f3f\u00f6ldi kult\u00far\u00e1kban, z\u00f6lds\u00e9gn\u00f6v\u00e9nyekben, gy\u00fcm\u00f6lcs-kult\u00far\u00e1kban \u00e9s d\u00edszn\u00f6v\u00e9nyekben gomba- \u00e9s rovar\u00f6l\u0151 szerek tapad\u00e1sfokoz\u00e1s\u00e1ra 0,5-1,0 %-os koncentr\u00e1ci\u00f3ban (0,05-0,1 l\/10 l permetl\u00e9ben) a n\u00f6v\u00e9nyv\u00e9d\u0151 szerrel egy\u00fctt kijuttatva. \u00d6nmag\u00e1ban kijuttatva, 1,0-2,5 %-os koncentr\u00e1ci\u00f3ban (0,1-0,25 l\/10 l permetl\u00e9ben) felhaszn\u00e1lva az \u00e9l\u0151 k\u00e1ros\u00edt\u00f3k (pl. lev\u00e9ltetvek, atk\u00e1k, lev\u00e9lbolh\u00e1k) fizikai t\u00e1voltart\u00e1s\u00e1ra \u00e9s elt\u00e1vol\u00edt\u00e1s\u00e1ra haszn\u00e1lhat\u00f3.<br \/>\nTechnikai inform\u00e1ci\u00f3:<\/p>\n<p>Munkaeg\u00e9szs\u00e9g\u00fcgyi v\u00e1rakoz\u00e1si id\u0151: 0 nap<\/p>\n<p>Forgalmaz\u00e1si kateg\u00f3ria: III.(szabadforgalm\u00fa)<br \/>\nN\u00f6v\u00e9nyv\u00e9d\u0151 szer t\u00edpusa: tapad\u00e1sfokoz\u00f3 anyag<br \/>\nHat\u00f3anyag: 30 % k\u00e1liszappan<br \/>\nEnged\u00e9lyokirat sz\u00e1ma: 04.2\/2780-2\/2012 N\u00c9BIH<br \/>\nK\u00e1ros\u00edt\u00f3: lev\u00e9ltetvek,atk\u00e1k, lev\u00e9lbolh\u00e1k<\/p>\n<\/div>\n<\/div>\n<\/div>\n<\/div>\n<p align=\"justify\"><a href=\"https:\/\/www.facebook.com\/tajkertesz\">https:\/\/www.facebook.com\/tajkertesz<\/a><\/p>\n<p align=\"justify\"><a href=\"http:\/\/www.tajkertesz.hu\">http:\/\/www.tajkertesz.hu<\/a><\/p>\n<p align=\"justify\"><a href=\"https:\/\/tajkertesz.com\/wp-content\/uploads\/2021\/12\/biosol_kaliszappan.pdf\">biosol_kaliszappan<\/a><\/p>\n<h3 align=\"justify\">Kiz\u00e1r\u00f3lag szem\u00e9lyes \u00e1tv\u00e9tellel lehets\u00e9ges a term\u00e9k megv\u00e1s\u00e1rl\u00e1sa!<\/h3>\n<p>Sz\u00e1nt\u00f3f\u00f6ldi kult\u00far\u00e1kban, z\u00f6lds\u00e9gn\u00f6v\u00e9nyekben, gy\u00fcm\u00f6lcs-kult\u00far\u00e1kban \u00e9s d\u00edszn\u00f6v\u00e9nyekben gomba- \u00e9s rovar\u00f6l\u0151 szerek tapad\u00e1sfokoz\u00e1s\u00e1ra 0,5-1,0 %-os koncentr\u00e1ci\u00f3ban (0,05-0,1 l\/10 l permetl\u00e9ben) a n\u00f6v\u00e9nyv\u00e9d\u0151 szerrel egy\u00fctt kijuttatva. \u00d6nmag\u00e1ban kijuttatva, 1,0-2,5 %-os koncentr\u00e1ci\u00f3ban (0,1-0,25 l\/10 l permetl\u00e9ben) felhaszn\u00e1lva az \u00e9l\u0151 k\u00e1ros\u00edt\u00f3k (pl. lev\u00e9ltetvek, atk\u00e1k, lev\u00e9lbolh\u00e1k) fizikai t\u00e1voltart\u00e1s\u00e1ra \u00e9s elt\u00e1vol\u00edt\u00e1s\u00e1ra haszn\u00e1lhat\u00f3.<\/p>\n<p align=\"justify\"><span style=\"color: #ffffff;\">A k\u00e9sz\u00edtm\u00e9nyt a gyep ny\u00edr\u00e1s\u00e1t k\u00f6vet\u0151en, a k\u00e9tszik\u0171 gyomn\u00f6v\u00e9nyek n\u00f6veked\u00e9s\u00e9nek \u00fajb\u00f3li megindul\u00e1sa ut\u00e1n kell kijuttatni 10 l\/ha (100 ml \/ 100 m2) d\u00f3zisban. A kijuttat\u00e1shoz sz\u00fcks\u00e9ges v\u00edzmennyis\u00e9g 10 l \/ 100 m2. A kezel\u00e9sn\u00e9l \u00fcgyelni kell arra, hogy a permetl\u00e9 kult\u00farn\u00f6v\u00e9nyekre ne ker\u00fclj\u00f6n, mert azokat maradand\u00f3an k\u00e1ros\u00edtja.<\/span><\/p>\n<p align=\"justify\"><span style=\"color: #ffffff;\">A k\u00e9sz\u00edtm\u00e9ny alkalmazhat\u00f3 foltkezel\u00e9s \u00e9s teljes fel\u00fcletkezel\u00e9s form\u00e1j\u00e1ban. Egy veget\u00e1ci\u00f3s szakaszban maximum k\u00e9t kezel\u00e9s v\u00e9gezhet\u0151.<\/span><\/p>\n<div align=\"justify\"><\/div>","protected":false},"excerpt":{"rendered":"<p class=\"product-detail-name\" style=\"text-align: center;\">Biosol K\u00e1liszappan 1 l<\/p>\n<p>Csak szem\u00e9lyes \u00e1tv\u00e9tellel rendelhet\u0151!<\/p>\n<div id=\"bodyContent\" class=\"mw-body-content\">\n<div id=\"mw-content-text\" class=\"mw-content-ltr\" dir=\"ltr\" lang=\"hu\">\n<div id=\"bodyContent\" class=\"mw-body-content\">\n<div id=\"mw-content-text\" class=\"mw-content-ltr\" dir=\"ltr\" lang=\"hu\">\n<p><b>K\u00e9szlet\u00fcnk napi szinten v\u00e1ltozik, ez\u00e9rt k\u00e9rj\u00fck, \u00e9rdekl\u0151dj\u00f6n szem\u00e9lyesen, telefonon vagy email-en.<\/b><\/p>\n<p>Term\u00e9keinket szem\u00e9lyesen is \u00e1tveheti a h\u00e9t minden napj\u00e1n nyitvatart\u00e1si id\u0151ben!<\/p>\n<p>Kisz\u00e1ll\u00edt\u00e1s: 200 cm \u00e9s 40 kg-ig a sz\u00e1ll\u00edt\u00e1s fut\u00e1rszolg\u00e1lattal t\u00f6rt\u00e9nik.<\/p>\n<\/div>\n<\/div>\n<\/div>\n<\/div>\n<p><b>A v\u00e1ltoztat\u00e1s jog\u00e1t fenntartjuk!\u00a0<\/b><\/p>\n<div class=\"product-detail-title-after\">\n<div class=\"product-detail-manufacturer-wrap\"><\/div>\n<\/div>\n<div class=\"product-detail-title-after\">\n<div class=\"product-detail-manufacturer-wrap\"><\/div>\n<\/div>\n<div class=\"product-detail-title-after\">\n<div class=\"product-detail-manufacturer-wrap\"><\/div>\n<\/div>\n<div class=\"product-detail-title-after\">\n<div class=\"product-detail-manufacturer-wrap\"><\/div>\n<\/div>\n<div class=\"product-detail-title-after\">\n<div class=\"product-detail-manufacturer-wrap\"><\/div>\n<\/div>","protected":false},"featured_media":12139,"template":"","meta":{"_et_pb_use_builder":"","_et_pb_old_content":"","_et_gb_content_width":""},"product_brand":[],"product_cat":[3569],"product_tag":[4748,3577,4752],"class_list":{"0":"post-12141","1":"product","2":"type-product","3":"status-publish","4":"has-post-thumbnail","6":"product_cat-adalekanyag","7":"product_tag-adjuvans","8":"product_tag-biosol-kaliszappan","9":"product_tag-permetezoszer","11":"first","12":"instock","13":"shipping-taxable","14":"purchasable","15":"product-type-simple"},"yoast_head":"<!-- This site is optimized with the Yoast SEO plugin v27.5 - https:\/\/yoast.com\/product\/yoast-seo-wordpress\/ -->\n<title>Biosol K\u00e1liszappan 1 l - T\u00e1jkert\u00e9sz<\/title>\n<meta name=\"description\" content=\"Biosol K\u00e1liszappan 1 l\" \/>\n<meta name=\"robots\" content=\"index, follow, max-snippet:-1, max-image-preview:large, max-video-preview:-1\" \/>\n<link rel=\"canonical\" href=\"https:\/\/tajkertesz.com\/en_US\/product\/biosol-kaliszappan-1-l\/\" \/>\n<meta property=\"og:locale\" content=\"en_US\" \/>\n<meta property=\"og:type\" content=\"article\" \/>\n<meta property=\"og:title\" content=\"Biosol K\u00e1liszappan 1 l - T\u00e1jkert\u00e9sz\" \/>\n<meta property=\"og:description\" content=\"Biosol K\u00e1liszappan 1 l\" \/>\n<meta property=\"og:url\" content=\"https:\/\/tajkertesz.com\/en_US\/product\/biosol-kaliszappan-1-l\/\" \/>\n<meta property=\"og:site_name\" content=\"T\u00e1jkert\u00e9sz\" \/>\n<meta property=\"article:publisher\" content=\"https:\/\/www.facebook.com\/Tajkertesz\/\" \/>\n<meta property=\"article:modified_time\" content=\"2026-02-18T15:32:15+00:00\" \/>\n<meta property=\"og:image\" content=\"https:\/\/tajkertesz.com\/wp-content\/uploads\/2021\/12\/Kaliszappan.jpg\" \/>\n\t<meta property=\"og:image:width\" content=\"715\" \/>\n\t<meta property=\"og:image:height\" content=\"1920\" \/>\n\t<meta property=\"og:image:type\" content=\"image\/jpeg\" \/>\n<meta name=\"twitter:card\" content=\"summary_large_image\" \/>\n<meta name=\"twitter:label1\" content=\"Est. reading time\" \/>\n\t<meta name=\"twitter:data1\" content=\"2 minutes\" \/>\n<script type=\"application\/ld+json\" class=\"yoast-schema-graph\">{\"@context\":\"https:\\\/\\\/schema.org\",\"@graph\":[{\"@type\":\"WebPage\",\"@id\":\"https:\\\/\\\/tajkertesz.com\\\/termek\\\/biosol-kaliszappan-1-l\\\/\",\"url\":\"https:\\\/\\\/tajkertesz.com\\\/termek\\\/biosol-kaliszappan-1-l\\\/\",\"name\":\"Biosol K\u00e1liszappan 1 l - T\u00e1jkert\u00e9sz\",\"isPartOf\":{\"@id\":\"https:\\\/\\\/tajkertesz.com\\\/#website\"},\"primaryImageOfPage\":{\"@id\":\"https:\\\/\\\/tajkertesz.com\\\/termek\\\/biosol-kaliszappan-1-l\\\/#primaryimage\"},\"image\":{\"@id\":\"https:\\\/\\\/tajkertesz.com\\\/termek\\\/biosol-kaliszappan-1-l\\\/#primaryimage\"},\"thumbnailUrl\":\"https:\\\/\\\/tajkertesz.com\\\/wp-content\\\/uploads\\\/2021\\\/12\\\/Kaliszappan.jpg\",\"datePublished\":\"2021-12-17T09:21:32+00:00\",\"dateModified\":\"2026-02-18T15:32:15+00:00\",\"description\":\"Biosol K\u00e1liszappan 1 l\",\"breadcrumb\":{\"@id\":\"https:\\\/\\\/tajkertesz.com\\\/termek\\\/biosol-kaliszappan-1-l\\\/#breadcrumb\"},\"inLanguage\":\"en-US\",\"potentialAction\":[{\"@type\":\"ReadAction\",\"target\":[\"https:\\\/\\\/tajkertesz.com\\\/termek\\\/biosol-kaliszappan-1-l\\\/\"]}]},{\"@type\":\"ImageObject\",\"inLanguage\":\"en-US\",\"@id\":\"https:\\\/\\\/tajkertesz.com\\\/termek\\\/biosol-kaliszappan-1-l\\\/#primaryimage\",\"url\":\"https:\\\/\\\/tajkertesz.com\\\/wp-content\\\/uploads\\\/2021\\\/12\\\/Kaliszappan.jpg\",\"contentUrl\":\"https:\\\/\\\/tajkertesz.com\\\/wp-content\\\/uploads\\\/2021\\\/12\\\/Kaliszappan.jpg\",\"width\":715,\"height\":1920},{\"@type\":\"BreadcrumbList\",\"@id\":\"https:\\\/\\\/tajkertesz.com\\\/termek\\\/biosol-kaliszappan-1-l\\\/#breadcrumb\",\"itemListElement\":[{\"@type\":\"ListItem\",\"position\":1,\"name\":\"Home\",\"item\":\"https:\\\/\\\/tajkertesz.com\\\/\"},{\"@type\":\"ListItem\",\"position\":2,\"name\":\"Kezd\u0151lap\",\"item\":\"https:\\\/\\\/tajkertesz.com\\\/\"},{\"@type\":\"ListItem\",\"position\":3,\"name\":\"Biosol K\u00e1liszappan 1 l\"}]},{\"@type\":\"WebSite\",\"@id\":\"https:\\\/\\\/tajkertesz.com\\\/#website\",\"url\":\"https:\\\/\\\/tajkertesz.com\\\/\",\"name\":\"T\u00e1j-Kert\u00e9sz 84 Kft.\",\"description\":\"Kert\u00e9szeti kis- \u00e9s nagykeresked\u00e9s, D\u00edszn\u00f6v\u00e9ny web\u00e1ruh\u00e1z orsz\u00e1gos h\u00e1zhozsz\u00e1ll\u00edt\u00e1ssal!\",\"publisher\":{\"@id\":\"https:\\\/\\\/tajkertesz.com\\\/#organization\"},\"potentialAction\":[{\"@type\":\"SearchAction\",\"target\":{\"@type\":\"EntryPoint\",\"urlTemplate\":\"https:\\\/\\\/tajkertesz.com\\\/?s={search_term_string}\"},\"query-input\":{\"@type\":\"PropertyValueSpecification\",\"valueRequired\":true,\"valueName\":\"search_term_string\"}}],\"inLanguage\":\"en-US\"},{\"@type\":\"Organization\",\"@id\":\"https:\\\/\\\/tajkertesz.com\\\/#organization\",\"name\":\"T\u00e1j-Kert\u00e9sz 84 Kft.\",\"url\":\"https:\\\/\\\/tajkertesz.com\\\/\",\"logo\":{\"@type\":\"ImageObject\",\"inLanguage\":\"en-US\",\"@id\":\"https:\\\/\\\/tajkertesz.com\\\/#\\\/schema\\\/logo\\\/image\\\/\",\"url\":\"https:\\\/\\\/tajkertesz.com\\\/wp-content\\\/uploads\\\/2018\\\/02\\\/logo-2-e1518678052539.png\",\"contentUrl\":\"https:\\\/\\\/tajkertesz.com\\\/wp-content\\\/uploads\\\/2018\\\/02\\\/logo-2-e1518678052539.png\",\"width\":81,\"height\":140,\"caption\":\"T\u00e1j-Kert\u00e9sz 84 Kft.\"},\"image\":{\"@id\":\"https:\\\/\\\/tajkertesz.com\\\/#\\\/schema\\\/logo\\\/image\\\/\"},\"sameAs\":[\"https:\\\/\\\/www.facebook.com\\\/Tajkertesz\\\/\"]}]}<\/script>\n<!-- \/ Yoast SEO plugin. -->","yoast_head_json":{"title":"Biosol K\u00e1liszappan 1 l - T\u00e1jkert\u00e9sz","description":"Biosol K\u00e1liszappan 1 l","robots":{"index":"index","follow":"follow","max-snippet":"max-snippet:-1","max-image-preview":"max-image-preview:large","max-video-preview":"max-video-preview:-1"},"canonical":"https:\/\/tajkertesz.com\/en_US\/product\/biosol-kaliszappan-1-l\/","og_locale":"en_US","og_type":"article","og_title":"Biosol K\u00e1liszappan 1 l - T\u00e1jkert\u00e9sz","og_description":"Biosol K\u00e1liszappan 1 l","og_url":"https:\/\/tajkertesz.com\/en_US\/product\/biosol-kaliszappan-1-l\/","og_site_name":"T\u00e1jkert\u00e9sz","article_publisher":"https:\/\/www.facebook.com\/Tajkertesz\/","article_modified_time":"2026-02-18T15:32:15+00:00","og_image":[{"width":715,"height":1920,"url":"https:\/\/tajkertesz.com\/wp-content\/uploads\/2021\/12\/Kaliszappan.jpg","type":"image\/jpeg"}],"twitter_card":"summary_large_image","twitter_misc":{"Est. reading time":"2 minutes"},"schema":{"@context":"https:\/\/schema.org","@graph":[{"@type":"WebPage","@id":"https:\/\/tajkertesz.com\/termek\/biosol-kaliszappan-1-l\/","url":"https:\/\/tajkertesz.com\/termek\/biosol-kaliszappan-1-l\/","name":"Biosol K\u00e1liszappan 1 l - T\u00e1jkert\u00e9sz","isPartOf":{"@id":"https:\/\/tajkertesz.com\/#website"},"primaryImageOfPage":{"@id":"https:\/\/tajkertesz.com\/termek\/biosol-kaliszappan-1-l\/#primaryimage"},"image":{"@id":"https:\/\/tajkertesz.com\/termek\/biosol-kaliszappan-1-l\/#primaryimage"},"thumbnailUrl":"https:\/\/tajkertesz.com\/wp-content\/uploads\/2021\/12\/Kaliszappan.jpg","datePublished":"2021-12-17T09:21:32+00:00","dateModified":"2026-02-18T15:32:15+00:00","description":"Biosol K\u00e1liszappan 1 l","breadcrumb":{"@id":"https:\/\/tajkertesz.com\/termek\/biosol-kaliszappan-1-l\/#breadcrumb"},"inLanguage":"en-US","potentialAction":[{"@type":"ReadAction","target":["https:\/\/tajkertesz.com\/termek\/biosol-kaliszappan-1-l\/"]}]},{"@type":"ImageObject","inLanguage":"en-US","@id":"https:\/\/tajkertesz.com\/termek\/biosol-kaliszappan-1-l\/#primaryimage","url":"https:\/\/tajkertesz.com\/wp-content\/uploads\/2021\/12\/Kaliszappan.jpg","contentUrl":"https:\/\/tajkertesz.com\/wp-content\/uploads\/2021\/12\/Kaliszappan.jpg","width":715,"height":1920},{"@type":"BreadcrumbList","@id":"https:\/\/tajkertesz.com\/termek\/biosol-kaliszappan-1-l\/#breadcrumb","itemListElement":[{"@type":"ListItem","position":1,"name":"Home","item":"https:\/\/tajkertesz.com\/"},{"@type":"ListItem","position":2,"name":"Kezd\u0151lap","item":"https:\/\/tajkertesz.com\/"},{"@type":"ListItem","position":3,"name":"Biosol K\u00e1liszappan 1 l"}]},{"@type":"WebSite","@id":"https:\/\/tajkertesz.com\/#website","url":"https:\/\/tajkertesz.com\/","name":"T\u00e1j-Kert\u00e9sz 84 Kft.","description":"Kert\u00e9szeti kis- \u00e9s nagykeresked\u00e9s, D\u00edszn\u00f6v\u00e9ny web\u00e1ruh\u00e1z orsz\u00e1gos h\u00e1zhozsz\u00e1ll\u00edt\u00e1ssal!","publisher":{"@id":"https:\/\/tajkertesz.com\/#organization"},"potentialAction":[{"@type":"SearchAction","target":{"@type":"EntryPoint","urlTemplate":"https:\/\/tajkertesz.com\/?s={search_term_string}"},"query-input":{"@type":"PropertyValueSpecification","valueRequired":true,"valueName":"search_term_string"}}],"inLanguage":"en-US"},{"@type":"Organization","@id":"https:\/\/tajkertesz.com\/#organization","name":"T\u00e1j-Kert\u00e9sz 84 Kft.","url":"https:\/\/tajkertesz.com\/","logo":{"@type":"ImageObject","inLanguage":"en-US","@id":"https:\/\/tajkertesz.com\/#\/schema\/logo\/image\/","url":"https:\/\/tajkertesz.com\/wp-content\/uploads\/2018\/02\/logo-2-e1518678052539.png","contentUrl":"https:\/\/tajkertesz.com\/wp-content\/uploads\/2018\/02\/logo-2-e1518678052539.png","width":81,"height":140,"caption":"T\u00e1j-Kert\u00e9sz 84 Kft."},"image":{"@id":"https:\/\/tajkertesz.com\/#\/schema\/logo\/image\/"},"sameAs":["https:\/\/www.facebook.com\/Tajkertesz\/"]}]}},"_links":{"self":[{"href":"https:\/\/tajkertesz.com\/en_US\/wp-json\/wp\/v2\/product\/12141","targetHints":{"allow":["GET"]}}],"collection":[{"href":"https:\/\/tajkertesz.com\/en_US\/wp-json\/wp\/v2\/product"}],"about":[{"href":"https:\/\/tajkertesz.com\/en_US\/wp-json\/wp\/v2\/types\/product"}],"wp:featuredmedia":[{"embeddable":true,"href":"https:\/\/tajkertesz.com\/en_US\/wp-json\/wp\/v2\/media\/12139"}],"wp:attachment":[{"href":"https:\/\/tajkertesz.com\/en_US\/wp-json\/wp\/v2\/media?parent=12141"}],"wp:term":[{"taxonomy":"product_brand","embeddable":true,"href":"https:\/\/tajkertesz.com\/en_US\/wp-json\/wp\/v2\/product_brand?post=12141"},{"taxonomy":"product_cat","embeddable":true,"href":"https:\/\/tajkertesz.com\/en_US\/wp-json\/wp\/v2\/product_cat?post=12141"},{"taxonomy":"product_tag","embeddable":true,"href":"https:\/\/tajkertesz.com\/en_US\/wp-json\/wp\/v2\/product_tag?post=12141"}],"curies":[{"name":"wp","href":"https:\/\/api.w.org\/{rel}","templated":true}]}}