{"id":12143,"date":"2021-12-17T09:24:24","date_gmt":"2021-12-17T09:24:24","guid":{"rendered":"https:\/\/tajkertesz.com\/?post_type=product&#038;p=12143"},"modified":"2023-12-11T13:56:35","modified_gmt":"2023-12-11T13:56:35","slug":"kalcium-nitrat-1-kg","status":"publish","type":"product","link":"https:\/\/tajkertesz.com\/en_US\/product\/kalcium-nitrat-1-kg\/","title":{"rendered":"Kalcium-nitr\u00e1t 1 kg"},"content":{"rendered":"<h1 class=\"product-detail-name\">Kalcium-nitr\u00e1t 1 kg<\/h1>\n<div class=\"product-detail-title-after\">\n<div class=\"product-detail-manufacturer-wrap\"><\/div>\n<\/div>\n<div class=\"product-detail-title-after\">\n<div class=\"product-detail-manufacturer-wrap\">Kalcium-nitr\u00e1t 1 kg<\/div>\n<\/div>\n<div class=\"product-detail-title-after\">\n<div class=\"product-detail-manufacturer-wrap\">\n<div class=\"product-detail-title-after\">\n<div class=\"product-detail-manufacturer-wrap\"><\/div>\n<\/div>\n<div class=\"product-detail-title-after\">\n<div class=\"product-detail-manufacturer-wrap\"><\/div>\n<\/div>\n<div class=\"product-detail-title-after\">\n<div class=\"product-detail-manufacturer-wrap\">\n<p>Krist\u00e1lyos kalciumnitr\u00e1t tetrahidr\u00e1t<\/p>\n<p>\u201eEK-m\u0171tr\u00e1gya\u201d<br \/>\nHi\u00e1nyt\u00fcnetek (Ca-N) kezel\u00e9s\u00e9re alkalmas talaj,- \u00e9s lev\u00e9ltr\u00e1gya.<br \/>\nMinden sz\u00e1nt\u00f3f\u00f6ldi \u00e9s kert\u00e9szeti kult\u00far\u00e1hoz alkalmazhat\u00f3.<\/p>\n<p>Hat\u00f3anyag tartalom (6Ca(NO3)2-NH4NO3-12H2O): Nitrog\u00e9n (N) 15,3%, Nitr\u00e1t (N) 14,2%, Kalciumoxid (CaO) 26,5%<\/p>\n<p>Felhaszn\u00e1l\u00e1s, adagol\u00e1s: T\u00f6k\u00e9letesen v\u00edzold\u00f3d\u00f3 m\u0171tr\u00e1gya, mely a n\u00f6v\u00e9nyek sz\u00e1m\u00e1ra azonnal felvehet\u0151 kalcium- \u00e9s nitrog\u00e9np\u00f3tl\u00e1st biztos\u00edt. A kalcium-nitr\u00e1t kalciumhi\u00e1ny megel\u0151z\u00e9s\u00e9re, kezel\u00e9s\u00e9re szolg\u00e1l\u00f3 k\u00e9sz\u00edtm\u00e9ny talaj, \u00e9s lev\u00e9ltr\u00e1gyak\u00e9nt. Talajtr\u00e1gyak\u00e9nt \u00e1ltal\u00e1nos adagja 200-400 kg\/ha, lev\u00e9ltr\u00e1gyak\u00e9nt 3-10 kg\/ha. Szulf\u00e1t \u00e9s foszf\u00e1t m\u0171tr\u00e1gy\u00e1kkal nem keverhet\u0151.<\/p>\n<p>T\u00e1rol\u00e1s: Eredeti, z\u00e1rt csomagol\u00e1sban, m\u00e1s anyagokt\u00f3l elk\u00fcl\u00f6n\u00edtve, t\u0171z- \u00e9s h\u0151forr\u00e1st\u00f3l t\u00e1vol, j\u00f3l szell\u0151ztetett, sz\u00e1raz, h\u0171v\u00f6s, de fagymentes helyen t\u00e1rolhat\u00f3.<\/p>\n<p>K\u00f6rnyezetv\u00e9delmi figyelmeztet\u00e9s: Tilos a k\u00e9sz\u00edtm\u00e9nyeket, azok fel nem haszn\u00e1lt marad\u00e9k\u00e1t, azzal szennyezett csomagol\u00f3 burkolatot foly\u00f3kba, \u00e1ll\u00f3vizekbe, v\u00edzfoly\u00e1sokba, t\u00e1roz\u00f3kba juttatni.<\/p>\n<p>Munkaeg\u00e9szs\u00e9g\u00fcgyi v\u00e1rakoz\u00e1si id\u0151: 0 nap.<\/p>\n<\/div>\n<\/div>\n<\/div>\n<\/div>\n<p align=\"justify\"><a href=\"https:\/\/www.facebook.com\/tajkertesz\">https:\/\/www.facebook.com\/tajkertesz<\/a><\/p>\n<p align=\"justify\"><a href=\"http:\/\/www.tajkertesz.hu\">http:\/\/www.tajkertesz.hu<\/a><\/p>\n<h3 align=\"justify\">Kiz\u00e1r\u00f3lag szem\u00e9lyes \u00e1tv\u00e9tellel lehets\u00e9ges a term\u00e9k megv\u00e1s\u00e1rl\u00e1sa!<\/h3>\n<p align=\"justify\"><span style=\"color: #ffffff;\">A k\u00e9sz\u00edtm\u00e9nyt a gyep ny\u00edr\u00e1s\u00e1t k\u00f6vet\u0151en, a k\u00e9tszik\u0171 gyomn\u00f6v\u00e9nyek n\u00f6veked\u00e9s\u00e9nek \u00fajb\u00f3li megindul\u00e1sa ut\u00e1n kell kijuttatni 10 l\/ha (100 ml \/ 100 m2) d\u00f3zisban. A kijuttat\u00e1shoz sz\u00fcks\u00e9ges v\u00edzmennyis\u00e9g 10 l \/ 100 m2. A kezel\u00e9sn\u00e9l \u00fcgyelni kell arra, hogy a permetl\u00e9 kult\u00farn\u00f6v\u00e9nyekre ne ker\u00fclj\u00f6n, mert azokat maradand\u00f3an k\u00e1ros\u00edtja.<\/span><\/p>\n<p align=\"justify\"><span style=\"color: #ffffff;\">A k\u00e9sz\u00edtm\u00e9ny alkalmazhat\u00f3 foltkezel\u00e9s \u00e9s teljes fel\u00fcletkezel\u00e9s form\u00e1j\u00e1ban. Egy veget\u00e1ci\u00f3s szakaszban maximum k\u00e9t kezel\u00e9s v\u00e9gezhet\u0151.<\/span><\/p>\n<div align=\"justify\"><\/div>","protected":false},"excerpt":{"rendered":"<p class=\"product-detail-name\" style=\"text-align: center;\">Kalcium-nitr\u00e1t 1 kg<\/p>\n<p>&nbsp;<\/p>\n<div class=\"product-detail-title-after\">\n<div class=\"product-detail-manufacturer-wrap\"><\/div>\n<\/div>\n<div class=\"product-detail-title-after\">\n<div class=\"product-detail-manufacturer-wrap\"><\/div>\n<\/div>\n<div class=\"product-detail-title-after\">\n<div class=\"product-detail-manufacturer-wrap\"><\/div>\n<\/div>\n<div class=\"product-detail-title-after\">\n<div class=\"product-detail-manufacturer-wrap\"><\/div>\n<\/div>\n<div class=\"product-detail-title-after\">\n<div class=\"product-detail-manufacturer-wrap\"><\/div>\n<\/div>\n<div class=\"product-detail-title-after\">\n<div class=\"product-detail-manufacturer-wrap\"><\/div>\n<\/div>","protected":false},"featured_media":12144,"template":"","meta":{"_et_pb_use_builder":"","_et_pb_old_content":"","_et_gb_content_width":""},"product_brand":[],"product_cat":[1845],"product_tag":[3578],"class_list":{"0":"post-12143","1":"product","2":"type-product","3":"status-publish","4":"has-post-thumbnail","6":"product_cat-egyeb-tapoldatok-mutragyak","7":"product_tag-kalcium-nitrat-1-kg","9":"first","10":"instock","11":"shipping-taxable","12":"purchasable","13":"product-type-simple"},"yoast_head":"<!-- This site is optimized with the Yoast SEO plugin v27.4 - https:\/\/yoast.com\/product\/yoast-seo-wordpress\/ -->\n<title>Kalcium-nitr\u00e1t 1 kg - T\u00e1jkert\u00e9sz<\/title>\n<meta name=\"description\" content=\"Kalcium-nitr\u00e1t 1 kg. Krist\u00e1lyos kalciumnitr\u00e1t tetrahidr\u00e1t \u201eEK-m\u0171tr\u00e1gya\u201dHi\u00e1nyt\u00fcnetek (Ca-N) kezel\u00e9s\u00e9re alkalmas talaj,- \u00e9s lev\u00e9ltr\u00e1gya.Minden sz\u00e1nt\u00f3f\u00f6ldi\" \/>\n<meta name=\"robots\" content=\"index, follow, max-snippet:-1, max-image-preview:large, max-video-preview:-1\" \/>\n<link rel=\"canonical\" href=\"https:\/\/tajkertesz.com\/en_US\/product\/kalcium-nitrat-1-kg\/\" \/>\n<meta property=\"og:locale\" content=\"en_US\" \/>\n<meta property=\"og:type\" content=\"article\" \/>\n<meta property=\"og:title\" content=\"https:\/\/www.facebook.com\/tajkertesz\" \/>\n<meta property=\"og:description\" content=\"Krist\u00e1lyos kalciumnitr\u00e1t tetrahidr\u00e1t \u201eEK-m\u0171tr\u00e1gya\u201dHi\u00e1nyt\u00fcnetek (Ca-N) kezel\u00e9s\u00e9re alkalmas talaj,- \u00e9s lev\u00e9ltr\u00e1gya.Minden sz\u00e1nt\u00f3f\u00f6ldi \u00e9s kert\u00e9szeti kult\u00far\u00e1hoz alkalmazhat\u00f3.\" \/>\n<meta property=\"og:url\" content=\"https:\/\/tajkertesz.com\/en_US\/product\/kalcium-nitrat-1-kg\/\" \/>\n<meta property=\"og:site_name\" content=\"T\u00e1jkert\u00e9sz\" \/>\n<meta property=\"article:publisher\" content=\"https:\/\/www.facebook.com\/Tajkertesz\/\" \/>\n<meta property=\"article:modified_time\" content=\"2023-12-11T13:56:35+00:00\" \/>\n<meta property=\"og:image\" content=\"https:\/\/tajkertesz.com\/wp-content\/uploads\/2021\/12\/kalcium-nitrat-1kg.jpg\" \/>\n\t<meta property=\"og:image:width\" content=\"1000\" \/>\n\t<meta property=\"og:image:height\" content=\"1000\" \/>\n\t<meta property=\"og:image:type\" content=\"image\/jpeg\" \/>\n<meta name=\"twitter:card\" content=\"summary_large_image\" \/>\n<meta name=\"twitter:label1\" content=\"Est. reading time\" \/>\n\t<meta name=\"twitter:data1\" content=\"2 minutes\" \/>\n<script type=\"application\/ld+json\" class=\"yoast-schema-graph\">{\"@context\":\"https:\\\/\\\/schema.org\",\"@graph\":[{\"@type\":\"WebPage\",\"@id\":\"https:\\\/\\\/tajkertesz.com\\\/termek\\\/kalcium-nitrat-1-kg\\\/\",\"url\":\"https:\\\/\\\/tajkertesz.com\\\/termek\\\/kalcium-nitrat-1-kg\\\/\",\"name\":\"Kalcium-nitr\u00e1t 1 kg - T\u00e1jkert\u00e9sz\",\"isPartOf\":{\"@id\":\"https:\\\/\\\/tajkertesz.com\\\/#website\"},\"primaryImageOfPage\":{\"@id\":\"https:\\\/\\\/tajkertesz.com\\\/termek\\\/kalcium-nitrat-1-kg\\\/#primaryimage\"},\"image\":{\"@id\":\"https:\\\/\\\/tajkertesz.com\\\/termek\\\/kalcium-nitrat-1-kg\\\/#primaryimage\"},\"thumbnailUrl\":\"https:\\\/\\\/tajkertesz.com\\\/wp-content\\\/uploads\\\/2021\\\/12\\\/kalcium-nitrat-1kg.jpg\",\"datePublished\":\"2021-12-17T09:24:24+00:00\",\"dateModified\":\"2023-12-11T13:56:35+00:00\",\"description\":\"Kalcium-nitr\u00e1t 1 kg. Krist\u00e1lyos kalciumnitr\u00e1t tetrahidr\u00e1t \u201eEK-m\u0171tr\u00e1gya\u201dHi\u00e1nyt\u00fcnetek (Ca-N) kezel\u00e9s\u00e9re alkalmas talaj,- \u00e9s lev\u00e9ltr\u00e1gya.Minden sz\u00e1nt\u00f3f\u00f6ldi\",\"breadcrumb\":{\"@id\":\"https:\\\/\\\/tajkertesz.com\\\/termek\\\/kalcium-nitrat-1-kg\\\/#breadcrumb\"},\"inLanguage\":\"en-US\",\"potentialAction\":[{\"@type\":\"ReadAction\",\"target\":[\"https:\\\/\\\/tajkertesz.com\\\/termek\\\/kalcium-nitrat-1-kg\\\/\"]}]},{\"@type\":\"ImageObject\",\"inLanguage\":\"en-US\",\"@id\":\"https:\\\/\\\/tajkertesz.com\\\/termek\\\/kalcium-nitrat-1-kg\\\/#primaryimage\",\"url\":\"https:\\\/\\\/tajkertesz.com\\\/wp-content\\\/uploads\\\/2021\\\/12\\\/kalcium-nitrat-1kg.jpg\",\"contentUrl\":\"https:\\\/\\\/tajkertesz.com\\\/wp-content\\\/uploads\\\/2021\\\/12\\\/kalcium-nitrat-1kg.jpg\",\"width\":1000,\"height\":1000},{\"@type\":\"BreadcrumbList\",\"@id\":\"https:\\\/\\\/tajkertesz.com\\\/termek\\\/kalcium-nitrat-1-kg\\\/#breadcrumb\",\"itemListElement\":[{\"@type\":\"ListItem\",\"position\":1,\"name\":\"Home\",\"item\":\"https:\\\/\\\/tajkertesz.com\\\/\"},{\"@type\":\"ListItem\",\"position\":2,\"name\":\"Kezd\u0151lap\",\"item\":\"https:\\\/\\\/tajkertesz.com\\\/\"},{\"@type\":\"ListItem\",\"position\":3,\"name\":\"Kalcium-nitr\u00e1t 1 kg\"}]},{\"@type\":\"WebSite\",\"@id\":\"https:\\\/\\\/tajkertesz.com\\\/#website\",\"url\":\"https:\\\/\\\/tajkertesz.com\\\/\",\"name\":\"T\u00e1j-Kert\u00e9sz 84 Kft.\",\"description\":\"Kert\u00e9szeti kis- \u00e9s nagykeresked\u00e9s, D\u00edszn\u00f6v\u00e9ny web\u00e1ruh\u00e1z orsz\u00e1gos h\u00e1zhozsz\u00e1ll\u00edt\u00e1ssal!\",\"publisher\":{\"@id\":\"https:\\\/\\\/tajkertesz.com\\\/#organization\"},\"potentialAction\":[{\"@type\":\"SearchAction\",\"target\":{\"@type\":\"EntryPoint\",\"urlTemplate\":\"https:\\\/\\\/tajkertesz.com\\\/?s={search_term_string}\"},\"query-input\":{\"@type\":\"PropertyValueSpecification\",\"valueRequired\":true,\"valueName\":\"search_term_string\"}}],\"inLanguage\":\"en-US\"},{\"@type\":\"Organization\",\"@id\":\"https:\\\/\\\/tajkertesz.com\\\/#organization\",\"name\":\"T\u00e1j-Kert\u00e9sz 84 Kft.\",\"url\":\"https:\\\/\\\/tajkertesz.com\\\/\",\"logo\":{\"@type\":\"ImageObject\",\"inLanguage\":\"en-US\",\"@id\":\"https:\\\/\\\/tajkertesz.com\\\/#\\\/schema\\\/logo\\\/image\\\/\",\"url\":\"https:\\\/\\\/tajkertesz.com\\\/wp-content\\\/uploads\\\/2018\\\/02\\\/logo-2-e1518678052539.png\",\"contentUrl\":\"https:\\\/\\\/tajkertesz.com\\\/wp-content\\\/uploads\\\/2018\\\/02\\\/logo-2-e1518678052539.png\",\"width\":81,\"height\":140,\"caption\":\"T\u00e1j-Kert\u00e9sz 84 Kft.\"},\"image\":{\"@id\":\"https:\\\/\\\/tajkertesz.com\\\/#\\\/schema\\\/logo\\\/image\\\/\"},\"sameAs\":[\"https:\\\/\\\/www.facebook.com\\\/Tajkertesz\\\/\"]}]}<\/script>\n<!-- \/ Yoast SEO plugin. -->","yoast_head_json":{"title":"Kalcium-nitr\u00e1t 1 kg - T\u00e1jkert\u00e9sz","description":"Kalcium-nitr\u00e1t 1 kg. Krist\u00e1lyos kalciumnitr\u00e1t tetrahidr\u00e1t \u201eEK-m\u0171tr\u00e1gya\u201dHi\u00e1nyt\u00fcnetek (Ca-N) kezel\u00e9s\u00e9re alkalmas talaj,- \u00e9s lev\u00e9ltr\u00e1gya.Minden sz\u00e1nt\u00f3f\u00f6ldi","robots":{"index":"index","follow":"follow","max-snippet":"max-snippet:-1","max-image-preview":"max-image-preview:large","max-video-preview":"max-video-preview:-1"},"canonical":"https:\/\/tajkertesz.com\/en_US\/product\/kalcium-nitrat-1-kg\/","og_locale":"en_US","og_type":"article","og_title":"https:\/\/www.facebook.com\/tajkertesz","og_description":"Krist\u00e1lyos kalciumnitr\u00e1t tetrahidr\u00e1t \u201eEK-m\u0171tr\u00e1gya\u201dHi\u00e1nyt\u00fcnetek (Ca-N) kezel\u00e9s\u00e9re alkalmas talaj,- \u00e9s lev\u00e9ltr\u00e1gya.Minden sz\u00e1nt\u00f3f\u00f6ldi \u00e9s kert\u00e9szeti kult\u00far\u00e1hoz alkalmazhat\u00f3.","og_url":"https:\/\/tajkertesz.com\/en_US\/product\/kalcium-nitrat-1-kg\/","og_site_name":"T\u00e1jkert\u00e9sz","article_publisher":"https:\/\/www.facebook.com\/Tajkertesz\/","article_modified_time":"2023-12-11T13:56:35+00:00","og_image":[{"width":1000,"height":1000,"url":"https:\/\/tajkertesz.com\/wp-content\/uploads\/2021\/12\/kalcium-nitrat-1kg.jpg","type":"image\/jpeg"}],"twitter_card":"summary_large_image","twitter_misc":{"Est. reading time":"2 minutes"},"schema":{"@context":"https:\/\/schema.org","@graph":[{"@type":"WebPage","@id":"https:\/\/tajkertesz.com\/termek\/kalcium-nitrat-1-kg\/","url":"https:\/\/tajkertesz.com\/termek\/kalcium-nitrat-1-kg\/","name":"Kalcium-nitr\u00e1t 1 kg - T\u00e1jkert\u00e9sz","isPartOf":{"@id":"https:\/\/tajkertesz.com\/#website"},"primaryImageOfPage":{"@id":"https:\/\/tajkertesz.com\/termek\/kalcium-nitrat-1-kg\/#primaryimage"},"image":{"@id":"https:\/\/tajkertesz.com\/termek\/kalcium-nitrat-1-kg\/#primaryimage"},"thumbnailUrl":"https:\/\/tajkertesz.com\/wp-content\/uploads\/2021\/12\/kalcium-nitrat-1kg.jpg","datePublished":"2021-12-17T09:24:24+00:00","dateModified":"2023-12-11T13:56:35+00:00","description":"Kalcium-nitr\u00e1t 1 kg. Krist\u00e1lyos kalciumnitr\u00e1t tetrahidr\u00e1t \u201eEK-m\u0171tr\u00e1gya\u201dHi\u00e1nyt\u00fcnetek (Ca-N) kezel\u00e9s\u00e9re alkalmas talaj,- \u00e9s lev\u00e9ltr\u00e1gya.Minden sz\u00e1nt\u00f3f\u00f6ldi","breadcrumb":{"@id":"https:\/\/tajkertesz.com\/termek\/kalcium-nitrat-1-kg\/#breadcrumb"},"inLanguage":"en-US","potentialAction":[{"@type":"ReadAction","target":["https:\/\/tajkertesz.com\/termek\/kalcium-nitrat-1-kg\/"]}]},{"@type":"ImageObject","inLanguage":"en-US","@id":"https:\/\/tajkertesz.com\/termek\/kalcium-nitrat-1-kg\/#primaryimage","url":"https:\/\/tajkertesz.com\/wp-content\/uploads\/2021\/12\/kalcium-nitrat-1kg.jpg","contentUrl":"https:\/\/tajkertesz.com\/wp-content\/uploads\/2021\/12\/kalcium-nitrat-1kg.jpg","width":1000,"height":1000},{"@type":"BreadcrumbList","@id":"https:\/\/tajkertesz.com\/termek\/kalcium-nitrat-1-kg\/#breadcrumb","itemListElement":[{"@type":"ListItem","position":1,"name":"Home","item":"https:\/\/tajkertesz.com\/"},{"@type":"ListItem","position":2,"name":"Kezd\u0151lap","item":"https:\/\/tajkertesz.com\/"},{"@type":"ListItem","position":3,"name":"Kalcium-nitr\u00e1t 1 kg"}]},{"@type":"WebSite","@id":"https:\/\/tajkertesz.com\/#website","url":"https:\/\/tajkertesz.com\/","name":"T\u00e1j-Kert\u00e9sz 84 Kft.","description":"Kert\u00e9szeti kis- \u00e9s nagykeresked\u00e9s, D\u00edszn\u00f6v\u00e9ny web\u00e1ruh\u00e1z orsz\u00e1gos h\u00e1zhozsz\u00e1ll\u00edt\u00e1ssal!","publisher":{"@id":"https:\/\/tajkertesz.com\/#organization"},"potentialAction":[{"@type":"SearchAction","target":{"@type":"EntryPoint","urlTemplate":"https:\/\/tajkertesz.com\/?s={search_term_string}"},"query-input":{"@type":"PropertyValueSpecification","valueRequired":true,"valueName":"search_term_string"}}],"inLanguage":"en-US"},{"@type":"Organization","@id":"https:\/\/tajkertesz.com\/#organization","name":"T\u00e1j-Kert\u00e9sz 84 Kft.","url":"https:\/\/tajkertesz.com\/","logo":{"@type":"ImageObject","inLanguage":"en-US","@id":"https:\/\/tajkertesz.com\/#\/schema\/logo\/image\/","url":"https:\/\/tajkertesz.com\/wp-content\/uploads\/2018\/02\/logo-2-e1518678052539.png","contentUrl":"https:\/\/tajkertesz.com\/wp-content\/uploads\/2018\/02\/logo-2-e1518678052539.png","width":81,"height":140,"caption":"T\u00e1j-Kert\u00e9sz 84 Kft."},"image":{"@id":"https:\/\/tajkertesz.com\/#\/schema\/logo\/image\/"},"sameAs":["https:\/\/www.facebook.com\/Tajkertesz\/"]}]}},"_links":{"self":[{"href":"https:\/\/tajkertesz.com\/en_US\/wp-json\/wp\/v2\/product\/12143","targetHints":{"allow":["GET"]}}],"collection":[{"href":"https:\/\/tajkertesz.com\/en_US\/wp-json\/wp\/v2\/product"}],"about":[{"href":"https:\/\/tajkertesz.com\/en_US\/wp-json\/wp\/v2\/types\/product"}],"wp:featuredmedia":[{"embeddable":true,"href":"https:\/\/tajkertesz.com\/en_US\/wp-json\/wp\/v2\/media\/12144"}],"wp:attachment":[{"href":"https:\/\/tajkertesz.com\/en_US\/wp-json\/wp\/v2\/media?parent=12143"}],"wp:term":[{"taxonomy":"product_brand","embeddable":true,"href":"https:\/\/tajkertesz.com\/en_US\/wp-json\/wp\/v2\/product_brand?post=12143"},{"taxonomy":"product_cat","embeddable":true,"href":"https:\/\/tajkertesz.com\/en_US\/wp-json\/wp\/v2\/product_cat?post=12143"},{"taxonomy":"product_tag","embeddable":true,"href":"https:\/\/tajkertesz.com\/en_US\/wp-json\/wp\/v2\/product_tag?post=12143"}],"curies":[{"name":"wp","href":"https:\/\/api.w.org\/{rel}","templated":true}]}}