{"id":12145,"date":"2021-12-17T09:28:11","date_gmt":"2021-12-17T09:28:11","guid":{"rendered":"https:\/\/tajkertesz.com\/?post_type=product&#038;p=12145"},"modified":"2026-02-18T15:32:06","modified_gmt":"2026-02-18T15:32:06","slug":"ventillalt-kenpor-1-kg","status":"publish","type":"product","link":"https:\/\/tajkertesz.com\/en_US\/product\/ventillalt-kenpor-1-kg\/","title":{"rendered":"Ventill\u00e1lt k\u00e9npor 1 kg"},"content":{"rendered":"<h1 class=\"product-detail-name\">Ventill\u00e1lt k\u00e9npor 1 kg<\/h1>\n<div class=\"product-detail-title-after\">\n<div class=\"product-detail-manufacturer-wrap\">\n<p>Ventill\u00e1lt k\u00e9npor 1 kg<\/p>\n<\/div>\n<\/div>\n<div class=\"product-detail-title-after\">\n<div class=\"product-detail-manufacturer-wrap\">\n<div class=\"product-detail-title-after\">\n<div class=\"product-detail-manufacturer-wrap\">\n<p>H\u00e1zikerti felhaszn\u00e1l\u00e1s: 20g\/10 m2.<\/p>\n<p>Sz\u00e1rmaz\u00e1si hely: Lengyelorsz\u00e1g<\/p>\n<p>Gy\u00e1rt\u00f3: Unik\u00e9n<\/p>\n<p>\u201eEK-m\u0171tr\u00e1gya\u201d<br \/>\nK\u00e9nhi\u00e1ny kezel\u00e9s\u00e9re alkalmas m\u0171tr\u00e1gya.<br \/>\nMinden sz\u00e1nt\u00f3f\u00f6ldi \u00e9s kert\u00e9szeti kult\u00far\u00e1hoz alkalmazhat\u00f3.<\/p>\n<p>Hat\u00f3anyag tartalom (S): K\u00e9n (S) 99,9 %<\/p>\n<p>Felhaszn\u00e1l\u00e1s, adagol\u00e1s: A k\u00e9n a n\u00f6v\u00e9nyi \u00e9letfunkci\u00f3k fenntart\u00e1sa, a term\u00e9smennyis\u00e9g \u00e9s min\u0151s\u00e9g n\u00f6vel\u00e9se \u00e9rdek\u00e9ben n\u00e9lk\u00fcl\u00f6zhetetlen elem. N\u00f6veli a n\u00f6v\u00e9nyek stresszt\u0171r\u0151- \u00e9s ellen\u00e1ll\u00f3 k\u00e9pess\u00e9g\u00e9t. Hi\u00e1ny eset\u00e9n a nitrog\u00e9nhasznosul\u00e1s romlik. Az egyre szigorod\u00f3 k\u00f6rnyezetv\u00e9delmi el\u0151\u00edr\u00e1sok miatt, a n\u00f6v\u00e9nyek sz\u00e1m\u00e1ra a l\u00e9gk\u00f6rb\u0151l felvehet\u0151 k\u00e9n mennyis\u00e9ge egyre cs\u00f6kken, \u00edgy sz\u00fcks\u00e9ges a p\u00f3tl\u00e1sa. \u00c1tlagos adagja: 20-40 kg\/ha.<\/p>\n<p>T\u00e1rol\u00e1s: Eredeti, z\u00e1rt csomagol\u00e1sban, m\u00e1s anyagokt\u00f3l elk\u00fcl\u00f6n\u00edtve, t\u0171z- \u00e9s h\u0151forr\u00e1st\u00f3l t\u00e1vol, j\u00f3l szell\u0151ztetett, sz\u00e1raz, h\u0171v\u00f6s, de fagymentes helyen t\u00e1rolhat\u00f3.<\/p>\n<p>K\u00f6rnyezetv\u00e9delmi figyelmeztet\u00e9s: Tilos a k\u00e9sz\u00edtm\u00e9nyeket, azok fel nem haszn\u00e1lt marad\u00e9k\u00e1t, azzal szennyezett csomagol\u00f3 burkolat\u00e1t foly\u00f3kba, \u00e1ll\u00f3vizekbe, v\u00edzfoly\u00e1sokba, t\u00e1roz\u00f3kba juttatni.<\/p>\n<p>Munkaeg\u00e9szs\u00e9g\u00fcgyi v\u00e1rakoz\u00e1si id\u0151: 0 nap.<\/p>\n<p>El\u00e9rhet\u0151 t\u00f6bbf\u00e9le m\u00e9retben \u00e9s \u00e1rban.<\/p>\n<p><strong>K\u00e9szlet\u00fcnk napi szinten v\u00e1ltozik, ez\u00e9rt k\u00e9rj\u00fck, \u00e9rdekl\u0151dj\u00f6n szem\u00e9lyesen, telefonon vagy email-en.<br \/>\nA v\u00e1ltoztat\u00e1s jog\u00e1t fenntartjuk!\u00a0<\/strong><\/p>\n<p><a href=\"https:\/\/tajkertesz.com\/\">https:\/\/tajkertesz.com\/<\/a><\/p>\n<p><a href=\"https:\/\/www.facebook.com\/tajkertesz\/\">https:\/\/www.facebook.com\/tajkertesz\/<\/a><\/p>\n<p>Szem\u00e9lyes \u00e1tv\u00e9tel nyitvatart\u00e1si id\u0151ben a 17. ker\u00fclet Bakancsos utca 7. sz\u00e1m alatti Kert\u00e9szeti \u00e1rud\u00e1ban.<\/p>\n<\/div>\n<\/div>\n<\/div>\n<\/div>\n<h3 align=\"justify\">Kiz\u00e1r\u00f3lag szem\u00e9lyes \u00e1tv\u00e9tellel lehets\u00e9ges a term\u00e9k megv\u00e1s\u00e1rl\u00e1sa!<\/h3>\n<h6><span style=\"color: #ffffff;\">Felhaszn\u00e1l\u00e1s, adagol\u00e1s: A k\u00e9n a n\u00f6v\u00e9nyi \u00e9letfunkci\u00f3k fenntart\u00e1sa, a term\u00e9smennyis\u00e9g \u00e9s min\u0151s\u00e9g n\u00f6vel\u00e9se \u00e9rdek\u00e9ben n\u00e9lk\u00fcl\u00f6zhetetlen elem. N\u00f6veli a n\u00f6v\u00e9nyek stresszt\u0171r\u0151- \u00e9s ellen\u00e1ll\u00f3 k\u00e9pess\u00e9g\u00e9t. Hi\u00e1ny eset\u00e9n a nitrog\u00e9nhasznosul\u00e1s romlik. Az egyre szigorod\u00f3 k\u00f6rnyezetv\u00e9delmi el\u0151\u00edr\u00e1sok miatt, a n\u00f6v\u00e9nyek sz\u00e1m\u00e1ra a l\u00e9gk\u00f6rb\u0151l felvehet\u0151 k\u00e9n mennyis\u00e9ge egyre cs\u00f6kken, \u00edgy sz\u00fcks\u00e9ges a p\u00f3tl\u00e1sa. \u00c1tlagos adagja: 20-40 kg\/ha.<\/span><\/h6>\n<p align=\"justify\">","protected":false},"excerpt":{"rendered":"<h2 class=\"product-detail-name\" style=\"text-align: left;\">Ventill\u00e1lt k\u00e9npor 1 kg<\/h2>\n<div class=\"product-detail-title-after\">\n<div class=\"product-detail-manufacturer-wrap\">N\u00f6veli a n\u00f6v\u00e9nyek stresszt\u0171r\u0151- \u00e9s ellen\u00e1ll\u00f3 k\u00e9pess\u00e9g\u00e9t. Hi\u00e1ny eset\u00e9n a nitrog\u00e9nhasznosul\u00e1s romlik&#8230;<\/div>\n<div><\/div>\n<\/div>\n<div class=\"product-detail-title-after\">\n<div class=\"product-detail-manufacturer-wrap\">\n<h3 align=\"justify\">Kiz\u00e1r\u00f3lag szem\u00e9lyes \u00e1tv\u00e9tellel lehets\u00e9ges a term\u00e9k megv\u00e1s\u00e1rl\u00e1sa!<\/h3>\n<\/div>\n<\/div>\n<div class=\"product-detail-title-after\">\n<div class=\"product-detail-manufacturer-wrap\"><\/div>\n<\/div>\n<div class=\"product-detail-title-after\">\n<div class=\"product-detail-manufacturer-wrap\"><\/div>\n<\/div>\n<div class=\"product-detail-title-after\">\n<div class=\"product-detail-manufacturer-wrap\"><\/div>\n<\/div>\n<div class=\"product-detail-title-after\">\n<div class=\"product-detail-manufacturer-wrap\"><\/div>\n<\/div>\n<div class=\"product-detail-title-after\">\n<div class=\"product-detail-manufacturer-wrap\"><\/div>\n<\/div>","protected":false},"featured_media":18167,"template":"","meta":{"_et_pb_use_builder":"","_et_pb_old_content":"","_et_gb_content_width":""},"product_brand":[],"product_cat":[1845],"product_tag":[4516,705,4802,3579],"class_list":{"0":"post-12145","1":"product","2":"type-product","3":"status-publish","4":"has-post-thumbnail","6":"product_cat-egyeb-tapoldatok-mutragyak","7":"product_tag-kenpor","8":"product_tag-mutragya","9":"product_tag-uniken","10":"product_tag-ventillalt-kenpor-1-kg","12":"first","13":"instock","14":"shipping-taxable","15":"purchasable","16":"product-type-simple"},"yoast_head":"<!-- This site is optimized with the Yoast SEO plugin v27.4 - https:\/\/yoast.com\/product\/yoast-seo-wordpress\/ -->\n<title>Ventill\u00e1lt k\u00e9npor 1 kg - T\u00e1jkert\u00e9sz<\/title>\n<meta name=\"description\" content=\"Ventill\u00e1lt k\u00e9npor 1 kg. N\u00f6veli a n\u00f6v\u00e9nyek stresszt\u0171r\u0151- \u00e9s ellen\u00e1ll\u00f3 k\u00e9pess\u00e9g\u00e9t. Hi\u00e1ny eset\u00e9n a nitrog\u00e9nhasznosul\u00e1s romlik.\" \/>\n<meta name=\"robots\" content=\"index, follow, max-snippet:-1, max-image-preview:large, max-video-preview:-1\" \/>\n<link rel=\"canonical\" href=\"https:\/\/tajkertesz.com\/en_US\/product\/ventillalt-kenpor-1-kg\/\" \/>\n<meta property=\"og:locale\" content=\"en_US\" \/>\n<meta property=\"og:type\" content=\"article\" \/>\n<meta property=\"og:title\" content=\"Ventill\u00e1lt k\u00e9npor 1 kg - T\u00e1jkert\u00e9sz\" \/>\n<meta property=\"og:description\" content=\"Ventill\u00e1lt k\u00e9npor 1 kg. N\u00f6veli a n\u00f6v\u00e9nyek stresszt\u0171r\u0151- \u00e9s ellen\u00e1ll\u00f3 k\u00e9pess\u00e9g\u00e9t. Hi\u00e1ny eset\u00e9n a nitrog\u00e9nhasznosul\u00e1s romlik.\" \/>\n<meta property=\"og:url\" content=\"https:\/\/tajkertesz.com\/en_US\/product\/ventillalt-kenpor-1-kg\/\" \/>\n<meta property=\"og:site_name\" content=\"T\u00e1jkert\u00e9sz\" \/>\n<meta property=\"article:publisher\" content=\"https:\/\/www.facebook.com\/Tajkertesz\/\" \/>\n<meta property=\"article:modified_time\" content=\"2026-02-18T15:32:06+00:00\" \/>\n<meta property=\"og:image\" content=\"https:\/\/tajkertesz.com\/wp-content\/uploads\/2021\/12\/kenpor-1.jpg\" \/>\n\t<meta property=\"og:image:width\" content=\"289\" \/>\n\t<meta property=\"og:image:height\" content=\"500\" \/>\n\t<meta property=\"og:image:type\" content=\"image\/jpeg\" \/>\n<meta name=\"twitter:card\" content=\"summary_large_image\" \/>\n<meta name=\"twitter:label1\" content=\"Est. reading time\" \/>\n\t<meta name=\"twitter:data1\" content=\"2 minutes\" \/>\n<script type=\"application\/ld+json\" class=\"yoast-schema-graph\">{\"@context\":\"https:\\\/\\\/schema.org\",\"@graph\":[{\"@type\":\"WebPage\",\"@id\":\"https:\\\/\\\/tajkertesz.com\\\/termek\\\/ventillalt-kenpor-1-kg\\\/\",\"url\":\"https:\\\/\\\/tajkertesz.com\\\/termek\\\/ventillalt-kenpor-1-kg\\\/\",\"name\":\"Ventill\u00e1lt k\u00e9npor 1 kg - T\u00e1jkert\u00e9sz\",\"isPartOf\":{\"@id\":\"https:\\\/\\\/tajkertesz.com\\\/#website\"},\"primaryImageOfPage\":{\"@id\":\"https:\\\/\\\/tajkertesz.com\\\/termek\\\/ventillalt-kenpor-1-kg\\\/#primaryimage\"},\"image\":{\"@id\":\"https:\\\/\\\/tajkertesz.com\\\/termek\\\/ventillalt-kenpor-1-kg\\\/#primaryimage\"},\"thumbnailUrl\":\"https:\\\/\\\/tajkertesz.com\\\/wp-content\\\/uploads\\\/2021\\\/12\\\/kenpor-1.jpg\",\"datePublished\":\"2021-12-17T09:28:11+00:00\",\"dateModified\":\"2026-02-18T15:32:06+00:00\",\"description\":\"Ventill\u00e1lt k\u00e9npor 1 kg. N\u00f6veli a n\u00f6v\u00e9nyek stresszt\u0171r\u0151- \u00e9s ellen\u00e1ll\u00f3 k\u00e9pess\u00e9g\u00e9t. Hi\u00e1ny eset\u00e9n a nitrog\u00e9nhasznosul\u00e1s romlik.\",\"breadcrumb\":{\"@id\":\"https:\\\/\\\/tajkertesz.com\\\/termek\\\/ventillalt-kenpor-1-kg\\\/#breadcrumb\"},\"inLanguage\":\"en-US\",\"potentialAction\":[{\"@type\":\"ReadAction\",\"target\":[\"https:\\\/\\\/tajkertesz.com\\\/termek\\\/ventillalt-kenpor-1-kg\\\/\"]}]},{\"@type\":\"ImageObject\",\"inLanguage\":\"en-US\",\"@id\":\"https:\\\/\\\/tajkertesz.com\\\/termek\\\/ventillalt-kenpor-1-kg\\\/#primaryimage\",\"url\":\"https:\\\/\\\/tajkertesz.com\\\/wp-content\\\/uploads\\\/2021\\\/12\\\/kenpor-1.jpg\",\"contentUrl\":\"https:\\\/\\\/tajkertesz.com\\\/wp-content\\\/uploads\\\/2021\\\/12\\\/kenpor-1.jpg\",\"width\":289,\"height\":500},{\"@type\":\"BreadcrumbList\",\"@id\":\"https:\\\/\\\/tajkertesz.com\\\/termek\\\/ventillalt-kenpor-1-kg\\\/#breadcrumb\",\"itemListElement\":[{\"@type\":\"ListItem\",\"position\":1,\"name\":\"Home\",\"item\":\"https:\\\/\\\/tajkertesz.com\\\/\"},{\"@type\":\"ListItem\",\"position\":2,\"name\":\"Kezd\u0151lap\",\"item\":\"https:\\\/\\\/tajkertesz.com\\\/\"},{\"@type\":\"ListItem\",\"position\":3,\"name\":\"Ventill\u00e1lt k\u00e9npor 1 kg\"}]},{\"@type\":\"WebSite\",\"@id\":\"https:\\\/\\\/tajkertesz.com\\\/#website\",\"url\":\"https:\\\/\\\/tajkertesz.com\\\/\",\"name\":\"T\u00e1j-Kert\u00e9sz 84 Kft.\",\"description\":\"Kert\u00e9szeti kis- \u00e9s nagykeresked\u00e9s, D\u00edszn\u00f6v\u00e9ny web\u00e1ruh\u00e1z orsz\u00e1gos h\u00e1zhozsz\u00e1ll\u00edt\u00e1ssal!\",\"publisher\":{\"@id\":\"https:\\\/\\\/tajkertesz.com\\\/#organization\"},\"potentialAction\":[{\"@type\":\"SearchAction\",\"target\":{\"@type\":\"EntryPoint\",\"urlTemplate\":\"https:\\\/\\\/tajkertesz.com\\\/?s={search_term_string}\"},\"query-input\":{\"@type\":\"PropertyValueSpecification\",\"valueRequired\":true,\"valueName\":\"search_term_string\"}}],\"inLanguage\":\"en-US\"},{\"@type\":\"Organization\",\"@id\":\"https:\\\/\\\/tajkertesz.com\\\/#organization\",\"name\":\"T\u00e1j-Kert\u00e9sz 84 Kft.\",\"url\":\"https:\\\/\\\/tajkertesz.com\\\/\",\"logo\":{\"@type\":\"ImageObject\",\"inLanguage\":\"en-US\",\"@id\":\"https:\\\/\\\/tajkertesz.com\\\/#\\\/schema\\\/logo\\\/image\\\/\",\"url\":\"https:\\\/\\\/tajkertesz.com\\\/wp-content\\\/uploads\\\/2018\\\/02\\\/logo-2-e1518678052539.png\",\"contentUrl\":\"https:\\\/\\\/tajkertesz.com\\\/wp-content\\\/uploads\\\/2018\\\/02\\\/logo-2-e1518678052539.png\",\"width\":81,\"height\":140,\"caption\":\"T\u00e1j-Kert\u00e9sz 84 Kft.\"},\"image\":{\"@id\":\"https:\\\/\\\/tajkertesz.com\\\/#\\\/schema\\\/logo\\\/image\\\/\"},\"sameAs\":[\"https:\\\/\\\/www.facebook.com\\\/Tajkertesz\\\/\"]}]}<\/script>\n<!-- \/ Yoast SEO plugin. -->","yoast_head_json":{"title":"Ventill\u00e1lt k\u00e9npor 1 kg - T\u00e1jkert\u00e9sz","description":"Ventill\u00e1lt k\u00e9npor 1 kg. N\u00f6veli a n\u00f6v\u00e9nyek stresszt\u0171r\u0151- \u00e9s ellen\u00e1ll\u00f3 k\u00e9pess\u00e9g\u00e9t. Hi\u00e1ny eset\u00e9n a nitrog\u00e9nhasznosul\u00e1s romlik.","robots":{"index":"index","follow":"follow","max-snippet":"max-snippet:-1","max-image-preview":"max-image-preview:large","max-video-preview":"max-video-preview:-1"},"canonical":"https:\/\/tajkertesz.com\/en_US\/product\/ventillalt-kenpor-1-kg\/","og_locale":"en_US","og_type":"article","og_title":"Ventill\u00e1lt k\u00e9npor 1 kg - T\u00e1jkert\u00e9sz","og_description":"Ventill\u00e1lt k\u00e9npor 1 kg. N\u00f6veli a n\u00f6v\u00e9nyek stresszt\u0171r\u0151- \u00e9s ellen\u00e1ll\u00f3 k\u00e9pess\u00e9g\u00e9t. Hi\u00e1ny eset\u00e9n a nitrog\u00e9nhasznosul\u00e1s romlik.","og_url":"https:\/\/tajkertesz.com\/en_US\/product\/ventillalt-kenpor-1-kg\/","og_site_name":"T\u00e1jkert\u00e9sz","article_publisher":"https:\/\/www.facebook.com\/Tajkertesz\/","article_modified_time":"2026-02-18T15:32:06+00:00","og_image":[{"width":289,"height":500,"url":"https:\/\/tajkertesz.com\/wp-content\/uploads\/2021\/12\/kenpor-1.jpg","type":"image\/jpeg"}],"twitter_card":"summary_large_image","twitter_misc":{"Est. reading time":"2 minutes"},"schema":{"@context":"https:\/\/schema.org","@graph":[{"@type":"WebPage","@id":"https:\/\/tajkertesz.com\/termek\/ventillalt-kenpor-1-kg\/","url":"https:\/\/tajkertesz.com\/termek\/ventillalt-kenpor-1-kg\/","name":"Ventill\u00e1lt k\u00e9npor 1 kg - T\u00e1jkert\u00e9sz","isPartOf":{"@id":"https:\/\/tajkertesz.com\/#website"},"primaryImageOfPage":{"@id":"https:\/\/tajkertesz.com\/termek\/ventillalt-kenpor-1-kg\/#primaryimage"},"image":{"@id":"https:\/\/tajkertesz.com\/termek\/ventillalt-kenpor-1-kg\/#primaryimage"},"thumbnailUrl":"https:\/\/tajkertesz.com\/wp-content\/uploads\/2021\/12\/kenpor-1.jpg","datePublished":"2021-12-17T09:28:11+00:00","dateModified":"2026-02-18T15:32:06+00:00","description":"Ventill\u00e1lt k\u00e9npor 1 kg. N\u00f6veli a n\u00f6v\u00e9nyek stresszt\u0171r\u0151- \u00e9s ellen\u00e1ll\u00f3 k\u00e9pess\u00e9g\u00e9t. Hi\u00e1ny eset\u00e9n a nitrog\u00e9nhasznosul\u00e1s romlik.","breadcrumb":{"@id":"https:\/\/tajkertesz.com\/termek\/ventillalt-kenpor-1-kg\/#breadcrumb"},"inLanguage":"en-US","potentialAction":[{"@type":"ReadAction","target":["https:\/\/tajkertesz.com\/termek\/ventillalt-kenpor-1-kg\/"]}]},{"@type":"ImageObject","inLanguage":"en-US","@id":"https:\/\/tajkertesz.com\/termek\/ventillalt-kenpor-1-kg\/#primaryimage","url":"https:\/\/tajkertesz.com\/wp-content\/uploads\/2021\/12\/kenpor-1.jpg","contentUrl":"https:\/\/tajkertesz.com\/wp-content\/uploads\/2021\/12\/kenpor-1.jpg","width":289,"height":500},{"@type":"BreadcrumbList","@id":"https:\/\/tajkertesz.com\/termek\/ventillalt-kenpor-1-kg\/#breadcrumb","itemListElement":[{"@type":"ListItem","position":1,"name":"Home","item":"https:\/\/tajkertesz.com\/"},{"@type":"ListItem","position":2,"name":"Kezd\u0151lap","item":"https:\/\/tajkertesz.com\/"},{"@type":"ListItem","position":3,"name":"Ventill\u00e1lt k\u00e9npor 1 kg"}]},{"@type":"WebSite","@id":"https:\/\/tajkertesz.com\/#website","url":"https:\/\/tajkertesz.com\/","name":"T\u00e1j-Kert\u00e9sz 84 Kft.","description":"Kert\u00e9szeti kis- \u00e9s nagykeresked\u00e9s, D\u00edszn\u00f6v\u00e9ny web\u00e1ruh\u00e1z orsz\u00e1gos h\u00e1zhozsz\u00e1ll\u00edt\u00e1ssal!","publisher":{"@id":"https:\/\/tajkertesz.com\/#organization"},"potentialAction":[{"@type":"SearchAction","target":{"@type":"EntryPoint","urlTemplate":"https:\/\/tajkertesz.com\/?s={search_term_string}"},"query-input":{"@type":"PropertyValueSpecification","valueRequired":true,"valueName":"search_term_string"}}],"inLanguage":"en-US"},{"@type":"Organization","@id":"https:\/\/tajkertesz.com\/#organization","name":"T\u00e1j-Kert\u00e9sz 84 Kft.","url":"https:\/\/tajkertesz.com\/","logo":{"@type":"ImageObject","inLanguage":"en-US","@id":"https:\/\/tajkertesz.com\/#\/schema\/logo\/image\/","url":"https:\/\/tajkertesz.com\/wp-content\/uploads\/2018\/02\/logo-2-e1518678052539.png","contentUrl":"https:\/\/tajkertesz.com\/wp-content\/uploads\/2018\/02\/logo-2-e1518678052539.png","width":81,"height":140,"caption":"T\u00e1j-Kert\u00e9sz 84 Kft."},"image":{"@id":"https:\/\/tajkertesz.com\/#\/schema\/logo\/image\/"},"sameAs":["https:\/\/www.facebook.com\/Tajkertesz\/"]}]}},"_links":{"self":[{"href":"https:\/\/tajkertesz.com\/en_US\/wp-json\/wp\/v2\/product\/12145","targetHints":{"allow":["GET"]}}],"collection":[{"href":"https:\/\/tajkertesz.com\/en_US\/wp-json\/wp\/v2\/product"}],"about":[{"href":"https:\/\/tajkertesz.com\/en_US\/wp-json\/wp\/v2\/types\/product"}],"wp:featuredmedia":[{"embeddable":true,"href":"https:\/\/tajkertesz.com\/en_US\/wp-json\/wp\/v2\/media\/18167"}],"wp:attachment":[{"href":"https:\/\/tajkertesz.com\/en_US\/wp-json\/wp\/v2\/media?parent=12145"}],"wp:term":[{"taxonomy":"product_brand","embeddable":true,"href":"https:\/\/tajkertesz.com\/en_US\/wp-json\/wp\/v2\/product_brand?post=12145"},{"taxonomy":"product_cat","embeddable":true,"href":"https:\/\/tajkertesz.com\/en_US\/wp-json\/wp\/v2\/product_cat?post=12145"},{"taxonomy":"product_tag","embeddable":true,"href":"https:\/\/tajkertesz.com\/en_US\/wp-json\/wp\/v2\/product_tag?post=12145"}],"curies":[{"name":"wp","href":"https:\/\/api.w.org\/{rel}","templated":true}]}}