{"id":1219,"date":"2020-03-06T15:54:16","date_gmt":"2020-03-06T15:54:16","guid":{"rendered":"https:\/\/tajkertesz.com\/?post_type=product&#038;p=1219"},"modified":"2025-08-02T07:29:01","modified_gmt":"2025-08-02T07:29:01","slug":"caryopteris-clandonensis-heavenly-blue","status":"publish","type":"product","link":"https:\/\/tajkertesz.com\/en_US\/product\/caryopteris-clandonensis-heavenly-blue\/","title":{"rendered":"Caryopteris clandonensis  &#8216;Heavenly Blue&#8217; &#8211; Angol k\u00e9kszak\u00e1ll"},"content":{"rendered":"<h1>Caryopteris clandonensis &#8216;Heavenly Blue&#8217; &#8211; Angol k\u00e9kszak\u00e1ll<\/h1>\n<p data-start=\"376\" data-end=\"739\">A Caryopteris clandonensis &#8216;Heavenly Blue&#8217; &#8211; Angol k\u00e9kszak\u00e1ll egy d\u00fasan vir\u00e1gz\u00f3, kompakt habitus\u00fa f\u00e9lcserje, amely k\u00e9s\u0151 ny\u00e1rt\u00f3l eg\u00e9szen az \u0151sz v\u00e9g\u00e9ig ontja az \u00e9l\u00e9nk k\u00e9k vir\u00e1gait. Ez a dekorat\u00edv n\u00f6v\u00e9ny\u00a0 szemet gy\u00f6ny\u00f6rk\u00f6dtet\u0151 l\u00e1tv\u00e1nyt ny\u00fajt, a m\u00e9hek, pillang\u00f3k \u00e9s m\u00e1s hasznos rovarok egyik kedvence.<\/p>\n<p data-start=\"741\" data-end=\"1026\"><strong data-start=\"741\" data-end=\"773\">Sz\u00fcrk\u00e9s-z\u00f6ld, arom\u00e1s levelei<\/strong> kellemes illatot \u00e1rasztanak, \u00edgy nemcsak l\u00e1tv\u00e1nyos, hanem illat\u00e9lm\u00e9nyt is ny\u00fajt a kertben. Kiv\u00e1l\u00f3 v\u00e1laszt\u00e1s napos \u00e1gy\u00e1sokba, sziklakertekbe, vagy ak\u00e1r alacsony s\u00f6v\u00e9nyk\u00e9nt is. J\u00f3l t\u0171ri a sz\u00e1razs\u00e1got, a szeg\u00e9nyes talajokat \u00e9s minim\u00e1lis gondoz\u00e1st ig\u00e9nyel.<\/p>\n<p data-start=\"1028\" data-end=\"1046\"><strong data-start=\"1028\" data-end=\"1046\">Tulajdons\u00e1gok:<\/strong><\/p>\n<ul data-start=\"1047\" data-end=\"1251\">\n<li data-start=\"1047\" data-end=\"1071\">\n<p data-start=\"1049\" data-end=\"1071\">Magass\u00e1g: kb. 60\u201380 cm<\/p>\n<\/li>\n<li data-start=\"1072\" data-end=\"1108\">\n<p data-start=\"1074\" data-end=\"1108\">Vir\u00e1gz\u00e1si id\u0151: augusztus \u2013 okt\u00f3ber<\/p>\n<\/li>\n<li data-start=\"1109\" data-end=\"1142\">\n<p data-start=\"1111\" data-end=\"1142\">F\u00e9nyig\u00e9ny: napos fekv\u00e9st kedvel<\/p>\n<\/li>\n<li data-start=\"1143\" data-end=\"1190\">\n<p data-start=\"1145\" data-end=\"1190\">V\u00edzig\u00e9ny: alacsony\u2013k\u00f6zepes, j\u00f3 sz\u00e1razs\u00e1gt\u0171r\u00e9s<\/p>\n<\/li>\n<li data-start=\"1191\" data-end=\"1251\">\n<p data-start=\"1193\" data-end=\"1251\">Talaj: j\u00f3 v\u00edz\u00e1tereszt\u0151, ak\u00e1r gyeng\u00e9bb min\u0151s\u00e9g\u0171 is megfelel<\/p>\n<\/li>\n<\/ul>\n<p data-start=\"1253\" data-end=\"1463\">Ez a kiv\u00e1l\u00f3 cserje t\u00f6k\u00e9letes v\u00e1laszt\u00e1s azoknak, akik kev\u00e9s gondoz\u00e1st ig\u00e9nyl\u0151, m\u00e9gis hosszan vir\u00e1gz\u00f3 n\u00f6v\u00e9nyt keresnek. Ak\u00e1r balkonl\u00e1d\u00e1ba is \u00fcltethet\u0151, hogy a k\u00e9k vir\u00e1gok k\u00f6zelr\u0151l is \u00e9lvezhet\u0151k legyenek.<\/p>\n<p data-start=\"1253\" data-end=\"1463\">A n\u00f6v\u00e9ny jelenlegi m\u00e9rete 30\/40 cm 17 cm-es cser\u00e9pben.<\/p>\n<h5><strong>\ud83d\udd04 K\u00e9szletinform\u00e1ci\u00f3<\/strong><\/h5>\n<p><strong>K\u00e9szlet\u00fcnk napi szinten v\u00e1ltozik, \u00edgy a webshopban szerepl<\/strong><strong>\u0151<\/strong><strong> term\u00e9kek el\u00e9rhet<\/strong><strong>\u0151<\/strong><strong>s\u00e9ge nem garant\u00e1lt.<br \/>\n\ud83d\udcde A megrendel\u00e9s el<\/strong><strong>\u0151<\/strong><strong>tt k\u00e9rj\u00fck, \u00e9rdekl<\/strong><strong>\u0151<\/strong><strong>dj\u00f6n szem\u00e9lyesen, telefonon vagy e-mailben!<\/strong><\/p>\n<h5><strong>\u27a1\ufe0f Kapcsolat:<\/strong><\/h5>\n<ul>\n<li><strong>Weboldal: <\/strong><a href=\"https:\/\/tajkertesz.com\"><strong>tajkertesz.com<\/strong><\/a><\/li>\n<li><strong>Facebook: <\/strong><a href=\"https:\/\/www.facebook.com\/tajkertesz\/\"><strong>facebook.com\/tajkertesz<\/strong><\/a><\/li>\n<li><strong>Telefonsz\u00e1m, e-mail: +36\/20-319-3770 <\/strong><a href=\"mailto:tajkerteszaruda@gmail.com\"><strong>tajkerteszaruda@gmail.com<\/strong><\/a><\/li>\n<\/ul>\n<h5><strong>\ud83d\ude9a Sz\u00e1ll\u00edt\u00e1si inform\u00e1ci\u00f3k<\/strong><\/h5>\n<p><strong>A megrendelt n\u00f6v\u00e9nyek kisz\u00e1ll\u00edt\u00e1sa az al\u00e1bbi felt\u00e9telek mellett t\u00f6rt\u00e9nik:<\/strong><\/p>\n<h5><strong>\ud83d\udce6 Fut\u00e1rszolg\u00e1latos sz\u00e1ll\u00edt\u00e1s<\/strong><\/h5>\n<ul>\n<li><strong>Maxim\u00e1lis m\u00e9ret: 200 cm (hossz\u00fas\u00e1g)<\/strong><\/li>\n<li><strong>Maxim\u00e1lis s\u00faly: 40 kg<\/strong><\/li>\n<li><strong>Az enn\u00e9l kisebb \u00e9s k\u00f6nnyebb csomagokat fut\u00e1rszolg\u00e1lattal k\u00e9zbes\u00edtj\u00fck a lehet<\/strong><strong>\u0151<\/strong><strong> legbiztons\u00e1gosabb csomagol\u00e1sban.<\/strong><\/li>\n<\/ul>\n<h4><strong>\ud83d\udefb Szem\u00e9lyes \u00e1tv\u00e9tel<\/strong><\/h4>\n<ul>\n<li><strong>1173 Budapest, Bakancsos utca 7. sz\u00e1m alatt nyitvatart\u00e1si id<\/strong><strong>\u0151<\/strong><strong>ben szem\u00e9lyesen \u00e1tvehet<\/strong><strong>\u0151<\/strong><strong> kert\u00e9szeti \u00e1rud\u00e1nkban.<\/strong><\/li>\n<li><strong>K\u00f6lts\u00e9ghat\u00e9kony megold\u00e1s nagyobb, t\u00f6r\u00e9kenyebb vagy t\u00falm\u00e9retes n\u00f6v\u00e9nyek eset\u00e9n.<\/strong><\/li>\n<\/ul>\n<h4><strong>\ud83d\udcde Nagy m\u00e9ret<\/strong><strong>\u0171<\/strong><strong> vagy s\u00faly\u00fa n\u00f6v\u00e9nyek eset\u00e9n<\/strong><\/h4>\n<p><strong>Ha a term\u00e9k:<\/strong><\/p>\n<ul>\n<li><strong>meghaladja a 200 cm hossz\u00fas\u00e1got vagy<\/strong><\/li>\n<li><strong>meghaladja a 40 kg s\u00falyt,<\/strong><\/li>\n<\/ul>\n<p><strong>akkor szem\u00e9lyes \u00e1tv\u00e9tellel vagy egyedi, el<\/strong><strong>\u0151<\/strong><strong>re egyeztetett sz\u00e1ll\u00edt\u00e1si felt\u00e9telek mellett t\u00f6rt\u00e9nik.<br \/>\nK\u00e9rj\u00fck, ilyen esetben rendel\u00e9s el<\/strong><strong>\u0151<\/strong><strong>tt vegye fel vel\u00fcnk a kapcsolatot, hogy a lehet<\/strong><strong>\u0151<\/strong><strong> legmegfelel<\/strong><strong>\u0151<\/strong><strong>bb sz\u00e1ll\u00edt\u00e1si megold\u00e1st k\u00edn\u00e1lhassuk.<\/strong><\/p>\n<p><strong>\ud83d\udd14 Fontos: A n\u00f6v\u00e9nyeket minden esetben igyeksz\u00fcnk gondosan, egyes\u00e9vel csomagolni, azonban a sz\u00e1ll\u00edt\u00e1s sor\u00e1n kisebb eszt\u00e9tikai s\u00e9r\u00fcl\u00e9sek el<\/strong><strong>\u0151<\/strong><strong>fordulhatnak (pl. lev\u00e9lhull\u00e1s). Ez nem min<\/strong><strong>\u0151<\/strong><strong>s\u00fcl hib\u00e1s teljes\u00edt\u00e9snek.<\/strong><\/p>\n<h4><strong>\ud83d\udcf7 Fontos tudni a k\u00e9pekr<\/strong><strong>\u0151<\/strong><strong>l<\/strong><\/h4>\n<p><strong>A webshopban szerepl<\/strong><strong>\u0151<\/strong><strong> k\u00e9pek illusztr\u00e1ci\u00f3k, a n\u00f6v\u00e9nyek term\u00e9szet\u00fckn\u00e9l fogva egyediek, \u00edgy m\u00e9retben, alakban \u00e9s sz\u00ednben minim\u00e1lis elt\u00e9r\u00e9sek el<\/strong><strong>\u0151<\/strong><strong>fordulhatnak a k\u00e9pen l\u00e1that\u00f3 \u00e9s a val\u00f3s p\u00e9ld\u00e1nyok k\u00f6z\u00f6tt.<\/strong><\/p>\n<h4><strong>\ud83e\uddfe \u00c1rak \u00e9s el\u00e1ll\u00e1si jog<\/strong><\/h4>\n<ul>\n<li><strong>Az \u00e1rak egy darab\u00a0n\u00f6v\u00e9nyre vonatkoznak.<\/strong><\/li>\n<li><strong>\u00c9l<\/strong><strong>\u0151<\/strong><strong> n\u00f6v\u00e9nyek rendel\u00e9se eset\u00e9n a 14 napos el\u00e1ll\u00e1s joga nem \u00e9rv\u00e9nyes\u00edthet<\/strong><strong>\u0151<\/strong><strong>, mivel azok romland\u00f3, biol\u00f3giailag \u00e9l<\/strong><strong>\u0151<\/strong><strong> term\u00e9keknek min<\/strong><strong>\u0151<\/strong><strong>s\u00fclnek.<br \/>\n\ud83d\udd12 (17\/1999. (II. 5.) Korm. rendelet 5. \u00a7 c) pontja alapj\u00e1n)<\/strong><\/li>\n<\/ul>\n<h4><strong>\ud83d\udce6 K\u00e9zbes\u00edt\u00e9s ut\u00e1ni teend<\/strong><strong>\u0151<\/strong><strong>k<\/strong><\/h4>\n<p><strong>A k\u00e9zbes\u00edt\u00e9st k\u00f6vet<\/strong><strong>\u0151<\/strong><strong>en a csomagot azonnal bontsuk ki, \u00e9s a n\u00f6v\u00e9nyt helyezz\u00fck el megfelel<\/strong><strong>\u0151<\/strong><strong> k\u00f6rnyezetben.<br \/>\nFontos: ha a n\u00f6v\u00e9ny nem r\u00e9szes\u00fcl megfelel<\/strong><strong>\u0151<\/strong><strong> gondoz\u00e1sban \u00e9s ennek k\u00f6vetkezt\u00e9ben k\u00e1rosodik vagy elpusztul, felel<\/strong><strong>\u0151<\/strong><strong>ss\u00e9get nem tudunk v\u00e1llalni.<\/strong><\/p>\n<p><strong>\u00a0<\/strong><\/p>","protected":false},"excerpt":{"rendered":"<p data-start=\"1497\" data-end=\"1668\">A <strong data-start=\"1499\" data-end=\"1530\">Caryopteris &#8216;Heavenly Blue&#8217;<\/strong> egy alacsony termet\u0171, \u00e9l\u00e9nk k\u00e9k vir\u00e1g\u00fa f\u00e9lcserje, amely augusztust\u00f3l \u0151szig vir\u00e1gzik. M\u00e9h- \u00e9s pillang\u00f3csalogat\u00f3, sz\u00e1razs\u00e1gt\u0171r\u0151 d\u00edszn\u00f6v\u00e9ny.<\/p>\n<p>A n\u00f6v\u00e9ny jelenlegi m\u00e9rete 30\/40 cm 17 cm-es cser\u00e9pben.<\/p>","protected":false},"featured_media":1221,"template":"","meta":{"_et_pb_use_builder":"","_et_pb_old_content":"","_et_gb_content_width":""},"product_brand":[],"product_cat":[27],"product_tag":[6101,265,5818,264,6097,6098,203,6099,6100,6092,672],"class_list":{"0":"post-1219","1":"product","2":"type-product","3":"status-publish","4":"has-post-thumbnail","6":"product_cat-cserjek","7":"product_tag-alacsony-cserje","8":"product_tag-angol-kekszakall","9":"product_tag-caryopteris","10":"product_tag-caryopteris-clandonensis-heavenly-blue","11":"product_tag-heavenly-blue","12":"product_tag-kek-viragu-cserje","13":"product_tag-kekszakall","14":"product_tag-mehcsalogato-disznoveny","15":"product_tag-oszi-viragzas","16":"product_tag-pillangobarat-noveny","17":"product_tag-szarazsagturo","19":"first","20":"instock","21":"shipping-taxable","22":"purchasable","23":"product-type-simple"},"yoast_head":"<!-- This site is optimized with the Yoast SEO plugin v27.3 - https:\/\/yoast.com\/product\/yoast-seo-wordpress\/ -->\n<title>Caryopteris clandonensis &#039;Heavenly Blue&#039; - Angol k\u00e9kszak\u00e1ll - T\u00e1jkert\u00e9sz<\/title>\n<meta name=\"description\" content=\"A Caryopteris clandonensis &#039;Heavenly Blue&#039; - Angol k\u00e9kszak\u00e1ll \u00a01 m\u00e9ter magas, s\u0171r\u0171, sz\u00e9t\u00e1ll\u00f3 \u00e1g\u00fa cserje. \u00c9l\u00e9nk k\u00e9k sz\u00edn\u0171 vir\u00e1gai agusztust\u00f3l ny\u00edlnak.\" \/>\n<meta name=\"robots\" content=\"index, follow, max-snippet:-1, max-image-preview:large, max-video-preview:-1\" \/>\n<link rel=\"canonical\" href=\"https:\/\/tajkertesz.com\/en_US\/product\/caryopteris-clandonensis-heavenly-blue\/\" \/>\n<meta property=\"og:locale\" content=\"en_US\" \/>\n<meta property=\"og:type\" content=\"article\" \/>\n<meta property=\"og:title\" content=\"Caryopteris clandonensis &#039;Heavenly Blue&#039; - Angol k\u00e9kszak\u00e1ll - T\u00e1jkert\u00e9sz\" \/>\n<meta property=\"og:description\" content=\"A Caryopteris clandonensis &#039;Heavenly Blue&#039; - Angol k\u00e9kszak\u00e1ll \u00a01 m\u00e9ter magas, s\u0171r\u0171, sz\u00e9t\u00e1ll\u00f3 \u00e1g\u00fa cserje. \u00c9l\u00e9nk k\u00e9k sz\u00edn\u0171 vir\u00e1gai agusztust\u00f3l ny\u00edlnak.\" \/>\n<meta property=\"og:url\" content=\"https:\/\/tajkertesz.com\/en_US\/product\/caryopteris-clandonensis-heavenly-blue\/\" \/>\n<meta property=\"og:site_name\" content=\"T\u00e1jkert\u00e9sz\" \/>\n<meta property=\"article:publisher\" content=\"https:\/\/www.facebook.com\/Tajkertesz\/\" \/>\n<meta property=\"article:modified_time\" content=\"2025-08-02T07:29:01+00:00\" \/>\n<meta property=\"og:image\" content=\"https:\/\/tajkertesz.com\/wp-content\/uploads\/2020\/03\/caryopetis-3.jpg\" \/>\n\t<meta property=\"og:image:width\" content=\"1000\" \/>\n\t<meta property=\"og:image:height\" content=\"750\" \/>\n\t<meta property=\"og:image:type\" content=\"image\/jpeg\" \/>\n<meta name=\"twitter:card\" content=\"summary_large_image\" \/>\n<meta name=\"twitter:label1\" content=\"Est. reading time\" \/>\n\t<meta name=\"twitter:data1\" content=\"3 minutes\" \/>\n<script type=\"application\/ld+json\" class=\"yoast-schema-graph\">{\"@context\":\"https:\\\/\\\/schema.org\",\"@graph\":[{\"@type\":\"WebPage\",\"@id\":\"https:\\\/\\\/tajkertesz.com\\\/termek\\\/caryopteris-clandonensis-heavenly-blue\\\/\",\"url\":\"https:\\\/\\\/tajkertesz.com\\\/termek\\\/caryopteris-clandonensis-heavenly-blue\\\/\",\"name\":\"Caryopteris clandonensis 'Heavenly Blue' - Angol k\u00e9kszak\u00e1ll - T\u00e1jkert\u00e9sz\",\"isPartOf\":{\"@id\":\"https:\\\/\\\/tajkertesz.com\\\/#website\"},\"primaryImageOfPage\":{\"@id\":\"https:\\\/\\\/tajkertesz.com\\\/termek\\\/caryopteris-clandonensis-heavenly-blue\\\/#primaryimage\"},\"image\":{\"@id\":\"https:\\\/\\\/tajkertesz.com\\\/termek\\\/caryopteris-clandonensis-heavenly-blue\\\/#primaryimage\"},\"thumbnailUrl\":\"https:\\\/\\\/tajkertesz.com\\\/wp-content\\\/uploads\\\/2020\\\/03\\\/caryopetis-3.jpg\",\"datePublished\":\"2020-03-06T15:54:16+00:00\",\"dateModified\":\"2025-08-02T07:29:01+00:00\",\"description\":\"A Caryopteris clandonensis 'Heavenly Blue' - Angol k\u00e9kszak\u00e1ll \u00a01 m\u00e9ter magas, s\u0171r\u0171, sz\u00e9t\u00e1ll\u00f3 \u00e1g\u00fa cserje. \u00c9l\u00e9nk k\u00e9k sz\u00edn\u0171 vir\u00e1gai agusztust\u00f3l ny\u00edlnak.\",\"breadcrumb\":{\"@id\":\"https:\\\/\\\/tajkertesz.com\\\/termek\\\/caryopteris-clandonensis-heavenly-blue\\\/#breadcrumb\"},\"inLanguage\":\"en-US\",\"potentialAction\":[{\"@type\":\"ReadAction\",\"target\":[\"https:\\\/\\\/tajkertesz.com\\\/termek\\\/caryopteris-clandonensis-heavenly-blue\\\/\"]}]},{\"@type\":\"ImageObject\",\"inLanguage\":\"en-US\",\"@id\":\"https:\\\/\\\/tajkertesz.com\\\/termek\\\/caryopteris-clandonensis-heavenly-blue\\\/#primaryimage\",\"url\":\"https:\\\/\\\/tajkertesz.com\\\/wp-content\\\/uploads\\\/2020\\\/03\\\/caryopetis-3.jpg\",\"contentUrl\":\"https:\\\/\\\/tajkertesz.com\\\/wp-content\\\/uploads\\\/2020\\\/03\\\/caryopetis-3.jpg\",\"width\":1000,\"height\":750,\"caption\":\"Caryopteris clandonensis 'Heavenly Blue' - Angol k\u00e9kszak\u00e1ll\"},{\"@type\":\"BreadcrumbList\",\"@id\":\"https:\\\/\\\/tajkertesz.com\\\/termek\\\/caryopteris-clandonensis-heavenly-blue\\\/#breadcrumb\",\"itemListElement\":[{\"@type\":\"ListItem\",\"position\":1,\"name\":\"Home\",\"item\":\"https:\\\/\\\/tajkertesz.com\\\/\"},{\"@type\":\"ListItem\",\"position\":2,\"name\":\"Kezd\u0151lap\",\"item\":\"https:\\\/\\\/tajkertesz.com\\\/\"},{\"@type\":\"ListItem\",\"position\":3,\"name\":\"Caryopteris clandonensis &#8216;Heavenly Blue&#8217; &#8211; Angol k\u00e9kszak\u00e1ll\"}]},{\"@type\":\"WebSite\",\"@id\":\"https:\\\/\\\/tajkertesz.com\\\/#website\",\"url\":\"https:\\\/\\\/tajkertesz.com\\\/\",\"name\":\"T\u00e1j-Kert\u00e9sz 84 Kft.\",\"description\":\"Kert\u00e9szeti kis- \u00e9s nagykeresked\u00e9s, D\u00edszn\u00f6v\u00e9ny web\u00e1ruh\u00e1z orsz\u00e1gos h\u00e1zhozsz\u00e1ll\u00edt\u00e1ssal!\",\"publisher\":{\"@id\":\"https:\\\/\\\/tajkertesz.com\\\/#organization\"},\"potentialAction\":[{\"@type\":\"SearchAction\",\"target\":{\"@type\":\"EntryPoint\",\"urlTemplate\":\"https:\\\/\\\/tajkertesz.com\\\/?s={search_term_string}\"},\"query-input\":{\"@type\":\"PropertyValueSpecification\",\"valueRequired\":true,\"valueName\":\"search_term_string\"}}],\"inLanguage\":\"en-US\"},{\"@type\":\"Organization\",\"@id\":\"https:\\\/\\\/tajkertesz.com\\\/#organization\",\"name\":\"T\u00e1j-Kert\u00e9sz 84 Kft.\",\"url\":\"https:\\\/\\\/tajkertesz.com\\\/\",\"logo\":{\"@type\":\"ImageObject\",\"inLanguage\":\"en-US\",\"@id\":\"https:\\\/\\\/tajkertesz.com\\\/#\\\/schema\\\/logo\\\/image\\\/\",\"url\":\"https:\\\/\\\/tajkertesz.com\\\/wp-content\\\/uploads\\\/2018\\\/02\\\/logo-2-e1518678052539.png\",\"contentUrl\":\"https:\\\/\\\/tajkertesz.com\\\/wp-content\\\/uploads\\\/2018\\\/02\\\/logo-2-e1518678052539.png\",\"width\":81,\"height\":140,\"caption\":\"T\u00e1j-Kert\u00e9sz 84 Kft.\"},\"image\":{\"@id\":\"https:\\\/\\\/tajkertesz.com\\\/#\\\/schema\\\/logo\\\/image\\\/\"},\"sameAs\":[\"https:\\\/\\\/www.facebook.com\\\/Tajkertesz\\\/\"]}]}<\/script>\n<!-- \/ Yoast SEO plugin. -->","yoast_head_json":{"title":"Caryopteris clandonensis 'Heavenly Blue' - Angol k\u00e9kszak\u00e1ll - T\u00e1jkert\u00e9sz","description":"A Caryopteris clandonensis 'Heavenly Blue' - Angol k\u00e9kszak\u00e1ll \u00a01 m\u00e9ter magas, s\u0171r\u0171, sz\u00e9t\u00e1ll\u00f3 \u00e1g\u00fa cserje. \u00c9l\u00e9nk k\u00e9k sz\u00edn\u0171 vir\u00e1gai agusztust\u00f3l ny\u00edlnak.","robots":{"index":"index","follow":"follow","max-snippet":"max-snippet:-1","max-image-preview":"max-image-preview:large","max-video-preview":"max-video-preview:-1"},"canonical":"https:\/\/tajkertesz.com\/en_US\/product\/caryopteris-clandonensis-heavenly-blue\/","og_locale":"en_US","og_type":"article","og_title":"Caryopteris clandonensis 'Heavenly Blue' - Angol k\u00e9kszak\u00e1ll - T\u00e1jkert\u00e9sz","og_description":"A Caryopteris clandonensis 'Heavenly Blue' - Angol k\u00e9kszak\u00e1ll \u00a01 m\u00e9ter magas, s\u0171r\u0171, sz\u00e9t\u00e1ll\u00f3 \u00e1g\u00fa cserje. \u00c9l\u00e9nk k\u00e9k sz\u00edn\u0171 vir\u00e1gai agusztust\u00f3l ny\u00edlnak.","og_url":"https:\/\/tajkertesz.com\/en_US\/product\/caryopteris-clandonensis-heavenly-blue\/","og_site_name":"T\u00e1jkert\u00e9sz","article_publisher":"https:\/\/www.facebook.com\/Tajkertesz\/","article_modified_time":"2025-08-02T07:29:01+00:00","og_image":[{"width":1000,"height":750,"url":"https:\/\/tajkertesz.com\/wp-content\/uploads\/2020\/03\/caryopetis-3.jpg","type":"image\/jpeg"}],"twitter_card":"summary_large_image","twitter_misc":{"Est. reading time":"3 minutes"},"schema":{"@context":"https:\/\/schema.org","@graph":[{"@type":"WebPage","@id":"https:\/\/tajkertesz.com\/termek\/caryopteris-clandonensis-heavenly-blue\/","url":"https:\/\/tajkertesz.com\/termek\/caryopteris-clandonensis-heavenly-blue\/","name":"Caryopteris clandonensis 'Heavenly Blue' - Angol k\u00e9kszak\u00e1ll - T\u00e1jkert\u00e9sz","isPartOf":{"@id":"https:\/\/tajkertesz.com\/#website"},"primaryImageOfPage":{"@id":"https:\/\/tajkertesz.com\/termek\/caryopteris-clandonensis-heavenly-blue\/#primaryimage"},"image":{"@id":"https:\/\/tajkertesz.com\/termek\/caryopteris-clandonensis-heavenly-blue\/#primaryimage"},"thumbnailUrl":"https:\/\/tajkertesz.com\/wp-content\/uploads\/2020\/03\/caryopetis-3.jpg","datePublished":"2020-03-06T15:54:16+00:00","dateModified":"2025-08-02T07:29:01+00:00","description":"A Caryopteris clandonensis 'Heavenly Blue' - Angol k\u00e9kszak\u00e1ll \u00a01 m\u00e9ter magas, s\u0171r\u0171, sz\u00e9t\u00e1ll\u00f3 \u00e1g\u00fa cserje. \u00c9l\u00e9nk k\u00e9k sz\u00edn\u0171 vir\u00e1gai agusztust\u00f3l ny\u00edlnak.","breadcrumb":{"@id":"https:\/\/tajkertesz.com\/termek\/caryopteris-clandonensis-heavenly-blue\/#breadcrumb"},"inLanguage":"en-US","potentialAction":[{"@type":"ReadAction","target":["https:\/\/tajkertesz.com\/termek\/caryopteris-clandonensis-heavenly-blue\/"]}]},{"@type":"ImageObject","inLanguage":"en-US","@id":"https:\/\/tajkertesz.com\/termek\/caryopteris-clandonensis-heavenly-blue\/#primaryimage","url":"https:\/\/tajkertesz.com\/wp-content\/uploads\/2020\/03\/caryopetis-3.jpg","contentUrl":"https:\/\/tajkertesz.com\/wp-content\/uploads\/2020\/03\/caryopetis-3.jpg","width":1000,"height":750,"caption":"Caryopteris clandonensis 'Heavenly Blue' - Angol k\u00e9kszak\u00e1ll"},{"@type":"BreadcrumbList","@id":"https:\/\/tajkertesz.com\/termek\/caryopteris-clandonensis-heavenly-blue\/#breadcrumb","itemListElement":[{"@type":"ListItem","position":1,"name":"Home","item":"https:\/\/tajkertesz.com\/"},{"@type":"ListItem","position":2,"name":"Kezd\u0151lap","item":"https:\/\/tajkertesz.com\/"},{"@type":"ListItem","position":3,"name":"Caryopteris clandonensis &#8216;Heavenly Blue&#8217; &#8211; Angol k\u00e9kszak\u00e1ll"}]},{"@type":"WebSite","@id":"https:\/\/tajkertesz.com\/#website","url":"https:\/\/tajkertesz.com\/","name":"T\u00e1j-Kert\u00e9sz 84 Kft.","description":"Kert\u00e9szeti kis- \u00e9s nagykeresked\u00e9s, D\u00edszn\u00f6v\u00e9ny web\u00e1ruh\u00e1z orsz\u00e1gos h\u00e1zhozsz\u00e1ll\u00edt\u00e1ssal!","publisher":{"@id":"https:\/\/tajkertesz.com\/#organization"},"potentialAction":[{"@type":"SearchAction","target":{"@type":"EntryPoint","urlTemplate":"https:\/\/tajkertesz.com\/?s={search_term_string}"},"query-input":{"@type":"PropertyValueSpecification","valueRequired":true,"valueName":"search_term_string"}}],"inLanguage":"en-US"},{"@type":"Organization","@id":"https:\/\/tajkertesz.com\/#organization","name":"T\u00e1j-Kert\u00e9sz 84 Kft.","url":"https:\/\/tajkertesz.com\/","logo":{"@type":"ImageObject","inLanguage":"en-US","@id":"https:\/\/tajkertesz.com\/#\/schema\/logo\/image\/","url":"https:\/\/tajkertesz.com\/wp-content\/uploads\/2018\/02\/logo-2-e1518678052539.png","contentUrl":"https:\/\/tajkertesz.com\/wp-content\/uploads\/2018\/02\/logo-2-e1518678052539.png","width":81,"height":140,"caption":"T\u00e1j-Kert\u00e9sz 84 Kft."},"image":{"@id":"https:\/\/tajkertesz.com\/#\/schema\/logo\/image\/"},"sameAs":["https:\/\/www.facebook.com\/Tajkertesz\/"]}]}},"_links":{"self":[{"href":"https:\/\/tajkertesz.com\/en_US\/wp-json\/wp\/v2\/product\/1219","targetHints":{"allow":["GET"]}}],"collection":[{"href":"https:\/\/tajkertesz.com\/en_US\/wp-json\/wp\/v2\/product"}],"about":[{"href":"https:\/\/tajkertesz.com\/en_US\/wp-json\/wp\/v2\/types\/product"}],"wp:featuredmedia":[{"embeddable":true,"href":"https:\/\/tajkertesz.com\/en_US\/wp-json\/wp\/v2\/media\/1221"}],"wp:attachment":[{"href":"https:\/\/tajkertesz.com\/en_US\/wp-json\/wp\/v2\/media?parent=1219"}],"wp:term":[{"taxonomy":"product_brand","embeddable":true,"href":"https:\/\/tajkertesz.com\/en_US\/wp-json\/wp\/v2\/product_brand?post=1219"},{"taxonomy":"product_cat","embeddable":true,"href":"https:\/\/tajkertesz.com\/en_US\/wp-json\/wp\/v2\/product_cat?post=1219"},{"taxonomy":"product_tag","embeddable":true,"href":"https:\/\/tajkertesz.com\/en_US\/wp-json\/wp\/v2\/product_tag?post=1219"}],"curies":[{"name":"wp","href":"https:\/\/api.w.org\/{rel}","templated":true}]}}