{"id":12210,"date":"2022-01-24T15:52:02","date_gmt":"2022-01-24T15:52:02","guid":{"rendered":"https:\/\/tajkertesz.com\/?post_type=product&#038;p=12210"},"modified":"2026-02-20T13:30:06","modified_gmt":"2026-02-20T13:30:06","slug":"kanna-canna-red-leaves-red","status":"publish","type":"product","link":"https:\/\/tajkertesz.com\/en_US\/product\/kanna-canna-red-leaves-red\/","title":{"rendered":"K\u00e1nna-CANNA RED LEAVES RED"},"content":{"rendered":"<p>&nbsp;<\/p>\n<p>K\u00e1nna-CANNA RED LEAVES RED<\/p>\n<p>A\u00a0 K\u00e1nna-CANNA RED LEAVES RED egy\u00a0\u00a0D\u00e9l-Amerik\u00e1b\u00f3l sz\u00e1rmaz\u00f3 fajok hibridje, amelynek gy\u00f6kt\u00f6rzse gum\u00f3szer\u0171en megvastagodott. T\u00f6bbnyire robusztus n\u00f6veked\u00e9s\u0171 n\u00f6v\u00e9ny, levelei nagyok, sz\u00e9les l\u00e1ndzs\u00e1sak. Lombozatuk is mutat\u00f3s. T\u00e1panyagban gazdag, meleg talajt, b\u0151s\u00e9ges v\u00edzell\u00e1t\u00e1st ig\u00e9nyel.<\/p>\n<p><strong>Egyedi k\u00fcl\u00f6nlegess\u00e9ge hogy piros a levele \u00e9s a vir\u00e1ga is!<\/strong><\/p>\n<p><strong>Amennyiben nagyobb mennyis\u00e9gre lenne sz\u00fcks\u00e9g, vegye fel vel\u00fcnk a kapcsolatot \u00e9s beszerezz\u00fck!<\/strong><\/p>\n<p><strong>K\u00e9szlet\u00fcnk napi szinten v\u00e1ltozik, ez\u00e9rt a v\u00e1ltoz\u00e1s jog\u00e1t fenntartjuk!<\/strong><\/p>\n<p>&nbsp;<\/p>\n<p><a href=\"https:\/\/tajkertesz.com\/\">https:\/\/tajkertesz.com\/<\/a><\/p>\n<p><a href=\"https:\/\/www.facebook.com\/tajkertesz\/\">https:\/\/www.facebook.com\/tajkertesz\/<\/a><\/p>\n<p><strong>A k\u00e1nna fajt\u00e1kr\u00f3l b\u0151vebben:<\/strong><\/p>\n<p>Leveleik nagyok, hossz\u00fak\u00e1s toj\u00e1sdadok.<\/p>\n<p>A levelek lehetnek \u00fcde vagy bronzos z\u00f6ldek, esetleg bord\u00f3sak vagy barn\u00e1sak is.<\/p>\n<p>A vir\u00e1gok a feh\u00e9rt\u0151l elkezdve, a s\u00e1rg\u00e1n \u00e1t a bord\u00f3ig minden sz\u00edn\u00e1rnyalatban el\u0151fordulnak.<\/p>\n<p>A k\u00e1nna egy\u00a0 k\u00f6zkedvelt tr\u00f3pusi n\u00f6v\u00e9ny.<\/p>\n<p>Riz\u00f3m\u00e1i fagy\u00e9rz\u00e9kenyek, minden \u00e9vben fel kell \u0151ket szedni \u00e9s szell\u0151s, fagymentes helyen teleltetni.<\/p>\n<p>J\u00faniust\u00f3l a fagyokig vir\u00e1gzik, vir\u00e1gz\u00e1skor fajt\u00e1t\u00f3l f\u00fcgg\u0151en 60-100cm magas.<\/p>\n<p>Nagyon sok sz\u00ednv\u00e1ltozata el\u00e9rhet\u0151 m\u00e1r.<\/p>\n<p>Tavasszal , \u00e1prilis k\u00f6zep\u00e9t\u0151l lehet ki\u00fcltetni , j\u00f3l el\u0151k\u00e9sz\u00edtett talajba.\u00a0 \u00dcltet\u0151 g\u00f6dr\u00f6t k\u00e9sz\u00edts\u00fcnk neki, akkor\u00e1t, hogy legal\u00e1bb 10 cm vastagon be tudjuk fedni f\u00f6lddel.<\/p>\n<p>Magass\u00e1guk f\u00fcrt\u00f6s vir\u00e1gukkal egy\u00fctt el\u00e9rheti a 200-250 cm-t is.<\/p>\n<p>A teny\u00e9szid\u0151 alatt t\u00e1poldatoz\u00e1s sz\u00fcks\u00e9ges. \u0150sszel, amikor az els\u0151 fagyok meg\u00e9rkeznek, \u00e9s a n\u00f6v\u00e9ny levele lebarnul, kezdj\u00fck el ki\u00e1sni \u0151ket.<\/p>\n<p>\u00dcgyelj\u00fcnk r\u00e1, hogy a f\u00f6ldben l\u00e9v\u0151 gum\u00f3k, riz\u00f3m\u00e1k ne s\u00e9r\u00fcljenek meg.<\/p>\n<p>Ha szeretn\u00e9nk, hogy m\u00e1r kor\u00e1n legyen vir\u00e1gz\u00f3 k\u00e1nn\u00e1nk, akkor el\u0151 is hajtathatjuk m\u00e1rciusban cser\u00e9pbe, \u00e9s \u00e1prilis v\u00e9g\u00e9n, m\u00e1jus elej\u00e9n a pal\u00e1nt\u00e1t ki\u00fcltethetj\u00fck. A nagyobb t\u00f6veket \u00e9rdemes tavasszal sz\u00e9tosztani k\u00e9ssel.<\/p>\n<p>\u00dcltet\u00e9si t\u00e1vols\u00e1g: 50-60 cm.<\/p>","protected":false},"excerpt":{"rendered":"<p>A\u00a0 K\u00e1nna-CANNA RED LEAVES RED\u00a0egy\u00a0\u00a0D\u00e9l-Amerik\u00e1b\u00f3l sz\u00e1rmaz\u00f3 fajok hibridje, amelynek gy\u00f6kt\u00f6rzse gum\u00f3szer\u0171en megvastagodott. T\u00f6bbnyire robusztus n\u00f6veked\u00e9s\u0171 n\u00f6v\u00e9ny, levelei nagyok, sz\u00e9les l\u00e1ndzs\u00e1sak. Lombozatuk is mutat\u00f3s. T\u00e1panyagban gazdag, meleg talajt, b\u0151s\u00e9ges v\u00edzell\u00e1t\u00e1st ig\u00e9nyel<\/p>\n<p><strong>Egyedi k\u00fcl\u00f6nlegess\u00e9ge hogy piros a levele \u00e9s a vir\u00e1ga is!<\/strong><\/p>","protected":false},"featured_media":12211,"template":"","meta":{"_et_pb_use_builder":"","_et_pb_old_content":"","_et_gb_content_width":""},"product_brand":[],"product_cat":[3857],"product_tag":[3591,1493,3592,3593],"class_list":{"0":"post-12210","1":"product","2":"type-product","3":"status-publish","4":"has-post-thumbnail","6":"product_cat-viraghagyma-dughagyma","7":"product_tag-kana","8":"product_tag-kanna","9":"product_tag-kanna-canna-red-leaves-red","10":"product_tag-piros-kanna","12":"first","13":"onbackorder","14":"shipping-taxable","15":"purchasable","16":"product-type-simple"},"yoast_head":"<!-- This site is optimized with the Yoast SEO plugin v27.4 - https:\/\/yoast.com\/product\/yoast-seo-wordpress\/ -->\n<title>K\u00e1nna-CANNA RED LEAVES RED - T\u00e1jkert\u00e9sz<\/title>\n<meta name=\"description\" content=\"A\u00a0 K\u00e1nna-CANNA RED LEAVES RED\u00a0egy\u00a0\u00a0D\u00e9l-Amerik\u00e1b\u00f3l sz\u00e1rmaz\u00f3 fajok hibridje, amelynek gy\u00f6kt\u00f6rzse gum\u00f3szer\u0171en megvastagodott.\" \/>\n<meta name=\"robots\" content=\"index, follow, max-snippet:-1, max-image-preview:large, max-video-preview:-1\" \/>\n<link rel=\"canonical\" href=\"https:\/\/tajkertesz.com\/en_US\/product\/kanna-canna-red-leaves-red\/\" \/>\n<meta property=\"og:locale\" content=\"en_US\" \/>\n<meta property=\"og:type\" content=\"article\" \/>\n<meta property=\"og:title\" content=\"K\u00e1nna-CANNA RED LEAVES RED - T\u00e1jkert\u00e9sz\" \/>\n<meta property=\"og:description\" content=\"A\u00a0 K\u00e1nna-CANNA RED LEAVES RED\u00a0egy\u00a0\u00a0D\u00e9l-Amerik\u00e1b\u00f3l sz\u00e1rmaz\u00f3 fajok hibridje, amelynek gy\u00f6kt\u00f6rzse gum\u00f3szer\u0171en megvastagodott.\" \/>\n<meta property=\"og:url\" content=\"https:\/\/tajkertesz.com\/en_US\/product\/kanna-canna-red-leaves-red\/\" \/>\n<meta property=\"og:site_name\" content=\"T\u00e1jkert\u00e9sz\" \/>\n<meta property=\"article:publisher\" content=\"https:\/\/www.facebook.com\/Tajkertesz\/\" \/>\n<meta property=\"article:modified_time\" content=\"2026-02-20T13:30:06+00:00\" \/>\n<meta property=\"og:image\" content=\"https:\/\/tajkertesz.com\/wp-content\/uploads\/2022\/01\/Canna-REd-Leaves.jpg\" \/>\n\t<meta property=\"og:image:width\" content=\"370\" \/>\n\t<meta property=\"og:image:height\" content=\"559\" \/>\n\t<meta property=\"og:image:type\" content=\"image\/jpeg\" \/>\n<meta name=\"twitter:card\" content=\"summary_large_image\" \/>\n<meta name=\"twitter:label1\" content=\"Est. reading time\" \/>\n\t<meta name=\"twitter:data1\" content=\"2 minutes\" \/>\n<script type=\"application\/ld+json\" class=\"yoast-schema-graph\">{\"@context\":\"https:\\\/\\\/schema.org\",\"@graph\":[{\"@type\":\"WebPage\",\"@id\":\"https:\\\/\\\/tajkertesz.com\\\/termek\\\/kanna-canna-red-leaves-red\\\/\",\"url\":\"https:\\\/\\\/tajkertesz.com\\\/termek\\\/kanna-canna-red-leaves-red\\\/\",\"name\":\"K\u00e1nna-CANNA RED LEAVES RED - T\u00e1jkert\u00e9sz\",\"isPartOf\":{\"@id\":\"https:\\\/\\\/tajkertesz.com\\\/#website\"},\"primaryImageOfPage\":{\"@id\":\"https:\\\/\\\/tajkertesz.com\\\/termek\\\/kanna-canna-red-leaves-red\\\/#primaryimage\"},\"image\":{\"@id\":\"https:\\\/\\\/tajkertesz.com\\\/termek\\\/kanna-canna-red-leaves-red\\\/#primaryimage\"},\"thumbnailUrl\":\"https:\\\/\\\/tajkertesz.com\\\/wp-content\\\/uploads\\\/2022\\\/01\\\/Canna-REd-Leaves.jpg\",\"datePublished\":\"2022-01-24T15:52:02+00:00\",\"dateModified\":\"2026-02-20T13:30:06+00:00\",\"description\":\"A\u00a0 K\u00e1nna-CANNA RED LEAVES RED\u00a0egy\u00a0\u00a0D\u00e9l-Amerik\u00e1b\u00f3l sz\u00e1rmaz\u00f3 fajok hibridje, amelynek gy\u00f6kt\u00f6rzse gum\u00f3szer\u0171en megvastagodott.\",\"breadcrumb\":{\"@id\":\"https:\\\/\\\/tajkertesz.com\\\/termek\\\/kanna-canna-red-leaves-red\\\/#breadcrumb\"},\"inLanguage\":\"en-US\",\"potentialAction\":[{\"@type\":\"ReadAction\",\"target\":[\"https:\\\/\\\/tajkertesz.com\\\/termek\\\/kanna-canna-red-leaves-red\\\/\"]}]},{\"@type\":\"ImageObject\",\"inLanguage\":\"en-US\",\"@id\":\"https:\\\/\\\/tajkertesz.com\\\/termek\\\/kanna-canna-red-leaves-red\\\/#primaryimage\",\"url\":\"https:\\\/\\\/tajkertesz.com\\\/wp-content\\\/uploads\\\/2022\\\/01\\\/Canna-REd-Leaves.jpg\",\"contentUrl\":\"https:\\\/\\\/tajkertesz.com\\\/wp-content\\\/uploads\\\/2022\\\/01\\\/Canna-REd-Leaves.jpg\",\"width\":370,\"height\":559},{\"@type\":\"BreadcrumbList\",\"@id\":\"https:\\\/\\\/tajkertesz.com\\\/termek\\\/kanna-canna-red-leaves-red\\\/#breadcrumb\",\"itemListElement\":[{\"@type\":\"ListItem\",\"position\":1,\"name\":\"Home\",\"item\":\"https:\\\/\\\/tajkertesz.com\\\/\"},{\"@type\":\"ListItem\",\"position\":2,\"name\":\"Kezd\u0151lap\",\"item\":\"https:\\\/\\\/tajkertesz.com\\\/\"},{\"@type\":\"ListItem\",\"position\":3,\"name\":\"K\u00e1nna-CANNA RED LEAVES RED\"}]},{\"@type\":\"WebSite\",\"@id\":\"https:\\\/\\\/tajkertesz.com\\\/#website\",\"url\":\"https:\\\/\\\/tajkertesz.com\\\/\",\"name\":\"T\u00e1j-Kert\u00e9sz 84 Kft.\",\"description\":\"Kert\u00e9szeti kis- \u00e9s nagykeresked\u00e9s, D\u00edszn\u00f6v\u00e9ny web\u00e1ruh\u00e1z orsz\u00e1gos h\u00e1zhozsz\u00e1ll\u00edt\u00e1ssal!\",\"publisher\":{\"@id\":\"https:\\\/\\\/tajkertesz.com\\\/#organization\"},\"potentialAction\":[{\"@type\":\"SearchAction\",\"target\":{\"@type\":\"EntryPoint\",\"urlTemplate\":\"https:\\\/\\\/tajkertesz.com\\\/?s={search_term_string}\"},\"query-input\":{\"@type\":\"PropertyValueSpecification\",\"valueRequired\":true,\"valueName\":\"search_term_string\"}}],\"inLanguage\":\"en-US\"},{\"@type\":\"Organization\",\"@id\":\"https:\\\/\\\/tajkertesz.com\\\/#organization\",\"name\":\"T\u00e1j-Kert\u00e9sz 84 Kft.\",\"url\":\"https:\\\/\\\/tajkertesz.com\\\/\",\"logo\":{\"@type\":\"ImageObject\",\"inLanguage\":\"en-US\",\"@id\":\"https:\\\/\\\/tajkertesz.com\\\/#\\\/schema\\\/logo\\\/image\\\/\",\"url\":\"https:\\\/\\\/tajkertesz.com\\\/wp-content\\\/uploads\\\/2018\\\/02\\\/logo-2-e1518678052539.png\",\"contentUrl\":\"https:\\\/\\\/tajkertesz.com\\\/wp-content\\\/uploads\\\/2018\\\/02\\\/logo-2-e1518678052539.png\",\"width\":81,\"height\":140,\"caption\":\"T\u00e1j-Kert\u00e9sz 84 Kft.\"},\"image\":{\"@id\":\"https:\\\/\\\/tajkertesz.com\\\/#\\\/schema\\\/logo\\\/image\\\/\"},\"sameAs\":[\"https:\\\/\\\/www.facebook.com\\\/Tajkertesz\\\/\"]}]}<\/script>\n<!-- \/ Yoast SEO plugin. -->","yoast_head_json":{"title":"K\u00e1nna-CANNA RED LEAVES RED - T\u00e1jkert\u00e9sz","description":"A\u00a0 K\u00e1nna-CANNA RED LEAVES RED\u00a0egy\u00a0\u00a0D\u00e9l-Amerik\u00e1b\u00f3l sz\u00e1rmaz\u00f3 fajok hibridje, amelynek gy\u00f6kt\u00f6rzse gum\u00f3szer\u0171en megvastagodott.","robots":{"index":"index","follow":"follow","max-snippet":"max-snippet:-1","max-image-preview":"max-image-preview:large","max-video-preview":"max-video-preview:-1"},"canonical":"https:\/\/tajkertesz.com\/en_US\/product\/kanna-canna-red-leaves-red\/","og_locale":"en_US","og_type":"article","og_title":"K\u00e1nna-CANNA RED LEAVES RED - T\u00e1jkert\u00e9sz","og_description":"A\u00a0 K\u00e1nna-CANNA RED LEAVES RED\u00a0egy\u00a0\u00a0D\u00e9l-Amerik\u00e1b\u00f3l sz\u00e1rmaz\u00f3 fajok hibridje, amelynek gy\u00f6kt\u00f6rzse gum\u00f3szer\u0171en megvastagodott.","og_url":"https:\/\/tajkertesz.com\/en_US\/product\/kanna-canna-red-leaves-red\/","og_site_name":"T\u00e1jkert\u00e9sz","article_publisher":"https:\/\/www.facebook.com\/Tajkertesz\/","article_modified_time":"2026-02-20T13:30:06+00:00","og_image":[{"width":370,"height":559,"url":"https:\/\/tajkertesz.com\/wp-content\/uploads\/2022\/01\/Canna-REd-Leaves.jpg","type":"image\/jpeg"}],"twitter_card":"summary_large_image","twitter_misc":{"Est. reading time":"2 minutes"},"schema":{"@context":"https:\/\/schema.org","@graph":[{"@type":"WebPage","@id":"https:\/\/tajkertesz.com\/termek\/kanna-canna-red-leaves-red\/","url":"https:\/\/tajkertesz.com\/termek\/kanna-canna-red-leaves-red\/","name":"K\u00e1nna-CANNA RED LEAVES RED - T\u00e1jkert\u00e9sz","isPartOf":{"@id":"https:\/\/tajkertesz.com\/#website"},"primaryImageOfPage":{"@id":"https:\/\/tajkertesz.com\/termek\/kanna-canna-red-leaves-red\/#primaryimage"},"image":{"@id":"https:\/\/tajkertesz.com\/termek\/kanna-canna-red-leaves-red\/#primaryimage"},"thumbnailUrl":"https:\/\/tajkertesz.com\/wp-content\/uploads\/2022\/01\/Canna-REd-Leaves.jpg","datePublished":"2022-01-24T15:52:02+00:00","dateModified":"2026-02-20T13:30:06+00:00","description":"A\u00a0 K\u00e1nna-CANNA RED LEAVES RED\u00a0egy\u00a0\u00a0D\u00e9l-Amerik\u00e1b\u00f3l sz\u00e1rmaz\u00f3 fajok hibridje, amelynek gy\u00f6kt\u00f6rzse gum\u00f3szer\u0171en megvastagodott.","breadcrumb":{"@id":"https:\/\/tajkertesz.com\/termek\/kanna-canna-red-leaves-red\/#breadcrumb"},"inLanguage":"en-US","potentialAction":[{"@type":"ReadAction","target":["https:\/\/tajkertesz.com\/termek\/kanna-canna-red-leaves-red\/"]}]},{"@type":"ImageObject","inLanguage":"en-US","@id":"https:\/\/tajkertesz.com\/termek\/kanna-canna-red-leaves-red\/#primaryimage","url":"https:\/\/tajkertesz.com\/wp-content\/uploads\/2022\/01\/Canna-REd-Leaves.jpg","contentUrl":"https:\/\/tajkertesz.com\/wp-content\/uploads\/2022\/01\/Canna-REd-Leaves.jpg","width":370,"height":559},{"@type":"BreadcrumbList","@id":"https:\/\/tajkertesz.com\/termek\/kanna-canna-red-leaves-red\/#breadcrumb","itemListElement":[{"@type":"ListItem","position":1,"name":"Home","item":"https:\/\/tajkertesz.com\/"},{"@type":"ListItem","position":2,"name":"Kezd\u0151lap","item":"https:\/\/tajkertesz.com\/"},{"@type":"ListItem","position":3,"name":"K\u00e1nna-CANNA RED LEAVES RED"}]},{"@type":"WebSite","@id":"https:\/\/tajkertesz.com\/#website","url":"https:\/\/tajkertesz.com\/","name":"T\u00e1j-Kert\u00e9sz 84 Kft.","description":"Kert\u00e9szeti kis- \u00e9s nagykeresked\u00e9s, D\u00edszn\u00f6v\u00e9ny web\u00e1ruh\u00e1z orsz\u00e1gos h\u00e1zhozsz\u00e1ll\u00edt\u00e1ssal!","publisher":{"@id":"https:\/\/tajkertesz.com\/#organization"},"potentialAction":[{"@type":"SearchAction","target":{"@type":"EntryPoint","urlTemplate":"https:\/\/tajkertesz.com\/?s={search_term_string}"},"query-input":{"@type":"PropertyValueSpecification","valueRequired":true,"valueName":"search_term_string"}}],"inLanguage":"en-US"},{"@type":"Organization","@id":"https:\/\/tajkertesz.com\/#organization","name":"T\u00e1j-Kert\u00e9sz 84 Kft.","url":"https:\/\/tajkertesz.com\/","logo":{"@type":"ImageObject","inLanguage":"en-US","@id":"https:\/\/tajkertesz.com\/#\/schema\/logo\/image\/","url":"https:\/\/tajkertesz.com\/wp-content\/uploads\/2018\/02\/logo-2-e1518678052539.png","contentUrl":"https:\/\/tajkertesz.com\/wp-content\/uploads\/2018\/02\/logo-2-e1518678052539.png","width":81,"height":140,"caption":"T\u00e1j-Kert\u00e9sz 84 Kft."},"image":{"@id":"https:\/\/tajkertesz.com\/#\/schema\/logo\/image\/"},"sameAs":["https:\/\/www.facebook.com\/Tajkertesz\/"]}]}},"_links":{"self":[{"href":"https:\/\/tajkertesz.com\/en_US\/wp-json\/wp\/v2\/product\/12210","targetHints":{"allow":["GET"]}}],"collection":[{"href":"https:\/\/tajkertesz.com\/en_US\/wp-json\/wp\/v2\/product"}],"about":[{"href":"https:\/\/tajkertesz.com\/en_US\/wp-json\/wp\/v2\/types\/product"}],"wp:featuredmedia":[{"embeddable":true,"href":"https:\/\/tajkertesz.com\/en_US\/wp-json\/wp\/v2\/media\/12211"}],"wp:attachment":[{"href":"https:\/\/tajkertesz.com\/en_US\/wp-json\/wp\/v2\/media?parent=12210"}],"wp:term":[{"taxonomy":"product_brand","embeddable":true,"href":"https:\/\/tajkertesz.com\/en_US\/wp-json\/wp\/v2\/product_brand?post=12210"},{"taxonomy":"product_cat","embeddable":true,"href":"https:\/\/tajkertesz.com\/en_US\/wp-json\/wp\/v2\/product_cat?post=12210"},{"taxonomy":"product_tag","embeddable":true,"href":"https:\/\/tajkertesz.com\/en_US\/wp-json\/wp\/v2\/product_tag?post=12210"}],"curies":[{"name":"wp","href":"https:\/\/api.w.org\/{rel}","templated":true}]}}