{"id":12219,"date":"2022-01-25T12:39:35","date_gmt":"2022-01-25T12:39:35","guid":{"rendered":"https:\/\/tajkertesz.com\/?post_type=product&#038;p=12219"},"modified":"2026-02-20T13:30:45","modified_gmt":"2026-02-20T13:30:45","slug":"crocosmia-mixed-kerti-safranyfu-kisviragu-szinkeverek","status":"publish","type":"product","link":"https:\/\/tajkertesz.com\/en_US\/product\/crocosmia-mixed-kerti-safranyfu-kisviragu-szinkeverek\/","title":{"rendered":"Crocosmia mixed \/ Kerti s\u00e1fr\u00e1nyf\u0171 kisvir\u00e1g\u00fa sz\u00ednkever\u00e9k"},"content":{"rendered":"<h1 class=\"product_title entry-title\">Crocosmia mixed \/ Kerti s\u00e1fr\u00e1nyf\u0171 kisvir\u00e1g\u00fa sz\u00ednkever\u00e9k<\/h1>\n<h4 class=\"product_title entry-title\">A Crocosmia mixed \/ Kerti s\u00e1fr\u00e1nyf\u0171 kisvir\u00e1g\u00fa sz\u00ednkever\u00e9k k\u00e9t \u00a0d\u00e9l-afrikai faj keresztez\u00e9s\u00e9b\u0151l m\u00e1r a XIX. sz\u00e1zadban l\u00e9trehozott hibrid.<\/h4>\n<h4 class=\"product_title entry-title\">Hagymagum\u00f3s.<\/h4>\n<h4 class=\"product_title entry-title\">Term\u00e9keny, humuszos , j\u00f3 v\u00edzelvezet\u00e9s\u0171 talajba \u00fcltess\u00fck.<\/h4>\n<h4 class=\"product_title entry-title\">Terjed\u0151 t\u00f6v\u0171, \u00e1llom\u00e1nya id\u0151vel els\u0171r\u0171s\u00f6dik. Kiv\u00e1l\u00f3, tart\u00f3s v\u00e1gott vir\u00e1g.<\/h4>\n<p>Ny\u00e1ron vir\u00e1gz\u00f3, tavasszal \u00fcltethet\u0151 hagym\u00e1s n\u00f6v\u00e9ny. Napos helyet, j\u00f3 v\u00edzgazd\u00e1lkod\u00e1s\u00fa, laz\u00e1bb talajt ig\u00e9nyel. Kiv\u00e1l\u00f3 v\u00e1gott vir\u00e1g. V\u00e9dettebb helyen megfelel\u0151 t\u00e9li takar\u00e1ssal a hagym\u00e1k a talajban \u00e1ttelelhetnek.<\/p>\n<p>Takar\u00e1ssal t\u00e9l\u00e1ll\u00f3.<\/p>\n<ul>\n<li>M\u00e9ret: 60- cm<\/li>\n<li>Vir\u00e1gz\u00e1s: j\u00falius\/augusztus<\/li>\n<li>\u00dcltet\u00e9s:\u00e1prilis\/m\u00e1jus<\/li>\n<li>F\u00e9nyig\u00e9ny:\u00a0<span class=\"fekete2\">nap<\/span><\/li>\n<li>T\u00e9l\u00e1ll\u00f3s\u00e1g:\u00a0<span class=\"fekete2\">takar\u00e1ssal t\u00e9l\u00e1ll\u00f3<\/span><\/li>\n<li>Felhaszn\u00e1l\u00e1s:\u00a0<span class=\"fekete2\">\u00e9vel\u0151\u00e1gy, v\u00e1gott-vir\u00e1g<\/span><\/li>\n<\/ul>\n<p><strong>Amennyiben nagyobb mennyis\u00e9gre lenne sz\u00fcks\u00e9g, vegye fel vel\u00fcnk a kapcsolatot \u00e9s beszerezz\u00fck!<\/strong><\/p>\n<p><strong>K\u00e9szlet\u00fcnk napi szinten v\u00e1ltozik, ez\u00e9rt a v\u00e1ltoz\u00e1s jog\u00e1t fenntartjuk!<\/strong><\/p>\n<p>&nbsp;<\/p>\n<p><a href=\"https:\/\/tajkertesz.com\/\">https:\/\/tajkertesz.com\/<\/a><\/p>\n<p><a href=\"https:\/\/www.facebook.com\/tajkertesz\/\">https:\/\/www.facebook.com\/tajkertesz\/<\/a><\/p>\n<h2>S\u00e1fr\u00e1nyf\u0171 gondoz\u00e1sa<\/h2>\n<p>\u00c1prilis v\u00e9g\u00e9n, m\u00e1jus elej\u00e9n ki\u00fcltethet\u0151. A kertbe b\u00e1rhov\u00e1 \u00fcltethetj\u00fck, ahol j\u00f3 szerkezet\u0171, ink\u00e1bb homokos a talaj \u00e9s sok a napf\u00e9ny. J\u00f3l t\u0171ri a sz\u00e1razs\u00e1got, de \u00e1tlagos nedvess\u00e9gtartalom mellet fejl\u0151dik a legjobban. Pang\u00f3v\u00edzben elpusztul. Kiegyenl\u00edtett m\u0171tr\u00e1gy\u00e1z\u00e1st k\u00edv\u00e1n, kb. egy szezon alatt h\u00e1romszor (NPK 10-10-10). K\u00f6nnyen elszaporodik, ez\u00e9rt h\u00e1rom\u00e9venk\u00e9nt j\u00f3, ha tavasszal sz\u00e9t\u00fcltetj\u00fck a t\u00f6veket. Mindent \u00f6sszev\u00e9ve kev\u00e9s gondoz\u00e1st ig\u00e9nyel. K\u00e1rtev\u0151i is alig akadnak, kiv\u00e9ve a tak\u00e1csatk\u00e1kat. Ha megjelen\u00e9s\u00fckkor nem v\u00e9dekez\u00fcnk, nemcsak a levelek, hanem a vir\u00e1gok is k\u00e1rosodnak. K\u00e9s\u0151 \u0151sszel v\u00e1gjuk vissza, a gum\u00f3kat a gladi\u00f3luszhoz hasonl\u00f3an szedj\u00fck fel. A hagymagum\u00f3kat sz\u00e1raz, szell\u0151s helyen sz\u00e1r\u00edtsuk, \u00e9s sz\u00e1raz, h\u0171v\u00f6s helyen t\u00e1roljuk a tavaszi ki\u00fcltet\u00e9sig.<\/p>\n<p>T\u00f6megesen \u00fcltetve leveleivel is d\u00edsz\u00edt. Legal\u00e1bb t\u00edz hagym\u00e1t \u00fcltess\u00fcnk egy\u00fctt. Ger\u00e1niumokkal, szalvi\u00e1kkal, d\u00e1li\u00e1kkal stb. \u00f6ssze\u00fcltetve k\u00fcl\u00f6n\u00f6sen mutat\u00f3s. Kont\u00e9nerbe \u00e9s szeg\u00e9lyk\u00e9nt is \u00fcltethetj\u00fck.<\/p>\n<h2><span style=\"color: #ffffff;\">S\u00e1fr\u00e1nyf\u0171 gondoz\u00e1sa<\/span><\/h2>\n<p><span style=\"color: #ffffff;\">\u00c1prilis v\u00e9g\u00e9n, m\u00e1jus elej\u00e9n ki\u00fcltethet\u0151. A kertbe b\u00e1rhov\u00e1 \u00fcltethetj\u00fck, ahol j\u00f3 szerkezet\u0171, ink\u00e1bb homokos a talaj \u00e9s sok a napf\u00e9ny. J\u00f3l t\u0171ri a sz\u00e1razs\u00e1got, de \u00e1tlagos nedvess\u00e9gtartalom mellet fejl\u0151dik a legjobban. Pang\u00f3v\u00edzben elpusztul. Kiegyenl\u00edtett m\u0171tr\u00e1gy\u00e1z\u00e1st k\u00edv\u00e1n, kb. egy szezon alatt h\u00e1romszor (NPK 10-10-10). K\u00f6nnyen elszaporodik, ez\u00e9rt h\u00e1rom\u00e9venk\u00e9nt j\u00f3, ha tavasszal sz\u00e9t\u00fcltetj\u00fck a t\u00f6veket. Mindent \u00f6sszev\u00e9ve kev\u00e9s gondoz\u00e1st ig\u00e9nyel. K\u00e1rtev\u0151i is alig akadnak, kiv\u00e9ve a tak\u00e1csatk\u00e1kat. Ha megjelen\u00e9s\u00fckkor nem v\u00e9dekez\u00fcnk, nemcsak a levelek, hanem a vir\u00e1gok is k\u00e1rosodnak. K\u00e9s\u0151 \u0151sszel v\u00e1gjuk vissza, a gum\u00f3kat a gladi\u00f3luszhoz hasonl\u00f3an szedj\u00fck fel. A hagymagum\u00f3kat sz\u00e1raz, szell\u0151s helyen sz\u00e1r\u00edtsuk, \u00e9s sz\u00e1raz, h\u0171v\u00f6s helyen t\u00e1roljuk a tavaszi ki\u00fcltet\u00e9sig.<\/span><\/p>\n<p><span style=\"color: #ffffff;\">T\u00f6megesen \u00fcltetve leveleivel is d\u00edsz\u00edt. Legal\u00e1bb t\u00edz hagym\u00e1t \u00fcltess\u00fcnk egy\u00fctt. Ger\u00e1niumokkal, szalvi\u00e1kkal, d\u00e1li\u00e1kkal stb. \u00f6ssze\u00fcltetve k\u00fcl\u00f6n\u00f6sen mutat\u00f3s. Kont\u00e9nerbe \u00e9s szeg\u00e9lyk\u00e9nt is \u00fcltethetj\u00fck.<\/span><\/p>","protected":false},"excerpt":{"rendered":"<h4 class=\"product_title entry-title\">A Crocosmia mixed \/ Kerti s\u00e1fr\u00e1nyf\u0171 kisvir\u00e1g\u00fa sz\u00ednkever\u00e9k k\u00e9t \u00a0d\u00e9l-afrikai faj keresztez\u00e9s\u00e9b\u0151l m\u00e1r a XIX. sz\u00e1zadban l\u00e9trehozott hibrid.<\/h4>","protected":false},"featured_media":12221,"template":"","meta":{"_et_pb_use_builder":"","_et_pb_old_content":"","_et_gb_content_width":""},"product_brand":[],"product_cat":[3857],"product_tag":[3598,3599,3600],"class_list":{"0":"post-12219","1":"product","2":"type-product","3":"status-publish","4":"has-post-thumbnail","6":"product_cat-viraghagyma-dughagyma","7":"product_tag-crocosmia-mixed","8":"product_tag-kerti-safranyfu-kisviragu-szinkeverek","9":"product_tag-safranyfu","11":"first","12":"onbackorder","13":"shipping-taxable","14":"purchasable","15":"product-type-simple"},"yoast_head":"<!-- This site is optimized with the Yoast SEO plugin v27.4 - https:\/\/yoast.com\/product\/yoast-seo-wordpress\/ -->\n<title>Crocosmia mixed \/ Kerti s\u00e1fr\u00e1nyf\u0171 kisvir\u00e1g\u00fa sz\u00ednkever\u00e9k - T\u00e1jkert\u00e9sz<\/title>\n<meta name=\"description\" content=\"A Crocosmia mixed \/ Kerti s\u00e1fr\u00e1nyf\u0171 kisvir\u00e1g\u00fa sz\u00ednkever\u00e9k k\u00e9t \u00a0d\u00e9l-afrikai faj keresztez\u00e9s\u00e9b\u0151l m\u00e1r a XIX. sz\u00e1zadban l\u00e9trehozott hibrid.\" \/>\n<meta name=\"robots\" content=\"index, follow, max-snippet:-1, max-image-preview:large, max-video-preview:-1\" \/>\n<link rel=\"canonical\" href=\"https:\/\/tajkertesz.com\/en_US\/product\/crocosmia-mixed-kerti-safranyfu-kisviragu-szinkeverek\/\" \/>\n<meta property=\"og:locale\" content=\"en_US\" \/>\n<meta property=\"og:type\" content=\"article\" \/>\n<meta property=\"og:title\" content=\"Crocosmia mixed \/ Kerti s\u00e1fr\u00e1nyf\u0171 kisvir\u00e1g\u00fa sz\u00ednkever\u00e9k - T\u00e1jkert\u00e9sz\" \/>\n<meta property=\"og:description\" content=\"A Crocosmia mixed \/ Kerti s\u00e1fr\u00e1nyf\u0171 kisvir\u00e1g\u00fa sz\u00ednkever\u00e9k k\u00e9t \u00a0d\u00e9l-afrikai faj keresztez\u00e9s\u00e9b\u0151l m\u00e1r a XIX. sz\u00e1zadban l\u00e9trehozott hibrid.\" \/>\n<meta property=\"og:url\" content=\"https:\/\/tajkertesz.com\/en_US\/product\/crocosmia-mixed-kerti-safranyfu-kisviragu-szinkeverek\/\" \/>\n<meta property=\"og:site_name\" content=\"T\u00e1jkert\u00e9sz\" \/>\n<meta property=\"article:publisher\" content=\"https:\/\/www.facebook.com\/Tajkertesz\/\" \/>\n<meta property=\"article:modified_time\" content=\"2026-02-20T13:30:45+00:00\" \/>\n<meta property=\"og:image\" content=\"https:\/\/tajkertesz.com\/wp-content\/uploads\/2022\/01\/safranyfu.jpg\" \/>\n\t<meta property=\"og:image:width\" content=\"370\" \/>\n\t<meta property=\"og:image:height\" content=\"559\" \/>\n\t<meta property=\"og:image:type\" content=\"image\/jpeg\" \/>\n<meta name=\"twitter:card\" content=\"summary_large_image\" \/>\n<meta name=\"twitter:label1\" content=\"Est. reading time\" \/>\n\t<meta name=\"twitter:data1\" content=\"3 minutes\" \/>\n<script type=\"application\/ld+json\" class=\"yoast-schema-graph\">{\"@context\":\"https:\\\/\\\/schema.org\",\"@graph\":[{\"@type\":\"WebPage\",\"@id\":\"https:\\\/\\\/tajkertesz.com\\\/termek\\\/crocosmia-mixed-kerti-safranyfu-kisviragu-szinkeverek\\\/\",\"url\":\"https:\\\/\\\/tajkertesz.com\\\/termek\\\/crocosmia-mixed-kerti-safranyfu-kisviragu-szinkeverek\\\/\",\"name\":\"Crocosmia mixed \\\/ Kerti s\u00e1fr\u00e1nyf\u0171 kisvir\u00e1g\u00fa sz\u00ednkever\u00e9k - T\u00e1jkert\u00e9sz\",\"isPartOf\":{\"@id\":\"https:\\\/\\\/tajkertesz.com\\\/#website\"},\"primaryImageOfPage\":{\"@id\":\"https:\\\/\\\/tajkertesz.com\\\/termek\\\/crocosmia-mixed-kerti-safranyfu-kisviragu-szinkeverek\\\/#primaryimage\"},\"image\":{\"@id\":\"https:\\\/\\\/tajkertesz.com\\\/termek\\\/crocosmia-mixed-kerti-safranyfu-kisviragu-szinkeverek\\\/#primaryimage\"},\"thumbnailUrl\":\"https:\\\/\\\/tajkertesz.com\\\/wp-content\\\/uploads\\\/2022\\\/01\\\/safranyfu.jpg\",\"datePublished\":\"2022-01-25T12:39:35+00:00\",\"dateModified\":\"2026-02-20T13:30:45+00:00\",\"description\":\"A Crocosmia mixed \\\/ Kerti s\u00e1fr\u00e1nyf\u0171 kisvir\u00e1g\u00fa sz\u00ednkever\u00e9k k\u00e9t \u00a0d\u00e9l-afrikai faj keresztez\u00e9s\u00e9b\u0151l m\u00e1r a XIX. sz\u00e1zadban l\u00e9trehozott hibrid.\",\"breadcrumb\":{\"@id\":\"https:\\\/\\\/tajkertesz.com\\\/termek\\\/crocosmia-mixed-kerti-safranyfu-kisviragu-szinkeverek\\\/#breadcrumb\"},\"inLanguage\":\"en-US\",\"potentialAction\":[{\"@type\":\"ReadAction\",\"target\":[\"https:\\\/\\\/tajkertesz.com\\\/termek\\\/crocosmia-mixed-kerti-safranyfu-kisviragu-szinkeverek\\\/\"]}]},{\"@type\":\"ImageObject\",\"inLanguage\":\"en-US\",\"@id\":\"https:\\\/\\\/tajkertesz.com\\\/termek\\\/crocosmia-mixed-kerti-safranyfu-kisviragu-szinkeverek\\\/#primaryimage\",\"url\":\"https:\\\/\\\/tajkertesz.com\\\/wp-content\\\/uploads\\\/2022\\\/01\\\/safranyfu.jpg\",\"contentUrl\":\"https:\\\/\\\/tajkertesz.com\\\/wp-content\\\/uploads\\\/2022\\\/01\\\/safranyfu.jpg\",\"width\":370,\"height\":559},{\"@type\":\"BreadcrumbList\",\"@id\":\"https:\\\/\\\/tajkertesz.com\\\/termek\\\/crocosmia-mixed-kerti-safranyfu-kisviragu-szinkeverek\\\/#breadcrumb\",\"itemListElement\":[{\"@type\":\"ListItem\",\"position\":1,\"name\":\"Home\",\"item\":\"https:\\\/\\\/tajkertesz.com\\\/\"},{\"@type\":\"ListItem\",\"position\":2,\"name\":\"Kezd\u0151lap\",\"item\":\"https:\\\/\\\/tajkertesz.com\\\/\"},{\"@type\":\"ListItem\",\"position\":3,\"name\":\"Crocosmia mixed \\\/ Kerti s\u00e1fr\u00e1nyf\u0171 kisvir\u00e1g\u00fa sz\u00ednkever\u00e9k\"}]},{\"@type\":\"WebSite\",\"@id\":\"https:\\\/\\\/tajkertesz.com\\\/#website\",\"url\":\"https:\\\/\\\/tajkertesz.com\\\/\",\"name\":\"T\u00e1j-Kert\u00e9sz 84 Kft.\",\"description\":\"Kert\u00e9szeti kis- \u00e9s nagykeresked\u00e9s, D\u00edszn\u00f6v\u00e9ny web\u00e1ruh\u00e1z orsz\u00e1gos h\u00e1zhozsz\u00e1ll\u00edt\u00e1ssal!\",\"publisher\":{\"@id\":\"https:\\\/\\\/tajkertesz.com\\\/#organization\"},\"potentialAction\":[{\"@type\":\"SearchAction\",\"target\":{\"@type\":\"EntryPoint\",\"urlTemplate\":\"https:\\\/\\\/tajkertesz.com\\\/?s={search_term_string}\"},\"query-input\":{\"@type\":\"PropertyValueSpecification\",\"valueRequired\":true,\"valueName\":\"search_term_string\"}}],\"inLanguage\":\"en-US\"},{\"@type\":\"Organization\",\"@id\":\"https:\\\/\\\/tajkertesz.com\\\/#organization\",\"name\":\"T\u00e1j-Kert\u00e9sz 84 Kft.\",\"url\":\"https:\\\/\\\/tajkertesz.com\\\/\",\"logo\":{\"@type\":\"ImageObject\",\"inLanguage\":\"en-US\",\"@id\":\"https:\\\/\\\/tajkertesz.com\\\/#\\\/schema\\\/logo\\\/image\\\/\",\"url\":\"https:\\\/\\\/tajkertesz.com\\\/wp-content\\\/uploads\\\/2018\\\/02\\\/logo-2-e1518678052539.png\",\"contentUrl\":\"https:\\\/\\\/tajkertesz.com\\\/wp-content\\\/uploads\\\/2018\\\/02\\\/logo-2-e1518678052539.png\",\"width\":81,\"height\":140,\"caption\":\"T\u00e1j-Kert\u00e9sz 84 Kft.\"},\"image\":{\"@id\":\"https:\\\/\\\/tajkertesz.com\\\/#\\\/schema\\\/logo\\\/image\\\/\"},\"sameAs\":[\"https:\\\/\\\/www.facebook.com\\\/Tajkertesz\\\/\"]}]}<\/script>\n<!-- \/ Yoast SEO plugin. -->","yoast_head_json":{"title":"Crocosmia mixed \/ Kerti s\u00e1fr\u00e1nyf\u0171 kisvir\u00e1g\u00fa sz\u00ednkever\u00e9k - T\u00e1jkert\u00e9sz","description":"A Crocosmia mixed \/ Kerti s\u00e1fr\u00e1nyf\u0171 kisvir\u00e1g\u00fa sz\u00ednkever\u00e9k k\u00e9t \u00a0d\u00e9l-afrikai faj keresztez\u00e9s\u00e9b\u0151l m\u00e1r a XIX. sz\u00e1zadban l\u00e9trehozott hibrid.","robots":{"index":"index","follow":"follow","max-snippet":"max-snippet:-1","max-image-preview":"max-image-preview:large","max-video-preview":"max-video-preview:-1"},"canonical":"https:\/\/tajkertesz.com\/en_US\/product\/crocosmia-mixed-kerti-safranyfu-kisviragu-szinkeverek\/","og_locale":"en_US","og_type":"article","og_title":"Crocosmia mixed \/ Kerti s\u00e1fr\u00e1nyf\u0171 kisvir\u00e1g\u00fa sz\u00ednkever\u00e9k - T\u00e1jkert\u00e9sz","og_description":"A Crocosmia mixed \/ Kerti s\u00e1fr\u00e1nyf\u0171 kisvir\u00e1g\u00fa sz\u00ednkever\u00e9k k\u00e9t \u00a0d\u00e9l-afrikai faj keresztez\u00e9s\u00e9b\u0151l m\u00e1r a XIX. sz\u00e1zadban l\u00e9trehozott hibrid.","og_url":"https:\/\/tajkertesz.com\/en_US\/product\/crocosmia-mixed-kerti-safranyfu-kisviragu-szinkeverek\/","og_site_name":"T\u00e1jkert\u00e9sz","article_publisher":"https:\/\/www.facebook.com\/Tajkertesz\/","article_modified_time":"2026-02-20T13:30:45+00:00","og_image":[{"width":370,"height":559,"url":"https:\/\/tajkertesz.com\/wp-content\/uploads\/2022\/01\/safranyfu.jpg","type":"image\/jpeg"}],"twitter_card":"summary_large_image","twitter_misc":{"Est. reading time":"3 minutes"},"schema":{"@context":"https:\/\/schema.org","@graph":[{"@type":"WebPage","@id":"https:\/\/tajkertesz.com\/termek\/crocosmia-mixed-kerti-safranyfu-kisviragu-szinkeverek\/","url":"https:\/\/tajkertesz.com\/termek\/crocosmia-mixed-kerti-safranyfu-kisviragu-szinkeverek\/","name":"Crocosmia mixed \/ Kerti s\u00e1fr\u00e1nyf\u0171 kisvir\u00e1g\u00fa sz\u00ednkever\u00e9k - T\u00e1jkert\u00e9sz","isPartOf":{"@id":"https:\/\/tajkertesz.com\/#website"},"primaryImageOfPage":{"@id":"https:\/\/tajkertesz.com\/termek\/crocosmia-mixed-kerti-safranyfu-kisviragu-szinkeverek\/#primaryimage"},"image":{"@id":"https:\/\/tajkertesz.com\/termek\/crocosmia-mixed-kerti-safranyfu-kisviragu-szinkeverek\/#primaryimage"},"thumbnailUrl":"https:\/\/tajkertesz.com\/wp-content\/uploads\/2022\/01\/safranyfu.jpg","datePublished":"2022-01-25T12:39:35+00:00","dateModified":"2026-02-20T13:30:45+00:00","description":"A Crocosmia mixed \/ Kerti s\u00e1fr\u00e1nyf\u0171 kisvir\u00e1g\u00fa sz\u00ednkever\u00e9k k\u00e9t \u00a0d\u00e9l-afrikai faj keresztez\u00e9s\u00e9b\u0151l m\u00e1r a XIX. sz\u00e1zadban l\u00e9trehozott hibrid.","breadcrumb":{"@id":"https:\/\/tajkertesz.com\/termek\/crocosmia-mixed-kerti-safranyfu-kisviragu-szinkeverek\/#breadcrumb"},"inLanguage":"en-US","potentialAction":[{"@type":"ReadAction","target":["https:\/\/tajkertesz.com\/termek\/crocosmia-mixed-kerti-safranyfu-kisviragu-szinkeverek\/"]}]},{"@type":"ImageObject","inLanguage":"en-US","@id":"https:\/\/tajkertesz.com\/termek\/crocosmia-mixed-kerti-safranyfu-kisviragu-szinkeverek\/#primaryimage","url":"https:\/\/tajkertesz.com\/wp-content\/uploads\/2022\/01\/safranyfu.jpg","contentUrl":"https:\/\/tajkertesz.com\/wp-content\/uploads\/2022\/01\/safranyfu.jpg","width":370,"height":559},{"@type":"BreadcrumbList","@id":"https:\/\/tajkertesz.com\/termek\/crocosmia-mixed-kerti-safranyfu-kisviragu-szinkeverek\/#breadcrumb","itemListElement":[{"@type":"ListItem","position":1,"name":"Home","item":"https:\/\/tajkertesz.com\/"},{"@type":"ListItem","position":2,"name":"Kezd\u0151lap","item":"https:\/\/tajkertesz.com\/"},{"@type":"ListItem","position":3,"name":"Crocosmia mixed \/ Kerti s\u00e1fr\u00e1nyf\u0171 kisvir\u00e1g\u00fa sz\u00ednkever\u00e9k"}]},{"@type":"WebSite","@id":"https:\/\/tajkertesz.com\/#website","url":"https:\/\/tajkertesz.com\/","name":"T\u00e1j-Kert\u00e9sz 84 Kft.","description":"Kert\u00e9szeti kis- \u00e9s nagykeresked\u00e9s, D\u00edszn\u00f6v\u00e9ny web\u00e1ruh\u00e1z orsz\u00e1gos h\u00e1zhozsz\u00e1ll\u00edt\u00e1ssal!","publisher":{"@id":"https:\/\/tajkertesz.com\/#organization"},"potentialAction":[{"@type":"SearchAction","target":{"@type":"EntryPoint","urlTemplate":"https:\/\/tajkertesz.com\/?s={search_term_string}"},"query-input":{"@type":"PropertyValueSpecification","valueRequired":true,"valueName":"search_term_string"}}],"inLanguage":"en-US"},{"@type":"Organization","@id":"https:\/\/tajkertesz.com\/#organization","name":"T\u00e1j-Kert\u00e9sz 84 Kft.","url":"https:\/\/tajkertesz.com\/","logo":{"@type":"ImageObject","inLanguage":"en-US","@id":"https:\/\/tajkertesz.com\/#\/schema\/logo\/image\/","url":"https:\/\/tajkertesz.com\/wp-content\/uploads\/2018\/02\/logo-2-e1518678052539.png","contentUrl":"https:\/\/tajkertesz.com\/wp-content\/uploads\/2018\/02\/logo-2-e1518678052539.png","width":81,"height":140,"caption":"T\u00e1j-Kert\u00e9sz 84 Kft."},"image":{"@id":"https:\/\/tajkertesz.com\/#\/schema\/logo\/image\/"},"sameAs":["https:\/\/www.facebook.com\/Tajkertesz\/"]}]}},"_links":{"self":[{"href":"https:\/\/tajkertesz.com\/en_US\/wp-json\/wp\/v2\/product\/12219","targetHints":{"allow":["GET"]}}],"collection":[{"href":"https:\/\/tajkertesz.com\/en_US\/wp-json\/wp\/v2\/product"}],"about":[{"href":"https:\/\/tajkertesz.com\/en_US\/wp-json\/wp\/v2\/types\/product"}],"wp:featuredmedia":[{"embeddable":true,"href":"https:\/\/tajkertesz.com\/en_US\/wp-json\/wp\/v2\/media\/12221"}],"wp:attachment":[{"href":"https:\/\/tajkertesz.com\/en_US\/wp-json\/wp\/v2\/media?parent=12219"}],"wp:term":[{"taxonomy":"product_brand","embeddable":true,"href":"https:\/\/tajkertesz.com\/en_US\/wp-json\/wp\/v2\/product_brand?post=12219"},{"taxonomy":"product_cat","embeddable":true,"href":"https:\/\/tajkertesz.com\/en_US\/wp-json\/wp\/v2\/product_cat?post=12219"},{"taxonomy":"product_tag","embeddable":true,"href":"https:\/\/tajkertesz.com\/en_US\/wp-json\/wp\/v2\/product_tag?post=12219"}],"curies":[{"name":"wp","href":"https:\/\/api.w.org\/{rel}","templated":true}]}}