{"id":12230,"date":"2022-01-26T08:56:10","date_gmt":"2022-01-26T08:56:10","guid":{"rendered":"https:\/\/tajkertesz.com\/?post_type=product&#038;p=12230"},"modified":"2024-02-06T11:36:40","modified_gmt":"2024-02-06T11:36:40","slug":"hymenocallis-festalis-pokliliom","status":"publish","type":"product","link":"https:\/\/tajkertesz.com\/en_US\/product\/hymenocallis-festalis-pokliliom\/","title":{"rendered":"Hymenocallis festalis \/ P\u00f3kliliom"},"content":{"rendered":"<h1 class=\"product_title entry-title\">Hymenocallis festalis \/ P\u00f3kliliom<\/h1>\n<h4 class=\"product_title entry-title\">Hymenocallis festalis \/ P\u00f3kliliom\u00a0K\u00f6z\u00e9p-\u00e9s d\u00e9l-amerikai sz\u00e1rmaz\u00e1s\u00fa Hymenocallis fajok hibridje. Hagym\u00e1s.<\/h4>\n<p>Szalag alak\u00fa, hossz\u00fa, f\u00e9nyes z\u00f6ld t\u0151levelei k\u00f6z\u00fcl er\u0151s vir\u00e1gsz\u00e1r emelkedik ki. K\u00fcl\u00f6nleges alak\u00fa, feh\u00e9r, alapjukon z\u00f6ldes \u00e1rnyalat\u00fa vir\u00e1gai erny\u0151 vir\u00e1gzatban ny\u00edlnak, kellemesen illatosak.<\/p>\n<p>T\u00e1panyagban gazdag, humuszos, j\u00f3 v\u00edzelvezet\u00e9s\u0171 talajba, napos vagy f\u00e9l\u00e1rny\u00e9kos helyre val\u00f3. Nagy m\u00e9ret\u0171 cser\u00e9pben is nevelhet\u0151, v\u00e1gott vir\u00e1gnak is alkalmas.<\/p>\n<p>Nem t\u00e9l\u00e1ll\u00f3.<\/p>\n<ul>\n<li>M\u00e9ret: 40-60 cm<\/li>\n<li>Vir\u00e1gz\u00e1s: j\u00fanius\/j\u00falius<\/li>\n<li>\u00dcltet\u00e9s: \u00e1prilis\/m\u00e1jus<\/li>\n<li>F\u00e9nyig\u00e9ny:\u00a0<span class=\"fekete2\">nap, f\u00e9l\u00e1rny\u00e9k<br \/>\n<\/span><\/li>\n<li>T\u00e9l\u00e1ll\u00f3s\u00e1g: nem<\/li>\n<li>Felhaszn\u00e1l\u00e1s:\u00a0<span class=\"fekete2\">vir\u00e1gszeg\u00e9ly, v\u00e1gott-vir\u00e1g, cserepes<\/span><\/li>\n<\/ul>\n<p><strong>Amennyiben nagyobb mennyis\u00e9gre lenne sz\u00fcks\u00e9g, vegye fel vel\u00fcnk a kapcsolatot \u00e9s beszerezz\u00fck!<\/strong><\/p>\n<p><strong>K\u00e9szlet\u00fcnk napi szinten v\u00e1ltozik, ez\u00e9rt a v\u00e1ltoz\u00e1s jog\u00e1t fenntartjuk!<\/strong><\/p>\n<p>&nbsp;<\/p>\n<p><a href=\"https:\/\/tajkertesz.com\/\">https:\/\/tajkertesz.com\/<\/a><\/p>\n<p><a href=\"https:\/\/www.facebook.com\/tajkertesz\/\">https:\/\/www.facebook.com\/tajkertesz\/<\/a><\/p>\n<p><span style=\"color: #ffffff;\">Hymenocallis festalis \/ P\u00f3kliliom\u00a0K\u00f6z\u00e9p-\u00e9s d\u00e9l-amerikai sz\u00e1rmaz\u00e1s\u00fa Hymenocallis fajok hibridje. Hagym\u00e1s.<\/span><\/p>\n<p><span style=\"color: #ffffff;\">Szalag alak\u00fa, hossz\u00fa, f\u00e9nyes z\u00f6ld t\u0151levelei k\u00f6z\u00fcl er\u0151s vir\u00e1gsz\u00e1r emelkedik ki. K\u00fcl\u00f6nleges alak\u00fa, feh\u00e9r, alapjukon z\u00f6ldes \u00e1rnyalat\u00fa vir\u00e1gai erny\u0151 vir\u00e1gzatban ny\u00edlnak, kellemesen illatosak.<\/span><\/p>\n<p><span style=\"color: #ffffff;\">T\u00e1panyagban gazdag, humuszos, j\u00f3 v\u00edzelvezet\u00e9s\u0171 talajba, napos vagy f\u00e9l\u00e1rny\u00e9kos helyre val\u00f3. Nagy m\u00e9ret\u0171 cser\u00e9pben is nevelhet\u0151, v\u00e1gott vir\u00e1gnak is alkalmas.<\/span><\/p>\n<p><span style=\"color: #ffffff;\">Nem t\u00e9l\u00e1ll\u00f3.<\/span><\/p>\n<p><span style=\"color: #ffffff;\">M\u00e9ret: 40-60 cm<\/span><\/p>\n<p><span style=\"color: #ffffff;\">Vir\u00e1gz\u00e1s: j\u00fanius\/j\u00falius<\/span><\/p>\n<p><span style=\"color: #ffffff;\">\u00dcltet\u00e9s: \u00e1prilis\/m\u00e1jus<\/span><\/p>\n<p><span style=\"color: #ffffff;\">F\u00e9nyig\u00e9ny:\u00a0<span class=\"fekete2\">nap, f\u00e9l\u00e1rny\u00e9k<br \/>\n<\/span><\/span><\/p>\n<p><span style=\"color: #ffffff;\">T\u00e9l\u00e1ll\u00f3s\u00e1g: nem<\/span><\/p>\n<p><span style=\"color: #ffffff;\">Felhaszn\u00e1l\u00e1s:\u00a0<span class=\"fekete2\">vir\u00e1gszeg\u00e9ly, v\u00e1gott-vir\u00e1g, cserepes<\/span><\/span><\/p>\n<p><span style=\"color: #ffffff;\"><strong>Amennyiben nagyobb mennyis\u00e9gre lenne sz\u00fcks\u00e9g, vegye fel vel\u00fcnk a kapcsolatot \u00e9s beszerezz\u00fck!<\/strong><\/span><\/p>\n<p><span style=\"color: #ffffff;\"><strong>K\u00e9szlet\u00fcnk napi szinten v\u00e1ltozik, ez\u00e9rt a v\u00e1ltoz\u00e1s jog\u00e1t fenntartjuk!<\/strong><\/span><\/p>\n<p>&nbsp;<\/p>\n<p><span style=\"color: #ffffff;\">Hymenocallis festalis \/ P\u00f3kliliom\u00a0K\u00f6z\u00e9p-\u00e9s d\u00e9l-amerikai sz\u00e1rmaz\u00e1s\u00fa Hymenocallis fajok hibridje. Hagym\u00e1s.<\/span><\/p>\n<p><span style=\"color: #ffffff;\">Szalag alak\u00fa, hossz\u00fa, f\u00e9nyes z\u00f6ld t\u0151levelei k\u00f6z\u00fcl er\u0151s vir\u00e1gsz\u00e1r emelkedik ki. K\u00fcl\u00f6nleges alak\u00fa, feh\u00e9r, alapjukon z\u00f6ldes \u00e1rnyalat\u00fa vir\u00e1gai erny\u0151 vir\u00e1gzatban ny\u00edlnak, kellemesen illatosak.<\/span><\/p>\n<p><span style=\"color: #ffffff;\">T\u00e1panyagban gazdag, humuszos, j\u00f3 v\u00edzelvezet\u00e9s\u0171 talajba, napos vagy f\u00e9l\u00e1rny\u00e9kos helyre val\u00f3. Nagy m\u00e9ret\u0171 cser\u00e9pben is nevelhet\u0151, v\u00e1gott vir\u00e1gnak is alkalmas.<\/span><\/p>\n<p><span style=\"color: #ffffff;\">Nem t\u00e9l\u00e1ll\u00f3.<\/span><\/p>\n<p><span style=\"color: #ffffff;\">M\u00e9ret: 40-60 cm<\/span><\/p>\n<p><span style=\"color: #ffffff;\">Vir\u00e1gz\u00e1s: j\u00fanius\/j\u00falius<\/span><\/p>\n<p><span style=\"color: #ffffff;\">\u00dcltet\u00e9s: \u00e1prilis\/m\u00e1jus<\/span><\/p>\n<p><span style=\"color: #ffffff;\">F\u00e9nyig\u00e9ny:\u00a0<span class=\"fekete2\">nap, f\u00e9l\u00e1rny\u00e9k<br \/>\n<\/span><\/span><\/p>\n<p><span style=\"color: #ffffff;\">T\u00e9l\u00e1ll\u00f3s\u00e1g: nem<\/span><\/p>\n<p><span style=\"color: #ffffff;\">Felhaszn\u00e1l\u00e1s:\u00a0<span class=\"fekete2\">vir\u00e1gszeg\u00e9ly, v\u00e1gott-vir\u00e1g, cserepes<\/span><\/span><\/p>\n<p><span style=\"color: #ffffff;\"><strong>Amennyiben nagyobb mennyis\u00e9gre lenne sz\u00fcks\u00e9g, vegye fel vel\u00fcnk a kapcsolatot \u00e9s beszerezz\u00fck!<\/strong><\/span><\/p>\n<p><span style=\"color: #ffffff;\"><strong>K\u00e9szlet\u00fcnk napi szinten v\u00e1ltozik, ez\u00e9rt a v\u00e1ltoz\u00e1s jog\u00e1t fenntartjuk!<\/strong><\/span><\/p>\n<p>&nbsp;<\/p>","protected":false},"excerpt":{"rendered":"<h4 class=\"product_title entry-title\">Hymenocallis festalis \/ P\u00f3kliliom\u00a0K\u00f6z\u00e9p-\u00e9s d\u00e9l-amerikai sz\u00e1rmaz\u00e1s\u00fa Hymenocallis fajok hibridje. Hagym\u00e1s.<\/h4>\n<p>Szalag alak\u00fa, hossz\u00fa, f\u00e9nyes z\u00f6ld t\u0151levelei k\u00f6z\u00fcl er\u0151s vir\u00e1gsz\u00e1r emelkedik ki. K\u00fcl\u00f6nleges alak\u00fa, feh\u00e9r, alapjukon z\u00f6ldes \u00e1rnyalat\u00fa vir\u00e1gai erny\u0151 vir\u00e1gzatban ny\u00edlnak, kellemesen illatosak.<\/p>\n<p>T\u00e1panyagban gazdag, humuszos, j\u00f3 v\u00edzelvezet\u00e9s\u0171 talajba, napos vagy f\u00e9l\u00e1rny\u00e9kos helyre val\u00f3. Nagy m\u00e9ret\u0171 cser\u00e9pben is nevelhet\u0151, v\u00e1gott vir\u00e1gnak is alkalmas.<\/p>\n<p>Nem t\u00e9l\u00e1ll\u00f3.<\/p>\n<ul>\n<li>M\u00e9ret: 40-60 cm<\/li>\n<li>Vir\u00e1gz\u00e1s: j\u00fanius\/j\u00falius<\/li>\n<li>\u00dcltet\u00e9s: \u00e1prilis\/m\u00e1jus<\/li>\n<li>F\u00e9nyig\u00e9ny:\u00a0<span class=\"fekete2\">nap, f\u00e9l\u00e1rny\u00e9k<br \/>\n<\/span><\/li>\n<li>T\u00e9l\u00e1ll\u00f3s\u00e1g: nem<\/li>\n<li>Felhaszn\u00e1l\u00e1s:\u00a0<span class=\"fekete2\">vir\u00e1gszeg\u00e9ly, v\u00e1gott-vir\u00e1g, cserepes<\/span><\/li>\n<\/ul>","protected":false},"featured_media":12231,"template":"","meta":{"_et_pb_use_builder":"","_et_pb_old_content":"","_et_gb_content_width":""},"product_brand":[],"product_cat":[3857],"product_tag":[3609,3610],"class_list":{"0":"post-12230","1":"product","2":"type-product","3":"status-publish","4":"has-post-thumbnail","6":"product_cat-viraghagyma-dughagyma","7":"product_tag-hymenocallis-festalis","8":"product_tag-pokliliom","10":"first","11":"outofstock","12":"shipping-taxable","13":"product-type-simple"},"yoast_head":"<!-- This site is optimized with the Yoast SEO plugin v27.5 - https:\/\/yoast.com\/product\/yoast-seo-wordpress\/ -->\n<title>Hymenocallis festalis \/ P\u00f3kliliom - T\u00e1jkert\u00e9sz<\/title>\n<meta name=\"description\" content=\"Hymenocallis festalis \/ P\u00f3kliliom\u00a0K\u00f6z\u00e9p-\u00e9s d\u00e9l-amerikai sz\u00e1rmaz\u00e1s\u00fa hibrid. Nagy m\u00e9ret\u0171 cser\u00e9pben is nevelhet\u0151, v\u00e1gott vir\u00e1gnak is alkalmas.\" \/>\n<meta name=\"robots\" content=\"index, follow, max-snippet:-1, max-image-preview:large, max-video-preview:-1\" \/>\n<link rel=\"canonical\" href=\"https:\/\/tajkertesz.com\/en_US\/product\/hymenocallis-festalis-pokliliom\/\" \/>\n<meta property=\"og:locale\" content=\"en_US\" \/>\n<meta property=\"og:type\" content=\"article\" \/>\n<meta property=\"og:title\" content=\"Hymenocallis festalis \/ P\u00f3kliliom - T\u00e1jkert\u00e9sz\" \/>\n<meta property=\"og:description\" content=\"Hymenocallis festalis \/ P\u00f3kliliom\u00a0K\u00f6z\u00e9p-\u00e9s d\u00e9l-amerikai sz\u00e1rmaz\u00e1s\u00fa hibrid. Nagy m\u00e9ret\u0171 cser\u00e9pben is nevelhet\u0151, v\u00e1gott vir\u00e1gnak is alkalmas.\" \/>\n<meta property=\"og:url\" content=\"https:\/\/tajkertesz.com\/en_US\/product\/hymenocallis-festalis-pokliliom\/\" \/>\n<meta property=\"og:site_name\" content=\"T\u00e1jkert\u00e9sz\" \/>\n<meta property=\"article:publisher\" content=\"https:\/\/www.facebook.com\/Tajkertesz\/\" \/>\n<meta property=\"article:modified_time\" content=\"2024-02-06T11:36:40+00:00\" \/>\n<meta property=\"og:image\" content=\"https:\/\/tajkertesz.com\/wp-content\/uploads\/2022\/01\/Pok-liliom.jpg\" \/>\n\t<meta property=\"og:image:width\" content=\"380\" \/>\n\t<meta property=\"og:image:height\" content=\"600\" \/>\n\t<meta property=\"og:image:type\" content=\"image\/jpeg\" \/>\n<meta name=\"twitter:card\" content=\"summary_large_image\" \/>\n<meta name=\"twitter:label1\" content=\"Est. reading time\" \/>\n\t<meta name=\"twitter:data1\" content=\"2 minutes\" \/>\n<script type=\"application\/ld+json\" class=\"yoast-schema-graph\">{\"@context\":\"https:\\\/\\\/schema.org\",\"@graph\":[{\"@type\":\"WebPage\",\"@id\":\"https:\\\/\\\/tajkertesz.com\\\/termek\\\/hymenocallis-festalis-pokliliom\\\/\",\"url\":\"https:\\\/\\\/tajkertesz.com\\\/termek\\\/hymenocallis-festalis-pokliliom\\\/\",\"name\":\"Hymenocallis festalis \\\/ P\u00f3kliliom - T\u00e1jkert\u00e9sz\",\"isPartOf\":{\"@id\":\"https:\\\/\\\/tajkertesz.com\\\/#website\"},\"primaryImageOfPage\":{\"@id\":\"https:\\\/\\\/tajkertesz.com\\\/termek\\\/hymenocallis-festalis-pokliliom\\\/#primaryimage\"},\"image\":{\"@id\":\"https:\\\/\\\/tajkertesz.com\\\/termek\\\/hymenocallis-festalis-pokliliom\\\/#primaryimage\"},\"thumbnailUrl\":\"https:\\\/\\\/tajkertesz.com\\\/wp-content\\\/uploads\\\/2022\\\/01\\\/Pok-liliom.jpg\",\"datePublished\":\"2022-01-26T08:56:10+00:00\",\"dateModified\":\"2024-02-06T11:36:40+00:00\",\"description\":\"Hymenocallis festalis \\\/ P\u00f3kliliom\u00a0K\u00f6z\u00e9p-\u00e9s d\u00e9l-amerikai sz\u00e1rmaz\u00e1s\u00fa hibrid. Nagy m\u00e9ret\u0171 cser\u00e9pben is nevelhet\u0151, v\u00e1gott vir\u00e1gnak is alkalmas.\",\"breadcrumb\":{\"@id\":\"https:\\\/\\\/tajkertesz.com\\\/termek\\\/hymenocallis-festalis-pokliliom\\\/#breadcrumb\"},\"inLanguage\":\"en-US\",\"potentialAction\":[{\"@type\":\"ReadAction\",\"target\":[\"https:\\\/\\\/tajkertesz.com\\\/termek\\\/hymenocallis-festalis-pokliliom\\\/\"]}]},{\"@type\":\"ImageObject\",\"inLanguage\":\"en-US\",\"@id\":\"https:\\\/\\\/tajkertesz.com\\\/termek\\\/hymenocallis-festalis-pokliliom\\\/#primaryimage\",\"url\":\"https:\\\/\\\/tajkertesz.com\\\/wp-content\\\/uploads\\\/2022\\\/01\\\/Pok-liliom.jpg\",\"contentUrl\":\"https:\\\/\\\/tajkertesz.com\\\/wp-content\\\/uploads\\\/2022\\\/01\\\/Pok-liliom.jpg\",\"width\":380,\"height\":600},{\"@type\":\"BreadcrumbList\",\"@id\":\"https:\\\/\\\/tajkertesz.com\\\/termek\\\/hymenocallis-festalis-pokliliom\\\/#breadcrumb\",\"itemListElement\":[{\"@type\":\"ListItem\",\"position\":1,\"name\":\"Home\",\"item\":\"https:\\\/\\\/tajkertesz.com\\\/\"},{\"@type\":\"ListItem\",\"position\":2,\"name\":\"Kezd\u0151lap\",\"item\":\"https:\\\/\\\/tajkertesz.com\\\/\"},{\"@type\":\"ListItem\",\"position\":3,\"name\":\"Hymenocallis festalis \\\/ P\u00f3kliliom\"}]},{\"@type\":\"WebSite\",\"@id\":\"https:\\\/\\\/tajkertesz.com\\\/#website\",\"url\":\"https:\\\/\\\/tajkertesz.com\\\/\",\"name\":\"T\u00e1j-Kert\u00e9sz 84 Kft.\",\"description\":\"Kert\u00e9szeti kis- \u00e9s nagykeresked\u00e9s, D\u00edszn\u00f6v\u00e9ny web\u00e1ruh\u00e1z orsz\u00e1gos h\u00e1zhozsz\u00e1ll\u00edt\u00e1ssal!\",\"publisher\":{\"@id\":\"https:\\\/\\\/tajkertesz.com\\\/#organization\"},\"potentialAction\":[{\"@type\":\"SearchAction\",\"target\":{\"@type\":\"EntryPoint\",\"urlTemplate\":\"https:\\\/\\\/tajkertesz.com\\\/?s={search_term_string}\"},\"query-input\":{\"@type\":\"PropertyValueSpecification\",\"valueRequired\":true,\"valueName\":\"search_term_string\"}}],\"inLanguage\":\"en-US\"},{\"@type\":\"Organization\",\"@id\":\"https:\\\/\\\/tajkertesz.com\\\/#organization\",\"name\":\"T\u00e1j-Kert\u00e9sz 84 Kft.\",\"url\":\"https:\\\/\\\/tajkertesz.com\\\/\",\"logo\":{\"@type\":\"ImageObject\",\"inLanguage\":\"en-US\",\"@id\":\"https:\\\/\\\/tajkertesz.com\\\/#\\\/schema\\\/logo\\\/image\\\/\",\"url\":\"https:\\\/\\\/tajkertesz.com\\\/wp-content\\\/uploads\\\/2018\\\/02\\\/logo-2-e1518678052539.png\",\"contentUrl\":\"https:\\\/\\\/tajkertesz.com\\\/wp-content\\\/uploads\\\/2018\\\/02\\\/logo-2-e1518678052539.png\",\"width\":81,\"height\":140,\"caption\":\"T\u00e1j-Kert\u00e9sz 84 Kft.\"},\"image\":{\"@id\":\"https:\\\/\\\/tajkertesz.com\\\/#\\\/schema\\\/logo\\\/image\\\/\"},\"sameAs\":[\"https:\\\/\\\/www.facebook.com\\\/Tajkertesz\\\/\"]}]}<\/script>\n<!-- \/ Yoast SEO plugin. -->","yoast_head_json":{"title":"Hymenocallis festalis \/ P\u00f3kliliom - T\u00e1jkert\u00e9sz","description":"Hymenocallis festalis \/ P\u00f3kliliom\u00a0K\u00f6z\u00e9p-\u00e9s d\u00e9l-amerikai sz\u00e1rmaz\u00e1s\u00fa hibrid. Nagy m\u00e9ret\u0171 cser\u00e9pben is nevelhet\u0151, v\u00e1gott vir\u00e1gnak is alkalmas.","robots":{"index":"index","follow":"follow","max-snippet":"max-snippet:-1","max-image-preview":"max-image-preview:large","max-video-preview":"max-video-preview:-1"},"canonical":"https:\/\/tajkertesz.com\/en_US\/product\/hymenocallis-festalis-pokliliom\/","og_locale":"en_US","og_type":"article","og_title":"Hymenocallis festalis \/ P\u00f3kliliom - T\u00e1jkert\u00e9sz","og_description":"Hymenocallis festalis \/ P\u00f3kliliom\u00a0K\u00f6z\u00e9p-\u00e9s d\u00e9l-amerikai sz\u00e1rmaz\u00e1s\u00fa hibrid. Nagy m\u00e9ret\u0171 cser\u00e9pben is nevelhet\u0151, v\u00e1gott vir\u00e1gnak is alkalmas.","og_url":"https:\/\/tajkertesz.com\/en_US\/product\/hymenocallis-festalis-pokliliom\/","og_site_name":"T\u00e1jkert\u00e9sz","article_publisher":"https:\/\/www.facebook.com\/Tajkertesz\/","article_modified_time":"2024-02-06T11:36:40+00:00","og_image":[{"width":380,"height":600,"url":"https:\/\/tajkertesz.com\/wp-content\/uploads\/2022\/01\/Pok-liliom.jpg","type":"image\/jpeg"}],"twitter_card":"summary_large_image","twitter_misc":{"Est. reading time":"2 minutes"},"schema":{"@context":"https:\/\/schema.org","@graph":[{"@type":"WebPage","@id":"https:\/\/tajkertesz.com\/termek\/hymenocallis-festalis-pokliliom\/","url":"https:\/\/tajkertesz.com\/termek\/hymenocallis-festalis-pokliliom\/","name":"Hymenocallis festalis \/ P\u00f3kliliom - T\u00e1jkert\u00e9sz","isPartOf":{"@id":"https:\/\/tajkertesz.com\/#website"},"primaryImageOfPage":{"@id":"https:\/\/tajkertesz.com\/termek\/hymenocallis-festalis-pokliliom\/#primaryimage"},"image":{"@id":"https:\/\/tajkertesz.com\/termek\/hymenocallis-festalis-pokliliom\/#primaryimage"},"thumbnailUrl":"https:\/\/tajkertesz.com\/wp-content\/uploads\/2022\/01\/Pok-liliom.jpg","datePublished":"2022-01-26T08:56:10+00:00","dateModified":"2024-02-06T11:36:40+00:00","description":"Hymenocallis festalis \/ P\u00f3kliliom\u00a0K\u00f6z\u00e9p-\u00e9s d\u00e9l-amerikai sz\u00e1rmaz\u00e1s\u00fa hibrid. Nagy m\u00e9ret\u0171 cser\u00e9pben is nevelhet\u0151, v\u00e1gott vir\u00e1gnak is alkalmas.","breadcrumb":{"@id":"https:\/\/tajkertesz.com\/termek\/hymenocallis-festalis-pokliliom\/#breadcrumb"},"inLanguage":"en-US","potentialAction":[{"@type":"ReadAction","target":["https:\/\/tajkertesz.com\/termek\/hymenocallis-festalis-pokliliom\/"]}]},{"@type":"ImageObject","inLanguage":"en-US","@id":"https:\/\/tajkertesz.com\/termek\/hymenocallis-festalis-pokliliom\/#primaryimage","url":"https:\/\/tajkertesz.com\/wp-content\/uploads\/2022\/01\/Pok-liliom.jpg","contentUrl":"https:\/\/tajkertesz.com\/wp-content\/uploads\/2022\/01\/Pok-liliom.jpg","width":380,"height":600},{"@type":"BreadcrumbList","@id":"https:\/\/tajkertesz.com\/termek\/hymenocallis-festalis-pokliliom\/#breadcrumb","itemListElement":[{"@type":"ListItem","position":1,"name":"Home","item":"https:\/\/tajkertesz.com\/"},{"@type":"ListItem","position":2,"name":"Kezd\u0151lap","item":"https:\/\/tajkertesz.com\/"},{"@type":"ListItem","position":3,"name":"Hymenocallis festalis \/ P\u00f3kliliom"}]},{"@type":"WebSite","@id":"https:\/\/tajkertesz.com\/#website","url":"https:\/\/tajkertesz.com\/","name":"T\u00e1j-Kert\u00e9sz 84 Kft.","description":"Kert\u00e9szeti kis- \u00e9s nagykeresked\u00e9s, D\u00edszn\u00f6v\u00e9ny web\u00e1ruh\u00e1z orsz\u00e1gos h\u00e1zhozsz\u00e1ll\u00edt\u00e1ssal!","publisher":{"@id":"https:\/\/tajkertesz.com\/#organization"},"potentialAction":[{"@type":"SearchAction","target":{"@type":"EntryPoint","urlTemplate":"https:\/\/tajkertesz.com\/?s={search_term_string}"},"query-input":{"@type":"PropertyValueSpecification","valueRequired":true,"valueName":"search_term_string"}}],"inLanguage":"en-US"},{"@type":"Organization","@id":"https:\/\/tajkertesz.com\/#organization","name":"T\u00e1j-Kert\u00e9sz 84 Kft.","url":"https:\/\/tajkertesz.com\/","logo":{"@type":"ImageObject","inLanguage":"en-US","@id":"https:\/\/tajkertesz.com\/#\/schema\/logo\/image\/","url":"https:\/\/tajkertesz.com\/wp-content\/uploads\/2018\/02\/logo-2-e1518678052539.png","contentUrl":"https:\/\/tajkertesz.com\/wp-content\/uploads\/2018\/02\/logo-2-e1518678052539.png","width":81,"height":140,"caption":"T\u00e1j-Kert\u00e9sz 84 Kft."},"image":{"@id":"https:\/\/tajkertesz.com\/#\/schema\/logo\/image\/"},"sameAs":["https:\/\/www.facebook.com\/Tajkertesz\/"]}]}},"_links":{"self":[{"href":"https:\/\/tajkertesz.com\/en_US\/wp-json\/wp\/v2\/product\/12230","targetHints":{"allow":["GET"]}}],"collection":[{"href":"https:\/\/tajkertesz.com\/en_US\/wp-json\/wp\/v2\/product"}],"about":[{"href":"https:\/\/tajkertesz.com\/en_US\/wp-json\/wp\/v2\/types\/product"}],"wp:featuredmedia":[{"embeddable":true,"href":"https:\/\/tajkertesz.com\/en_US\/wp-json\/wp\/v2\/media\/12231"}],"wp:attachment":[{"href":"https:\/\/tajkertesz.com\/en_US\/wp-json\/wp\/v2\/media?parent=12230"}],"wp:term":[{"taxonomy":"product_brand","embeddable":true,"href":"https:\/\/tajkertesz.com\/en_US\/wp-json\/wp\/v2\/product_brand?post=12230"},{"taxonomy":"product_cat","embeddable":true,"href":"https:\/\/tajkertesz.com\/en_US\/wp-json\/wp\/v2\/product_cat?post=12230"},{"taxonomy":"product_tag","embeddable":true,"href":"https:\/\/tajkertesz.com\/en_US\/wp-json\/wp\/v2\/product_tag?post=12230"}],"curies":[{"name":"wp","href":"https:\/\/api.w.org\/{rel}","templated":true}]}}