{"id":12232,"date":"2022-01-26T09:08:45","date_gmt":"2022-01-26T09:08:45","guid":{"rendered":"https:\/\/tajkertesz.com\/?post_type=product&#038;p=12232"},"modified":"2024-02-06T11:36:20","modified_gmt":"2024-02-06T11:36:20","slug":"incarvillea-delavayi-snowtop-szabadfoldi-gloxinia-feher","status":"publish","type":"product","link":"https:\/\/tajkertesz.com\/en_US\/product\/incarvillea-delavayi-snowtop-szabadfoldi-gloxinia-feher\/","title":{"rendered":"Incarvillea delavayi Snowtop \/ Szabadf\u00f6ldi gloxinia feh\u00e9r"},"content":{"rendered":"<p>Incarvillea delavayi Snowtop \/ Szabadf\u00f6ldi gloxinia feh\u00e9r vir\u00e1g\u00fa<\/p>\n<p>Az Incarvillea delavayi Snowtop \/ Szabadf\u00f6ldi gloxinia feh\u00e9r vir\u00e1g\u00fa az alapfajb\u00f3l l\u00e9trehozott kert\u00e9szeti fajta.<\/p>\n<p>Toj\u00e1sdad, f\u00e9nyes z\u00f6ld lev\u00e9lk\u00e9kb\u0151l \u00f6sszetett nagy levelei sz\u00e9les, mutat\u00f3s rozett\u00e1t alkotnak. S\u00e1torvir\u00e1gzatban \u00e1ll\u00f3, t\u00f6lcs\u00e9r alak\u00fa, feh\u00e9r vir\u00e1gainak torka s\u00e1rga.<\/p>\n<p>Meleg, napos, \u00fcde talaj\u00fa \u00e9vel\u0151\u00e1gyba \u00fcltess\u00fck, vagy nevelj\u00fck erk\u00e9lyen, teraszon nagyobb cser\u00e9pben, vir\u00e1gl\u00e1d\u00e1ban. J\u00f3 t\u00e1panyagell\u00e1t\u00e1st, a ny\u00e1ri h\u00f3napokban b\u0151s\u00e9ges \u00f6nt\u00f6z\u00e9st k\u00edv\u00e1n. V\u00e9dett helyen, takar\u00e1ssal \u00e1ttelelhet.<\/p>\n<ul>\n<li>M\u00e9ret: 40-60 cm<\/li>\n<li>Vir\u00e1gz\u00e1s: j\u00fanius\/j\u00falius<\/li>\n<li>\u00dcltet\u00e9s: \u00e1prilis\/m\u00e1jus<\/li>\n<li>F\u00e9nyig\u00e9ny:\u00a0<span class=\"fekete2\">nap, f\u00e9l\u00e1rny\u00e9k<br \/>\n<\/span><\/li>\n<li>T\u00e9l\u00e1ll\u00f3s\u00e1g: nem<\/li>\n<li>Felhaszn\u00e1l\u00e1s:<span class=\"zold3\">\u00a0\u00e9vel\u0151\u00e1gy<\/span><span class=\"fekete2\">, cserepes<\/span><\/li>\n<\/ul>\n<p>&nbsp;<\/p>\n<p><strong>Amennyiben nagyobb mennyis\u00e9gre lenne sz\u00fcks\u00e9g, vegye fel vel\u00fcnk a kapcsolatot \u00e9s beszerezz\u00fck!<\/strong><\/p>\n<p><strong>K\u00e9szlet\u00fcnk napi szinten v\u00e1ltozik, ez\u00e9rt a v\u00e1ltoz\u00e1s jog\u00e1t fenntartjuk!<\/strong><\/p>\n<p>&nbsp;<\/p>\n<p><a href=\"https:\/\/tajkertesz.com\/\">https:\/\/tajkertesz.com\/<\/a><\/p>\n<p><a href=\"https:\/\/www.facebook.com\/tajkertesz\/\">https:\/\/www.facebook.com\/tajkertesz\/<\/a><\/p>\n<div id=\"seedtext\"><span style=\"color: #ffffff;\">K\u00f6nny\u0171 kert vagy cserepes n\u00f6v\u00e9ny friss \u00e9s gyeng\u00e9d, p\u00e1fr\u00e1nyszer\u0171 levelekkel, amelyek ny\u00e1rt\u00f3l 40-60 cm magas sz\u00e1rakon vir\u00e1goznak. A vir\u00e1gok gy\u00f6ny\u00f6r\u0171 trombita alak\u00faak, vil\u00e1gos feh\u00e9r sz\u00ednben. Extra nagy riz\u00f3m\u00e1kat v\u00e1s\u00e1roltunk, \u00edgy robusztus n\u00f6v\u00e9nyre sz\u00e1m\u00edthat. Adjon a n\u00f6v\u00e9nyeknek egy j\u00f3 t\u00e9li fed\u00e9lr\u00e9teget, j\u00f3l elvezetett talajt, \u00e9s szinte biztosan t\u00fal\u00e9lik a fagyot.<\/span><\/div>\n<h4><span style=\"color: #ffffff;\">Izz\u00f3 vagy gum\u00f3 m\u00e9rete<\/span><\/h4>\n<div id=\"seedtext\"><span style=\"color: #ffffff;\">K\u00f6nny\u0171 kert vagy cserepes n\u00f6v\u00e9ny friss \u00e9s gyeng\u00e9d, p\u00e1fr\u00e1nyszer\u0171 levelekkel, amelyek ny\u00e1rt\u00f3l 40-60 cm magas sz\u00e1rakon vir\u00e1goznak. A vir\u00e1gok gy\u00f6ny\u00f6r\u0171 trombita alak\u00faak, vil\u00e1gos feh\u00e9r sz\u00ednben. Extra nagy riz\u00f3m\u00e1kat v\u00e1s\u00e1roltunk, \u00edgy robusztus n\u00f6v\u00e9nyre sz\u00e1m\u00edthat. Adjon a n\u00f6v\u00e9nyeknek egy j\u00f3 t\u00e9li fed\u00e9lr\u00e9teget, j\u00f3l elvezetett talajt, \u00e9s szinte biztosan t\u00fal\u00e9lik a fagyot.<\/span><\/div>\n<h4><span style=\"color: #ffffff;\">Izz\u00f3 vagy gum\u00f3 m\u00e9rete<\/span><\/h4>\n<div id=\"seedtext\"><span style=\"color: #ffffff;\">K\u00f6nny\u0171 kert vagy cserepes n\u00f6v\u00e9ny friss \u00e9s gyeng\u00e9d, p\u00e1fr\u00e1nyszer\u0171 levelekkel, amelyek ny\u00e1rt\u00f3l 40-60 cm magas sz\u00e1rakon vir\u00e1goznak. A vir\u00e1gok gy\u00f6ny\u00f6r\u0171 trombita alak\u00faak, vil\u00e1gos feh\u00e9r sz\u00ednben. Extra nagy riz\u00f3m\u00e1kat v\u00e1s\u00e1roltunk, \u00edgy robusztus n\u00f6v\u00e9nyre sz\u00e1m\u00edthat. Adjon a n\u00f6v\u00e9nyeknek egy j\u00f3 t\u00e9li fed\u00e9lr\u00e9teget, j\u00f3l elvezetett talajt, \u00e9s szinte biztosan t\u00fal\u00e9lik a fagyot.<\/span><\/div>\n<h4><span style=\"color: #ffffff;\">Izz\u00f3 vagy gum\u00f3 m\u00e9rete<\/span><\/h4>\n<ul>\n<li style=\"list-style-type: none;\">\n<ul>\n<li><\/li>\n<\/ul>\n<\/li>\n<\/ul>","protected":false},"excerpt":{"rendered":"<p>Az Incarvillea delavayi Snowtop \/ Szabadf\u00f6ldi gloxinia feh\u00e9r vir\u00e1g\u00fa az alapfajb\u00f3l l\u00e9trehozott kert\u00e9szeti fajta.<\/p>\n<p>Toj\u00e1sdad, f\u00e9nyes z\u00f6ld lev\u00e9lk\u00e9kb\u0151l \u00f6sszetett nagy levelei sz\u00e9les, mutat\u00f3s rozett\u00e1t alkotnak. S\u00e1torvir\u00e1gzatban \u00e1ll\u00f3, t\u00f6lcs\u00e9r alak\u00fa, feh\u00e9r vir\u00e1gainak torka s\u00e1rga.<\/p>\n<p>Meleg, napos, \u00fcde talaj\u00fa \u00e9vel\u0151\u00e1gyba \u00fcltess\u00fck, vagy nevelj\u00fck erk\u00e9lyen, teraszon nagyobb cser\u00e9pben, vir\u00e1gl\u00e1d\u00e1ban. J\u00f3 t\u00e1panyagell\u00e1t\u00e1st, a ny\u00e1ri h\u00f3napokban b\u0151s\u00e9ges \u00f6nt\u00f6z\u00e9st k\u00edv\u00e1n. V\u00e9dett helyen, takar\u00e1ssal \u00e1ttelelhet.<\/p>\n<ul>\n<li>M\u00e9ret: 40-60 cm<\/li>\n<li>Vir\u00e1gz\u00e1s: j\u00fanius\/j\u00falius<\/li>\n<li>\u00dcltet\u00e9s: \u00e1prilis\/m\u00e1jus<\/li>\n<li>F\u00e9nyig\u00e9ny:\u00a0<span class=\"fekete2\">nap, f\u00e9l\u00e1rny\u00e9k<br \/>\n<\/span><\/li>\n<li>T\u00e9l\u00e1ll\u00f3s\u00e1g: nem<\/li>\n<li>Felhaszn\u00e1l\u00e1s:<span class=\"zold3\">\u00a0\u00e9vel\u0151\u00e1gy<\/span><span class=\"fekete2\">, cserepes<\/span><\/li>\n<\/ul>","protected":false},"featured_media":12233,"template":"","meta":{"_et_pb_use_builder":"","_et_pb_old_content":"","_et_gb_content_width":""},"product_brand":[],"product_cat":[3857],"product_tag":[3614,3613,3611,3612],"class_list":{"0":"post-12232","1":"product","2":"type-product","3":"status-publish","4":"has-post-thumbnail","6":"product_cat-viraghagyma-dughagyma","7":"product_tag-feher-virag","8":"product_tag-gloxinia","9":"product_tag-incarvillea-delavayi-snowtop","10":"product_tag-szabadfoldi-gloxinia-feher-viragu","12":"first","13":"outofstock","14":"shipping-taxable","15":"product-type-simple"},"yoast_head":"<!-- This site is optimized with the Yoast SEO plugin v27.5 - https:\/\/yoast.com\/product\/yoast-seo-wordpress\/ -->\n<title>Incarvillea delavayi Snowtop \/ Szabadf\u00f6ldi gloxinia feh\u00e9r - T\u00e1jkert\u00e9sz<\/title>\n<meta name=\"description\" content=\"Az Incarvillea delavayi Snowtop \/ Szabadf\u00f6ldi gloxinia feh\u00e9r vir\u00e1g\u00fa az alapfajb\u00f3l l\u00e9trehozott kert\u00e9szeti fajta.\" \/>\n<meta name=\"robots\" content=\"index, follow, max-snippet:-1, max-image-preview:large, max-video-preview:-1\" \/>\n<link rel=\"canonical\" href=\"https:\/\/tajkertesz.com\/en_US\/product\/incarvillea-delavayi-snowtop-szabadfoldi-gloxinia-feher\/\" \/>\n<meta property=\"og:locale\" content=\"en_US\" \/>\n<meta property=\"og:type\" content=\"article\" \/>\n<meta property=\"og:title\" content=\"Incarvillea delavayi Snowtop \/ Szabadf\u00f6ldi gloxinia feh\u00e9r - T\u00e1jkert\u00e9sz\" \/>\n<meta property=\"og:description\" content=\"Az Incarvillea delavayi Snowtop \/ Szabadf\u00f6ldi gloxinia feh\u00e9r vir\u00e1g\u00fa az alapfajb\u00f3l l\u00e9trehozott kert\u00e9szeti fajta.\" \/>\n<meta property=\"og:url\" content=\"https:\/\/tajkertesz.com\/en_US\/product\/incarvillea-delavayi-snowtop-szabadfoldi-gloxinia-feher\/\" \/>\n<meta property=\"og:site_name\" content=\"T\u00e1jkert\u00e9sz\" \/>\n<meta property=\"article:publisher\" content=\"https:\/\/www.facebook.com\/Tajkertesz\/\" \/>\n<meta property=\"article:modified_time\" content=\"2024-02-06T11:36:20+00:00\" \/>\n<meta property=\"og:image\" content=\"https:\/\/tajkertesz.com\/wp-content\/uploads\/2022\/01\/inka-liliom-feher.jpg\" \/>\n\t<meta property=\"og:image:width\" content=\"370\" \/>\n\t<meta property=\"og:image:height\" content=\"559\" \/>\n\t<meta property=\"og:image:type\" content=\"image\/jpeg\" \/>\n<meta name=\"twitter:card\" content=\"summary_large_image\" \/>\n<meta name=\"twitter:label1\" content=\"Est. reading time\" \/>\n\t<meta name=\"twitter:data1\" content=\"2 minutes\" \/>\n<script type=\"application\/ld+json\" class=\"yoast-schema-graph\">{\"@context\":\"https:\\\/\\\/schema.org\",\"@graph\":[{\"@type\":\"WebPage\",\"@id\":\"https:\\\/\\\/tajkertesz.com\\\/termek\\\/incarvillea-delavayi-snowtop-szabadfoldi-gloxinia-feher\\\/\",\"url\":\"https:\\\/\\\/tajkertesz.com\\\/termek\\\/incarvillea-delavayi-snowtop-szabadfoldi-gloxinia-feher\\\/\",\"name\":\"Incarvillea delavayi Snowtop \\\/ Szabadf\u00f6ldi gloxinia feh\u00e9r - T\u00e1jkert\u00e9sz\",\"isPartOf\":{\"@id\":\"https:\\\/\\\/tajkertesz.com\\\/#website\"},\"primaryImageOfPage\":{\"@id\":\"https:\\\/\\\/tajkertesz.com\\\/termek\\\/incarvillea-delavayi-snowtop-szabadfoldi-gloxinia-feher\\\/#primaryimage\"},\"image\":{\"@id\":\"https:\\\/\\\/tajkertesz.com\\\/termek\\\/incarvillea-delavayi-snowtop-szabadfoldi-gloxinia-feher\\\/#primaryimage\"},\"thumbnailUrl\":\"https:\\\/\\\/tajkertesz.com\\\/wp-content\\\/uploads\\\/2022\\\/01\\\/inka-liliom-feher.jpg\",\"datePublished\":\"2022-01-26T09:08:45+00:00\",\"dateModified\":\"2024-02-06T11:36:20+00:00\",\"description\":\"Az Incarvillea delavayi Snowtop \\\/ Szabadf\u00f6ldi gloxinia feh\u00e9r vir\u00e1g\u00fa az alapfajb\u00f3l l\u00e9trehozott kert\u00e9szeti fajta.\",\"breadcrumb\":{\"@id\":\"https:\\\/\\\/tajkertesz.com\\\/termek\\\/incarvillea-delavayi-snowtop-szabadfoldi-gloxinia-feher\\\/#breadcrumb\"},\"inLanguage\":\"en-US\",\"potentialAction\":[{\"@type\":\"ReadAction\",\"target\":[\"https:\\\/\\\/tajkertesz.com\\\/termek\\\/incarvillea-delavayi-snowtop-szabadfoldi-gloxinia-feher\\\/\"]}]},{\"@type\":\"ImageObject\",\"inLanguage\":\"en-US\",\"@id\":\"https:\\\/\\\/tajkertesz.com\\\/termek\\\/incarvillea-delavayi-snowtop-szabadfoldi-gloxinia-feher\\\/#primaryimage\",\"url\":\"https:\\\/\\\/tajkertesz.com\\\/wp-content\\\/uploads\\\/2022\\\/01\\\/inka-liliom-feher.jpg\",\"contentUrl\":\"https:\\\/\\\/tajkertesz.com\\\/wp-content\\\/uploads\\\/2022\\\/01\\\/inka-liliom-feher.jpg\",\"width\":370,\"height\":559},{\"@type\":\"BreadcrumbList\",\"@id\":\"https:\\\/\\\/tajkertesz.com\\\/termek\\\/incarvillea-delavayi-snowtop-szabadfoldi-gloxinia-feher\\\/#breadcrumb\",\"itemListElement\":[{\"@type\":\"ListItem\",\"position\":1,\"name\":\"Home\",\"item\":\"https:\\\/\\\/tajkertesz.com\\\/\"},{\"@type\":\"ListItem\",\"position\":2,\"name\":\"Kezd\u0151lap\",\"item\":\"https:\\\/\\\/tajkertesz.com\\\/\"},{\"@type\":\"ListItem\",\"position\":3,\"name\":\"Incarvillea delavayi Snowtop \\\/ Szabadf\u00f6ldi gloxinia feh\u00e9r\"}]},{\"@type\":\"WebSite\",\"@id\":\"https:\\\/\\\/tajkertesz.com\\\/#website\",\"url\":\"https:\\\/\\\/tajkertesz.com\\\/\",\"name\":\"T\u00e1j-Kert\u00e9sz 84 Kft.\",\"description\":\"Kert\u00e9szeti kis- \u00e9s nagykeresked\u00e9s, D\u00edszn\u00f6v\u00e9ny web\u00e1ruh\u00e1z orsz\u00e1gos h\u00e1zhozsz\u00e1ll\u00edt\u00e1ssal!\",\"publisher\":{\"@id\":\"https:\\\/\\\/tajkertesz.com\\\/#organization\"},\"potentialAction\":[{\"@type\":\"SearchAction\",\"target\":{\"@type\":\"EntryPoint\",\"urlTemplate\":\"https:\\\/\\\/tajkertesz.com\\\/?s={search_term_string}\"},\"query-input\":{\"@type\":\"PropertyValueSpecification\",\"valueRequired\":true,\"valueName\":\"search_term_string\"}}],\"inLanguage\":\"en-US\"},{\"@type\":\"Organization\",\"@id\":\"https:\\\/\\\/tajkertesz.com\\\/#organization\",\"name\":\"T\u00e1j-Kert\u00e9sz 84 Kft.\",\"url\":\"https:\\\/\\\/tajkertesz.com\\\/\",\"logo\":{\"@type\":\"ImageObject\",\"inLanguage\":\"en-US\",\"@id\":\"https:\\\/\\\/tajkertesz.com\\\/#\\\/schema\\\/logo\\\/image\\\/\",\"url\":\"https:\\\/\\\/tajkertesz.com\\\/wp-content\\\/uploads\\\/2018\\\/02\\\/logo-2-e1518678052539.png\",\"contentUrl\":\"https:\\\/\\\/tajkertesz.com\\\/wp-content\\\/uploads\\\/2018\\\/02\\\/logo-2-e1518678052539.png\",\"width\":81,\"height\":140,\"caption\":\"T\u00e1j-Kert\u00e9sz 84 Kft.\"},\"image\":{\"@id\":\"https:\\\/\\\/tajkertesz.com\\\/#\\\/schema\\\/logo\\\/image\\\/\"},\"sameAs\":[\"https:\\\/\\\/www.facebook.com\\\/Tajkertesz\\\/\"]}]}<\/script>\n<!-- \/ Yoast SEO plugin. -->","yoast_head_json":{"title":"Incarvillea delavayi Snowtop \/ Szabadf\u00f6ldi gloxinia feh\u00e9r - T\u00e1jkert\u00e9sz","description":"Az Incarvillea delavayi Snowtop \/ Szabadf\u00f6ldi gloxinia feh\u00e9r vir\u00e1g\u00fa az alapfajb\u00f3l l\u00e9trehozott kert\u00e9szeti fajta.","robots":{"index":"index","follow":"follow","max-snippet":"max-snippet:-1","max-image-preview":"max-image-preview:large","max-video-preview":"max-video-preview:-1"},"canonical":"https:\/\/tajkertesz.com\/en_US\/product\/incarvillea-delavayi-snowtop-szabadfoldi-gloxinia-feher\/","og_locale":"en_US","og_type":"article","og_title":"Incarvillea delavayi Snowtop \/ Szabadf\u00f6ldi gloxinia feh\u00e9r - T\u00e1jkert\u00e9sz","og_description":"Az Incarvillea delavayi Snowtop \/ Szabadf\u00f6ldi gloxinia feh\u00e9r vir\u00e1g\u00fa az alapfajb\u00f3l l\u00e9trehozott kert\u00e9szeti fajta.","og_url":"https:\/\/tajkertesz.com\/en_US\/product\/incarvillea-delavayi-snowtop-szabadfoldi-gloxinia-feher\/","og_site_name":"T\u00e1jkert\u00e9sz","article_publisher":"https:\/\/www.facebook.com\/Tajkertesz\/","article_modified_time":"2024-02-06T11:36:20+00:00","og_image":[{"width":370,"height":559,"url":"https:\/\/tajkertesz.com\/wp-content\/uploads\/2022\/01\/inka-liliom-feher.jpg","type":"image\/jpeg"}],"twitter_card":"summary_large_image","twitter_misc":{"Est. reading time":"2 minutes"},"schema":{"@context":"https:\/\/schema.org","@graph":[{"@type":"WebPage","@id":"https:\/\/tajkertesz.com\/termek\/incarvillea-delavayi-snowtop-szabadfoldi-gloxinia-feher\/","url":"https:\/\/tajkertesz.com\/termek\/incarvillea-delavayi-snowtop-szabadfoldi-gloxinia-feher\/","name":"Incarvillea delavayi Snowtop \/ Szabadf\u00f6ldi gloxinia feh\u00e9r - T\u00e1jkert\u00e9sz","isPartOf":{"@id":"https:\/\/tajkertesz.com\/#website"},"primaryImageOfPage":{"@id":"https:\/\/tajkertesz.com\/termek\/incarvillea-delavayi-snowtop-szabadfoldi-gloxinia-feher\/#primaryimage"},"image":{"@id":"https:\/\/tajkertesz.com\/termek\/incarvillea-delavayi-snowtop-szabadfoldi-gloxinia-feher\/#primaryimage"},"thumbnailUrl":"https:\/\/tajkertesz.com\/wp-content\/uploads\/2022\/01\/inka-liliom-feher.jpg","datePublished":"2022-01-26T09:08:45+00:00","dateModified":"2024-02-06T11:36:20+00:00","description":"Az Incarvillea delavayi Snowtop \/ Szabadf\u00f6ldi gloxinia feh\u00e9r vir\u00e1g\u00fa az alapfajb\u00f3l l\u00e9trehozott kert\u00e9szeti fajta.","breadcrumb":{"@id":"https:\/\/tajkertesz.com\/termek\/incarvillea-delavayi-snowtop-szabadfoldi-gloxinia-feher\/#breadcrumb"},"inLanguage":"en-US","potentialAction":[{"@type":"ReadAction","target":["https:\/\/tajkertesz.com\/termek\/incarvillea-delavayi-snowtop-szabadfoldi-gloxinia-feher\/"]}]},{"@type":"ImageObject","inLanguage":"en-US","@id":"https:\/\/tajkertesz.com\/termek\/incarvillea-delavayi-snowtop-szabadfoldi-gloxinia-feher\/#primaryimage","url":"https:\/\/tajkertesz.com\/wp-content\/uploads\/2022\/01\/inka-liliom-feher.jpg","contentUrl":"https:\/\/tajkertesz.com\/wp-content\/uploads\/2022\/01\/inka-liliom-feher.jpg","width":370,"height":559},{"@type":"BreadcrumbList","@id":"https:\/\/tajkertesz.com\/termek\/incarvillea-delavayi-snowtop-szabadfoldi-gloxinia-feher\/#breadcrumb","itemListElement":[{"@type":"ListItem","position":1,"name":"Home","item":"https:\/\/tajkertesz.com\/"},{"@type":"ListItem","position":2,"name":"Kezd\u0151lap","item":"https:\/\/tajkertesz.com\/"},{"@type":"ListItem","position":3,"name":"Incarvillea delavayi Snowtop \/ Szabadf\u00f6ldi gloxinia feh\u00e9r"}]},{"@type":"WebSite","@id":"https:\/\/tajkertesz.com\/#website","url":"https:\/\/tajkertesz.com\/","name":"T\u00e1j-Kert\u00e9sz 84 Kft.","description":"Kert\u00e9szeti kis- \u00e9s nagykeresked\u00e9s, D\u00edszn\u00f6v\u00e9ny web\u00e1ruh\u00e1z orsz\u00e1gos h\u00e1zhozsz\u00e1ll\u00edt\u00e1ssal!","publisher":{"@id":"https:\/\/tajkertesz.com\/#organization"},"potentialAction":[{"@type":"SearchAction","target":{"@type":"EntryPoint","urlTemplate":"https:\/\/tajkertesz.com\/?s={search_term_string}"},"query-input":{"@type":"PropertyValueSpecification","valueRequired":true,"valueName":"search_term_string"}}],"inLanguage":"en-US"},{"@type":"Organization","@id":"https:\/\/tajkertesz.com\/#organization","name":"T\u00e1j-Kert\u00e9sz 84 Kft.","url":"https:\/\/tajkertesz.com\/","logo":{"@type":"ImageObject","inLanguage":"en-US","@id":"https:\/\/tajkertesz.com\/#\/schema\/logo\/image\/","url":"https:\/\/tajkertesz.com\/wp-content\/uploads\/2018\/02\/logo-2-e1518678052539.png","contentUrl":"https:\/\/tajkertesz.com\/wp-content\/uploads\/2018\/02\/logo-2-e1518678052539.png","width":81,"height":140,"caption":"T\u00e1j-Kert\u00e9sz 84 Kft."},"image":{"@id":"https:\/\/tajkertesz.com\/#\/schema\/logo\/image\/"},"sameAs":["https:\/\/www.facebook.com\/Tajkertesz\/"]}]}},"_links":{"self":[{"href":"https:\/\/tajkertesz.com\/en_US\/wp-json\/wp\/v2\/product\/12232","targetHints":{"allow":["GET"]}}],"collection":[{"href":"https:\/\/tajkertesz.com\/en_US\/wp-json\/wp\/v2\/product"}],"about":[{"href":"https:\/\/tajkertesz.com\/en_US\/wp-json\/wp\/v2\/types\/product"}],"wp:featuredmedia":[{"embeddable":true,"href":"https:\/\/tajkertesz.com\/en_US\/wp-json\/wp\/v2\/media\/12233"}],"wp:attachment":[{"href":"https:\/\/tajkertesz.com\/en_US\/wp-json\/wp\/v2\/media?parent=12232"}],"wp:term":[{"taxonomy":"product_brand","embeddable":true,"href":"https:\/\/tajkertesz.com\/en_US\/wp-json\/wp\/v2\/product_brand?post=12232"},{"taxonomy":"product_cat","embeddable":true,"href":"https:\/\/tajkertesz.com\/en_US\/wp-json\/wp\/v2\/product_cat?post=12232"},{"taxonomy":"product_tag","embeddable":true,"href":"https:\/\/tajkertesz.com\/en_US\/wp-json\/wp\/v2\/product_tag?post=12232"}],"curies":[{"name":"wp","href":"https:\/\/api.w.org\/{rel}","templated":true}]}}