{"id":12237,"date":"2022-01-26T10:27:41","date_gmt":"2022-01-26T10:27:41","guid":{"rendered":"https:\/\/tajkertesz.com\/?post_type=product&#038;p=12237"},"modified":"2026-02-20T13:42:53","modified_gmt":"2026-02-20T13:42:53","slug":"nerine-bowdenii-csillogo-pirosliliom","status":"publish","type":"product","link":"https:\/\/tajkertesz.com\/en_US\/product\/nerine-bowdenii-csillogo-pirosliliom\/","title":{"rendered":"Nerine bowdenii \/ Csillog\u00f3 pirosliliom"},"content":{"rendered":"<h1>Nerine bowdenii \/ Csillog\u00f3 pirosliliom<\/h1>\n<p>&nbsp;<\/p>\n<p>&nbsp;<\/p>\n<h3>A Nerine bowdenii \/ Csillog\u00f3 pirosliliom\u00a0\u00a0ez a hagym\u00e1s n\u00f6v\u00e9ny a XX. sz\u00e1zad elej\u00e9n ker\u00fclt \u00e1t D\u00e9l-Afrik\u00e1b\u00f3l Eur\u00f3p\u00e1ba.<\/h3>\n<p>T\u0151levelei hossz\u00faak, szalag alak\u00faak, \u00e9l\u00e9nkz\u00f6ldek. Erny\u0151vir\u00e1gzat\u00e1t 5-10 r\u00f3zsasz\u00edn, t\u00f6lcs\u00e9r alak\u00fa vir\u00e1g alkotja. Hull\u00e1mos sz\u00e9l\u0171 lepellevelei keskenyek, hossz\u00faak, visszahajl\u00f3k. Feh\u00e9r sz\u00edn\u0171 fajt\u00e1ja is ismert.<\/p>\n<p>K\u00f6z\u00f6ns\u00e9ges kerti talajt, napos, meleg fekv\u00e9st ig\u00e9nyel. Tavasszal \u00fcltetve, levelei ny\u00e1r k\u00f6zep\u00e9n elhalnak, majd \u0151sszel jelenik meg a vir\u00e1gzat. Csak v\u00e9dett, meleg helyen, m\u00e9lyre \u00fcltetve, t\u00e9li nedvess\u00e9gt\u0151l v\u00e9dve, takar\u00e1ssal k\u00e9pes \u00e1ttelelni. Nevelhet\u0151 vir\u00e1gl\u00e1d\u00e1ban is, ekkor \u0151sszel kihajt\u00f3 lombja fagymentes helyen \u00e1ttelel. Kiv\u00e1l\u00f3 v\u00e1gott vir\u00e1g.<\/p>\n<p>Nem t\u00e9l\u00e1ll\u00f3.<\/p>\n<ul>\n<li>M\u00e9ret: 40-60 cm<\/li>\n<li>Vir\u00e1gz\u00e1s: szeptember\/okt\u00f3ber<\/li>\n<li>\u00dcltet\u00e9s: \u00e1prilis\/m\u00e1jus<\/li>\n<li>F\u00e9nyig\u00e9ny:\u00a0<span class=\"fekete2\">nap<\/span><\/li>\n<li>T\u00e9l\u00e1ll\u00f3s\u00e1g: nem<\/li>\n<li>Felhaszn\u00e1l\u00e1s:\u00a0<span class=\"fekete2\">\u00e9vel\u0151\u00e1gy, cserepes<\/span><\/li>\n<\/ul>\n<p><strong>Amennyiben nagyobb mennyis\u00e9gre lenne sz\u00fcks\u00e9g, vegye fel vel\u00fcnk a kapcsolatot \u00e9s beszerezz\u00fck!<\/strong><\/p>\n<p><strong>K\u00e9szlet\u00fcnk napi szinten v\u00e1ltozik, ez\u00e9rt a v\u00e1ltoz\u00e1s jog\u00e1t fenntartjuk!<\/strong><\/p>\n<p>&nbsp;<\/p>\n<p><a href=\"https:\/\/tajkertesz.com\/\">https:\/\/tajkertesz.com\/<\/a><\/p>\n<p><a href=\"https:\/\/www.facebook.com\/tajkertesz\/\">https:\/\/www.facebook.com\/tajkertesz\/<\/a><\/p>\n<p>T\u0151levelei hossz\u00faak, szalag alak\u00faak, \u00e9l\u00e9nkz\u00f6ldek. Erny\u0151vir\u00e1gzat\u00e1t 5-10 r\u00f3zsasz\u00edn, t\u00f6lcs\u00e9r alak\u00fa vir\u00e1g alkotja. Hull\u00e1mos sz\u00e9l\u0171 lepellevelei keskenyek, hossz\u00faak, visszahajl\u00f3k. Feh\u00e9r sz\u00edn\u0171 fajt\u00e1ja is ismert.<\/p>\n<p>K\u00f6z\u00f6ns\u00e9ges kerti talajt, napos, meleg fekv\u00e9st ig\u00e9nyel. Tavasszal \u00fcltetve, levelei ny\u00e1r k\u00f6zep\u00e9n elhalnak, majd \u0151sszel jelenik meg a vir\u00e1gzat. Csak v\u00e9dett, meleg helyen, m\u00e9lyre \u00fcltetve, t\u00e9li nedvess\u00e9gt\u0151l v\u00e9dve, takar\u00e1ssal k\u00e9pes \u00e1ttelelni. Nevelhet\u0151 vir\u00e1gl\u00e1d\u00e1ban is, ekkor \u0151sszel kihajt\u00f3 lombja fagymentes helyen \u00e1ttelel. Kiv\u00e1l\u00f3 v\u00e1gott vir\u00e1g.<\/p>\n<p>Nem t\u00e9l\u00e1ll\u00f3.<\/p>\n<ul>\n<li>M\u00e9ret: 40-60 cm<\/li>\n<li>Vir\u00e1gz\u00e1s: szeptember\/okt\u00f3ber<\/li>\n<li>\u00dcltet\u00e9s: \u00e1prilis\/m\u00e1jus<\/li>\n<li>F\u00e9nyig\u00e9ny:\u00a0<span class=\"fekete2\">nap<\/span><\/li>\n<li>T\u00e9l\u00e1ll\u00f3s\u00e1g: nem<\/li>\n<li>Felhaszn\u00e1l\u00e1s:\u00a0<span class=\"fekete2\">\u00e9vel\u0151\u00e1gy, cserepes<\/span><\/li>\n<\/ul>","protected":false},"excerpt":{"rendered":"<h3>A Nerine bowdenii \/ Csillog\u00f3 pirosliliom\u00a0\u00a0ez a hagym\u00e1s n\u00f6v\u00e9ny a XX. sz\u00e1zad elej\u00e9n ker\u00fclt \u00e1t D\u00e9l-Afrik\u00e1b\u00f3l Eur\u00f3p\u00e1ba.<\/h3>\n<p>T\u0151levelei hossz\u00faak, szalag alak\u00faak, \u00e9l\u00e9nkz\u00f6ldek. Erny\u0151vir\u00e1gzat\u00e1t 5-10 r\u00f3zsasz\u00edn, t\u00f6lcs\u00e9r alak\u00fa vir\u00e1g alkotja. Hull\u00e1mos sz\u00e9l\u0171 lepellevelei keskenyek, hossz\u00faak, visszahajl\u00f3k. Feh\u00e9r sz\u00edn\u0171 fajt\u00e1ja is ismert.<\/p>\n<p>K\u00f6z\u00f6ns\u00e9ges kerti talajt, napos, meleg fekv\u00e9st ig\u00e9nyel. Tavasszal \u00fcltetve, levelei ny\u00e1r k\u00f6zep\u00e9n elhalnak, majd \u0151sszel jelenik meg a vir\u00e1gzat. Csak v\u00e9dett, meleg helyen, m\u00e9lyre \u00fcltetve, t\u00e9li nedvess\u00e9gt\u0151l v\u00e9dve, takar\u00e1ssal k\u00e9pes \u00e1ttelelni. Nevelhet\u0151 vir\u00e1gl\u00e1d\u00e1ban is, ekkor \u0151sszel kihajt\u00f3 lombja fagymentes helyen \u00e1ttelel. Kiv\u00e1l\u00f3 v\u00e1gott vir\u00e1g.<\/p>\n<p>Nem t\u00e9l\u00e1ll\u00f3.<\/p>\n<ul>\n<li>M\u00e9ret: 40-60 cm<\/li>\n<li>Vir\u00e1gz\u00e1s: szeptember\/okt\u00f3ber<\/li>\n<li>\u00dcltet\u00e9s: \u00e1prilis\/m\u00e1jus<\/li>\n<li>F\u00e9nyig\u00e9ny:\u00a0<span class=\"fekete2\">nap<\/span><\/li>\n<li>T\u00e9l\u00e1ll\u00f3s\u00e1g: nem<\/li>\n<li>Felhaszn\u00e1l\u00e1s:\u00a0<span class=\"fekete2\">\u00e9vel\u0151\u00e1gy, cserepes<\/span><\/li>\n<\/ul>","protected":false},"featured_media":12238,"template":"","meta":{"_et_pb_use_builder":"","_et_pb_old_content":"","_et_gb_content_width":""},"product_brand":[],"product_cat":[3857],"product_tag":[3618,3617],"class_list":{"0":"post-12237","1":"product","2":"type-product","3":"status-publish","4":"has-post-thumbnail","6":"product_cat-viraghagyma-dughagyma","7":"product_tag-csillogo-pirosliliom","8":"product_tag-nerine-bowdenii","10":"first","11":"onbackorder","12":"shipping-taxable","13":"purchasable","14":"product-type-simple"},"yoast_head":"<!-- This site is optimized with the Yoast SEO plugin v27.4 - https:\/\/yoast.com\/product\/yoast-seo-wordpress\/ -->\n<title>Nerine bowdenii \/ Csillog\u00f3 pirosliliom - T\u00e1jkert\u00e9sz<\/title>\n<meta name=\"description\" content=\"A Nerine bowdenii \/ Csillog\u00f3 pirosliliom\u00a0\u00a0ez a hagym\u00e1s n\u00f6v\u00e9ny a XX. sz\u00e1zad elej\u00e9n ker\u00fclt \u00e1t D\u00e9l-Afrik\u00e1b\u00f3l Eur\u00f3p\u00e1ba.\" \/>\n<meta name=\"robots\" content=\"index, follow, max-snippet:-1, max-image-preview:large, max-video-preview:-1\" \/>\n<link rel=\"canonical\" href=\"https:\/\/tajkertesz.com\/en_US\/product\/nerine-bowdenii-csillogo-pirosliliom\/\" \/>\n<meta property=\"og:locale\" content=\"en_US\" \/>\n<meta property=\"og:type\" content=\"article\" \/>\n<meta property=\"og:title\" content=\"Nerine bowdenii \/ Csillog\u00f3 pirosliliom - T\u00e1jkert\u00e9sz\" \/>\n<meta property=\"og:description\" content=\"A Nerine bowdenii \/ Csillog\u00f3 pirosliliom\u00a0\u00a0ez a hagym\u00e1s n\u00f6v\u00e9ny a XX. sz\u00e1zad elej\u00e9n ker\u00fclt \u00e1t D\u00e9l-Afrik\u00e1b\u00f3l Eur\u00f3p\u00e1ba.\" \/>\n<meta property=\"og:url\" content=\"https:\/\/tajkertesz.com\/en_US\/product\/nerine-bowdenii-csillogo-pirosliliom\/\" \/>\n<meta property=\"og:site_name\" content=\"T\u00e1jkert\u00e9sz\" \/>\n<meta property=\"article:publisher\" content=\"https:\/\/www.facebook.com\/Tajkertesz\/\" \/>\n<meta property=\"article:modified_time\" content=\"2026-02-20T13:42:53+00:00\" \/>\n<meta property=\"og:image\" content=\"https:\/\/tajkertesz.com\/wp-content\/uploads\/2022\/01\/Nerine-bowdenii.jpg\" \/>\n\t<meta property=\"og:image:width\" content=\"380\" \/>\n\t<meta property=\"og:image:height\" content=\"600\" \/>\n\t<meta property=\"og:image:type\" content=\"image\/jpeg\" \/>\n<meta name=\"twitter:card\" content=\"summary_large_image\" \/>\n<meta name=\"twitter:label1\" content=\"Est. reading time\" \/>\n\t<meta name=\"twitter:data1\" content=\"2 minutes\" \/>\n<script type=\"application\/ld+json\" class=\"yoast-schema-graph\">{\"@context\":\"https:\\\/\\\/schema.org\",\"@graph\":[{\"@type\":\"WebPage\",\"@id\":\"https:\\\/\\\/tajkertesz.com\\\/termek\\\/nerine-bowdenii-csillogo-pirosliliom\\\/\",\"url\":\"https:\\\/\\\/tajkertesz.com\\\/termek\\\/nerine-bowdenii-csillogo-pirosliliom\\\/\",\"name\":\"Nerine bowdenii \\\/ Csillog\u00f3 pirosliliom - T\u00e1jkert\u00e9sz\",\"isPartOf\":{\"@id\":\"https:\\\/\\\/tajkertesz.com\\\/#website\"},\"primaryImageOfPage\":{\"@id\":\"https:\\\/\\\/tajkertesz.com\\\/termek\\\/nerine-bowdenii-csillogo-pirosliliom\\\/#primaryimage\"},\"image\":{\"@id\":\"https:\\\/\\\/tajkertesz.com\\\/termek\\\/nerine-bowdenii-csillogo-pirosliliom\\\/#primaryimage\"},\"thumbnailUrl\":\"https:\\\/\\\/tajkertesz.com\\\/wp-content\\\/uploads\\\/2022\\\/01\\\/Nerine-bowdenii.jpg\",\"datePublished\":\"2022-01-26T10:27:41+00:00\",\"dateModified\":\"2026-02-20T13:42:53+00:00\",\"description\":\"A Nerine bowdenii \\\/ Csillog\u00f3 pirosliliom\u00a0\u00a0ez a hagym\u00e1s n\u00f6v\u00e9ny a XX. sz\u00e1zad elej\u00e9n ker\u00fclt \u00e1t D\u00e9l-Afrik\u00e1b\u00f3l Eur\u00f3p\u00e1ba.\",\"breadcrumb\":{\"@id\":\"https:\\\/\\\/tajkertesz.com\\\/termek\\\/nerine-bowdenii-csillogo-pirosliliom\\\/#breadcrumb\"},\"inLanguage\":\"en-US\",\"potentialAction\":[{\"@type\":\"ReadAction\",\"target\":[\"https:\\\/\\\/tajkertesz.com\\\/termek\\\/nerine-bowdenii-csillogo-pirosliliom\\\/\"]}]},{\"@type\":\"ImageObject\",\"inLanguage\":\"en-US\",\"@id\":\"https:\\\/\\\/tajkertesz.com\\\/termek\\\/nerine-bowdenii-csillogo-pirosliliom\\\/#primaryimage\",\"url\":\"https:\\\/\\\/tajkertesz.com\\\/wp-content\\\/uploads\\\/2022\\\/01\\\/Nerine-bowdenii.jpg\",\"contentUrl\":\"https:\\\/\\\/tajkertesz.com\\\/wp-content\\\/uploads\\\/2022\\\/01\\\/Nerine-bowdenii.jpg\",\"width\":380,\"height\":600},{\"@type\":\"BreadcrumbList\",\"@id\":\"https:\\\/\\\/tajkertesz.com\\\/termek\\\/nerine-bowdenii-csillogo-pirosliliom\\\/#breadcrumb\",\"itemListElement\":[{\"@type\":\"ListItem\",\"position\":1,\"name\":\"Home\",\"item\":\"https:\\\/\\\/tajkertesz.com\\\/\"},{\"@type\":\"ListItem\",\"position\":2,\"name\":\"Kezd\u0151lap\",\"item\":\"https:\\\/\\\/tajkertesz.com\\\/\"},{\"@type\":\"ListItem\",\"position\":3,\"name\":\"Nerine bowdenii \\\/ Csillog\u00f3 pirosliliom\"}]},{\"@type\":\"WebSite\",\"@id\":\"https:\\\/\\\/tajkertesz.com\\\/#website\",\"url\":\"https:\\\/\\\/tajkertesz.com\\\/\",\"name\":\"T\u00e1j-Kert\u00e9sz 84 Kft.\",\"description\":\"Kert\u00e9szeti kis- \u00e9s nagykeresked\u00e9s, D\u00edszn\u00f6v\u00e9ny web\u00e1ruh\u00e1z orsz\u00e1gos h\u00e1zhozsz\u00e1ll\u00edt\u00e1ssal!\",\"publisher\":{\"@id\":\"https:\\\/\\\/tajkertesz.com\\\/#organization\"},\"potentialAction\":[{\"@type\":\"SearchAction\",\"target\":{\"@type\":\"EntryPoint\",\"urlTemplate\":\"https:\\\/\\\/tajkertesz.com\\\/?s={search_term_string}\"},\"query-input\":{\"@type\":\"PropertyValueSpecification\",\"valueRequired\":true,\"valueName\":\"search_term_string\"}}],\"inLanguage\":\"en-US\"},{\"@type\":\"Organization\",\"@id\":\"https:\\\/\\\/tajkertesz.com\\\/#organization\",\"name\":\"T\u00e1j-Kert\u00e9sz 84 Kft.\",\"url\":\"https:\\\/\\\/tajkertesz.com\\\/\",\"logo\":{\"@type\":\"ImageObject\",\"inLanguage\":\"en-US\",\"@id\":\"https:\\\/\\\/tajkertesz.com\\\/#\\\/schema\\\/logo\\\/image\\\/\",\"url\":\"https:\\\/\\\/tajkertesz.com\\\/wp-content\\\/uploads\\\/2018\\\/02\\\/logo-2-e1518678052539.png\",\"contentUrl\":\"https:\\\/\\\/tajkertesz.com\\\/wp-content\\\/uploads\\\/2018\\\/02\\\/logo-2-e1518678052539.png\",\"width\":81,\"height\":140,\"caption\":\"T\u00e1j-Kert\u00e9sz 84 Kft.\"},\"image\":{\"@id\":\"https:\\\/\\\/tajkertesz.com\\\/#\\\/schema\\\/logo\\\/image\\\/\"},\"sameAs\":[\"https:\\\/\\\/www.facebook.com\\\/Tajkertesz\\\/\"]}]}<\/script>\n<!-- \/ Yoast SEO plugin. -->","yoast_head_json":{"title":"Nerine bowdenii \/ Csillog\u00f3 pirosliliom - T\u00e1jkert\u00e9sz","description":"A Nerine bowdenii \/ Csillog\u00f3 pirosliliom\u00a0\u00a0ez a hagym\u00e1s n\u00f6v\u00e9ny a XX. sz\u00e1zad elej\u00e9n ker\u00fclt \u00e1t D\u00e9l-Afrik\u00e1b\u00f3l Eur\u00f3p\u00e1ba.","robots":{"index":"index","follow":"follow","max-snippet":"max-snippet:-1","max-image-preview":"max-image-preview:large","max-video-preview":"max-video-preview:-1"},"canonical":"https:\/\/tajkertesz.com\/en_US\/product\/nerine-bowdenii-csillogo-pirosliliom\/","og_locale":"en_US","og_type":"article","og_title":"Nerine bowdenii \/ Csillog\u00f3 pirosliliom - T\u00e1jkert\u00e9sz","og_description":"A Nerine bowdenii \/ Csillog\u00f3 pirosliliom\u00a0\u00a0ez a hagym\u00e1s n\u00f6v\u00e9ny a XX. sz\u00e1zad elej\u00e9n ker\u00fclt \u00e1t D\u00e9l-Afrik\u00e1b\u00f3l Eur\u00f3p\u00e1ba.","og_url":"https:\/\/tajkertesz.com\/en_US\/product\/nerine-bowdenii-csillogo-pirosliliom\/","og_site_name":"T\u00e1jkert\u00e9sz","article_publisher":"https:\/\/www.facebook.com\/Tajkertesz\/","article_modified_time":"2026-02-20T13:42:53+00:00","og_image":[{"width":380,"height":600,"url":"https:\/\/tajkertesz.com\/wp-content\/uploads\/2022\/01\/Nerine-bowdenii.jpg","type":"image\/jpeg"}],"twitter_card":"summary_large_image","twitter_misc":{"Est. reading time":"2 minutes"},"schema":{"@context":"https:\/\/schema.org","@graph":[{"@type":"WebPage","@id":"https:\/\/tajkertesz.com\/termek\/nerine-bowdenii-csillogo-pirosliliom\/","url":"https:\/\/tajkertesz.com\/termek\/nerine-bowdenii-csillogo-pirosliliom\/","name":"Nerine bowdenii \/ Csillog\u00f3 pirosliliom - T\u00e1jkert\u00e9sz","isPartOf":{"@id":"https:\/\/tajkertesz.com\/#website"},"primaryImageOfPage":{"@id":"https:\/\/tajkertesz.com\/termek\/nerine-bowdenii-csillogo-pirosliliom\/#primaryimage"},"image":{"@id":"https:\/\/tajkertesz.com\/termek\/nerine-bowdenii-csillogo-pirosliliom\/#primaryimage"},"thumbnailUrl":"https:\/\/tajkertesz.com\/wp-content\/uploads\/2022\/01\/Nerine-bowdenii.jpg","datePublished":"2022-01-26T10:27:41+00:00","dateModified":"2026-02-20T13:42:53+00:00","description":"A Nerine bowdenii \/ Csillog\u00f3 pirosliliom\u00a0\u00a0ez a hagym\u00e1s n\u00f6v\u00e9ny a XX. sz\u00e1zad elej\u00e9n ker\u00fclt \u00e1t D\u00e9l-Afrik\u00e1b\u00f3l Eur\u00f3p\u00e1ba.","breadcrumb":{"@id":"https:\/\/tajkertesz.com\/termek\/nerine-bowdenii-csillogo-pirosliliom\/#breadcrumb"},"inLanguage":"en-US","potentialAction":[{"@type":"ReadAction","target":["https:\/\/tajkertesz.com\/termek\/nerine-bowdenii-csillogo-pirosliliom\/"]}]},{"@type":"ImageObject","inLanguage":"en-US","@id":"https:\/\/tajkertesz.com\/termek\/nerine-bowdenii-csillogo-pirosliliom\/#primaryimage","url":"https:\/\/tajkertesz.com\/wp-content\/uploads\/2022\/01\/Nerine-bowdenii.jpg","contentUrl":"https:\/\/tajkertesz.com\/wp-content\/uploads\/2022\/01\/Nerine-bowdenii.jpg","width":380,"height":600},{"@type":"BreadcrumbList","@id":"https:\/\/tajkertesz.com\/termek\/nerine-bowdenii-csillogo-pirosliliom\/#breadcrumb","itemListElement":[{"@type":"ListItem","position":1,"name":"Home","item":"https:\/\/tajkertesz.com\/"},{"@type":"ListItem","position":2,"name":"Kezd\u0151lap","item":"https:\/\/tajkertesz.com\/"},{"@type":"ListItem","position":3,"name":"Nerine bowdenii \/ Csillog\u00f3 pirosliliom"}]},{"@type":"WebSite","@id":"https:\/\/tajkertesz.com\/#website","url":"https:\/\/tajkertesz.com\/","name":"T\u00e1j-Kert\u00e9sz 84 Kft.","description":"Kert\u00e9szeti kis- \u00e9s nagykeresked\u00e9s, D\u00edszn\u00f6v\u00e9ny web\u00e1ruh\u00e1z orsz\u00e1gos h\u00e1zhozsz\u00e1ll\u00edt\u00e1ssal!","publisher":{"@id":"https:\/\/tajkertesz.com\/#organization"},"potentialAction":[{"@type":"SearchAction","target":{"@type":"EntryPoint","urlTemplate":"https:\/\/tajkertesz.com\/?s={search_term_string}"},"query-input":{"@type":"PropertyValueSpecification","valueRequired":true,"valueName":"search_term_string"}}],"inLanguage":"en-US"},{"@type":"Organization","@id":"https:\/\/tajkertesz.com\/#organization","name":"T\u00e1j-Kert\u00e9sz 84 Kft.","url":"https:\/\/tajkertesz.com\/","logo":{"@type":"ImageObject","inLanguage":"en-US","@id":"https:\/\/tajkertesz.com\/#\/schema\/logo\/image\/","url":"https:\/\/tajkertesz.com\/wp-content\/uploads\/2018\/02\/logo-2-e1518678052539.png","contentUrl":"https:\/\/tajkertesz.com\/wp-content\/uploads\/2018\/02\/logo-2-e1518678052539.png","width":81,"height":140,"caption":"T\u00e1j-Kert\u00e9sz 84 Kft."},"image":{"@id":"https:\/\/tajkertesz.com\/#\/schema\/logo\/image\/"},"sameAs":["https:\/\/www.facebook.com\/Tajkertesz\/"]}]}},"_links":{"self":[{"href":"https:\/\/tajkertesz.com\/en_US\/wp-json\/wp\/v2\/product\/12237","targetHints":{"allow":["GET"]}}],"collection":[{"href":"https:\/\/tajkertesz.com\/en_US\/wp-json\/wp\/v2\/product"}],"about":[{"href":"https:\/\/tajkertesz.com\/en_US\/wp-json\/wp\/v2\/types\/product"}],"wp:featuredmedia":[{"embeddable":true,"href":"https:\/\/tajkertesz.com\/en_US\/wp-json\/wp\/v2\/media\/12238"}],"wp:attachment":[{"href":"https:\/\/tajkertesz.com\/en_US\/wp-json\/wp\/v2\/media?parent=12237"}],"wp:term":[{"taxonomy":"product_brand","embeddable":true,"href":"https:\/\/tajkertesz.com\/en_US\/wp-json\/wp\/v2\/product_brand?post=12237"},{"taxonomy":"product_cat","embeddable":true,"href":"https:\/\/tajkertesz.com\/en_US\/wp-json\/wp\/v2\/product_cat?post=12237"},{"taxonomy":"product_tag","embeddable":true,"href":"https:\/\/tajkertesz.com\/en_US\/wp-json\/wp\/v2\/product_tag?post=12237"}],"curies":[{"name":"wp","href":"https:\/\/api.w.org\/{rel}","templated":true}]}}