{"id":12246,"date":"2022-01-26T11:23:03","date_gmt":"2022-01-26T11:23:03","guid":{"rendered":"https:\/\/tajkertesz.com\/?post_type=product&#038;p=12246"},"modified":"2024-02-05T15:30:38","modified_gmt":"2024-02-05T15:30:38","slug":"tigridia-pavonia-pavaliliom-vagy-pavaszemes-tigrisvirag","status":"publish","type":"product","link":"https:\/\/tajkertesz.com\/en_US\/product\/tigridia-pavonia-pavaliliom-vagy-pavaszemes-tigrisvirag\/","title":{"rendered":"Tigridia pavonia , p\u00e1valiliom vagy p\u00e1vaszemes tigrisvir\u00e1g"},"content":{"rendered":"<p>Tigridia pavonia , p\u00e1valiliom vagy p\u00e1vaszemes tigrisvir\u00e1g<\/p>\n<p>Tigridia pavonia , p\u00e1valiliom vagy p\u00e1vaszemes tigrisvir\u00e1g<\/p>\n<p>Mexik\u00f3 \u00e9s Peru ter\u00fclet\u00e9r\u0151l m\u00e1r a XVIII. sz\u00e1zadban \u00e1tker\u00fclt Eur\u00f3p\u00e1ba. Hagym\u00e1s.<\/p>\n<p>Kard alak\u00fa, red\u0151z\u00f6tt levelei legyez\u0151szer\u0171en \u00e1llnak. Egym\u00e1s ut\u00e1n ny\u00edl\u00f3, k\u00fcl\u00f6nleges, kiter\u00fclt szirm\u00fa vir\u00e1gai csak egy napig \u00e9lnek, de olyan nagy sz\u00e1mban ny\u00edlnak, hogy a vir\u00e1gz\u00e1s hossz\u00fa ideig folyamatos. Sz\u00e1mtalan k\u00fcl\u00f6nf\u00e9le sz\u00edn\u0171 fajt\u00e1j\u00e1t \u00e1ltal\u00e1ban sz\u00ednkever\u00e9kk\u00e9nt k\u00edn\u00e1lj\u00e1k.<\/p>\n<p>J\u00f3 v\u00edzelvezet\u00e9s\u0171, t\u00e1panyagban gazdag, meleg talajt ig\u00e9nyel. Napos, v\u00e9dett \u00e9vel\u0151\u00e1gyba, nagyobb csoportba \u00fcltess\u00fck, \u00e9s talaj\u00e1t ne hagyjuk kisz\u00e1radni.<\/p>\n<p>Nem t\u00e9l\u00e1ll\u00f3.<\/p>\n<ul>\n<li>M\u00e9ret: 40-60 cm<\/li>\n<li>Vir\u00e1gz\u00e1s: j\u00falius-szeptember<\/li>\n<li>\u00dcltet\u00e9s: \u00e1prilis\/m\u00e1jus<\/li>\n<li>F\u00e9nyig\u00e9ny:<span class=\"fekete2\">\u00a0nap<\/span><\/li>\n<li>T\u00e9l\u00e1ll\u00f3s\u00e1g: nem<\/li>\n<li>Felhaszn\u00e1l\u00e1s:<span class=\"fekete2\">\u00a0\u00e9vel\u0151\u00e1gy<\/span><\/li>\n<\/ul>\n<p>&nbsp;<\/p>\n<p>&nbsp;<\/p>\n<p><strong>Amennyiben nagyobb mennyis\u00e9gre lenne sz\u00fcks\u00e9g, vegye fel vel\u00fcnk a kapcsolatot \u00e9s beszerezz\u00fck!<\/strong><\/p>\n<p><strong>K\u00e9szlet\u00fcnk napi szinten v\u00e1ltozik, ez\u00e9rt a v\u00e1ltoz\u00e1s jog\u00e1t fenntartjuk!<\/strong><\/p>\n<p>&nbsp;<\/p>\n<p><a href=\"https:\/\/tajkertesz.com\/\">https:\/\/tajkertesz.com\/<\/a><\/p>\n<p><a href=\"https:\/\/www.facebook.com\/tajkertesz\/\">https:\/\/www.facebook.com\/tajkertesz\/<\/a><\/p>\n<p><span style=\"color: #ffffff;\">Mexik\u00f3 \u00e9s Peru ter\u00fclet\u00e9r\u0151l m\u00e1r a XVIII. sz\u00e1zadban \u00e1tker\u00fclt Eur\u00f3p\u00e1ba. Hagym\u00e1s.<\/span><\/p>\n<p><span style=\"color: #ffffff;\">Kard alak\u00fa, red\u0151z\u00f6tt levelei legyez\u0151szer\u0171en \u00e1llnak. Egym\u00e1s ut\u00e1n ny\u00edl\u00f3, k\u00fcl\u00f6nleges, kiter\u00fclt szirm\u00fa vir\u00e1gai csak egy napig \u00e9lnek, de olyan nagy sz\u00e1mban ny\u00edlnak, hogy a vir\u00e1gz\u00e1s hossz\u00fa ideig folyamatos. Sz\u00e1mtalan k\u00fcl\u00f6nf\u00e9le sz\u00edn\u0171 fajt\u00e1j\u00e1t \u00e1ltal\u00e1ban sz\u00ednkever\u00e9kk\u00e9nt k\u00edn\u00e1lj\u00e1k.<\/span><\/p>\n<p><span style=\"color: #ffffff;\">J\u00f3 v\u00edzelvezet\u00e9s\u0171, t\u00e1panyagban gazdag, meleg talajt ig\u00e9nyel. Napos, v\u00e9dett \u00e9vel\u0151\u00e1gyba, nagyobb csoportba \u00fcltess\u00fck, \u00e9s talaj\u00e1t ne hagyjuk kisz\u00e1radni.<\/span><\/p>\n<p><span style=\"color: #ffffff;\">Nem t\u00e9l\u00e1ll\u00f3.<\/span><\/p>\n<p><span style=\"color: #ffffff;\">M\u00e9ret: 40-60 cm<\/span><\/p>\n<p><span style=\"color: #ffffff;\">Vir\u00e1gz\u00e1s: j\u00falius-szeptember<\/span><\/p>\n<p><span style=\"color: #ffffff;\">\u00dcltet\u00e9s: \u00e1prilis\/m\u00e1jus<\/span><\/p>\n<p><span style=\"color: #ffffff;\">F\u00e9nyig\u00e9ny:<span class=\"fekete2\">\u00a0nap<\/span><\/span><\/p>\n<p><span style=\"color: #ffffff;\">T\u00e9l\u00e1ll\u00f3s\u00e1g: nem<\/span><\/p>\n<p><span style=\"color: #ffffff;\">Felhaszn\u00e1l\u00e1s:<span class=\"fekete2\">\u00a0\u00e9vel\u0151\u00e1gy<\/span><\/span><\/p>\n<p><span style=\"color: #ffffff;\">Mexik\u00f3 \u00e9s Peru ter\u00fclet\u00e9r\u0151l m\u00e1r a XVIII. sz\u00e1zadban \u00e1tker\u00fclt Eur\u00f3p\u00e1ba. Hagym\u00e1s.<\/span><\/p>\n<p><span style=\"color: #ffffff;\">Kard alak\u00fa, red\u0151z\u00f6tt levelei legyez\u0151szer\u0171en \u00e1llnak. Egym\u00e1s ut\u00e1n ny\u00edl\u00f3, k\u00fcl\u00f6nleges, kiter\u00fclt szirm\u00fa vir\u00e1gai csak egy napig \u00e9lnek, de olyan nagy sz\u00e1mban ny\u00edlnak, hogy a vir\u00e1gz\u00e1s hossz\u00fa ideig folyamatos. Sz\u00e1mtalan k\u00fcl\u00f6nf\u00e9le sz\u00edn\u0171 fajt\u00e1j\u00e1t \u00e1ltal\u00e1ban sz\u00ednkever\u00e9kk\u00e9nt k\u00edn\u00e1lj\u00e1k.<\/span><\/p>\n<p><span style=\"color: #ffffff;\">J\u00f3 v\u00edzelvezet\u00e9s\u0171, t\u00e1panyagban gazdag, meleg talajt ig\u00e9nyel. Napos, v\u00e9dett \u00e9vel\u0151\u00e1gyba, nagyobb csoportba \u00fcltess\u00fck, \u00e9s talaj\u00e1t ne hagyjuk kisz\u00e1radni.<\/span><\/p>\n<p><span style=\"color: #ffffff;\">Nem t\u00e9l\u00e1ll\u00f3.<\/span><\/p>\n<p><span style=\"color: #ffffff;\">M\u00e9ret: 40-60 cm<\/span><\/p>\n<p><span style=\"color: #ffffff;\">Vir\u00e1gz\u00e1s: j\u00falius-szeptember<\/span><\/p>\n<p><span style=\"color: #ffffff;\">\u00dcltet\u00e9s: \u00e1prilis\/m\u00e1jus<\/span><\/p>\n<p><span style=\"color: #ffffff;\">F\u00e9nyig\u00e9ny:<span class=\"fekete2\">\u00a0nap<\/span><\/span><\/p>\n<p><span style=\"color: #ffffff;\">T\u00e9l\u00e1ll\u00f3s\u00e1g: nem<\/span><\/p>\n<ul>\n<li style=\"list-style-type: none;\">\n<ul>\n<li><span style=\"color: #ffffff;\">Felhaszn\u00e1l\u00e1s:<span class=\"fekete2\">\u00a0\u00e9vel\u0151\u00e1gy<\/span><\/span><\/li>\n<\/ul>\n<\/li>\n<\/ul>","protected":false},"excerpt":{"rendered":"<p>Tigridia pavonia , p\u00e1valiliom vagy p\u00e1vaszemes tigrisvir\u00e1g<\/p>\n<p>Mexik\u00f3 \u00e9s Peru ter\u00fclet\u00e9r\u0151l m\u00e1r a XVIII. sz\u00e1zadban \u00e1tker\u00fclt Eur\u00f3p\u00e1ba. Hagym\u00e1s.<\/p>\n<p>Kard alak\u00fa, red\u0151z\u00f6tt levelei legyez\u0151szer\u0171en \u00e1llnak. Egym\u00e1s ut\u00e1n ny\u00edl\u00f3, k\u00fcl\u00f6nleges, kiter\u00fclt szirm\u00fa vir\u00e1gai csak egy napig \u00e9lnek, de olyan nagy sz\u00e1mban ny\u00edlnak, hogy a vir\u00e1gz\u00e1s hossz\u00fa ideig folyamatos. Sz\u00e1mtalan k\u00fcl\u00f6nf\u00e9le sz\u00edn\u0171 fajt\u00e1j\u00e1t \u00e1ltal\u00e1ban sz\u00ednkever\u00e9kk\u00e9nt k\u00edn\u00e1lj\u00e1k.<\/p>\n<p>J\u00f3 v\u00edzelvezet\u00e9s\u0171, t\u00e1panyagban gazdag, meleg talajt ig\u00e9nyel. Napos, v\u00e9dett \u00e9vel\u0151\u00e1gyba, nagyobb csoportba \u00fcltess\u00fck, \u00e9s talaj\u00e1t ne hagyjuk kisz\u00e1radni.<\/p>\n<p>Nem t\u00e9l\u00e1ll\u00f3.<\/p>\n<ul>\n<li>M\u00e9ret: 40-60 cm<\/li>\n<li>Vir\u00e1gz\u00e1s: j\u00falius-szeptember<\/li>\n<li>\u00dcltet\u00e9s: \u00e1prilis\/m\u00e1jus<\/li>\n<li>F\u00e9nyig\u00e9ny:<span class=\"fekete2\">\u00a0nap<\/span><\/li>\n<li>T\u00e9l\u00e1ll\u00f3s\u00e1g: nem<\/li>\n<li>Felhaszn\u00e1l\u00e1s:<span class=\"fekete2\">\u00a0\u00e9vel\u0151\u00e1gy<\/span><\/li>\n<\/ul>","protected":false},"featured_media":12247,"template":"","meta":{"_et_pb_use_builder":"","_et_pb_old_content":"","_et_gb_content_width":""},"product_brand":[],"product_cat":[3857],"product_tag":[3624,3625,3623],"class_list":{"0":"post-12246","1":"product","2":"type-product","3":"status-publish","4":"has-post-thumbnail","6":"product_cat-viraghagyma-dughagyma","7":"product_tag-pavaliliom","8":"product_tag-pavaszemes-tigrisvirag","9":"product_tag-tigridia-pavonia","11":"first","12":"outofstock","13":"shipping-taxable","14":"product-type-simple"},"yoast_head":"<!-- This site is optimized with the Yoast SEO plugin v27.5 - https:\/\/yoast.com\/product\/yoast-seo-wordpress\/ -->\n<title>Tigridia pavonia , p\u00e1valiliom vagy p\u00e1vaszemes tigrisvir\u00e1g - T\u00e1jkert\u00e9sz<\/title>\n<meta name=\"description\" content=\"A Tigridia pavonia , p\u00e1valiliom vagy p\u00e1vaszemes tigrisvir\u00e1g Mexik\u00f3 \u00e9s Peru ter\u00fclet\u00e9r\u0151l sz\u00e1rmazik. Hagym\u00e1s.\" \/>\n<meta name=\"robots\" content=\"index, follow, max-snippet:-1, max-image-preview:large, max-video-preview:-1\" \/>\n<link rel=\"canonical\" href=\"https:\/\/tajkertesz.com\/en_US\/product\/tigridia-pavonia-pavaliliom-vagy-pavaszemes-tigrisvirag\/\" \/>\n<meta property=\"og:locale\" content=\"en_US\" \/>\n<meta property=\"og:type\" content=\"article\" \/>\n<meta property=\"og:title\" content=\"Tigridia pavonia , p\u00e1valiliom vagy p\u00e1vaszemes tigrisvir\u00e1g - T\u00e1jkert\u00e9sz\" \/>\n<meta property=\"og:description\" content=\"A Tigridia pavonia , p\u00e1valiliom vagy p\u00e1vaszemes tigrisvir\u00e1g Mexik\u00f3 \u00e9s Peru ter\u00fclet\u00e9r\u0151l sz\u00e1rmazik. Hagym\u00e1s.\" \/>\n<meta property=\"og:url\" content=\"https:\/\/tajkertesz.com\/en_US\/product\/tigridia-pavonia-pavaliliom-vagy-pavaszemes-tigrisvirag\/\" \/>\n<meta property=\"og:site_name\" content=\"T\u00e1jkert\u00e9sz\" \/>\n<meta property=\"article:publisher\" content=\"https:\/\/www.facebook.com\/Tajkertesz\/\" \/>\n<meta property=\"article:modified_time\" content=\"2024-02-05T15:30:38+00:00\" \/>\n<meta property=\"og:image\" content=\"https:\/\/tajkertesz.com\/wp-content\/uploads\/2022\/01\/pavaliliom.jpg\" \/>\n\t<meta property=\"og:image:width\" content=\"380\" \/>\n\t<meta property=\"og:image:height\" content=\"600\" \/>\n\t<meta property=\"og:image:type\" content=\"image\/jpeg\" \/>\n<meta name=\"twitter:card\" content=\"summary_large_image\" \/>\n<meta name=\"twitter:label1\" content=\"Est. reading time\" \/>\n\t<meta name=\"twitter:data1\" content=\"2 minutes\" \/>\n<script type=\"application\/ld+json\" class=\"yoast-schema-graph\">{\"@context\":\"https:\\\/\\\/schema.org\",\"@graph\":[{\"@type\":\"WebPage\",\"@id\":\"https:\\\/\\\/tajkertesz.com\\\/termek\\\/tigridia-pavonia-pavaliliom-vagy-pavaszemes-tigrisvirag\\\/\",\"url\":\"https:\\\/\\\/tajkertesz.com\\\/termek\\\/tigridia-pavonia-pavaliliom-vagy-pavaszemes-tigrisvirag\\\/\",\"name\":\"Tigridia pavonia , p\u00e1valiliom vagy p\u00e1vaszemes tigrisvir\u00e1g - T\u00e1jkert\u00e9sz\",\"isPartOf\":{\"@id\":\"https:\\\/\\\/tajkertesz.com\\\/#website\"},\"primaryImageOfPage\":{\"@id\":\"https:\\\/\\\/tajkertesz.com\\\/termek\\\/tigridia-pavonia-pavaliliom-vagy-pavaszemes-tigrisvirag\\\/#primaryimage\"},\"image\":{\"@id\":\"https:\\\/\\\/tajkertesz.com\\\/termek\\\/tigridia-pavonia-pavaliliom-vagy-pavaszemes-tigrisvirag\\\/#primaryimage\"},\"thumbnailUrl\":\"https:\\\/\\\/tajkertesz.com\\\/wp-content\\\/uploads\\\/2022\\\/01\\\/pavaliliom.jpg\",\"datePublished\":\"2022-01-26T11:23:03+00:00\",\"dateModified\":\"2024-02-05T15:30:38+00:00\",\"description\":\"A Tigridia pavonia , p\u00e1valiliom vagy p\u00e1vaszemes tigrisvir\u00e1g Mexik\u00f3 \u00e9s Peru ter\u00fclet\u00e9r\u0151l sz\u00e1rmazik. Hagym\u00e1s.\",\"breadcrumb\":{\"@id\":\"https:\\\/\\\/tajkertesz.com\\\/termek\\\/tigridia-pavonia-pavaliliom-vagy-pavaszemes-tigrisvirag\\\/#breadcrumb\"},\"inLanguage\":\"en-US\",\"potentialAction\":[{\"@type\":\"ReadAction\",\"target\":[\"https:\\\/\\\/tajkertesz.com\\\/termek\\\/tigridia-pavonia-pavaliliom-vagy-pavaszemes-tigrisvirag\\\/\"]}]},{\"@type\":\"ImageObject\",\"inLanguage\":\"en-US\",\"@id\":\"https:\\\/\\\/tajkertesz.com\\\/termek\\\/tigridia-pavonia-pavaliliom-vagy-pavaszemes-tigrisvirag\\\/#primaryimage\",\"url\":\"https:\\\/\\\/tajkertesz.com\\\/wp-content\\\/uploads\\\/2022\\\/01\\\/pavaliliom.jpg\",\"contentUrl\":\"https:\\\/\\\/tajkertesz.com\\\/wp-content\\\/uploads\\\/2022\\\/01\\\/pavaliliom.jpg\",\"width\":380,\"height\":600},{\"@type\":\"BreadcrumbList\",\"@id\":\"https:\\\/\\\/tajkertesz.com\\\/termek\\\/tigridia-pavonia-pavaliliom-vagy-pavaszemes-tigrisvirag\\\/#breadcrumb\",\"itemListElement\":[{\"@type\":\"ListItem\",\"position\":1,\"name\":\"Home\",\"item\":\"https:\\\/\\\/tajkertesz.com\\\/\"},{\"@type\":\"ListItem\",\"position\":2,\"name\":\"Kezd\u0151lap\",\"item\":\"https:\\\/\\\/tajkertesz.com\\\/\"},{\"@type\":\"ListItem\",\"position\":3,\"name\":\"Tigridia pavonia , p\u00e1valiliom vagy p\u00e1vaszemes tigrisvir\u00e1g\"}]},{\"@type\":\"WebSite\",\"@id\":\"https:\\\/\\\/tajkertesz.com\\\/#website\",\"url\":\"https:\\\/\\\/tajkertesz.com\\\/\",\"name\":\"T\u00e1j-Kert\u00e9sz 84 Kft.\",\"description\":\"Kert\u00e9szeti kis- \u00e9s nagykeresked\u00e9s, D\u00edszn\u00f6v\u00e9ny web\u00e1ruh\u00e1z orsz\u00e1gos h\u00e1zhozsz\u00e1ll\u00edt\u00e1ssal!\",\"publisher\":{\"@id\":\"https:\\\/\\\/tajkertesz.com\\\/#organization\"},\"potentialAction\":[{\"@type\":\"SearchAction\",\"target\":{\"@type\":\"EntryPoint\",\"urlTemplate\":\"https:\\\/\\\/tajkertesz.com\\\/?s={search_term_string}\"},\"query-input\":{\"@type\":\"PropertyValueSpecification\",\"valueRequired\":true,\"valueName\":\"search_term_string\"}}],\"inLanguage\":\"en-US\"},{\"@type\":\"Organization\",\"@id\":\"https:\\\/\\\/tajkertesz.com\\\/#organization\",\"name\":\"T\u00e1j-Kert\u00e9sz 84 Kft.\",\"url\":\"https:\\\/\\\/tajkertesz.com\\\/\",\"logo\":{\"@type\":\"ImageObject\",\"inLanguage\":\"en-US\",\"@id\":\"https:\\\/\\\/tajkertesz.com\\\/#\\\/schema\\\/logo\\\/image\\\/\",\"url\":\"https:\\\/\\\/tajkertesz.com\\\/wp-content\\\/uploads\\\/2018\\\/02\\\/logo-2-e1518678052539.png\",\"contentUrl\":\"https:\\\/\\\/tajkertesz.com\\\/wp-content\\\/uploads\\\/2018\\\/02\\\/logo-2-e1518678052539.png\",\"width\":81,\"height\":140,\"caption\":\"T\u00e1j-Kert\u00e9sz 84 Kft.\"},\"image\":{\"@id\":\"https:\\\/\\\/tajkertesz.com\\\/#\\\/schema\\\/logo\\\/image\\\/\"},\"sameAs\":[\"https:\\\/\\\/www.facebook.com\\\/Tajkertesz\\\/\"]}]}<\/script>\n<!-- \/ Yoast SEO plugin. -->","yoast_head_json":{"title":"Tigridia pavonia , p\u00e1valiliom vagy p\u00e1vaszemes tigrisvir\u00e1g - T\u00e1jkert\u00e9sz","description":"A Tigridia pavonia , p\u00e1valiliom vagy p\u00e1vaszemes tigrisvir\u00e1g Mexik\u00f3 \u00e9s Peru ter\u00fclet\u00e9r\u0151l sz\u00e1rmazik. Hagym\u00e1s.","robots":{"index":"index","follow":"follow","max-snippet":"max-snippet:-1","max-image-preview":"max-image-preview:large","max-video-preview":"max-video-preview:-1"},"canonical":"https:\/\/tajkertesz.com\/en_US\/product\/tigridia-pavonia-pavaliliom-vagy-pavaszemes-tigrisvirag\/","og_locale":"en_US","og_type":"article","og_title":"Tigridia pavonia , p\u00e1valiliom vagy p\u00e1vaszemes tigrisvir\u00e1g - T\u00e1jkert\u00e9sz","og_description":"A Tigridia pavonia , p\u00e1valiliom vagy p\u00e1vaszemes tigrisvir\u00e1g Mexik\u00f3 \u00e9s Peru ter\u00fclet\u00e9r\u0151l sz\u00e1rmazik. Hagym\u00e1s.","og_url":"https:\/\/tajkertesz.com\/en_US\/product\/tigridia-pavonia-pavaliliom-vagy-pavaszemes-tigrisvirag\/","og_site_name":"T\u00e1jkert\u00e9sz","article_publisher":"https:\/\/www.facebook.com\/Tajkertesz\/","article_modified_time":"2024-02-05T15:30:38+00:00","og_image":[{"width":380,"height":600,"url":"https:\/\/tajkertesz.com\/wp-content\/uploads\/2022\/01\/pavaliliom.jpg","type":"image\/jpeg"}],"twitter_card":"summary_large_image","twitter_misc":{"Est. reading time":"2 minutes"},"schema":{"@context":"https:\/\/schema.org","@graph":[{"@type":"WebPage","@id":"https:\/\/tajkertesz.com\/termek\/tigridia-pavonia-pavaliliom-vagy-pavaszemes-tigrisvirag\/","url":"https:\/\/tajkertesz.com\/termek\/tigridia-pavonia-pavaliliom-vagy-pavaszemes-tigrisvirag\/","name":"Tigridia pavonia , p\u00e1valiliom vagy p\u00e1vaszemes tigrisvir\u00e1g - T\u00e1jkert\u00e9sz","isPartOf":{"@id":"https:\/\/tajkertesz.com\/#website"},"primaryImageOfPage":{"@id":"https:\/\/tajkertesz.com\/termek\/tigridia-pavonia-pavaliliom-vagy-pavaszemes-tigrisvirag\/#primaryimage"},"image":{"@id":"https:\/\/tajkertesz.com\/termek\/tigridia-pavonia-pavaliliom-vagy-pavaszemes-tigrisvirag\/#primaryimage"},"thumbnailUrl":"https:\/\/tajkertesz.com\/wp-content\/uploads\/2022\/01\/pavaliliom.jpg","datePublished":"2022-01-26T11:23:03+00:00","dateModified":"2024-02-05T15:30:38+00:00","description":"A Tigridia pavonia , p\u00e1valiliom vagy p\u00e1vaszemes tigrisvir\u00e1g Mexik\u00f3 \u00e9s Peru ter\u00fclet\u00e9r\u0151l sz\u00e1rmazik. Hagym\u00e1s.","breadcrumb":{"@id":"https:\/\/tajkertesz.com\/termek\/tigridia-pavonia-pavaliliom-vagy-pavaszemes-tigrisvirag\/#breadcrumb"},"inLanguage":"en-US","potentialAction":[{"@type":"ReadAction","target":["https:\/\/tajkertesz.com\/termek\/tigridia-pavonia-pavaliliom-vagy-pavaszemes-tigrisvirag\/"]}]},{"@type":"ImageObject","inLanguage":"en-US","@id":"https:\/\/tajkertesz.com\/termek\/tigridia-pavonia-pavaliliom-vagy-pavaszemes-tigrisvirag\/#primaryimage","url":"https:\/\/tajkertesz.com\/wp-content\/uploads\/2022\/01\/pavaliliom.jpg","contentUrl":"https:\/\/tajkertesz.com\/wp-content\/uploads\/2022\/01\/pavaliliom.jpg","width":380,"height":600},{"@type":"BreadcrumbList","@id":"https:\/\/tajkertesz.com\/termek\/tigridia-pavonia-pavaliliom-vagy-pavaszemes-tigrisvirag\/#breadcrumb","itemListElement":[{"@type":"ListItem","position":1,"name":"Home","item":"https:\/\/tajkertesz.com\/"},{"@type":"ListItem","position":2,"name":"Kezd\u0151lap","item":"https:\/\/tajkertesz.com\/"},{"@type":"ListItem","position":3,"name":"Tigridia pavonia , p\u00e1valiliom vagy p\u00e1vaszemes tigrisvir\u00e1g"}]},{"@type":"WebSite","@id":"https:\/\/tajkertesz.com\/#website","url":"https:\/\/tajkertesz.com\/","name":"T\u00e1j-Kert\u00e9sz 84 Kft.","description":"Kert\u00e9szeti kis- \u00e9s nagykeresked\u00e9s, D\u00edszn\u00f6v\u00e9ny web\u00e1ruh\u00e1z orsz\u00e1gos h\u00e1zhozsz\u00e1ll\u00edt\u00e1ssal!","publisher":{"@id":"https:\/\/tajkertesz.com\/#organization"},"potentialAction":[{"@type":"SearchAction","target":{"@type":"EntryPoint","urlTemplate":"https:\/\/tajkertesz.com\/?s={search_term_string}"},"query-input":{"@type":"PropertyValueSpecification","valueRequired":true,"valueName":"search_term_string"}}],"inLanguage":"en-US"},{"@type":"Organization","@id":"https:\/\/tajkertesz.com\/#organization","name":"T\u00e1j-Kert\u00e9sz 84 Kft.","url":"https:\/\/tajkertesz.com\/","logo":{"@type":"ImageObject","inLanguage":"en-US","@id":"https:\/\/tajkertesz.com\/#\/schema\/logo\/image\/","url":"https:\/\/tajkertesz.com\/wp-content\/uploads\/2018\/02\/logo-2-e1518678052539.png","contentUrl":"https:\/\/tajkertesz.com\/wp-content\/uploads\/2018\/02\/logo-2-e1518678052539.png","width":81,"height":140,"caption":"T\u00e1j-Kert\u00e9sz 84 Kft."},"image":{"@id":"https:\/\/tajkertesz.com\/#\/schema\/logo\/image\/"},"sameAs":["https:\/\/www.facebook.com\/Tajkertesz\/"]}]}},"_links":{"self":[{"href":"https:\/\/tajkertesz.com\/en_US\/wp-json\/wp\/v2\/product\/12246","targetHints":{"allow":["GET"]}}],"collection":[{"href":"https:\/\/tajkertesz.com\/en_US\/wp-json\/wp\/v2\/product"}],"about":[{"href":"https:\/\/tajkertesz.com\/en_US\/wp-json\/wp\/v2\/types\/product"}],"wp:featuredmedia":[{"embeddable":true,"href":"https:\/\/tajkertesz.com\/en_US\/wp-json\/wp\/v2\/media\/12247"}],"wp:attachment":[{"href":"https:\/\/tajkertesz.com\/en_US\/wp-json\/wp\/v2\/media?parent=12246"}],"wp:term":[{"taxonomy":"product_brand","embeddable":true,"href":"https:\/\/tajkertesz.com\/en_US\/wp-json\/wp\/v2\/product_brand?post=12246"},{"taxonomy":"product_cat","embeddable":true,"href":"https:\/\/tajkertesz.com\/en_US\/wp-json\/wp\/v2\/product_cat?post=12246"},{"taxonomy":"product_tag","embeddable":true,"href":"https:\/\/tajkertesz.com\/en_US\/wp-json\/wp\/v2\/product_tag?post=12246"}],"curies":[{"name":"wp","href":"https:\/\/api.w.org\/{rel}","templated":true}]}}