{"id":12266,"date":"2022-01-28T09:24:34","date_gmt":"2022-01-28T09:24:34","guid":{"rendered":"https:\/\/tajkertesz.com\/?post_type=product&#038;p=12266"},"modified":"2026-02-16T14:57:58","modified_gmt":"2026-02-16T14:57:58","slug":"mini-melegagy-55167-cm-20-db-kokusz-betettel","status":"publish","type":"product","link":"https:\/\/tajkertesz.com\/en_US\/product\/mini-melegagy-55167-cm-20-db-kokusz-betettel\/","title":{"rendered":"Mini meleg\u00e1gy  24-200-4 ,55*16*7 cm 20 db k\u00f3kusz bet\u00e9ttel"},"content":{"rendered":"<div class=\"artdet__name-rating d-none d-lg-block\">\n<div class=\"row gutters-5\">\n<div class=\"col\">\n<h2><strong>Mini meleg\u00e1gy 55*16*7 cm 20 db k\u00f3kusz bet\u00e9ttel<\/strong><\/h2>\n<p>Mini meleg\u00e1gy 55*16*7 cm 20 db k\u00f3kusz bet\u00e9ttel<\/p>\n<p>A mini \u00fcvegh\u00e1z lehet\u0151v\u00e9 teszi, hogy a z\u00f6lds\u00e9gek \u00e9s a vir\u00e1gok megfelel\u0151 k\u00f6r\u00fclm\u00e9nyek k\u00f6z\u00f6tt n\u00f6vekedjenek.<\/p>\n<p>F\u00e9nyes \u00e9s meleg helyet biztos\u00edt a n\u00f6v\u00e9nyeknek. Rendszeres szell\u0151ztet\u00e9s sz\u00fcks\u00e9ges.<\/p>\n<\/div>\n<\/div>\n<\/div>\n<div id=\"artdet__short-descrition\" class=\"artdet__short-descripton d-none d-lg-block pt-5 border-block\">\n<div class=\"read-more-container short-desc overflow-hidden my-0 my-md-3 is-processed\">\n<div class=\"read-more-content overflow-hidden text-justify font-s font-md-m\">&#8211; 20 lyuk<br \/>\n&#8211; 1 x z\u00f6ld l\u00e1da<br \/>\n&#8211; 20 k\u00f3kuszos tabletta 3,5 cm \u00e1tm\u00e9r\u0151j\u0171<br \/>\n&#8211; 1 m\u0171anyag fed\u00e9l<br \/>\n&#8211; M\u00e9retek: 55x16x7cm<br \/>\n&#8211; Anyag: PS + PET<br \/>\nk\u00f3kuszpelletek \u00f6sszet\u00e9tele:<br \/>\n&#8211; 50% k\u00f3kusz<br \/>\n&#8211; 45% t\u0151zeg<br \/>\n&#8211; 5% gy\u00f6keres tr\u00e1gya<\/div>\n<div>\n<h2 class=\"justtellmewhat uppercase color-green-2 text-3xl\">A pellet el\u0151nye:<\/h2>\n<h2 class=\"justtellmewhat uppercase color-green-2 text-3xl\">Nem kell kiszedni a n\u00f6v\u00e9nyt bel\u0151le, hanem vele egy\u00fctt ki\u00fcltethet\u0151, mert 100 %-ban lebomlik. A v\u00edz \u00e9s a leveg\u0151 teljesen \u00e1tj\u00e1rja.<\/h2>\n<div class=\"mt-2 color-brown text-lg\">\n<p>&nbsp;<\/p>\n<\/div>\n<\/div>\n<div>\n<p><strong>Amennyiben nagyobb mennyis\u00e9gre lenne sz\u00fcks\u00e9g, vegye fel vel\u00fcnk a kapcsolatot \u00e9s beszerezz\u00fck!<\/strong><\/p>\n<p><strong>K\u00e9szlet\u00fcnk napi szinten v\u00e1ltozik, ez\u00e9rt a v\u00e1ltoz\u00e1s jog\u00e1t fenntartjuk!<\/strong><\/p>\n<p>&nbsp;<\/p>\n<p><a href=\"https:\/\/tajkertesz.com\/\">https:\/\/tajkertesz.com\/<\/a><\/p>\n<p><a href=\"https:\/\/www.facebook.com\/tajkertesz\/\">https:\/\/www.facebook.com\/tajkertesz\/<\/a><\/p>\n<div class=\"artdet__name-rating d-none d-lg-block\">\n<div class=\"row gutters-5\">\n<div class=\"col\">\n<h6><\/h6>\n<h6><span style=\"color: #ffffff;\">A mini \u00fcvegh\u00e1z lehet\u0151v\u00e9 teszi, hogy a z\u00f6lds\u00e9gek \u00e9s a vir\u00e1gok megfelel\u0151 k\u00f6r\u00fclm\u00e9nyek k\u00f6z\u00f6tt n\u00f6vekedjenek.<\/span><\/h6>\n<h6><span style=\"color: #ffffff;\">F\u00e9nyes \u00e9s meleg helyet biztos\u00edt a n\u00f6v\u00e9nyeknek. Rendszeres szell\u0151ztet\u00e9s sz\u00fcks\u00e9ges.<\/span><\/h6>\n<\/div>\n<\/div>\n<\/div>\n<div id=\"artdet__short-descrition\" class=\"artdet__short-descripton d-none d-lg-block pt-5 border-block\">\n<div class=\"read-more-container short-desc overflow-hidden my-0 my-md-3 is-processed\">\n<h6 class=\"read-more-content overflow-hidden text-justify font-s font-md-m\"><span style=\"color: #ffffff;\">&#8211; 20 lyuk<\/span><br \/>\n<span style=\"color: #ffffff;\">&#8211; 1 x z\u00f6ld \u00fcltetv\u00e9ny<\/span><br \/>\n<span style=\"color: #ffffff;\">&#8211; 20 k\u00f3kuszos tabletta 3,5 cm \u00e1tm\u00e9r\u0151j\u0171<\/span><br \/>\n<span style=\"color: #ffffff;\">&#8211; 1 m\u0171anyag fed\u00e9l<\/span><br \/>\n<span style=\"color: #ffffff;\">&#8211; M\u00e9retek: 55x16x7cm<\/span><br \/>\n<span style=\"color: #ffffff;\">&#8211; Anyag: PS + PET<\/span><br \/>\n<span style=\"color: #ffffff;\">k\u00f3kuszpelletek \u00f6sszet\u00e9tele:<\/span><br \/>\n<span style=\"color: #ffffff;\">&#8211; 50% k\u00f3kusz<\/span><br \/>\n<span style=\"color: #ffffff;\">&#8211; 45% t\u0151zeg<\/span><br \/>\n<span style=\"color: #ffffff;\">&#8211; 5% gy\u00f6keres tr\u00e1gya<\/span><\/h6>\n<div>\n<h6 class=\"justtellmewhat uppercase color-green-2 text-3xl\"><span style=\"color: #ffffff;\">A pellet el\u0151nye:<\/span><\/h6>\n<h6 class=\"justtellmewhat uppercase color-green-2 text-3xl\"><span style=\"color: #ffffff;\">Nem kell kiszedni a n\u00f6v\u00e9nyt bel\u0151le, hanem vele egy\u00fctt ki\u00fcltethet\u0151, mert 100 %-ban lebomlik. A v\u00edz \u00e9s a leveg\u0151 teljesen \u00e1tj\u00e1rja.<\/span><\/h6>\n<h6><\/h6>\n<h6><span style=\"color: #ffffff;\">A mini \u00fcvegh\u00e1z lehet\u0151v\u00e9 teszi, hogy a z\u00f6lds\u00e9gek \u00e9s a vir\u00e1gok megfelel\u0151 k\u00f6r\u00fclm\u00e9nyek k\u00f6z\u00f6tt n\u00f6vekedjenek.<\/span><\/h6>\n<h6><span style=\"color: #ffffff;\">F\u00e9nyes \u00e9s meleg helyet biztos\u00edt a n\u00f6v\u00e9nyeknek. Rendszeres szell\u0151ztet\u00e9s sz\u00fcks\u00e9ges.<\/span><\/h6>\n<\/div>\n<\/div>\n<\/div>\n<\/div>\n<\/div>\n<\/div>","protected":false},"excerpt":{"rendered":"<div class=\"artdet__name-rating d-none d-lg-block\">\n<div class=\"row gutters-5\">\n<div class=\"col\">\n<h2><strong>Mini meleg\u00e1gy 55*16*7 cm 20 db k\u00f3kusz bet\u00e9ttel<\/strong><\/h2>\n<p>A mini \u00fcvegh\u00e1z lehet\u0151v\u00e9 teszi, hogy a z\u00f6lds\u00e9gek \u00e9s a vir\u00e1gok megfelel\u0151 k\u00f6r\u00fclm\u00e9nyek k\u00f6z\u00f6tt n\u00f6vekedjenek.<\/p>\n<p>F\u00e9nyes \u00e9s meleg helyet biztos\u00edt a n\u00f6v\u00e9nyeknek. Rendszeres szell\u0151ztet\u00e9s sz\u00fcks\u00e9ges.<\/p>\n<\/div>\n<\/div>\n<\/div>\n<div id=\"artdet__short-descrition\" class=\"artdet__short-descripton d-none d-lg-block pt-5 border-block\">\n<div class=\"read-more-container short-desc overflow-hidden my-0 my-md-3 is-processed\">\n<div class=\"read-more-content overflow-hidden text-justify font-s font-md-m\">&#8211; 20 lyuk<br \/>\n&#8211; 1 x z\u00f6ld l\u00e1da<br \/>\n&#8211; 20 k\u00f3kuszos tabletta 3,5 cm \u00e1tm\u00e9r\u0151j\u0171<br \/>\n&#8211; 1 m\u0171anyag fed\u00e9l<br \/>\n&#8211; M\u00e9retek: 55x16x7cm<br \/>\n&#8211; Anyag: PS + PET<br \/>\nk\u00f3kuszpelletek \u00f6sszet\u00e9tele:<br \/>\n&#8211; 50% k\u00f3kusz<br \/>\n&#8211; 45% t\u0151zeg<br \/>\n&#8211; 5% gy\u00f6keres tr\u00e1gya<\/div>\n<div>\n<h4 class=\"justtellmewhat uppercase color-green-2 text-3xl\"><strong>A pellet el\u0151nye:<\/strong><\/h4>\n<h4 class=\"justtellmewhat uppercase color-green-2 text-3xl\"><strong>Nem kell kiszedni a n\u00f6v\u00e9nyt bel\u0151le, hanem vele egy\u00fctt ki\u00fcltethet\u0151, mert 100 %-ban lebomlik. A v\u00edz \u00e9s a leveg\u0151 teljesen \u00e1tj\u00e1rja.<\/strong><\/h4>\n<\/div>\n<\/div>\n<\/div>","protected":false},"featured_media":12268,"template":"","meta":{"_et_pb_use_builder":"","_et_pb_old_content":"","_et_gb_content_width":""},"product_brand":[],"product_cat":[3652],"product_tag":[3641,3643,3645,3642,3640,3639,3644,3646],"class_list":{"0":"post-12266","1":"product","2":"type-product","3":"status-publish","4":"has-post-thumbnail","6":"product_cat-magvetes-palantazas","7":"product_tag-55167-cm-20-db","8":"product_tag-ablakparkanyra","9":"product_tag-kokusz","10":"product_tag-kokusz-betettel","11":"product_tag-mini-melegagy","12":"product_tag-mini-melegagy-55167-cm-20-db-kokusz-betettel","13":"product_tag-parkanyra","14":"product_tag-pellet","16":"first","17":"instock","18":"shipping-taxable","19":"purchasable","20":"product-type-simple"},"yoast_head":"<!-- This site is optimized with the Yoast SEO plugin v27.4 - https:\/\/yoast.com\/product\/yoast-seo-wordpress\/ -->\n<title>Mini meleg\u00e1gy 24-200-4 ,55*16*7 cm 20 db k\u00f3kusz bet\u00e9ttel - T\u00e1jkert\u00e9sz<\/title>\n<meta name=\"description\" content=\"Mini meleg\u00e1gy 55*16*7 cm 20 db k\u00f3kusz bet\u00e9ttel..Lehet\u0151v\u00e9 teszi, hogy a z\u00f6lds\u00e9gek \u00e9s a vir\u00e1gok megfelel\u0151 k\u00f6r\u00fclm\u00e9nyek k\u00f6z\u00f6tt n\u00f6vekedjenek.\" \/>\n<meta name=\"robots\" content=\"index, follow, max-snippet:-1, max-image-preview:large, max-video-preview:-1\" \/>\n<link rel=\"canonical\" href=\"https:\/\/tajkertesz.com\/en_US\/product\/mini-melegagy-55167-cm-20-db-kokusz-betettel\/\" \/>\n<meta property=\"og:locale\" content=\"en_US\" \/>\n<meta property=\"og:type\" content=\"article\" \/>\n<meta property=\"og:title\" content=\"Mini meleg\u00e1gy 24-200-4 ,55*16*7 cm 20 db k\u00f3kusz bet\u00e9ttel - T\u00e1jkert\u00e9sz\" \/>\n<meta property=\"og:description\" content=\"Mini meleg\u00e1gy 55*16*7 cm 20 db k\u00f3kusz bet\u00e9ttel..Lehet\u0151v\u00e9 teszi, hogy a z\u00f6lds\u00e9gek \u00e9s a vir\u00e1gok megfelel\u0151 k\u00f6r\u00fclm\u00e9nyek k\u00f6z\u00f6tt n\u00f6vekedjenek.\" \/>\n<meta property=\"og:url\" content=\"https:\/\/tajkertesz.com\/en_US\/product\/mini-melegagy-55167-cm-20-db-kokusz-betettel\/\" \/>\n<meta property=\"og:site_name\" content=\"T\u00e1jkert\u00e9sz\" \/>\n<meta property=\"article:publisher\" content=\"https:\/\/www.facebook.com\/Tajkertesz\/\" \/>\n<meta property=\"article:modified_time\" content=\"2026-02-16T14:57:58+00:00\" \/>\n<meta property=\"og:image\" content=\"https:\/\/tajkertesz.com\/wp-content\/uploads\/2022\/01\/mini-melegagy-20-as.jpg\" \/>\n\t<meta property=\"og:image:width\" content=\"500\" \/>\n\t<meta property=\"og:image:height\" content=\"500\" \/>\n\t<meta property=\"og:image:type\" content=\"image\/jpeg\" \/>\n<meta name=\"twitter:card\" content=\"summary_large_image\" \/>\n<meta name=\"twitter:label1\" content=\"Est. reading time\" \/>\n\t<meta name=\"twitter:data1\" content=\"2 minutes\" \/>\n<script type=\"application\/ld+json\" class=\"yoast-schema-graph\">{\"@context\":\"https:\\\/\\\/schema.org\",\"@graph\":[{\"@type\":\"WebPage\",\"@id\":\"https:\\\/\\\/tajkertesz.com\\\/termek\\\/mini-melegagy-55167-cm-20-db-kokusz-betettel\\\/\",\"url\":\"https:\\\/\\\/tajkertesz.com\\\/termek\\\/mini-melegagy-55167-cm-20-db-kokusz-betettel\\\/\",\"name\":\"Mini meleg\u00e1gy 24-200-4 ,55*16*7 cm 20 db k\u00f3kusz bet\u00e9ttel - T\u00e1jkert\u00e9sz\",\"isPartOf\":{\"@id\":\"https:\\\/\\\/tajkertesz.com\\\/#website\"},\"primaryImageOfPage\":{\"@id\":\"https:\\\/\\\/tajkertesz.com\\\/termek\\\/mini-melegagy-55167-cm-20-db-kokusz-betettel\\\/#primaryimage\"},\"image\":{\"@id\":\"https:\\\/\\\/tajkertesz.com\\\/termek\\\/mini-melegagy-55167-cm-20-db-kokusz-betettel\\\/#primaryimage\"},\"thumbnailUrl\":\"https:\\\/\\\/tajkertesz.com\\\/wp-content\\\/uploads\\\/2022\\\/01\\\/mini-melegagy-20-as.jpg\",\"datePublished\":\"2022-01-28T09:24:34+00:00\",\"dateModified\":\"2026-02-16T14:57:58+00:00\",\"description\":\"Mini meleg\u00e1gy 55*16*7 cm 20 db k\u00f3kusz bet\u00e9ttel..Lehet\u0151v\u00e9 teszi, hogy a z\u00f6lds\u00e9gek \u00e9s a vir\u00e1gok megfelel\u0151 k\u00f6r\u00fclm\u00e9nyek k\u00f6z\u00f6tt n\u00f6vekedjenek.\",\"breadcrumb\":{\"@id\":\"https:\\\/\\\/tajkertesz.com\\\/termek\\\/mini-melegagy-55167-cm-20-db-kokusz-betettel\\\/#breadcrumb\"},\"inLanguage\":\"en-US\",\"potentialAction\":[{\"@type\":\"ReadAction\",\"target\":[\"https:\\\/\\\/tajkertesz.com\\\/termek\\\/mini-melegagy-55167-cm-20-db-kokusz-betettel\\\/\"]}]},{\"@type\":\"ImageObject\",\"inLanguage\":\"en-US\",\"@id\":\"https:\\\/\\\/tajkertesz.com\\\/termek\\\/mini-melegagy-55167-cm-20-db-kokusz-betettel\\\/#primaryimage\",\"url\":\"https:\\\/\\\/tajkertesz.com\\\/wp-content\\\/uploads\\\/2022\\\/01\\\/mini-melegagy-20-as.jpg\",\"contentUrl\":\"https:\\\/\\\/tajkertesz.com\\\/wp-content\\\/uploads\\\/2022\\\/01\\\/mini-melegagy-20-as.jpg\",\"width\":500,\"height\":500},{\"@type\":\"BreadcrumbList\",\"@id\":\"https:\\\/\\\/tajkertesz.com\\\/termek\\\/mini-melegagy-55167-cm-20-db-kokusz-betettel\\\/#breadcrumb\",\"itemListElement\":[{\"@type\":\"ListItem\",\"position\":1,\"name\":\"Home\",\"item\":\"https:\\\/\\\/tajkertesz.com\\\/\"},{\"@type\":\"ListItem\",\"position\":2,\"name\":\"Kezd\u0151lap\",\"item\":\"https:\\\/\\\/tajkertesz.com\\\/\"},{\"@type\":\"ListItem\",\"position\":3,\"name\":\"Mini meleg\u00e1gy 24-200-4 ,55*16*7 cm 20 db k\u00f3kusz bet\u00e9ttel\"}]},{\"@type\":\"WebSite\",\"@id\":\"https:\\\/\\\/tajkertesz.com\\\/#website\",\"url\":\"https:\\\/\\\/tajkertesz.com\\\/\",\"name\":\"T\u00e1j-Kert\u00e9sz 84 Kft.\",\"description\":\"Kert\u00e9szeti kis- \u00e9s nagykeresked\u00e9s, D\u00edszn\u00f6v\u00e9ny web\u00e1ruh\u00e1z orsz\u00e1gos h\u00e1zhozsz\u00e1ll\u00edt\u00e1ssal!\",\"publisher\":{\"@id\":\"https:\\\/\\\/tajkertesz.com\\\/#organization\"},\"potentialAction\":[{\"@type\":\"SearchAction\",\"target\":{\"@type\":\"EntryPoint\",\"urlTemplate\":\"https:\\\/\\\/tajkertesz.com\\\/?s={search_term_string}\"},\"query-input\":{\"@type\":\"PropertyValueSpecification\",\"valueRequired\":true,\"valueName\":\"search_term_string\"}}],\"inLanguage\":\"en-US\"},{\"@type\":\"Organization\",\"@id\":\"https:\\\/\\\/tajkertesz.com\\\/#organization\",\"name\":\"T\u00e1j-Kert\u00e9sz 84 Kft.\",\"url\":\"https:\\\/\\\/tajkertesz.com\\\/\",\"logo\":{\"@type\":\"ImageObject\",\"inLanguage\":\"en-US\",\"@id\":\"https:\\\/\\\/tajkertesz.com\\\/#\\\/schema\\\/logo\\\/image\\\/\",\"url\":\"https:\\\/\\\/tajkertesz.com\\\/wp-content\\\/uploads\\\/2018\\\/02\\\/logo-2-e1518678052539.png\",\"contentUrl\":\"https:\\\/\\\/tajkertesz.com\\\/wp-content\\\/uploads\\\/2018\\\/02\\\/logo-2-e1518678052539.png\",\"width\":81,\"height\":140,\"caption\":\"T\u00e1j-Kert\u00e9sz 84 Kft.\"},\"image\":{\"@id\":\"https:\\\/\\\/tajkertesz.com\\\/#\\\/schema\\\/logo\\\/image\\\/\"},\"sameAs\":[\"https:\\\/\\\/www.facebook.com\\\/Tajkertesz\\\/\"]}]}<\/script>\n<!-- \/ Yoast SEO plugin. -->","yoast_head_json":{"title":"Mini meleg\u00e1gy 24-200-4 ,55*16*7 cm 20 db k\u00f3kusz bet\u00e9ttel - T\u00e1jkert\u00e9sz","description":"Mini meleg\u00e1gy 55*16*7 cm 20 db k\u00f3kusz bet\u00e9ttel..Lehet\u0151v\u00e9 teszi, hogy a z\u00f6lds\u00e9gek \u00e9s a vir\u00e1gok megfelel\u0151 k\u00f6r\u00fclm\u00e9nyek k\u00f6z\u00f6tt n\u00f6vekedjenek.","robots":{"index":"index","follow":"follow","max-snippet":"max-snippet:-1","max-image-preview":"max-image-preview:large","max-video-preview":"max-video-preview:-1"},"canonical":"https:\/\/tajkertesz.com\/en_US\/product\/mini-melegagy-55167-cm-20-db-kokusz-betettel\/","og_locale":"en_US","og_type":"article","og_title":"Mini meleg\u00e1gy 24-200-4 ,55*16*7 cm 20 db k\u00f3kusz bet\u00e9ttel - T\u00e1jkert\u00e9sz","og_description":"Mini meleg\u00e1gy 55*16*7 cm 20 db k\u00f3kusz bet\u00e9ttel..Lehet\u0151v\u00e9 teszi, hogy a z\u00f6lds\u00e9gek \u00e9s a vir\u00e1gok megfelel\u0151 k\u00f6r\u00fclm\u00e9nyek k\u00f6z\u00f6tt n\u00f6vekedjenek.","og_url":"https:\/\/tajkertesz.com\/en_US\/product\/mini-melegagy-55167-cm-20-db-kokusz-betettel\/","og_site_name":"T\u00e1jkert\u00e9sz","article_publisher":"https:\/\/www.facebook.com\/Tajkertesz\/","article_modified_time":"2026-02-16T14:57:58+00:00","og_image":[{"width":500,"height":500,"url":"https:\/\/tajkertesz.com\/wp-content\/uploads\/2022\/01\/mini-melegagy-20-as.jpg","type":"image\/jpeg"}],"twitter_card":"summary_large_image","twitter_misc":{"Est. reading time":"2 minutes"},"schema":{"@context":"https:\/\/schema.org","@graph":[{"@type":"WebPage","@id":"https:\/\/tajkertesz.com\/termek\/mini-melegagy-55167-cm-20-db-kokusz-betettel\/","url":"https:\/\/tajkertesz.com\/termek\/mini-melegagy-55167-cm-20-db-kokusz-betettel\/","name":"Mini meleg\u00e1gy 24-200-4 ,55*16*7 cm 20 db k\u00f3kusz bet\u00e9ttel - T\u00e1jkert\u00e9sz","isPartOf":{"@id":"https:\/\/tajkertesz.com\/#website"},"primaryImageOfPage":{"@id":"https:\/\/tajkertesz.com\/termek\/mini-melegagy-55167-cm-20-db-kokusz-betettel\/#primaryimage"},"image":{"@id":"https:\/\/tajkertesz.com\/termek\/mini-melegagy-55167-cm-20-db-kokusz-betettel\/#primaryimage"},"thumbnailUrl":"https:\/\/tajkertesz.com\/wp-content\/uploads\/2022\/01\/mini-melegagy-20-as.jpg","datePublished":"2022-01-28T09:24:34+00:00","dateModified":"2026-02-16T14:57:58+00:00","description":"Mini meleg\u00e1gy 55*16*7 cm 20 db k\u00f3kusz bet\u00e9ttel..Lehet\u0151v\u00e9 teszi, hogy a z\u00f6lds\u00e9gek \u00e9s a vir\u00e1gok megfelel\u0151 k\u00f6r\u00fclm\u00e9nyek k\u00f6z\u00f6tt n\u00f6vekedjenek.","breadcrumb":{"@id":"https:\/\/tajkertesz.com\/termek\/mini-melegagy-55167-cm-20-db-kokusz-betettel\/#breadcrumb"},"inLanguage":"en-US","potentialAction":[{"@type":"ReadAction","target":["https:\/\/tajkertesz.com\/termek\/mini-melegagy-55167-cm-20-db-kokusz-betettel\/"]}]},{"@type":"ImageObject","inLanguage":"en-US","@id":"https:\/\/tajkertesz.com\/termek\/mini-melegagy-55167-cm-20-db-kokusz-betettel\/#primaryimage","url":"https:\/\/tajkertesz.com\/wp-content\/uploads\/2022\/01\/mini-melegagy-20-as.jpg","contentUrl":"https:\/\/tajkertesz.com\/wp-content\/uploads\/2022\/01\/mini-melegagy-20-as.jpg","width":500,"height":500},{"@type":"BreadcrumbList","@id":"https:\/\/tajkertesz.com\/termek\/mini-melegagy-55167-cm-20-db-kokusz-betettel\/#breadcrumb","itemListElement":[{"@type":"ListItem","position":1,"name":"Home","item":"https:\/\/tajkertesz.com\/"},{"@type":"ListItem","position":2,"name":"Kezd\u0151lap","item":"https:\/\/tajkertesz.com\/"},{"@type":"ListItem","position":3,"name":"Mini meleg\u00e1gy 24-200-4 ,55*16*7 cm 20 db k\u00f3kusz bet\u00e9ttel"}]},{"@type":"WebSite","@id":"https:\/\/tajkertesz.com\/#website","url":"https:\/\/tajkertesz.com\/","name":"T\u00e1j-Kert\u00e9sz 84 Kft.","description":"Kert\u00e9szeti kis- \u00e9s nagykeresked\u00e9s, D\u00edszn\u00f6v\u00e9ny web\u00e1ruh\u00e1z orsz\u00e1gos h\u00e1zhozsz\u00e1ll\u00edt\u00e1ssal!","publisher":{"@id":"https:\/\/tajkertesz.com\/#organization"},"potentialAction":[{"@type":"SearchAction","target":{"@type":"EntryPoint","urlTemplate":"https:\/\/tajkertesz.com\/?s={search_term_string}"},"query-input":{"@type":"PropertyValueSpecification","valueRequired":true,"valueName":"search_term_string"}}],"inLanguage":"en-US"},{"@type":"Organization","@id":"https:\/\/tajkertesz.com\/#organization","name":"T\u00e1j-Kert\u00e9sz 84 Kft.","url":"https:\/\/tajkertesz.com\/","logo":{"@type":"ImageObject","inLanguage":"en-US","@id":"https:\/\/tajkertesz.com\/#\/schema\/logo\/image\/","url":"https:\/\/tajkertesz.com\/wp-content\/uploads\/2018\/02\/logo-2-e1518678052539.png","contentUrl":"https:\/\/tajkertesz.com\/wp-content\/uploads\/2018\/02\/logo-2-e1518678052539.png","width":81,"height":140,"caption":"T\u00e1j-Kert\u00e9sz 84 Kft."},"image":{"@id":"https:\/\/tajkertesz.com\/#\/schema\/logo\/image\/"},"sameAs":["https:\/\/www.facebook.com\/Tajkertesz\/"]}]}},"_links":{"self":[{"href":"https:\/\/tajkertesz.com\/en_US\/wp-json\/wp\/v2\/product\/12266","targetHints":{"allow":["GET"]}}],"collection":[{"href":"https:\/\/tajkertesz.com\/en_US\/wp-json\/wp\/v2\/product"}],"about":[{"href":"https:\/\/tajkertesz.com\/en_US\/wp-json\/wp\/v2\/types\/product"}],"wp:featuredmedia":[{"embeddable":true,"href":"https:\/\/tajkertesz.com\/en_US\/wp-json\/wp\/v2\/media\/12268"}],"wp:attachment":[{"href":"https:\/\/tajkertesz.com\/en_US\/wp-json\/wp\/v2\/media?parent=12266"}],"wp:term":[{"taxonomy":"product_brand","embeddable":true,"href":"https:\/\/tajkertesz.com\/en_US\/wp-json\/wp\/v2\/product_brand?post=12266"},{"taxonomy":"product_cat","embeddable":true,"href":"https:\/\/tajkertesz.com\/en_US\/wp-json\/wp\/v2\/product_cat?post=12266"},{"taxonomy":"product_tag","embeddable":true,"href":"https:\/\/tajkertesz.com\/en_US\/wp-json\/wp\/v2\/product_tag?post=12266"}],"curies":[{"name":"wp","href":"https:\/\/api.w.org\/{rel}","templated":true}]}}