{"id":12271,"date":"2022-01-28T10:02:34","date_gmt":"2022-01-28T10:02:34","guid":{"rendered":"https:\/\/tajkertesz.com\/?post_type=product&#038;p=12271"},"modified":"2026-02-16T14:59:02","modified_gmt":"2026-02-16T14:59:02","slug":"strend-pro-ulteto-keszlet-30-db-37x23x6-cm","status":"publish","type":"product","link":"https:\/\/tajkertesz.com\/en_US\/product\/strend-pro-ulteto-keszlet-30-db-37x23x6-cm\/","title":{"rendered":"Strend Pro &#8211; \u00dcltet\u0151 k\u00e9szlet 30 db, 37x23x6 cm"},"content":{"rendered":"<p>Strend Pro &#8211; \u00dcltet\u0151 k\u00e9szlet 30 db, 37x23x6 cm<\/p>\n<p>A Strend Pro &#8211; \u00dcltet\u0151 k\u00e9szlet 30 db, 37x23x6 cm T\u00f6k\u00e9letesen megfelel \u00f6nnek amennyiben nem rendelkezik \u00fcvegh\u00e1zzal vagy f\u0171t\u00f6tt verand\u00e1val.<br \/>\n\u00dagy a k\u00edv\u00e1nt h\u0151m\u00e9rs\u00e9klet el\u00e9r\u00e9se \u00e9rdek\u00e9ben haszn\u00e1lhatja ezt a term\u00e9ket.<\/p>\n<p><span class=\"\">Mivel vet\u00e9s el\u0151tt c\u00e9lszer\u0171 a n\u00f6v\u00e9nyeket\u00a0 el\u0151nevelni. Ez a szett\u00a0 seg\u00edt eg\u00e9szs\u00e9ges \u00e9s er\u0151s, tavaszi \u00fcltet\u00e9sre k\u00e9sz n\u00f6v\u00e9nyeket nevelni.<\/span><\/p>\n<p>F\u00e9nyes \u00e9s meleg helyet biztos\u00edt a n\u00f6v\u00e9nyeknek. Rendszeres szell\u0151ztet\u00e9s sz\u00fcks\u00e9ges.<\/p>\n<p>A k\u00e9szlet tartalma: 1x \u00e1tl\u00e1tsz\u00f3 fed\u00e9l, 1x mini l\u00e1da, 1x pap\u00edr\u00fcltet\u0151 2&#215;5 cm (10 r\u00e9sz), 2x pap\u00edr \u00fcltet\u0151 3&#215;4 cm (12 r\u00e9sz), 25x pap\u00edr\u00fcltet\u0151 cser\u00e9p \u00d8 6 cm.<\/p>\n<p>&nbsp;<\/p>\n<p><strong>Amennyiben nagyobb mennyis\u00e9gre lenne sz\u00fcks\u00e9g, vegye fel vel\u00fcnk a kapcsolatot \u00e9s beszerezz\u00fck!<\/strong><\/p>\n<p><strong>K\u00e9szlet\u00fcnk napi szinten v\u00e1ltozik, ez\u00e9rt a v\u00e1ltoz\u00e1s jog\u00e1t fenntartjuk!<\/strong><\/p>\n<p>&nbsp;<\/p>\n<p><a href=\"https:\/\/tajkertesz.com\/\">https:\/\/tajkertesz.com\/<\/a><\/p>\n<p><a href=\"https:\/\/www.facebook.com\/tajkertesz\/\">https:\/\/www.facebook.com\/tajkertesz\/<\/a><\/p>\n<h6><span style=\"color: #ffffff;\">A Strend Pro &#8211; \u00dcltet\u0151 k\u00e9szlet 30 db, 37x23x6 cm T\u00f6k\u00e9letesen megfelel \u00f6nnek amennyiben nem rendelkezik \u00fcvegh\u00e1zzal vagy f\u0171t\u00f6tt verand\u00e1val. <\/span><br \/>\n<span style=\"color: #ffffff;\">\u00dagy a k\u00edv\u00e1nt h\u0151m\u00e9rs\u00e9klet el\u00e9r\u00e9se \u00e9rdek\u00e9ben haszn\u00e1lhatja ezt a term\u00e9ket.<\/span><\/h6>\n<h6><span class=\"\" style=\"color: #ffffff;\">Mivel vet\u00e9s el\u0151tt c\u00e9lszer\u0171 a n\u00f6v\u00e9nyeket\u00a0 el\u0151nevelni. Ez a szett\u00a0 seg\u00edt eg\u00e9szs\u00e9ges \u00e9s er\u0151s, tavaszi \u00fcltet\u00e9sre k\u00e9sz n\u00f6v\u00e9nyeket nevelni.<\/span><\/h6>\n<h6><span style=\"color: #ffffff;\">F\u00e9nyes \u00e9s meleg helyet biztos\u00edt a n\u00f6v\u00e9nyeknek. Rendszeres szell\u0151ztet\u00e9s sz\u00fcks\u00e9ges.<\/span><\/h6>\n<h6><span style=\"color: #ffffff;\">A k\u00e9szlet tartalma: 1x \u00e1tl\u00e1tsz\u00f3 fed\u00e9l, 1x mini l\u00e1da, 1x pap\u00edr\u00fcltet\u0151 2&#215;5 cm (10 r\u00e9sz), 2x pap\u00edr \u00fcltet\u0151 3&#215;4 cm (12 r\u00e9sz), 25x pap\u00edr\u00fcltet\u0151 cser\u00e9p \u00d8 6 cm.<\/span><\/h6>\n<h6><\/h6>\n<h6><span style=\"color: #ffffff;\">Amennyiben nagyobb mennyis\u00e9gre lenne sz\u00fcks\u00e9g, vegye fel vel\u00fcnk a kapcsolatot \u00e9s beszerezz\u00fck!<\/span><\/h6>\n<h6><span style=\"color: #ffffff;\">K\u00e9szlet\u00fcnk napi szinten v\u00e1ltozik, ez\u00e9rt a v\u00e1ltoz\u00e1s jog\u00e1t fenntartjuk!<\/span><\/h6>\n<h6><\/h6>","protected":false},"excerpt":{"rendered":"<p>A Strend Pro &#8211; \u00dcltet\u0151 k\u00e9szlet 30 db, 37x23x6 cm T\u00f6k\u00e9letesen megfelel \u00f6nnek amennyiben nem rendelkezik \u00fcvegh\u00e1zzal vagy f\u0171t\u00f6tt verand\u00e1val.<br \/>\n\u00dagy a k\u00edv\u00e1nt h\u0151m\u00e9rs\u00e9klet el\u00e9r\u00e9se \u00e9rdek\u00e9ben haszn\u00e1lhatja ezt a term\u00e9ket.<\/p>\n<p><span class=\"\">Mivel vet\u00e9s el\u0151tt c\u00e9lszer\u0171 a n\u00f6v\u00e9nyeket\u00a0 el\u0151nevelni. Ez a szett\u00a0 seg\u00edt eg\u00e9szs\u00e9ges \u00e9s er\u0151s, tavaszi \u00fcltet\u00e9sre k\u00e9sz n\u00f6v\u00e9nyeket nevelni.<\/span><\/p>\n<p>F\u00e9nyes \u00e9s meleg helyet biztos\u00edt a n\u00f6v\u00e9nyeknek. Rendszeres szell\u0151ztet\u00e9s sz\u00fcks\u00e9ges.<\/p>","protected":false},"featured_media":12272,"template":"","meta":{"_et_pb_use_builder":"","_et_pb_old_content":"","_et_gb_content_width":""},"product_brand":[],"product_cat":[3652],"product_tag":[3650,3651,3649],"class_list":{"0":"post-12271","1":"product","2":"type-product","3":"status-publish","4":"has-post-thumbnail","6":"product_cat-magvetes-palantazas","7":"product_tag-30-db","8":"product_tag-37x23x6-cm","9":"product_tag-strend-pro-ulteto-keszlet","11":"first","12":"instock","13":"shipping-taxable","14":"purchasable","15":"product-type-simple"},"yoast_head":"<!-- This site is optimized with the Yoast SEO plugin v27.5 - https:\/\/yoast.com\/product\/yoast-seo-wordpress\/ -->\n<title>Strend Pro - \u00dcltet\u0151 k\u00e9szlet 30 db, 37x23x6 cm - T\u00e1jkert\u00e9sz<\/title>\n<meta name=\"description\" content=\"A Strend Pro - \u00dcltet\u0151 k\u00e9szlet 30 db, 37x23x6 cm T\u00f6k\u00e9letesen megfelel \u00f6nnek amennyiben nem rendelkezik \u00fcvegh\u00e1zzal vagy f\u0171t\u00f6tt verand\u00e1val.\" \/>\n<meta name=\"robots\" content=\"index, follow, max-snippet:-1, max-image-preview:large, max-video-preview:-1\" \/>\n<link rel=\"canonical\" href=\"https:\/\/tajkertesz.com\/en_US\/product\/strend-pro-ulteto-keszlet-30-db-37x23x6-cm\/\" \/>\n<meta property=\"og:locale\" content=\"en_US\" \/>\n<meta property=\"og:type\" content=\"article\" \/>\n<meta property=\"og:title\" content=\"Strend Pro - \u00dcltet\u0151 k\u00e9szlet 30 db, 37x23x6 cm - T\u00e1jkert\u00e9sz\" \/>\n<meta property=\"og:description\" content=\"A Strend Pro - \u00dcltet\u0151 k\u00e9szlet 30 db, 37x23x6 cm T\u00f6k\u00e9letesen megfelel \u00f6nnek amennyiben nem rendelkezik \u00fcvegh\u00e1zzal vagy f\u0171t\u00f6tt verand\u00e1val.\" \/>\n<meta property=\"og:url\" content=\"https:\/\/tajkertesz.com\/en_US\/product\/strend-pro-ulteto-keszlet-30-db-37x23x6-cm\/\" \/>\n<meta property=\"og:site_name\" content=\"T\u00e1jkert\u00e9sz\" \/>\n<meta property=\"article:publisher\" content=\"https:\/\/www.facebook.com\/Tajkertesz\/\" \/>\n<meta property=\"article:modified_time\" content=\"2026-02-16T14:59:02+00:00\" \/>\n<meta property=\"og:image\" content=\"https:\/\/tajkertesz.com\/wp-content\/uploads\/2022\/01\/magveto-szett.PNG2_.png\" \/>\n\t<meta property=\"og:image:width\" content=\"422\" \/>\n\t<meta property=\"og:image:height\" content=\"289\" \/>\n\t<meta property=\"og:image:type\" content=\"image\/png\" \/>\n<meta name=\"twitter:card\" content=\"summary_large_image\" \/>\n<meta name=\"twitter:label1\" content=\"Est. reading time\" \/>\n\t<meta name=\"twitter:data1\" content=\"2 minutes\" \/>\n<script type=\"application\/ld+json\" class=\"yoast-schema-graph\">{\"@context\":\"https:\\\/\\\/schema.org\",\"@graph\":[{\"@type\":\"WebPage\",\"@id\":\"https:\\\/\\\/tajkertesz.com\\\/termek\\\/strend-pro-ulteto-keszlet-30-db-37x23x6-cm\\\/\",\"url\":\"https:\\\/\\\/tajkertesz.com\\\/termek\\\/strend-pro-ulteto-keszlet-30-db-37x23x6-cm\\\/\",\"name\":\"Strend Pro - \u00dcltet\u0151 k\u00e9szlet 30 db, 37x23x6 cm - T\u00e1jkert\u00e9sz\",\"isPartOf\":{\"@id\":\"https:\\\/\\\/tajkertesz.com\\\/#website\"},\"primaryImageOfPage\":{\"@id\":\"https:\\\/\\\/tajkertesz.com\\\/termek\\\/strend-pro-ulteto-keszlet-30-db-37x23x6-cm\\\/#primaryimage\"},\"image\":{\"@id\":\"https:\\\/\\\/tajkertesz.com\\\/termek\\\/strend-pro-ulteto-keszlet-30-db-37x23x6-cm\\\/#primaryimage\"},\"thumbnailUrl\":\"https:\\\/\\\/tajkertesz.com\\\/wp-content\\\/uploads\\\/2022\\\/01\\\/magveto-szett.PNG2_.png\",\"datePublished\":\"2022-01-28T10:02:34+00:00\",\"dateModified\":\"2026-02-16T14:59:02+00:00\",\"description\":\"A Strend Pro - \u00dcltet\u0151 k\u00e9szlet 30 db, 37x23x6 cm T\u00f6k\u00e9letesen megfelel \u00f6nnek amennyiben nem rendelkezik \u00fcvegh\u00e1zzal vagy f\u0171t\u00f6tt verand\u00e1val.\",\"breadcrumb\":{\"@id\":\"https:\\\/\\\/tajkertesz.com\\\/termek\\\/strend-pro-ulteto-keszlet-30-db-37x23x6-cm\\\/#breadcrumb\"},\"inLanguage\":\"en-US\",\"potentialAction\":[{\"@type\":\"ReadAction\",\"target\":[\"https:\\\/\\\/tajkertesz.com\\\/termek\\\/strend-pro-ulteto-keszlet-30-db-37x23x6-cm\\\/\"]}]},{\"@type\":\"ImageObject\",\"inLanguage\":\"en-US\",\"@id\":\"https:\\\/\\\/tajkertesz.com\\\/termek\\\/strend-pro-ulteto-keszlet-30-db-37x23x6-cm\\\/#primaryimage\",\"url\":\"https:\\\/\\\/tajkertesz.com\\\/wp-content\\\/uploads\\\/2022\\\/01\\\/magveto-szett.PNG2_.png\",\"contentUrl\":\"https:\\\/\\\/tajkertesz.com\\\/wp-content\\\/uploads\\\/2022\\\/01\\\/magveto-szett.PNG2_.png\",\"width\":422,\"height\":289},{\"@type\":\"BreadcrumbList\",\"@id\":\"https:\\\/\\\/tajkertesz.com\\\/termek\\\/strend-pro-ulteto-keszlet-30-db-37x23x6-cm\\\/#breadcrumb\",\"itemListElement\":[{\"@type\":\"ListItem\",\"position\":1,\"name\":\"Home\",\"item\":\"https:\\\/\\\/tajkertesz.com\\\/\"},{\"@type\":\"ListItem\",\"position\":2,\"name\":\"Kezd\u0151lap\",\"item\":\"https:\\\/\\\/tajkertesz.com\\\/\"},{\"@type\":\"ListItem\",\"position\":3,\"name\":\"Strend Pro &#8211; \u00dcltet\u0151 k\u00e9szlet 30 db, 37x23x6 cm\"}]},{\"@type\":\"WebSite\",\"@id\":\"https:\\\/\\\/tajkertesz.com\\\/#website\",\"url\":\"https:\\\/\\\/tajkertesz.com\\\/\",\"name\":\"T\u00e1j-Kert\u00e9sz 84 Kft.\",\"description\":\"Kert\u00e9szeti kis- \u00e9s nagykeresked\u00e9s, D\u00edszn\u00f6v\u00e9ny web\u00e1ruh\u00e1z orsz\u00e1gos h\u00e1zhozsz\u00e1ll\u00edt\u00e1ssal!\",\"publisher\":{\"@id\":\"https:\\\/\\\/tajkertesz.com\\\/#organization\"},\"potentialAction\":[{\"@type\":\"SearchAction\",\"target\":{\"@type\":\"EntryPoint\",\"urlTemplate\":\"https:\\\/\\\/tajkertesz.com\\\/?s={search_term_string}\"},\"query-input\":{\"@type\":\"PropertyValueSpecification\",\"valueRequired\":true,\"valueName\":\"search_term_string\"}}],\"inLanguage\":\"en-US\"},{\"@type\":\"Organization\",\"@id\":\"https:\\\/\\\/tajkertesz.com\\\/#organization\",\"name\":\"T\u00e1j-Kert\u00e9sz 84 Kft.\",\"url\":\"https:\\\/\\\/tajkertesz.com\\\/\",\"logo\":{\"@type\":\"ImageObject\",\"inLanguage\":\"en-US\",\"@id\":\"https:\\\/\\\/tajkertesz.com\\\/#\\\/schema\\\/logo\\\/image\\\/\",\"url\":\"https:\\\/\\\/tajkertesz.com\\\/wp-content\\\/uploads\\\/2018\\\/02\\\/logo-2-e1518678052539.png\",\"contentUrl\":\"https:\\\/\\\/tajkertesz.com\\\/wp-content\\\/uploads\\\/2018\\\/02\\\/logo-2-e1518678052539.png\",\"width\":81,\"height\":140,\"caption\":\"T\u00e1j-Kert\u00e9sz 84 Kft.\"},\"image\":{\"@id\":\"https:\\\/\\\/tajkertesz.com\\\/#\\\/schema\\\/logo\\\/image\\\/\"},\"sameAs\":[\"https:\\\/\\\/www.facebook.com\\\/Tajkertesz\\\/\"]}]}<\/script>\n<!-- \/ Yoast SEO plugin. -->","yoast_head_json":{"title":"Strend Pro - \u00dcltet\u0151 k\u00e9szlet 30 db, 37x23x6 cm - T\u00e1jkert\u00e9sz","description":"A Strend Pro - \u00dcltet\u0151 k\u00e9szlet 30 db, 37x23x6 cm T\u00f6k\u00e9letesen megfelel \u00f6nnek amennyiben nem rendelkezik \u00fcvegh\u00e1zzal vagy f\u0171t\u00f6tt verand\u00e1val.","robots":{"index":"index","follow":"follow","max-snippet":"max-snippet:-1","max-image-preview":"max-image-preview:large","max-video-preview":"max-video-preview:-1"},"canonical":"https:\/\/tajkertesz.com\/en_US\/product\/strend-pro-ulteto-keszlet-30-db-37x23x6-cm\/","og_locale":"en_US","og_type":"article","og_title":"Strend Pro - \u00dcltet\u0151 k\u00e9szlet 30 db, 37x23x6 cm - T\u00e1jkert\u00e9sz","og_description":"A Strend Pro - \u00dcltet\u0151 k\u00e9szlet 30 db, 37x23x6 cm T\u00f6k\u00e9letesen megfelel \u00f6nnek amennyiben nem rendelkezik \u00fcvegh\u00e1zzal vagy f\u0171t\u00f6tt verand\u00e1val.","og_url":"https:\/\/tajkertesz.com\/en_US\/product\/strend-pro-ulteto-keszlet-30-db-37x23x6-cm\/","og_site_name":"T\u00e1jkert\u00e9sz","article_publisher":"https:\/\/www.facebook.com\/Tajkertesz\/","article_modified_time":"2026-02-16T14:59:02+00:00","og_image":[{"width":422,"height":289,"url":"https:\/\/tajkertesz.com\/wp-content\/uploads\/2022\/01\/magveto-szett.PNG2_.png","type":"image\/png"}],"twitter_card":"summary_large_image","twitter_misc":{"Est. reading time":"2 minutes"},"schema":{"@context":"https:\/\/schema.org","@graph":[{"@type":"WebPage","@id":"https:\/\/tajkertesz.com\/termek\/strend-pro-ulteto-keszlet-30-db-37x23x6-cm\/","url":"https:\/\/tajkertesz.com\/termek\/strend-pro-ulteto-keszlet-30-db-37x23x6-cm\/","name":"Strend Pro - \u00dcltet\u0151 k\u00e9szlet 30 db, 37x23x6 cm - T\u00e1jkert\u00e9sz","isPartOf":{"@id":"https:\/\/tajkertesz.com\/#website"},"primaryImageOfPage":{"@id":"https:\/\/tajkertesz.com\/termek\/strend-pro-ulteto-keszlet-30-db-37x23x6-cm\/#primaryimage"},"image":{"@id":"https:\/\/tajkertesz.com\/termek\/strend-pro-ulteto-keszlet-30-db-37x23x6-cm\/#primaryimage"},"thumbnailUrl":"https:\/\/tajkertesz.com\/wp-content\/uploads\/2022\/01\/magveto-szett.PNG2_.png","datePublished":"2022-01-28T10:02:34+00:00","dateModified":"2026-02-16T14:59:02+00:00","description":"A Strend Pro - \u00dcltet\u0151 k\u00e9szlet 30 db, 37x23x6 cm T\u00f6k\u00e9letesen megfelel \u00f6nnek amennyiben nem rendelkezik \u00fcvegh\u00e1zzal vagy f\u0171t\u00f6tt verand\u00e1val.","breadcrumb":{"@id":"https:\/\/tajkertesz.com\/termek\/strend-pro-ulteto-keszlet-30-db-37x23x6-cm\/#breadcrumb"},"inLanguage":"en-US","potentialAction":[{"@type":"ReadAction","target":["https:\/\/tajkertesz.com\/termek\/strend-pro-ulteto-keszlet-30-db-37x23x6-cm\/"]}]},{"@type":"ImageObject","inLanguage":"en-US","@id":"https:\/\/tajkertesz.com\/termek\/strend-pro-ulteto-keszlet-30-db-37x23x6-cm\/#primaryimage","url":"https:\/\/tajkertesz.com\/wp-content\/uploads\/2022\/01\/magveto-szett.PNG2_.png","contentUrl":"https:\/\/tajkertesz.com\/wp-content\/uploads\/2022\/01\/magveto-szett.PNG2_.png","width":422,"height":289},{"@type":"BreadcrumbList","@id":"https:\/\/tajkertesz.com\/termek\/strend-pro-ulteto-keszlet-30-db-37x23x6-cm\/#breadcrumb","itemListElement":[{"@type":"ListItem","position":1,"name":"Home","item":"https:\/\/tajkertesz.com\/"},{"@type":"ListItem","position":2,"name":"Kezd\u0151lap","item":"https:\/\/tajkertesz.com\/"},{"@type":"ListItem","position":3,"name":"Strend Pro &#8211; \u00dcltet\u0151 k\u00e9szlet 30 db, 37x23x6 cm"}]},{"@type":"WebSite","@id":"https:\/\/tajkertesz.com\/#website","url":"https:\/\/tajkertesz.com\/","name":"T\u00e1j-Kert\u00e9sz 84 Kft.","description":"Kert\u00e9szeti kis- \u00e9s nagykeresked\u00e9s, D\u00edszn\u00f6v\u00e9ny web\u00e1ruh\u00e1z orsz\u00e1gos h\u00e1zhozsz\u00e1ll\u00edt\u00e1ssal!","publisher":{"@id":"https:\/\/tajkertesz.com\/#organization"},"potentialAction":[{"@type":"SearchAction","target":{"@type":"EntryPoint","urlTemplate":"https:\/\/tajkertesz.com\/?s={search_term_string}"},"query-input":{"@type":"PropertyValueSpecification","valueRequired":true,"valueName":"search_term_string"}}],"inLanguage":"en-US"},{"@type":"Organization","@id":"https:\/\/tajkertesz.com\/#organization","name":"T\u00e1j-Kert\u00e9sz 84 Kft.","url":"https:\/\/tajkertesz.com\/","logo":{"@type":"ImageObject","inLanguage":"en-US","@id":"https:\/\/tajkertesz.com\/#\/schema\/logo\/image\/","url":"https:\/\/tajkertesz.com\/wp-content\/uploads\/2018\/02\/logo-2-e1518678052539.png","contentUrl":"https:\/\/tajkertesz.com\/wp-content\/uploads\/2018\/02\/logo-2-e1518678052539.png","width":81,"height":140,"caption":"T\u00e1j-Kert\u00e9sz 84 Kft."},"image":{"@id":"https:\/\/tajkertesz.com\/#\/schema\/logo\/image\/"},"sameAs":["https:\/\/www.facebook.com\/Tajkertesz\/"]}]}},"_links":{"self":[{"href":"https:\/\/tajkertesz.com\/en_US\/wp-json\/wp\/v2\/product\/12271","targetHints":{"allow":["GET"]}}],"collection":[{"href":"https:\/\/tajkertesz.com\/en_US\/wp-json\/wp\/v2\/product"}],"about":[{"href":"https:\/\/tajkertesz.com\/en_US\/wp-json\/wp\/v2\/types\/product"}],"wp:featuredmedia":[{"embeddable":true,"href":"https:\/\/tajkertesz.com\/en_US\/wp-json\/wp\/v2\/media\/12272"}],"wp:attachment":[{"href":"https:\/\/tajkertesz.com\/en_US\/wp-json\/wp\/v2\/media?parent=12271"}],"wp:term":[{"taxonomy":"product_brand","embeddable":true,"href":"https:\/\/tajkertesz.com\/en_US\/wp-json\/wp\/v2\/product_brand?post=12271"},{"taxonomy":"product_cat","embeddable":true,"href":"https:\/\/tajkertesz.com\/en_US\/wp-json\/wp\/v2\/product_cat?post=12271"},{"taxonomy":"product_tag","embeddable":true,"href":"https:\/\/tajkertesz.com\/en_US\/wp-json\/wp\/v2\/product_tag?post=12271"}],"curies":[{"name":"wp","href":"https:\/\/api.w.org\/{rel}","templated":true}]}}