{"id":12277,"date":"2022-01-28T10:47:20","date_gmt":"2022-01-28T10:47:20","guid":{"rendered":"https:\/\/tajkertesz.com\/?post_type=product&#038;p=12277"},"modified":"2026-02-16T14:58:23","modified_gmt":"2026-02-16T14:58:23","slug":"mini-melegagy-36-lyukas","status":"publish","type":"product","link":"https:\/\/tajkertesz.com\/en_US\/product\/mini-melegagy-36-lyukas\/","title":{"rendered":"Mini meleg\u00e1gy 36 lyukas ,24-200-2,  54.5x15x13 cm"},"content":{"rendered":"<p>Mini meleg\u00e1gy 36 lyukas , 54.5x15x13 cm<\/p>\n<p>Mini meleg\u00e1gy 36 lyukas , 54.5x15x13 cm<\/p>\n<div class=\"artdet__name-rating d-none d-lg-block\">\n<div class=\"row gutters-5\">\n<div class=\"col\">\n<h2><strong>A Mini meleg\u00e1gy 36 lyukas , 54.5x15x13 cm <\/strong><strong>\u00a0<\/strong>\u00a0lehet\u0151v\u00e9 teszi, hogy a z\u00f6lds\u00e9gek \u00e9s a vir\u00e1gok megfelel\u0151 k\u00f6r\u00fclm\u00e9nyek k\u00f6z\u00f6tt n\u00f6vekedjenek.<\/h2>\n<p>&nbsp;<\/p>\n<p>M\u00e9ret\u00e9n\u00e9l fogva ablakp\u00e1rk\u00e1nyra helyezhet\u0151 , \u00edgy\u00a0 f\u00e9nyes \u00e9s meleg helyet biztos\u00edt a n\u00f6v\u00e9nyeknek. Rendszeres szell\u0151ztet\u00e9s sz\u00fcks\u00e9ges.<\/p>\n<div class=\"artdet__name-rating d-none d-lg-block\">\n<div class=\"row gutters-5\">\n<div class=\"col\">\n<h2 class=\"artdet__name line-clamp--3-12\"><\/h2>\n<\/div>\n<\/div>\n<\/div>\n<div id=\"artdet__short-descrition\" class=\"artdet__short-descripton d-none d-lg-block pt-5 border-block\">\n<div class=\"read-more-container short-desc overflow-hidden my-0 my-md-3 is-processed\">\n<div class=\"read-more-content overflow-hidden text-justify font-s font-md-m\">\u2013 36 lyuk , 4 k\u00fcl\u00f6n\u00e1ll\u00f3 r\u00e9szb\u0151l<br \/>\n\u2013 1 m\u0171anyag fed\u00e9l<br \/>\n\u2013 M\u00e9retek: <strong>54.5x15x13 cm<\/strong><br \/>\n\u2013 Anyag: PS + PET<\/div>\n<\/div>\n<\/div>\n<div id=\"artdet__param-spec\" class=\"artdet__spec-params artdet-block border-block\">\n<div id=\"page_artdet_product_param_spec_41619\" class=\"artdet__spec-param py-2 product_param_type_text\">\n<div class=\"row gutters-10 align-items-center text-left\">\n<div class=\"col-7\"><strong>Amennyiben nagyobb mennyis\u00e9gre lenne sz\u00fcks\u00e9g, vegye fel vel\u00fcnk a kapcsolatot \u00e9s beszerezz\u00fck!<\/strong><\/div>\n<\/div>\n<\/div>\n<\/div>\n<\/div>\n<\/div>\n<\/div>\n<div id=\"artdet__short-descrition\" class=\"artdet__short-descripton d-none d-lg-block pt-5 border-block\">\n<div class=\"read-more-container short-desc overflow-hidden my-0 my-md-3 is-processed\">\n<p><strong>K\u00e9szlet\u00fcnk napi szinten v\u00e1ltozik, ez\u00e9rt a v\u00e1ltoz\u00e1s jog\u00e1t fenntartjuk!<\/strong><\/p>\n<p>&nbsp;<\/p>\n<p><a href=\"https:\/\/tajkertesz.com\/\">https:\/\/tajkertesz.com\/<\/a><\/p>\n<p><a href=\"https:\/\/www.facebook.com\/tajkertesz\/\">https:\/\/www.facebook.com\/tajkertesz\/<\/a><\/p>\n<div id=\"artdet__short-descrition\" class=\"artdet__short-descripton d-none d-lg-block pt-5 border-block\">\n<div class=\"read-more-container short-desc overflow-hidden my-0 my-md-3 is-processed\">\n<h2>MAGVET\u00c9S MELEGBEN<\/h2>\n<p>B\u00e1r kint m\u00e9g mindig fagy, j\u00f3 \u00f6tlet lehet az els\u0151 magvakat m\u00e1r a t\u00e9l v\u00e9g\u00e9n elvetni, hogy ez\u00e1ltal m\u00e9g el\u0151r\u00e9bb hozhassuk a betakar\u00edt\u00e1st, biztos\u00edtva azt, hogy az \u00f6sszes mag elegend\u0151 f\u00e9nyt kapjon. A tr\u00f3pusi \u00e9ghajlatr\u00f3l sz\u00e1rmaz\u00f3 magvak k\u00fcl\u00f6n\u00f6sen ig\u00e9nylik az ilyen jelleg\u0171 gondoskod\u00e1st. A t\u00e9l v\u00e9gi magvet\u00e9st legink\u00e1bb a paradicsom-, padlizs\u00e1n- \u00e9s a beg\u00f3nia magvakkal kell kezdeni. Ne v\u00e1rjunk a jobb id\u0151re, a leveg\u0151 felmeleged\u00e9s\u00e9re!<\/p>\n<p>A magvakat meleg helyis\u00e9gben, egy t\u00f6bb\u00e9-kev\u00e9sb\u00e9 f\u0171t\u00f6tt keltet\u0151be \u00fcltesse el.<\/p>\n<p>Csup\u00e1n csak a magvet\u00e9st kell elkezdeni, ut\u00e1na pedig egy r\u00f6vid ideig kell csak t\u00fcrelemmel lenni, hogy \u00e9lvezhess\u00fck konyhakert\u00fcnk l\u00e1tv\u00e1ny\u00e1t a naps\u00fct\u00e9sben.<\/p>\n<h6><span style=\"color: #ffffff;\">MAGVET\u00c9S MELEGBEN<\/span><\/h6>\n<h6><span style=\"color: #ffffff;\">B\u00e1r kint m\u00e9g mindig fagy, j\u00f3 \u00f6tlet lehet az els\u0151 magvakat m\u00e1r a t\u00e9l v\u00e9g\u00e9n elvetni, hogy ez\u00e1ltal m\u00e9g el\u0151r\u00e9bb hozhassuk a betakar\u00edt\u00e1st, biztos\u00edtva azt, hogy az \u00f6sszes mag elegend\u0151 f\u00e9nyt kapjon. A tr\u00f3pusi \u00e9ghajlatr\u00f3l sz\u00e1rmaz\u00f3 magvak k\u00fcl\u00f6n\u00f6sen ig\u00e9nylik az ilyen jelleg\u0171 gondoskod\u00e1st. A t\u00e9l v\u00e9gi magvet\u00e9st legink\u00e1bb a paradicsom-, padlizs\u00e1n- \u00e9s a beg\u00f3nia magvakkal kell kezdeni. Ne v\u00e1rjunk a jobb id\u0151re, a leveg\u0151 felmeleged\u00e9s\u00e9re!<\/span><\/h6>\n<h6><span style=\"color: #ffffff;\">A magvakat meleg helyis\u00e9gben, egy t\u00f6bb\u00e9-kev\u00e9sb\u00e9 f\u0171t\u00f6tt keltet\u0151be \u00fcltesse el.\u00a0<\/span><\/h6>\n<h6><span style=\"color: #ffffff;\">Csup\u00e1n csak a magvet\u00e9st kell elkezdeni, ut\u00e1na pedig egy r\u00f6vid ideig kell csak t\u00fcrelemmel lenni, hogy \u00e9lvezhess\u00fck konyhakert\u00fcnk l\u00e1tv\u00e1ny\u00e1t a naps\u00fct\u00e9sben.<\/span><\/h6>\n<\/div>\n<\/div>\n<\/div>\n<\/div>","protected":false},"excerpt":{"rendered":"<h2><strong>A Mini meleg\u00e1gy 36 lyukas , 54.5x15x13 cm <\/strong><strong>\u00a0<\/strong>\u00a0lehet\u0151v\u00e9 teszi, hogy a z\u00f6lds\u00e9gek \u00e9s a vir\u00e1gok megfelel\u0151 k\u00f6r\u00fclm\u00e9nyek k\u00f6z\u00f6tt n\u00f6vekedjenek.<\/h2>\n<p>&nbsp;<\/p>\n<p>M\u00e9ret\u00e9n\u00e9l fogva ablakp\u00e1rk\u00e1nyra helyezhet\u0151 , \u00edgy\u00a0 f\u00e9nyes \u00e9s meleg helyet biztos\u00edt a n\u00f6v\u00e9nyeknek. Rendszeres szell\u0151ztet\u00e9s sz\u00fcks\u00e9ges.<\/p>\n<div class=\"artdet__name-rating d-none d-lg-block\">\n<div class=\"row gutters-5\">\n<div class=\"col\">\n<h2 class=\"artdet__name line-clamp--3-12\"><\/h2>\n<\/div>\n<\/div>\n<\/div>\n<div id=\"artdet__short-descrition\" class=\"artdet__short-descripton d-none d-lg-block pt-5 border-block\">\n<div class=\"read-more-container short-desc overflow-hidden my-0 my-md-3 is-processed\">\n<div class=\"read-more-content overflow-hidden text-justify font-s font-md-m\">\u2013 36 lyuk , 4k\u00fcl\u00f6n\u00e1ll\u00f3 r\u00e9szb\u0151l<br \/>\n\u2013 1 m\u0171anyag fed\u00e9l<br \/>\n\u2013 M\u00e9retek: <strong>54.5x15x13 cm<\/strong><br \/>\n\u2013 Anyag: PS + PET<\/div>\n<\/div>\n<\/div>","protected":false},"featured_media":12278,"template":"","meta":{"_et_pb_use_builder":"","_et_pb_old_content":"","_et_gb_content_width":""},"product_brand":[],"product_cat":[3652],"product_tag":[3654,3640,3653],"class_list":{"0":"post-12277","1":"product","2":"type-product","3":"status-publish","4":"has-post-thumbnail","6":"product_cat-magvetes-palantazas","7":"product_tag-54-5x15x13-cm","8":"product_tag-mini-melegagy","9":"product_tag-mini-melegagy-36-lyukas","11":"first","12":"outofstock","13":"shipping-taxable","14":"product-type-simple"},"yoast_head":"<!-- This site is optimized with the Yoast SEO plugin v27.4 - https:\/\/yoast.com\/product\/yoast-seo-wordpress\/ -->\n<title>Mini meleg\u00e1gy 36 lyukas ,24-200-2, 54.5x15x13 cm - T\u00e1jkert\u00e9sz<\/title>\n<meta name=\"description\" content=\"A Mini meleg\u00e1gy 36 lyukas , 54.5x15x13 cm \u00a0\u00a0lehet\u0151v\u00e9 teszi, hogy a z\u00f6lds\u00e9gek \u00e9s a vir\u00e1gok megfelel\u0151 k\u00f6r\u00fclm\u00e9nyek k\u00f6z\u00f6tt n\u00f6vekedjenek.\" \/>\n<meta name=\"robots\" content=\"index, follow, max-snippet:-1, max-image-preview:large, max-video-preview:-1\" \/>\n<link rel=\"canonical\" href=\"https:\/\/tajkertesz.com\/en_US\/product\/mini-melegagy-36-lyukas\/\" \/>\n<meta property=\"og:locale\" content=\"en_US\" \/>\n<meta property=\"og:type\" content=\"article\" \/>\n<meta property=\"og:title\" content=\"Mini meleg\u00e1gy 36 lyukas ,24-200-2, 54.5x15x13 cm - T\u00e1jkert\u00e9sz\" \/>\n<meta property=\"og:description\" content=\"A Mini meleg\u00e1gy 36 lyukas , 54.5x15x13 cm \u00a0\u00a0lehet\u0151v\u00e9 teszi, hogy a z\u00f6lds\u00e9gek \u00e9s a vir\u00e1gok megfelel\u0151 k\u00f6r\u00fclm\u00e9nyek k\u00f6z\u00f6tt n\u00f6vekedjenek.\" \/>\n<meta property=\"og:url\" content=\"https:\/\/tajkertesz.com\/en_US\/product\/mini-melegagy-36-lyukas\/\" \/>\n<meta property=\"og:site_name\" content=\"T\u00e1jkert\u00e9sz\" \/>\n<meta property=\"article:publisher\" content=\"https:\/\/www.facebook.com\/Tajkertesz\/\" \/>\n<meta property=\"article:modified_time\" content=\"2026-02-16T14:58:23+00:00\" \/>\n<meta property=\"og:image\" content=\"https:\/\/tajkertesz.com\/wp-content\/uploads\/2022\/01\/Mini-melegagy-36-lyukas.jpg\" \/>\n\t<meta property=\"og:image:width\" content=\"704\" \/>\n\t<meta property=\"og:image:height\" content=\"225\" \/>\n\t<meta property=\"og:image:type\" content=\"image\/jpeg\" \/>\n<meta name=\"twitter:card\" content=\"summary_large_image\" \/>\n<meta name=\"twitter:label1\" content=\"Est. reading time\" \/>\n\t<meta name=\"twitter:data1\" content=\"2 minutes\" \/>\n<script type=\"application\/ld+json\" class=\"yoast-schema-graph\">{\"@context\":\"https:\\\/\\\/schema.org\",\"@graph\":[{\"@type\":\"WebPage\",\"@id\":\"https:\\\/\\\/tajkertesz.com\\\/termek\\\/mini-melegagy-36-lyukas\\\/\",\"url\":\"https:\\\/\\\/tajkertesz.com\\\/termek\\\/mini-melegagy-36-lyukas\\\/\",\"name\":\"Mini meleg\u00e1gy 36 lyukas ,24-200-2, 54.5x15x13 cm - T\u00e1jkert\u00e9sz\",\"isPartOf\":{\"@id\":\"https:\\\/\\\/tajkertesz.com\\\/#website\"},\"primaryImageOfPage\":{\"@id\":\"https:\\\/\\\/tajkertesz.com\\\/termek\\\/mini-melegagy-36-lyukas\\\/#primaryimage\"},\"image\":{\"@id\":\"https:\\\/\\\/tajkertesz.com\\\/termek\\\/mini-melegagy-36-lyukas\\\/#primaryimage\"},\"thumbnailUrl\":\"https:\\\/\\\/tajkertesz.com\\\/wp-content\\\/uploads\\\/2022\\\/01\\\/Mini-melegagy-36-lyukas.jpg\",\"datePublished\":\"2022-01-28T10:47:20+00:00\",\"dateModified\":\"2026-02-16T14:58:23+00:00\",\"description\":\"A Mini meleg\u00e1gy 36 lyukas , 54.5x15x13 cm \u00a0\u00a0lehet\u0151v\u00e9 teszi, hogy a z\u00f6lds\u00e9gek \u00e9s a vir\u00e1gok megfelel\u0151 k\u00f6r\u00fclm\u00e9nyek k\u00f6z\u00f6tt n\u00f6vekedjenek.\",\"breadcrumb\":{\"@id\":\"https:\\\/\\\/tajkertesz.com\\\/termek\\\/mini-melegagy-36-lyukas\\\/#breadcrumb\"},\"inLanguage\":\"en-US\",\"potentialAction\":[{\"@type\":\"ReadAction\",\"target\":[\"https:\\\/\\\/tajkertesz.com\\\/termek\\\/mini-melegagy-36-lyukas\\\/\"]}]},{\"@type\":\"ImageObject\",\"inLanguage\":\"en-US\",\"@id\":\"https:\\\/\\\/tajkertesz.com\\\/termek\\\/mini-melegagy-36-lyukas\\\/#primaryimage\",\"url\":\"https:\\\/\\\/tajkertesz.com\\\/wp-content\\\/uploads\\\/2022\\\/01\\\/Mini-melegagy-36-lyukas.jpg\",\"contentUrl\":\"https:\\\/\\\/tajkertesz.com\\\/wp-content\\\/uploads\\\/2022\\\/01\\\/Mini-melegagy-36-lyukas.jpg\",\"width\":704,\"height\":225},{\"@type\":\"BreadcrumbList\",\"@id\":\"https:\\\/\\\/tajkertesz.com\\\/termek\\\/mini-melegagy-36-lyukas\\\/#breadcrumb\",\"itemListElement\":[{\"@type\":\"ListItem\",\"position\":1,\"name\":\"Home\",\"item\":\"https:\\\/\\\/tajkertesz.com\\\/\"},{\"@type\":\"ListItem\",\"position\":2,\"name\":\"Kezd\u0151lap\",\"item\":\"https:\\\/\\\/tajkertesz.com\\\/\"},{\"@type\":\"ListItem\",\"position\":3,\"name\":\"Mini meleg\u00e1gy 36 lyukas ,24-200-2, 54.5x15x13 cm\"}]},{\"@type\":\"WebSite\",\"@id\":\"https:\\\/\\\/tajkertesz.com\\\/#website\",\"url\":\"https:\\\/\\\/tajkertesz.com\\\/\",\"name\":\"T\u00e1j-Kert\u00e9sz 84 Kft.\",\"description\":\"Kert\u00e9szeti kis- \u00e9s nagykeresked\u00e9s, D\u00edszn\u00f6v\u00e9ny web\u00e1ruh\u00e1z orsz\u00e1gos h\u00e1zhozsz\u00e1ll\u00edt\u00e1ssal!\",\"publisher\":{\"@id\":\"https:\\\/\\\/tajkertesz.com\\\/#organization\"},\"potentialAction\":[{\"@type\":\"SearchAction\",\"target\":{\"@type\":\"EntryPoint\",\"urlTemplate\":\"https:\\\/\\\/tajkertesz.com\\\/?s={search_term_string}\"},\"query-input\":{\"@type\":\"PropertyValueSpecification\",\"valueRequired\":true,\"valueName\":\"search_term_string\"}}],\"inLanguage\":\"en-US\"},{\"@type\":\"Organization\",\"@id\":\"https:\\\/\\\/tajkertesz.com\\\/#organization\",\"name\":\"T\u00e1j-Kert\u00e9sz 84 Kft.\",\"url\":\"https:\\\/\\\/tajkertesz.com\\\/\",\"logo\":{\"@type\":\"ImageObject\",\"inLanguage\":\"en-US\",\"@id\":\"https:\\\/\\\/tajkertesz.com\\\/#\\\/schema\\\/logo\\\/image\\\/\",\"url\":\"https:\\\/\\\/tajkertesz.com\\\/wp-content\\\/uploads\\\/2018\\\/02\\\/logo-2-e1518678052539.png\",\"contentUrl\":\"https:\\\/\\\/tajkertesz.com\\\/wp-content\\\/uploads\\\/2018\\\/02\\\/logo-2-e1518678052539.png\",\"width\":81,\"height\":140,\"caption\":\"T\u00e1j-Kert\u00e9sz 84 Kft.\"},\"image\":{\"@id\":\"https:\\\/\\\/tajkertesz.com\\\/#\\\/schema\\\/logo\\\/image\\\/\"},\"sameAs\":[\"https:\\\/\\\/www.facebook.com\\\/Tajkertesz\\\/\"]}]}<\/script>\n<!-- \/ Yoast SEO plugin. -->","yoast_head_json":{"title":"Mini meleg\u00e1gy 36 lyukas ,24-200-2, 54.5x15x13 cm - T\u00e1jkert\u00e9sz","description":"A Mini meleg\u00e1gy 36 lyukas , 54.5x15x13 cm \u00a0\u00a0lehet\u0151v\u00e9 teszi, hogy a z\u00f6lds\u00e9gek \u00e9s a vir\u00e1gok megfelel\u0151 k\u00f6r\u00fclm\u00e9nyek k\u00f6z\u00f6tt n\u00f6vekedjenek.","robots":{"index":"index","follow":"follow","max-snippet":"max-snippet:-1","max-image-preview":"max-image-preview:large","max-video-preview":"max-video-preview:-1"},"canonical":"https:\/\/tajkertesz.com\/en_US\/product\/mini-melegagy-36-lyukas\/","og_locale":"en_US","og_type":"article","og_title":"Mini meleg\u00e1gy 36 lyukas ,24-200-2, 54.5x15x13 cm - T\u00e1jkert\u00e9sz","og_description":"A Mini meleg\u00e1gy 36 lyukas , 54.5x15x13 cm \u00a0\u00a0lehet\u0151v\u00e9 teszi, hogy a z\u00f6lds\u00e9gek \u00e9s a vir\u00e1gok megfelel\u0151 k\u00f6r\u00fclm\u00e9nyek k\u00f6z\u00f6tt n\u00f6vekedjenek.","og_url":"https:\/\/tajkertesz.com\/en_US\/product\/mini-melegagy-36-lyukas\/","og_site_name":"T\u00e1jkert\u00e9sz","article_publisher":"https:\/\/www.facebook.com\/Tajkertesz\/","article_modified_time":"2026-02-16T14:58:23+00:00","og_image":[{"width":704,"height":225,"url":"https:\/\/tajkertesz.com\/wp-content\/uploads\/2022\/01\/Mini-melegagy-36-lyukas.jpg","type":"image\/jpeg"}],"twitter_card":"summary_large_image","twitter_misc":{"Est. reading time":"2 minutes"},"schema":{"@context":"https:\/\/schema.org","@graph":[{"@type":"WebPage","@id":"https:\/\/tajkertesz.com\/termek\/mini-melegagy-36-lyukas\/","url":"https:\/\/tajkertesz.com\/termek\/mini-melegagy-36-lyukas\/","name":"Mini meleg\u00e1gy 36 lyukas ,24-200-2, 54.5x15x13 cm - T\u00e1jkert\u00e9sz","isPartOf":{"@id":"https:\/\/tajkertesz.com\/#website"},"primaryImageOfPage":{"@id":"https:\/\/tajkertesz.com\/termek\/mini-melegagy-36-lyukas\/#primaryimage"},"image":{"@id":"https:\/\/tajkertesz.com\/termek\/mini-melegagy-36-lyukas\/#primaryimage"},"thumbnailUrl":"https:\/\/tajkertesz.com\/wp-content\/uploads\/2022\/01\/Mini-melegagy-36-lyukas.jpg","datePublished":"2022-01-28T10:47:20+00:00","dateModified":"2026-02-16T14:58:23+00:00","description":"A Mini meleg\u00e1gy 36 lyukas , 54.5x15x13 cm \u00a0\u00a0lehet\u0151v\u00e9 teszi, hogy a z\u00f6lds\u00e9gek \u00e9s a vir\u00e1gok megfelel\u0151 k\u00f6r\u00fclm\u00e9nyek k\u00f6z\u00f6tt n\u00f6vekedjenek.","breadcrumb":{"@id":"https:\/\/tajkertesz.com\/termek\/mini-melegagy-36-lyukas\/#breadcrumb"},"inLanguage":"en-US","potentialAction":[{"@type":"ReadAction","target":["https:\/\/tajkertesz.com\/termek\/mini-melegagy-36-lyukas\/"]}]},{"@type":"ImageObject","inLanguage":"en-US","@id":"https:\/\/tajkertesz.com\/termek\/mini-melegagy-36-lyukas\/#primaryimage","url":"https:\/\/tajkertesz.com\/wp-content\/uploads\/2022\/01\/Mini-melegagy-36-lyukas.jpg","contentUrl":"https:\/\/tajkertesz.com\/wp-content\/uploads\/2022\/01\/Mini-melegagy-36-lyukas.jpg","width":704,"height":225},{"@type":"BreadcrumbList","@id":"https:\/\/tajkertesz.com\/termek\/mini-melegagy-36-lyukas\/#breadcrumb","itemListElement":[{"@type":"ListItem","position":1,"name":"Home","item":"https:\/\/tajkertesz.com\/"},{"@type":"ListItem","position":2,"name":"Kezd\u0151lap","item":"https:\/\/tajkertesz.com\/"},{"@type":"ListItem","position":3,"name":"Mini meleg\u00e1gy 36 lyukas ,24-200-2, 54.5x15x13 cm"}]},{"@type":"WebSite","@id":"https:\/\/tajkertesz.com\/#website","url":"https:\/\/tajkertesz.com\/","name":"T\u00e1j-Kert\u00e9sz 84 Kft.","description":"Kert\u00e9szeti kis- \u00e9s nagykeresked\u00e9s, D\u00edszn\u00f6v\u00e9ny web\u00e1ruh\u00e1z orsz\u00e1gos h\u00e1zhozsz\u00e1ll\u00edt\u00e1ssal!","publisher":{"@id":"https:\/\/tajkertesz.com\/#organization"},"potentialAction":[{"@type":"SearchAction","target":{"@type":"EntryPoint","urlTemplate":"https:\/\/tajkertesz.com\/?s={search_term_string}"},"query-input":{"@type":"PropertyValueSpecification","valueRequired":true,"valueName":"search_term_string"}}],"inLanguage":"en-US"},{"@type":"Organization","@id":"https:\/\/tajkertesz.com\/#organization","name":"T\u00e1j-Kert\u00e9sz 84 Kft.","url":"https:\/\/tajkertesz.com\/","logo":{"@type":"ImageObject","inLanguage":"en-US","@id":"https:\/\/tajkertesz.com\/#\/schema\/logo\/image\/","url":"https:\/\/tajkertesz.com\/wp-content\/uploads\/2018\/02\/logo-2-e1518678052539.png","contentUrl":"https:\/\/tajkertesz.com\/wp-content\/uploads\/2018\/02\/logo-2-e1518678052539.png","width":81,"height":140,"caption":"T\u00e1j-Kert\u00e9sz 84 Kft."},"image":{"@id":"https:\/\/tajkertesz.com\/#\/schema\/logo\/image\/"},"sameAs":["https:\/\/www.facebook.com\/Tajkertesz\/"]}]}},"_links":{"self":[{"href":"https:\/\/tajkertesz.com\/en_US\/wp-json\/wp\/v2\/product\/12277","targetHints":{"allow":["GET"]}}],"collection":[{"href":"https:\/\/tajkertesz.com\/en_US\/wp-json\/wp\/v2\/product"}],"about":[{"href":"https:\/\/tajkertesz.com\/en_US\/wp-json\/wp\/v2\/types\/product"}],"wp:featuredmedia":[{"embeddable":true,"href":"https:\/\/tajkertesz.com\/en_US\/wp-json\/wp\/v2\/media\/12278"}],"wp:attachment":[{"href":"https:\/\/tajkertesz.com\/en_US\/wp-json\/wp\/v2\/media?parent=12277"}],"wp:term":[{"taxonomy":"product_brand","embeddable":true,"href":"https:\/\/tajkertesz.com\/en_US\/wp-json\/wp\/v2\/product_brand?post=12277"},{"taxonomy":"product_cat","embeddable":true,"href":"https:\/\/tajkertesz.com\/en_US\/wp-json\/wp\/v2\/product_cat?post=12277"},{"taxonomy":"product_tag","embeddable":true,"href":"https:\/\/tajkertesz.com\/en_US\/wp-json\/wp\/v2\/product_tag?post=12277"}],"curies":[{"name":"wp","href":"https:\/\/api.w.org\/{rel}","templated":true}]}}