{"id":12279,"date":"2022-01-28T10:57:40","date_gmt":"2022-01-28T10:57:40","guid":{"rendered":"https:\/\/tajkertesz.com\/?post_type=product&#038;p=12279"},"modified":"2026-02-24T13:28:05","modified_gmt":"2026-02-24T13:28:05","slug":"szaporitolada","status":"publish","type":"product","link":"https:\/\/tajkertesz.com\/en_US\/product\/szaporitolada\/","title":{"rendered":"Szapor\u00edt\u00f3l\u00e1da"},"content":{"rendered":"<p>Szapor\u00edt\u00f3l\u00e1da<\/p>\n<p>Szapor\u00edt\u00f3l\u00e1da: bels\u0151 m\u00e9ret: 27&#215;57 cm<br \/>\nA szapor\u00edt\u00f3l\u00e1d\u00e1t term\u0151k\u00f6zeggel megt\u00f6ltve haszn\u00e1lhatjuk magvet\u00e9sre, vagy kisebb n\u00f6v\u00e9nyi r\u00e9szek dugv\u00e1nyoz\u00e1s\u00e1ra. A l\u00e1da alja lyukasztott, ami lehet\u0151v\u00e9 teszi az t\u00f6bblet \u00f6nt\u00f6z\u0151 v\u00edz t\u00e1voz\u00e1s\u00e1t a l\u00e1d\u00e1b\u00f3l.<br \/>\nA l\u00e1d\u00e1ban a magvet\u00e9ssel szapor\u00edtott n\u00f6v\u00e9nyeket \u00e1ltal\u00e1ban t\u0171zdel\u00e9sig c\u00e9lszer\u0171 nevelni.<br \/>\nA l\u00e1da el\u0151nye, hogy a magvet\u00e9s nem k\u00f6t\u00f6tt helyen t\u00f6rt\u00e9nik, \u00e9s k\u00f6nnyen \u00e1thelyezhet\u0151 egy kedvez\u0151bb adotts\u00e1g\u00fa ter\u00fcletre, ha a sz\u00fcks\u00e9g \u00fagy k\u00edv\u00e1nja.<br \/>\nA l\u00e1da \u00f6nt\u00f6z\u00e9se k\u00f6nnyen megoldhat\u00f3 felsz\u00edvat\u00e1ssal, itat\u00f3t\u00e1lca vagy itat\u00f3l\u00e1da seg\u00edts\u00e9g\u00e9vel.<\/p>\n<p><b>K\u00e9szlet\u00fcnk napi szinten v\u00e1ltozik, ez\u00e9rt k\u00e9rj\u00fck, \u00e9rdekl\u0151dj\u00f6n szem\u00e9lyesen, telefonon vagy email-en.<br \/>\nA v\u00e1ltoztat\u00e1s jog\u00e1t fenntartjuk!\u00a0<\/b><\/p>\n<p><a href=\"https:\/\/tajkertesz.com\/\">https:\/\/tajkertesz.com\/<\/a><\/p>\n<p><a href=\"https:\/\/www.fiskars.com\/\">https:\/\/www.fiskars.com\/<\/a><\/p>\n<h6><span style=\"color: #ffffff;\">Szapor\u00edt\u00f3l\u00e1da: bels\u0151 m\u00e9ret: 27&#215;57 cm<\/span><br \/>\n<span style=\"color: #ffffff;\">A szapor\u00edt\u00f3l\u00e1d\u00e1t term\u0151k\u00f6zeggel megt\u00f6ltve haszn\u00e1lhatjuk magvet\u00e9sre, vagy kisebb n\u00f6v\u00e9nyi r\u00e9szek dugv\u00e1nyoz\u00e1s\u00e1ra. A l\u00e1da alja lyukasztott, ami lehet\u0151v\u00e9 teszi az t\u00f6bblet \u00f6nt\u00f6z\u0151 v\u00edz t\u00e1voz\u00e1s\u00e1t a l\u00e1d\u00e1b\u00f3l.<\/span><br \/>\n<span style=\"color: #ffffff;\">A l\u00e1d\u00e1ban a magvet\u00e9ssel szapor\u00edtott n\u00f6v\u00e9nyeket \u00e1ltal\u00e1ban t\u0171zdel\u00e9sig c\u00e9lszer\u0171 nevelni.<\/span><br \/>\n<span style=\"color: #ffffff;\">A l\u00e1da el\u0151nye, hogy a magvet\u00e9s nem k\u00f6t\u00f6tt helyen t\u00f6rt\u00e9nik, \u00e9s k\u00f6nnyen \u00e1thelyezhet\u0151 egy kedvez\u0151bb adotts\u00e1g\u00fa ter\u00fcletre, ha a sz\u00fcks\u00e9g \u00fagy k\u00edv\u00e1nja.<\/span><br \/>\n<span style=\"color: #ffffff;\">A l\u00e1da \u00f6nt\u00f6z\u00e9se k\u00f6nnyen megoldhat\u00f3 felsz\u00edvat\u00e1ssal, itat\u00f3t\u00e1lca vagy itat\u00f3l\u00e1da seg\u00edts\u00e9g\u00e9vel.<\/span><\/h6>\n<h6><span style=\"color: #ffffff;\"><b>K\u00e9szlet\u00fcnk napi szinten v\u00e1ltozik, ez\u00e9rt k\u00e9rj\u00fck, \u00e9rdekl\u0151dj\u00f6n szem\u00e9lyesen, telefonon vagy email-en.<br \/>\nA v\u00e1ltoztat\u00e1s jog\u00e1t fenntartjuk!\u00a0<\/b><\/span><\/h6>\n<h6><span style=\"color: #ffffff;\">Szapor\u00edt\u00f3l\u00e1da: bels\u0151 m\u00e9ret: 27&#215;57 cm<\/span><br \/>\n<span style=\"color: #ffffff;\">A szapor\u00edt\u00f3l\u00e1d\u00e1t term\u0151k\u00f6zeggel megt\u00f6ltve haszn\u00e1lhatjuk magvet\u00e9sre, vagy kisebb n\u00f6v\u00e9nyi r\u00e9szek dugv\u00e1nyoz\u00e1s\u00e1ra. A l\u00e1da alja lyukasztott, ami lehet\u0151v\u00e9 teszi az t\u00f6bblet \u00f6nt\u00f6z\u0151 v\u00edz t\u00e1voz\u00e1s\u00e1t a l\u00e1d\u00e1b\u00f3l.<\/span><br \/>\n<span style=\"color: #ffffff;\">A l\u00e1d\u00e1ban a magvet\u00e9ssel szapor\u00edtott n\u00f6v\u00e9nyeket \u00e1ltal\u00e1ban t\u0171zdel\u00e9sig c\u00e9lszer\u0171 nevelni.<\/span><br \/>\n<span style=\"color: #ffffff;\">A l\u00e1da el\u0151nye, hogy a magvet\u00e9s nem k\u00f6t\u00f6tt helyen t\u00f6rt\u00e9nik, \u00e9s k\u00f6nnyen \u00e1thelyezhet\u0151 egy kedvez\u0151bb adotts\u00e1g\u00fa ter\u00fcletre, ha a sz\u00fcks\u00e9g \u00fagy k\u00edv\u00e1nja.<\/span><br \/>\n<span style=\"color: #ffffff;\">A l\u00e1da \u00f6nt\u00f6z\u00e9se k\u00f6nnyen megoldhat\u00f3 felsz\u00edvat\u00e1ssal, itat\u00f3t\u00e1lca vagy itat\u00f3l\u00e1da seg\u00edts\u00e9g\u00e9vel.<\/span><\/h6>\n<h6><span style=\"color: #ffffff;\"><b>K\u00e9szlet\u00fcnk napi szinten v\u00e1ltozik, ez\u00e9rt k\u00e9rj\u00fck, \u00e9rdekl\u0151dj\u00f6n szem\u00e9lyesen, telefonon vagy email-en.<br \/>\nA v\u00e1ltoztat\u00e1s jog\u00e1t fenntartjuk!\u00a0<\/b><\/span><\/h6>\n<h6><\/h6>","protected":false},"excerpt":{"rendered":"<p>Szapor\u00edt\u00f3l\u00e1da: bels\u0151 m\u00e9ret: 27&#215;57 cm<br \/>\nA szapor\u00edt\u00f3l\u00e1d\u00e1t term\u0151k\u00f6zeggel megt\u00f6ltve haszn\u00e1lhatjuk magvet\u00e9sre, vagy kisebb n\u00f6v\u00e9nyi r\u00e9szek dugv\u00e1nyoz\u00e1s\u00e1ra. A l\u00e1da alja lyukasztott, ami lehet\u0151v\u00e9 teszi az t\u00f6bblet \u00f6nt\u00f6z\u0151 v\u00edz t\u00e1voz\u00e1s\u00e1t a l\u00e1d\u00e1b\u00f3l.<br \/>\nA l\u00e1d\u00e1ban a magvet\u00e9ssel szapor\u00edtott n\u00f6v\u00e9nyeket \u00e1ltal\u00e1ban t\u0171zdel\u00e9sig c\u00e9lszer\u0171 nevelni.<br \/>\nA l\u00e1da el\u0151nye, hogy a magvet\u00e9s nem k\u00f6t\u00f6tt helyen t\u00f6rt\u00e9nik, \u00e9s k\u00f6nnyen \u00e1thelyezhet\u0151 egy kedvez\u0151bb adotts\u00e1g\u00fa ter\u00fcletre, ha a sz\u00fcks\u00e9g \u00fagy k\u00edv\u00e1nja.<br \/>\nA l\u00e1da \u00f6nt\u00f6z\u00e9se k\u00f6nnyen megoldhat\u00f3 felsz\u00edvat\u00e1ssal, itat\u00f3t\u00e1lca vagy itat\u00f3l\u00e1da seg\u00edts\u00e9g\u00e9vel.<\/p>","protected":false},"featured_media":12280,"template":"","meta":{"_et_pb_use_builder":"","_et_pb_old_content":"","_et_gb_content_width":""},"product_brand":[],"product_cat":[1539,3652],"product_tag":[3655],"class_list":{"0":"post-12279","1":"product","2":"type-product","3":"status-publish","4":"has-post-thumbnail","6":"product_cat-kellekek","7":"product_cat-magvetes-palantazas","8":"product_tag-szaporitolada","10":"first","11":"instock","12":"shipping-taxable","13":"purchasable","14":"product-type-simple"},"yoast_head":"<!-- This site is optimized with the Yoast SEO plugin v27.4 - https:\/\/yoast.com\/product\/yoast-seo-wordpress\/ -->\n<title>Szapor\u00edt\u00f3l\u00e1da - T\u00e1jkert\u00e9sz<\/title>\n<meta name=\"description\" content=\"A szapor\u00edt\u00f3l\u00e1d\u00e1t term\u0151k\u00f6zeggel megt\u00f6ltve haszn\u00e1lhatjuk magvet\u00e9sre, vagy kisebb n\u00f6v\u00e9nyi r\u00e9szek dugv\u00e1nyoz\u00e1s\u00e1ra.\" \/>\n<meta name=\"robots\" content=\"index, follow, max-snippet:-1, max-image-preview:large, max-video-preview:-1\" \/>\n<link rel=\"canonical\" href=\"https:\/\/tajkertesz.com\/en_US\/product\/szaporitolada\/\" \/>\n<meta property=\"og:locale\" content=\"en_US\" \/>\n<meta property=\"og:type\" content=\"article\" \/>\n<meta property=\"og:title\" content=\"Szapor\u00edt\u00f3l\u00e1da - T\u00e1jkert\u00e9sz\" \/>\n<meta property=\"og:description\" content=\"A szapor\u00edt\u00f3l\u00e1d\u00e1t term\u0151k\u00f6zeggel megt\u00f6ltve haszn\u00e1lhatjuk magvet\u00e9sre, vagy kisebb n\u00f6v\u00e9nyi r\u00e9szek dugv\u00e1nyoz\u00e1s\u00e1ra.\" \/>\n<meta property=\"og:url\" content=\"https:\/\/tajkertesz.com\/en_US\/product\/szaporitolada\/\" \/>\n<meta property=\"og:site_name\" content=\"T\u00e1jkert\u00e9sz\" \/>\n<meta property=\"article:publisher\" content=\"https:\/\/www.facebook.com\/Tajkertesz\/\" \/>\n<meta property=\"article:modified_time\" content=\"2026-02-24T13:28:05+00:00\" \/>\n<meta property=\"og:image\" content=\"https:\/\/tajkertesz.com\/wp-content\/uploads\/2022\/01\/Szaporito-lada.png\" \/>\n\t<meta property=\"og:image:width\" content=\"418\" \/>\n\t<meta property=\"og:image:height\" content=\"451\" \/>\n\t<meta property=\"og:image:type\" content=\"image\/png\" \/>\n<meta name=\"twitter:card\" content=\"summary_large_image\" \/>\n<meta name=\"twitter:label1\" content=\"Est. reading time\" \/>\n\t<meta name=\"twitter:data1\" content=\"2 minutes\" \/>\n<script type=\"application\/ld+json\" class=\"yoast-schema-graph\">{\"@context\":\"https:\\\/\\\/schema.org\",\"@graph\":[{\"@type\":\"WebPage\",\"@id\":\"https:\\\/\\\/tajkertesz.com\\\/termek\\\/szaporitolada\\\/\",\"url\":\"https:\\\/\\\/tajkertesz.com\\\/termek\\\/szaporitolada\\\/\",\"name\":\"Szapor\u00edt\u00f3l\u00e1da - T\u00e1jkert\u00e9sz\",\"isPartOf\":{\"@id\":\"https:\\\/\\\/tajkertesz.com\\\/#website\"},\"primaryImageOfPage\":{\"@id\":\"https:\\\/\\\/tajkertesz.com\\\/termek\\\/szaporitolada\\\/#primaryimage\"},\"image\":{\"@id\":\"https:\\\/\\\/tajkertesz.com\\\/termek\\\/szaporitolada\\\/#primaryimage\"},\"thumbnailUrl\":\"https:\\\/\\\/tajkertesz.com\\\/wp-content\\\/uploads\\\/2022\\\/01\\\/Szaporito-lada.png\",\"datePublished\":\"2022-01-28T10:57:40+00:00\",\"dateModified\":\"2026-02-24T13:28:05+00:00\",\"description\":\"A szapor\u00edt\u00f3l\u00e1d\u00e1t term\u0151k\u00f6zeggel megt\u00f6ltve haszn\u00e1lhatjuk magvet\u00e9sre, vagy kisebb n\u00f6v\u00e9nyi r\u00e9szek dugv\u00e1nyoz\u00e1s\u00e1ra.\",\"breadcrumb\":{\"@id\":\"https:\\\/\\\/tajkertesz.com\\\/termek\\\/szaporitolada\\\/#breadcrumb\"},\"inLanguage\":\"en-US\",\"potentialAction\":[{\"@type\":\"ReadAction\",\"target\":[\"https:\\\/\\\/tajkertesz.com\\\/termek\\\/szaporitolada\\\/\"]}]},{\"@type\":\"ImageObject\",\"inLanguage\":\"en-US\",\"@id\":\"https:\\\/\\\/tajkertesz.com\\\/termek\\\/szaporitolada\\\/#primaryimage\",\"url\":\"https:\\\/\\\/tajkertesz.com\\\/wp-content\\\/uploads\\\/2022\\\/01\\\/Szaporito-lada.png\",\"contentUrl\":\"https:\\\/\\\/tajkertesz.com\\\/wp-content\\\/uploads\\\/2022\\\/01\\\/Szaporito-lada.png\",\"width\":418,\"height\":451},{\"@type\":\"BreadcrumbList\",\"@id\":\"https:\\\/\\\/tajkertesz.com\\\/termek\\\/szaporitolada\\\/#breadcrumb\",\"itemListElement\":[{\"@type\":\"ListItem\",\"position\":1,\"name\":\"Home\",\"item\":\"https:\\\/\\\/tajkertesz.com\\\/\"},{\"@type\":\"ListItem\",\"position\":2,\"name\":\"Kezd\u0151lap\",\"item\":\"https:\\\/\\\/tajkertesz.com\\\/\"},{\"@type\":\"ListItem\",\"position\":3,\"name\":\"Szapor\u00edt\u00f3l\u00e1da\"}]},{\"@type\":\"WebSite\",\"@id\":\"https:\\\/\\\/tajkertesz.com\\\/#website\",\"url\":\"https:\\\/\\\/tajkertesz.com\\\/\",\"name\":\"T\u00e1j-Kert\u00e9sz 84 Kft.\",\"description\":\"Kert\u00e9szeti kis- \u00e9s nagykeresked\u00e9s, D\u00edszn\u00f6v\u00e9ny web\u00e1ruh\u00e1z orsz\u00e1gos h\u00e1zhozsz\u00e1ll\u00edt\u00e1ssal!\",\"publisher\":{\"@id\":\"https:\\\/\\\/tajkertesz.com\\\/#organization\"},\"potentialAction\":[{\"@type\":\"SearchAction\",\"target\":{\"@type\":\"EntryPoint\",\"urlTemplate\":\"https:\\\/\\\/tajkertesz.com\\\/?s={search_term_string}\"},\"query-input\":{\"@type\":\"PropertyValueSpecification\",\"valueRequired\":true,\"valueName\":\"search_term_string\"}}],\"inLanguage\":\"en-US\"},{\"@type\":\"Organization\",\"@id\":\"https:\\\/\\\/tajkertesz.com\\\/#organization\",\"name\":\"T\u00e1j-Kert\u00e9sz 84 Kft.\",\"url\":\"https:\\\/\\\/tajkertesz.com\\\/\",\"logo\":{\"@type\":\"ImageObject\",\"inLanguage\":\"en-US\",\"@id\":\"https:\\\/\\\/tajkertesz.com\\\/#\\\/schema\\\/logo\\\/image\\\/\",\"url\":\"https:\\\/\\\/tajkertesz.com\\\/wp-content\\\/uploads\\\/2018\\\/02\\\/logo-2-e1518678052539.png\",\"contentUrl\":\"https:\\\/\\\/tajkertesz.com\\\/wp-content\\\/uploads\\\/2018\\\/02\\\/logo-2-e1518678052539.png\",\"width\":81,\"height\":140,\"caption\":\"T\u00e1j-Kert\u00e9sz 84 Kft.\"},\"image\":{\"@id\":\"https:\\\/\\\/tajkertesz.com\\\/#\\\/schema\\\/logo\\\/image\\\/\"},\"sameAs\":[\"https:\\\/\\\/www.facebook.com\\\/Tajkertesz\\\/\"]}]}<\/script>\n<!-- \/ Yoast SEO plugin. -->","yoast_head_json":{"title":"Szapor\u00edt\u00f3l\u00e1da - T\u00e1jkert\u00e9sz","description":"A szapor\u00edt\u00f3l\u00e1d\u00e1t term\u0151k\u00f6zeggel megt\u00f6ltve haszn\u00e1lhatjuk magvet\u00e9sre, vagy kisebb n\u00f6v\u00e9nyi r\u00e9szek dugv\u00e1nyoz\u00e1s\u00e1ra.","robots":{"index":"index","follow":"follow","max-snippet":"max-snippet:-1","max-image-preview":"max-image-preview:large","max-video-preview":"max-video-preview:-1"},"canonical":"https:\/\/tajkertesz.com\/en_US\/product\/szaporitolada\/","og_locale":"en_US","og_type":"article","og_title":"Szapor\u00edt\u00f3l\u00e1da - T\u00e1jkert\u00e9sz","og_description":"A szapor\u00edt\u00f3l\u00e1d\u00e1t term\u0151k\u00f6zeggel megt\u00f6ltve haszn\u00e1lhatjuk magvet\u00e9sre, vagy kisebb n\u00f6v\u00e9nyi r\u00e9szek dugv\u00e1nyoz\u00e1s\u00e1ra.","og_url":"https:\/\/tajkertesz.com\/en_US\/product\/szaporitolada\/","og_site_name":"T\u00e1jkert\u00e9sz","article_publisher":"https:\/\/www.facebook.com\/Tajkertesz\/","article_modified_time":"2026-02-24T13:28:05+00:00","og_image":[{"width":418,"height":451,"url":"https:\/\/tajkertesz.com\/wp-content\/uploads\/2022\/01\/Szaporito-lada.png","type":"image\/png"}],"twitter_card":"summary_large_image","twitter_misc":{"Est. reading time":"2 minutes"},"schema":{"@context":"https:\/\/schema.org","@graph":[{"@type":"WebPage","@id":"https:\/\/tajkertesz.com\/termek\/szaporitolada\/","url":"https:\/\/tajkertesz.com\/termek\/szaporitolada\/","name":"Szapor\u00edt\u00f3l\u00e1da - T\u00e1jkert\u00e9sz","isPartOf":{"@id":"https:\/\/tajkertesz.com\/#website"},"primaryImageOfPage":{"@id":"https:\/\/tajkertesz.com\/termek\/szaporitolada\/#primaryimage"},"image":{"@id":"https:\/\/tajkertesz.com\/termek\/szaporitolada\/#primaryimage"},"thumbnailUrl":"https:\/\/tajkertesz.com\/wp-content\/uploads\/2022\/01\/Szaporito-lada.png","datePublished":"2022-01-28T10:57:40+00:00","dateModified":"2026-02-24T13:28:05+00:00","description":"A szapor\u00edt\u00f3l\u00e1d\u00e1t term\u0151k\u00f6zeggel megt\u00f6ltve haszn\u00e1lhatjuk magvet\u00e9sre, vagy kisebb n\u00f6v\u00e9nyi r\u00e9szek dugv\u00e1nyoz\u00e1s\u00e1ra.","breadcrumb":{"@id":"https:\/\/tajkertesz.com\/termek\/szaporitolada\/#breadcrumb"},"inLanguage":"en-US","potentialAction":[{"@type":"ReadAction","target":["https:\/\/tajkertesz.com\/termek\/szaporitolada\/"]}]},{"@type":"ImageObject","inLanguage":"en-US","@id":"https:\/\/tajkertesz.com\/termek\/szaporitolada\/#primaryimage","url":"https:\/\/tajkertesz.com\/wp-content\/uploads\/2022\/01\/Szaporito-lada.png","contentUrl":"https:\/\/tajkertesz.com\/wp-content\/uploads\/2022\/01\/Szaporito-lada.png","width":418,"height":451},{"@type":"BreadcrumbList","@id":"https:\/\/tajkertesz.com\/termek\/szaporitolada\/#breadcrumb","itemListElement":[{"@type":"ListItem","position":1,"name":"Home","item":"https:\/\/tajkertesz.com\/"},{"@type":"ListItem","position":2,"name":"Kezd\u0151lap","item":"https:\/\/tajkertesz.com\/"},{"@type":"ListItem","position":3,"name":"Szapor\u00edt\u00f3l\u00e1da"}]},{"@type":"WebSite","@id":"https:\/\/tajkertesz.com\/#website","url":"https:\/\/tajkertesz.com\/","name":"T\u00e1j-Kert\u00e9sz 84 Kft.","description":"Kert\u00e9szeti kis- \u00e9s nagykeresked\u00e9s, D\u00edszn\u00f6v\u00e9ny web\u00e1ruh\u00e1z orsz\u00e1gos h\u00e1zhozsz\u00e1ll\u00edt\u00e1ssal!","publisher":{"@id":"https:\/\/tajkertesz.com\/#organization"},"potentialAction":[{"@type":"SearchAction","target":{"@type":"EntryPoint","urlTemplate":"https:\/\/tajkertesz.com\/?s={search_term_string}"},"query-input":{"@type":"PropertyValueSpecification","valueRequired":true,"valueName":"search_term_string"}}],"inLanguage":"en-US"},{"@type":"Organization","@id":"https:\/\/tajkertesz.com\/#organization","name":"T\u00e1j-Kert\u00e9sz 84 Kft.","url":"https:\/\/tajkertesz.com\/","logo":{"@type":"ImageObject","inLanguage":"en-US","@id":"https:\/\/tajkertesz.com\/#\/schema\/logo\/image\/","url":"https:\/\/tajkertesz.com\/wp-content\/uploads\/2018\/02\/logo-2-e1518678052539.png","contentUrl":"https:\/\/tajkertesz.com\/wp-content\/uploads\/2018\/02\/logo-2-e1518678052539.png","width":81,"height":140,"caption":"T\u00e1j-Kert\u00e9sz 84 Kft."},"image":{"@id":"https:\/\/tajkertesz.com\/#\/schema\/logo\/image\/"},"sameAs":["https:\/\/www.facebook.com\/Tajkertesz\/"]}]}},"_links":{"self":[{"href":"https:\/\/tajkertesz.com\/en_US\/wp-json\/wp\/v2\/product\/12279","targetHints":{"allow":["GET"]}}],"collection":[{"href":"https:\/\/tajkertesz.com\/en_US\/wp-json\/wp\/v2\/product"}],"about":[{"href":"https:\/\/tajkertesz.com\/en_US\/wp-json\/wp\/v2\/types\/product"}],"wp:featuredmedia":[{"embeddable":true,"href":"https:\/\/tajkertesz.com\/en_US\/wp-json\/wp\/v2\/media\/12280"}],"wp:attachment":[{"href":"https:\/\/tajkertesz.com\/en_US\/wp-json\/wp\/v2\/media?parent=12279"}],"wp:term":[{"taxonomy":"product_brand","embeddable":true,"href":"https:\/\/tajkertesz.com\/en_US\/wp-json\/wp\/v2\/product_brand?post=12279"},{"taxonomy":"product_cat","embeddable":true,"href":"https:\/\/tajkertesz.com\/en_US\/wp-json\/wp\/v2\/product_cat?post=12279"},{"taxonomy":"product_tag","embeddable":true,"href":"https:\/\/tajkertesz.com\/en_US\/wp-json\/wp\/v2\/product_tag?post=12279"}],"curies":[{"name":"wp","href":"https:\/\/api.w.org\/{rel}","templated":true}]}}